{"id":8994,"date":"2015-12-02T12:17:55","date_gmt":"2015-12-02T11:17:55","guid":{"rendered":"https:\/\/www.storevan.com\/pl\/products\/"},"modified":"2020-12-11T12:25:54","modified_gmt":"2020-12-11T12:25:54","slug":"produkty","status":"publish","type":"page","link":"https:\/\/www.storevan.com\/pl\/produkty\/","title":{"rendered":"Produkty"},"content":{"rendered":"<h1 class=\"customblackTitleSmall\">Produkty<\/h1>\n<h2>Ok\u0142adziny samochod\u00f3w dostawczych, rega\u0142y oraz wiele innych produkt\u00f3w, s\u0142u\u017c\u0105cych do wyposa\u017cenia mobilnego warsztatu<\/h2>\n<p><img decoding=\"async\" loading=\"lazy\" class=\"alignnone size-full wp-image-65710\" src=\"https:\/\/www.storevan.com\/wp-content\/uploads\/2018\/03\/rivestimenti-e-allestimenti-per-furgoni-storevan.jpg\" alt=\"Produkty i ok\u0142adziny do samochod\u00f3w dostawczych StoreVan\" width=\"1170\" height=\"350\" srcset=\"https:\/\/www.storevan.com\/wp-content\/uploads\/2018\/03\/rivestimenti-e-allestimenti-per-furgoni-storevan.jpg 1170w, https:\/\/www.storevan.com\/wp-content\/uploads\/2018\/03\/rivestimenti-e-allestimenti-per-furgoni-storevan-300x90.jpg 300w, https:\/\/www.storevan.com\/wp-content\/uploads\/2018\/03\/rivestimenti-e-allestimenti-per-furgoni-storevan-768x230.jpg 768w, https:\/\/www.storevan.com\/wp-content\/uploads\/2018\/03\/rivestimenti-e-allestimenti-per-furgoni-storevan-1024x306.jpg 1024w, https:\/\/www.storevan.com\/wp-content\/uploads\/2018\/03\/rivestimenti-e-allestimenti-per-furgoni-storevan-600x179.jpg 600w\" sizes=\"(max-width: 1170px) 100vw, 1170px\" \/><\/p>\n<p>StoreVan wyposa\u017ca wszelkie, r\u00f3\u017cnej wielko\u015bci modele samochod\u00f3w u\u017cytkowych w takie produkty, jak pod\u0142ogi, rega\u0142y, walizki narz\u0119dziowe, uchwyty uniwersalne, rampy za\u0142adunkowe oraz systemy wysuwane, poprawiaj\u0105c jako\u015b\u0107 prac do wykonania w ci\u0105gu dnia w roboczym samochodzie dostawczym. Wyposa\u017cenie profesjonalnego samochodu dostawczego, spe\u0142niaj\u0105ce wymogi przepis\u00f3w prawa w zakresie <strong>bezpiecze\u0144stwa i mocowania \u0142adunku<\/strong>, pozwala chroni\u0107 pojazd, zwi\u0119kszy\u0107 ilo\u015b\u0107 dost\u0119pnego miejsca, uporz\u0105dkowa\u0107 narz\u0119dzia, umocowa\u0107 towary oraz pomie\u015bci\u0107 materia\u0142y robocze i cz\u0119\u015bci zamienne.<\/p>\n<h3>Wyposa\u017c sw\u00f3j mobilny warsztat w:<\/h3>\n<div class=\"demo-sep\" style=\"margin-top: 40px;\"><\/div>\n<div class=\"col-xs-12 col-sm-6 col-md-4 col-lg-4 listLinkBlock\"><a class=\"linkBorder\" title=\"\u015aciany i pod\u0142ogi\" href=\"https:\/\/www.storevan.com\/pl\/produkty\/sciany-podlogi\/\">\u015aciany i pod\u0142ogi<\/a><\/div>\n<div class=\"col-xs-12 col-sm-6 col-md-4 col-lg-4 listLinkBlock\"><a class=\"linkBorder\" title=\"Rampy\" href=\"https:\/\/www.storevan.com\/pl\/produkty\/rampy\/\">Rampy<\/a><\/div>\n<div class=\"col-xs-12 col-sm-6 col-md-4 col-lg-4 listLinkBlock\"><a class=\"linkBorder\" title=\"Sk\u0142adane p\u00f3\u0142ki\" href=\"https:\/\/www.storevan.com\/pl\/produkty\/skladane-polki-do-samochodow-dostawczych\/\">Sk\u0142adane p\u00f3\u0142ki<\/a><\/div>\n<div class=\"col-xs-12 col-sm-6 col-md-4 col-lg-4 listLinkBlock\"><a class=\"linkBorder\" title=\"Systemowa zabudowa \u015bciany grodziowej\" href=\"https:\/\/www.storevan.com\/pl\/produkty\/systemowa-zabudowa-sciany-grodziowej\/\">Systemowa zabudowa \u015bciany grodziowej<\/a><\/div>\n<div class=\"col-xs-12 col-sm-6 col-md-4 col-lg-4 listLinkBlock\"><a class=\"linkBorder\" title=\"Scianka grodziowa\" href=\"https:\/\/www.storevan.com\/pl\/przeksztalcenie-pojazdow-handlowych-dla-kurierow\/\">Scianka grodziowa<\/a><\/div>\n<div class=\"col-xs-12 col-sm-6 col-md-4 col-lg-4 listLinkBlock\"><a class=\"linkBorder\" title=\"Rega\u0142y\" href=\"https:\/\/www.storevan.com\/prodotti\/scaffali-scaffalature-per-furgoni\/\">Rega\u0142y<\/a><\/div>\n<div class=\"col-xs-12 col-sm-6 col-md-4 col-lg-4 listLinkBlock\"><a class=\"linkBorder\" title=\"Pod\u0142oga podwy\u017cszana\" href=\"https:\/\/www.storevan.com\/pl\/produkty\/podloga-podwyzszana\/\">Pod\u0142oga podwy\u017cszana<\/a><\/div>\n<div class=\"col-xs-12 col-sm-6 col-md-4 col-lg-4 listLinkBlock\"><a class=\"linkBorder\" title=\"Baga\u017cniki\" href=\"https:\/\/www.storevan.com\/pl\/produkty\/bagazniki\/\">Baga\u017cniki<\/a><\/div>\n<div class=\"col-xs-12 col-sm-6 col-md-4 col-lg-4 listLinkBlock\"><a class=\"linkBorder\" title=\"Sk\u0142adany st\u00f3\u0142 warsztatowy\" href=\"https:\/\/www.storevan.com\/pl\/produkty\/skladany-stol-warsztatowy\/\">Sk\u0142adany st\u00f3\u0142 warsztatowy<\/a><\/div>\n<div class=\"col-xs-12 col-sm-6 col-md-4 col-lg-4 listLinkBlock\"><a class=\"linkBorder\" title=\"Zabudowa nadkola\" href=\"https:\/\/www.storevan.com\/pl\/produkty\/zabudowa-nadkola\/\">Zabudowa nadkola<\/a><\/div>\n<div class=\"col-xs-12 col-sm-6 col-md-4 col-lg-4 listLinkBlock\"><a class=\"linkBorder\" title=\"Store-Box System\" href=\"https:\/\/www.storevan.com\/pl\/produkty\/store-box-system\/\">Store-Box System<\/a><\/div>\n<div class=\"col-xs-12 col-sm-6 col-md-4 col-lg-4 listLinkBlock\"><a class=\"linkBorder\" title=\"Platformy wysuwane\" href=\"https:\/\/www.storevan.com\/pl\/produkty\/platformy-wysuwane\/\">Platformy wysuwane<\/a><\/div>\n<div class=\"col-xs-12 col-sm-6 col-md-4 col-lg-4 listLinkBlock\"><a class=\"linkBorder\" title=\"P\u00f3\u0142ki do rega\u0142\u00f3w\" href=\"https:\/\/www.storevan.com\/pl\/produkty\/polki-modulowe-do-pojazdow-dostawczych\/\">P\u00f3\u0142ki do rega\u0142\u00f3w<\/a><\/div>\n<div class=\"col-xs-12 col-sm-6 col-md-4 col-lg-4 listLinkBlock\"><a class=\"linkBorder\" title=\"Pojemniki samochod\u00f3w dostawczych\" href=\"https:\/\/www.storevan.com\/pl\/produkty\/pojemniki-samochodow-dostawczych\/\">Pojemniki samochod\u00f3w dostawczych<\/a><\/div>\n<div class=\"col-xs-12 col-sm-6 col-md-4 col-lg-4 listLinkBlock\"><a class=\"linkBorder\" title=\"Uchwyt na w\u0119\u017ce\" href=\"https:\/\/www.storevan.com\/pl\/uchwyt-na-weze\/\">Uchwyt na w\u0119\u017ce<\/a><\/div>\n<div class=\"col-xs-12 col-sm-6 col-md-4 col-lg-4 listLinkBlock\"><a class=\"linkBorder\" title=\"Zabezpieczenie \u0142adunku\" href=\"https:\/\/www.storevan.com\/pl\/produkty\/zabezpieczenie-ladunku\/\">Zabezpieczenie \u0142adunku<\/a><\/div>\n<div class=\"col-xs-12 col-sm-6 col-md-4 col-lg-4 listLinkBlock\"><a class=\"linkBorder\" title=\"Akcesoria\" href=\"https:\/\/www.storevan.com\/pl\/produkty\/zabudowy-samochodowe-akcesoria\/\">Akcesoria<\/a><\/div>\n<div class=\"break\"><\/div>\n<div class=\"demo-sep\" style=\"margin-top: 40px;\"><\/div>\n<p><a href=\"https:\/\/www.storevan.com\/pl\/wyposazenia-wewnetrzne-do-samochodow-dostawczych\/\" title=\"Wyposa\u017cenia wewn\u0119trzne do samochod\u00f3w dostawczych\">Odpowiednie ok\u0142adziny wewn\u0119trzne nadwozia<\/a>, chroni\u0105ce oryginalne blachy pojazdu. Konstrukcja nadwozia odebranego z salonu pojazdu wymaga wzmocnienia, aby zapewni\u0107 d\u0142ug\u0105 i bezawaryjn\u0105 eksploatacj\u0119. Pod\u0142ogi i panele zapewniaj\u0105 ochron\u0119 komory \u0142adunkowej przed zu\u017cyciem, korozj\u0105 i przypadkowym uszkodzeniem.<\/p>\n<p>Rega\u0142y modu\u0142owe do warsztat\u00f3w mobilnych to nasza odpowied\u017a na chaos i ba\u0142agan. Systemy zapewniaj\u0105 mo\u017cliwo\u015b\u0107 szybkiego i bezpiecznego sk\u0142adowania narz\u0119dzi i sprz\u0119tu w przechowywanych na p\u00f3\u0142kach walizkach na drobne elementy, w szafkach szufladowych, na rega\u0142ach i w szafach, wsparcie robocze w postaci sto\u0142\u00f3w warsztatowych oraz szerok\u0105 gam\u0119 akcesori\u00f3w. Umo\u017cliwiaj\u0105 r\u00f3wnie\u017c zarz\u0105dzanie zapasami, kt\u00f3re mo\u017cna \u0142atwo uporz\u0105dkowa\u0107 w wysuwanych pojemnikach i kuwetach z aluminiowymi przegrodami.<\/p>\n<p>Wyposa\u017cenie, kt\u00f3re mo\u017cna dowolnie dopasowywa\u0107, zapewnia r\u00f3\u017cnorodne rozwi\u0105zania w zakresie przewo\u017cenia towar\u00f3w. Gdy przestrze\u0144 \u0142adunkowa w poje\u017adzie nie jest wystarczaj\u0105ca, mo\u017cna pozyska\u0107 dodatkow\u0105 ilo\u015b\u0107 miejsca poprzez wykorzystanie dachu, na kt\u00f3rym mo\u017cna zamontowa\u0107 r\u00f3\u017cne konfiguracje uniwersalnych baga\u017cnik\u00f3w dachowych, uchwyt\u00f3w do rur i drabin.<\/p>\n<p>Po zakupie samochodu dostawczego, inwestowanie w dopasowane na wymiar wyposa\u017cenie stanowi strategi\u0119 kapitalizacji warto\u015bci pod k\u0105tem wizerunku. Klient zadowolony z wykonanej us\u0142ugi, kompetentnej, szybkiej i terminowej, staje si\u0119 wiarygodnym \u017ar\u00f3d\u0142em informacji dla rodziny i znajomych, a przede wszystkim konkurencji, poszukuj\u0105cych kompetentnego profesjonalisty!<\/p>\n","protected":false},"excerpt":{"rendered":"<p>Produkty Ok\u0142adziny samochod\u00f3w dostawczych, rega\u0142y oraz wiele innych produkt\u00f3w, s\u0142u\u017c\u0105cych do wyposa\u017cenia mobilnego warsztatu StoreVan wyposa\u017ca wszelkie, r\u00f3\u017cnej wielko\u015bci modele samochod\u00f3w u\u017cytkowych w takie produkty, jak pod\u0142ogi, rega\u0142y, walizki narz\u0119dziowe,.<\/p>\n","protected":false},"author":470,"featured_media":0,"parent":0,"menu_order":0,"comment_status":"closed","ping_status":"closed","template":"","meta":[],"acf":[],"yoast_head":"<!-- This site is optimized with the Yoast SEO plugin v20.11 - https:\/\/yoast.com\/wordpress\/plugins\/seo\/ -->\n<title>Produkty i ok\u0142adziny do samochod\u00f3w dostawczych<\/title>\n<meta name=\"description\" content=\"Poznaj produkty i ok\u0142adziny do samochod\u00f3w dostawczych, takie jak pod\u0142ogi, rega\u0142y, walizki narz\u0119dziowe, uchwyty uniwersalne i uchwyty na drabiny, rampy za\u0142adunkowe oraz systemy wysuwane, pozwalaj\u0105ce poprawi\u0107 jako\u015b\u0107 pracy w obr\u0119bie samochodu dostawczego.\" \/>\n<meta name=\"robots\" content=\"index, follow, max-snippet:-1, max-image-preview:large, max-video-preview:-1\" \/>\n<link rel=\"canonical\" href=\"https:\/\/www.storevan.com\/pl\/produkty\/\" \/>\n<meta property=\"og:locale\" content=\"pl_PL\" \/>\n<meta property=\"og:type\" content=\"article\" \/>\n<meta property=\"og:title\" content=\"Produkty i ok\u0142adziny do samochod\u00f3w dostawczych\" \/>\n<meta property=\"og:description\" content=\"Poznaj produkty i ok\u0142adziny do samochod\u00f3w dostawczych, takie jak pod\u0142ogi, rega\u0142y, walizki narz\u0119dziowe, uchwyty uniwersalne i uchwyty na drabiny, rampy za\u0142adunkowe oraz systemy wysuwane, pozwalaj\u0105ce poprawi\u0107 jako\u015b\u0107 pracy w obr\u0119bie samochodu dostawczego.\" \/>\n<meta property=\"og:url\" content=\"https:\/\/www.storevan.com\/pl\/produkty\/\" \/>\n<meta property=\"og:site_name\" content=\"Store Van\" \/>\n<meta property=\"article:modified_time\" content=\"2020-12-11T12:25:54+00:00\" \/>\n<meta property=\"og:image\" content=\"https:\/\/www.storevan.com\/wp-content\/uploads\/2018\/03\/rivestimenti-e-allestimenti-per-furgoni-storevan.jpg\" \/>\n<meta name=\"twitter:label1\" content=\"Szacowany czas czytania\" \/>\n\t<meta name=\"twitter:data1\" content=\"2 minuty\" \/>\n<script type=\"application\/ld+json\" class=\"yoast-schema-graph\">{\"@context\":\"https:\/\/schema.org\",\"@graph\":[{\"@type\":\"WebPage\",\"@id\":\"https:\/\/www.storevan.com\/pl\/produkty\/\",\"url\":\"https:\/\/www.storevan.com\/pl\/produkty\/\",\"name\":\"Produkty i ok\u0142adziny do samochod\u00f3w dostawczych\",\"isPartOf\":{\"@id\":\"https:\/\/www.storevan.com\/pl\/#website\"},\"datePublished\":\"2015-12-02T11:17:55+00:00\",\"dateModified\":\"2020-12-11T12:25:54+00:00\",\"description\":\"Poznaj produkty i ok\u0142adziny do samochod\u00f3w dostawczych, takie jak pod\u0142ogi, rega\u0142y, walizki narz\u0119dziowe, uchwyty uniwersalne i uchwyty na drabiny, rampy za\u0142adunkowe oraz systemy wysuwane, pozwalaj\u0105ce poprawi\u0107 jako\u015b\u0107 pracy w obr\u0119bie samochodu dostawczego.\",\"breadcrumb\":{\"@id\":\"https:\/\/www.storevan.com\/pl\/produkty\/#breadcrumb\"},\"inLanguage\":\"pl-PL\",\"potentialAction\":[{\"@type\":\"ReadAction\",\"target\":[\"https:\/\/www.storevan.com\/pl\/produkty\/\"]}]},{\"@type\":\"BreadcrumbList\",\"@id\":\"https:\/\/www.storevan.com\/pl\/produkty\/#breadcrumb\",\"itemListElement\":[{\"@type\":\"ListItem\",\"position\":1,\"name\":\"Home\",\"item\":\"https:\/\/www.storevan.com\/pl\/\"},{\"@type\":\"ListItem\",\"position\":2,\"name\":\"Produkty\"}]},{\"@type\":\"WebSite\",\"@id\":\"https:\/\/www.storevan.com\/pl\/#website\",\"url\":\"https:\/\/www.storevan.com\/pl\/\",\"name\":\"Store Van\",\"description\":\"Zabudowy\",\"potentialAction\":[{\"@type\":\"SearchAction\",\"target\":{\"@type\":\"EntryPoint\",\"urlTemplate\":\"https:\/\/www.storevan.com\/pl\/?s={search_term_string}\"},\"query-input\":\"required name=search_term_string\"}],\"inLanguage\":\"pl-PL\"}]}<\/script>\n<!-- \/ Yoast SEO plugin. -->","yoast_head_json":{"title":"Produkty i ok\u0142adziny do samochod\u00f3w dostawczych","description":"Poznaj produkty i ok\u0142adziny do samochod\u00f3w dostawczych, takie jak pod\u0142ogi, rega\u0142y, walizki narz\u0119dziowe, uchwyty uniwersalne i uchwyty na drabiny, rampy za\u0142adunkowe oraz systemy wysuwane, pozwalaj\u0105ce poprawi\u0107 jako\u015b\u0107 pracy w obr\u0119bie samochodu dostawczego.","robots":{"index":"index","follow":"follow","max-snippet":"max-snippet:-1","max-image-preview":"max-image-preview:large","max-video-preview":"max-video-preview:-1"},"canonical":"https:\/\/www.storevan.com\/pl\/produkty\/","og_locale":"pl_PL","og_type":"article","og_title":"Produkty i ok\u0142adziny do samochod\u00f3w dostawczych","og_description":"Poznaj produkty i ok\u0142adziny do samochod\u00f3w dostawczych, takie jak pod\u0142ogi, rega\u0142y, walizki narz\u0119dziowe, uchwyty uniwersalne i uchwyty na drabiny, rampy za\u0142adunkowe oraz systemy wysuwane, pozwalaj\u0105ce poprawi\u0107 jako\u015b\u0107 pracy w obr\u0119bie samochodu dostawczego.","og_url":"https:\/\/www.storevan.com\/pl\/produkty\/","og_site_name":"Store Van","article_modified_time":"2020-12-11T12:25:54+00:00","og_image":[{"url":"https:\/\/www.storevan.com\/wp-content\/uploads\/2018\/03\/rivestimenti-e-allestimenti-per-furgoni-storevan.jpg"}],"twitter_misc":{"Szacowany czas czytania":"2 minuty"},"schema":{"@context":"https:\/\/schema.org","@graph":[{"@type":"WebPage","@id":"https:\/\/www.storevan.com\/pl\/produkty\/","url":"https:\/\/www.storevan.com\/pl\/produkty\/","name":"Produkty i ok\u0142adziny do samochod\u00f3w dostawczych","isPartOf":{"@id":"https:\/\/www.storevan.com\/pl\/#website"},"datePublished":"2015-12-02T11:17:55+00:00","dateModified":"2020-12-11T12:25:54+00:00","description":"Poznaj produkty i ok\u0142adziny do samochod\u00f3w dostawczych, takie jak pod\u0142ogi, rega\u0142y, walizki narz\u0119dziowe, uchwyty uniwersalne i uchwyty na drabiny, rampy za\u0142adunkowe oraz systemy wysuwane, pozwalaj\u0105ce poprawi\u0107 jako\u015b\u0107 pracy w obr\u0119bie samochodu dostawczego.","breadcrumb":{"@id":"https:\/\/www.storevan.com\/pl\/produkty\/#breadcrumb"},"inLanguage":"pl-PL","potentialAction":[{"@type":"ReadAction","target":["https:\/\/www.storevan.com\/pl\/produkty\/"]}]},{"@type":"BreadcrumbList","@id":"https:\/\/www.storevan.com\/pl\/produkty\/#breadcrumb","itemListElement":[{"@type":"ListItem","position":1,"name":"Home","item":"https:\/\/www.storevan.com\/pl\/"},{"@type":"ListItem","position":2,"name":"Produkty"}]},{"@type":"WebSite","@id":"https:\/\/www.storevan.com\/pl\/#website","url":"https:\/\/www.storevan.com\/pl\/","name":"Store Van","description":"Zabudowy","potentialAction":[{"@type":"SearchAction","target":{"@type":"EntryPoint","urlTemplate":"https:\/\/www.storevan.com\/pl\/?s={search_term_string}"},"query-input":"required name=search_term_string"}],"inLanguage":"pl-PL"}]}},"_links":{"self":[{"href":"https:\/\/www.storevan.com\/pl\/wp-json\/wp\/v2\/pages\/8994"}],"collection":[{"href":"https:\/\/www.storevan.com\/pl\/wp-json\/wp\/v2\/pages"}],"about":[{"href":"https:\/\/www.storevan.com\/pl\/wp-json\/wp\/v2\/types\/page"}],"author":[{"embeddable":true,"href":"https:\/\/www.storevan.com\/pl\/wp-json\/wp\/v2\/users\/470"}],"replies":[{"embeddable":true,"href":"https:\/\/www.storevan.com\/pl\/wp-json\/wp\/v2\/comments?post=8994"}],"version-history":[{"count":6,"href":"https:\/\/www.storevan.com\/pl\/wp-json\/wp\/v2\/pages\/8994\/revisions"}],"predecessor-version":[{"id":122627,"href":"https:\/\/www.storevan.com\/pl\/wp-json\/wp\/v2\/pages\/8994\/revisions\/122627"}],"wp:attachment":[{"href":"https:\/\/www.storevan.com\/pl\/wp-json\/wp\/v2\/media?parent=8994"}],"curies":[{"name":"wp","href":"https:\/\/api.w.org\/{rel}","templated":true}]}}