{"id":8985,"date":"2015-12-02T15:18:01","date_gmt":"2015-12-02T14:18:01","guid":{"rendered":"https:\/\/www.storevan.com\/pl\/horizontal-retractable-system\/"},"modified":"2020-12-18T13:47:39","modified_gmt":"2020-12-18T13:47:39","slug":"platformy-wysuwane","status":"publish","type":"page","link":"https:\/\/www.storevan.com\/pl\/produkty\/platformy-wysuwane\/","title":{"rendered":"Platformy wysuwane &#8211; Take out"},"content":{"rendered":"<h1 class=\"customblackTitleSmall\">Platformy wysuwane<\/h1>\n<h2>Take out<\/h2>\n<hr class=\"noColor\" \/>\n<div class=\"col-xs-12 col-md-6\"><img decoding=\"async\" loading=\"lazy\" title=\"Platformy wysuwane TAKE OUT\" src=\"https:\/\/www.storevan.com\/wp-content\/uploads\/2019\/10\/Sistema-estraibile-Take-out.jpg\" alt=\"Platformy wysuwane TAKE OUT\" width=\"525\" height=\"620\" class=\"aligncenter size-full wp-image-110352\" srcset=\"https:\/\/www.storevan.com\/wp-content\/uploads\/2019\/10\/Sistema-estraibile-Take-out.jpg 525w, https:\/\/www.storevan.com\/wp-content\/uploads\/2019\/10\/Sistema-estraibile-Take-out-254x300.jpg 254w\" sizes=\"(max-width: 525px) 100vw, 525px\" \/><\/div>\n<div class=\"col-xs-12 col-md-6\">\n<hr class=\"visible-xs noColor\" \/>\n<p><strong>Platformy wysuwane<\/strong> u\u0142atwiaj\u0105 dost\u0119p do przewo\u017conych materia\u0142\u00f3w oraz sprawiaj\u0105 \u017ce za\u0142adunek i roz\u0142adunek jest prosty.<\/p>\n<hr class=\"noColor\" \/>\n<ul class=\"listDalia\">\n<li><span class=\"numVan\"><i class=\"fa fa-angle-double-right\"><\/i><\/span> <span class=\"txtBlack\">6 szeroko\u015bci<\/span><\/li>\n<li><span class=\"numVan\"><i class=\"fa fa-angle-double-right\"><\/i><\/span> <span class=\"txtBlack\">3 d\u0142ugo\u015bci<\/span><\/li>\n<li><span class=\"numVan\"><i class=\"fa fa-angle-double-right\"><\/i><\/span> <span class=\"txtBlack\">max. ud\u017awig 300 kg<\/span><\/li>\n<li><span class=\"numVan\"><i class=\"fa fa-angle-double-right\"><\/i><\/span> <span class=\"txtBlack\">max. wysuni\u0119cie 60%<\/span><\/li>\n<li><span class=\"numVan\"><i class=\"fa fa-angle-double-right\"><\/i><\/span> <span class=\"txtBlack\">blokowanie w r\u00f3\u017cnych pozycjach<\/span><\/li>\n<\/ul>\n<hr class=\"noColor\" \/>\nRozsuwany system jest przystosowany do zamocowania modu\u0142\u00f3w oraz wyposa\u017cenia. Prowadnice przesuwaj\u0105 si\u0119 po aluminiowych szynach co u\u0142atwia przemieszczanie urz\u0105dze\u0144.<\/p>\n<p>Je\u015bli w poje\u017adzie stosowane s\u0105 agregaty, spr\u0119\u017carki powietrza i spawarki, samoch\u00f3d nale\u017cy wyposa\u017cy\u0107 w dodatkowy system odprowadzenia spalin. Dzi\u0119ki wysuwanemu systemowi platform StoreVan mo\u017cna korzysta\u0107 z wyposa\u017cenia na zewn\u0105trz pojazdu, bez wiercenia dodatkowych otwor\u00f3w w nadwoziu.<\/p>\n<hr class=\"noColor\" \/>\n<hr \/>\n<div class=\"text-center\"><a class=\"btn btn-download\" title=\"ZADZWO\u0143 TERAZ\" href=\"tel:+39 0424585455\"><i class=\"fa fa-phone\"><\/i> <span class=\"spanBtn\">ZADZWO\u0143 TERAZ<\/span><br \/>\nuzyskasz wszelkie informacje<\/a><\/div>\n<hr class=\"noColor\" \/>\n<div class=\"text-center\"><a class=\"btn btn-download\" title=\"NAPISZ\" href=\"#formcontatto\"><i class=\"fa fa-envelope\"><\/i> <span class=\"spanBtn\">NAPISZ<\/span><br \/>\nskontaktujemy si\u0119<\/a><\/div>\n<hr \/>\n<\/div>\n<div class=\"break\"><\/div>\n<hr class=\"noColor\" \/>\n<h3>3 r\u00f3\u017cne typy: z drewnianym blatem, z drewnianym blatem z gumowan\u0105 os\u0142on\u0105, ze stalowymi poprzeczkami<\/h3>\n<div class=\"ts-gallery\">\n<div class=\"one_third\"><a href=\"https:\/\/www.storevan.com\/wp-content\/uploads\/2019\/10\/takeout-legno-02.jpg\"><img decoding=\"async\" loading=\"lazy\" src=\"https:\/\/www.storevan.com\/wp-content\/uploads\/2019\/10\/ESTRAIBILE_ORIZZONTALE_3.jpg\" alt=\"Platformy wysuwane z drewnianym blatem\" width=\"555\" height=\"230\" class=\"aligncenter size-full wp-image-110322\" srcset=\"https:\/\/www.storevan.com\/wp-content\/uploads\/2019\/10\/ESTRAIBILE_ORIZZONTALE_3.jpg 555w, https:\/\/www.storevan.com\/wp-content\/uploads\/2019\/10\/ESTRAIBILE_ORIZZONTALE_3-300x124.jpg 300w\" sizes=\"(max-width: 555px) 100vw, 555px\" \/><\/a><\/div><div class=\"one_third\"><a href=\"https:\/\/www.storevan.com\/wp-content\/uploads\/2019\/10\/takeout-gomma-02.jpg\"><img decoding=\"async\" loading=\"lazy\" class=\"alignnone size-full wp-image-8987\" src=\"https:\/\/www.storevan.com\/wp-content\/uploads\/2015\/12\/ESTRAIBILE_ORIZZONTALE_1.jpg\" alt=\"Platformy wysuwane z drewnianym blatem z gumowan\u0105 os\u0142on\u0105\" width=\"555\" height=\"230\" srcset=\"https:\/\/www.storevan.com\/wp-content\/uploads\/2015\/12\/ESTRAIBILE_ORIZZONTALE_1.jpg 555w, https:\/\/www.storevan.com\/wp-content\/uploads\/2015\/12\/ESTRAIBILE_ORIZZONTALE_1-300x124.jpg 300w\" sizes=\"(max-width: 555px) 100vw, 555px\" \/><\/a><\/div><div class=\"one_third last\"><a href=\"https:\/\/www.storevan.com\/wp-content\/uploads\/2019\/10\/takeout-traversi-02.jpg\"><img decoding=\"async\" loading=\"lazy\" class=\"alignnone size-full wp-image-8988\" src=\"https:\/\/www.storevan.com\/wp-content\/uploads\/2015\/12\/ESTRAIBILE_ORIZZONTALE_2.jpg\" alt=\"Platformy wysuwane ze stalowymi poprzeczkami\" width=\"555\" height=\"230\" srcset=\"https:\/\/www.storevan.com\/wp-content\/uploads\/2015\/12\/ESTRAIBILE_ORIZZONTALE_2.jpg 555w, https:\/\/www.storevan.com\/wp-content\/uploads\/2015\/12\/ESTRAIBILE_ORIZZONTALE_2-300x124.jpg 300w\" sizes=\"(max-width: 555px) 100vw, 555px\" \/><\/a><\/div><div class=\"clearboth\"><\/div>\n<\/div>\n<hr \/>\n<p><a class=\"destination\" name=\"formcontatto\"><\/a><\/p>\n<h4 class=\"bigTxt text-center txtBkOrange\"><i class=\"fa fa-envelope pull-left\"><\/i> CHCESZ WIEDZIE\u0106 WI\u0118CEJ?<\/h4>\n\n<div class=\"wpcf7 no-js\" id=\"wpcf7-f67676-o1\" lang=\"it-IT\" dir=\"ltr\">\n<div class=\"screen-reader-response\"><p role=\"status\" aria-live=\"polite\" aria-atomic=\"true\"><\/p> <ul><\/ul><\/div>\n<form action=\"\/pl\/wp-json\/wp\/v2\/pages\/8985#wpcf7-f67676-o1\" method=\"post\" class=\"wpcf7-form init\" id=\"form-accessori-pl\" aria-label=\"Modulo di contatto\" novalidate=\"novalidate\" data-status=\"init\">\n<div style=\"display: none;\">\n<input type=\"hidden\" name=\"_wpcf7\" value=\"67676\" \/>\n<input type=\"hidden\" name=\"_wpcf7_version\" value=\"5.7.7\" \/>\n<input type=\"hidden\" name=\"_wpcf7_locale\" value=\"it_IT\" \/>\n<input type=\"hidden\" name=\"_wpcf7_unit_tag\" value=\"wpcf7-f67676-o1\" \/>\n<input type=\"hidden\" name=\"_wpcf7_container_post\" value=\"0\" \/>\n<input type=\"hidden\" name=\"_wpcf7_posted_data_hash\" value=\"\" \/>\n<input type=\"hidden\" name=\"_wpcf7_recaptcha_response\" value=\"\" \/>\n<\/div>\n<span class=\"wpcf7-form-control-wrap url\" data-name=\"url\"><input type=\"hidden\" name=\"url\" size=\"40\" class=\"wpcf7-form-control wpcf7-hidden wpcf7dtx wpcf7dtx-hidden\" aria-invalid=\"false\" value=\"platformy-wysuwane\" autocomplete=\"off\" \/><\/span>\n<p>Wype\u0142nij poni\u017csze pola, aby otrzyma\u0107 wi\u0119cej informacji. Nasz operator skontaktuje si\u0119 z\u00a0tob\u0105 najszybciej, jak to mo\u017cliwe (* pola obowi\u0105zkowe):\n<\/p>\n<div class=\"col-xs-12 col-md-6\">\n\t<p><span class='titoli'>Imi\u0119 (*)<\/span>\n\t<\/p>\n\t<p><span class=\"wpcf7-form-control-wrap\" data-name=\"your-name\"><input size=\"40\" class=\"wpcf7-form-control wpcf7-text wpcf7-validates-as-required form-control\" aria-required=\"true\" aria-invalid=\"false\" value=\"\" type=\"text\" name=\"your-name\" \/><\/span>\n\t<\/p>\n<\/div>\n<div class=\"col-xs-12 col-md-6\">\n\t<p><span class='titoli'>Nazwisko (*)<\/span>\n\t<\/p>\n\t<p><span class=\"wpcf7-form-control-wrap\" data-name=\"your-last-name\"><input size=\"40\" class=\"wpcf7-form-control wpcf7-text wpcf7-validates-as-required form-control\" aria-required=\"true\" aria-invalid=\"false\" value=\"\" type=\"text\" name=\"your-last-name\" \/><\/span>\n\t<\/p>\n<\/div>\n<div class=\"col-xs-12 col-md-6\">\n\t<p><span class='titoli'>Firma (*)<\/span>\n\t<\/p>\n\t<p><span class=\"wpcf7-form-control-wrap\" data-name=\"your-company\"><input size=\"40\" class=\"wpcf7-form-control wpcf7-text wpcf7-validates-as-required form-control\" aria-required=\"true\" aria-invalid=\"false\" value=\"\" type=\"text\" name=\"your-company\" \/><\/span>\n\t<\/p>\n<\/div>\n<div class=\"col-xs-12 col-md-6\">\n\t<p><span class='titoli'>Numer NIP<\/span>\n\t<\/p>\n\t<p><span class=\"wpcf7-form-control-wrap\" data-name=\"p-iva\"><input size=\"40\" class=\"wpcf7-form-control wpcf7-text form-control\" aria-invalid=\"false\" value=\"\" type=\"text\" name=\"p-iva\" \/><\/span>\n\t<\/p>\n<\/div>\n<div class=\"clearboth\">\n<\/div>\n<div class=\"col-xs-12 col-md-4\">\n\t<p><span class='titoli'>Kod pocztowy (*)<\/span>\n\t<\/p>\n\t<p><span class=\"wpcf7-form-control-wrap\" data-name=\"your-zip-code\"><input size=\"40\" class=\"wpcf7-form-control wpcf7-text wpcf7-validates-as-required form-control\" aria-required=\"true\" aria-invalid=\"false\" value=\"\" type=\"text\" name=\"your-zip-code\" \/><\/span>\n\t<\/p>\n<\/div>\n<div class=\"col-xs-12 col-md-4\">\n\t<p><span class='titoli'>Adres (*)<\/span>\n\t<\/p>\n\t<p><span class=\"wpcf7-form-control-wrap\" data-name=\"your-address\"><input size=\"40\" class=\"wpcf7-form-control wpcf7-text wpcf7-validates-as-required form-control\" aria-required=\"true\" aria-invalid=\"false\" value=\"\" type=\"text\" name=\"your-address\" \/><\/span>\n\t<\/p>\n<\/div>\n<div class=\"col-xs-12 col-md-4\">\n\t<p><span class='titoli'>Miasto (*)<\/span>\n\t<\/p>\n\t<p><span class=\"wpcf7-form-control-wrap\" data-name=\"your-Town\"><input size=\"40\" class=\"wpcf7-form-control wpcf7-text wpcf7-validates-as-required form-control\" aria-required=\"true\" aria-invalid=\"false\" value=\"\" type=\"text\" name=\"your-Town\" \/><\/span>\n\t<\/p>\n<\/div>\n<div class=\"clearboth\">\n<\/div>\n<div class=\"col-xs-12 col-md-6\">\n\t<p><span class='titoli'>email (*)<\/span>\n\t<\/p>\n\t<p><span class=\"wpcf7-form-control-wrap\" data-name=\"your-email\"><input size=\"40\" class=\"wpcf7-form-control wpcf7-text wpcf7-email wpcf7-validates-as-required wpcf7-validates-as-email form-control\" aria-required=\"true\" aria-invalid=\"false\" value=\"\" type=\"email\" name=\"your-email\" \/><\/span>\n\t<\/p>\n<\/div>\n<div class=\"col-xs-12 col-md-6\">\n\t<p><span class='titoli'>Telefon (*)<\/span>\n\t<\/p>\n\t<p><span class=\"wpcf7-form-control-wrap\" data-name=\"telefono\"><input size=\"40\" class=\"wpcf7-form-control wpcf7-text wpcf7-tel wpcf7-validates-as-required wpcf7-validates-as-tel form-control\" aria-required=\"true\" aria-invalid=\"false\" value=\"\" type=\"tel\" name=\"telefono\" \/><\/span>\n\t<\/p>\n<\/div>\n<div class=\"clearboth\">\n<\/div>\n<div class=\"col-xs-12 col-md-6\">\n\t<p><span class='titoli'>Przedmiot <\/span>\n\t<\/p>\n\t<p><span class=\"wpcf7-form-control-wrap\" data-name=\"oggetto\"><select class=\"wpcf7-form-control wpcf7-select wpcf7-validates-as-required\" aria-required=\"true\" aria-invalid=\"false\" name=\"oggetto\"><option value=\"Oferta\">Oferta<\/option><option value=\"Informacje techniczne\">Informacje techniczne<\/option><option value=\"Powo\u0142anie\">Powo\u0142anie<\/option><\/select><\/span>\n\t<\/p>\n<\/div>\n<div class=\"col-xs-12 col-md-6\">\n\t<p><br \/>\n<span class=\"titoli\"> <span class=\"wpcf7-form-control-wrap\" data-name=\"cliente\"><span class=\"wpcf7-form-control wpcf7-checkbox\"><span class=\"wpcf7-list-item first last\"><label><span class=\"wpcf7-list-item-label\">Jestem ju\u017c klientem<\/span><input type=\"checkbox\" name=\"cliente[]\" value=\"Jestem ju\u017c klientem\" \/><\/label><\/span><\/span><\/span><\/span>\n\t<\/p>\n<\/div>\n<div class=\"col-xs-12 col-md-12\">\n\t<p><span class='titoli'>Wiadomo\u015b\u0107 (*)<\/span>\n\t<\/p>\n\t<p><span class=\"wpcf7-form-control-wrap\" data-name=\"your-message\"><textarea cols=\"40\" rows=\"10\" class=\"wpcf7-form-control wpcf7-textarea wpcf7-validates-as-required form-control\" aria-required=\"true\" aria-invalid=\"false\" name=\"your-message\"><\/textarea><\/span>\n\t<\/p>\n<\/div>\n<div class=\"col-xs-12 col-md-12\">\n\t<p><small>Wprowadzone dane b\u0119d\u0105 traktowane z zachowaniem \u015bcis\u0142ej poufno\u015bci zgodnie z prawem i nasz\u0105 polityk\u0105 prywatno\u015bci. <a href=\"https:\/\/www.storevan.com\/pl\/privacy-policy\/\">Polityk\u0105 prywatno\u015bci<\/a><\/small>\n\t<\/p>\n\t<p><span class=\"wpcf7-form-control-wrap\" data-name=\"AccettazionePrivacy\"><span class=\"wpcf7-form-control wpcf7-acceptance\"><span class=\"wpcf7-list-item\"><input type=\"checkbox\" name=\"AccettazionePrivacy\" value=\"1\" aria-invalid=\"false\" \/><\/span><\/span><\/span> O\u015bwiadczam, \u017ce zapozna\u0142am si\u0119 z <a href=\"https:\/\/www.storevan.com\/pl\/privacy-policy\/\">polityk\u0105 prywatno\u015bci<\/a> i zgadzam si\u0119 na wykorzystanie moich danych osobowych w opisanych tam przypadkach.(*)(*)<br \/>\n\t<span class=\"wpcf7-form-control-wrap recaptcha\" data-name=\"recaptcha\"><span data-sitekey=\"6LdfM4AUAAAAAJjsAucux5WVNA3hsk5KP0a03T_n\" class=\"wpcf7-form-control g-recaptcha wpcf7-recaptcha\"><\/span>\r\n<noscript>\r\n\t<div class=\"grecaptcha-noscript\">\r\n\t\t<iframe src=\"https:\/\/www.google.com\/recaptcha\/api\/fallback?k=6LdfM4AUAAAAAJjsAucux5WVNA3hsk5KP0a03T_n\" frameborder=\"0\" scrolling=\"no\" width=\"310\" height=\"430\">\r\n\t\t<\/iframe>\r\n\t\t<textarea name=\"g-recaptcha-response\" rows=\"3\" cols=\"40\" placeholder=\"reCaptcha Response Here\">\r\n\t\t<\/textarea>\r\n\t<\/div>\r\n<\/noscript>\r\n<\/span>\n\t<\/p>\n<\/div>\n<hr class=\"noColor\" \/>\n<p><input class=\"wpcf7-form-control has-spinner wpcf7-submit\" type=\"submit\" value=\"Wy\u015blij\" \/>\n<\/p><div class=\"wpcf7-response-output\" aria-hidden=\"true\"><\/div>\n<\/form>\n<\/div>\n\n","protected":false},"excerpt":{"rendered":"<p>Platformy wysuwane Take out Platformy wysuwane u\u0142atwiaj\u0105 dost\u0119p do przewo\u017conych materia\u0142\u00f3w oraz sprawiaj\u0105 \u017ce za\u0142adunek i roz\u0142adunek jest prosty. 6 szeroko\u015bci 3 d\u0142ugo\u015bci max. ud\u017awig 300 kg max. wysuni\u0119cie 60%.<\/p>\n","protected":false},"author":470,"featured_media":0,"parent":8994,"menu_order":0,"comment_status":"closed","ping_status":"closed","template":"","meta":[],"acf":[],"yoast_head":"<!-- This site is optimized with the Yoast SEO plugin v20.11 - https:\/\/yoast.com\/wordpress\/plugins\/seo\/ -->\n<title>Platformy wysuwane - Take out<\/title>\n<meta name=\"description\" content=\"Platformy wysuwane u\u0142atwiaj\u0105 dost\u0119p do przewo\u017conych materia\u0142\u00f3w oraz sprawiaj\u0105 \u017ce za\u0142adunek i roz\u0142adunek jest prosty. Szeroki wyb\u00f3r akcesori\u00f3w.\" \/>\n<meta name=\"robots\" content=\"index, follow, max-snippet:-1, max-image-preview:large, max-video-preview:-1\" \/>\n<link rel=\"canonical\" href=\"https:\/\/www.storevan.com\/pl\/produkty\/platformy-wysuwane\/\" \/>\n<meta property=\"og:locale\" content=\"pl_PL\" \/>\n<meta property=\"og:type\" content=\"article\" \/>\n<meta property=\"og:title\" content=\"Platformy wysuwane - Take out\" \/>\n<meta property=\"og:description\" content=\"Platformy wysuwane u\u0142atwiaj\u0105 dost\u0119p do przewo\u017conych materia\u0142\u00f3w oraz sprawiaj\u0105 \u017ce za\u0142adunek i roz\u0142adunek jest prosty. Szeroki wyb\u00f3r akcesori\u00f3w.\" \/>\n<meta property=\"og:url\" content=\"https:\/\/www.storevan.com\/pl\/produkty\/platformy-wysuwane\/\" \/>\n<meta property=\"og:site_name\" content=\"Store Van\" \/>\n<meta property=\"article:modified_time\" content=\"2020-12-18T13:47:39+00:00\" \/>\n<meta property=\"og:image\" content=\"https:\/\/www.storevan.com\/wp-content\/uploads\/2019\/10\/Sistema-estraibile-Take-out.jpg\" \/>\n<meta name=\"twitter:label1\" content=\"Szacowany czas czytania\" \/>\n\t<meta name=\"twitter:data1\" content=\"1 minuta\" \/>\n<script type=\"application\/ld+json\" class=\"yoast-schema-graph\">{\"@context\":\"https:\/\/schema.org\",\"@graph\":[{\"@type\":\"WebPage\",\"@id\":\"https:\/\/www.storevan.com\/pl\/produkty\/platformy-wysuwane\/\",\"url\":\"https:\/\/www.storevan.com\/pl\/produkty\/platformy-wysuwane\/\",\"name\":\"Platformy wysuwane - Take out\",\"isPartOf\":{\"@id\":\"https:\/\/www.storevan.com\/pl\/#website\"},\"datePublished\":\"2015-12-02T14:18:01+00:00\",\"dateModified\":\"2020-12-18T13:47:39+00:00\",\"description\":\"Platformy wysuwane u\u0142atwiaj\u0105 dost\u0119p do przewo\u017conych materia\u0142\u00f3w oraz sprawiaj\u0105 \u017ce za\u0142adunek i roz\u0142adunek jest prosty. Szeroki wyb\u00f3r akcesori\u00f3w.\",\"breadcrumb\":{\"@id\":\"https:\/\/www.storevan.com\/pl\/produkty\/platformy-wysuwane\/#breadcrumb\"},\"inLanguage\":\"pl-PL\",\"potentialAction\":[{\"@type\":\"ReadAction\",\"target\":[\"https:\/\/www.storevan.com\/pl\/produkty\/platformy-wysuwane\/\"]}]},{\"@type\":\"BreadcrumbList\",\"@id\":\"https:\/\/www.storevan.com\/pl\/produkty\/platformy-wysuwane\/#breadcrumb\",\"itemListElement\":[{\"@type\":\"ListItem\",\"position\":1,\"name\":\"Home\",\"item\":\"https:\/\/www.storevan.com\/pl\/\"},{\"@type\":\"ListItem\",\"position\":2,\"name\":\"Produkty\",\"item\":\"https:\/\/www.storevan.com\/pl\/produkty\/\"},{\"@type\":\"ListItem\",\"position\":3,\"name\":\"Platformy wysuwane &#8211; Take out\"}]},{\"@type\":\"WebSite\",\"@id\":\"https:\/\/www.storevan.com\/pl\/#website\",\"url\":\"https:\/\/www.storevan.com\/pl\/\",\"name\":\"Store Van\",\"description\":\"Zabudowy\",\"potentialAction\":[{\"@type\":\"SearchAction\",\"target\":{\"@type\":\"EntryPoint\",\"urlTemplate\":\"https:\/\/www.storevan.com\/pl\/?s={search_term_string}\"},\"query-input\":\"required name=search_term_string\"}],\"inLanguage\":\"pl-PL\"}]}<\/script>\n<!-- \/ Yoast SEO plugin. -->","yoast_head_json":{"title":"Platformy wysuwane - Take out","description":"Platformy wysuwane u\u0142atwiaj\u0105 dost\u0119p do przewo\u017conych materia\u0142\u00f3w oraz sprawiaj\u0105 \u017ce za\u0142adunek i roz\u0142adunek jest prosty. Szeroki wyb\u00f3r akcesori\u00f3w.","robots":{"index":"index","follow":"follow","max-snippet":"max-snippet:-1","max-image-preview":"max-image-preview:large","max-video-preview":"max-video-preview:-1"},"canonical":"https:\/\/www.storevan.com\/pl\/produkty\/platformy-wysuwane\/","og_locale":"pl_PL","og_type":"article","og_title":"Platformy wysuwane - Take out","og_description":"Platformy wysuwane u\u0142atwiaj\u0105 dost\u0119p do przewo\u017conych materia\u0142\u00f3w oraz sprawiaj\u0105 \u017ce za\u0142adunek i roz\u0142adunek jest prosty. Szeroki wyb\u00f3r akcesori\u00f3w.","og_url":"https:\/\/www.storevan.com\/pl\/produkty\/platformy-wysuwane\/","og_site_name":"Store Van","article_modified_time":"2020-12-18T13:47:39+00:00","og_image":[{"url":"https:\/\/www.storevan.com\/wp-content\/uploads\/2019\/10\/Sistema-estraibile-Take-out.jpg"}],"twitter_misc":{"Szacowany czas czytania":"1 minuta"},"schema":{"@context":"https:\/\/schema.org","@graph":[{"@type":"WebPage","@id":"https:\/\/www.storevan.com\/pl\/produkty\/platformy-wysuwane\/","url":"https:\/\/www.storevan.com\/pl\/produkty\/platformy-wysuwane\/","name":"Platformy wysuwane - Take out","isPartOf":{"@id":"https:\/\/www.storevan.com\/pl\/#website"},"datePublished":"2015-12-02T14:18:01+00:00","dateModified":"2020-12-18T13:47:39+00:00","description":"Platformy wysuwane u\u0142atwiaj\u0105 dost\u0119p do przewo\u017conych materia\u0142\u00f3w oraz sprawiaj\u0105 \u017ce za\u0142adunek i roz\u0142adunek jest prosty. Szeroki wyb\u00f3r akcesori\u00f3w.","breadcrumb":{"@id":"https:\/\/www.storevan.com\/pl\/produkty\/platformy-wysuwane\/#breadcrumb"},"inLanguage":"pl-PL","potentialAction":[{"@type":"ReadAction","target":["https:\/\/www.storevan.com\/pl\/produkty\/platformy-wysuwane\/"]}]},{"@type":"BreadcrumbList","@id":"https:\/\/www.storevan.com\/pl\/produkty\/platformy-wysuwane\/#breadcrumb","itemListElement":[{"@type":"ListItem","position":1,"name":"Home","item":"https:\/\/www.storevan.com\/pl\/"},{"@type":"ListItem","position":2,"name":"Produkty","item":"https:\/\/www.storevan.com\/pl\/produkty\/"},{"@type":"ListItem","position":3,"name":"Platformy wysuwane &#8211; Take out"}]},{"@type":"WebSite","@id":"https:\/\/www.storevan.com\/pl\/#website","url":"https:\/\/www.storevan.com\/pl\/","name":"Store Van","description":"Zabudowy","potentialAction":[{"@type":"SearchAction","target":{"@type":"EntryPoint","urlTemplate":"https:\/\/www.storevan.com\/pl\/?s={search_term_string}"},"query-input":"required name=search_term_string"}],"inLanguage":"pl-PL"}]}},"_links":{"self":[{"href":"https:\/\/www.storevan.com\/pl\/wp-json\/wp\/v2\/pages\/8985"}],"collection":[{"href":"https:\/\/www.storevan.com\/pl\/wp-json\/wp\/v2\/pages"}],"about":[{"href":"https:\/\/www.storevan.com\/pl\/wp-json\/wp\/v2\/types\/page"}],"author":[{"embeddable":true,"href":"https:\/\/www.storevan.com\/pl\/wp-json\/wp\/v2\/users\/470"}],"replies":[{"embeddable":true,"href":"https:\/\/www.storevan.com\/pl\/wp-json\/wp\/v2\/comments?post=8985"}],"version-history":[{"count":7,"href":"https:\/\/www.storevan.com\/pl\/wp-json\/wp\/v2\/pages\/8985\/revisions"}],"predecessor-version":[{"id":122929,"href":"https:\/\/www.storevan.com\/pl\/wp-json\/wp\/v2\/pages\/8985\/revisions\/122929"}],"up":[{"embeddable":true,"href":"https:\/\/www.storevan.com\/pl\/wp-json\/wp\/v2\/pages\/8994"}],"wp:attachment":[{"href":"https:\/\/www.storevan.com\/pl\/wp-json\/wp\/v2\/media?parent=8985"}],"curies":[{"name":"wp","href":"https:\/\/api.w.org\/{rel}","templated":true}]}}