{"id":8975,"date":"2015-12-02T16:01:55","date_gmt":"2015-12-02T15:01:55","guid":{"rendered":"https:\/\/www.storevan.com\/pl\/van-load-securing-safety\/"},"modified":"2019-05-21T12:45:43","modified_gmt":"2019-05-21T12:45:43","slug":"zabezpieczenie-ladunku","status":"publish","type":"page","link":"https:\/\/www.storevan.com\/pl\/produkty\/zabezpieczenie-ladunku\/","title":{"rendered":"Zabezpieczenie \u0142adunku"},"content":{"rendered":"<h1 class=\"customblackTitleSmall\">Zabezpieczenie \u0142adunku<\/h1>\n<h2>SYSTEM ZABEZPIECZANIA KOMORY \u0141ADUNKOWEJ I MOCOWANIE \u0141ADUNKU<\/h2>\n<div class=\"col-xs-12 col-sm-6 col-md-6\"><img decoding=\"async\" loading=\"lazy\" class=\"aligncenter wp-image-56484 size-full\" title=\"ZABEZPIECZENIE \u0141ADUNKU NA SAMOCHODACH DOSTAWCZYCH I MOCOWANIE TOWARU\" src=\"https:\/\/www.storevan.com\/wp-content\/uploads\/2015\/12\/Sicurezza-del-carico-furgoni.jpg\" alt=\"ZABEZPIECZENIE \u0141ADUNKU NA SAMOCHODACH DOSTAWCZYCH I MOCOWANIE TOWARU\" width=\"561\" height=\"694\" srcset=\"https:\/\/www.storevan.com\/wp-content\/uploads\/2015\/12\/Sicurezza-del-carico-furgoni.jpg 561w, https:\/\/www.storevan.com\/wp-content\/uploads\/2015\/12\/Sicurezza-del-carico-furgoni-243x300.jpg 243w\" sizes=\"(max-width: 561px) 100vw, 561px\" \/><\/div>\n<div class=\"col-xs-12 col-sm-6 col-md-6\">Wraz z wdro\u017ceniem <a href=\"http:\/\/eur-lex.europa.eu\/eli\/dir\/2014\/47\/oj\">dyrektywy 2014\/47\/WE<\/a> zosta\u0142y zintensyfikowane kontrole pojazd\u00f3w typu N2 i N3 do przewozu towar\u00f3w, ze szczeg\u00f3lnym zwr\u00f3ceniem uwagi na bezpiecze\u0144stwo mocowania \u0142adunku w samochodach dostawczych. Dyrektywa zapewnia pa\u0144stwom cz\u0142onkowskim mo\u017cliwo\u015b\u0107 poddawania kontroli technicznej pojazdy, kt\u00f3re wykraczaj\u0105 poza jej zakres stosowania, takich jak pojazdy komercyjne kategorii N1, oraz kontrolowania innych aspekt\u00f3w przewozu i bezpiecze\u0144stwa drogowego.<\/p>\n<p>System ten jest nowo\u015bci\u0105 Store Van. Oferuj\u0105c zintegrowane ok\u0142adziny wewn\u0119trzne, stosuje si\u0119 do wytycznych dyrektywy 2014\/47\/WE oraz zapewnia elastyczno\u015b\u0107 mocowania towaru do pod\u0142ogi i \u015bcian pojazdu.<\/p>\n<p>Poprzez zastosowanie standaryzowanych europejskich element\u00f3w mocuj\u0105cych \u201eAirline\u201d, system ten umo\u017cliwia u\u017cytkownikowi pojazdu korzystanie z r\u00f3\u017cnych akcesori\u00f3w i komponent\u00f3w w celu \u0142atwego i ekonomicznego montowania ca\u0142ego systemu.<\/p>\n<p>System przewiduje u\u017cycie:<\/p>\n<ul>\n<li>pod\u0142ogi z\u00a0wielowarstwowej sklejki fenolowej z\u00a0przygotowaniem do mocowania do oryginalnych zaczep\u00f3w przygotowanych w\u00a0poje\u017adzie oraz zaczep\u00f3w dodatkowych w\u00a0p\u0142aszczy\u017anie pod\u0142ogi o\u00a0sile ci\u0105gu 200\u00a0daN;<\/li>\n<li>aluminiowych dr\u0105\u017ck\u00f3w \u201eAirline\u201d, umocowanych do podwozia pojazdu;<\/li>\n<li>paneli z polipropylenu o du\u017cej elastyczno\u015bci i wytrzyma\u0142o\u015bci, chroni\u0105cych nadwozie od wewn\u0105trz przed przypadkowym uderzeniem.<\/li>\n<\/ul>\n<\/div>\n<div class=\"break\"><\/div>\n<hr class=\"noColor\"\/>\n<div class=\"col-xs-12 col-sm-6 col-md-6\">\n<h3>NOWY ZESTAW ZABEZPIECZAJ\u0104CY ZAPEWNIA SZEREG NAST\u0118PUJ\u0104CYCH KORZY\u015aCI:<\/h3>\n<div class=\"borderTitle\"><\/div>\n<ul>\n<li>u\u017cytkownik pojazdu mo\u017ce bezpiecznie mocowa\u0107 \u0142adunek do dr\u0105\u017ck\u00f3w \u201eAirline\u201d za pomoc\u0105 pas\u00f3w mocuj\u0105cych;<\/li>\n<li>zintegrowany zestaw mocowania pomaga zachowa\u0107 na d\u0142ugo dobry stan nadwozia;<\/li>\n<li>system zabezpieczenia zapewnia warto\u015b\u0107 dodan\u0105, co jest niezwykle cenione na rynku pojazd\u00f3w nowych i\u00a0ma zasadnicze znaczenie na rynku pojazd\u00f3w u\u017cywanych, kt\u00f3re wykazuj\u0105 zwykle oznaki zu\u017cycia;<\/li>\n<\/ul>\n<hr class=\"noColor\"\/>\n<div class=\"ts-gallery\"><div class=\"one_fourth\"><a href=\"https:\/\/www.storevan.com\/wp-content\/uploads\/2015\/12\/Trasporto-merce-furgoni.jpg\"><img decoding=\"async\" loading=\"lazy\" class=\"aligncenter wp-image-56495 size-medium\" src=\"https:\/\/www.storevan.com\/wp-content\/uploads\/2015\/12\/Trasporto-merce-furgoni-300x300.jpg\" alt=\"Zabezpieczenie \u0142adunku\" width=\"300\" height=\"300\" srcset=\"https:\/\/www.storevan.com\/wp-content\/uploads\/2015\/12\/Trasporto-merce-furgoni-300x300.jpg 300w, https:\/\/www.storevan.com\/wp-content\/uploads\/2015\/12\/Trasporto-merce-furgoni-150x150.jpg 150w, https:\/\/www.storevan.com\/wp-content\/uploads\/2015\/12\/Trasporto-merce-furgoni-768x768.jpg 768w, https:\/\/www.storevan.com\/wp-content\/uploads\/2015\/12\/Trasporto-merce-furgoni-600x600.jpg 600w, https:\/\/www.storevan.com\/wp-content\/uploads\/2015\/12\/Trasporto-merce-furgoni-48x48.jpg 48w, https:\/\/www.storevan.com\/wp-content\/uploads\/2015\/12\/Trasporto-merce-furgoni-480x480.jpg 480w, https:\/\/www.storevan.com\/wp-content\/uploads\/2015\/12\/Trasporto-merce-furgoni.jpg 800w\" sizes=\"(max-width: 300px) 100vw, 300px\" \/><\/a><\/div><div class=\"one_fourth\"><a href=\"https:\/\/www.storevan.com\/wp-content\/uploads\/2015\/12\/Bloccaggio-merce-furgoni.jpg\"><img decoding=\"async\" loading=\"lazy\" class=\"aligncenter size-medium wp-image-56501\" src=\"https:\/\/www.storevan.com\/wp-content\/uploads\/2015\/12\/Bloccaggio-merce-furgoni-300x300.jpg\" alt=\"Zabezpieczenie \u0142adunku\" width=\"300\" height=\"300\" srcset=\"https:\/\/www.storevan.com\/wp-content\/uploads\/2015\/12\/Bloccaggio-merce-furgoni-300x300.jpg 300w, https:\/\/www.storevan.com\/wp-content\/uploads\/2015\/12\/Bloccaggio-merce-furgoni-150x150.jpg 150w, https:\/\/www.storevan.com\/wp-content\/uploads\/2015\/12\/Bloccaggio-merce-furgoni-768x768.jpg 768w, https:\/\/www.storevan.com\/wp-content\/uploads\/2015\/12\/Bloccaggio-merce-furgoni-600x600.jpg 600w, https:\/\/www.storevan.com\/wp-content\/uploads\/2015\/12\/Bloccaggio-merce-furgoni-48x48.jpg 48w, https:\/\/www.storevan.com\/wp-content\/uploads\/2015\/12\/Bloccaggio-merce-furgoni-480x480.jpg 480w, https:\/\/www.storevan.com\/wp-content\/uploads\/2015\/12\/Bloccaggio-merce-furgoni.jpg 800w\" sizes=\"(max-width: 300px) 100vw, 300px\" \/><\/a><\/div><div class=\"one_fourth\"><a href=\"https:\/\/www.storevan.com\/wp-content\/uploads\/2015\/12\/Carico-Sicuro-furgoni.jpg\"><img decoding=\"async\" loading=\"lazy\" class=\"aligncenter size-medium wp-image-56507\" src=\"https:\/\/www.storevan.com\/wp-content\/uploads\/2015\/12\/Carico-Sicuro-furgoni-300x300.jpg\" alt=\"Zabezpieczenie \u0142adunku\" width=\"300\" height=\"300\" srcset=\"https:\/\/www.storevan.com\/wp-content\/uploads\/2015\/12\/Carico-Sicuro-furgoni-300x300.jpg 300w, https:\/\/www.storevan.com\/wp-content\/uploads\/2015\/12\/Carico-Sicuro-furgoni-150x150.jpg 150w, https:\/\/www.storevan.com\/wp-content\/uploads\/2015\/12\/Carico-Sicuro-furgoni-768x768.jpg 768w, https:\/\/www.storevan.com\/wp-content\/uploads\/2015\/12\/Carico-Sicuro-furgoni-600x600.jpg 600w, https:\/\/www.storevan.com\/wp-content\/uploads\/2015\/12\/Carico-Sicuro-furgoni-48x48.jpg 48w, https:\/\/www.storevan.com\/wp-content\/uploads\/2015\/12\/Carico-Sicuro-furgoni-480x480.jpg 480w, https:\/\/www.storevan.com\/wp-content\/uploads\/2015\/12\/Carico-Sicuro-furgoni.jpg 800w\" sizes=\"(max-width: 300px) 100vw, 300px\" \/><\/a><\/div><div class=\"one_fourth last\"><a href=\"https:\/\/www.storevan.com\/wp-content\/uploads\/2015\/12\/Fissaggio-merce-furgoni.jpg\"><img decoding=\"async\" loading=\"lazy\" class=\"aligncenter size-medium wp-image-56513\" src=\"https:\/\/www.storevan.com\/wp-content\/uploads\/2015\/12\/Fissaggio-merce-furgoni-300x300.jpg\" alt=\"Zabezpieczenie \u0142adunku, wypadk\u00f3w samochodowych dostawczych\" width=\"300\" height=\"300\" srcset=\"https:\/\/www.storevan.com\/wp-content\/uploads\/2015\/12\/Fissaggio-merce-furgoni-300x300.jpg 300w, https:\/\/www.storevan.com\/wp-content\/uploads\/2015\/12\/Fissaggio-merce-furgoni-150x150.jpg 150w, https:\/\/www.storevan.com\/wp-content\/uploads\/2015\/12\/Fissaggio-merce-furgoni-768x768.jpg 768w, https:\/\/www.storevan.com\/wp-content\/uploads\/2015\/12\/Fissaggio-merce-furgoni-600x600.jpg 600w, https:\/\/www.storevan.com\/wp-content\/uploads\/2015\/12\/Fissaggio-merce-furgoni-48x48.jpg 48w, https:\/\/www.storevan.com\/wp-content\/uploads\/2015\/12\/Fissaggio-merce-furgoni-480x480.jpg 480w, https:\/\/www.storevan.com\/wp-content\/uploads\/2015\/12\/Fissaggio-merce-furgoni.jpg 800w\" sizes=\"(max-width: 300px) 100vw, 300px\" \/><\/a><\/div><div class=\"clearboth\"><\/div><\/div>\n<\/div>\n<div class=\"col-xs-12 col-sm-6 col-md-6\">\n<iframe loading=\"lazy\" width=\"560\" height=\"315\" src=\"https:\/\/www.youtube.com\/embed\/rYicoMkzQrc\" frameborder=\"0\" allow=\"accelerometer; autoplay; encrypted-media; gyroscope; picture-in-picture\" allowfullscreen><\/iframe>\n<\/div>\n<div class=\"break\"><\/div>\n<hr class=\"noColor\"\/>\n<hr\/>\n<hr class=\"noColor\"\/>\n<h2>Bezpiecze\u0144stwo \u0142adunku w samochodach dostawczych. Widok 360 stopni.<\/h2>\n<div class=\"intrinsic-container intrinsic-container-4x3\" style=\"margin-bottom: 20px;\"><iframe loading=\"lazy\" src=\"https:\/\/www.youtube.com\/embed\/GxEKbgrqTLw\" width=\"640\" height=\"360\" frameborder=\"0\" allowfullscreen=\"allowfullscreen\"><\/iframe><\/div>\n<p>Wa\u017cne badania sektora transportu pokazuj\u0105, \u017ce <strong>25% wypadk\u00f3w samochodowych dostawczych<\/strong> s\u0105 spowodowane przemieszczaniem si\u0119 przewo\u017conego \u0142adunku, kt\u00f3re to z kolei jest wynikem niew\u0142a\u015bciwego mocowania przewo\u017conych materia\u0142\u00f3w.\u00a0W samochodach serwisowych zazwyczaj s\u0105 przewo\u017cone narz\u0119dzia i cz\u0119\u015bci zapasowe, kt\u00f3re s\u0105 pouk\u0142adane w przystosowanych do tego miejscach wewn\u0105trz auta; jednak\u017ce w 60% poza tymi materia\u0142ami przewo\u017cone sa r\u00f3wnie\u017c inne elementy, kt\u00f3re ze wzgl\u0119du na swoje rozmiary nie mog\u0105 by\u0107 przewo\u017cone w szufladach, przegr\u00f3dkach itp. Takie przedmioty s\u0105 zazwyczaj stawiane bez jakiegkolwiek mocowania na pod\u0142odze i staj\u0105 si\u0119 gro\u017anymi &#8222;bombami&#8221; dla bezpiecze\u0144stwa kierowcy i samego auta.<br \/>\nMaj\u0105c to na uwadze, Fami zaprojektowa\u0142o i rozszerzy\u0142o nowy <strong>dzia\u0142 produkt\u00f3w do mocowania \u0142adunku, stawiaj\u0105cy na bezpiecze\u0144stwo.<\/strong> Ca\u0142a gama produkt\u00f3w, wymieniona jest poni\u017cej:<\/p>\n<hr class=\"noColor\">\n<h4 class=\"bigTxt txtGrey\">SERIE MEDIUM<\/h4>\n<div class=\"one_half\">\n<table border=\"0\" width=\"100%\" cellspacing=\"0\" cellpadding=\"0\">\n<tbody>\n<tr>\n<td height=\"50\"><img decoding=\"async\" loading=\"lazy\" src=\"https:\/\/www.storevan.com\/wp-content\/uploads\/img\/Sicurezza-del-carico\/sicurezza_del_carico_storevan_barra_verticale.jpg\" alt=\"PIONOWA LISTWA DO MOCOWANIA \u0141ADUNKU\" width=\"520\" height=\"30\" border=\"0\" hspace=\"0\" \/><\/td>\n<\/tr>\n<tr>\n<td>\nPIONOWA LISTWA DO MOCOWANIA \u0141ADUNKU\n<\/td>\n<\/tr>\n<\/tbody>\n<\/table>\n<\/div> <div class=\"one_half last\">\n<table border=\"0\" width=\"100%\" cellspacing=\"0\" cellpadding=\"0\">\n<tbody>\n<tr>\n<td height=\"50\"><img decoding=\"async\" loading=\"lazy\" class=\"alignnone\" src=\"https:\/\/www.storevan.com\/wp-content\/uploads\/img\/Sicurezza-del-carico\/sicurezza_del_carico_storevan_barra_telescopica.jpg\" alt=\"TELESKOPOWA LISTWA DO MOCOWANIA \u0141ADUNKU\" width=\"520\" height=\"30\" border=\"0\" hspace=\"0\" \/><\/td>\n<\/tr>\n<tr>\n<td>\nTELESKOPOWA LISTWA DO MOCOWANIA \u0141ADUNKU\n<\/td>\n<\/tr>\n<\/tbody>\n<\/table>\n<\/div><div class=\"clearboth\"><\/div><div class=\"one_half\">\n<table border=\"0\" width=\"100%\" cellspacing=\"0\" cellpadding=\"0\">\n<tbody>\n<tr>\n<td height=\"50\"><img decoding=\"async\" loading=\"lazy\" src=\"https:\/\/www.storevan.com\/wp-content\/uploads\/img\/Sicurezza-del-carico\/sicurezza_del_carico_storevan_barra_telescopica_1.jpg\" alt=\"TELESKOPOWA LISTWA DO MOCOWANIA \u0141ADUNKU\" width=\"520\" height=\"30\" border=\"0\" hspace=\"0\" \/><\/td>\n<\/tr>\n<tr>\n<td>\nTELESKOPOWA LISTWA DO MOCOWANIA \u0141ADUNKU\n<\/td>\n<\/tr>\n<\/tbody>\n<\/table>\n<\/div><div class=\"one_half last\">\n<table border=\"0\" width=\"100%\" cellspacing=\"0\" cellpadding=\"0\">\n<tbody>\n<tr>\n<td height=\"50\"><img decoding=\"async\" loading=\"lazy\" src=\"https:\/\/www.storevan.com\/wp-content\/uploads\/img\/Sicurezza-del-carico\/sicurezza_del_carico_storevan_barra_telescopica_2.jpg\" alt=\"TELESKOPOWA LISTWA DO MOCOWANIA \u0141ADUNKU\" width=\"520\" height=\"30\" border=\"0\" hspace=\"0\" \/><\/td>\n<\/tr>\n<tr>\n<td>\nTELESKOPOWA LISTWA DO MOCOWANIA \u0141ADUNKU\n<\/td>\n<\/tr>\n<\/tbody>\n<\/table>\n<\/div><div class=\"clearboth\"><\/div>\n<hr>\n<div class=\"one_fourth\">\n<img decoding=\"async\" loading=\"lazy\" src=\"https:\/\/www.storevan.com\/wp-content\/uploads\/img\/Sicurezza-del-carico\/pentolina.jpg\" alt=\"PUNKTAMI MOCUJ\u0104CYMI AIRLINE\" width=\"93\" height=\"85\" border=\"0\" hspace=\"0\" \/><br \/>\nPUNKTAMI MOCUJ\u0104CYMI AIRLINE<\/p>\n<\/div><div class=\"one_fourth\">\n<p><img decoding=\"async\" loading=\"lazy\" src=\"https:\/\/www.storevan.com\/wp-content\/uploads\/img\/Sicurezza-del-carico\/sicurezza_del_carico_storevan_barra.jpg\" alt=\"POJEDYNCZE MOCOWANIE\" width=\"93\" height=\"85\" border=\"0\" hspace=\"0\" \/><br \/>\nPOJEDYNCZE MOCOWANIE<\/p>\n<\/div><div class=\"one_fourth\">\n<p><img decoding=\"async\" loading=\"lazy\" src=\"https:\/\/www.storevan.com\/wp-content\/uploads\/img\/Sicurezza-del-carico\/sicurezza_del_carico_storevan_barra_2.jpg\" alt=\"PODW\u00d3JNE MOCOWANIE\" width=\"93\" height=\"85\" border=\"0\" hspace=\"0\" \/><br \/>\nPODW\u00d3JNE MOCOWANIE<\/p>\n<\/div><div class=\"one_fourth last\">\n<p><img decoding=\"async\" loading=\"lazy\" src=\"https:\/\/www.storevan.com\/wp-content\/uploads\/img\/Sicurezza-del-carico\/sicurezza_del_carico_storevan_attacco.jpg\" alt=\"WSPORNIK DO POZIOMEJ LISTWY DO MOCOWANIA \u0141ADUNKU SERII V18027\" width=\"93\" height=\"85\" border=\"0\" hspace=\"0\" \/><\/p>\n<p>WSPORNIK DO POZIOMEJ LISTWY DO MOCOWANIA \u0141ADUNKU SERII V18027<\/p>\n<\/div><div class=\"clearboth\"><\/div>\n<hr>\n<div class=\"one_fourth\">\n<p><img decoding=\"async\" loading=\"lazy\" src=\"https:\/\/www.storevan.com\/wp-content\/uploads\/img\/Sicurezza-del-carico\/sicurezza-del-carico-gancio.jpg\" alt=\"ZACZEP Z POJEDYNCZYM SWORZNIEM\" width=\"93\" height=\"85\" border=\"0\" hspace=\"0\" \/><br \/>\nZACZEP Z POJEDYNCZYM SWORZNIEM<\/p>\n<\/div><div class=\"one_fourth\">\n<p><img decoding=\"async\" loading=\"lazy\" src=\"https:\/\/www.storevan.com\/wp-content\/uploads\/img\/Sicurezza-del-carico\/DSC3617.jpg\" alt=\"ZACZEP Z POJEDYNCZYM SWORZNIEM\" width=\"93\" height=\"85\" border=\"0\" hspace=\"0\" \/><br \/>\nZACZEP Z POJEDYNCZYM SWORZNIEM<\/p>\n<\/div><div class=\"one_fourth\">\n<p><img decoding=\"async\" loading=\"lazy\" src=\"https:\/\/www.storevan.com\/wp-content\/uploads\/img\/Sicurezza-del-carico\/sicurezza_del_carico_storevan_cinghia.jpg\" alt=\"PAS DO MOCOWANIA \u0141ADUNKU Z KLAMR\u0104\" width=\"93\" height=\"85\" border=\"0\" hspace=\"0\" \/><\/p>\n<p>PAS DO MOCOWANIA \u0141ADUNKU Z KLAMR\u0104<\/p>\n<\/div><div class=\"one_fourth last\">\n<img decoding=\"async\" loading=\"lazy\" src=\"https:\/\/www.storevan.com\/wp-content\/uploads\/img\/Sicurezza-del-carico\/sicurezza_del_carico_storevan_cinghia_1.jpg\" alt=\"PAS DO MOCOWANIA \u0141ADUNKU Z GRZECHOTK\u0104\" width=\"93\" height=\"85\" border=\"0\" hspace=\"0\" \/><\/p>\n<p>PAS DO MOCOWANIA \u0141ADUNKU Z GRZECHOTK\u0104<br \/>\n<\/div><div class=\"clearboth\"><\/div>\n<hr>\n<p><strong>POZIOMA LISTWA<\/strong><\/p>\n<div class=\"one_fourth\">\n<p><img decoding=\"async\" src=\"https:\/\/www.storevan.com\/wp-content\/uploads\/img\/Sicurezza-del-carico\/sicurezza_del_carico_storevan_barra_3.jpg\" alt=\"POZIOMA LISTWA Store Van\" border=\"0\" \/><\/p>\n<p>NA PANELE<\/p>\n<\/div><div class=\"one_fourth\">\n<p><img decoding=\"async\" src=\"https:\/\/www.storevan.com\/wp-content\/uploads\/img\/Sicurezza-del-carico\/sicurezza_del_carico_storevan_barra_4.jpg\" alt=\"POZIOMA LISTWA Store Van\" border=\"0\" \/><\/p>\n<p>ALUMINIOWA<\/p>\n<\/div><div class=\"one_fourth\">\n<p><img decoding=\"async\" src=\"https:\/\/www.storevan.com\/wp-content\/uploads\/img\/Sicurezza-del-carico\/sicurezza_del_carico_storevan_barra_5.jpg\" alt=\"DO MOCOWANIA DO POD\u0141OGI O GRUBO\u015aCI 12 mm Store Van\" border=\"0\" \/><\/p>\n<p>DO MOCOWANIA DO POD\u0141OGI O GRUBO\u015aCI 12 mm<\/p>\n<\/div><div class=\"one_fourth last\">\n<p><img decoding=\"async\" src=\"https:\/\/www.storevan.com\/wp-content\/uploads\/img\/Sicurezza-del-carico\/sicurezza_del_carico_storevan_barra_6.jpg\" alt=\"ALUMINIOWA LISTWA POZIOMA DO MOCOWANIA NA SUFICIE\" border=\"0\" \/><\/p>\n<p>NA SUFICIE<\/p>\n<\/div><div class=\"clearboth\"><\/div>\n<hr class=\"noColor\">\n<h4 class=\"bigTxt txtGrey\">SERIE STRONG<\/h4>\n<div class=\"one_half\">\n<p><img decoding=\"async\" loading=\"lazy\" src=\"https:\/\/www.storevan.com\/wp-content\/uploads\/img\/Sicurezza-del-carico\/sicurezza_del_carico_storevan_cinghia_2.jpg\" alt=\"PAS DO MOCOWANIA \u0141ADUNKU Z GRZECHOTK\u0104\" width=\"93\" height=\"85\" border=\"0\" hspace=\"0\" \/><\/p>\n<p>PAS DO MOCOWANIA \u0141ADUNKU Z GRZECHOTK\u0104<\/p>\n<\/div><div class=\"one_half last\">\n<p><img decoding=\"async\" src=\"https:\/\/www.storevan.com\/wp-content\/uploads\/img\/Sicurezza-del-carico\/sicurezza_del_carico_storevan_barra_8.jpg\" alt=\"HLISTWA STALOWA POZIOMA\" border=\"0\" hspace=\"0\" \/><\/p>\n<p>HLISTWA STALOWA POZIOMA<\/p>\n<\/div><div class=\"clearboth\"><\/div>\n<hr class=\"noColor\">\n<h4 class=\"bigTxt txtGrey\">SERIE STANDARD<\/h4>\n<div class=\"one_third\"><img decoding=\"async\" loading=\"lazy\" class=\"alignnone\" src=\"https:\/\/www.storevan.com\/wp-content\/uploads\/img\/Sicurezza-del-carico\/sicurezza_del_carico_storevan_gancio_1.jpg\" alt=\"POD\u0141OGOWY UCHWYT DO MOCOWANIA \u0141ADUNKU Store Van\" width=\"93\" height=\"85\" border=\"0\" hspace=\"0\" \/><\/p>\n<p>POD\u0141OGOWY UCHWYT DO MOCOWANIA \u0141ADUNKU<\/p>\n<\/div><div class=\"one_third\"><img decoding=\"async\" loading=\"lazy\" class=\"alignnone\" src=\"https:\/\/www.storevan.com\/wp-content\/uploads\/img\/Sicurezza-del-carico\/sicurezza_del_carico_storevan_gancio_2.jpg\" alt=\"POD\u0141OGOWY UCHWYT DO MOCOWANIA \u0141ADUNKU Store Van\" width=\"93\" height=\"85\" border=\"0\" hspace=\"0\" \/><\/p>\n<p>POD\u0141OGOWY UCHWYT DO MOCOWANIA \u0141ADUNKU<\/p>\n<\/div><div class=\"one_third last\"><img decoding=\"async\" loading=\"lazy\" class=\"alignnone\" src=\"https:\/\/www.storevan.com\/wp-content\/uploads\/img\/Sicurezza-del-carico\/sicurezza_del_carico_storevan_cinghia_3.jpg\" alt=\"PASY DO MOCOWANIA \u0141ADUNKU Z GRZECHOTK\u0104\" width=\"93\" height=\"85\" border=\"0\" hspace=\"0\" \/><\/p>\n<p>PASY DO MOCOWANIA \u0141ADUNKU Z GRZECHOTK\u0104<\/p>\n<\/div><div class=\"clearboth\"><\/div>\n<div class=\"one_third\"><img decoding=\"async\" loading=\"lazy\" src=\"https:\/\/www.storevan.com\/wp-content\/uploads\/img\/Sicurezza-del-carico\/sicurezza_del_carico_storevan_porta_gancio.jpg\" alt=\"MISECZKA Store Van\" width=\"93\" height=\"85\" border=\"0\" hspace=\"0\" \/><\/p>\n<p>MISECZKA<\/p>\n<\/div><div class=\"one_third\"><img decoding=\"async\" loading=\"lazy\" src=\"https:\/\/www.storevan.com\/wp-content\/uploads\/img\/Sicurezza-del-carico\/sicurezza_del_carico_storevan_porta_gancio_1.jpg\" alt=\"MISECZKA Store Van\" width=\"93\" height=\"85\" border=\"0\" hspace=\"0\" \/><\/p>\n<p>MISECZKA<\/p>\n<\/div><div class=\"one_third last\"><img decoding=\"async\" loading=\"lazy\" src=\"https:\/\/www.storevan.com\/wp-content\/uploads\/img\/Sicurezza-del-carico\/sicurezza_del_carico_storevan_porta_gancio_2.jpg\" alt=\"MISECZKA Store Van\" width=\"93\" height=\"85\" border=\"0\" hspace=\"0\" \/><\/p>\n<p>MISECZKA<\/p>\n<\/div><div class=\"clearboth\"><\/div>\n","protected":false},"excerpt":{"rendered":"<p>Zabezpieczenie \u0142adunku SYSTEM ZABEZPIECZANIA KOMORY \u0141ADUNKOWEJ I MOCOWANIE \u0141ADUNKU Wraz z wdro\u017ceniem dyrektywy 2014\/47\/WE zosta\u0142y zintensyfikowane kontrole pojazd\u00f3w typu N2 i N3 do przewozu towar\u00f3w, ze szczeg\u00f3lnym zwr\u00f3ceniem uwagi na.<\/p>\n","protected":false},"author":470,"featured_media":0,"parent":8994,"menu_order":0,"comment_status":"closed","ping_status":"closed","template":"","meta":[],"acf":[],"yoast_head":"<!-- This site is optimized with the Yoast SEO plugin v20.11 - https:\/\/yoast.com\/wordpress\/plugins\/seo\/ -->\n<title>Zabezpieczenie \u0142adunku<\/title>\n<meta name=\"description\" content=\"Maj\u0105c to na uwadze,Fami zaprojektowa\u0142o i rozszerzy\u0142o nowy dzia\u0142 produkt\u00f3w do mocowania \u0142adunku, stawiaj\u0105cy na bezpiecze\u0144stwo. Zabezpieczenie \u0142adunku\" \/>\n<meta name=\"robots\" content=\"index, follow, max-snippet:-1, max-image-preview:large, max-video-preview:-1\" \/>\n<link rel=\"canonical\" href=\"https:\/\/www.storevan.com\/pl\/produkty\/zabezpieczenie-ladunku\/\" \/>\n<meta property=\"og:locale\" content=\"pl_PL\" \/>\n<meta property=\"og:type\" content=\"article\" \/>\n<meta property=\"og:title\" content=\"Zabezpieczenie \u0142adunku\" \/>\n<meta property=\"og:description\" content=\"Maj\u0105c to na uwadze,Fami zaprojektowa\u0142o i rozszerzy\u0142o nowy dzia\u0142 produkt\u00f3w do mocowania \u0142adunku, stawiaj\u0105cy na bezpiecze\u0144stwo. Zabezpieczenie \u0142adunku\" \/>\n<meta property=\"og:url\" content=\"https:\/\/www.storevan.com\/pl\/produkty\/zabezpieczenie-ladunku\/\" \/>\n<meta property=\"og:site_name\" content=\"Store Van\" \/>\n<meta property=\"article:modified_time\" content=\"2019-05-21T12:45:43+00:00\" \/>\n<meta property=\"og:image\" content=\"https:\/\/www.storevan.com\/wp-content\/uploads\/2015\/12\/Sicurezza-del-carico-furgoni.jpg\" \/>\n<meta name=\"twitter:label1\" content=\"Szacowany czas czytania\" \/>\n\t<meta name=\"twitter:data1\" content=\"4 minuty\" \/>\n<script type=\"application\/ld+json\" class=\"yoast-schema-graph\">{\"@context\":\"https:\/\/schema.org\",\"@graph\":[{\"@type\":\"WebPage\",\"@id\":\"https:\/\/www.storevan.com\/pl\/produkty\/zabezpieczenie-ladunku\/\",\"url\":\"https:\/\/www.storevan.com\/pl\/produkty\/zabezpieczenie-ladunku\/\",\"name\":\"Zabezpieczenie \u0142adunku\",\"isPartOf\":{\"@id\":\"https:\/\/www.storevan.com\/pl\/#website\"},\"datePublished\":\"2015-12-02T15:01:55+00:00\",\"dateModified\":\"2019-05-21T12:45:43+00:00\",\"description\":\"Maj\u0105c to na uwadze,Fami zaprojektowa\u0142o i rozszerzy\u0142o nowy dzia\u0142 produkt\u00f3w do mocowania \u0142adunku, stawiaj\u0105cy na bezpiecze\u0144stwo. Zabezpieczenie \u0142adunku\",\"breadcrumb\":{\"@id\":\"https:\/\/www.storevan.com\/pl\/produkty\/zabezpieczenie-ladunku\/#breadcrumb\"},\"inLanguage\":\"pl-PL\",\"potentialAction\":[{\"@type\":\"ReadAction\",\"target\":[\"https:\/\/www.storevan.com\/pl\/produkty\/zabezpieczenie-ladunku\/\"]}]},{\"@type\":\"BreadcrumbList\",\"@id\":\"https:\/\/www.storevan.com\/pl\/produkty\/zabezpieczenie-ladunku\/#breadcrumb\",\"itemListElement\":[{\"@type\":\"ListItem\",\"position\":1,\"name\":\"Home\",\"item\":\"https:\/\/www.storevan.com\/pl\/\"},{\"@type\":\"ListItem\",\"position\":2,\"name\":\"Produkty\",\"item\":\"https:\/\/www.storevan.com\/pl\/produkty\/\"},{\"@type\":\"ListItem\",\"position\":3,\"name\":\"Zabezpieczenie \u0142adunku\"}]},{\"@type\":\"WebSite\",\"@id\":\"https:\/\/www.storevan.com\/pl\/#website\",\"url\":\"https:\/\/www.storevan.com\/pl\/\",\"name\":\"Store Van\",\"description\":\"Zabudowy\",\"potentialAction\":[{\"@type\":\"SearchAction\",\"target\":{\"@type\":\"EntryPoint\",\"urlTemplate\":\"https:\/\/www.storevan.com\/pl\/?s={search_term_string}\"},\"query-input\":\"required name=search_term_string\"}],\"inLanguage\":\"pl-PL\"}]}<\/script>\n<!-- \/ Yoast SEO plugin. -->","yoast_head_json":{"title":"Zabezpieczenie \u0142adunku","description":"Maj\u0105c to na uwadze,Fami zaprojektowa\u0142o i rozszerzy\u0142o nowy dzia\u0142 produkt\u00f3w do mocowania \u0142adunku, stawiaj\u0105cy na bezpiecze\u0144stwo. Zabezpieczenie \u0142adunku","robots":{"index":"index","follow":"follow","max-snippet":"max-snippet:-1","max-image-preview":"max-image-preview:large","max-video-preview":"max-video-preview:-1"},"canonical":"https:\/\/www.storevan.com\/pl\/produkty\/zabezpieczenie-ladunku\/","og_locale":"pl_PL","og_type":"article","og_title":"Zabezpieczenie \u0142adunku","og_description":"Maj\u0105c to na uwadze,Fami zaprojektowa\u0142o i rozszerzy\u0142o nowy dzia\u0142 produkt\u00f3w do mocowania \u0142adunku, stawiaj\u0105cy na bezpiecze\u0144stwo. Zabezpieczenie \u0142adunku","og_url":"https:\/\/www.storevan.com\/pl\/produkty\/zabezpieczenie-ladunku\/","og_site_name":"Store Van","article_modified_time":"2019-05-21T12:45:43+00:00","og_image":[{"url":"https:\/\/www.storevan.com\/wp-content\/uploads\/2015\/12\/Sicurezza-del-carico-furgoni.jpg"}],"twitter_misc":{"Szacowany czas czytania":"4 minuty"},"schema":{"@context":"https:\/\/schema.org","@graph":[{"@type":"WebPage","@id":"https:\/\/www.storevan.com\/pl\/produkty\/zabezpieczenie-ladunku\/","url":"https:\/\/www.storevan.com\/pl\/produkty\/zabezpieczenie-ladunku\/","name":"Zabezpieczenie \u0142adunku","isPartOf":{"@id":"https:\/\/www.storevan.com\/pl\/#website"},"datePublished":"2015-12-02T15:01:55+00:00","dateModified":"2019-05-21T12:45:43+00:00","description":"Maj\u0105c to na uwadze,Fami zaprojektowa\u0142o i rozszerzy\u0142o nowy dzia\u0142 produkt\u00f3w do mocowania \u0142adunku, stawiaj\u0105cy na bezpiecze\u0144stwo. Zabezpieczenie \u0142adunku","breadcrumb":{"@id":"https:\/\/www.storevan.com\/pl\/produkty\/zabezpieczenie-ladunku\/#breadcrumb"},"inLanguage":"pl-PL","potentialAction":[{"@type":"ReadAction","target":["https:\/\/www.storevan.com\/pl\/produkty\/zabezpieczenie-ladunku\/"]}]},{"@type":"BreadcrumbList","@id":"https:\/\/www.storevan.com\/pl\/produkty\/zabezpieczenie-ladunku\/#breadcrumb","itemListElement":[{"@type":"ListItem","position":1,"name":"Home","item":"https:\/\/www.storevan.com\/pl\/"},{"@type":"ListItem","position":2,"name":"Produkty","item":"https:\/\/www.storevan.com\/pl\/produkty\/"},{"@type":"ListItem","position":3,"name":"Zabezpieczenie \u0142adunku"}]},{"@type":"WebSite","@id":"https:\/\/www.storevan.com\/pl\/#website","url":"https:\/\/www.storevan.com\/pl\/","name":"Store Van","description":"Zabudowy","potentialAction":[{"@type":"SearchAction","target":{"@type":"EntryPoint","urlTemplate":"https:\/\/www.storevan.com\/pl\/?s={search_term_string}"},"query-input":"required name=search_term_string"}],"inLanguage":"pl-PL"}]}},"_links":{"self":[{"href":"https:\/\/www.storevan.com\/pl\/wp-json\/wp\/v2\/pages\/8975"}],"collection":[{"href":"https:\/\/www.storevan.com\/pl\/wp-json\/wp\/v2\/pages"}],"about":[{"href":"https:\/\/www.storevan.com\/pl\/wp-json\/wp\/v2\/types\/page"}],"author":[{"embeddable":true,"href":"https:\/\/www.storevan.com\/pl\/wp-json\/wp\/v2\/users\/470"}],"replies":[{"embeddable":true,"href":"https:\/\/www.storevan.com\/pl\/wp-json\/wp\/v2\/comments?post=8975"}],"version-history":[{"count":6,"href":"https:\/\/www.storevan.com\/pl\/wp-json\/wp\/v2\/pages\/8975\/revisions"}],"predecessor-version":[{"id":102473,"href":"https:\/\/www.storevan.com\/pl\/wp-json\/wp\/v2\/pages\/8975\/revisions\/102473"}],"up":[{"embeddable":true,"href":"https:\/\/www.storevan.com\/pl\/wp-json\/wp\/v2\/pages\/8994"}],"wp:attachment":[{"href":"https:\/\/www.storevan.com\/pl\/wp-json\/wp\/v2\/media?parent=8975"}],"curies":[{"name":"wp","href":"https:\/\/api.w.org\/{rel}","templated":true}]}}