{"id":8952,"date":"2015-12-02T14:35:36","date_gmt":"2015-12-02T13:35:36","guid":{"rendered":"https:\/\/www.storevan.com\/pl\/store-box-system-van-tool-cases\/"},"modified":"2019-11-15T15:44:11","modified_gmt":"2019-11-15T15:44:11","slug":"store-box-system","status":"publish","type":"page","link":"https:\/\/www.storevan.com\/pl\/produkty\/store-box-system\/","title":{"rendered":"Store-box system"},"content":{"rendered":"<h1 class=\"customblackTitleSmall\">Walizki stalowe<\/h1>\n<h2>Store-box system<\/h2>\n<p><img decoding=\"async\" loading=\"lazy\" class=\"alignnone wp-image-8953 size-full\" src=\"https:\/\/www.storevan.com\/wp-content\/uploads\/2015\/12\/STORE_BOX_SYSTEM-1.jpg\" alt=\"Store-box system Walizki stalowe\" width=\"1170\" height=\"250\" srcset=\"https:\/\/www.storevan.com\/wp-content\/uploads\/2015\/12\/STORE_BOX_SYSTEM-1.jpg 1170w, https:\/\/www.storevan.com\/wp-content\/uploads\/2015\/12\/STORE_BOX_SYSTEM-1-300x64.jpg 300w, https:\/\/www.storevan.com\/wp-content\/uploads\/2015\/12\/STORE_BOX_SYSTEM-1-768x164.jpg 768w, https:\/\/www.storevan.com\/wp-content\/uploads\/2015\/12\/STORE_BOX_SYSTEM-1-1024x219.jpg 1024w\" sizes=\"(max-width: 1170px) 100vw, 1170px\" \/><\/p>\n<p>Szybkie znalezienie odpowiednich <strong>element\u00f3w monta\u017cowych czy narz\u0119dzi<\/strong> w <strong>przestrzeni \u0142adunkowej<\/strong> jest kluczowe by sprawnie pracowa\u0107. Cz\u0119sto przestrze\u0144 pomi\u0119dzy szafkami u\u017cywana jest tak\u017ce do transportu wi\u0119kszych element\u00f3w (np. urz\u0105dze\u0144 koniecznych do napraw, serwisowania) i tu z rozwi\u0105zaniem przychodzi Store Van. Zosta\u0142 stworzony <strong>system<\/strong> <strong>Store-Box<\/strong> \u2013 plastikowe<br \/>\ni metalowe walizki narz\u0119dziowe s\u0142u\u017c\u0105ce do przechowywania i przewo\u017cenia narz\u0119dzi oraz ma\u0142ych cz\u0119\u015bci, element\u00f3w monta\u017cowych. Bardzo chwalona przez u\u017cytkownik\u00f3w gama produkt\u00f3w Store-Box to walizki, w\u00f3zki do przewo\u017cenia ca\u0142ego zestawu walizek, przegr\u00f3dki oraz wyjmowane modu\u0142y. Jest to wygodne i kompletne rozwi\u0105zanie do transportowania sprz\u0119tu, tak\u017ce poza samochodem serwisowym.<\/p>\n<div class=\"one_third\">\n<a href=\"..\/storage-van-tool-cases\"><img decoding=\"async\" loading=\"lazy\" class=\"aligncenter wp-image-6726 size-full\" src=\"https:\/\/www.storevan.com\/wp-content\/uploads\/2015\/12\/STORE_BOX_SYSTEM_1.jpg\" alt=\"STORE-BOX Plastikowa i metalowa walizka narz\u0119dziowa. W\u00f3zki-walizki.\" width=\"350\" height=\"200\" \/><\/a><\/p>\n<h3 class=\"txtUp\"><a href=\"https:\/\/www.storevan.com\/pl\/produkty\/store-box-walizki\/\">WALIZKI &#8211; W\u00d3ZEK<\/a><\/h3>\n<div class=\"borderTitleOrange\"><\/div>\n<p>Plastikowa i metalowa walizka narz\u0119dziowa. W\u00f3zki-walizki.<\/p>\n<\/div><div class=\"one_third\">\n<img decoding=\"async\" loading=\"lazy\" class=\"aligncenter wp-image-6916 size-full\" src=\"https:\/\/www.storevan.com\/wp-content\/uploads\/2015\/12\/STORE_BOX_SYSTEM_3-1.jpg\" alt=\"Store-Box Store Van MOBILNE\" width=\"350\" height=\"200\" \/><\/p>\n<h3 class=\"txtUp\">MOBILNE<\/h3>\n<div class=\"borderTitleOrange\"><\/div>\n<p>Spos\u00f3b przechowywania WSZYSTKO-W-JEDNYM.<\/p>\n<\/div><div class=\"one_third last\">\n<a href=\"https:\/\/www.storevan.com\/pl\/przegrodki-szuflad-walizek\/\"><img decoding=\"async\" loading=\"lazy\" class=\"aligncenter size-full wp-image-6728\" src=\"https:\/\/www.storevan.com\/wp-content\/uploads\/2015\/12\/STORE_BOX_SYSTEM_2.jpg\" alt=\"PRZEGR\u00d3DKI - wyposa\u017cenie samochod\u00f3w serwisowych\" width=\"350\" height=\"200\" \/><\/a><\/p>\n<h3 class=\"txtUp\"><a href=\"https:\/\/www.storevan.com\/pl\/przegrodki-szuflad-walizek\/\">PRZEGR\u00d3DKI<\/a><\/h3>\n<div class=\"borderTitleOrange\"><\/div>\n<p>Metalowe <em>przegr\u00f3dki<\/em> i\u00a0 plastikowe <em>pojemniki<\/em>, kt\u00f3re idealnie pasuj\u0105 do szuflad.<\/p>\n<\/div><div class=\"clearboth\"><\/div>\n","protected":false},"excerpt":{"rendered":"<p>Walizki stalowe Store-box system Szybkie znalezienie odpowiednich element\u00f3w monta\u017cowych czy narz\u0119dzi w przestrzeni \u0142adunkowej jest kluczowe by sprawnie pracowa\u0107. Cz\u0119sto przestrze\u0144 pomi\u0119dzy szafkami u\u017cywana jest tak\u017ce do transportu wi\u0119kszych element\u00f3w.<\/p>\n","protected":false},"author":470,"featured_media":0,"parent":8994,"menu_order":0,"comment_status":"closed","ping_status":"closed","template":"","meta":[],"acf":[],"yoast_head":"<!-- This site is optimized with the Yoast SEO plugin v20.11 - https:\/\/yoast.com\/wordpress\/plugins\/seo\/ -->\n<title>Store-box system<\/title>\n<meta name=\"description\" content=\"Szybkie znalezienie odpowiednich element\u00f3w monta\u017cowych czy narz\u0119dzi w przestrzeni \u0142adunkowej jest kluczowe by sprawnie pracowa\u0107. Cz\u0119sto.\" \/>\n<meta name=\"robots\" content=\"index, follow, max-snippet:-1, max-image-preview:large, max-video-preview:-1\" \/>\n<link rel=\"canonical\" href=\"https:\/\/www.storevan.com\/pl\/produkty\/store-box-system\/\" \/>\n<meta property=\"og:locale\" content=\"pl_PL\" \/>\n<meta property=\"og:type\" content=\"article\" \/>\n<meta property=\"og:title\" content=\"Store-box system\" \/>\n<meta property=\"og:description\" content=\"Szybkie znalezienie odpowiednich element\u00f3w monta\u017cowych czy narz\u0119dzi w przestrzeni \u0142adunkowej jest kluczowe by sprawnie pracowa\u0107. Cz\u0119sto.\" \/>\n<meta property=\"og:url\" content=\"https:\/\/www.storevan.com\/pl\/produkty\/store-box-system\/\" \/>\n<meta property=\"og:site_name\" content=\"Store Van\" \/>\n<meta property=\"article:modified_time\" content=\"2019-11-15T15:44:11+00:00\" \/>\n<meta property=\"og:image\" content=\"https:\/\/www.storevan.com\/wp-content\/uploads\/2015\/12\/STORE_BOX_SYSTEM-1.jpg\" \/>\n<meta name=\"twitter:label1\" content=\"Szacowany czas czytania\" \/>\n\t<meta name=\"twitter:data1\" content=\"1 minuta\" \/>\n<script type=\"application\/ld+json\" class=\"yoast-schema-graph\">{\"@context\":\"https:\/\/schema.org\",\"@graph\":[{\"@type\":\"WebPage\",\"@id\":\"https:\/\/www.storevan.com\/pl\/produkty\/store-box-system\/\",\"url\":\"https:\/\/www.storevan.com\/pl\/produkty\/store-box-system\/\",\"name\":\"Store-box system\",\"isPartOf\":{\"@id\":\"https:\/\/www.storevan.com\/pl\/#website\"},\"datePublished\":\"2015-12-02T13:35:36+00:00\",\"dateModified\":\"2019-11-15T15:44:11+00:00\",\"description\":\"Szybkie znalezienie odpowiednich element\u00f3w monta\u017cowych czy narz\u0119dzi w przestrzeni \u0142adunkowej jest kluczowe by sprawnie pracowa\u0107. Cz\u0119sto.\",\"breadcrumb\":{\"@id\":\"https:\/\/www.storevan.com\/pl\/produkty\/store-box-system\/#breadcrumb\"},\"inLanguage\":\"pl-PL\",\"potentialAction\":[{\"@type\":\"ReadAction\",\"target\":[\"https:\/\/www.storevan.com\/pl\/produkty\/store-box-system\/\"]}]},{\"@type\":\"BreadcrumbList\",\"@id\":\"https:\/\/www.storevan.com\/pl\/produkty\/store-box-system\/#breadcrumb\",\"itemListElement\":[{\"@type\":\"ListItem\",\"position\":1,\"name\":\"Home\",\"item\":\"https:\/\/www.storevan.com\/pl\/\"},{\"@type\":\"ListItem\",\"position\":2,\"name\":\"Produkty\",\"item\":\"https:\/\/www.storevan.com\/pl\/produkty\/\"},{\"@type\":\"ListItem\",\"position\":3,\"name\":\"Store-box system\"}]},{\"@type\":\"WebSite\",\"@id\":\"https:\/\/www.storevan.com\/pl\/#website\",\"url\":\"https:\/\/www.storevan.com\/pl\/\",\"name\":\"Store Van\",\"description\":\"Zabudowy\",\"potentialAction\":[{\"@type\":\"SearchAction\",\"target\":{\"@type\":\"EntryPoint\",\"urlTemplate\":\"https:\/\/www.storevan.com\/pl\/?s={search_term_string}\"},\"query-input\":\"required name=search_term_string\"}],\"inLanguage\":\"pl-PL\"}]}<\/script>\n<!-- \/ Yoast SEO plugin. -->","yoast_head_json":{"title":"Store-box system","description":"Szybkie znalezienie odpowiednich element\u00f3w monta\u017cowych czy narz\u0119dzi w przestrzeni \u0142adunkowej jest kluczowe by sprawnie pracowa\u0107. Cz\u0119sto.","robots":{"index":"index","follow":"follow","max-snippet":"max-snippet:-1","max-image-preview":"max-image-preview:large","max-video-preview":"max-video-preview:-1"},"canonical":"https:\/\/www.storevan.com\/pl\/produkty\/store-box-system\/","og_locale":"pl_PL","og_type":"article","og_title":"Store-box system","og_description":"Szybkie znalezienie odpowiednich element\u00f3w monta\u017cowych czy narz\u0119dzi w przestrzeni \u0142adunkowej jest kluczowe by sprawnie pracowa\u0107. Cz\u0119sto.","og_url":"https:\/\/www.storevan.com\/pl\/produkty\/store-box-system\/","og_site_name":"Store Van","article_modified_time":"2019-11-15T15:44:11+00:00","og_image":[{"url":"https:\/\/www.storevan.com\/wp-content\/uploads\/2015\/12\/STORE_BOX_SYSTEM-1.jpg"}],"twitter_misc":{"Szacowany czas czytania":"1 minuta"},"schema":{"@context":"https:\/\/schema.org","@graph":[{"@type":"WebPage","@id":"https:\/\/www.storevan.com\/pl\/produkty\/store-box-system\/","url":"https:\/\/www.storevan.com\/pl\/produkty\/store-box-system\/","name":"Store-box system","isPartOf":{"@id":"https:\/\/www.storevan.com\/pl\/#website"},"datePublished":"2015-12-02T13:35:36+00:00","dateModified":"2019-11-15T15:44:11+00:00","description":"Szybkie znalezienie odpowiednich element\u00f3w monta\u017cowych czy narz\u0119dzi w przestrzeni \u0142adunkowej jest kluczowe by sprawnie pracowa\u0107. Cz\u0119sto.","breadcrumb":{"@id":"https:\/\/www.storevan.com\/pl\/produkty\/store-box-system\/#breadcrumb"},"inLanguage":"pl-PL","potentialAction":[{"@type":"ReadAction","target":["https:\/\/www.storevan.com\/pl\/produkty\/store-box-system\/"]}]},{"@type":"BreadcrumbList","@id":"https:\/\/www.storevan.com\/pl\/produkty\/store-box-system\/#breadcrumb","itemListElement":[{"@type":"ListItem","position":1,"name":"Home","item":"https:\/\/www.storevan.com\/pl\/"},{"@type":"ListItem","position":2,"name":"Produkty","item":"https:\/\/www.storevan.com\/pl\/produkty\/"},{"@type":"ListItem","position":3,"name":"Store-box system"}]},{"@type":"WebSite","@id":"https:\/\/www.storevan.com\/pl\/#website","url":"https:\/\/www.storevan.com\/pl\/","name":"Store Van","description":"Zabudowy","potentialAction":[{"@type":"SearchAction","target":{"@type":"EntryPoint","urlTemplate":"https:\/\/www.storevan.com\/pl\/?s={search_term_string}"},"query-input":"required name=search_term_string"}],"inLanguage":"pl-PL"}]}},"_links":{"self":[{"href":"https:\/\/www.storevan.com\/pl\/wp-json\/wp\/v2\/pages\/8952"}],"collection":[{"href":"https:\/\/www.storevan.com\/pl\/wp-json\/wp\/v2\/pages"}],"about":[{"href":"https:\/\/www.storevan.com\/pl\/wp-json\/wp\/v2\/types\/page"}],"author":[{"embeddable":true,"href":"https:\/\/www.storevan.com\/pl\/wp-json\/wp\/v2\/users\/470"}],"replies":[{"embeddable":true,"href":"https:\/\/www.storevan.com\/pl\/wp-json\/wp\/v2\/comments?post=8952"}],"version-history":[{"count":2,"href":"https:\/\/www.storevan.com\/pl\/wp-json\/wp\/v2\/pages\/8952\/revisions"}],"predecessor-version":[{"id":111376,"href":"https:\/\/www.storevan.com\/pl\/wp-json\/wp\/v2\/pages\/8952\/revisions\/111376"}],"up":[{"embeddable":true,"href":"https:\/\/www.storevan.com\/pl\/wp-json\/wp\/v2\/pages\/8994"}],"wp:attachment":[{"href":"https:\/\/www.storevan.com\/pl\/wp-json\/wp\/v2\/media?parent=8952"}],"curies":[{"name":"wp","href":"https:\/\/api.w.org\/{rel}","templated":true}]}}