{"id":8946,"date":"2015-12-02T14:45:56","date_gmt":"2015-12-02T13:45:56","guid":{"rendered":"https:\/\/www.storevan.com\/pl\/storage-van-tool-cases\/"},"modified":"2021-04-21T14:32:55","modified_gmt":"2021-04-21T14:32:55","slug":"store-box-walizki","status":"publish","type":"page","link":"https:\/\/www.storevan.com\/pl\/produkty\/store-box-walizki\/","title":{"rendered":"StoreBox &#8211; Walizki"},"content":{"rendered":"<h1 class=\"customblackTitleSmall\">Walizki<\/h1>\n<h2>StoreBox <\/h2>\n<p>Store Van\u00a0oferuje najlepsze rozwi\u0105zania do przewo\u017cenia elektronarz\u0119dzi, narz\u0119dzi r\u0119cznych oraz \u00a0innego wyposa\u017cenia etc. Walizka narz\u0119dziowa Store Box, wraz z wysuwan\u0105 p\u00f3\u0142ka i przeno\u015bnymi pude\u0142kami, jest bardziej ni\u017c niezb\u0119dna w Twoim moblinym serwisie. Narz\u0119dzia oraz inne produkty trzymane <strong>w tych walizkach<\/strong> b\u0119d\u0105 uporz\u0105dkowane i bezpieczne w czasie jazdy czy przenoszenia.\u00a0S\u0105 idealne do trzymania wszystkich potrzebnych narz\u0119dzi i urz\u0105dze\u0144, kt\u00f3rych trzeba u\u017cywa\u0107 tak\u017ce poza vanem.<\/p>\n<p>Plastikowe lub stalowe, w czterech r\u00f3\u017cnych rozmiarach, pude\u0142ka narz\u0119dziowe oraz podstawy na walizki w systemie Store-Box doskonale dopasowuj\u0105 si\u0119 do p\u00f3\u0142ek w mobilnym warsztacie &#8211; w przestrzeni \u0142adunkowej ka\u017cdego vana. Pojemniki staj\u0105 si\u0119 <em>mobilne<\/em> dzi\u0119ki w\u00f3zkom z obrotowymi k\u00f3\u0142kami (jedna para posiada hamulec) lub zwyk\u0142ym sk\u0142adanym aluminiowym w\u00f3zkom. Produkt mo\u017ce sk\u0142ada\u0107 si\u0119 z przedzia\u0142\u00f3w, ramy do przedzielania produkt\u00f3w (stal galwanizowana) oraz przegr\u00f3dek (aluminiowych) do tych ram, maty antypo\u015blizgowej, podstawy pod walizki, kolorowych \u2018wk\u0142adek\u2019, wszystko ma s\u0142u\u017cy\u0107 optymalnemu przechowywaniu wkr\u0119tak\u00f3w, gwo\u017adzi, podk\u0142adek, \u015brub, ko\u0142k\u00f3w, nakr\u0119tek. Wszystkie walizki mog\u0105 mie\u0107 dodatkow\u0105 pokryw\u0119 <em>\u201cSky\u201d<\/em> (wykonan\u0105 z polipropylenu piankowego), kt\u00f3ra jest mocowana do wieka walizki.<\/p>\n<table border=\"0\" width=\"100%\" cellspacing=\"0\" cellpadding=\"0\">\n<tbody>\n<tr>\n<td>\n<ul style=\"padding: 0px; margin: 0px; list-style: none; text-align: center; border-radius: 2px; background-image: initial; background-attachment: initial; background-size: initial; background-origin: initial; background-clip: initial; background-position: initial; background-repeat: initial;\">\n<li class=\"title-row\" style=\"border-top-left-radius: 4px; border-top-right-radius: 4px; padding: 20px 0px; text-transform: uppercase; font-size: 18px; font-weight: 900; margin: 0px !important; background: rgba(0, 0, 0, 0.0980392);\">DOWNLOAD <a href=\"https:\/\/www.storevan.com\/wp-content\/uploads\/doc\/Catalogo_Valigette_StoreBox_StoreVan_PL.pdf\">Walizki KATALOGI<\/a><\/li>\n<\/ul>\n<\/td>\n<\/tr>\n<\/tbody>\n<\/table>\n<div class=\"one_third\">\n<div class=\"ts-gallery\" style=\"margin-top: 40px;\">\n<table border=\"0\" cellspacing=\"0\" cellpadding=\"0\">\n<tbody>\n<tr>\n<td><img decoding=\"async\" loading=\"lazy\" class=\"aligncenter wp-image-6927 size-full\" src=\"https:\/\/www.storevan.com\/wp-content\/uploads\/2015\/12\/STORE_BOX_SYSTEM_1a.jpg\" alt=\"Walizki stalowe - Store Van\" width=\"350\" height=\"200\" \/><\/td>\n<\/tr>\n<tr>\n<td>\u00a0<div class=\"demo-sep\" style=\"margin-top: 10px;\"><\/div><\/td>\n<\/tr>\n<tr>\n<td>\n<table border=\"0\" width=\"100%\" cellspacing=\"0\" cellpadding=\"0\">\n<tbody>\n<tr>\n<td><a class=\"prettyPhoto gf-ts-img\" href=\"https:\/\/www.storevan.com\/wp-content\/uploads\/2015\/12\/STORE_BOX_SYSTEM_aG.jpg\"><img decoding=\"async\" loading=\"lazy\" class=\"aligncenter wp-image-7824 size-full\" src=\"https:\/\/www.storevan.com\/wp-content\/uploads\/2015\/12\/STORE_BOX_SYSTEM_a.jpg\" alt=\"Walizki stalowe\" width=\"114\" height=\"100\" \/><\/a><\/td>\n<td><a class=\"prettyPhoto gf-ts-img\" href=\"https:\/\/www.storevan.com\/wp-content\/uploads\/2015\/12\/STORE_BOX_SYSTEM_bG.jpg\"><img decoding=\"async\" loading=\"lazy\" class=\"aligncenter wp-image-7828 size-full\" src=\"https:\/\/www.storevan.com\/wp-content\/uploads\/2015\/12\/STORE_BOX_SYSTEM_b.jpg\" alt=\"Walizki stalowe - Store Van\" width=\"114\" height=\"100\" \/><\/a><\/td>\n<td><a class=\"prettyPhoto gf-ts-img\" href=\"https:\/\/www.storevan.com\/wp-content\/uploads\/2015\/12\/STORE_BOX_SYSTEM_cG.jpg\"><img decoding=\"async\" loading=\"lazy\" class=\"aligncenter wp-image-7832 size-full\" src=\"https:\/\/www.storevan.com\/wp-content\/uploads\/2015\/12\/STORE_BOX_SYSTEM_c.jpg\" alt=\"Walizki stalowe - PRZEGR\u00d3DKI\" width=\"114\" height=\"100\" \/><\/a><\/td>\n<\/tr>\n<\/tbody>\n<\/table>\n<\/td>\n<\/tr>\n<tr>\n<td>\u00a0<div class=\"demo-sep\" style=\"margin-top: 10px;\"><\/div><\/td>\n<\/tr>\n<tr class=\"border_top\" bgcolor=\"#f2f2f2\">\n<td valign=\"top\" height=\"150px\">\n<p style=\"margin-left: 20pt; margin-right: 20pt; margin-top: 10pt;\"><strong>STORE-BOX | Walizki stalowe<\/strong><br \/>\nNowe walizki stalowe StoreBox dost\u0119pne puste lub w r\u00f3\u017cnych wersjach wyposa\u017cenia.<b> <\/b><\/p>\n<\/td>\n<\/tr>\n<\/tbody>\n<\/table>\n<\/div>\n<\/div>\n<div class=\"one_third\">\n<div class=\"ts-gallery\" style=\"margin-top: 40px;\">\n<table border=\"0\" cellspacing=\"0\" cellpadding=\"0\">\n<tbody>\n<tr>\n<td><img decoding=\"async\" loading=\"lazy\" class=\"aligncenter wp-image-6931 size-full\" src=\"https:\/\/www.storevan.com\/wp-content\/uploads\/2015\/12\/STORE_BOX_SYSTEM_1b.jpg\" alt=\"Walizki z tworzywa sztucznego - Store Van\" width=\"350\" height=\"200\" \/><\/td>\n<\/tr>\n<tr>\n<td>\u00a0<div class=\"demo-sep\" style=\"margin-top: 10px;\"><\/div><\/td>\n<\/tr>\n<tr>\n<td>\n<table border=\"0\" width=\"100%\" cellspacing=\"0\" cellpadding=\"0\">\n<tbody>\n<tr>\n<td><a class=\"prettyPhoto gf-ts-img\" href=\"https:\/\/www.storevan.com\/wp-content\/uploads\/2015\/12\/STORE_BOX_SYSTEM_dG.jpg\"><img decoding=\"async\" loading=\"lazy\" class=\"aligncenter wp-image-7842 size-full\" src=\"https:\/\/www.storevan.com\/wp-content\/uploads\/2015\/12\/STORE_BOX_SYSTEM_d.jpg\" alt=\"Walizki z tworzywa sztucznego\" width=\"114\" height=\"100\" \/><\/a><\/td>\n<td><a class=\"prettyPhoto gf-ts-img\" href=\"https:\/\/www.storevan.com\/wp-content\/uploads\/2015\/12\/STORE_BOX_SYSTEM_eG.jpg\"><img decoding=\"async\" loading=\"lazy\" class=\"aligncenter wp-image-7846 size-full\" src=\"https:\/\/www.storevan.com\/wp-content\/uploads\/2015\/12\/STORE_BOX_SYSTEM_e.jpg\" alt=\"Nowe walizki plastikowe StoreBox dost\u0119pne puste lub w r\u00f3\u017cnych wersjach wyposa\u017cenia\" width=\"114\" height=\"100\" \/><\/a><\/td>\n<td><a class=\"prettyPhoto gf-ts-img\" href=\"https:\/\/www.storevan.com\/wp-content\/uploads\/2015\/12\/STORE_BOX_SYSTEM_fG.jpg\"><img decoding=\"async\" loading=\"lazy\" class=\"aligncenter wp-image-7850 size-full\" src=\"https:\/\/www.storevan.com\/wp-content\/uploads\/2015\/12\/STORE_BOX_SYSTEM_f.jpg\" alt=\"StoreBox - Walizki\" width=\"114\" height=\"100\" \/><\/a><\/td>\n<\/tr>\n<\/tbody>\n<\/table>\n<\/td>\n<\/tr>\n<tr>\n<td>\u00a0<div class=\"demo-sep\" style=\"margin-top: 10px;\"><\/div><\/td>\n<\/tr>\n<tr class=\"border_top\" bgcolor=\"#f2f2f2\">\n<td valign=\"top\" height=\"150px\">\n<p style=\"margin-left: 20pt; margin-right: 20pt; margin-top: 10pt;\"><strong>STORE-BOX | Walizki z tworzywa sztucznego<\/strong><br \/>\nNowe walizki plastikowe StoreBox dost\u0119pne puste lub w r\u00f3\u017cnych wersjach wyposa\u017cenia.<\/p>\n<\/td>\n<\/tr>\n<\/tbody>\n<\/table>\n<\/div>\n<\/div>\n<div class=\"one_third last\">\n<div class=\"ts-gallery\" style=\"margin-top: 40px;\">\n<table border=\"0\" cellspacing=\"0\" cellpadding=\"0\">\n<tbody>\n<tr>\n<td><img decoding=\"async\" loading=\"lazy\" class=\"aligncenter wp-image-6730 size-full\" src=\"https:\/\/www.storevan.com\/wp-content\/uploads\/2015\/12\/STORE_BOX_SYSTEM_3.jpg\" alt=\"Mobile System - W\u00f3zek do walizek\" width=\"350\" height=\"200\" \/><\/td>\n<\/tr>\n<tr>\n<td>\u00a0<div class=\"demo-sep\" style=\"margin-top: 10px;\"><\/div><\/td>\n<\/tr>\n<tr>\n<td>\n<table border=\"0\" width=\"100%\" cellspacing=\"0\" cellpadding=\"0\">\n<tbody>\n<tr>\n<td><\/td>\n<td><a class=\"prettyPhoto gf-ts-img\" href=\"https:\/\/www.storevan.com\/wp-content\/uploads\/2015\/12\/STORE_BOX_SYSTEM_gG.jpg\"><img decoding=\"async\" loading=\"lazy\" class=\"aligncenter wp-image-7854 size-full\" src=\"https:\/\/www.storevan.com\/wp-content\/uploads\/2015\/12\/STORE_BOX_SYSTEM_g.jpg\" alt=\"W\u00f3zek do walizek\" width=\"114\" height=\"100\" \/><\/a><\/td>\n<td><\/td>\n<\/tr>\n<\/tbody>\n<\/table>\n<\/td>\n<\/tr>\n<tr>\n<td>\u00a0<div class=\"demo-sep\" style=\"margin-top: 10px;\"><\/div><\/td>\n<\/tr>\n<tr class=\"border_top\" bgcolor=\"#f2f2f2\">\n<td valign=\"top\" height=\"150px\">\n<p style=\"margin-left: 20pt; margin-right: 20pt; margin-top: 10pt;\"><strong>W\u00f3zek<\/strong><br \/>\nW\u00f3zek do walizek. W\u00f3zek sk\u0142adany z aluminium.<\/p>\n<\/td>\n<\/tr>\n<\/tbody>\n<\/table>\n<\/div>\n<\/div><div class=\"clearboth\"><\/div>\n","protected":false},"excerpt":{"rendered":"<p>Walizki StoreBox Store Van\u00a0oferuje najlepsze rozwi\u0105zania do przewo\u017cenia elektronarz\u0119dzi, narz\u0119dzi r\u0119cznych oraz \u00a0innego wyposa\u017cenia etc. Walizka narz\u0119dziowa Store Box, wraz z wysuwan\u0105 p\u00f3\u0142ka i przeno\u015bnymi pude\u0142kami, jest bardziej ni\u017c niezb\u0119dna.<\/p>\n","protected":false},"author":470,"featured_media":0,"parent":8994,"menu_order":0,"comment_status":"closed","ping_status":"closed","template":"","meta":[],"acf":[],"yoast_head":"<!-- This site is optimized with the Yoast SEO plugin v20.11 - https:\/\/yoast.com\/wordpress\/plugins\/seo\/ -->\n<title>StoreBox - Walizki<\/title>\n<meta name=\"description\" content=\"Store Van oferuje najlepsze rozwi\u0105zania do przewo\u017cenia elektronarz\u0119dzi, narz\u0119dzi r\u0119cznych oraz innego wyposa\u017cenia etc.\" \/>\n<meta name=\"robots\" content=\"index, follow, max-snippet:-1, max-image-preview:large, max-video-preview:-1\" \/>\n<link rel=\"canonical\" href=\"https:\/\/www.storevan.com\/pl\/produkty\/store-box-walizki\/\" \/>\n<meta property=\"og:locale\" content=\"pl_PL\" \/>\n<meta property=\"og:type\" content=\"article\" \/>\n<meta property=\"og:title\" content=\"StoreBox - Walizki\" \/>\n<meta property=\"og:description\" content=\"Store Van oferuje najlepsze rozwi\u0105zania do przewo\u017cenia elektronarz\u0119dzi, narz\u0119dzi r\u0119cznych oraz innego wyposa\u017cenia etc.\" \/>\n<meta property=\"og:url\" content=\"https:\/\/www.storevan.com\/pl\/produkty\/store-box-walizki\/\" \/>\n<meta property=\"og:site_name\" content=\"Store Van\" \/>\n<meta property=\"article:modified_time\" content=\"2021-04-21T14:32:55+00:00\" \/>\n<meta property=\"og:image\" content=\"https:\/\/www.storevan.com\/wp-content\/uploads\/2015\/12\/STORE_BOX_SYSTEM_1a.jpg\" \/>\n<meta name=\"twitter:label1\" content=\"Szacowany czas czytania\" \/>\n\t<meta name=\"twitter:data1\" content=\"1 minuta\" \/>\n<script type=\"application\/ld+json\" class=\"yoast-schema-graph\">{\"@context\":\"https:\/\/schema.org\",\"@graph\":[{\"@type\":\"WebPage\",\"@id\":\"https:\/\/www.storevan.com\/pl\/produkty\/store-box-walizki\/\",\"url\":\"https:\/\/www.storevan.com\/pl\/produkty\/store-box-walizki\/\",\"name\":\"StoreBox - Walizki\",\"isPartOf\":{\"@id\":\"https:\/\/www.storevan.com\/pl\/#website\"},\"datePublished\":\"2015-12-02T13:45:56+00:00\",\"dateModified\":\"2021-04-21T14:32:55+00:00\",\"description\":\"Store Van oferuje najlepsze rozwi\u0105zania do przewo\u017cenia elektronarz\u0119dzi, narz\u0119dzi r\u0119cznych oraz innego wyposa\u017cenia etc.\",\"breadcrumb\":{\"@id\":\"https:\/\/www.storevan.com\/pl\/produkty\/store-box-walizki\/#breadcrumb\"},\"inLanguage\":\"pl-PL\",\"potentialAction\":[{\"@type\":\"ReadAction\",\"target\":[\"https:\/\/www.storevan.com\/pl\/produkty\/store-box-walizki\/\"]}]},{\"@type\":\"BreadcrumbList\",\"@id\":\"https:\/\/www.storevan.com\/pl\/produkty\/store-box-walizki\/#breadcrumb\",\"itemListElement\":[{\"@type\":\"ListItem\",\"position\":1,\"name\":\"Home\",\"item\":\"https:\/\/www.storevan.com\/pl\/\"},{\"@type\":\"ListItem\",\"position\":2,\"name\":\"Produkty\",\"item\":\"https:\/\/www.storevan.com\/pl\/produkty\/\"},{\"@type\":\"ListItem\",\"position\":3,\"name\":\"StoreBox &#8211; Walizki\"}]},{\"@type\":\"WebSite\",\"@id\":\"https:\/\/www.storevan.com\/pl\/#website\",\"url\":\"https:\/\/www.storevan.com\/pl\/\",\"name\":\"Store Van\",\"description\":\"Zabudowy\",\"potentialAction\":[{\"@type\":\"SearchAction\",\"target\":{\"@type\":\"EntryPoint\",\"urlTemplate\":\"https:\/\/www.storevan.com\/pl\/?s={search_term_string}\"},\"query-input\":\"required name=search_term_string\"}],\"inLanguage\":\"pl-PL\"}]}<\/script>\n<!-- \/ Yoast SEO plugin. -->","yoast_head_json":{"title":"StoreBox - Walizki","description":"Store Van oferuje najlepsze rozwi\u0105zania do przewo\u017cenia elektronarz\u0119dzi, narz\u0119dzi r\u0119cznych oraz innego wyposa\u017cenia etc.","robots":{"index":"index","follow":"follow","max-snippet":"max-snippet:-1","max-image-preview":"max-image-preview:large","max-video-preview":"max-video-preview:-1"},"canonical":"https:\/\/www.storevan.com\/pl\/produkty\/store-box-walizki\/","og_locale":"pl_PL","og_type":"article","og_title":"StoreBox - Walizki","og_description":"Store Van oferuje najlepsze rozwi\u0105zania do przewo\u017cenia elektronarz\u0119dzi, narz\u0119dzi r\u0119cznych oraz innego wyposa\u017cenia etc.","og_url":"https:\/\/www.storevan.com\/pl\/produkty\/store-box-walizki\/","og_site_name":"Store Van","article_modified_time":"2021-04-21T14:32:55+00:00","og_image":[{"url":"https:\/\/www.storevan.com\/wp-content\/uploads\/2015\/12\/STORE_BOX_SYSTEM_1a.jpg"}],"twitter_misc":{"Szacowany czas czytania":"1 minuta"},"schema":{"@context":"https:\/\/schema.org","@graph":[{"@type":"WebPage","@id":"https:\/\/www.storevan.com\/pl\/produkty\/store-box-walizki\/","url":"https:\/\/www.storevan.com\/pl\/produkty\/store-box-walizki\/","name":"StoreBox - Walizki","isPartOf":{"@id":"https:\/\/www.storevan.com\/pl\/#website"},"datePublished":"2015-12-02T13:45:56+00:00","dateModified":"2021-04-21T14:32:55+00:00","description":"Store Van oferuje najlepsze rozwi\u0105zania do przewo\u017cenia elektronarz\u0119dzi, narz\u0119dzi r\u0119cznych oraz innego wyposa\u017cenia etc.","breadcrumb":{"@id":"https:\/\/www.storevan.com\/pl\/produkty\/store-box-walizki\/#breadcrumb"},"inLanguage":"pl-PL","potentialAction":[{"@type":"ReadAction","target":["https:\/\/www.storevan.com\/pl\/produkty\/store-box-walizki\/"]}]},{"@type":"BreadcrumbList","@id":"https:\/\/www.storevan.com\/pl\/produkty\/store-box-walizki\/#breadcrumb","itemListElement":[{"@type":"ListItem","position":1,"name":"Home","item":"https:\/\/www.storevan.com\/pl\/"},{"@type":"ListItem","position":2,"name":"Produkty","item":"https:\/\/www.storevan.com\/pl\/produkty\/"},{"@type":"ListItem","position":3,"name":"StoreBox &#8211; Walizki"}]},{"@type":"WebSite","@id":"https:\/\/www.storevan.com\/pl\/#website","url":"https:\/\/www.storevan.com\/pl\/","name":"Store Van","description":"Zabudowy","potentialAction":[{"@type":"SearchAction","target":{"@type":"EntryPoint","urlTemplate":"https:\/\/www.storevan.com\/pl\/?s={search_term_string}"},"query-input":"required name=search_term_string"}],"inLanguage":"pl-PL"}]}},"_links":{"self":[{"href":"https:\/\/www.storevan.com\/pl\/wp-json\/wp\/v2\/pages\/8946"}],"collection":[{"href":"https:\/\/www.storevan.com\/pl\/wp-json\/wp\/v2\/pages"}],"about":[{"href":"https:\/\/www.storevan.com\/pl\/wp-json\/wp\/v2\/types\/page"}],"author":[{"embeddable":true,"href":"https:\/\/www.storevan.com\/pl\/wp-json\/wp\/v2\/users\/470"}],"replies":[{"embeddable":true,"href":"https:\/\/www.storevan.com\/pl\/wp-json\/wp\/v2\/comments?post=8946"}],"version-history":[{"count":2,"href":"https:\/\/www.storevan.com\/pl\/wp-json\/wp\/v2\/pages\/8946\/revisions"}],"predecessor-version":[{"id":125875,"href":"https:\/\/www.storevan.com\/pl\/wp-json\/wp\/v2\/pages\/8946\/revisions\/125875"}],"up":[{"embeddable":true,"href":"https:\/\/www.storevan.com\/pl\/wp-json\/wp\/v2\/pages\/8994"}],"wp:attachment":[{"href":"https:\/\/www.storevan.com\/pl\/wp-json\/wp\/v2\/media?parent=8946"}],"curies":[{"name":"wp","href":"https:\/\/api.w.org\/{rel}","templated":true}]}}