{"id":8939,"date":"2016-04-08T15:56:30","date_gmt":"2016-04-08T13:56:30","guid":{"rendered":"https:\/\/www.storevan.com\/pl\/van-equipment-3d-drawing-system\/"},"modified":"2019-03-19T10:47:25","modified_gmt":"2019-03-19T10:47:25","slug":"projektowanie-3d","status":"publish","type":"page","link":"https:\/\/www.storevan.com\/pl\/projektowanie-3d\/","title":{"rendered":"PROJEKTOWANIE W 3D"},"content":{"rendered":"<h1 class=\"customblackTitleSmall\">PROJEKTOWANIE W 3D<\/h1>\n<p><img decoding=\"async\" loading=\"lazy\" class=\"alignnone wp-image-7122 size-full\" src=\"https:\/\/www.storevan.com\/wp-content\/uploads\/2016\/04\/PROGETTAZIONE.jpg\" alt=\"Store Van - PROJEKTOWANIE 3D\" width=\"1170\" height=\"200\" \/><\/p>\n<div class=\"one_half\">\n<a href=\"https:\/\/www.storevan.com\/wp-content\/uploads\/2016\/04\/3D.gif\"><img decoding=\"async\" loading=\"lazy\" class=\"aligncenter wp-image-22545 size-full\" src=\"https:\/\/www.storevan.com\/wp-content\/uploads\/2016\/04\/3D.gif\" alt=\"Software 3D per allestimenti furgoni - Step1\" width=\"450\" height=\"380\" \/><\/a><br \/>\n<\/div>\n<div class=\"one_half last\">\n<h2>3D do zabudowy warsztatowe s\u0105 projektowane<\/h2>\n<div class=\"borderTitle\"><\/div>\n<p>Wszystkie <strong>zabudowy warsztatowe s\u0105 projektowane<\/strong> na podstawie wytycznych Klienta\u00a0z uwzgl\u0119dnieniem indywidualnych potrzeb. Jednym z podstawowych narz\u0119dzi sprzedawc\u00f3w\u00a0wyposa\u017cenia Store Van jest specjalistyczne oprogramowanie s\u0142u\u017c\u0105ce do\u00a0projektowania zabud\u00f3w w trzech wymiarach.\u00a0Ka\u017cdy model samochodu posiada swoje wierne odwzorowanie w programie do\u00a0projektowania wyposa\u017cenia i dzi\u0119ki temu zabudowa warsztatowa w optymalnym\u00a0stopniu jest dopasowana do danego modelu samochodu. W po\u0142\u0105czeniu z niewyczerpanymi\u00a0mo\u017cliwo\u015bciami konfiguracji daje to gwarancj\u0119, \u017ce Klient otrzymuje produkt\u00a0\u201cuszyty na miar\u0119\u201d.<\/p>\n<\/div><div class=\"clearboth\"><\/div>\n","protected":false},"excerpt":{"rendered":"<p>PROJEKTOWANIE W 3D<\/p>\n","protected":false},"author":470,"featured_media":0,"parent":0,"menu_order":0,"comment_status":"closed","ping_status":"closed","template":"","meta":[],"acf":[],"yoast_head":"<!-- This site is optimized with the Yoast SEO plugin v20.11 - https:\/\/yoast.com\/wordpress\/plugins\/seo\/ -->\n<title>PROJEKTOWANIE W 3D<\/title>\n<meta name=\"description\" content=\"Wszystkie zabudowy warsztatowe s\u0105 projektowane na podstawie wytycznych Klienta z uwzgl\u0119dnieniem indywidualnych potrzeb.PROJEKTOWANIE W 3D\" \/>\n<meta name=\"robots\" content=\"index, follow, max-snippet:-1, max-image-preview:large, max-video-preview:-1\" \/>\n<link rel=\"canonical\" href=\"https:\/\/www.storevan.com\/pl\/projektowanie-3d\/\" \/>\n<meta property=\"og:locale\" content=\"pl_PL\" \/>\n<meta property=\"og:type\" content=\"article\" \/>\n<meta property=\"og:title\" content=\"PROJEKTOWANIE W 3D\" \/>\n<meta property=\"og:description\" content=\"Wszystkie zabudowy warsztatowe s\u0105 projektowane na podstawie wytycznych Klienta z uwzgl\u0119dnieniem indywidualnych potrzeb.PROJEKTOWANIE W 3D\" \/>\n<meta property=\"og:url\" content=\"https:\/\/www.storevan.com\/pl\/projektowanie-3d\/\" \/>\n<meta property=\"og:site_name\" content=\"Store Van\" \/>\n<meta property=\"article:modified_time\" content=\"2019-03-19T10:47:25+00:00\" \/>\n<meta property=\"og:image\" content=\"https:\/\/www.storevan.com\/wp-content\/uploads\/2016\/04\/PROGETTAZIONE.jpg\" \/>\n<meta name=\"twitter:label1\" content=\"Szacowany czas czytania\" \/>\n\t<meta name=\"twitter:data1\" content=\"1 minuta\" \/>\n<script type=\"application\/ld+json\" class=\"yoast-schema-graph\">{\"@context\":\"https:\/\/schema.org\",\"@graph\":[{\"@type\":\"WebPage\",\"@id\":\"https:\/\/www.storevan.com\/pl\/projektowanie-3d\/\",\"url\":\"https:\/\/www.storevan.com\/pl\/projektowanie-3d\/\",\"name\":\"PROJEKTOWANIE W 3D\",\"isPartOf\":{\"@id\":\"https:\/\/www.storevan.com\/pl\/#website\"},\"datePublished\":\"2016-04-08T13:56:30+00:00\",\"dateModified\":\"2019-03-19T10:47:25+00:00\",\"description\":\"Wszystkie zabudowy warsztatowe s\u0105 projektowane na podstawie wytycznych Klienta z uwzgl\u0119dnieniem indywidualnych potrzeb.PROJEKTOWANIE W 3D\",\"breadcrumb\":{\"@id\":\"https:\/\/www.storevan.com\/pl\/projektowanie-3d\/#breadcrumb\"},\"inLanguage\":\"pl-PL\",\"potentialAction\":[{\"@type\":\"ReadAction\",\"target\":[\"https:\/\/www.storevan.com\/pl\/projektowanie-3d\/\"]}]},{\"@type\":\"BreadcrumbList\",\"@id\":\"https:\/\/www.storevan.com\/pl\/projektowanie-3d\/#breadcrumb\",\"itemListElement\":[{\"@type\":\"ListItem\",\"position\":1,\"name\":\"Home\",\"item\":\"https:\/\/www.storevan.com\/pl\/\"},{\"@type\":\"ListItem\",\"position\":2,\"name\":\"PROJEKTOWANIE W 3D\"}]},{\"@type\":\"WebSite\",\"@id\":\"https:\/\/www.storevan.com\/pl\/#website\",\"url\":\"https:\/\/www.storevan.com\/pl\/\",\"name\":\"Store Van\",\"description\":\"Zabudowy\",\"potentialAction\":[{\"@type\":\"SearchAction\",\"target\":{\"@type\":\"EntryPoint\",\"urlTemplate\":\"https:\/\/www.storevan.com\/pl\/?s={search_term_string}\"},\"query-input\":\"required name=search_term_string\"}],\"inLanguage\":\"pl-PL\"}]}<\/script>\n<!-- \/ Yoast SEO plugin. -->","yoast_head_json":{"title":"PROJEKTOWANIE W 3D","description":"Wszystkie zabudowy warsztatowe s\u0105 projektowane na podstawie wytycznych Klienta z uwzgl\u0119dnieniem indywidualnych potrzeb.PROJEKTOWANIE W 3D","robots":{"index":"index","follow":"follow","max-snippet":"max-snippet:-1","max-image-preview":"max-image-preview:large","max-video-preview":"max-video-preview:-1"},"canonical":"https:\/\/www.storevan.com\/pl\/projektowanie-3d\/","og_locale":"pl_PL","og_type":"article","og_title":"PROJEKTOWANIE W 3D","og_description":"Wszystkie zabudowy warsztatowe s\u0105 projektowane na podstawie wytycznych Klienta z uwzgl\u0119dnieniem indywidualnych potrzeb.PROJEKTOWANIE W 3D","og_url":"https:\/\/www.storevan.com\/pl\/projektowanie-3d\/","og_site_name":"Store Van","article_modified_time":"2019-03-19T10:47:25+00:00","og_image":[{"url":"https:\/\/www.storevan.com\/wp-content\/uploads\/2016\/04\/PROGETTAZIONE.jpg"}],"twitter_misc":{"Szacowany czas czytania":"1 minuta"},"schema":{"@context":"https:\/\/schema.org","@graph":[{"@type":"WebPage","@id":"https:\/\/www.storevan.com\/pl\/projektowanie-3d\/","url":"https:\/\/www.storevan.com\/pl\/projektowanie-3d\/","name":"PROJEKTOWANIE W 3D","isPartOf":{"@id":"https:\/\/www.storevan.com\/pl\/#website"},"datePublished":"2016-04-08T13:56:30+00:00","dateModified":"2019-03-19T10:47:25+00:00","description":"Wszystkie zabudowy warsztatowe s\u0105 projektowane na podstawie wytycznych Klienta z uwzgl\u0119dnieniem indywidualnych potrzeb.PROJEKTOWANIE W 3D","breadcrumb":{"@id":"https:\/\/www.storevan.com\/pl\/projektowanie-3d\/#breadcrumb"},"inLanguage":"pl-PL","potentialAction":[{"@type":"ReadAction","target":["https:\/\/www.storevan.com\/pl\/projektowanie-3d\/"]}]},{"@type":"BreadcrumbList","@id":"https:\/\/www.storevan.com\/pl\/projektowanie-3d\/#breadcrumb","itemListElement":[{"@type":"ListItem","position":1,"name":"Home","item":"https:\/\/www.storevan.com\/pl\/"},{"@type":"ListItem","position":2,"name":"PROJEKTOWANIE W 3D"}]},{"@type":"WebSite","@id":"https:\/\/www.storevan.com\/pl\/#website","url":"https:\/\/www.storevan.com\/pl\/","name":"Store Van","description":"Zabudowy","potentialAction":[{"@type":"SearchAction","target":{"@type":"EntryPoint","urlTemplate":"https:\/\/www.storevan.com\/pl\/?s={search_term_string}"},"query-input":"required name=search_term_string"}],"inLanguage":"pl-PL"}]}},"_links":{"self":[{"href":"https:\/\/www.storevan.com\/pl\/wp-json\/wp\/v2\/pages\/8939"}],"collection":[{"href":"https:\/\/www.storevan.com\/pl\/wp-json\/wp\/v2\/pages"}],"about":[{"href":"https:\/\/www.storevan.com\/pl\/wp-json\/wp\/v2\/types\/page"}],"author":[{"embeddable":true,"href":"https:\/\/www.storevan.com\/pl\/wp-json\/wp\/v2\/users\/470"}],"replies":[{"embeddable":true,"href":"https:\/\/www.storevan.com\/pl\/wp-json\/wp\/v2\/comments?post=8939"}],"version-history":[{"count":2,"href":"https:\/\/www.storevan.com\/pl\/wp-json\/wp\/v2\/pages\/8939\/revisions"}],"predecessor-version":[{"id":99395,"href":"https:\/\/www.storevan.com\/pl\/wp-json\/wp\/v2\/pages\/8939\/revisions\/99395"}],"wp:attachment":[{"href":"https:\/\/www.storevan.com\/pl\/wp-json\/wp\/v2\/media?parent=8939"}],"curies":[{"name":"wp","href":"https:\/\/api.w.org\/{rel}","templated":true}]}}