{"id":8906,"date":"2015-12-02T15:23:08","date_gmt":"2015-12-02T14:23:08","guid":{"rendered":"https:\/\/www.storevan.com\/pl\/cargo-van-equipment-accessories\/"},"modified":"2025-04-16T14:17:27","modified_gmt":"2025-04-16T14:17:27","slug":"zabudowy-samochodowe-akcesoria","status":"publish","type":"page","link":"https:\/\/www.storevan.com\/pl\/produkty\/zabudowy-samochodowe-akcesoria\/","title":{"rendered":"Akcesoria Zabudowy samochod\u00f3w serwisowych"},"content":{"rendered":"<h1 class=\"customblackTitleSmall\">Akcesoria Zabudowy samochod\u00f3w serwisowych<\/h1>\n<p><img decoding=\"async\" loading=\"lazy\" class=\"aligncenter size-full wp-image-54952\" src=\"https:\/\/www.storevan.com\/wp-content\/uploads\/2015\/12\/accessori-allestimento-furgoni.jpg\" alt=\"Akcesoria Zabudowy samochod\u00f3w serwisowych\" width=\"1170\" height=\"250\" srcset=\"https:\/\/www.storevan.com\/wp-content\/uploads\/2015\/12\/accessori-allestimento-furgoni.jpg 1170w, https:\/\/www.storevan.com\/wp-content\/uploads\/2015\/12\/accessori-allestimento-furgoni-300x64.jpg 300w, https:\/\/www.storevan.com\/wp-content\/uploads\/2015\/12\/accessori-allestimento-furgoni-768x164.jpg 768w, https:\/\/www.storevan.com\/wp-content\/uploads\/2015\/12\/accessori-allestimento-furgoni-1024x219.jpg 1024w, https:\/\/www.storevan.com\/wp-content\/uploads\/2015\/12\/accessori-allestimento-furgoni-600x128.jpg 600w\" sizes=\"(max-width: 1170px) 100vw, 1170px\" \/><\/p>\n<p>Modu\u0142owo\u015b\u0107 <strong>akcesoria<\/strong> &#8211; <strong>Zabudowy samochod\u00f3w serwisowych<\/strong> &#8211; naszego systemu gwarantuje pe\u0142ne dopasowanie zabudowy do ka\u017cdego auta serwisowego. Spos\u00f3b monta\u017cu zosta\u0142 tak zaprojektowany aby zapewni\u0107 maksymaln\u0105 swobod\u0119 i dost\u0119p do potrzebnych narz\u0119dzi w ka\u017cdym ustawieniu. Modu\u0142owa koncepcja naszego systemu gwarantuje mo\u017cliwo\u015b\u0107 ca\u0142kowitego dostosowania rozwi\u0105zania do wszelkich indywidualnych potrzeb klienta. Wyposa\u017cenie Store Van jest projektowane z my\u015bl\u0105 o tych, kt\u00f3rzy codziennie wykonuj\u0105 swoj\u0105 prac\u0119 w terenie.\u00a0Znaj\u0105c ich potrzeby i wymagania\u00a0 Store Van oferuje ca\u0142\u0105 gam\u0119 akcesori\u00f3w, kt\u00f3re u\u0142atwiaj\u0105 prac\u0119, pozwalaj\u0105 utrzyma\u0107 porz\u0105dek, tak, \u017ceby wszystko by\u0142o w zasi\u0119gu r\u0119ki, a u\u017cytkownik zabudowy nie traci\u0142 czasu w poszukiwaniu narz\u0119dzi i sprz\u0119t\u00f3w potrzebnych do wykonania pracy.<\/p>\n<hr class=\"noColor\">\n<div class=\"headingcase free_thirds\">\n<div class=\"one_third\">\n<img decoding=\"async\" loading=\"lazy\" src=\"https:\/\/www.storevan.com\/wp-content\/uploads\/2021\/03\/Cestino-Store-Van.jpg\" alt=\"Kosz pojemno\u015b\u0107 25 litr\u00f3w\" width=\"350\" height=\"250\" class=\"aligncenter size-full wp-image-124871\" srcset=\"https:\/\/www.storevan.com\/wp-content\/uploads\/2021\/03\/Cestino-Store-Van.jpg 350w, https:\/\/www.storevan.com\/wp-content\/uploads\/2021\/03\/Cestino-Store-Van-300x214.jpg 300w\" sizes=\"(max-width: 350px) 100vw, 350px\" \/><\/p>\n<p class=\"txtGrey\">Kosz pojemno\u015b\u0107 25 litr\u00f3w, 362x221x370 MM H<\/p>\n<\/div>\n<div class=\"one_third\">\n<img decoding=\"async\" loading=\"lazy\" class=\"aligncenter size-full\" src=\"https:\/\/www.storevan.com\/wp-content\/themes\/oceanplaza_2.2-child\/img\/totem\/accessori\/dispenser.jpg\" alt=\"Podstawka na dozowniki obrotowa\" width=\"350\" height=\"250\" \/><\/p>\n<p class=\"txtGrey\">Podstawka na dozowniki obrotowa<\/p>\n<\/div>\n<div class=\"one_third last\">\n<img decoding=\"async\" loading=\"lazy\" class=\"aligncenter size-full\" src=\"https:\/\/www.storevan.com\/wp-content\/themes\/oceanplaza_2.2-child\/img\/totem\/accessori\/gloves.jpg\" alt=\"Uchwyt na r\u0119kawiczki jednorazowe\" width=\"350\" height=\"250\" \/><\/p>\n<p class=\"txtGrey\">Uchwyt na r\u0119kawiczki jednorazowe<\/p>\n<\/div><div class=\"clearboth\"><\/div>\n<div class=\"one_third\">\n<a href=\"https:\/\/www.storevan.com\/pl\/produkty\/skladany-stol-warsztatowy\/\"><img decoding=\"async\" loading=\"lazy\" class=\"aligncenter size-full\" src=\"https:\/\/www.storevan.com\/wp-content\/uploads\/2022\/01\/banchi-da-lavoro-pieghevoli-storevan.gif\" alt=\"SK\u0141ADANY ST\u00d3\u0141 WARSZTATOWY\" width=\"350\" height=\"250\" \/><\/a><\/p>\n<p class=\"txtGrey\"><a href=\"https:\/\/www.storevan.com\/pl\/produkty\/skladany-stol-warsztatowy\/\">SK\u0141ADANY ST\u00d3\u0141 WARSZTATOWY<\/a><\/p>\n<\/div>\n<div class=\"one_third\">\n<img decoding=\"async\" loading=\"lazy\" class=\"aligncenter size-full\" src=\"https:\/\/www.storevan.com\/wp-content\/uploads\/2020\/04\/Portadocumenti-Sedile.jpg\" alt=\"Organizer na dokumenty mocowany do fotela\" width=\"350\" height=\"250\" \/><\/p>\n<p class=\"txtGrey\">Organizer na dokumenty mocowany do fotela<\/p>\n<\/div>\n<div class=\"one_third last\">\n<a href=\"https:\/\/www.storevan.com\/pl\/produkty\/zabudowa-nadkola\/\"><img decoding=\"async\" loading=\"lazy\" class=\"aligncenter size-full wp-image-108673\" src=\"https:\/\/www.storevan.com\/wp-content\/uploads\/2019\/09\/ACS-copripassaruota.jpg\" alt=\"Zabudowa nadkola\" width=\"350\" height=\"250\" srcset=\"https:\/\/www.storevan.com\/wp-content\/uploads\/2019\/09\/ACS-copripassaruota.jpg 350w, https:\/\/www.storevan.com\/wp-content\/uploads\/2019\/09\/ACS-copripassaruota-300x214.jpg 300w\" sizes=\"(max-width: 350px) 100vw, 350px\" \/><\/a><\/p>\n<p class=\"txtGrey\"><a href=\"https:\/\/www.storevan.com\/pl\/produkty\/zabudowa-nadkola\/\">Zabudowa nadkola<\/a><\/p>\n<\/div><div class=\"clearboth\"><\/div>\n<div class=\"one_third\">\n<p><img decoding=\"async\" loading=\"lazy\" class=\"aligncenter size-full wp-image-80832\" src=\"https:\/\/www.storevan.com\/wp-content\/uploads\/2018\/07\/ACS-01.jpg\" alt=\"POJEMNIK NA \u015aCIERECZKI DO R\u0104K\" width=\"350\" height=\"250\" srcset=\"https:\/\/www.storevan.com\/wp-content\/uploads\/2018\/07\/ACS-01.jpg 350w, https:\/\/www.storevan.com\/wp-content\/uploads\/2018\/07\/ACS-01-300x214.jpg 300w\" sizes=\"(max-width: 350px) 100vw, 350px\" \/><\/p>\n<p class=\"txtGrey\">POJEMNIK NA \u015aCIERECZKI DO R\u0104K<\/p>\n<\/div><div class=\"one_third\">\n<p><img decoding=\"async\" loading=\"lazy\" class=\"aligncenter size-full wp-image-80838\" src=\"https:\/\/www.storevan.com\/wp-content\/uploads\/2018\/07\/ACS-02.jpg\" alt=\"UCHWYT NA POJEMNIK\" width=\"350\" height=\"250\" srcset=\"https:\/\/www.storevan.com\/wp-content\/uploads\/2018\/07\/ACS-02.jpg 350w, https:\/\/www.storevan.com\/wp-content\/uploads\/2018\/07\/ACS-02-300x214.jpg 300w\" sizes=\"(max-width: 350px) 100vw, 350px\" \/><\/p>\n<p class=\"txtGrey\">UCHWYT NA POJEMNIK<\/p>\n<\/div><div class=\"one_third last\">\n<p><img decoding=\"async\" loading=\"lazy\" class=\"aligncenter size-full wp-image-80845\" src=\"https:\/\/www.storevan.com\/wp-content\/uploads\/2018\/07\/ACS-03.jpg\" alt=\"Uchwyt na skrzynk\u0119\" width=\"350\" height=\"250\" srcset=\"https:\/\/www.storevan.com\/wp-content\/uploads\/2018\/07\/ACS-03.jpg 350w, https:\/\/www.storevan.com\/wp-content\/uploads\/2018\/07\/ACS-03-300x214.jpg 300w\" sizes=\"(max-width: 350px) 100vw, 350px\" \/><\/p>\n<p class=\"txtGrey\">Uchwyt na skrzynk\u0119<\/p>\n<\/div><div class=\"clearboth\"><\/div>\n<div class=\"one_third\">\n<p><img decoding=\"async\" loading=\"lazy\" class=\"aligncenter wp-image-7714 size-full\" src=\"https:\/\/www.storevan.com\/wp-content\/uploads\/2015\/12\/ACS_001.jpg\" alt=\"Zestaw do mycia r\u0105k\" width=\"350\" height=\"250\" \/><\/p>\n<p class=\"txtGrey\">Zestaw do mycia r\u0105k<\/p>\n<\/div><div class=\"one_third\">\n<p><img decoding=\"async\" loading=\"lazy\" class=\"aligncenter wp-image-7716 size-full\" src=\"https:\/\/www.storevan.com\/wp-content\/uploads\/2015\/12\/ACS_002.jpg\" alt=\"Uchwyt na metalowy kanister 20l\" width=\"350\" height=\"250\" \/><\/p>\n<p class=\"txtGrey\">Uchwyt na metalowy kanister 20l<\/p>\n<\/div><div class=\"one_third last\">\n<p><img decoding=\"async\" loading=\"lazy\" class=\"aligncenter wp-image-7718 size-full\" src=\"https:\/\/www.storevan.com\/wp-content\/uploads\/2015\/12\/ACS_003-004.jpg\" alt=\"Ga\u015bnica\" width=\"350\" height=\"250\" \/><\/p>\n<p class=\"txtGrey\">Ga\u015bnica 4 kg<\/p>\n<\/div><div class=\"clearboth\"><\/div>\n<div class=\"one_third\">\n<p><img decoding=\"async\" loading=\"lazy\" class=\"aligncenter wp-image-7723 size-full\" src=\"https:\/\/www.storevan.com\/wp-content\/uploads\/2016\/04\/ACS_004.jpg\" alt=\"Apteczka\" width=\"350\" height=\"250\" \/><\/p>\n<p class=\"txtGrey\">Apteczka<\/p>\n<\/div><div class=\"one_third\">\n<p><img decoding=\"async\" loading=\"lazy\" class=\"aligncenter wp-image-7725 size-full\" src=\"https:\/\/www.storevan.com\/wp-content\/uploads\/2016\/04\/ACS_005.jpg\" alt=\"Uchwyt na r\u0119cznik papierowy \u015brednica 140 mm\" width=\"350\" height=\"250\" \/><\/p>\n<p class=\"txtGrey\">Uchwyt na r\u0119cznik papierowy \u015brednica 140 mm<\/p>\n<\/div><div class=\"one_third last\">\n<p><img decoding=\"async\" loading=\"lazy\" class=\"aligncenter wp-image-7731 size-full\" src=\"https:\/\/www.storevan.com\/wp-content\/uploads\/2016\/04\/ACS_012.jpg\" alt=\"Uchwyt na r\u0119cznik papierowy \u015brednica 240 mm\" width=\"350\" height=\"250\" \/><\/p>\n<p class=\"txtGrey\">Uchwyt na r\u0119cznik papierowy \u015brednica 240 mm<\/p>\n<\/div><div class=\"clearboth\"><\/div>\n<div class=\"one_third\">\n<p><img decoding=\"async\" loading=\"lazy\" src=\"https:\/\/www.storevan.com\/wp-content\/uploads\/2019\/05\/DSC5345.jpg\" alt=\"Kiesze\u0144 na maty antypo\u015blizgowe\" width=\"350\" height=\"250\" class=\"aligncenter size-full wp-image-102030\" srcset=\"https:\/\/www.storevan.com\/wp-content\/uploads\/2019\/05\/DSC5345.jpg 350w, https:\/\/www.storevan.com\/wp-content\/uploads\/2019\/05\/DSC5345-300x214.jpg 300w\" sizes=\"(max-width: 350px) 100vw, 350px\" \/><\/p>\n<p class=\"txtGrey\">Kiesze\u0144 na maty antypo\u015blizgowe<\/p>\n<\/div><div class=\"one_third\">\n<p><img decoding=\"async\" loading=\"lazy\" src=\"https:\/\/www.storevan.com\/wp-content\/uploads\/2019\/05\/DSC5366.jpg\" alt=\"Kiesze\u0144 na dokumenty\" width=\"350\" height=\"250\" class=\"aligncenter size-full wp-image-102036\" srcset=\"https:\/\/www.storevan.com\/wp-content\/uploads\/2019\/05\/DSC5366.jpg 350w, https:\/\/www.storevan.com\/wp-content\/uploads\/2019\/05\/DSC5366-300x214.jpg 300w\" sizes=\"(max-width: 350px) 100vw, 350px\" \/><\/p>\n<p class=\"txtGrey\">Kiesze\u0144 na dokumenty<\/p>\n<\/div>\n<div class=\"one_third last\">\n<p><img decoding=\"async\" loading=\"lazy\" src=\"https:\/\/www.storevan.com\/wp-content\/uploads\/2019\/05\/DSC5366-1.jpg\" alt=\"Uchwyt na puszki 2-miejscowy\" width=\"350\" height=\"250\" class=\"aligncenter size-full wp-image-102042\" srcset=\"https:\/\/www.storevan.com\/wp-content\/uploads\/2019\/05\/DSC5366-1.jpg 350w, https:\/\/www.storevan.com\/wp-content\/uploads\/2019\/05\/DSC5366-1-300x214.jpg 300w\" sizes=\"(max-width: 350px) 100vw, 350px\" \/><\/p>\n<p class=\"txtGrey\">Uchwyt na puszki (2-miejscowy)<\/p>\n<\/div><div class=\"clearboth\"><\/div><div class=\"one_third\">\n<p><img decoding=\"async\" loading=\"lazy\" class=\"aligncenter wp-image-7729 size-full\" src=\"https:\/\/www.storevan.com\/wp-content\/uploads\/2016\/04\/ACS_007.jpg\" alt=\"Uchwyt na spraye 365 \/ 445 mm\" width=\"350\" height=\"250\" \/><\/p>\n<p class=\"txtGrey\">Uchwyt na spraye<br \/>\nDost\u0119pne do modu\u0142\u00f3w o wymiarach:\u00a0365 \/ 445 mm<\/p>\n<\/div><div class=\"one_third\">\n<p><img decoding=\"async\" loading=\"lazy\" class=\"aligncenter size-full wp-image-54744\" src=\"https:\/\/www.storevan.com\/wp-content\/uploads\/2015\/12\/accessori-furgoni-supporto-siliconi.jpg\" alt=\"Uchwyt na zestaw silikonowy\" width=\"350\" height=\"250\" srcset=\"https:\/\/www.storevan.com\/wp-content\/uploads\/2015\/12\/accessori-furgoni-supporto-siliconi.jpg 350w, https:\/\/www.storevan.com\/wp-content\/uploads\/2015\/12\/accessori-furgoni-supporto-siliconi-300x214.jpg 300w\" sizes=\"(max-width: 350px) 100vw, 350px\" \/><\/p>\n<p class=\"txtGrey\"><a href=\"https:\/\/www.storevan.com\/pl\/uchwyt-na-zestaw-silikonowy\/\">Uchwyt na zestaw silikonowy<\/a><br \/>\nDost\u0119pne do modu\u0142\u00f3w o wymiarach:\u00a0365 \/ 445 mm<\/p>\n<\/div>\n<div class=\"one_third last\">\n<p><img decoding=\"async\" loading=\"lazy\" class=\"aligncenter size-full wp-image-54750\" src=\"https:\/\/www.storevan.com\/wp-content\/uploads\/2015\/12\/accessori-furgoni-porta-siliconi-bombolette.jpg\" alt=\"Uchwyt na zestaw silikon spraye\" width=\"350\" height=\"250\" srcset=\"https:\/\/www.storevan.com\/wp-content\/uploads\/2015\/12\/accessori-furgoni-porta-siliconi-bombolette.jpg 350w, https:\/\/www.storevan.com\/wp-content\/uploads\/2015\/12\/accessori-furgoni-porta-siliconi-bombolette-300x214.jpg 300w\" sizes=\"(max-width: 350px) 100vw, 350px\" \/><\/p>\n<p class=\"txtGrey\"><a href=\"https:\/\/www.storevan.com\/pl\/uchwyt-na-zestaw-silikon-spraye\/\">Uchwyt na zestaw silikon\u00a0spraye<\/a><br \/>\nDost\u0119pne do modu\u0142\u00f3w o wymiarach:\u00a0365 \/ 445 mm<\/p>\n<\/div><div class=\"clearboth\"><\/div><div class=\"one_third\">\n<p><img decoding=\"async\" loading=\"lazy\" class=\"aligncenter wp-image-7735 size-full\" src=\"https:\/\/www.storevan.com\/wp-content\/uploads\/2016\/04\/ACS_014.jpg\" alt=\"Uchwyt na w\u0119\u017ce\" width=\"350\" height=\"250\" \/><\/p>\n<p class=\"txtGrey\">Uchwyt na w\u0119\u017ce<br \/>\nDost\u0119pne do modu\u0142\u00f3w o wymiarach:\u00a0265 \/ 365 \/ 445 mm<\/p>\n<\/div><div class=\"one_third\">\n<p><img decoding=\"async\" loading=\"lazy\" class=\"aligncenter size-full wp-image-54756\" src=\"https:\/\/www.storevan.com\/wp-content\/uploads\/2015\/12\/accessori-furgoni-sella-reggicavo.jpg\" alt=\"Uchwyt na w\u0119\u017ce\" width=\"350\" height=\"250\" srcset=\"https:\/\/www.storevan.com\/wp-content\/uploads\/2015\/12\/accessori-furgoni-sella-reggicavo.jpg 350w, https:\/\/www.storevan.com\/wp-content\/uploads\/2015\/12\/accessori-furgoni-sella-reggicavo-300x214.jpg 300w\" sizes=\"(max-width: 350px) 100vw, 350px\" \/><\/p>\n<p class=\"txtGrey\"><a href=\"https:\/\/www.storevan.com\/pl\/uchwyt-na-weze\/\">Uchwyt na w\u0119\u017ce<\/a><br \/>\nDost\u0119pne do modu\u0142\u00f3w o wymiarach:\u00a0365 \/ 445 mm<\/p>\n<\/div>\n<div class=\"one_third last\">\n<p><img decoding=\"async\" loading=\"lazy\" class=\"aligncenter size-full wp-image-54763\" src=\"https:\/\/www.storevan.com\/wp-content\/uploads\/2015\/12\/accessori-furgoni-supporto-barre-filettate-ganci.jpg\" alt=\"Uchwyt na pr\u0119ty gwintowane\" width=\"350\" height=\"250\" srcset=\"https:\/\/www.storevan.com\/wp-content\/uploads\/2015\/12\/accessori-furgoni-supporto-barre-filettate-ganci.jpg 350w, https:\/\/www.storevan.com\/wp-content\/uploads\/2015\/12\/accessori-furgoni-supporto-barre-filettate-ganci-300x214.jpg 300w\" sizes=\"(max-width: 350px) 100vw, 350px\" \/><\/p>\n<p class=\"txtGrey\"><a href=\"https:\/\/www.storevan.com\/pl\/uchwyt-na-prety-gwintowane\/\">Uchwyt na pr\u0119ty gwintowane<\/a><br \/>\nDost\u0119pne do modu\u0142\u00f3w o wymiarach:\u00a0365 \/ 445 mm<\/p>\n<\/div><div class=\"clearboth\"><\/div><div class=\"one_third\">\n<p><img decoding=\"async\" loading=\"lazy\" class=\"aligncenter wp-image-7743 size-full\" src=\"https:\/\/www.storevan.com\/wp-content\/uploads\/2016\/04\/ACS_025.jpg\" alt=\"Lampa ledowa\" width=\"350\" height=\"250\" \/><\/p>\n<p class=\"txtGrey\">Lampa ledowa<\/p>\n<\/div><div class=\"one_third\">\n<p><img decoding=\"async\" loading=\"lazy\" class=\"aligncenter wp-image-7745 size-full\" src=\"https:\/\/www.storevan.com\/wp-content\/uploads\/2016\/04\/ACS_calamite.jpg\" alt=\"Zestaw 10 magnes\u00f3w, \u015brednica 10 -25 mm\" width=\"350\" height=\"250\" \/><\/p>\n<p class=\"txtGrey\">Zestaw 10 magnes\u00f3w, \u015brednica 10 -25 mm<\/p>\n<\/div>\n<div class=\"one_third last\">\n<p><img decoding=\"async\" loading=\"lazy\" class=\"aligncenter wp-image-7747 size-full\" src=\"https:\/\/www.storevan.com\/wp-content\/uploads\/2016\/04\/ACS_cinghia1.jpg\" alt=\"Uchwyt do ga\u015bnicy\" width=\"350\" height=\"250\" \/><\/p>\n<p class=\"txtGrey\">Uchwyt do ga\u015bnicy<\/p>\n<\/div><div class=\"clearboth\"><\/div><div class=\"one_third\">\n<p><img decoding=\"async\" loading=\"lazy\" class=\"aligncenter wp-image-7751 size-full\" src=\"https:\/\/www.storevan.com\/wp-content\/uploads\/2016\/04\/ACS_cinghia4.jpg\" alt=\"Listwa z pasem na grzechotk\u0119, All Safe L=365 mm\" width=\"350\" height=\"250\" \/><\/p>\n<p class=\"txtGrey\">Listwa z pasem na grzechotk\u0119, All Safe L=365\/465 mm<\/p>\n<\/div><div class=\"one_third\">\n<p><img decoding=\"async\" loading=\"lazy\" class=\"aligncenter wp-image-7749 size-full\" src=\"https:\/\/www.storevan.com\/wp-content\/uploads\/2016\/04\/ACS_cinghia2.jpg\" alt=\"Listwa z pasem na zatrzask, All Safe L=365\/465 mm\" width=\"350\" height=\"250\" \/><\/p>\n<p class=\"txtGrey\">Listwa z pasem na zatrzask, All Safe L=365\/465 mm<\/p>\n<\/div>\n<div class=\"one_third last\">\n<p><img decoding=\"async\" loading=\"lazy\" class=\"aligncenter size-full wp-image-95866\" src=\"https:\/\/www.storevan.com\/wp-content\/uploads\/2019\/01\/F22VTV.jpg\" alt=\"ZAMEK CYLINDRYCZNY ANTYW\u0141AMANIOWY CERTYFIKOWANY NA ROZWIERCANIE \" width=\"350\" height=\"250\" srcset=\"https:\/\/www.storevan.com\/wp-content\/uploads\/2019\/01\/F22VTV.jpg 350w, https:\/\/www.storevan.com\/wp-content\/uploads\/2019\/01\/F22VTV-300x214.jpg 300w\" sizes=\"(max-width: 350px) 100vw, 350px\" \/><\/p>\n<p class=\"txtGrey\">ZAMEK CYLINDRYCZNY ANTYW\u0141AMANIOWY CERTYFIKOWANY NA ROZWIERCANIE <\/p>\n<\/div><div class=\"clearboth\"><\/div>\n<div class=\"one_third last\">\n<p><img decoding=\"async\" loading=\"lazy\" class=\"aligncenter size-full wp-image-96171\" src=\"https:\/\/www.storevan.com\/wp-content\/uploads\/2019\/01\/Copertura-acciaio-gommato.jpg\" alt=\"Nak\u0142adka stalowa pokryta gum\u0105 dla blatu z multiplexu\" width=\"350\" height=\"250\" srcset=\"https:\/\/www.storevan.com\/wp-content\/uploads\/2019\/01\/Copertura-acciaio-gommato.jpg 350w, https:\/\/www.storevan.com\/wp-content\/uploads\/2019\/01\/Copertura-acciaio-gommato-300x214.jpg 300w\" sizes=\"(max-width: 350px) 100vw, 350px\" \/><\/p>\n<p class=\"txtGrey\">Nak\u0142adka stalowa pokryta gum\u0105 dla blatu z multiplexu <a href=\"https:\/\/www.storevan.com\/pl\/produkty\/moduly\/\">WORK WOOD<\/a><\/p>\n<\/div><div class=\"clearboth\"><\/div><\/div>\n","protected":false},"excerpt":{"rendered":"<p>Akcesoria Zabudowy samochod\u00f3w serwisowych Modu\u0142owo\u015b\u0107 akcesoria &#8211; Zabudowy samochod\u00f3w serwisowych &#8211; naszego systemu gwarantuje pe\u0142ne dopasowanie zabudowy do ka\u017cdego auta serwisowego. Spos\u00f3b monta\u017cu zosta\u0142 tak zaprojektowany aby zapewni\u0107 maksymaln\u0105 swobod\u0119.<\/p>\n","protected":false},"author":470,"featured_media":0,"parent":8994,"menu_order":0,"comment_status":"closed","ping_status":"closed","template":"","meta":[],"acf":[],"yoast_head":"<!-- This site is optimized with the Yoast SEO plugin v20.11 - https:\/\/yoast.com\/wordpress\/plugins\/seo\/ -->\n<title>Akcesoria Zabudowy samochod\u00f3w serwisowych<\/title>\n<meta name=\"description\" content=\"Akcesoria: Zabudowy samochod\u00f3w serwisowych - Store Van - Modu\u0142owo\u015b\u0107 naszego systemu gwarantuje pe\u0142ne dopasowanie zabudowy do ka\u017cdego auta serwisowego.\" \/>\n<meta name=\"robots\" content=\"index, follow, max-snippet:-1, max-image-preview:large, max-video-preview:-1\" \/>\n<link rel=\"canonical\" href=\"https:\/\/www.storevan.com\/pl\/produkty\/zabudowy-samochodowe-akcesoria\/\" \/>\n<meta property=\"og:locale\" content=\"pl_PL\" \/>\n<meta property=\"og:type\" content=\"article\" \/>\n<meta property=\"og:title\" content=\"Akcesoria Zabudowy samochod\u00f3w serwisowych\" \/>\n<meta property=\"og:description\" content=\"Akcesoria: Zabudowy samochod\u00f3w serwisowych - Store Van - Modu\u0142owo\u015b\u0107 naszego systemu gwarantuje pe\u0142ne dopasowanie zabudowy do ka\u017cdego auta serwisowego.\" \/>\n<meta property=\"og:url\" content=\"https:\/\/www.storevan.com\/pl\/produkty\/zabudowy-samochodowe-akcesoria\/\" \/>\n<meta property=\"og:site_name\" content=\"Store Van\" \/>\n<meta property=\"article:modified_time\" content=\"2025-04-16T14:17:27+00:00\" \/>\n<meta property=\"og:image\" content=\"https:\/\/www.storevan.com\/wp-content\/uploads\/2015\/12\/accessori-allestimento-furgoni.jpg\" \/>\n<meta name=\"twitter:label1\" content=\"Szacowany czas czytania\" \/>\n\t<meta name=\"twitter:data1\" content=\"10 minut\" \/>\n<script type=\"application\/ld+json\" class=\"yoast-schema-graph\">{\"@context\":\"https:\/\/schema.org\",\"@graph\":[{\"@type\":\"WebPage\",\"@id\":\"https:\/\/www.storevan.com\/pl\/produkty\/zabudowy-samochodowe-akcesoria\/\",\"url\":\"https:\/\/www.storevan.com\/pl\/produkty\/zabudowy-samochodowe-akcesoria\/\",\"name\":\"Akcesoria Zabudowy samochod\u00f3w serwisowych\",\"isPartOf\":{\"@id\":\"https:\/\/www.storevan.com\/pl\/#website\"},\"datePublished\":\"2015-12-02T14:23:08+00:00\",\"dateModified\":\"2025-04-16T14:17:27+00:00\",\"description\":\"Akcesoria: Zabudowy samochod\u00f3w serwisowych - Store Van - Modu\u0142owo\u015b\u0107 naszego systemu gwarantuje pe\u0142ne dopasowanie zabudowy do ka\u017cdego auta serwisowego.\",\"breadcrumb\":{\"@id\":\"https:\/\/www.storevan.com\/pl\/produkty\/zabudowy-samochodowe-akcesoria\/#breadcrumb\"},\"inLanguage\":\"pl-PL\",\"potentialAction\":[{\"@type\":\"ReadAction\",\"target\":[\"https:\/\/www.storevan.com\/pl\/produkty\/zabudowy-samochodowe-akcesoria\/\"]}]},{\"@type\":\"BreadcrumbList\",\"@id\":\"https:\/\/www.storevan.com\/pl\/produkty\/zabudowy-samochodowe-akcesoria\/#breadcrumb\",\"itemListElement\":[{\"@type\":\"ListItem\",\"position\":1,\"name\":\"Home\",\"item\":\"https:\/\/www.storevan.com\/pl\/\"},{\"@type\":\"ListItem\",\"position\":2,\"name\":\"Produkty\",\"item\":\"https:\/\/www.storevan.com\/pl\/produkty\/\"},{\"@type\":\"ListItem\",\"position\":3,\"name\":\"Akcesoria Zabudowy samochod\u00f3w serwisowych\"}]},{\"@type\":\"WebSite\",\"@id\":\"https:\/\/www.storevan.com\/pl\/#website\",\"url\":\"https:\/\/www.storevan.com\/pl\/\",\"name\":\"Store Van\",\"description\":\"Zabudowy\",\"potentialAction\":[{\"@type\":\"SearchAction\",\"target\":{\"@type\":\"EntryPoint\",\"urlTemplate\":\"https:\/\/www.storevan.com\/pl\/?s={search_term_string}\"},\"query-input\":\"required name=search_term_string\"}],\"inLanguage\":\"pl-PL\"}]}<\/script>\n<!-- \/ Yoast SEO plugin. -->","yoast_head_json":{"title":"Akcesoria Zabudowy samochod\u00f3w serwisowych","description":"Akcesoria: Zabudowy samochod\u00f3w serwisowych - Store Van - Modu\u0142owo\u015b\u0107 naszego systemu gwarantuje pe\u0142ne dopasowanie zabudowy do ka\u017cdego auta serwisowego.","robots":{"index":"index","follow":"follow","max-snippet":"max-snippet:-1","max-image-preview":"max-image-preview:large","max-video-preview":"max-video-preview:-1"},"canonical":"https:\/\/www.storevan.com\/pl\/produkty\/zabudowy-samochodowe-akcesoria\/","og_locale":"pl_PL","og_type":"article","og_title":"Akcesoria Zabudowy samochod\u00f3w serwisowych","og_description":"Akcesoria: Zabudowy samochod\u00f3w serwisowych - Store Van - Modu\u0142owo\u015b\u0107 naszego systemu gwarantuje pe\u0142ne dopasowanie zabudowy do ka\u017cdego auta serwisowego.","og_url":"https:\/\/www.storevan.com\/pl\/produkty\/zabudowy-samochodowe-akcesoria\/","og_site_name":"Store Van","article_modified_time":"2025-04-16T14:17:27+00:00","og_image":[{"url":"https:\/\/www.storevan.com\/wp-content\/uploads\/2015\/12\/accessori-allestimento-furgoni.jpg"}],"twitter_misc":{"Szacowany czas czytania":"10 minut"},"schema":{"@context":"https:\/\/schema.org","@graph":[{"@type":"WebPage","@id":"https:\/\/www.storevan.com\/pl\/produkty\/zabudowy-samochodowe-akcesoria\/","url":"https:\/\/www.storevan.com\/pl\/produkty\/zabudowy-samochodowe-akcesoria\/","name":"Akcesoria Zabudowy samochod\u00f3w serwisowych","isPartOf":{"@id":"https:\/\/www.storevan.com\/pl\/#website"},"datePublished":"2015-12-02T14:23:08+00:00","dateModified":"2025-04-16T14:17:27+00:00","description":"Akcesoria: Zabudowy samochod\u00f3w serwisowych - Store Van - Modu\u0142owo\u015b\u0107 naszego systemu gwarantuje pe\u0142ne dopasowanie zabudowy do ka\u017cdego auta serwisowego.","breadcrumb":{"@id":"https:\/\/www.storevan.com\/pl\/produkty\/zabudowy-samochodowe-akcesoria\/#breadcrumb"},"inLanguage":"pl-PL","potentialAction":[{"@type":"ReadAction","target":["https:\/\/www.storevan.com\/pl\/produkty\/zabudowy-samochodowe-akcesoria\/"]}]},{"@type":"BreadcrumbList","@id":"https:\/\/www.storevan.com\/pl\/produkty\/zabudowy-samochodowe-akcesoria\/#breadcrumb","itemListElement":[{"@type":"ListItem","position":1,"name":"Home","item":"https:\/\/www.storevan.com\/pl\/"},{"@type":"ListItem","position":2,"name":"Produkty","item":"https:\/\/www.storevan.com\/pl\/produkty\/"},{"@type":"ListItem","position":3,"name":"Akcesoria Zabudowy samochod\u00f3w serwisowych"}]},{"@type":"WebSite","@id":"https:\/\/www.storevan.com\/pl\/#website","url":"https:\/\/www.storevan.com\/pl\/","name":"Store Van","description":"Zabudowy","potentialAction":[{"@type":"SearchAction","target":{"@type":"EntryPoint","urlTemplate":"https:\/\/www.storevan.com\/pl\/?s={search_term_string}"},"query-input":"required name=search_term_string"}],"inLanguage":"pl-PL"}]}},"_links":{"self":[{"href":"https:\/\/www.storevan.com\/pl\/wp-json\/wp\/v2\/pages\/8906"}],"collection":[{"href":"https:\/\/www.storevan.com\/pl\/wp-json\/wp\/v2\/pages"}],"about":[{"href":"https:\/\/www.storevan.com\/pl\/wp-json\/wp\/v2\/types\/page"}],"author":[{"embeddable":true,"href":"https:\/\/www.storevan.com\/pl\/wp-json\/wp\/v2\/users\/470"}],"replies":[{"embeddable":true,"href":"https:\/\/www.storevan.com\/pl\/wp-json\/wp\/v2\/comments?post=8906"}],"version-history":[{"count":29,"href":"https:\/\/www.storevan.com\/pl\/wp-json\/wp\/v2\/pages\/8906\/revisions"}],"predecessor-version":[{"id":159354,"href":"https:\/\/www.storevan.com\/pl\/wp-json\/wp\/v2\/pages\/8906\/revisions\/159354"}],"up":[{"embeddable":true,"href":"https:\/\/www.storevan.com\/pl\/wp-json\/wp\/v2\/pages\/8994"}],"wp:attachment":[{"href":"https:\/\/www.storevan.com\/pl\/wp-json\/wp\/v2\/media?parent=8906"}],"curies":[{"name":"wp","href":"https:\/\/api.w.org\/{rel}","templated":true}]}}