{"id":8890,"date":"2016-05-18T14:07:14","date_gmt":"2016-05-18T14:07:14","guid":{"rendered":"https:\/\/www.storevan.com\/pl\/storage-bins-for-vans\/"},"modified":"2020-04-20T15:03:34","modified_gmt":"2020-04-20T15:03:34","slug":"pojemniki-samochodow-dostawczych","status":"publish","type":"page","link":"https:\/\/www.storevan.com\/pl\/produkty\/pojemniki-samochodow-dostawczych\/","title":{"rendered":"Pojemniki samochod\u00f3w dostawczych"},"content":{"rendered":"<h1 class=\"customblackTitleSmall\">Pojemniki samochod\u00f3w dostawczych<\/h1>\n<p><img decoding=\"async\" loading=\"lazy\" class=\"aligncenter wp-image-22523 size-full\" src=\"https:\/\/www.storevan.com\/wp-content\/uploads\/2016\/05\/CONTENITORI_intro.jpg\" alt=\"Pojemniki samochod\u00f3w dostawczych\" width=\"1170\" height=\"250\" srcset=\"https:\/\/www.storevan.com\/wp-content\/uploads\/2016\/05\/CONTENITORI_intro.jpg 1170w, https:\/\/www.storevan.com\/wp-content\/uploads\/2016\/05\/CONTENITORI_intro-300x64.jpg 300w, https:\/\/www.storevan.com\/wp-content\/uploads\/2016\/05\/CONTENITORI_intro-768x164.jpg 768w, https:\/\/www.storevan.com\/wp-content\/uploads\/2016\/05\/CONTENITORI_intro-1024x219.jpg 1024w, https:\/\/www.storevan.com\/wp-content\/uploads\/2016\/05\/CONTENITORI_intro-600x128.jpg 600w\" sizes=\"(max-width: 1170px) 100vw, 1170px\" \/><\/p>\n<p>Wszystkie produkty Store Van zosta\u0142y zaprojektowane by optymalnie wykorzysta\u0107 przestrze\u0144 \u0142adunkow\u0105,\u00a0<strong>u\u0142atwi\u0107 poruszanie si\u0119 i sprawi\u0107 by wszystkie produkty by\u0142y zawsze pod r\u0119k\u0105. W ten spos\u00f3b oszcz\u0119dzamy czas i miejsce<\/strong> bo narz\u0119dzia i akcesoria s\u0105 bezpiecznie przechowywane. Nasze pojemniki polipropylenowe (kuwety) s\u0105 idealne do przechowywania drobnych produkt\u00f3w, stale utrzymuj\u0105 je w porz\u0105dku.<\/p>\n<div class=\"demo-sep\" style=\"margin-top: 20px;\"><\/div>\n<div class=\"one_fourth\">\n<table border=\"0\" cellspacing=\"0\" cellpadding=\"0\">\n<tbody>\n<tr>\n<td><img decoding=\"async\" loading=\"lazy\" class=\"aligncenter wp-image-22527 size-full\" src=\"https:\/\/www.storevan.com\/wp-content\/uploads\/2016\/05\/CONTENITORI_1.jpg\" alt=\"Visual Box - Pojemniki odpowiednie do  \u201cpogrupowania\u201d ma\u0142ych i \u015brednich produkt\u00f3w\" width=\"260\" height=\"160\" \/><\/td>\n<\/tr>\n<tr>\n<td>\u00a0<div class=\"demo-sep\" style=\"margin-top: 10px;\"><\/div><\/td>\n<\/tr>\n<tr class=\"border_top\" bgcolor=\"#f2f2f2\">\n<td valign=\"top\" height=\"150px\">\n<p style=\"margin-left: 20pt; margin-right: 20pt; margin-top: 5pt;\"><strong>VISUAL BOX<\/strong><\/p>\n<p style=\"margin-left: 20pt; margin-right: 20pt;\">Pojemniki odpowiednie do\u00a0 \u201cpogrupowania\u201d ma\u0142ych i \u015brednich produkt\u00f3w (drobne elementy, cz\u0119\u015bci zamienne, akcesoria elektryczne etc.)<\/p>\n<\/td>\n<\/tr>\n<\/tbody>\n<\/table>\n<\/div>\n<div class=\"one_fourth\">\n<table border=\"0\" cellspacing=\"0\" cellpadding=\"0\">\n<tbody>\n<tr>\n<td><img decoding=\"async\" loading=\"lazy\" class=\"aligncenter wp-image-22531 size-full\" src=\"https:\/\/www.storevan.com\/wp-content\/uploads\/2016\/05\/CONTENITORI_2.jpg\" alt=\"RK Box - Funkcjonalna forma magazynowania\" width=\"260\" height=\"160\" \/><\/td>\n<\/tr>\n<tr>\n<td>\u00a0<div class=\"demo-sep\" style=\"margin-top: 10px;\"><\/div><\/td>\n<\/tr>\n<tr class=\"border_top\" bgcolor=\"#f2f2f2\">\n<td valign=\"top\" height=\"150px\">\n<p style=\"margin-left: 20pt; margin-right: 20pt; margin-top: 5pt;\"><strong>RK BOX<\/strong><\/p>\n<p style=\"margin-left: 20pt; margin-right: 20pt;\">Funkcjonalna forma magazynowania, porz\u0105dkuje wszystkie elementy, pojemnik mo\u017ce mie\u0107 przegr\u00f3dk\u0119.<\/p>\n<\/td>\n<\/tr>\n<\/tbody>\n<\/table>\n<\/div>\n<div class=\"one_fourth\">\n<table border=\"0\" cellspacing=\"0\" cellpadding=\"0\">\n<tbody>\n<tr>\n<td><img decoding=\"async\" loading=\"lazy\" class=\"aligncenter wp-image-22535 size-full\" src=\"https:\/\/www.storevan.com\/wp-content\/uploads\/2016\/05\/CONTENITORI_3.jpg\" alt=\"PRZEGR\u00d3DKI - POJEMNIKI DO SZUFLAD\" width=\"260\" height=\"160\" \/><\/td>\n<\/tr>\n<tr>\n<td>\u00a0<div class=\"demo-sep\" style=\"margin-top: 10px;\"><\/div><\/td>\n<\/tr>\n<tr class=\"border_top\" bgcolor=\"#f2f2f2\">\n<td valign=\"top\" height=\"150px\">\n<p style=\"margin-left: 20pt; margin-right: 20pt; margin-top: 5pt;\"><strong>POJEMNIKI DO SZUFLAD<\/strong><\/p>\n<p style=\"margin-left: 20pt; margin-right: 20pt;\">Dost\u0119pne w r\u00f3\u017cnych rozmiarach i kolorach by sprosta\u0107 wszelkim oczekiwaniom*<\/p>\n<\/td>\n<\/tr>\n<\/tbody>\n<\/table>\n<\/div>\n<div class=\"one_fourth last\">\n<table border=\"0\" cellspacing=\"0\" cellpadding=\"0\">\n<tbody>\n<tr>\n<td><img decoding=\"async\" loading=\"lazy\" class=\"aligncenter wp-image-22539 size-full\" src=\"https:\/\/www.storevan.com\/wp-content\/uploads\/2016\/05\/CONTENITORI_4.jpg\" alt=\"Pojemniki samochod\u00f3w dostawczych - SKRZYNKI POJEMNIKI\" width=\"260\" height=\"160\" \/><\/td>\n<\/tr>\n<tr>\n<td>\u00a0<div class=\"demo-sep\" style=\"margin-top: 10px;\"><\/div><\/td>\n<\/tr>\n<tr class=\"border_top\" bgcolor=\"#f2f2f2\">\n<td valign=\"top\" height=\"150px\">\n<p style=\"margin-left: 20pt; margin-right: 20pt; margin-top: 5pt;\"><strong>POJEMNIKI \u00a0Z OTWIERANYM FRONTEM<\/strong><\/p>\n<p style=\"margin-left: 20pt; margin-right: 20pt;\">Cz\u0119\u015bciowe otwierane pojemnika u\u0142atwia wyjmowanie przechowywanych element\u00f3w.<\/p>\n<\/td>\n<\/tr>\n<\/tbody>\n<\/table>\n<\/div><div class=\"clearboth\"><\/div>\n<div class=\"alert notice\"><div class=\"msg\">*pojemniki w standardowych rozmiarach idealnie pasuj\u0105 tak\u017ce <a href=\"https:\/\/www.storevan.com\/pl\/produkty\/store-box-system\/\">walizek narz\u0119dziowych Store Van<\/a>.<\/div><a href=\"#\" class=\"toggle-alert\"><\/a><\/div>\n","protected":false},"excerpt":{"rendered":"<p>Pojemniki samochod\u00f3w dostawczych Wszystkie produkty Store Van zosta\u0142y zaprojektowane by optymalnie wykorzysta\u0107 przestrze\u0144 \u0142adunkow\u0105,\u00a0u\u0142atwi\u0107 poruszanie si\u0119 i sprawi\u0107 by wszystkie produkty by\u0142y zawsze pod r\u0119k\u0105. W ten spos\u00f3b oszcz\u0119dzamy czas.<\/p>\n","protected":false},"author":470,"featured_media":0,"parent":8994,"menu_order":0,"comment_status":"closed","ping_status":"closed","template":"","meta":[],"acf":[],"yoast_head":"<!-- This site is optimized with the Yoast SEO plugin v20.11 - https:\/\/yoast.com\/wordpress\/plugins\/seo\/ -->\n<title>Pojemniki samochod\u00f3w dostawczych<\/title>\n<meta name=\"description\" content=\"Pojemniki samochod\u00f3w dostawczych.\" \/>\n<meta name=\"robots\" content=\"index, follow, max-snippet:-1, max-image-preview:large, max-video-preview:-1\" \/>\n<link rel=\"canonical\" href=\"https:\/\/www.storevan.com\/pl\/produkty\/pojemniki-samochodow-dostawczych\/\" \/>\n<meta property=\"og:locale\" content=\"pl_PL\" \/>\n<meta property=\"og:type\" content=\"article\" \/>\n<meta property=\"og:title\" content=\"Pojemniki samochod\u00f3w dostawczych\" \/>\n<meta property=\"og:description\" content=\"Pojemniki samochod\u00f3w dostawczych.\" \/>\n<meta property=\"og:url\" content=\"https:\/\/www.storevan.com\/pl\/produkty\/pojemniki-samochodow-dostawczych\/\" \/>\n<meta property=\"og:site_name\" content=\"Store Van\" \/>\n<meta property=\"article:modified_time\" content=\"2020-04-20T15:03:34+00:00\" \/>\n<meta property=\"og:image\" content=\"https:\/\/www.storevan.com\/wp-content\/uploads\/2016\/05\/CONTENITORI_intro.jpg\" \/>\n<meta name=\"twitter:label1\" content=\"Szacowany czas czytania\" \/>\n\t<meta name=\"twitter:data1\" content=\"1 minuta\" \/>\n<script type=\"application\/ld+json\" class=\"yoast-schema-graph\">{\"@context\":\"https:\/\/schema.org\",\"@graph\":[{\"@type\":\"WebPage\",\"@id\":\"https:\/\/www.storevan.com\/pl\/produkty\/pojemniki-samochodow-dostawczych\/\",\"url\":\"https:\/\/www.storevan.com\/pl\/produkty\/pojemniki-samochodow-dostawczych\/\",\"name\":\"Pojemniki samochod\u00f3w dostawczych\",\"isPartOf\":{\"@id\":\"https:\/\/www.storevan.com\/pl\/#website\"},\"datePublished\":\"2016-05-18T14:07:14+00:00\",\"dateModified\":\"2020-04-20T15:03:34+00:00\",\"description\":\"Pojemniki samochod\u00f3w dostawczych.\",\"breadcrumb\":{\"@id\":\"https:\/\/www.storevan.com\/pl\/produkty\/pojemniki-samochodow-dostawczych\/#breadcrumb\"},\"inLanguage\":\"pl-PL\",\"potentialAction\":[{\"@type\":\"ReadAction\",\"target\":[\"https:\/\/www.storevan.com\/pl\/produkty\/pojemniki-samochodow-dostawczych\/\"]}]},{\"@type\":\"BreadcrumbList\",\"@id\":\"https:\/\/www.storevan.com\/pl\/produkty\/pojemniki-samochodow-dostawczych\/#breadcrumb\",\"itemListElement\":[{\"@type\":\"ListItem\",\"position\":1,\"name\":\"Home\",\"item\":\"https:\/\/www.storevan.com\/pl\/\"},{\"@type\":\"ListItem\",\"position\":2,\"name\":\"Produkty\",\"item\":\"https:\/\/www.storevan.com\/pl\/produkty\/\"},{\"@type\":\"ListItem\",\"position\":3,\"name\":\"Pojemniki samochod\u00f3w dostawczych\"}]},{\"@type\":\"WebSite\",\"@id\":\"https:\/\/www.storevan.com\/pl\/#website\",\"url\":\"https:\/\/www.storevan.com\/pl\/\",\"name\":\"Store Van\",\"description\":\"Zabudowy\",\"potentialAction\":[{\"@type\":\"SearchAction\",\"target\":{\"@type\":\"EntryPoint\",\"urlTemplate\":\"https:\/\/www.storevan.com\/pl\/?s={search_term_string}\"},\"query-input\":\"required name=search_term_string\"}],\"inLanguage\":\"pl-PL\"}]}<\/script>\n<!-- \/ Yoast SEO plugin. -->","yoast_head_json":{"title":"Pojemniki samochod\u00f3w dostawczych","description":"Pojemniki samochod\u00f3w dostawczych.","robots":{"index":"index","follow":"follow","max-snippet":"max-snippet:-1","max-image-preview":"max-image-preview:large","max-video-preview":"max-video-preview:-1"},"canonical":"https:\/\/www.storevan.com\/pl\/produkty\/pojemniki-samochodow-dostawczych\/","og_locale":"pl_PL","og_type":"article","og_title":"Pojemniki samochod\u00f3w dostawczych","og_description":"Pojemniki samochod\u00f3w dostawczych.","og_url":"https:\/\/www.storevan.com\/pl\/produkty\/pojemniki-samochodow-dostawczych\/","og_site_name":"Store Van","article_modified_time":"2020-04-20T15:03:34+00:00","og_image":[{"url":"https:\/\/www.storevan.com\/wp-content\/uploads\/2016\/05\/CONTENITORI_intro.jpg"}],"twitter_misc":{"Szacowany czas czytania":"1 minuta"},"schema":{"@context":"https:\/\/schema.org","@graph":[{"@type":"WebPage","@id":"https:\/\/www.storevan.com\/pl\/produkty\/pojemniki-samochodow-dostawczych\/","url":"https:\/\/www.storevan.com\/pl\/produkty\/pojemniki-samochodow-dostawczych\/","name":"Pojemniki samochod\u00f3w dostawczych","isPartOf":{"@id":"https:\/\/www.storevan.com\/pl\/#website"},"datePublished":"2016-05-18T14:07:14+00:00","dateModified":"2020-04-20T15:03:34+00:00","description":"Pojemniki samochod\u00f3w dostawczych.","breadcrumb":{"@id":"https:\/\/www.storevan.com\/pl\/produkty\/pojemniki-samochodow-dostawczych\/#breadcrumb"},"inLanguage":"pl-PL","potentialAction":[{"@type":"ReadAction","target":["https:\/\/www.storevan.com\/pl\/produkty\/pojemniki-samochodow-dostawczych\/"]}]},{"@type":"BreadcrumbList","@id":"https:\/\/www.storevan.com\/pl\/produkty\/pojemniki-samochodow-dostawczych\/#breadcrumb","itemListElement":[{"@type":"ListItem","position":1,"name":"Home","item":"https:\/\/www.storevan.com\/pl\/"},{"@type":"ListItem","position":2,"name":"Produkty","item":"https:\/\/www.storevan.com\/pl\/produkty\/"},{"@type":"ListItem","position":3,"name":"Pojemniki samochod\u00f3w dostawczych"}]},{"@type":"WebSite","@id":"https:\/\/www.storevan.com\/pl\/#website","url":"https:\/\/www.storevan.com\/pl\/","name":"Store Van","description":"Zabudowy","potentialAction":[{"@type":"SearchAction","target":{"@type":"EntryPoint","urlTemplate":"https:\/\/www.storevan.com\/pl\/?s={search_term_string}"},"query-input":"required name=search_term_string"}],"inLanguage":"pl-PL"}]}},"_links":{"self":[{"href":"https:\/\/www.storevan.com\/pl\/wp-json\/wp\/v2\/pages\/8890"}],"collection":[{"href":"https:\/\/www.storevan.com\/pl\/wp-json\/wp\/v2\/pages"}],"about":[{"href":"https:\/\/www.storevan.com\/pl\/wp-json\/wp\/v2\/types\/page"}],"author":[{"embeddable":true,"href":"https:\/\/www.storevan.com\/pl\/wp-json\/wp\/v2\/users\/470"}],"replies":[{"embeddable":true,"href":"https:\/\/www.storevan.com\/pl\/wp-json\/wp\/v2\/comments?post=8890"}],"version-history":[{"count":2,"href":"https:\/\/www.storevan.com\/pl\/wp-json\/wp\/v2\/pages\/8890\/revisions"}],"predecessor-version":[{"id":116931,"href":"https:\/\/www.storevan.com\/pl\/wp-json\/wp\/v2\/pages\/8890\/revisions\/116931"}],"up":[{"embeddable":true,"href":"https:\/\/www.storevan.com\/pl\/wp-json\/wp\/v2\/pages\/8994"}],"wp:attachment":[{"href":"https:\/\/www.storevan.com\/pl\/wp-json\/wp\/v2\/media?parent=8890"}],"curies":[{"name":"wp","href":"https:\/\/api.w.org\/{rel}","templated":true}]}}