{"id":8728,"date":"2016-04-22T09:28:42","date_gmt":"2016-04-22T07:28:42","guid":{"rendered":"https:\/\/www.storevan.com\/pl\/privacy-policy\/"},"modified":"2021-02-16T09:07:03","modified_gmt":"2021-02-16T09:07:03","slug":"privacy-policy","status":"publish","type":"page","link":"https:\/\/www.storevan.com\/pl\/privacy-policy\/","title":{"rendered":"PRIVACY POLICY"},"content":{"rendered":"<h1 class=\"customblackTitleSmall\">POLITYKA PRYWATNO\u015aCI<\/h1>\n<p>Niniejszy dokument przedstawia polityk\u0119 dotycz\u0105c\u0105 poufno\u015bci danych osobowych stosowan\u0105 przez firm\u0119 Fami S.r.l., sp\u00f3\u0142k\u0119 zarz\u0105dzaj\u0105c\u0105 tre\u015bci\u0105 witryny internetowej www.storevan.it lub www.storevan.com (dalej \u201eWitryny\u201d). Ma ona na celu opisanie metod zarz\u0105dzania przetwarzaniem danych osobowych, kt\u00f3re mog\u0105 by\u0107 zebrane od Os\u00f3b Odwiedzaj\u0105cych stron\u0119 &#8211; podmiot\u00f3w, kt\u00f3re jedynie przegl\u0105daj\u0105 strony tworz\u0105ce Witryn\u0119, lub od \u201eU\u017cytkownik\u00f3w\u201d &#8211; podmiot\u00f3w, kt\u00f3re korzystaj\u0105 z us\u0142ug \u015bwiadczonych przez firm\u0119 Fami S.r.l. za po\u015brednictwem Witryny. Celem niniejszej polityki dotycz\u0105cej poufno\u015bci jest wdro\u017cenie przepis\u00f3w zawartych w Kodeksie Ochrony Danych Osobowych (rozp. z moc\u0105 ustawy 196\/2003) i postanowie\u0144 zawartych w Rozporz\u0105dzeniu (UE) 2016\/679 w sprawie ochrony os\u00f3b fizycznych w zakresie przetwarzania danych osobowych (\u201eRODO\u201d).<br \/>\nNale\u017cy pami\u0119ta\u0107, \u017ce informacje te nie dotycz\u0105 <u>witryn internetowych innych ni\u017c Witryna<\/u>, do kt\u00f3rych mo\u017cna uzyska\u0107 dost\u0119p poprzez z\u0142\u0105cza (linki) znajduj\u0105ce si\u0119 na Witrynie. Zaleca si\u0119, aby Osoby Odwiedzaj\u0105ce i U\u017cytkownicy, kt\u00f3rzy \u0142\u0105cz\u0105 si\u0119 z tymi witrynami, zapoznali si\u0119 z ich sekcjami po\u015bwi\u0119conymi poufno\u015bci.<\/p>\n<p><strong>ADMINISTRATOR DANYCH<\/strong><br \/>\nAdministratorem danych osobowych uzyskanych w wyniku odwiedzin na naszej witrynie internetowej, oraz wszelkich innych danych wykorzystywanych do \u015bwiadczenia ewentualnych us\u0142ug, jest sp\u00f3\u0142ka Fami S.r.l. z siedzib\u0105 pod adresem via Stazione Rossano 13 &#8211; 36027 Ros\u00e0 (VI).<\/p>\n<p><strong>MIEJSCE I CEL PRZETWARZANIA DANYCH<\/strong><br \/>\nPrzetwarzanie danych gromadzonych przez Witryn\u0119 odbywa si\u0119 w siedzibie sp\u00f3\u0142ki Fami S.r.l. (podanej powy\u017cej) i jest powierzane wy\u0142\u0105cznie pracownikom lub wsp\u00f3\u0142pracownikom sp\u00f3\u0142ki Fami S.r.l. wyznaczonym specjalnie do tych zada\u0144. Dane osobowe podane przez Odwiedzaj\u0105cych i\/lub U\u017cytkownik\u00f3w, kt\u00f3rzy sk\u0142adaj\u0105 wnioski o udzielenie informacji, s\u0105 wykorzystywane wy\u0142\u0105cznie w celu wykonania \u017c\u0105danej us\u0142ugi lub \u015bwiadczenia i nie s\u0105 ujawniane osobom trzecim, chyba \u017ce ujawnienie jest wymagane przez prawo lub jest absolutnie niezb\u0119dne do wykonania \u017c\u0105da\u0144. \u017badne dane pochodz\u0105ce ze \u015bwiadczonych us\u0142ug nie s\u0105 przekazywane ani rozpowszechniane osobom trzecim niezwi\u0105zanym ze sp\u00f3\u0142k\u0105 Fami S.r.l. W oparciu o szczeg\u00f3ln\u0105 zgod\u0119 na dzia\u0142ania marketingowe, udzielon\u0105 przez Odwiedzaj\u0105cego\/ U\u017cytkownika, firma Fami uzyska upowa\u017cnienie do przesy\u0142ania e-maili o charakterze promocyjnym (w tym newsletter\u00f3w) oraz innych wiadomo\u015bci handlowych w formacie elektronicznym, dotycz\u0105cych produkt\u00f3w i\/ lub us\u0142ug firmy Fami lub innych sp\u00f3\u0142ek nale\u017c\u0105cych do grupy.<br \/>\nWszelkie zapytania dotycz\u0105ce przetwarzania danych mog\u0105 by\u0107 przesy\u0142ane na adres certyfikowanej poczty elektronicznej sp\u00f3\u0142ki Fami S.r.l., tj. na adres privacy@famispa.it.<\/p>\n<p><strong>SPOS\u00d3B ZBIERANIA DANYCH OSOBOWYCH<\/strong><br \/>\nWszelkie dane wysy\u0142ane przez U\u017cytkownik\u00f3w\/Odwiedzaj\u0105cych w obr\u0119bie Witryny w celu uzyskania dost\u0119pu do jej us\u0142ug, tj. przegl\u0105dania niekt\u00f3rych jej tre\u015bci lub wysy\u0142ania zapyta\u0144 poczt\u0105 elektroniczn\u0105, b\u0119d\u0105 przetwarzane wy\u0142\u0105cznie w celu udzielenia odpowiedzi na zapytanie lub kontynuowania \u015bwiadczenia us\u0142ugi zgodnie z normalnymi standardami handlowymi wymaganymi przez takie us\u0142ugi. U\u017cytkownikom\/Odwiedzaj\u0105cym zalecamy, aby przy wype\u0142nianiu p\u00f3l przesy\u0142ania danych ograniczali si\u0119 do przesy\u0142ania tylko i wy\u0142\u0105cznie \u017c\u0105danych informacji i nie wysy\u0142ali innych (np. nazwisk lub danych osobowych, o kt\u00f3re nie proszono, nawet je\u015bli nale\u017c\u0105 one do os\u00f3b trzecich).<br \/>\nJe\u015bli U\u017cytkownicy\/Odwiedzaj\u0105cy dobrowolnie podadz\u0105 informacje nieprawdziwe, wprowadzaj\u0105ce w b\u0142\u0105d lub nale\u017c\u0105ce do os\u00f3b trzecich (bez uprzedniej zgody tych ostatnich), sp\u00f3\u0142ka Fami S.r.l. obci\u0105\u017cy stron\u0119 wysy\u0142aj\u0105c\u0105 odpowiedzialno\u015bci\u0105 za wszelkie szkody, jakie sp\u00f3\u0142ka mo\u017ce ponie\u015b\u0107 z tytu\u0142u przetwarzania danych, kt\u00f3re nie zosta\u0142y przes\u0142ane przez prawowitego w\u0142a\u015bciciela.<\/p>\n<p><strong>POZYSKIWANIE DANYCH KOMPUTEROWYCH<\/strong><br \/>\nSystemy komputerowe i procedury oprogramowania wykorzystywane do obs\u0142ugi Witryny gromadz\u0105, w trakcie jej normalnego u\u017cytkowania, niekt\u00f3re dane osobowe, kt\u00f3rych transmisja jest wymagana przez protoko\u0142y komunikacyjne sieci internetowej. Informacje te nie s\u0105 gromadzone w celu powi\u0105zania ich ze zidentyfikowanymi podmiotami danych, ale ze wzgl\u0119du na sw\u00f3j charakter mog\u0105, poprzez przetwarzanie i powi\u0105zanie z danymi b\u0119d\u0105cymi w posiadaniu podmiot\u00f3w trzecich, umo\u017cliwi\u0107 identyfikacj\u0119 u\u017cytkownik\u00f3w. Ta kategoria danych obejmuje adresy IP lub nazwy domen komputer\u00f3w u\u017cywanych przez u\u017cytkownik\u00f3w \u0142\u0105cz\u0105cych si\u0119 z witryn\u0105, adresy w notacji URI (<em>Uniform Resource Identifier<\/em>) \u017c\u0105danych zasob\u00f3w, godzin\u0119 wys\u0142ania \u017c\u0105dania, spos\u00f3b sk\u0142adania \u017c\u0105dania na serwer, rozmiar pliku otrzymanego jako odpowied\u017a, kod numeryczny wskazuj\u0105cy stan odpowiedzi wys\u0142anej przez serwer (pomy\u015blne wys\u0142anie, b\u0142\u0105d, itp.) oraz inne parametry dotycz\u0105ce typu systemu operacyjnego i \u015brodowiska informatycznego u\u017cytkownika. Dane te s\u0105 wykorzystywane wy\u0142\u0105cznie w celu uzyskania anonimowych informacji statystycznych na temat korzystania z witryny oraz sprawdzenia jej prawid\u0142owego funkcjonowania i s\u0105 usuwane natychmiast po przetworzeniu. W ka\u017cdym razie, zach\u0119camy U\u017cytkownik\u00f3w\/Odwiedzaj\u0105cych do zapoznania si\u0119 z sekcj\u0105 odnosz\u0105c\u0105 si\u0119 do stosowania plik\u00f3w cookie. Informacje na temat plik\u00f3w cookie, stosowanych przez Fami S.r.l. znajduj\u0105 si\u0119 pod niniejszym linkiem https:\/\/www.storevan.com\/pl\/cookie\/<\/p>\n<p><strong>FAKULTATYWNE PRZEKAZYWANIE DANYCH<\/strong><br \/>\nOpr\u00f3cz wymienionych danych komputerowych, u\u017cytkownik ma mo\u017cliwo\u015b\u0107 przekazania danych osobowych, aby za\u017c\u0105da\u0107 wys\u0142ania materia\u0142\u00f3w informacyjnych lub innych rodzaj\u00f3w us\u0142ug oferowanych przez Fami S.r.l. Nieprzekazanie ich mo\u017ce oczywi\u015bcie uniemo\u017cliwi\u0107 uzyskanie \u017c\u0105danej us\u0142ugi, poniewa\u017c Witryna nie mo\u017ce \u015bwiadczy\u0107 us\u0142ug na rzecz anonimowych podmiot\u00f3w.<\/p>\n<p><strong>GWARANTOWANE PRAWA U\u017bYTKOWNIK\u00d3W\/ODWIEDZAJ\u0104CYCH<\/strong><br \/>\nPodmioty, kt\u00f3rych dane osobowe dotycz\u0105, maj\u0105 prawo w ka\u017cdej chwili uzyska\u0107 potwierdzenie istnienia lub braku istnienia takich danych oraz pozna\u0107 ich tre\u015b\u0107 i pochodzenie, zweryfikowa\u0107 ich prawid\u0142owo\u015b\u0107 lub za\u017c\u0105da\u0107 ich uzupe\u0142nienia, aktualizacji lub sprostowania. Podmioty, kt\u00f3rych dane osobowe dotycz\u0105, maj\u0105 r\u00f3wnie\u017c prawo do \u017c\u0105dania usuni\u0119cia, przekszta\u0142cenia w form\u0119 anonimow\u0105 lub zablokowania danych przetwarzanych z naruszeniem prawa, a tak\u017ce do sprzeciwienia si\u0119 ich przetwarzaniu z uzasadnionych przyczyn. Odpowiednie wnioski nale\u017cy kierowa\u0107 do Fami S.r.l. z siedzib\u0105 pod adresem via Stazione Rossano 13 \u2013 36027 Ros\u00e0 (VI), lub za po\u015brednictwem sekcji \u201ekontakt\u201d. W celu u\u0142atwienia mo\u017cliwo\u015bci usuni\u0119cia danych U\u017cytkownika\/Osoby Odwiedzaj\u0105cej, tam, gdzie to mo\u017cliwe, Witryna pozwala na szybkie skorzystanie z tego prawa, tak jak w przypadku systemu Newsletter\u00f3w.<br \/>\nW my\u015bl RODO U\u017cytkownicy\/ Odwiedzaj\u0105cy maj\u0105 zawsze mo\u017cliwo\u015b\u0107:<br \/>\na) otrzymania potwierdzenia przetwarzania danych osobowych (art. 15 RODO);<br \/>\nb) poproszenia o sprostowanie lub uzupe\u0142nienie (art. 16 RODO), usuni\u0119cie (art. 17 RODO) lub ograniczenie przetwarzania danych (art. 18 RODO);<br \/>\nc) poproszenia o przeniesienie (art. 20 RODO);<br \/>\nd) sprzeciwienia si\u0119 przetwarzaniu (art. 21 RODO) lub cofni\u0119cia zgody w ka\u017cdej chwili (art. 7, 8, 9 i 10 RODO), z zastrze\u017ceniem zgodno\u015bci z prawem takiego przetwarzania przed cofni\u0119ciem zgody;<br \/>\ne) z\u0142o\u017cenia skargi do organu nadzorczego (Organ nadzorczy). <\/p>\n<p><strong>PRZECHOWYWANIE DANYCH<\/strong><br \/>\nDane osobowe s\u0105 przetwarzane w formie papierowej lub przy u\u017cyciu narz\u0119dzi automatycznych przez czas niezb\u0119dny do osi\u0105gni\u0119cia cel\u00f3w, dla kt\u00f3rych zosta\u0142y zgromadzone. Aby zapobiec utracie danych, ich nielegalnemu lub nieprawid\u0142owemu wykorzystaniu i nieupowa\u017cnionemu dost\u0119powi, stosuje si\u0119 specjalne \u015brodki bezpiecze\u0144stwa.<\/p>\n<p><strong>WNIOSKI \u2013 SKARGI<\/strong><br \/>\nWszelkie wnioski dotycz\u0105ce przetwarzania danych osobowych mo\u017cna kierowa\u0107 na adres privacy@famispa.it, bez potrzeby stosowania szczeg\u00f3lnych sformu\u0142owa\u0144.<br \/>\nInformujemy tak\u017ce, \u017ce U\u017cytkownicy\/Odwiedzaj\u0105cy mog\u0105 zawsze skontaktowa\u0107 si\u0119 z Inspektorem Ochrony Danych (http:\/\/www.garanteprivacy.it\/) w celu z\u0142o\u017cenia skargi zwi\u0105zanej z wszelkimi dzia\u0142aniami uznanymi za naruszaj\u0105ce polityk\u0119 prywatno\u015bci.<\/p>\n","protected":false},"excerpt":{"rendered":"<p>POLITYKA PRYWATNO\u015aCI Niniejszy dokument przedstawia polityk\u0119 dotycz\u0105c\u0105 poufno\u015bci danych osobowych stosowan\u0105 przez firm\u0119 Fami S.r.l., sp\u00f3\u0142k\u0119 zarz\u0105dzaj\u0105c\u0105 tre\u015bci\u0105 witryny internetowej www.storevan.it lub www.storevan.com (dalej \u201eWitryny\u201d). Ma ona na celu opisanie.<\/p>\n","protected":false},"author":470,"featured_media":0,"parent":0,"menu_order":0,"comment_status":"closed","ping_status":"closed","template":"","meta":[],"acf":[],"yoast_head":"<!-- This site is optimized with the Yoast SEO plugin v20.11 - https:\/\/yoast.com\/wordpress\/plugins\/seo\/ -->\n<title>Polityka prywatno\u015bci<\/title>\n<meta name=\"robots\" content=\"index, nofollow, max-snippet:-1, max-image-preview:large, max-video-preview:-1\" \/>\n<link rel=\"canonical\" href=\"https:\/\/www.storevan.com\/pl\/privacy-policy\/\" \/>\n<meta property=\"og:locale\" content=\"pl_PL\" \/>\n<meta property=\"og:type\" content=\"article\" \/>\n<meta property=\"og:title\" content=\"Polityka prywatno\u015bci\" \/>\n<meta property=\"og:description\" content=\"POLITYKA PRYWATNO\u015aCI Niniejszy dokument przedstawia polityk\u0119 dotycz\u0105c\u0105 poufno\u015bci danych osobowych stosowan\u0105 przez firm\u0119 Fami S.r.l., sp\u00f3\u0142k\u0119 zarz\u0105dzaj\u0105c\u0105 tre\u015bci\u0105 witryny internetowej www.storevan.it lub www.storevan.com (dalej \u201eWitryny\u201d). Ma ona na celu opisanie.\" \/>\n<meta property=\"og:url\" content=\"https:\/\/www.storevan.com\/pl\/privacy-policy\/\" \/>\n<meta property=\"og:site_name\" content=\"Store Van\" \/>\n<meta property=\"article:modified_time\" content=\"2021-02-16T09:07:03+00:00\" \/>\n<meta name=\"twitter:label1\" content=\"Szacowany czas czytania\" \/>\n\t<meta name=\"twitter:data1\" content=\"6 minut\" \/>\n<script type=\"application\/ld+json\" class=\"yoast-schema-graph\">{\"@context\":\"https:\/\/schema.org\",\"@graph\":[{\"@type\":\"WebPage\",\"@id\":\"https:\/\/www.storevan.com\/pl\/privacy-policy\/\",\"url\":\"https:\/\/www.storevan.com\/pl\/privacy-policy\/\",\"name\":\"Polityka prywatno\u015bci\",\"isPartOf\":{\"@id\":\"https:\/\/www.storevan.com\/pl\/#website\"},\"datePublished\":\"2016-04-22T07:28:42+00:00\",\"dateModified\":\"2021-02-16T09:07:03+00:00\",\"breadcrumb\":{\"@id\":\"https:\/\/www.storevan.com\/pl\/privacy-policy\/#breadcrumb\"},\"inLanguage\":\"pl-PL\",\"potentialAction\":[{\"@type\":\"ReadAction\",\"target\":[\"https:\/\/www.storevan.com\/pl\/privacy-policy\/\"]}]},{\"@type\":\"BreadcrumbList\",\"@id\":\"https:\/\/www.storevan.com\/pl\/privacy-policy\/#breadcrumb\",\"itemListElement\":[{\"@type\":\"ListItem\",\"position\":1,\"name\":\"Home\",\"item\":\"https:\/\/www.storevan.com\/pl\/\"},{\"@type\":\"ListItem\",\"position\":2,\"name\":\"PRIVACY POLICY\"}]},{\"@type\":\"WebSite\",\"@id\":\"https:\/\/www.storevan.com\/pl\/#website\",\"url\":\"https:\/\/www.storevan.com\/pl\/\",\"name\":\"Store Van\",\"description\":\"Zabudowy\",\"potentialAction\":[{\"@type\":\"SearchAction\",\"target\":{\"@type\":\"EntryPoint\",\"urlTemplate\":\"https:\/\/www.storevan.com\/pl\/?s={search_term_string}\"},\"query-input\":\"required name=search_term_string\"}],\"inLanguage\":\"pl-PL\"}]}<\/script>\n<!-- \/ Yoast SEO plugin. -->","yoast_head_json":{"title":"Polityka prywatno\u015bci","robots":{"index":"index","follow":"nofollow","max-snippet":"max-snippet:-1","max-image-preview":"max-image-preview:large","max-video-preview":"max-video-preview:-1"},"canonical":"https:\/\/www.storevan.com\/pl\/privacy-policy\/","og_locale":"pl_PL","og_type":"article","og_title":"Polityka prywatno\u015bci","og_description":"POLITYKA PRYWATNO\u015aCI Niniejszy dokument przedstawia polityk\u0119 dotycz\u0105c\u0105 poufno\u015bci danych osobowych stosowan\u0105 przez firm\u0119 Fami S.r.l., sp\u00f3\u0142k\u0119 zarz\u0105dzaj\u0105c\u0105 tre\u015bci\u0105 witryny internetowej www.storevan.it lub www.storevan.com (dalej \u201eWitryny\u201d). Ma ona na celu opisanie.","og_url":"https:\/\/www.storevan.com\/pl\/privacy-policy\/","og_site_name":"Store Van","article_modified_time":"2021-02-16T09:07:03+00:00","twitter_misc":{"Szacowany czas czytania":"6 minut"},"schema":{"@context":"https:\/\/schema.org","@graph":[{"@type":"WebPage","@id":"https:\/\/www.storevan.com\/pl\/privacy-policy\/","url":"https:\/\/www.storevan.com\/pl\/privacy-policy\/","name":"Polityka prywatno\u015bci","isPartOf":{"@id":"https:\/\/www.storevan.com\/pl\/#website"},"datePublished":"2016-04-22T07:28:42+00:00","dateModified":"2021-02-16T09:07:03+00:00","breadcrumb":{"@id":"https:\/\/www.storevan.com\/pl\/privacy-policy\/#breadcrumb"},"inLanguage":"pl-PL","potentialAction":[{"@type":"ReadAction","target":["https:\/\/www.storevan.com\/pl\/privacy-policy\/"]}]},{"@type":"BreadcrumbList","@id":"https:\/\/www.storevan.com\/pl\/privacy-policy\/#breadcrumb","itemListElement":[{"@type":"ListItem","position":1,"name":"Home","item":"https:\/\/www.storevan.com\/pl\/"},{"@type":"ListItem","position":2,"name":"PRIVACY POLICY"}]},{"@type":"WebSite","@id":"https:\/\/www.storevan.com\/pl\/#website","url":"https:\/\/www.storevan.com\/pl\/","name":"Store Van","description":"Zabudowy","potentialAction":[{"@type":"SearchAction","target":{"@type":"EntryPoint","urlTemplate":"https:\/\/www.storevan.com\/pl\/?s={search_term_string}"},"query-input":"required name=search_term_string"}],"inLanguage":"pl-PL"}]}},"_links":{"self":[{"href":"https:\/\/www.storevan.com\/pl\/wp-json\/wp\/v2\/pages\/8728"}],"collection":[{"href":"https:\/\/www.storevan.com\/pl\/wp-json\/wp\/v2\/pages"}],"about":[{"href":"https:\/\/www.storevan.com\/pl\/wp-json\/wp\/v2\/types\/page"}],"author":[{"embeddable":true,"href":"https:\/\/www.storevan.com\/pl\/wp-json\/wp\/v2\/users\/470"}],"replies":[{"embeddable":true,"href":"https:\/\/www.storevan.com\/pl\/wp-json\/wp\/v2\/comments?post=8728"}],"version-history":[{"count":6,"href":"https:\/\/www.storevan.com\/pl\/wp-json\/wp\/v2\/pages\/8728\/revisions"}],"predecessor-version":[{"id":124568,"href":"https:\/\/www.storevan.com\/pl\/wp-json\/wp\/v2\/pages\/8728\/revisions\/124568"}],"wp:attachment":[{"href":"https:\/\/www.storevan.com\/pl\/wp-json\/wp\/v2\/media?parent=8728"}],"curies":[{"name":"wp","href":"https:\/\/api.w.org\/{rel}","templated":true}]}}