{"id":8726,"date":"2016-04-22T10:47:05","date_gmt":"2016-04-22T08:47:05","guid":{"rendered":"https:\/\/www.storevan.com\/pl\/legal-notes\/"},"modified":"2021-04-27T07:45:17","modified_gmt":"2021-04-27T07:45:17","slug":"legal-notes","status":"publish","type":"page","link":"https:\/\/www.storevan.com\/pl\/legal-notes\/","title":{"rendered":"Warunki korzystania z witryny"},"content":{"rendered":"<h1 class=\"customblackTitleSmall\">Warunki korzystania z witryny<\/h1>\n<p><strong>1.\tWst\u0119p<\/strong><\/p>\n<p>Niniejsze Warunki u\u017cytkowania (\u201eWarunki\u201d) reguluj\u0105 g\u0142\u00f3wne zasady bezpiecznego i zgodnego z prawem korzystania z witryny internetowej (\u201eWitryny\u201d), z kt\u00f3r\u0105 si\u0119 Pa\u0144stwo \u0142\u0105czycie. Niniejsze Warunki u\u017cytkowania zosta\u0142y opracowane przez sp\u00f3\u0142k\u0119 Fami S.r.l., via Stazione Rossano 13 &#8211; 36027 Ros\u00e0 (VI), telefon +39 0424 585455, NIP\/ Nr id. podatkowej\/Nr Rejestru Przedsi\u0119biorstw Rej. Przeds. 03498610249. <\/p>\n<p><strong>2.\tPrawa autorskie i inne prawa w\u0142asno\u015bci intelektualnej <\/strong><\/p>\n<p>2.1.\tO ile na Witrynie nie zamieszczono informacji stanowi\u0105cych inaczej, prawa autorskie i wszelkie inne prawa w\u0142asno\u015bci intelektualnej do wszystkich materia\u0142\u00f3w znajduj\u0105cych si\u0119 na Witrynie (w tym, bez jakichkolwiek ogranicze\u0144, do informacji, tekst\u00f3w, fotografii, obraz\u00f3w graficznych, klip\u00f3w audio i wideo, designu, grafiki, logo, symboli, nazw, oficjalnych nazw produkt\u00f3w i nazw firm, jak r\u00f3wnie\u017c oprogramowania w niej zawartego) s\u0105 w\u0142asno\u015bci\u0105 sp\u00f3\u0142ki Fami S.r.l. lub jej licencjobiorc\u00f3w. Podobnie znaki towarowe, logo lub znaki us\u0142ugowe znajduj\u0105ce si\u0119 na Witrynie (\u201eZnaki\u201d) s\u0105 zarejestrowane przez sp\u00f3\u0142k\u0119 Fami S.r.l. lub jej licencjobiorc\u00f3w lub s\u0105 znakami przemys\u0142owymi, do kt\u00f3rych sp\u00f3\u0142ka Fami S.r.l. lub jej licencjobiorcy maj\u0105 uzasadnione prawa w\u0142asno\u015bci przemys\u0142owej. \u017badna z tre\u015bci niniejszej Witryny nie mo\u017ce by\u0107 interpretowana jako udzielenie jakiejkolwiek licencji lub prawa do u\u017cywania Znak\u00f3w jakiemukolwiek u\u017cytkownikowi lub odwiedzaj\u0105cemu.<br \/>\nNie mo\u017cna nabywa\u0107 praw do Witryny poprzez przegl\u0105danie jej stron lub korzystanie z us\u0142ug \u015bwiadczonych przez Witryn\u0119. <\/p>\n<p>2.2.\tInformacje z niniejszej Witryny mo\u017cna pobiera\u0107, przegl\u0105da\u0107 lub drukowa\u0107 wy\u0142\u0105cznie w celu zgodnego z prawem, osobistego i niekomercyjnego u\u017cytku pod warunkiem, \u017ce:<br \/>\n&#8211; dokumenty znajduj\u0105ce si\u0119 na Witrynie lub zwi\u0105zana nimi grafika nie zostan\u0105 w \u017caden spos\u00f3b zmienione;<br \/>\n&#8211; grafika zamieszczona na Witrynie nie b\u0119dzie u\u017cywania w oderwaniu od przypisanego do niej tekstu;<br \/>\n&#8211; wszystkie powiadomienia na temat praw autorskich lub wszelkich innych praw wy\u0142\u0105cznej w\u0142asno\u015bci zawarte w pobranych informacjach b\u0119d\u0105 zachowane i reprodukowane.<\/p>\n<p>2.3.\tU\u017cytkownikom zabrania si\u0119 rozpowszechniania, modyfikowania, przesy\u0142ania, ponownego wykorzystywania, ponownego wprowadzania lub wykorzystywania zawarto\u015bci niniejszej Witryny do cel\u00f3w publicznych, wliczaj\u0105c w to teksty, obrazy, d\u017awi\u0119ki i filmy bez pisemnej zgody sp\u00f3\u0142ki Fami S.r.l. <\/p>\n<p>2.4.\tSp\u00f3\u0142ka Fami S.r.l. nie gwarantuje ani nie o\u015bwiadcza, \u017ce wykorzystanie przez u\u017cytkownik\u00f3w informacji pojawiaj\u0105cych si\u0119 na tej Witrynie nie stanowi naruszenia praw os\u00f3b trzecich.<\/p>\n<p>2.5.\tKorzystanie przez u\u017cytkownik\u00f3w z materia\u0142\u00f3w zamieszczonych w Witrynie, z wyj\u0105tkiem przypadk\u00f3w przewidzianych w Warunkach lub na podstawie wyra\u017anego pisemnego upowa\u017cnienia w\u0142a\u015bciciela, jest surowo zabronione.<\/p>\n<p>2.6.\tBez uszczerbku dla pkt 2.2, \u017cadna cz\u0119\u015b\u0107 niniejszej Witryny internetowej nie mo\u017ce by\u0107 reprodukowana lub zapisywana w innej witrynie internetowej ani w\u0142\u0105czona do publicznego lub prywatnego systemu lub us\u0142ugi wyszukiwania danych bez uprzedniej pisemnej zgody sp\u00f3\u0142ki Fami S.r.l.<\/p>\n<p><strong>3.\tKlauzula o wy\u0142\u0105czeniu odpowiedzialno\u015bci<\/strong><\/p>\n<p>3.1.\tChocia\u017c sp\u00f3\u0142ka Fami S.r.l. robi wszystko, co w jej mocy, aby zamieszcza\u0107 dok\u0142adne i aktualne informacje na niniejszej Witrynie, nie gwarantuje ani nie ponosi \u017cadnej odpowiedzialno\u015bci za poprawno\u015b\u0107 i kompletno\u015b\u0107 publikowanych na niej informacji. W zakresie dozwolonym przez prawo, sp\u00f3\u0142ka Fami S.r.l. zrzeka si\u0119 jakiejkolwiek odpowiedzialno\u015bci lub zobowi\u0105za\u0144 o jakimkolwiek charakterze wynikaj\u0105cych z lub w jakikolwiek spos\u00f3b zwi\u0105zanych z korzystaniem z niniejszej Witryny internetowej. W szczeg\u00f3lno\u015bci sp\u00f3\u0142ka Fami S.r.l. nie ponosi odpowiedzialno\u015bci za dok\u0142adno\u015b\u0107, kompletno\u015b\u0107, adekwatno\u015b\u0107, aktualizacj\u0119 ani kompletno\u015b\u0107 informacji zawartych na niniejszej Witrynie.<\/p>\n<p>3.2.\tSp\u00f3\u0142ka Fami S.r.l. nie ponosi \u017cadnej odpowiedzialno\u015bci ani zobowi\u0105za\u0144 za szkody lub wirusy, kt\u00f3re mog\u0105 zainfekowa\u0107 komputery lub inne urz\u0105dzenia u\u017cytkownik\u00f3w w zwi\u0105zku z ich dost\u0119pem do Witryny, jej u\u017cytkowaniem lub przegl\u0105daniem jej stron lub w zwi\u0105zku z pobraniem z Witryny materia\u0142\u00f3w, danych, tekst\u00f3w, obraz\u00f3w, plik\u00f3w wideo lub audio.<\/p>\n<p>3.3.\tSp\u00f3\u0142ka Fami S.r.l. zastrzega sobie prawo do przerwania lub zawieszenia, nawet bez uprzedzenia, jednej lub wszystkich funkcji Witryny. Sp\u00f3\u0142ka Fami S.r.l. zrzeka si\u0119 wszelkiej odpowiedzialno\u015bci oraz zobowi\u0105za\u0144 jakiegokolwiek rodzaju za ewentualne przerwanie lub zawieszenie jednej lub wszystkich funkcji Witryny, niezale\u017cnie od tego, czy jest to konsekwencj\u0105 dzia\u0142a\u0144 lub zaniecha\u0144 firmy Fami S.r.l. lub podmiot\u00f3w trzecich.<\/p>\n<p>3.4.\tMateria\u0142y zamieszczone na niniejszej Witrynie, w tym informacje, mog\u0105 zawiera\u0107 nie\u015bcis\u0142o\u015bci techniczne lub b\u0142\u0119dy typograficzne. Sp\u00f3\u0142ka Fami S.r.l. zastrzega sobie prawo do wprowadzania, w dowolnym momencie i bez uprzedzenia, zmian, poprawek i\/lub ulepsze\u0144 w tych materia\u0142ach (w tym informacjach) oraz w produktach i programach opisanych w tych informacjach.<\/p>\n<p><strong>4.\tMateria\u0142y u\u017cytkownik\u00f3w<\/strong><\/p>\n<p>4.1.\tBez uszczerbku dla postanowie\u0144 Polityki Prywatno\u015bci (Privacy Policy) sp\u00f3\u0142ki Fami S.r.l, wszelkie wiadomo\u015bci lub materia\u0142y przesy\u0142ane do Witryny internetowej za po\u015brednictwem poczty elektronicznej lub w inny spos\u00f3b, w tym dane, pytania, uwagi, sugestie lub podobne, s\u0105 i b\u0119d\u0105 uwa\u017cane za jawne i nie obj\u0119te jakimkolwiek prawem w\u0142asno\u015bci czy innymi ograniczeniami odno\u015bnie do u\u017cytku, o ile nie podano inaczej. Wszelkie wiadomo\u015bci lub materia\u0142y przekazywane lub zamieszczane przez u\u017cytkownik\u00f3w staj\u0105 si\u0119 w\u0142asno\u015bci\u0105 firmy Fami S.r.l. i mog\u0105 by\u0107 wykorzystywane w dowolnym celu, w tym mi\u0119dzy innymi do powielania, rozpowszechniania, transmisji, publikacji. Ponadto Fami S.r.l. mo\u017ce swobodnie wykorzystywa\u0107 pomys\u0142y, koncepcje, techniki lub know-how zawarte w wiadomo\u015bciach wysy\u0142anych przez u\u017cytkownik\u00f3w do Witryny w dowolnym celu, w tym, na przyk\u0142ad, w celu opracowania, wyprodukowania i wprowadzenia do obrotu produkt\u00f3w przy wykorzystaniu tych informacji.<\/p>\n<p><strong>5.\tNiedozwolone zachowania u\u017cytkownik\u00f3w<\/strong><\/p>\n<p>5.1.\tU\u017cytkownik nie mo\u017ce wykorzystywa\u0107 ani przekazywa\u0107 do wykorzystania w celach handlowych podmiotom trzecim witryny internetowej ani zawartej w niej danych. W zwi\u0105zku zabroniony jest wszelki u\u017cytek z zamiarem lub z korzy\u015bci\u0105 handlow\u0105 lub czerpania zysk\u00f3w przez u\u017cytkownik\u00f3w.<\/p>\n<p>5.2.\tZabrania si\u0119 r\u00f3wnie\u017c:<br \/>\n&#8211; wprowadzania zmian do Witryny czy jakiejkolwiek jej tre\u015bci lub sposobu dost\u0119pu;<br \/>\n&#8211; zachowa\u0144 stanowi\u0105cych przest\u0119pstwo w rozumieniu obowi\u0105zuj\u0105cych przepis\u00f3w prawa (na przyk\u0142ad tzw. przest\u0119pstwa informatyczne, jak nielegalny dost\u0119p do systemu komputerowego);<br \/>\n&#8211; zachowa\u0144 prowadz\u0105cych do naruszenia prawa do ochrony danych osobowych i wszelkiego innego prawa osobistego i wy\u0142\u0105cznego ka\u017cdej osoby fizycznej i prawnej;<br \/>\n&#8211; wprowadzania do Witryny lub transmitowania do niej lub z niej materia\u0142\u00f3w: i) kt\u00f3re s\u0105 zastraszaj\u0105ce, znies\u0142awiaj\u0105ce, obsceniczne, nieprzyzwoite, obrazoburcze, obra\u017aliwe, pornograficzne, brutalne, mog\u0105ce pod\u017cega\u0107 do jakiejkolwiek formy nienawi\u015bci, dyskryminuj\u0105ce, kt\u00f3re s\u0105 pogr\u00f3\u017ckami, prowadz\u0105 do wywo\u0142ania skandalu, prowokacyjne, blu\u017aniercze, naruszaj\u0105 poufno\u015b\u0107 i prywatno\u015b\u0107 lub mog\u0105 niepokoi\u0107 lub przeszkadza\u0107; ii) w przypadku kt\u00f3rych nie uzyskano wszystkich niezb\u0119dnych licencji i\/ lub zezwole\u0144; iii) stanowi\u0105cych post\u0119powania lub zach\u0119caj\u0105cych do post\u0119powa\u0144, kt\u00f3re mog\u0105 stanowi\u0107 przest\u0119pstwo, poci\u0105ga\u0107 za sob\u0105 odpowiedzialno\u015b\u0107 cywiln\u0105 lub w inny spos\u00f3b narusza\u0107 prawo lub prawa os\u00f3b trzecich w jakimkolwiek kraju na \u015bwiecie;<br \/>\n&#8211; zachowa\u0144 zmierzaj\u0105cych do podzia\u0142u cz\u0119\u015bci lub sekcji niniejszej Witryny i\/ lub w\u0142\u0105czenia ich do innych witryn os\u00f3b trzecich, do modyfikowania, kopiowania, reprodukowania, ponownego publikowania, upubliczniania, przesy\u0142ania lub rozpowszechniania tre\u015bci w jakikolwiek spos\u00f3b, w ca\u0142o\u015bci lub w cz\u0119\u015bci, bez uprzedniej zgody Fami Srl, z naruszeniem niniejszych Warunk\u00f3w;<br \/>\n&#8211; pr\u00f3b wchodzenia do obszar\u00f3w Witryny chronionych has\u0142em, nie posiadaj\u0105c profilu zaufanego;<br \/>\n&#8211; pobierania program\u00f3w informatycznych, plik\u00f3w i innych materia\u0142\u00f3w o cechach destrukcyjnych lub zak\u0142\u00f3caj\u0105cych, takich jak wirusy, pliki zmanipulowane, worms, konie troja\u0144skie oraz wszelkich innych dzia\u0142a\u0144 mog\u0105cych zak\u0142\u00f3ca\u0107 integralno\u015b\u0107 lub funkcjonowanie czy te\u017c komunikacj\u0119 online w Witrynie i\/ lub powodowa\u0107 szkody techniczne w Witrynie;<br \/>\n&#8211; og\u00f3lnie takiego korzystania, kt\u00f3re powoduje lub mo\u017ce spowodowa\u0107 uszkodzenie, przerwanie lub ograniczenie Witryny i jej us\u0142ug;<\/p>\n<p>5.3.\tSp\u00f3\u0142ka Fami S.r.l. b\u0119dzie w pe\u0142ni wsp\u00f3\u0142pracowa\u0107 z wszelkimi organami bezpiecze\u0144stwa publicznego lub stosowa\u0107 si\u0119 do wszelkich nakaz\u00f3w s\u0105dowych, kt\u00f3re wymagaj\u0105 lub nakazuj\u0105 ujawnienie to\u017csamo\u015bci lub miejsca pochodzenia os\u00f3b wprowadzaj\u0105cych szkodliwe materia\u0142y.<\/p>\n<p><strong>6.\tOdpowiedzialno\u015b\u0107 zarejestrowanych u\u017cytkownik\u00f3w<\/strong><\/p>\n<p>6.1. \tW przypadku decyzji o zarejestrowaniu si\u0119 na Witrynie i uzyskaniu statusu zarejestrowanego u\u017cytkownika, wyra\u017ca si\u0119 zgod\u0119 na przyj\u0119cie wy\u0142\u0105cznej odpowiedzialno\u015bci za w\u0142asne konto (&#8222;Konto&#8221;) oraz za wszelkie dzia\u0142ania realizowane na swoim Koncie, w tym wszystkie dzia\u0142ania dokonywane przez osoby wchodz\u0105ce na Konto za zgod\u0105 u\u017cytkownika lub bez takiej zgody. Staj\u0105c si\u0119 zarejestrowanym u\u017cytkownikiem, wyra\u017ca si\u0119 r\u00f3wnie\u017c zgod\u0119:<br \/>\n&#8211; na przekazywanie, na ponawian\u0105 raz na jaki\u015b czas pro\u015bb\u0119 firmy Fami S.r.l., prawdziwych, aktualnych, dok\u0142adnych i kompletnych informacji, oraz na niezw\u0142oczne powiadamianie o ewentualnych zmianach we w\u0142asnych informacjach, tak aby informacje na Koncie by\u0142y aktualne, kompletne i dok\u0142adne;<br \/>\n&#8211; na utrzymywanie poufno\u015bci i bezpiecze\u0144stwa w\u0142asnego Konta, w tym loginu i has\u0142a;<br \/>\n&#8211; na niezw\u0142oczne powiadamianie sp\u00f3\u0142ki Fami S.r.l. o ka\u017cdym przypadku nieautoryzowanego korzystania z w\u0142asnego Konta, has\u0142a do Konta lub z us\u0142ug \u015bwiadczonych za po\u015brednictwem Konta, jak r\u00f3wnie\u017c o wszelkich naruszeniach bezpiecze\u0144stwa w\u0142asnego Konta, has\u0142a do Konta i us\u0142ug \u015bwiadczonych za jego po\u015brednictwem;<br \/>\n&#8211; na \u015bwiadczenie pomocy sp\u00f3\u0142ce Fai S.r.l., o ile zajdzie taka potrzeba, oraz w spos\u00f3b uznany za niezb\u0119dny, aby wykluczy\u0107 wszelkie przypadki naruszenia bezpiecze\u0144stwa zwi\u0105zanego z w\u0142asnym Kontem lub takowym zapobiec.<\/p>\n<p><strong>7.\tLinki do i z innych witryn internetowych<\/strong><\/p>\n<p>7.1.\tSp\u00f3\u0142ka Fami S.r.l. nie sprawuje \u017cadnej kontroli nad witrynami, z kt\u00f3rymi po\u0142\u0105czona jest niniejsza Witryna ani nie daje \u017cadnej gwarancji co do ich zawarto\u015bci. \u017badna z tych witryn nie zosta\u0142a te\u017c poddana weryfikacji ze strony sp\u00f3\u0142ki Fami S.r.l. W zwi\u0105zku z powy\u017cszym u\u017cytkownicy musz\u0105 by\u0107 \u015bwiadomi, \u017ce Fami S.r.l. nie ponosi odpowiedzialno\u015bci za to, co znajduje si\u0119 na witrynach zewn\u0119trznych w stosunku do niniejszej Witryny ani na jakiejkolwiek innej witrynie, z kt\u00f3r\u0105 niniejsza Witryna jest po\u0142\u0105czona. U\u017cytkownicy ponosz\u0105 wy\u0142\u0105czn\u0105 odpowiedzialno\u015b\u0107 za dost\u0119p do stron internetowych znajduj\u0105cych si\u0119 poza Witryn\u0105 oraz do link\u00f3w odsy\u0142aj\u0105cych do stron podmiot\u00f3w trzecich.<\/p>\n<p>7.2.\tPo\u0142\u0105czenie z niniejsz\u0105 Witryn\u0105 ze stron zewn\u0119trznych w stosunku do niniejszej Witryny lub z innych witryn odbywa si\u0119 na ryzyko u\u017cytkownik\u00f3w. Korzystaj\u0105c z tych link\u00f3w, u\u017cytkownicy o\u015bwiadczaj\u0105, \u017ce s\u0105 \u015bwiadomi, i\u017c b\u0119d\u0105 mia\u0142y zastosowanie informacja prawna i polityka prywatno\u015bci Witryny, z kt\u00f3r\u0105 si\u0119 \u0142\u0105cz\u0105, i \u017ce mog\u0105 si\u0119 one r\u00f3\u017cni\u0107 od informacji i polityki prywatno\u015bci sp\u00f3\u0142ki Fami S.r.l.<\/p>\n<p>7.3.\tU\u017cytkownicy nie mog\u0105 korzysta\u0107 z techniki ramek ani hotlink\u00f3w, ani te\u017c w \u017caden inny spos\u00f3b w\u0142\u0105cza\u0107 cz\u0119\u015bci Witryny do innych witryn.<\/p>\n<p><strong>8.\tDost\u0119p do Witryny <\/strong><\/p>\n<p>8.1. \tChocia\u017c Fami S.r.l. zobowi\u0105zuje si\u0119 do zagwarantowania dost\u0119pno\u015bci Witryny przez 24 godziny na dob\u0119, nie ponosi jednak odpowiedzialno\u015bci, je\u015bli z jakiegokolwiek powodu Witryna oka\u017ce si\u0119 niedost\u0119pna o okre\u015blonej porze lub przez okre\u015blony czas.<\/p>\n<p>8.2.\tDost\u0119p do tej Witryny mo\u017ce zosta\u0107 czasowo zawieszony bez uprzedzenia w przypadku awarii systemu, konserwacji lub naprawy albo z przyczyn niezale\u017cnych od sp\u00f3\u0142ki Fami S.r.l.<\/p>\n<p><strong>9. \tJurysdykcja i w\u0142a\u015bciwo\u015b\u0107 s\u0105du<\/strong><\/p>\n<p>9.1.\tNiniejsze Warunki og\u00f3lne b\u0119d\u0105 interpretowane i egzekwowane wy\u0142\u0105cznie na mocy prawa w\u0142oskiego.<\/p>\n<p>9.2. \tW razie powstania spor\u00f3w wynikaj\u0105cych z korzystania z Witryny lub w jakikolwiek spos\u00f3b zwi\u0105zanych z takim korzystaniem, b\u0105d\u017a z niniejszymi Warunkami og\u00f3lnymi, s\u0105dem rozstrzygaj\u0105cym b\u0119dzie S\u0105d w Vicenzy, z zastrze\u017ceniem zastosowania nadrz\u0119dnych kryteri\u00f3w terytorialnych w\u0142a\u015bciwo\u015bci s\u0105du, ustalonych przez obowi\u0105zuj\u0105ce zasady procesowe, jak r\u00f3wnie\u017c bez uszczerbku dla obowi\u0105zkowych zasad Kodeksu konsumenckiego.<\/p>\n<p><strong>10.   Zmiany <\/strong><\/p>\n<p>10.1.\tSp\u00f3\u0142ka Fami S.r.l. zastrzega sobie prawo do dokonywania w dowolnym czasie zmian w niniejszych Warunkach, r\u00f3wnie\u017c bez uprzedzenia. U\u017cytkownik jest proszony w zwi\u0105zku z tym o okresowe zapoznawanie si\u0119 z niniejszym dokumentem. U\u017cytkownik wchodz\u0105c do Witryny lub korzystaj\u0105c z niej po opublikowaniu zmian w Warunkach korzystania tym samym dokonuje ich akceptacji.<\/p>\n","protected":false},"excerpt":{"rendered":"<p>Warunki korzystania z witryny 1. Wst\u0119p Niniejsze Warunki u\u017cytkowania (\u201eWarunki\u201d) reguluj\u0105 g\u0142\u00f3wne zasady bezpiecznego i zgodnego z prawem korzystania z witryny internetowej (\u201eWitryny\u201d), z kt\u00f3r\u0105 si\u0119 Pa\u0144stwo \u0142\u0105czycie. Niniejsze Warunki.<\/p>\n","protected":false},"author":470,"featured_media":0,"parent":0,"menu_order":0,"comment_status":"closed","ping_status":"closed","template":"","meta":[],"acf":[],"yoast_head":"<!-- This site is optimized with the Yoast SEO plugin v20.11 - https:\/\/yoast.com\/wordpress\/plugins\/seo\/ -->\n<title>Warunki korzystania z witryny<\/title>\n<meta name=\"robots\" content=\"index, nofollow, max-snippet:-1, max-image-preview:large, max-video-preview:-1\" \/>\n<link rel=\"canonical\" href=\"https:\/\/www.storevan.com\/pl\/legal-notes\/\" \/>\n<meta property=\"og:locale\" content=\"pl_PL\" \/>\n<meta property=\"og:type\" content=\"article\" \/>\n<meta property=\"og:title\" content=\"Warunki korzystania z witryny\" \/>\n<meta property=\"og:description\" content=\"Warunki korzystania z witryny 1. Wst\u0119p Niniejsze Warunki u\u017cytkowania (\u201eWarunki\u201d) reguluj\u0105 g\u0142\u00f3wne zasady bezpiecznego i zgodnego z prawem korzystania z witryny internetowej (\u201eWitryny\u201d), z kt\u00f3r\u0105 si\u0119 Pa\u0144stwo \u0142\u0105czycie. Niniejsze Warunki.\" \/>\n<meta property=\"og:url\" content=\"https:\/\/www.storevan.com\/pl\/legal-notes\/\" \/>\n<meta property=\"og:site_name\" content=\"Store Van\" \/>\n<meta property=\"article:modified_time\" content=\"2021-04-27T07:45:17+00:00\" \/>\n<meta name=\"twitter:label1\" content=\"Szacowany czas czytania\" \/>\n\t<meta name=\"twitter:data1\" content=\"10 minut\" \/>\n<script type=\"application\/ld+json\" class=\"yoast-schema-graph\">{\"@context\":\"https:\/\/schema.org\",\"@graph\":[{\"@type\":\"WebPage\",\"@id\":\"https:\/\/www.storevan.com\/pl\/legal-notes\/\",\"url\":\"https:\/\/www.storevan.com\/pl\/legal-notes\/\",\"name\":\"Warunki korzystania z witryny\",\"isPartOf\":{\"@id\":\"https:\/\/www.storevan.com\/pl\/#website\"},\"datePublished\":\"2016-04-22T08:47:05+00:00\",\"dateModified\":\"2021-04-27T07:45:17+00:00\",\"breadcrumb\":{\"@id\":\"https:\/\/www.storevan.com\/pl\/legal-notes\/#breadcrumb\"},\"inLanguage\":\"pl-PL\",\"potentialAction\":[{\"@type\":\"ReadAction\",\"target\":[\"https:\/\/www.storevan.com\/pl\/legal-notes\/\"]}]},{\"@type\":\"BreadcrumbList\",\"@id\":\"https:\/\/www.storevan.com\/pl\/legal-notes\/#breadcrumb\",\"itemListElement\":[{\"@type\":\"ListItem\",\"position\":1,\"name\":\"Home\",\"item\":\"https:\/\/www.storevan.com\/pl\/\"},{\"@type\":\"ListItem\",\"position\":2,\"name\":\"Warunki korzystania z witryny\"}]},{\"@type\":\"WebSite\",\"@id\":\"https:\/\/www.storevan.com\/pl\/#website\",\"url\":\"https:\/\/www.storevan.com\/pl\/\",\"name\":\"Store Van\",\"description\":\"Zabudowy\",\"potentialAction\":[{\"@type\":\"SearchAction\",\"target\":{\"@type\":\"EntryPoint\",\"urlTemplate\":\"https:\/\/www.storevan.com\/pl\/?s={search_term_string}\"},\"query-input\":\"required name=search_term_string\"}],\"inLanguage\":\"pl-PL\"}]}<\/script>\n<!-- \/ Yoast SEO plugin. -->","yoast_head_json":{"title":"Warunki korzystania z witryny","robots":{"index":"index","follow":"nofollow","max-snippet":"max-snippet:-1","max-image-preview":"max-image-preview:large","max-video-preview":"max-video-preview:-1"},"canonical":"https:\/\/www.storevan.com\/pl\/legal-notes\/","og_locale":"pl_PL","og_type":"article","og_title":"Warunki korzystania z witryny","og_description":"Warunki korzystania z witryny 1. Wst\u0119p Niniejsze Warunki u\u017cytkowania (\u201eWarunki\u201d) reguluj\u0105 g\u0142\u00f3wne zasady bezpiecznego i zgodnego z prawem korzystania z witryny internetowej (\u201eWitryny\u201d), z kt\u00f3r\u0105 si\u0119 Pa\u0144stwo \u0142\u0105czycie. Niniejsze Warunki.","og_url":"https:\/\/www.storevan.com\/pl\/legal-notes\/","og_site_name":"Store Van","article_modified_time":"2021-04-27T07:45:17+00:00","twitter_misc":{"Szacowany czas czytania":"10 minut"},"schema":{"@context":"https:\/\/schema.org","@graph":[{"@type":"WebPage","@id":"https:\/\/www.storevan.com\/pl\/legal-notes\/","url":"https:\/\/www.storevan.com\/pl\/legal-notes\/","name":"Warunki korzystania z witryny","isPartOf":{"@id":"https:\/\/www.storevan.com\/pl\/#website"},"datePublished":"2016-04-22T08:47:05+00:00","dateModified":"2021-04-27T07:45:17+00:00","breadcrumb":{"@id":"https:\/\/www.storevan.com\/pl\/legal-notes\/#breadcrumb"},"inLanguage":"pl-PL","potentialAction":[{"@type":"ReadAction","target":["https:\/\/www.storevan.com\/pl\/legal-notes\/"]}]},{"@type":"BreadcrumbList","@id":"https:\/\/www.storevan.com\/pl\/legal-notes\/#breadcrumb","itemListElement":[{"@type":"ListItem","position":1,"name":"Home","item":"https:\/\/www.storevan.com\/pl\/"},{"@type":"ListItem","position":2,"name":"Warunki korzystania z witryny"}]},{"@type":"WebSite","@id":"https:\/\/www.storevan.com\/pl\/#website","url":"https:\/\/www.storevan.com\/pl\/","name":"Store Van","description":"Zabudowy","potentialAction":[{"@type":"SearchAction","target":{"@type":"EntryPoint","urlTemplate":"https:\/\/www.storevan.com\/pl\/?s={search_term_string}"},"query-input":"required name=search_term_string"}],"inLanguage":"pl-PL"}]}},"_links":{"self":[{"href":"https:\/\/www.storevan.com\/pl\/wp-json\/wp\/v2\/pages\/8726"}],"collection":[{"href":"https:\/\/www.storevan.com\/pl\/wp-json\/wp\/v2\/pages"}],"about":[{"href":"https:\/\/www.storevan.com\/pl\/wp-json\/wp\/v2\/types\/page"}],"author":[{"embeddable":true,"href":"https:\/\/www.storevan.com\/pl\/wp-json\/wp\/v2\/users\/470"}],"replies":[{"embeddable":true,"href":"https:\/\/www.storevan.com\/pl\/wp-json\/wp\/v2\/comments?post=8726"}],"version-history":[{"count":5,"href":"https:\/\/www.storevan.com\/pl\/wp-json\/wp\/v2\/pages\/8726\/revisions"}],"predecessor-version":[{"id":125987,"href":"https:\/\/www.storevan.com\/pl\/wp-json\/wp\/v2\/pages\/8726\/revisions\/125987"}],"wp:attachment":[{"href":"https:\/\/www.storevan.com\/pl\/wp-json\/wp\/v2\/media?parent=8726"}],"curies":[{"name":"wp","href":"https:\/\/api.w.org\/{rel}","templated":true}]}}