{"id":8457,"date":"2015-12-09T09:42:40","date_gmt":"2015-12-09T08:42:40","guid":{"rendered":"https:\/\/www.storevan.com\/pl\/fahrzeugeinrichtungen\/"},"modified":"2022-09-27T13:26:29","modified_gmt":"2022-09-27T13:26:29","slug":"zabudowy","status":"publish","type":"page","link":"https:\/\/www.storevan.com\/pl\/zabudowy\/","title":{"rendered":"Zabudowy"},"content":{"rendered":"<h1 class=\"customblackTitleSmall\">Wyposa\u017cenie samochod\u00f3w serwisowych<\/h1>\n<h2>Store Van realizuje od ponad dziesi\u0119ciu lat wyposa\u017cenie samochod\u00f3w komercyjnych i\u00a0samochod\u00f3w dostawczych roboczych.<\/h2>\n<p>Podstawowe za\u0142o\u017cenia obejmuj\u0105 wzornictwo, ale przede wszystkim jako\u015b\u0107 materia\u0142\u00f3w i\u00a0organizacj\u0119 wyposa\u017cenia, zapewniaj\u0105c\u0105 <strong>bezpieczny i\u00a0uporz\u0105dkowany transport towar\u00f3w<\/strong> w\u00a0komorze \u0142adunkowej, optymalizacj\u0119 przestrzeni i\u00a0gwarancj\u0119 d\u0142ugotrwa\u0142ej eksploatacj\u0119, dzi\u0119ki odporno\u015bci na korozj\u0119 znacznie powy\u017cej \u015bredniej.<\/p>\n<h3 class=\"customblackTitleExtraSmall\">Wyb\u00f3r najkorzystniejszego wyposa\u017cenia pojazdu komercyjnego<\/h3>\n<p>Store Van\u00a0mo\u017ce zapewni\u0107 <strong>optymalne wyposa\u017cenie samochodu dostawczego<\/strong> wielu marek, w\u00a0tym:<\/p>\n<section class=\"clearfix\">\n<ul id=\"filters\" class=\"option-set clearfix unstyled listBrand\" data-option-key=\"filter\">\n<li><a title=\"Zabudowy samochod\u00f3w serwisowych Citroen\" href=\"https:\/\/www.storevan.com\/pl\/zabudowy\/citroen\/\"><img decoding=\"async\" loading=\"lazy\" class=\"alignnone size-full wp-image-43683\" src=\"https:\/\/www.storevan.com\/wp-content\/uploads\/2017\/01\/HOME1-Allestimenti-CITROEN.png\" alt=\"Zabudowy samochod\u00f3w serwisowych Citroen\" width=\"116\" height=\"105\" \/><\/a><\/li>\n<li><a title=\"Zabudowy samochod\u00f3w serwisowych Dacia\" href=\"https:\/\/www.storevan.com\/pl\/zabudowy\/dacia\/\"><img decoding=\"async\" loading=\"lazy\" class=\"alignnone size-full wp-image-43689\" src=\"https:\/\/www.storevan.com\/wp-content\/uploads\/2017\/01\/HOME2-Allestimenti-DACIA.png\" alt=\"Zabudowy samochod\u00f3w serwisowych Dacia\" width=\"116\" height=\"105\" \/><\/a><\/li>\n<li><a title=\"Zabudowy samochod\u00f3w serwisowych Fiat\" href=\"https:\/\/www.storevan.com\/pl\/zabudowy\/fiat\/\"><img decoding=\"async\" loading=\"lazy\" class=\"alignnone size-full wp-image-43695\" src=\"https:\/\/www.storevan.com\/wp-content\/uploads\/2017\/01\/HOME3-Allestimenti-FIAT.png\" alt=\"Zabudowy samochod\u00f3w serwisowych Fiat\" width=\"116\" height=\"105\" \/><\/a><\/li>\n<li><a title=\"Zabudowy samochod\u00f3w serwisowych Ford\" href=\"https:\/\/www.storevan.com\/pl\/zabudowy\/ford\/\"><img decoding=\"async\" loading=\"lazy\" class=\"alignnone size-full wp-image-43701\" src=\"https:\/\/www.storevan.com\/wp-content\/uploads\/2017\/01\/HOME4-Allestimenti-FORD.png\" alt=\"Zabudowy samochod\u00f3w serwisowych Ford\" width=\"116\" height=\"105\" \/><\/a><\/li>\n<li><a title=\"Zabudowy samochod\u00f3w serwisowych Hyundai\" href=\"https:\/\/www.storevan.com\/pl\/zabudowy\/hyundai\/\"><img decoding=\"async\" loading=\"lazy\" class=\"alignnone size-full wp-image-43707\" src=\"https:\/\/www.storevan.com\/wp-content\/uploads\/2017\/01\/HOME5-Allestimenti-HYUNDAI.png\" alt=\"Zabudowy samochod\u00f3w serwisowych Hyundai\" width=\"116\" height=\"105\" \/><\/a><\/li>\n<li><a title=\"Zabudowy samochod\u00f3w serwisowych Iveco\" href=\"https:\/\/www.storevan.com\/pl\/zabudowy\/iveco\/\"><img decoding=\"async\" loading=\"lazy\" class=\"alignnone size-full wp-image-43713\" src=\"https:\/\/www.storevan.com\/wp-content\/uploads\/2017\/01\/HOME6-Allestimenti-IVECO.png\" alt=\"Zabudowy samochod\u00f3w serwisowych Iveco\" width=\"116\" height=\"105\" \/><\/a><\/li>\n<li><a title=\"Zabudowy samochod\u00f3w serwisowych MAN\" href=\"https:\/\/www.storevan.com\/pl\/zabudowy\/man\/\"><img decoding=\"async\" loading=\"lazy\" class=\"alignnone size-full wp-image-74411\" title=\"Zabudowy MAN\" src=\"https:\/\/www.storevan.com\/wp-content\/uploads\/2018\/06\/HOME14-Allestimenti-MAN.png\" alt=\"Zabudowy MAN\" width=\"116\" height=\"105\" \/><\/a><\/li>\n<li><a title=\"Zabudowy samochod\u00f3w serwisowych Mercedes-Benz\" href=\"https:\/\/www.storevan.com\/pl\/zabudowy\/mercedes-benz\/\"><img decoding=\"async\" loading=\"lazy\" class=\"alignnone size-full wp-image-43719\" src=\"https:\/\/www.storevan.com\/wp-content\/uploads\/2017\/01\/HOME7-Allestimenti-MERCEDES-BENZ.png\" alt=\"Zabudowy samochod\u00f3w serwisowych Mercedes-Benz\" width=\"116\" height=\"105\" \/><\/a><\/li>\n<li><a title=\"Zabudowy samochod\u00f3w serwisowych Nissan\" href=\"https:\/\/www.storevan.com\/pl\/zabudowy\/nissan\/\"><img decoding=\"async\" loading=\"lazy\" class=\"alignnone size-full wp-image-43725\" src=\"https:\/\/www.storevan.com\/wp-content\/uploads\/2017\/01\/HOME8-Allestimenti-NISSAN.png\" alt=\"Zabudowy samochod\u00f3w serwisowych Nissan\" width=\"116\" height=\"105\" \/><\/a><\/li>\n<li><a title=\"Zabudowy samochod\u00f3w serwisowych Opel\" href=\"https:\/\/www.storevan.com\/pl\/zabudowy\/opel\/\"><img decoding=\"async\" loading=\"lazy\" class=\"alignnone size-full wp-image-43731\" src=\"https:\/\/www.storevan.com\/wp-content\/uploads\/2017\/01\/HOME9-Allestimenti-OPEL.png\" alt=\"Zabudowy samochod\u00f3w serwisowych Opel\" width=\"116\" height=\"105\" \/><\/a><\/li>\n<li><a title=\"Zabudowy samochod\u00f3w serwisowych Peugeot\" href=\"https:\/\/www.storevan.com\/pl\/zabudowy\/peugeot\/\"><img decoding=\"async\" loading=\"lazy\" class=\"alignnone size-full wp-image-43737\" src=\"https:\/\/www.storevan.com\/wp-content\/uploads\/2017\/01\/HOME10-Allestimenti-PEUGEOT.png\" alt=\"Zabudowy samochod\u00f3w serwisowych Peugeot\" width=\"116\" height=\"105\" \/><\/a><\/li>\n<li><a title=\"Zabudowy samochod\u00f3w serwisowych Renault\" href=\"https:\/\/www.storevan.com\/pl\/zabudowy\/renault\/\"><img decoding=\"async\" loading=\"lazy\" class=\"alignnone size-full wp-image-43743\" src=\"https:\/\/www.storevan.com\/wp-content\/uploads\/2017\/01\/HOME11-Allestimenti-RENAULT.png\" alt=\"Zabudowy samochod\u00f3w serwisowych Renault\" width=\"116\" height=\"105\" \/><\/a><\/li>\n<li><a title=\"Zabudowy samochod\u00f3w serwisowych Toyota\" href=\"https:\/\/www.storevan.com\/pl\/zabudowy\/toyota\/\"><img decoding=\"async\" loading=\"lazy\" class=\"alignnone size-full wp-image-43749\" src=\"https:\/\/www.storevan.com\/wp-content\/uploads\/2017\/01\/HOME12-Allestimenti-TOYOTA.png\" alt=\"Zabudowy samochod\u00f3w serwisowych Toyota\" width=\"116\" height=\"105\" \/><\/a><\/li>\n<li><a title=\"Zabudowy samochod\u00f3w serwisowych VOLKSWAGEN\" href=\"https:\/\/www.storevan.com\/pl\/zabudowy\/volkswagen\/\"><img decoding=\"async\" loading=\"lazy\" class=\"alignnone size-full wp-image-43755\" src=\"https:\/\/www.storevan.com\/wp-content\/uploads\/2017\/01\/HOME13-Allestimenti-VOLKSWAGEN.png\" alt=\"Zabudowy samochod\u00f3w serwisowych VOLKSWAGEN\" width=\"116\" height=\"105\" \/><\/a><\/li>\n<\/ul>\n<\/section>\n<p>Ka\u017cd\u0105 konfiguracj\u0119 wyposa\u017cenia samochodu dostawczego Store Van poprzedza realistyczny <a title=\"Projekt 3D\" href=\"https:\/\/www.storevan.com\/pl\/projektowanie-3d\/\">projekt 3D<\/a>, taki jak\u00a0ten, kt\u00f3ry pozwala zapewni\u0107 optymalne rozwi\u0105zania dla danego pojazdu. Zapraszamy do <a title=\"Przyk\u0142ady wyposa\u017cenia specjalnego samochod\u00f3w komercyjnych\" href=\"https:\/\/www.storevan.com\/pl\/zabudowy-samochodow-serwisowych-gallery\/\">galerii<\/a>, aby zapozna\u0107 si\u0119 z\u00a0kilkoma przyk\u0142adani wyposa\u017cenia Store Van!<\/p>\n<p>Store Van, lider w\u00a0bran\u017cy wyposa\u017cenia samochod\u00f3w dostawczych, zapewnia mo\u017cliwo\u015b\u0107 wyboru z\u00a0<a href=\"https:\/\/www.storevan.com\/pl\/produkty\/\" title=\"Produkty Store Van\">szerokiej gamy modu\u0142\u00f3w<\/a>,\u00a0rega\u0142\u00f3w do samochod\u00f3w dostawczych, pod\u0142\u00f3g do samochod\u00f3w dostawczych, walizek na drobne przedmioty i\u00a0przedzia\u0142\u00f3w, ale te\u017c ramp za\u0142adunkowych, stojak\u00f3w, podnoszonych platform i\u00a0wielu innych akcesori\u00f3w, kt\u00f3re pozwalaj\u0105 przekszta\u0142ci\u0107 tw\u00f3j samoch\u00f3d dostawczy w\u00a0prawdziwy mobilny warsztat. Bez wzgl\u0119du na to, czy jest to samoch\u00f3d dostawczy Fiat, czy Ford, nic si\u0119 nie zmienia. Zapewniamy indywidualnie dostosowane wyposa\u017cenie, r\u00f3wnie\u017c w\u00a0samochodach u\u017cywanych.<\/p>\n<hr \/>\n<div class=\"col-xs-12 col-sm-12 col-md-6\">\n<div class=\"text-center\"><a class=\"btn btn-download\" href=\"tel:800645506\"><i class=\"fa fa-phone\"><\/i> <span class=\"spanBtn\">ZADZWO\u0143 TERAZ<\/span><br \/>\nuzyskasz wszelkie informacje<\/a><\/div>\n<\/div>\n<div class=\"col-xs-12 col-sm-12 col-md-6\">\n<div class=\"text-center\"><a class=\"btn btn-download\" href=\"#formconttatto\"><i class=\"fa fa-envelope\"><\/i> <span class=\"spanBtn\">NAPISZ<\/span><br \/>\nskontaktujemy si\u0119 <\/a><\/div>\n<\/div>\n<div class=\"break\"><\/div>\n<hr \/>\n<h3 class=\"customblackTitleExtraSmall\">Wyposa\u017canie samochod\u00f3w komercyjnych jest nasz\u0105 specjalno\u015bci\u0105<\/h3>\n<div class=\"two_third\">\nU\u017cywane przez nas surowce i\u00a0zaawansowane technologie stanowi\u0105 owoc d\u0142ugotrwa\u0142ych bada\u0144 i\u00a0prac rozwojowych, rozpocz\u0119tych przy okazji obr\u00f3bki i\u00a0produkcji <strong>wyposa\u017cenia przemys\u0142owego<\/strong> ze stali, aluminium i\u00a0tworzywa sztucznego, i\u00a0nieustannie kontynuowanych przez macierzyst\u0105 jednostk\u0119 Fami S.r.l .<\/p>\n<p>Store Van mo\u017ce poszczyci\u0107 si\u0119 posiadaniem linii przemys\u0142owych najnowszej generacji oraz awangardowych technologii, takich jak\u00a0malowanie zanurzeniowe kataforetyczne z\u00a0u\u017cyciem \u017cywicy akrylowej. Zapewnia to wyj\u0105tkowo\u015b\u0107 produkcji, wysok\u0105 jako\u015b\u0107 i\u00a0pozytywny wp\u0142yw na cen\u0119.<\/p>\n<p>Dzi\u0119ki profesjonalizmowi i\u00a0do\u015bwiadczeniu ka\u017cdego dnia przygotowywane s\u0105 liczne rozwi\u0105zania na u\u017cytek r\u00f3\u017cnych wymaga\u0144 roboczych, r\u00f3wnie\u017c specjalnych, takich jak wyposa\u017cenie samochod\u00f3w komercyjnych dla przemys\u0142u spo\u017cywczego, przy czym ok\u0142adziny wewn\u0119trzne nadwozia oraz systemy bezpiecznego mocowania \u0142adunku s\u0105 priorytetowymi kwestiami.<br \/>\n<a name=\"formconttatto\"><\/a><br \/>\nNasze testy zderzeniowe udowadniaj\u0105 wag\u0119 przyk\u0142adan\u0105 do bezpiecze\u0144stwa. Gwarantujemy, \u017ce w\u00a0razie wypadku wyposa\u017cenie samochodu dostawczego nie uszkodzi komory \u0142adunkowej. Nasze modu\u0142y posiadaj\u0105\u00a0<a title=\"niezb\u0119dne certyfikaty\" href=\"https:\/\/www.storevan.com\/pl\/spolka\/certyfikaty\/\">niezb\u0119dne certyfikaty<\/a>.\u00a0Sprzedawane s\u0105 na terenie W\u0142och i\u00a0na ca\u0142ym \u015bwiecie.<\/p>\n<p>Zapraszamy do kontaktu, aby uzyska\u0107 wi\u0119cej informacji. Przedstawimy szczeg\u00f3\u0142owo nasze wyposa\u017cenie Store Van.<br \/>\n<\/div><div class=\"one_third last\"><img decoding=\"async\" loading=\"lazy\" src=\"https:\/\/www.storevan.com\/wp-content\/uploads\/2018\/07\/allestimento-furgoni-store-van.jpg\" alt=\"Wyposa\u017canie samochod\u00f3w komercyjnych Store Van\" width=\"667\" height=\"667\" class=\"alignright size-full wp-image-78519\" srcset=\"https:\/\/www.storevan.com\/wp-content\/uploads\/2018\/07\/allestimento-furgoni-store-van.jpg 667w, https:\/\/www.storevan.com\/wp-content\/uploads\/2018\/07\/allestimento-furgoni-store-van-150x150.jpg 150w, https:\/\/www.storevan.com\/wp-content\/uploads\/2018\/07\/allestimento-furgoni-store-van-300x300.jpg 300w, https:\/\/www.storevan.com\/wp-content\/uploads\/2018\/07\/allestimento-furgoni-store-van-48x48.jpg 48w, https:\/\/www.storevan.com\/wp-content\/uploads\/2018\/07\/allestimento-furgoni-store-van-480x480.jpg 480w\" sizes=\"(max-width: 667px) 100vw, 667px\" \/><\/div><div class=\"clearboth\"><\/div>\n<hr \/>\n<h4 class=\"bigTxt text-center txtBkOrange\">CHCESZ WIEDZIE\u0106 WI\u0118CEJ?<\/h4>\n\n<div class=\"wpcf7 no-js\" id=\"wpcf7-f67676-o1\" lang=\"it-IT\" dir=\"ltr\">\n<div class=\"screen-reader-response\"><p role=\"status\" aria-live=\"polite\" aria-atomic=\"true\"><\/p> <ul><\/ul><\/div>\n<form action=\"\/pl\/wp-json\/wp\/v2\/pages\/8457#wpcf7-f67676-o1\" method=\"post\" class=\"wpcf7-form init\" aria-label=\"Modulo di contatto\" novalidate=\"novalidate\" data-status=\"init\">\n<div style=\"display: none;\">\n<input type=\"hidden\" name=\"_wpcf7\" value=\"67676\" \/>\n<input type=\"hidden\" name=\"_wpcf7_version\" value=\"5.7.7\" \/>\n<input type=\"hidden\" name=\"_wpcf7_locale\" value=\"it_IT\" \/>\n<input type=\"hidden\" name=\"_wpcf7_unit_tag\" value=\"wpcf7-f67676-o1\" \/>\n<input type=\"hidden\" name=\"_wpcf7_container_post\" value=\"0\" \/>\n<input type=\"hidden\" name=\"_wpcf7_posted_data_hash\" value=\"\" \/>\n<input type=\"hidden\" name=\"_wpcf7_recaptcha_response\" value=\"\" \/>\n<\/div>\n<span class=\"wpcf7-form-control-wrap url\" data-name=\"url\"><input type=\"hidden\" name=\"url\" size=\"40\" class=\"wpcf7-form-control wpcf7-hidden wpcf7dtx wpcf7dtx-hidden\" aria-invalid=\"false\" value=\"zabudowy\" autocomplete=\"off\" \/><\/span>\n<p>Wype\u0142nij poni\u017csze pola, aby otrzyma\u0107 wi\u0119cej informacji. Nasz operator skontaktuje si\u0119 z\u00a0tob\u0105 najszybciej, jak to mo\u017cliwe (* pola obowi\u0105zkowe):\n<\/p>\n<div class=\"col-xs-12 col-md-6\">\n\t<p><span class='titoli'>Imi\u0119 (*)<\/span>\n\t<\/p>\n\t<p><span class=\"wpcf7-form-control-wrap\" data-name=\"your-name\"><input size=\"40\" class=\"wpcf7-form-control wpcf7-text wpcf7-validates-as-required form-control\" aria-required=\"true\" aria-invalid=\"false\" value=\"\" type=\"text\" name=\"your-name\" \/><\/span>\n\t<\/p>\n<\/div>\n<div class=\"col-xs-12 col-md-6\">\n\t<p><span class='titoli'>Nazwisko (*)<\/span>\n\t<\/p>\n\t<p><span class=\"wpcf7-form-control-wrap\" data-name=\"your-last-name\"><input size=\"40\" class=\"wpcf7-form-control wpcf7-text wpcf7-validates-as-required form-control\" aria-required=\"true\" aria-invalid=\"false\" value=\"\" type=\"text\" name=\"your-last-name\" \/><\/span>\n\t<\/p>\n<\/div>\n<div class=\"col-xs-12 col-md-6\">\n\t<p><span class='titoli'>Firma (*)<\/span>\n\t<\/p>\n\t<p><span class=\"wpcf7-form-control-wrap\" data-name=\"your-company\"><input size=\"40\" class=\"wpcf7-form-control wpcf7-text wpcf7-validates-as-required form-control\" aria-required=\"true\" aria-invalid=\"false\" value=\"\" type=\"text\" name=\"your-company\" \/><\/span>\n\t<\/p>\n<\/div>\n<div class=\"col-xs-12 col-md-6\">\n\t<p><span class='titoli'>Numer NIP<\/span>\n\t<\/p>\n\t<p><span class=\"wpcf7-form-control-wrap\" data-name=\"p-iva\"><input size=\"40\" class=\"wpcf7-form-control wpcf7-text form-control\" aria-invalid=\"false\" value=\"\" type=\"text\" name=\"p-iva\" \/><\/span>\n\t<\/p>\n<\/div>\n<div class=\"clearboth\">\n<\/div>\n<div class=\"col-xs-12 col-md-4\">\n\t<p><span class='titoli'>Kod pocztowy (*)<\/span>\n\t<\/p>\n\t<p><span class=\"wpcf7-form-control-wrap\" data-name=\"your-zip-code\"><input size=\"40\" class=\"wpcf7-form-control wpcf7-text wpcf7-validates-as-required form-control\" aria-required=\"true\" aria-invalid=\"false\" value=\"\" type=\"text\" name=\"your-zip-code\" \/><\/span>\n\t<\/p>\n<\/div>\n<div class=\"col-xs-12 col-md-4\">\n\t<p><span class='titoli'>Adres (*)<\/span>\n\t<\/p>\n\t<p><span class=\"wpcf7-form-control-wrap\" data-name=\"your-address\"><input size=\"40\" class=\"wpcf7-form-control wpcf7-text wpcf7-validates-as-required form-control\" aria-required=\"true\" aria-invalid=\"false\" value=\"\" type=\"text\" name=\"your-address\" \/><\/span>\n\t<\/p>\n<\/div>\n<div class=\"col-xs-12 col-md-4\">\n\t<p><span class='titoli'>Miasto (*)<\/span>\n\t<\/p>\n\t<p><span class=\"wpcf7-form-control-wrap\" data-name=\"your-Town\"><input size=\"40\" class=\"wpcf7-form-control wpcf7-text wpcf7-validates-as-required form-control\" aria-required=\"true\" aria-invalid=\"false\" value=\"\" type=\"text\" name=\"your-Town\" \/><\/span>\n\t<\/p>\n<\/div>\n<div class=\"clearboth\">\n<\/div>\n<div class=\"col-xs-12 col-md-6\">\n\t<p><span class='titoli'>email (*)<\/span>\n\t<\/p>\n\t<p><span class=\"wpcf7-form-control-wrap\" data-name=\"your-email\"><input size=\"40\" class=\"wpcf7-form-control wpcf7-text wpcf7-email wpcf7-validates-as-required wpcf7-validates-as-email form-control\" aria-required=\"true\" aria-invalid=\"false\" value=\"\" type=\"email\" name=\"your-email\" \/><\/span>\n\t<\/p>\n<\/div>\n<div class=\"col-xs-12 col-md-6\">\n\t<p><span class='titoli'>Telefon (*)<\/span>\n\t<\/p>\n\t<p><span class=\"wpcf7-form-control-wrap\" data-name=\"telefono\"><input size=\"40\" class=\"wpcf7-form-control wpcf7-text wpcf7-tel wpcf7-validates-as-required wpcf7-validates-as-tel form-control\" aria-required=\"true\" aria-invalid=\"false\" value=\"\" type=\"tel\" name=\"telefono\" \/><\/span>\n\t<\/p>\n<\/div>\n<div class=\"clearboth\">\n<\/div>\n<div class=\"col-xs-12 col-md-6\">\n\t<p><span class='titoli'>Przedmiot <\/span>\n\t<\/p>\n\t<p><span class=\"wpcf7-form-control-wrap\" data-name=\"oggetto\"><select class=\"wpcf7-form-control wpcf7-select wpcf7-validates-as-required\" aria-required=\"true\" aria-invalid=\"false\" name=\"oggetto\"><option value=\"Oferta\">Oferta<\/option><option value=\"Informacje techniczne\">Informacje techniczne<\/option><option value=\"Powo\u0142anie\">Powo\u0142anie<\/option><\/select><\/span>\n\t<\/p>\n<\/div>\n<div class=\"col-xs-12 col-md-6\">\n\t<p><br \/>\n<span class=\"titoli\"> <span class=\"wpcf7-form-control-wrap\" data-name=\"cliente\"><span class=\"wpcf7-form-control wpcf7-checkbox\"><span class=\"wpcf7-list-item first last\"><label><span class=\"wpcf7-list-item-label\">Jestem ju\u017c klientem<\/span><input type=\"checkbox\" name=\"cliente[]\" value=\"Jestem ju\u017c klientem\" \/><\/label><\/span><\/span><\/span><\/span>\n\t<\/p>\n<\/div>\n<div class=\"col-xs-12 col-md-12\">\n\t<p><span class='titoli'>Wiadomo\u015b\u0107 (*)<\/span>\n\t<\/p>\n\t<p><span class=\"wpcf7-form-control-wrap\" data-name=\"your-message\"><textarea cols=\"40\" rows=\"10\" class=\"wpcf7-form-control wpcf7-textarea wpcf7-validates-as-required form-control\" aria-required=\"true\" aria-invalid=\"false\" name=\"your-message\"><\/textarea><\/span>\n\t<\/p>\n<\/div>\n<div class=\"col-xs-12 col-md-12\">\n\t<p><small>Wprowadzone dane b\u0119d\u0105 traktowane z zachowaniem \u015bcis\u0142ej poufno\u015bci zgodnie z prawem i nasz\u0105 polityk\u0105 prywatno\u015bci. <a href=\"https:\/\/www.storevan.com\/pl\/privacy-policy\/\">Polityk\u0105 prywatno\u015bci<\/a><\/small>\n\t<\/p>\n\t<p><span class=\"wpcf7-form-control-wrap\" data-name=\"AccettazionePrivacy\"><span class=\"wpcf7-form-control wpcf7-acceptance\"><span class=\"wpcf7-list-item\"><input type=\"checkbox\" name=\"AccettazionePrivacy\" value=\"1\" aria-invalid=\"false\" \/><\/span><\/span><\/span> O\u015bwiadczam, \u017ce zapozna\u0142am si\u0119 z <a href=\"https:\/\/www.storevan.com\/pl\/privacy-policy\/\">polityk\u0105 prywatno\u015bci<\/a> i zgadzam si\u0119 na wykorzystanie moich danych osobowych w opisanych tam przypadkach.(*)(*)<br \/>\n\t<span class=\"wpcf7-form-control-wrap recaptcha\" data-name=\"recaptcha\"><span data-sitekey=\"6LdfM4AUAAAAAJjsAucux5WVNA3hsk5KP0a03T_n\" class=\"wpcf7-form-control g-recaptcha wpcf7-recaptcha\"><\/span>\r\n<noscript>\r\n\t<div class=\"grecaptcha-noscript\">\r\n\t\t<iframe src=\"https:\/\/www.google.com\/recaptcha\/api\/fallback?k=6LdfM4AUAAAAAJjsAucux5WVNA3hsk5KP0a03T_n\" frameborder=\"0\" scrolling=\"no\" width=\"310\" height=\"430\">\r\n\t\t<\/iframe>\r\n\t\t<textarea name=\"g-recaptcha-response\" rows=\"3\" cols=\"40\" placeholder=\"reCaptcha Response Here\">\r\n\t\t<\/textarea>\r\n\t<\/div>\r\n<\/noscript>\r\n<\/span>\n\t<\/p>\n<\/div>\n<hr class=\"noColor\" \/>\n<p><input class=\"wpcf7-form-control has-spinner wpcf7-submit\" type=\"submit\" value=\"Wy\u015blij\" \/>\n<\/p><div class=\"wpcf7-response-output\" aria-hidden=\"true\"><\/div>\n<\/form>\n<\/div>\n\n","protected":false},"excerpt":{"rendered":"<p>Wyposa\u017cenie samochod\u00f3w serwisowych Store Van realizuje od ponad dziesi\u0119ciu lat wyposa\u017cenie samochod\u00f3w komercyjnych i\u00a0samochod\u00f3w dostawczych roboczych. Podstawowe za\u0142o\u017cenia obejmuj\u0105 wzornictwo, ale przede wszystkim jako\u015b\u0107 materia\u0142\u00f3w i\u00a0organizacj\u0119 wyposa\u017cenia, zapewniaj\u0105c\u0105 bezpieczny i\u00a0uporz\u0105dkowany.<\/p>\n","protected":false},"author":470,"featured_media":0,"parent":0,"menu_order":0,"comment_status":"closed","ping_status":"closed","template":"","meta":[],"acf":[],"yoast_head":"<!-- This site is optimized with the Yoast SEO plugin v20.11 - https:\/\/yoast.com\/wordpress\/plugins\/seo\/ -->\n<title>Wyposa\u017cenie samochod\u00f3w komercyjnyc<\/title>\n<meta name=\"description\" content=\"Store Van realizuje wyposa\u017canie samochod\u00f3w komercyjnych na terenie ca\u0142ych W\u0142och, przygotowuj\u0105c indywidualne i\u00a0certyfikowane rozwi\u0105zania.\" \/>\n<meta name=\"robots\" content=\"index, follow, max-snippet:-1, max-image-preview:large, max-video-preview:-1\" \/>\n<link rel=\"canonical\" href=\"https:\/\/www.storevan.com\/allestimenti-veicoli-commerciali\/\" \/>\n<meta property=\"og:locale\" content=\"pl_PL\" \/>\n<meta property=\"og:type\" content=\"article\" \/>\n<meta property=\"og:title\" content=\"Wyposa\u017cenie samochod\u00f3w komercyjnyc\" \/>\n<meta property=\"og:description\" content=\"Store Van realizuje wyposa\u017canie samochod\u00f3w komercyjnych na terenie ca\u0142ych W\u0142och, przygotowuj\u0105c indywidualne i\u00a0certyfikowane rozwi\u0105zania.\" \/>\n<meta property=\"og:url\" content=\"https:\/\/www.storevan.com\/allestimenti-veicoli-commerciali\/\" \/>\n<meta property=\"og:site_name\" content=\"Store Van\" \/>\n<meta property=\"article:modified_time\" content=\"2022-09-27T13:26:29+00:00\" \/>\n<meta property=\"og:image\" content=\"https:\/\/www.storevan.com\/wp-content\/uploads\/2017\/01\/HOME1-Allestimenti-CITROEN.png\" \/>\n<meta name=\"twitter:label1\" content=\"Szacowany czas czytania\" \/>\n\t<meta name=\"twitter:data1\" content=\"2 minuty\" \/>\n<script type=\"application\/ld+json\" class=\"yoast-schema-graph\">{\"@context\":\"https:\/\/schema.org\",\"@graph\":[{\"@type\":\"WebPage\",\"@id\":\"https:\/\/www.storevan.com\/allestimenti-veicoli-commerciali\/\",\"url\":\"https:\/\/www.storevan.com\/allestimenti-veicoli-commerciali\/\",\"name\":\"Wyposa\u017cenie samochod\u00f3w komercyjnyc\",\"isPartOf\":{\"@id\":\"https:\/\/www.storevan.com\/pl\/#website\"},\"datePublished\":\"2015-12-09T08:42:40+00:00\",\"dateModified\":\"2022-09-27T13:26:29+00:00\",\"description\":\"Store Van realizuje wyposa\u017canie samochod\u00f3w komercyjnych na terenie ca\u0142ych W\u0142och, przygotowuj\u0105c indywidualne i\u00a0certyfikowane rozwi\u0105zania.\",\"breadcrumb\":{\"@id\":\"https:\/\/www.storevan.com\/allestimenti-veicoli-commerciali\/#breadcrumb\"},\"inLanguage\":\"pl-PL\",\"potentialAction\":[{\"@type\":\"ReadAction\",\"target\":[\"https:\/\/www.storevan.com\/allestimenti-veicoli-commerciali\/\"]}]},{\"@type\":\"BreadcrumbList\",\"@id\":\"https:\/\/www.storevan.com\/allestimenti-veicoli-commerciali\/#breadcrumb\",\"itemListElement\":[{\"@type\":\"ListItem\",\"position\":1,\"name\":\"Home\",\"item\":\"https:\/\/www.storevan.com\/pl\/\"},{\"@type\":\"ListItem\",\"position\":2,\"name\":\"Zabudowy\"}]},{\"@type\":\"WebSite\",\"@id\":\"https:\/\/www.storevan.com\/pl\/#website\",\"url\":\"https:\/\/www.storevan.com\/pl\/\",\"name\":\"Store Van\",\"description\":\"Zabudowy\",\"potentialAction\":[{\"@type\":\"SearchAction\",\"target\":{\"@type\":\"EntryPoint\",\"urlTemplate\":\"https:\/\/www.storevan.com\/pl\/?s={search_term_string}\"},\"query-input\":\"required name=search_term_string\"}],\"inLanguage\":\"pl-PL\"}]}<\/script>\n<!-- \/ Yoast SEO plugin. -->","yoast_head_json":{"title":"Wyposa\u017cenie samochod\u00f3w komercyjnyc","description":"Store Van realizuje wyposa\u017canie samochod\u00f3w komercyjnych na terenie ca\u0142ych W\u0142och, przygotowuj\u0105c indywidualne i\u00a0certyfikowane rozwi\u0105zania.","robots":{"index":"index","follow":"follow","max-snippet":"max-snippet:-1","max-image-preview":"max-image-preview:large","max-video-preview":"max-video-preview:-1"},"canonical":"https:\/\/www.storevan.com\/allestimenti-veicoli-commerciali\/","og_locale":"pl_PL","og_type":"article","og_title":"Wyposa\u017cenie samochod\u00f3w komercyjnyc","og_description":"Store Van realizuje wyposa\u017canie samochod\u00f3w komercyjnych na terenie ca\u0142ych W\u0142och, przygotowuj\u0105c indywidualne i\u00a0certyfikowane rozwi\u0105zania.","og_url":"https:\/\/www.storevan.com\/allestimenti-veicoli-commerciali\/","og_site_name":"Store Van","article_modified_time":"2022-09-27T13:26:29+00:00","og_image":[{"url":"https:\/\/www.storevan.com\/wp-content\/uploads\/2017\/01\/HOME1-Allestimenti-CITROEN.png"}],"twitter_misc":{"Szacowany czas czytania":"2 minuty"},"schema":{"@context":"https:\/\/schema.org","@graph":[{"@type":"WebPage","@id":"https:\/\/www.storevan.com\/allestimenti-veicoli-commerciali\/","url":"https:\/\/www.storevan.com\/allestimenti-veicoli-commerciali\/","name":"Wyposa\u017cenie samochod\u00f3w komercyjnyc","isPartOf":{"@id":"https:\/\/www.storevan.com\/pl\/#website"},"datePublished":"2015-12-09T08:42:40+00:00","dateModified":"2022-09-27T13:26:29+00:00","description":"Store Van realizuje wyposa\u017canie samochod\u00f3w komercyjnych na terenie ca\u0142ych W\u0142och, przygotowuj\u0105c indywidualne i\u00a0certyfikowane rozwi\u0105zania.","breadcrumb":{"@id":"https:\/\/www.storevan.com\/allestimenti-veicoli-commerciali\/#breadcrumb"},"inLanguage":"pl-PL","potentialAction":[{"@type":"ReadAction","target":["https:\/\/www.storevan.com\/allestimenti-veicoli-commerciali\/"]}]},{"@type":"BreadcrumbList","@id":"https:\/\/www.storevan.com\/allestimenti-veicoli-commerciali\/#breadcrumb","itemListElement":[{"@type":"ListItem","position":1,"name":"Home","item":"https:\/\/www.storevan.com\/pl\/"},{"@type":"ListItem","position":2,"name":"Zabudowy"}]},{"@type":"WebSite","@id":"https:\/\/www.storevan.com\/pl\/#website","url":"https:\/\/www.storevan.com\/pl\/","name":"Store Van","description":"Zabudowy","potentialAction":[{"@type":"SearchAction","target":{"@type":"EntryPoint","urlTemplate":"https:\/\/www.storevan.com\/pl\/?s={search_term_string}"},"query-input":"required name=search_term_string"}],"inLanguage":"pl-PL"}]}},"_links":{"self":[{"href":"https:\/\/www.storevan.com\/pl\/wp-json\/wp\/v2\/pages\/8457"}],"collection":[{"href":"https:\/\/www.storevan.com\/pl\/wp-json\/wp\/v2\/pages"}],"about":[{"href":"https:\/\/www.storevan.com\/pl\/wp-json\/wp\/v2\/types\/page"}],"author":[{"embeddable":true,"href":"https:\/\/www.storevan.com\/pl\/wp-json\/wp\/v2\/users\/470"}],"replies":[{"embeddable":true,"href":"https:\/\/www.storevan.com\/pl\/wp-json\/wp\/v2\/comments?post=8457"}],"version-history":[{"count":6,"href":"https:\/\/www.storevan.com\/pl\/wp-json\/wp\/v2\/pages\/8457\/revisions"}],"predecessor-version":[{"id":148973,"href":"https:\/\/www.storevan.com\/pl\/wp-json\/wp\/v2\/pages\/8457\/revisions\/148973"}],"wp:attachment":[{"href":"https:\/\/www.storevan.com\/pl\/wp-json\/wp\/v2\/media?parent=8457"}],"curies":[{"name":"wp","href":"https:\/\/api.w.org\/{rel}","templated":true}]}}