{"id":8437,"date":"2016-04-22T09:19:24","date_gmt":"2016-04-22T07:19:24","guid":{"rendered":"https:\/\/www.storevan.com\/pl\/cookie\/"},"modified":"2025-12-02T11:51:40","modified_gmt":"2025-12-02T11:51:40","slug":"cookie","status":"publish","type":"page","link":"https:\/\/www.storevan.com\/pl\/cookie\/","title":{"rendered":"Cookie"},"content":{"rendered":"<h1 class=\"customblackTitleSmall\">Polityka plik\u00f3w cookie<\/h1>\n<p>Cookie (ciasteczka) to ma\u0142e pliki tekstowe przesy\u0142ane przez odwiedzane witryny internetowe do terminala (PC, tableta, smartphone&#8217;a, notebooka), zapami\u0119tywane, a nast\u0119pnie powrotnie przekazywane do takich witryn, podczas kolejnej wizyty. Istniej\u0105 r\u00f3\u017cne pliki cookie, zawieraj\u0105ce r\u00f3\u017cne informacje (np. uwierzytelnianie informacji informatycznych, monitorowanie sesji, zapami\u0119tywanie preferencji odno\u015bnie do przesy\u0142ania wiadomo\u015bci reklamowych itp.). Ka\u017cdy plik cookie z kolei zawiera r\u00f3\u017cne dane (np. nazw\u0119 serwera, z kt\u00f3rego pochodzi, identyfikator numeryczny itd.).<br \/>\nDane te mog\u0105 pozostawa\u0107 w urz\u0105dzeniu u\u017cytkownika przez r\u00f3\u017cny czas &#8211; jedn\u0105 sesj\u0119 przegl\u0105darki, kilka godzin, kilka dni lub przez d\u0142u\u017csze okresy.<br \/>\nWykorzystuje si\u0119 je do automatycznego przetwarzania informatycznego, monitorowania sesji i zapami\u0119tywania informacji na witrynach internetowych. W trakcie nawigowania po witrynie internetowej u\u017cytkownik mo\u017ce otrzymywa\u0107 na sw\u00f3j terminal pliki cookie przesy\u0142ane przez inne strony internetowe lub serwery (tzw. &#8222;inne podmioty&#8221;), na kt\u00f3rych mog\u0105 znajdowa\u0107 si\u0119 pewne elementy (takie jak na przyk\u0142ad obrazy, mapy, d\u017awi\u0119ki, okre\u015blone linki do stron innych domen), znajduj\u0105ce si\u0119 na odwiedzanej stronie.<br \/>\nObowi\u0105zek umieszczenia tak zwanej kr\u00f3tkiej informacji (niewielkich baner\u00f3w z tekstem \u201eKorzystaj\u0105c z tej witryny, wyra\u017casz zgod\u0119 na stosowanie przez nas plik\u00f3w cookie\u201d lub z innymi podobnymi zwrotami) zosta\u0142 na\u0142o\u017cony przez organ nadzorczy na drodze przepis\u00f3w, z kt\u00f3rymi mo\u017cna si\u0119 zapozna\u0107 na stronie: www.garanteprivacy.it, w celu uzyskania zgody osoby odwiedzaj\u0105cej witryn\u0119 na przesy\u0142anie plik\u00f3w cookie (kt\u00f3re s\u0105 wysy\u0142ane bezpo\u015brednio przez w\u0142a\u015bciciela witryny lub podmioty trzecie poprzez tzw. \u201epliki cookie innych podmiot\u00f3w\u201d), przy czym podkre\u015bla si\u0119, \u017ce pliki cookie zasadniczo dziel\u0105 si\u0119 na dwie makro kategorie:<\/p>\n<p><strong>Cookie techniczne<\/strong><\/p>\n<p>Pliki cookie zdefiniowane przez Inspektora jako \u201etechniczne\u201d s\u0105 zwi\u0105zane z:<br \/>\n1. dzia\u0142aniami bezwzgl\u0119dnie koniecznymi dla funkcjonowania witryny i\/lub us\u0142ugi;<br \/>\n2. dzia\u0142aniami polegaj\u0105cymi na zapisywaniu preferencji (np. produkt\u00f3w wprowadzonych do koszyka, ustawie\u0144 j\u0119zyka nawigacji, waluty, metody zakupu, itp.);<br \/>\n3. dzia\u0142aniami o celach statystycznych, pod warunkiem, \u017ce dane s\u0105 wykorzystywane bezpo\u015brednio przez operatora witryny i jedynie w formie zbiorczej, tj. nie indywidualnie (np. liczniki wizyt z podzia\u0142em na kraje zarz\u0105dzane wewn\u0119trznie przez witryn\u0119).<\/p>\n<p><strong>Pliki cookie profiluj\u0105ce<\/strong><\/p>\n<p>Pliki cookie zdefiniowane przez Inspektora jako \u201eprofiluj\u0105ce\u201d to pliki:<br \/>\n1. zwi\u0105zane z profilowaniem reklamowym, tj. gromadzeniem i przetwarzaniem danych u\u017cytkownik\u00f3w do cel\u00f3w reklamowych (np. w celu przekazania ich koncesjonariuszom reklamowym);<br \/>\n2. zwi\u0105zane z przekierowywaniem, obejmuj\u0105cym formy reklamy online, dobrane na podstawie wcze\u015bniejszych dzia\u0142a\u0144 lub wyszukiwa\u0144 u\u017cytkownika na stronie (np. Google AdWords);<br \/>\n3. okre\u015blone przez portale spo\u0142eczno\u015bciowe;<br \/>\n4. zwi\u0105zane z dzia\u0142aniami statystycznymi, zarz\u0105dzanymi przez inne podmioty (np. Google Analytics).<br \/>\nWi\u0119cej szczeg\u00f3\u0142owych informacji na temat charakteru i przeznaczenia plik\u00f3w cookie mo\u017cna znale\u017a\u0107 na stronie https:\/\/it.wikipedia.org\/wiki\/Cookie i innych podobnych stronach internetowych.<\/p>\n<p><strong>Kontrola plik\u00f3w cookie<\/strong><br \/>\nPrzegl\u0105dark\u0119 mo\u017cna ustawi\u0107 tak, aby akceptowa\u0142a wszystkie pliki cookie lub powiadamia\u0142a u\u017cytkownika za ka\u017cdym razem, gdy pojawia si\u0119 pr\u00f3ba ich przes\u0142ania, aby umo\u017cliwi\u0107 mu podj\u0119cie decyzji o ich przyj\u0119ciu lub odrzuceniu.<\/p>\n<p><strong>Dezaktywacja plik\u00f3w cookie<\/strong><br \/>\nWszystkie przegl\u0105darki dost\u0119pne dla u\u017cytkownika pozwalaj\u0105 wy\u0142\u0105czy\u0107 obs\u0142ug\u0119 plik\u00f3w cookie za pomoc\u0105 okre\u015blonej procedury. Poni\u017cej przedstawiono aktualne sposoby konfiguracji (o ile w przegl\u0105darce nie wprowadzono zmian), maj\u0105ce na celu monitorowanie i, w razie potrzeby, wy\u0142\u0105czanie obs\u0142ugi plik\u00f3w cookie.<\/p>\n<p><u>Je\u015bli korzysta si\u0119 z przegl\u0105darki Internet Explorer:<\/u><br \/>\n1. Otw\u00f3rz Internet Explorer.<br \/>\n2. Z menu \u201eNarz\u0119dzia\u201d wybierz \u201eOpcje internetowe\u201d.<br \/>\n3. Kliknij na zak\u0142adk\u0119 \u201ePrywatno\u015b\u0107\u201d i przesu\u0144 kursor wyboru na poziom prywatno\u015bci, kt\u00f3ry chcesz ustawi\u0107 (w g\u00f3r\u0119, aby zablokowa\u0107 wszystkie pliki cookie, lub w d\u00f3\u0142, aby zaakceptowa\u0107 wszystkie pliki cookie).<\/p>\n<p><u>Je\u015bli korzysta si\u0119 z przegl\u0105darki Mozilla Firefox:<\/u><br \/>\n1. Otw\u00f3rz przegl\u0105dark\u0119 Mozilla Firefox.<br \/>\n2. W menu w prawym g\u00f3rnym rogu, wybierz \u201eNarz\u0119dzia\u201d, a nast\u0119pnie \u201eOpcje\u201d.<br \/>\n3. Nast\u0119pnie wybierz zak\u0142adk\u0119 \u201ePrywatno\u015b\u0107 i bezpiecze\u0144stwo\u201d.<br \/>\n4. Wybierz \u201eU\u017cyj niestandardowych ustawie\u0144\u201d w \u201eUstawieniach chronologii\u201d.<br \/>\n5. Odznacz opcj\u0119 \u201eAkceptuj pliki cookie ze stron internetowych\u201d i zapisz.<\/p>\n<p><u>W przypadku korzystania z przegl\u0105darki Google Chrome:<\/u><br \/>\n1. Otw\u00f3rz Google Chrome.<br \/>\n2. Kliknij na ikon\u0119 \u201eNarz\u0119dzia\u201d.<br \/>\n3. Wybierz \u201eUstawienia\u201d, a nast\u0119pnie \u201eUstawienia zaawansowane\u201d.<br \/>\n4. W sekcji \u201ePrywatno\u015b\u0107\u201d wybierz \u201eUstawienia tre\u015bci\u201d.<br \/>\n5. W opcji \u201ePliki cookie\u201d mo\u017cna odznaczy\u0107 pliki cookie i zapisa\u0107 preferencje.<\/p>\n<p><u>W przypadku korzystania z przegl\u0105darki Safari:<\/u><br \/>\n1. Otw\u00f3rz przegl\u0105dark\u0119 Safari.<br \/>\n2. Na pasku narz\u0119dzi wybierz opcj\u0119 \u201ePreferencje\u201d, a w oknie dialogowym, kt\u00f3re si\u0119 otworzy, wybierz panel \u201eBezpiecze\u0144stwo\u201d.<br \/>\n3. W sekcji \u201eAkceptuj pliki cookie\u201d mo\u017cna okre\u015bli\u0107, czy i kiedy Safari ma zapisywa\u0107 pliki cookie ze stron internetowych.<br \/>\n4. Aby uzyska\u0107 wi\u0119cej informacji na temat plik\u00f3w cookie przechowywanych na komputerze, kliknij \u201ePoka\u017c pliki cookie\u201d.<\/p>\n<p><u>Opis plik\u00f3w cookie znajduj\u0105cych si\u0119 na Witrynie.<\/u><br \/>\nWszystkie dane s\u0105 zapisywane w Bazie danych, w\u0142\u0105cznie z adresem IP, przegl\u0105dark\u0105, ods\u0142on\u0105 strony, godzin\u0105 i zaznaczeniem opcji Prywatno\u015b\u0107 (je\u015bli nie jest zaznaczona, \u017c\u0105danie nie jest wysy\u0142ane).<br \/>\nDane s\u0105 zbierane z istniej\u0105cych formularzy:<br \/>\n\u2022\tpo wype\u0142nieniu formularza dost\u0119pnego na stronie \u201eKontakt\u201d;<br \/>\n\u2022\tpo aktywacji czatu z obs\u0142ug\u0105;<br \/>\n\u2022\tpo klikni\u0119ciu na weryfikacj\u0119 dostawy (wymagany jest Kod Klienta);<br \/>\n\u2022\tpo subskrybowaniu newsletter\u00f3w. W tym ostatnim przypadku dane s\u0105 automatycznie zapisywane r\u00f3wnie\u017c na platformie HubSpot (hubspot.com).<\/p>\n<hr\/>\n<p><script id=\"CookieDeclaration\" src=\"https:\/\/consent.cookiebot.com\/b7445166-c89d-415a-95a1-5d19df662f2d\/cd.js\" type=\"text\/javascript\" async><\/script><\/p>\n<hr class=\"noColor\"\/>\n<hr class=\"noColor\"\/>\n<p>Zasadniczo, pomijaj\u0105c kwesti\u0119 rodzaj\u00f3w plik\u00f3w cookie wykorzystywanych przez przedmiotow\u0105 witryn\u0119 internetow\u0105, pragniemy poinformowa\u0107 u\u017cytkownik\u00f3w, \u017ce opr\u00f3cz ochrony wymaganej obowi\u0105zuj\u0105cymi przepisami, dost\u0119pne s\u0105 opcje nawigowania bez plik\u00f3w cookie, jak na przyk\u0142ad:<br \/>\n\u2022\tZablokuj pliki cookie innych podmiot\u00f3w: cookie innych podmiot\u00f3w nie s\u0105 zasadniczo niezb\u0119dne do nawigowania, dlatego mo\u017cna je domy\u015blnie odrzuci\u0107 pos\u0142uguj\u0105c si\u0119 odpowiednimi funkcjami przegl\u0105darki.<br \/>\n\u2022\tAktywuj opcj\u0119 Do Not Track: opcja Do Not Track znajduje si\u0119 w wi\u0119kszo\u015bci przegl\u0105darek najnowszej generacji. Witryny internetowe zaprojektowane w taki spos\u00f3b, aby uwzgl\u0119dni\u0107 t\u0119 opcj\u0119, po jej aktywowaniu powinny automatycznie zaprzesta\u0107 zbierania okre\u015blonych danych o nawigowaniu. Niemniej jednak, jak powiedziano, nie wszystkie witryny internetowe s\u0105 skonfigurowane w taki spos\u00f3b, aby da\u0107 mo\u017cliwo\u015b\u0107 skorzystania z tej opcji (do wyboru).<br \/>\n\u2022\tAktywuj tryb &#8222;nawigacji anonimowej&#8221;: korzystaj\u0105c z tej funkcji mo\u017cna nawigowa\u0107 nie zostawiaj\u0105c w przegl\u0105darce \u015bladu danych o nawigowaniu. Witryny internetowe b\u0119d\u0105 pami\u0119ta\u0142y U\u017cytkownika, odwiedzane strony nie b\u0119d\u0105 zapami\u0119tywane chronologicznie, a nowe cookie zostan\u0105 usuni\u0119te. Funkcja anonimowej nawigacji nie gwarantuje jednak anonimowo\u015bci w Internecie, poniewa\u017c s\u0142u\u017cy jedynie do nie utrzymywania danych o nawigowaniu w przegl\u0105darce, natomiast w\u0142asne dane o nawigowaniu nadal pozostaj\u0105 dost\u0119pne dla podmiot\u00f3w zarz\u0105dzaj\u0105cych witrynami internetowymi i dla dostawc\u00f3w \u0142\u0105czno\u015bci.<br \/>\n\u2022\tUsu\u0144 bezpo\u015brednio pliki cookie: istniej\u0105 specjalne funkcje, aby wykona\u0107 to we wszystkich przegl\u0105darkach. Nale\u017cy jednak pami\u0119ta\u0107, \u017ce przy ka\u017cdym po\u0142\u0105czeniu z Internetem s\u0105 pobierane nowe cookie, dlatego operacj\u0119 usuwania nale\u017cy wykonywa\u0107 okresowo. Niekt\u00f3re przegl\u0105darki oferuj\u0105 zautomatyzowane systemy okresowego usuwania plik\u00f3w cookie.<br \/>\nWszelkie dodatkowe informacje na temat tzw. ciasteczek mo\u017cna znale\u017a\u0107 pod linkiem:  http:\/\/www.garanteprivacy.it\/cookie<br \/>\nDodatkowo, aby dowiedzie\u0107 si\u0119, w jaki spos\u00f3b ogranicza\u0107, blokowa\u0107 i\/ lub usuwa\u0107 cookie ustawione na w\u0142asnym urz\u0105dzeniu, warto odwiedzi\u0107 poni\u017cszy link: http:\/\/www.aboutcookies.org<br \/>\nAby pozna\u0107 rodzaj i wersj\u0119 u\u017cywanej przegl\u0105darki, nale\u017cy klikn\u0105\u0107 na &#8222;Pomoc&#8221; w g\u00f3rnej cz\u0119\u015bci okna przegl\u0105darki, sk\u0105d mo\u017cna przej\u015b\u0107 do wszystkich niezb\u0119dnych informacji. Je\u017celi natomiast znany jest rodzaj i wersja w\u0142asnej przegl\u0105darki, wystarczy klikn\u0105\u0107 na link odpowiadaj\u0105cy przegl\u0105darce, z kt\u00f3rej si\u0119 korzysta, aby przej\u015b\u0107 do strony umo\u017cliwiaj\u0105cej zarz\u0105dzanie plikami cookie.<br \/>\n\u2022 <u>Microsoft Internet Explorer <\/u><br \/>\nhttp:\/\/windows.microsoft.com\/en-us\/windows-vista\/block-or-allow-cookies<br \/>\n\u2022 <u>Google Chrome<\/u><br \/>\nhttps:\/\/support.google.com\/accounts\/answer\/61416?hl=it<br \/>\n\u2022 <u>Mozilla Firefox<\/u><br \/>\nhttp:\/\/support.mozilla.org\/en-US\/kb\/Enabling%20and%20disabling%20cookies<br \/>\n\u2022 <u>Safari<\/u><br \/>\nhttp:\/\/www.apple.com\/legal\/privacy\/ <\/p>\n","protected":false},"excerpt":{"rendered":"<p>Polityka plik\u00f3w cookie Cookie (ciasteczka) to ma\u0142e pliki tekstowe przesy\u0142ane przez odwiedzane witryny internetowe do terminala (PC, tableta, smartphone&#8217;a, notebooka), zapami\u0119tywane, a nast\u0119pnie powrotnie przekazywane do takich witryn, podczas kolejnej.<\/p>\n","protected":false},"author":470,"featured_media":0,"parent":0,"menu_order":0,"comment_status":"closed","ping_status":"closed","template":"","meta":[],"acf":[],"yoast_head":"<!-- This site is optimized with the Yoast SEO plugin v20.11 - https:\/\/yoast.com\/wordpress\/plugins\/seo\/ -->\n<title>Polityka plik\u00f3w cookie<\/title>\n<meta name=\"robots\" content=\"index, nofollow, max-snippet:-1, max-image-preview:large, max-video-preview:-1\" \/>\n<link rel=\"canonical\" href=\"https:\/\/www.storevan.com\/pl\/cookie\/\" \/>\n<meta property=\"og:locale\" content=\"pl_PL\" \/>\n<meta property=\"og:type\" content=\"article\" \/>\n<meta property=\"og:title\" content=\"Polityka plik\u00f3w cookie\" \/>\n<meta property=\"og:description\" content=\"Polityka plik\u00f3w cookie Cookie (ciasteczka) to ma\u0142e pliki tekstowe przesy\u0142ane przez odwiedzane witryny internetowe do terminala (PC, tableta, smartphone&#8217;a, notebooka), zapami\u0119tywane, a nast\u0119pnie powrotnie przekazywane do takich witryn, podczas kolejnej.\" \/>\n<meta property=\"og:url\" content=\"https:\/\/www.storevan.com\/pl\/cookie\/\" \/>\n<meta property=\"og:site_name\" content=\"Store Van\" \/>\n<meta property=\"article:modified_time\" content=\"2025-12-02T11:51:40+00:00\" \/>\n<meta name=\"twitter:label1\" content=\"Szacowany czas czytania\" \/>\n\t<meta name=\"twitter:data1\" content=\"12 minut\" \/>\n<script type=\"application\/ld+json\" class=\"yoast-schema-graph\">{\"@context\":\"https:\/\/schema.org\",\"@graph\":[{\"@type\":\"WebPage\",\"@id\":\"https:\/\/www.storevan.com\/pl\/cookie\/\",\"url\":\"https:\/\/www.storevan.com\/pl\/cookie\/\",\"name\":\"Polityka plik\u00f3w cookie\",\"isPartOf\":{\"@id\":\"https:\/\/www.storevan.com\/pl\/#website\"},\"datePublished\":\"2016-04-22T07:19:24+00:00\",\"dateModified\":\"2025-12-02T11:51:40+00:00\",\"breadcrumb\":{\"@id\":\"https:\/\/www.storevan.com\/pl\/cookie\/#breadcrumb\"},\"inLanguage\":\"pl-PL\",\"potentialAction\":[{\"@type\":\"ReadAction\",\"target\":[\"https:\/\/www.storevan.com\/pl\/cookie\/\"]}]},{\"@type\":\"BreadcrumbList\",\"@id\":\"https:\/\/www.storevan.com\/pl\/cookie\/#breadcrumb\",\"itemListElement\":[{\"@type\":\"ListItem\",\"position\":1,\"name\":\"Home\",\"item\":\"https:\/\/www.storevan.com\/pl\/\"},{\"@type\":\"ListItem\",\"position\":2,\"name\":\"Cookie\"}]},{\"@type\":\"WebSite\",\"@id\":\"https:\/\/www.storevan.com\/pl\/#website\",\"url\":\"https:\/\/www.storevan.com\/pl\/\",\"name\":\"Store Van\",\"description\":\"Zabudowy\",\"potentialAction\":[{\"@type\":\"SearchAction\",\"target\":{\"@type\":\"EntryPoint\",\"urlTemplate\":\"https:\/\/www.storevan.com\/pl\/?s={search_term_string}\"},\"query-input\":\"required name=search_term_string\"}],\"inLanguage\":\"pl-PL\"}]}<\/script>\n<!-- \/ Yoast SEO plugin. -->","yoast_head_json":{"title":"Polityka plik\u00f3w cookie","robots":{"index":"index","follow":"nofollow","max-snippet":"max-snippet:-1","max-image-preview":"max-image-preview:large","max-video-preview":"max-video-preview:-1"},"canonical":"https:\/\/www.storevan.com\/pl\/cookie\/","og_locale":"pl_PL","og_type":"article","og_title":"Polityka plik\u00f3w cookie","og_description":"Polityka plik\u00f3w cookie Cookie (ciasteczka) to ma\u0142e pliki tekstowe przesy\u0142ane przez odwiedzane witryny internetowe do terminala (PC, tableta, smartphone&#8217;a, notebooka), zapami\u0119tywane, a nast\u0119pnie powrotnie przekazywane do takich witryn, podczas kolejnej.","og_url":"https:\/\/www.storevan.com\/pl\/cookie\/","og_site_name":"Store Van","article_modified_time":"2025-12-02T11:51:40+00:00","twitter_misc":{"Szacowany czas czytania":"12 minut"},"schema":{"@context":"https:\/\/schema.org","@graph":[{"@type":"WebPage","@id":"https:\/\/www.storevan.com\/pl\/cookie\/","url":"https:\/\/www.storevan.com\/pl\/cookie\/","name":"Polityka plik\u00f3w cookie","isPartOf":{"@id":"https:\/\/www.storevan.com\/pl\/#website"},"datePublished":"2016-04-22T07:19:24+00:00","dateModified":"2025-12-02T11:51:40+00:00","breadcrumb":{"@id":"https:\/\/www.storevan.com\/pl\/cookie\/#breadcrumb"},"inLanguage":"pl-PL","potentialAction":[{"@type":"ReadAction","target":["https:\/\/www.storevan.com\/pl\/cookie\/"]}]},{"@type":"BreadcrumbList","@id":"https:\/\/www.storevan.com\/pl\/cookie\/#breadcrumb","itemListElement":[{"@type":"ListItem","position":1,"name":"Home","item":"https:\/\/www.storevan.com\/pl\/"},{"@type":"ListItem","position":2,"name":"Cookie"}]},{"@type":"WebSite","@id":"https:\/\/www.storevan.com\/pl\/#website","url":"https:\/\/www.storevan.com\/pl\/","name":"Store Van","description":"Zabudowy","potentialAction":[{"@type":"SearchAction","target":{"@type":"EntryPoint","urlTemplate":"https:\/\/www.storevan.com\/pl\/?s={search_term_string}"},"query-input":"required name=search_term_string"}],"inLanguage":"pl-PL"}]}},"_links":{"self":[{"href":"https:\/\/www.storevan.com\/pl\/wp-json\/wp\/v2\/pages\/8437"}],"collection":[{"href":"https:\/\/www.storevan.com\/pl\/wp-json\/wp\/v2\/pages"}],"about":[{"href":"https:\/\/www.storevan.com\/pl\/wp-json\/wp\/v2\/types\/page"}],"author":[{"embeddable":true,"href":"https:\/\/www.storevan.com\/pl\/wp-json\/wp\/v2\/users\/470"}],"replies":[{"embeddable":true,"href":"https:\/\/www.storevan.com\/pl\/wp-json\/wp\/v2\/comments?post=8437"}],"version-history":[{"count":10,"href":"https:\/\/www.storevan.com\/pl\/wp-json\/wp\/v2\/pages\/8437\/revisions"}],"predecessor-version":[{"id":163764,"href":"https:\/\/www.storevan.com\/pl\/wp-json\/wp\/v2\/pages\/8437\/revisions\/163764"}],"wp:attachment":[{"href":"https:\/\/www.storevan.com\/pl\/wp-json\/wp\/v2\/media?parent=8437"}],"curies":[{"name":"wp","href":"https:\/\/api.w.org\/{rel}","templated":true}]}}