{"id":8414,"date":"2016-04-08T15:14:28","date_gmt":"2016-04-08T13:14:28","guid":{"rendered":"https:\/\/www.storevan.com\/pl\/spolka\/tecnologie-allestimenti-furgoni\/"},"modified":"2023-10-18T09:38:36","modified_gmt":"2023-10-18T09:38:36","slug":"technologia","status":"publish","type":"page","link":"https:\/\/www.storevan.com\/pl\/spolka\/technologia\/","title":{"rendered":"TECHNOLOGIA"},"content":{"rendered":"<h1 class=\"customblackTitleSmall\">TECHNOLOGIA<\/h1>\n<p style=\"text-align: justify;\"><img decoding=\"async\" loading=\"lazy\" class=\"alignnone wp-image-7129 size-full\" src=\"https:\/\/www.storevan.com\/wp-content\/uploads\/2016\/04\/TECNOLOGIE_ACCIAIO.jpg\" alt=\"STAL GALWANIZOWANA\" width=\"1170\" height=\"200\" \/><\/p>\n<p style=\"text-align: justify;\"><strong>STAL GALWANIZOWANA<\/strong><br \/>\nBlacha poddawana jest procesowi powlekania zanurzeniowego na gor\u0105co, a\u00a0nast\u0119pnie ogrzewana jest do temperatury oko\u0142o 550 \u00b0C. Dyfuzja cynku i \u017celaza\u00a0w tej temperaturze pozwala na otrzymanie wyj\u0105tkowo sp\u00f3jnej pow\u0142oki\u00a0antykorozyjnej. Rezultatem tego procesu jest pow\u0142oka o jednolitej, drobnoziarnistej\u00a0strukturze, o bardzo wysokiej jakosci i bardzo wysokiej odpornosci\u00a0na korozj\u0119. Proces ten jest idealny dla rozwi\u0105za\u0144 stosowanych w przemy\u015ble\u00a0motoryzacyjnym, w tym dla rega\u0142\u00f3w serwisowych, montowanych w pojazdach\u00a0u\u017cytkowych.<\/p>\n<p style=\"text-align: justify;\"><div class=\"demo-sep\" style=\"margin-top: 40px;\"><\/div>\n<p style=\"text-align: justify;\"><img decoding=\"async\" loading=\"lazy\" class=\"alignnone wp-image-7131 size-full\" src=\"https:\/\/www.storevan.com\/wp-content\/uploads\/2016\/04\/TECNOLOGIE_VERNICIATURA.jpg\" alt=\"KATODOWE LAKIEROWANIE ZANURZENIOWE\" width=\"1170\" height=\"200\" \/><\/p>\n<p style=\"text-align: justify;\"><strong>KATODOWE LAKIEROWANIE ZANURZENIOWE<\/strong><br \/>\nKatodowe Lakierowanie Zanurzeniowe to zabieg polegaj\u0105cy na wytworzeniu\u00a0kolejnej warstwy ochronnej, dzi\u0119ki czemu rega\u0142y zabudowy serwisowej\u00a0uzyskuj\u0105 niezwyk\u0142\u0105 odporno\u015bc na korozj\u0119. Lakierowanie w ten spos\u00f3b gwarantuje\u00a0wyjatkow\u0105 przyczepno\u015b\u0107 oraz r\u00f3wnomiern\u0105 pow\u0142ok\u0119 ochronn\u0105. Poza\u00a0tym powierzchnia tak pomalowanych element\u00f3w jest jescze bardziej odporna\u00a0na zadrapania i chroniona przed odpryskami spowodowanymi uderzeniami.\u00a0\u017bywica akrylowa zabezpiecza przed bezpo\u015brednim dzia\u0142aniem czynnik\u00f3w atmosferycznych.<\/p>\n<p style=\"text-align: justify;\">\n<ul class=\"arrow\">\n<li>esty w komorze korozyjnej, zgodne z norm\u0105 ASTM D1735, zako\u0144czone wynikiem ponad 500h odporno\u015bci na korozj\u0119<\/li>\n<li>Doskona\u0142a twardo\u015b\u0107 pow\u0142oki lakieru wynosz\u0105ca 2H &#8211; wg ASTM D3363, EN 13523-4<\/li>\n<\/ul>\n\n<div class=\"demo-sep\" style=\"margin-top: 30px;\"><\/div>\n<div class=\"alert notice\"><div class=\"msg\">StoreVan jest wy\u0142\u0105cznym \u015bwiatowym producentem zabud\u00f3w serwisowych, przeznaczonych dla lekkich pojazd\u00f3w u\u017cytkowych LCV, wykorzystuj\u0105cych t\u0105 technologi\u0119.<\/div><a href=\"#\" class=\"toggle-alert\"><\/a><\/div>\n<div class=\"ts-gallery\">\n<div class=\"one_half\">\n<table border=\"0\" cellspacing=\"0\" cellpadding=\"0\">\n<tbody>\n<tr>\n<td><a class=\"prettyPhoto gf-ts-img\" href=\"https:\/\/www.storevan.com\/wp-content\/uploads\/2016\/04\/rep_piegatura.jpg\"><img decoding=\"async\" loading=\"lazy\" class=\"aligncenter wp-image-22815 size-full\" src=\"https:\/\/www.storevan.com\/wp-content\/uploads\/2016\/04\/rep_piegatura.jpg\" alt=\"wydzia\u0142 gi\u0119cia FAMI\" width=\"986\" height=\"318\" srcset=\"https:\/\/www.storevan.com\/wp-content\/uploads\/2016\/04\/rep_piegatura.jpg 986w, https:\/\/www.storevan.com\/wp-content\/uploads\/2016\/04\/rep_piegatura-300x97.jpg 300w, https:\/\/www.storevan.com\/wp-content\/uploads\/2016\/04\/rep_piegatura-768x248.jpg 768w, https:\/\/www.storevan.com\/wp-content\/uploads\/2016\/04\/rep_piegatura-600x194.jpg 600w\" sizes=\"(max-width: 986px) 100vw, 986px\" \/><\/a><\/td>\n<\/tr>\n<tr>\n<td>\u00a0<div class=\"demo-sep\" style=\"margin-top: 10px;\"><\/div><\/td>\n<\/tr>\n<tr class=\"border_top\" bgcolor=\"#f2f2f2\">\n<td valign=\"top\" height=\"100px\">\n<p style=\"margin-left: 20pt; margin-right: 20pt; margin-top: 5pt;\"><strong>\u00a0<\/strong><\/p>\n<p style=\"margin-left: 20pt; margin-right: 20pt; margin-top: 5pt;\"><em>FAMI wydzia\u0142 gi\u0119cia<\/em><\/p>\n<\/td>\n<\/tr>\n<\/tbody>\n<\/table>\n<\/div><div class=\"one_half last\">\n<table border=\"0\" cellspacing=\"0\" cellpadding=\"0\">\n<tbody>\n<tr>\n<td><a class=\"prettyPhoto gf-ts-img\" href=\"https:\/\/www.storevan.com\/wp-content\/uploads\/2016\/04\/pressa.jpg\"><img decoding=\"async\" loading=\"lazy\" class=\"aligncenter wp-image-22923 size-full\" src=\"https:\/\/www.storevan.com\/wp-content\/uploads\/2016\/04\/pressa.jpg\" alt=\"zak\u0142ad produkcyjny - press\" width=\"986\" height=\"318\" srcset=\"https:\/\/www.storevan.com\/wp-content\/uploads\/2016\/04\/pressa.jpg 986w, https:\/\/www.storevan.com\/wp-content\/uploads\/2016\/04\/pressa-300x97.jpg 300w, https:\/\/www.storevan.com\/wp-content\/uploads\/2016\/04\/pressa-768x248.jpg 768w, https:\/\/www.storevan.com\/wp-content\/uploads\/2016\/04\/pressa-600x194.jpg 600w\" sizes=\"(max-width: 986px) 100vw, 986px\" \/><\/a><\/td>\n<\/tr>\n<tr>\n<td>\u00a0<div class=\"demo-sep\" style=\"margin-top: 10px;\"><\/div><\/td>\n<\/tr>\n<tr class=\"border_top\" bgcolor=\"#f2f2f2\">\n<td valign=\"top\" height=\"100px\">\n<p style=\"margin-left: 20pt; margin-right: 20pt; margin-top: 5pt;\"><strong>\u00a0<\/strong><\/p>\n<p style=\"margin-left: 20pt; margin-right: 20pt;\"><em>T\u0142ocznia, Fami zak\u0142ad produkcyjny &#8211; Press\u00a0500t<\/em><\/p>\n<\/td>\n<\/tr>\n<\/tbody>\n<\/table>\n<\/div><div class=\"clearboth\"><\/div>\n<\/div>\n","protected":false},"excerpt":{"rendered":"<p>TECHNOLOGIA STAL GALWANIZOWANA Blacha poddawana jest procesowi powlekania zanurzeniowego na gor\u0105co, a\u00a0nast\u0119pnie ogrzewana jest do temperatury oko\u0142o 550 \u00b0C. Dyfuzja cynku i \u017celaza\u00a0w tej temperaturze pozwala na otrzymanie wyj\u0105tkowo sp\u00f3jnej.<\/p>\n","protected":false},"author":470,"featured_media":0,"parent":8378,"menu_order":0,"comment_status":"closed","ping_status":"closed","template":"","meta":[],"acf":[],"yoast_head":"<!-- This site is optimized with the Yoast SEO plugin v20.11 - https:\/\/yoast.com\/wordpress\/plugins\/seo\/ -->\n<title>TECHNOLOGIA<\/title>\n<meta name=\"robots\" content=\"index, follow, max-snippet:-1, max-image-preview:large, max-video-preview:-1\" \/>\n<link rel=\"canonical\" href=\"https:\/\/www.storevan.com\/pl\/spolka\/technologia\/\" \/>\n<meta property=\"og:locale\" content=\"pl_PL\" \/>\n<meta property=\"og:type\" content=\"article\" \/>\n<meta property=\"og:title\" content=\"TECHNOLOGIA\" \/>\n<meta property=\"og:description\" content=\"TECHNOLOGIA STAL GALWANIZOWANA Blacha poddawana jest procesowi powlekania zanurzeniowego na gor\u0105co, a\u00a0nast\u0119pnie ogrzewana jest do temperatury oko\u0142o 550 \u00b0C. Dyfuzja cynku i \u017celaza\u00a0w tej temperaturze pozwala na otrzymanie wyj\u0105tkowo sp\u00f3jnej.\" \/>\n<meta property=\"og:url\" content=\"https:\/\/www.storevan.com\/pl\/spolka\/technologia\/\" \/>\n<meta property=\"og:site_name\" content=\"Store Van\" \/>\n<meta property=\"article:modified_time\" content=\"2023-10-18T09:38:36+00:00\" \/>\n<meta property=\"og:image\" content=\"https:\/\/www.storevan.com\/wp-content\/uploads\/2016\/04\/TECNOLOGIE_ACCIAIO.jpg\" \/>\n<meta name=\"twitter:label1\" content=\"Szacowany czas czytania\" \/>\n\t<meta name=\"twitter:data1\" content=\"3 minuty\" \/>\n<script type=\"application\/ld+json\" class=\"yoast-schema-graph\">{\"@context\":\"https:\/\/schema.org\",\"@graph\":[{\"@type\":\"WebPage\",\"@id\":\"https:\/\/www.storevan.com\/pl\/spolka\/technologia\/\",\"url\":\"https:\/\/www.storevan.com\/pl\/spolka\/technologia\/\",\"name\":\"TECHNOLOGIA\",\"isPartOf\":{\"@id\":\"https:\/\/www.storevan.com\/pl\/#website\"},\"datePublished\":\"2016-04-08T13:14:28+00:00\",\"dateModified\":\"2023-10-18T09:38:36+00:00\",\"breadcrumb\":{\"@id\":\"https:\/\/www.storevan.com\/pl\/spolka\/technologia\/#breadcrumb\"},\"inLanguage\":\"pl-PL\",\"potentialAction\":[{\"@type\":\"ReadAction\",\"target\":[\"https:\/\/www.storevan.com\/pl\/spolka\/technologia\/\"]}]},{\"@type\":\"BreadcrumbList\",\"@id\":\"https:\/\/www.storevan.com\/pl\/spolka\/technologia\/#breadcrumb\",\"itemListElement\":[{\"@type\":\"ListItem\",\"position\":1,\"name\":\"Home\",\"item\":\"https:\/\/www.storevan.com\/pl\/\"},{\"@type\":\"ListItem\",\"position\":2,\"name\":\"Sp\u00f3\u0142ka\",\"item\":\"https:\/\/www.storevan.com\/azienda\/\"},{\"@type\":\"ListItem\",\"position\":3,\"name\":\"TECHNOLOGIA\"}]},{\"@type\":\"WebSite\",\"@id\":\"https:\/\/www.storevan.com\/pl\/#website\",\"url\":\"https:\/\/www.storevan.com\/pl\/\",\"name\":\"Store Van\",\"description\":\"Zabudowy\",\"potentialAction\":[{\"@type\":\"SearchAction\",\"target\":{\"@type\":\"EntryPoint\",\"urlTemplate\":\"https:\/\/www.storevan.com\/pl\/?s={search_term_string}\"},\"query-input\":\"required name=search_term_string\"}],\"inLanguage\":\"pl-PL\"}]}<\/script>\n<!-- \/ Yoast SEO plugin. -->","yoast_head_json":{"title":"TECHNOLOGIA","robots":{"index":"index","follow":"follow","max-snippet":"max-snippet:-1","max-image-preview":"max-image-preview:large","max-video-preview":"max-video-preview:-1"},"canonical":"https:\/\/www.storevan.com\/pl\/spolka\/technologia\/","og_locale":"pl_PL","og_type":"article","og_title":"TECHNOLOGIA","og_description":"TECHNOLOGIA STAL GALWANIZOWANA Blacha poddawana jest procesowi powlekania zanurzeniowego na gor\u0105co, a\u00a0nast\u0119pnie ogrzewana jest do temperatury oko\u0142o 550 \u00b0C. Dyfuzja cynku i \u017celaza\u00a0w tej temperaturze pozwala na otrzymanie wyj\u0105tkowo sp\u00f3jnej.","og_url":"https:\/\/www.storevan.com\/pl\/spolka\/technologia\/","og_site_name":"Store Van","article_modified_time":"2023-10-18T09:38:36+00:00","og_image":[{"url":"https:\/\/www.storevan.com\/wp-content\/uploads\/2016\/04\/TECNOLOGIE_ACCIAIO.jpg"}],"twitter_misc":{"Szacowany czas czytania":"3 minuty"},"schema":{"@context":"https:\/\/schema.org","@graph":[{"@type":"WebPage","@id":"https:\/\/www.storevan.com\/pl\/spolka\/technologia\/","url":"https:\/\/www.storevan.com\/pl\/spolka\/technologia\/","name":"TECHNOLOGIA","isPartOf":{"@id":"https:\/\/www.storevan.com\/pl\/#website"},"datePublished":"2016-04-08T13:14:28+00:00","dateModified":"2023-10-18T09:38:36+00:00","breadcrumb":{"@id":"https:\/\/www.storevan.com\/pl\/spolka\/technologia\/#breadcrumb"},"inLanguage":"pl-PL","potentialAction":[{"@type":"ReadAction","target":["https:\/\/www.storevan.com\/pl\/spolka\/technologia\/"]}]},{"@type":"BreadcrumbList","@id":"https:\/\/www.storevan.com\/pl\/spolka\/technologia\/#breadcrumb","itemListElement":[{"@type":"ListItem","position":1,"name":"Home","item":"https:\/\/www.storevan.com\/pl\/"},{"@type":"ListItem","position":2,"name":"Sp\u00f3\u0142ka","item":"https:\/\/www.storevan.com\/azienda\/"},{"@type":"ListItem","position":3,"name":"TECHNOLOGIA"}]},{"@type":"WebSite","@id":"https:\/\/www.storevan.com\/pl\/#website","url":"https:\/\/www.storevan.com\/pl\/","name":"Store Van","description":"Zabudowy","potentialAction":[{"@type":"SearchAction","target":{"@type":"EntryPoint","urlTemplate":"https:\/\/www.storevan.com\/pl\/?s={search_term_string}"},"query-input":"required name=search_term_string"}],"inLanguage":"pl-PL"}]}},"_links":{"self":[{"href":"https:\/\/www.storevan.com\/pl\/wp-json\/wp\/v2\/pages\/8414"}],"collection":[{"href":"https:\/\/www.storevan.com\/pl\/wp-json\/wp\/v2\/pages"}],"about":[{"href":"https:\/\/www.storevan.com\/pl\/wp-json\/wp\/v2\/types\/page"}],"author":[{"embeddable":true,"href":"https:\/\/www.storevan.com\/pl\/wp-json\/wp\/v2\/users\/470"}],"replies":[{"embeddable":true,"href":"https:\/\/www.storevan.com\/pl\/wp-json\/wp\/v2\/comments?post=8414"}],"version-history":[{"count":1,"href":"https:\/\/www.storevan.com\/pl\/wp-json\/wp\/v2\/pages\/8414\/revisions"}],"predecessor-version":[{"id":153437,"href":"https:\/\/www.storevan.com\/pl\/wp-json\/wp\/v2\/pages\/8414\/revisions\/153437"}],"up":[{"embeddable":true,"href":"https:\/\/www.storevan.com\/pl\/wp-json\/wp\/v2\/pages\/8378"}],"wp:attachment":[{"href":"https:\/\/www.storevan.com\/pl\/wp-json\/wp\/v2\/media?parent=8414"}],"curies":[{"name":"wp","href":"https:\/\/api.w.org\/{rel}","templated":true}]}}