{"id":8408,"date":"2016-05-16T13:49:56","date_gmt":"2016-05-16T13:49:56","guid":{"rendered":"https:\/\/www.storevan.com\/pl\/spolka\/ecosostenibilita\/"},"modified":"2023-03-23T07:47:10","modified_gmt":"2023-03-23T07:47:10","slug":"ekologia","status":"publish","type":"page","link":"https:\/\/www.storevan.com\/pl\/spolka\/ekologia\/","title":{"rendered":"Ekologia"},"content":{"rendered":"<h1 class=\"customblackTitleSmall\">Ekologia<\/h1>\n<p><img decoding=\"async\" loading=\"lazy\" class=\"alignnone wp-image-22605 size-full\" src=\"https:\/\/www.storevan.com\/wp-content\/uploads\/2016\/05\/Panoramica_azienda.jpg\" alt=\"Store Van - Ecosostenibilit\u00e0\" width=\"1170\" height=\"300\" srcset=\"https:\/\/www.storevan.com\/wp-content\/uploads\/2016\/05\/Panoramica_azienda.jpg 1170w, https:\/\/www.storevan.com\/wp-content\/uploads\/2016\/05\/Panoramica_azienda-300x77.jpg 300w, https:\/\/www.storevan.com\/wp-content\/uploads\/2016\/05\/Panoramica_azienda-768x197.jpg 768w, https:\/\/www.storevan.com\/wp-content\/uploads\/2016\/05\/Panoramica_azienda-1024x263.jpg 1024w, https:\/\/www.storevan.com\/wp-content\/uploads\/2016\/05\/Panoramica_azienda-600x154.jpg 600w\" sizes=\"(max-width: 1170px) 100vw, 1170px\" \/><\/p>\n<p style=\"text-align: justify;\">Store Van, wraz ze swoj\u0105 firm\u0105 matk\u0105\u00a0<a href=\"https:\/\/www.famispa.com\/pl\/\" target=\"_blank\" title=\"Wyposa\u017cenie przemys\u0142owe i profesjonalne wyposa\u017cenie warsztat\u00f3w\" rel=\"noopener noreferrer\">Fami S.r.l.<\/a>, \u015bwi\u0119tuje 1 rocznic\u0119 u\u017cytkowania zaawansowanej ekologicznej technologii. Od roku <strong>najnowocze\u015bniejszy fotowoltaiczny system<\/strong> jest zamontowany na dachach budynk\u00f3w firmy o powierzchni 45.000 m2. Te budynki to siedziba g\u0142\u00f3wna dzia\u0142u produkcji <a href=\"https:\/\/www.storevan.com\/pl\/zabudowy\/\" title=\"WYPOSA\u017bENIE SAMOCHOD\u00d3W SERWISOWYCH\">zabud\u00f3w samochod\u00f3w serwisowych<\/a>. Fotowoltaiczna elektrownia <strong>sk\u0142ada si\u0119 z ok 6140 polikrystaliczno-silikonowych paneli<\/strong>, kt\u00f3re s\u0105 doskona\u0142e zar\u00f3wno jako\u015bciowo jak i i wytrzyma\u0142o\u015bciowo, z gwarancj\u0105 na 25 lat. Ca\u0142kowity obszar pokryty systemem paneli wynosi 9824 m2.<\/p>\n<p>Korzy\u015bci z fotowoltaicznej elektrowni mog\u0105 by\u0107 przedstawione na kilka sposob\u00f3w: oszcz\u0119dno\u015b\u0107 materia\u0142\u00f3w opa\u0142owych pochodzacych z zasob\u00f3w naturalnych (w\u0119giel, gaz), wykorzystanie energi s\u0142onecznej jako &#8222;czystego&#8221; i niewyczerpalnego \u017ar\u00f3d\u0142a energii, redukcja zu\u017cycia energii elektrycznj, koszty produkcji zredukowane do minimum. Zalety naszego systemu w liczbach:<\/p>\n<p style=\"text-align: justify;\"><div class=\"three_fourth\">\n<ol>\n<li>Szacunkowa moc elektrowni 1412.20 kWp;<\/li>\n<li>Szacunkowa roczna produkcja elektrowni 1,657,800.00 kWh;<\/li>\n<li>Wsp\u00f3\u0142czynnik CO2 &#8211; nie emitowany: kWh produkuje = 0.00065 ton CO2\/kWh.<\/li>\n<li>Produkcja 24% zapotrzebowania rocznego firmy w energi\u0119<\/li>\n<\/ol>\n<\/div><div class=\"one_fourth last\">\n<\/div><div class=\"clearboth\"><\/div>\n<p class=\"text-right\"><a href=\"https:\/\/www.famispa.com\/pl\/spolka\/certyfikaty-i-zrownowazony-rozwoj\/odpowiedzialnosc-srodowiskowa\/oznakowanie-ekologiczne-opakowan\/\" title=\"Oznakowanie ekologiczne opakowa\u0144\" class=\"btn btn-primary noMarg\" target=\"_blank noopener\" rel=\"noopener\">Oznakowanie ekologiczne opakowa\u0144 <i class=\"fa fa-angle-double-right\"><\/i><\/a><\/p>\n","protected":false},"excerpt":{"rendered":"<p>Ekologia Store Van, wraz ze swoj\u0105 firm\u0105 matk\u0105\u00a0Fami S.r.l., \u015bwi\u0119tuje 1 rocznic\u0119 u\u017cytkowania zaawansowanej ekologicznej technologii. Od roku najnowocze\u015bniejszy fotowoltaiczny system jest zamontowany na dachach budynk\u00f3w firmy o powierzchni 45.000.<\/p>\n","protected":false},"author":470,"featured_media":0,"parent":8378,"menu_order":0,"comment_status":"closed","ping_status":"closed","template":"","meta":[],"acf":[],"yoast_head":"<!-- This site is optimized with the Yoast SEO plugin v20.11 - https:\/\/yoast.com\/wordpress\/plugins\/seo\/ -->\n<title>Ekologia<\/title>\n<meta name=\"robots\" content=\"index, follow, max-snippet:-1, max-image-preview:large, max-video-preview:-1\" \/>\n<link rel=\"canonical\" href=\"https:\/\/www.storevan.com\/pl\/spolka\/ekologia\/\" \/>\n<meta property=\"og:locale\" content=\"pl_PL\" \/>\n<meta property=\"og:type\" content=\"article\" \/>\n<meta property=\"og:title\" content=\"Ekologia\" \/>\n<meta property=\"og:description\" content=\"Ekologia Store Van, wraz ze swoj\u0105 firm\u0105 matk\u0105\u00a0Fami S.r.l., \u015bwi\u0119tuje 1 rocznic\u0119 u\u017cytkowania zaawansowanej ekologicznej technologii. Od roku najnowocze\u015bniejszy fotowoltaiczny system jest zamontowany na dachach budynk\u00f3w firmy o powierzchni 45.000.\" \/>\n<meta property=\"og:url\" content=\"https:\/\/www.storevan.com\/pl\/spolka\/ekologia\/\" \/>\n<meta property=\"og:site_name\" content=\"Store Van\" \/>\n<meta property=\"article:modified_time\" content=\"2023-03-23T07:47:10+00:00\" \/>\n<meta property=\"og:image\" content=\"https:\/\/www.storevan.com\/wp-content\/uploads\/2016\/05\/Panoramica_azienda.jpg\" \/>\n<meta name=\"twitter:label1\" content=\"Szacowany czas czytania\" \/>\n\t<meta name=\"twitter:data1\" content=\"2 minuty\" \/>\n<script type=\"application\/ld+json\" class=\"yoast-schema-graph\">{\"@context\":\"https:\/\/schema.org\",\"@graph\":[{\"@type\":\"WebPage\",\"@id\":\"https:\/\/www.storevan.com\/pl\/spolka\/ekologia\/\",\"url\":\"https:\/\/www.storevan.com\/pl\/spolka\/ekologia\/\",\"name\":\"Ekologia\",\"isPartOf\":{\"@id\":\"https:\/\/www.storevan.com\/pl\/#website\"},\"datePublished\":\"2016-05-16T13:49:56+00:00\",\"dateModified\":\"2023-03-23T07:47:10+00:00\",\"breadcrumb\":{\"@id\":\"https:\/\/www.storevan.com\/pl\/spolka\/ekologia\/#breadcrumb\"},\"inLanguage\":\"pl-PL\",\"potentialAction\":[{\"@type\":\"ReadAction\",\"target\":[\"https:\/\/www.storevan.com\/pl\/spolka\/ekologia\/\"]}]},{\"@type\":\"BreadcrumbList\",\"@id\":\"https:\/\/www.storevan.com\/pl\/spolka\/ekologia\/#breadcrumb\",\"itemListElement\":[{\"@type\":\"ListItem\",\"position\":1,\"name\":\"Home\",\"item\":\"https:\/\/www.storevan.com\/pl\/\"},{\"@type\":\"ListItem\",\"position\":2,\"name\":\"Sp\u00f3\u0142ka\",\"item\":\"https:\/\/www.storevan.com\/azienda\/\"},{\"@type\":\"ListItem\",\"position\":3,\"name\":\"Ekologia\"}]},{\"@type\":\"WebSite\",\"@id\":\"https:\/\/www.storevan.com\/pl\/#website\",\"url\":\"https:\/\/www.storevan.com\/pl\/\",\"name\":\"Store Van\",\"description\":\"Zabudowy\",\"potentialAction\":[{\"@type\":\"SearchAction\",\"target\":{\"@type\":\"EntryPoint\",\"urlTemplate\":\"https:\/\/www.storevan.com\/pl\/?s={search_term_string}\"},\"query-input\":\"required name=search_term_string\"}],\"inLanguage\":\"pl-PL\"}]}<\/script>\n<!-- \/ Yoast SEO plugin. -->","yoast_head_json":{"title":"Ekologia","robots":{"index":"index","follow":"follow","max-snippet":"max-snippet:-1","max-image-preview":"max-image-preview:large","max-video-preview":"max-video-preview:-1"},"canonical":"https:\/\/www.storevan.com\/pl\/spolka\/ekologia\/","og_locale":"pl_PL","og_type":"article","og_title":"Ekologia","og_description":"Ekologia Store Van, wraz ze swoj\u0105 firm\u0105 matk\u0105\u00a0Fami S.r.l., \u015bwi\u0119tuje 1 rocznic\u0119 u\u017cytkowania zaawansowanej ekologicznej technologii. Od roku najnowocze\u015bniejszy fotowoltaiczny system jest zamontowany na dachach budynk\u00f3w firmy o powierzchni 45.000.","og_url":"https:\/\/www.storevan.com\/pl\/spolka\/ekologia\/","og_site_name":"Store Van","article_modified_time":"2023-03-23T07:47:10+00:00","og_image":[{"url":"https:\/\/www.storevan.com\/wp-content\/uploads\/2016\/05\/Panoramica_azienda.jpg"}],"twitter_misc":{"Szacowany czas czytania":"2 minuty"},"schema":{"@context":"https:\/\/schema.org","@graph":[{"@type":"WebPage","@id":"https:\/\/www.storevan.com\/pl\/spolka\/ekologia\/","url":"https:\/\/www.storevan.com\/pl\/spolka\/ekologia\/","name":"Ekologia","isPartOf":{"@id":"https:\/\/www.storevan.com\/pl\/#website"},"datePublished":"2016-05-16T13:49:56+00:00","dateModified":"2023-03-23T07:47:10+00:00","breadcrumb":{"@id":"https:\/\/www.storevan.com\/pl\/spolka\/ekologia\/#breadcrumb"},"inLanguage":"pl-PL","potentialAction":[{"@type":"ReadAction","target":["https:\/\/www.storevan.com\/pl\/spolka\/ekologia\/"]}]},{"@type":"BreadcrumbList","@id":"https:\/\/www.storevan.com\/pl\/spolka\/ekologia\/#breadcrumb","itemListElement":[{"@type":"ListItem","position":1,"name":"Home","item":"https:\/\/www.storevan.com\/pl\/"},{"@type":"ListItem","position":2,"name":"Sp\u00f3\u0142ka","item":"https:\/\/www.storevan.com\/azienda\/"},{"@type":"ListItem","position":3,"name":"Ekologia"}]},{"@type":"WebSite","@id":"https:\/\/www.storevan.com\/pl\/#website","url":"https:\/\/www.storevan.com\/pl\/","name":"Store Van","description":"Zabudowy","potentialAction":[{"@type":"SearchAction","target":{"@type":"EntryPoint","urlTemplate":"https:\/\/www.storevan.com\/pl\/?s={search_term_string}"},"query-input":"required name=search_term_string"}],"inLanguage":"pl-PL"}]}},"_links":{"self":[{"href":"https:\/\/www.storevan.com\/pl\/wp-json\/wp\/v2\/pages\/8408"}],"collection":[{"href":"https:\/\/www.storevan.com\/pl\/wp-json\/wp\/v2\/pages"}],"about":[{"href":"https:\/\/www.storevan.com\/pl\/wp-json\/wp\/v2\/types\/page"}],"author":[{"embeddable":true,"href":"https:\/\/www.storevan.com\/pl\/wp-json\/wp\/v2\/users\/470"}],"replies":[{"embeddable":true,"href":"https:\/\/www.storevan.com\/pl\/wp-json\/wp\/v2\/comments?post=8408"}],"version-history":[{"count":9,"href":"https:\/\/www.storevan.com\/pl\/wp-json\/wp\/v2\/pages\/8408\/revisions"}],"predecessor-version":[{"id":151287,"href":"https:\/\/www.storevan.com\/pl\/wp-json\/wp\/v2\/pages\/8408\/revisions\/151287"}],"up":[{"embeddable":true,"href":"https:\/\/www.storevan.com\/pl\/wp-json\/wp\/v2\/pages\/8378"}],"wp:attachment":[{"href":"https:\/\/www.storevan.com\/pl\/wp-json\/wp\/v2\/media?parent=8408"}],"curies":[{"name":"wp","href":"https:\/\/api.w.org\/{rel}","templated":true}]}}