{"id":8387,"date":"2016-04-04T09:18:34","date_gmt":"2016-04-04T07:18:34","guid":{"rendered":"https:\/\/www.storevan.com\/pl\/spolka\/certificazioni\/"},"modified":"2026-01-09T12:45:09","modified_gmt":"2026-01-09T12:45:09","slug":"certyfikaty","status":"publish","type":"page","link":"https:\/\/www.storevan.com\/pl\/spolka\/certyfikaty\/","title":{"rendered":"Certyfikaty"},"content":{"rendered":"<h1 class=\"customblackTitleSmall\">Certyfikaty<\/h1>\n<h2>NASI EKSPERCI POMOG\u0104 CI W WYBORZE<\/h2>\n<p>Samoch\u00f3d serwisowy jest nie tylko \u015brodkiem transportu, ale przede wszystkim miejscem pracy. To dlatego zwracamy szczeg\u00f3ln\u0105 uwag\u0119 nie tylko na ergonomi\u0119, ale tak\u017ce na bezpiecze\u0144stwo. Regulacje prawne zwi\u0105zane z bezpiecze\u0144stwem przewo\u017cenia \u0142adunk\u00f3w w samochodach dostawczych r\u00f3\u017cni\u0105 si\u0119 do\u015b\u0107 znacznie w obr\u0119bie pa\u0144stw Unii Europejskiej, niemniej jednak polityka producenta zabud\u00f3w warsztatowych Store Van gwarantuje d\u0105\u017cenie do spe\u0142niania nawet najostrzejszych norm.<\/p>\n<div class=\"col-xs-12 col-sm-4 col-md-3\">\n<a href=\"https:\/\/www.storevan.com\/wp-content\/uploads\/doc\/Certificato_ISO_9001_FAMI_STOREVAN_GB.pdf\" target=\"_blank\" rel=\"noopener\"><img decoding=\"async\" loading=\"lazy\" class=\"alignleft wp-image-70806 size-full\" src=\"https:\/\/www.storevan.com\/wp-content\/uploads\/2018\/05\/CertificazioneFami.jpg\" alt=\"CERTYFIKAT ISO 9001\" width=\"275\" height=\"90\" \/><\/a>\n<\/div>\n<div class=\"col-xs-12 col-sm-8 col-md-9 smallTxtGrey\">\n<p class=\"TESTOblu\">CERTYFIKAT ISO 9001<\/p>\n<p>Certyfikat Jako\u015bci od ponad 10 lat.\u00a0ISO 9001:2015\u00a0<a href=\"https:\/\/www.storevan.com\/wp-content\/uploads\/doc\/Certificato_ISO_9001_FAMI_STOREVAN_GB.pdf\" target=\"_blank\" rel=\"noopener\">Pobierz <i class=\"fa fa-download\"><\/i><\/a><\/p>\n<\/div>\n<div class=\"break\"><\/div>\n<hr class=\"noColor\">\n<div class=\"col-xs-12 col-sm-4 col-md-3\">\n<a href=\"https:\/\/www.storevan.com\/wp-content\/uploads\/doc\/ISO-14001.pdf\" target=\"_blank\" rel=\"noopener\"><img decoding=\"async\" loading=\"lazy\" src=\"https:\/\/www.storevan.com\/wp-content\/uploads\/2019\/01\/ISO-14001.jpg\" alt=\"ISO 14001\" width=\"275\" height=\"88\" class=\"aligncenter size-full wp-image-95822\" \/><br \/>\n<\/a>\n<\/div>\n<div class=\"col-xs-12 col-sm-8 col-md-9 smallTxtGrey\">\n<p class=\"TESTOblu\">CERTYFIKAT ISO 14001<\/p>\n<p>Environmental system Certification ISO 14001:2015\u00a0<a href=\"https:\/\/www.storevan.com\/wp-content\/uploads\/doc\/ISO-14001.pdf\" target=\"_blank\" rel=\"noopener\">Pobierz <i class=\"fa fa-download\"><\/i><\/a><\/p>\n<\/div>\n<div class=\"break\"><\/div>\n<hr class=\"noColor\">\n<div class=\"col-xs-12 col-sm-4 col-md-3\">\n<img decoding=\"async\" loading=\"lazy\" class=\"alignleft wp-image-56969 size-full\" src=\"https:\/\/www.storevan.com\/wp-content\/uploads\/2016\/04\/certificazione-gs-scaffali-storevan.jpg\" alt=\"Certyfikatem GS na baga\u017cniki na drabin\u0119\" width=\"270\" height=\"87\" \/>\n<\/div>\n<div class=\"col-xs-12 col-sm-8 col-md-9 smallTxtGrey\">\n<p class=\"TESTOblu\">CERTYFIKAT GS<\/p>\n<p><strong>Fami <\/strong>mo\u017ce si\u0119 tak\u017ce pochwali\u0107 certyfikatem GS na baga\u017cniki na drabin\u0119. <a href=\"https:\/\/www.storevan.com\/wp-content\/uploads\/2026\/01\/Z1A-092394-0009-Rev.01_E_1_low.pdf\" target=\"_blank\" rel=\"noopener\">Pobierz <i class=\"fa fa-download\"><\/i><\/a><\/p>\n<\/div>\n<div class=\"break\"><\/div>\n<hr class=\"noColor\">\n<div class=\"col-xs-12 col-sm-4 col-md-3\">\n<img decoding=\"async\" loading=\"lazy\" class=\"alignleft size-full wp-image-56969\" src=\"https:\/\/www.storevan.com\/wp-content\/uploads\/2016\/04\/certificazione-gs-scaffali-storevan.jpg\" alt=\"Certyfikat GS na rampy za\u0142adunkowe i wyposa\u017cenie wewn\u0119trzne\" width=\"270\" height=\"87\" \/>\n<\/div>\n<div class=\"col-xs-12 col-sm-8 col-md-9 smallTxtGrey\">\n<p class=\"TESTOblu\">CERTYFIKAT GS<\/p>\n<p>Fami otrzyma\u0142o Certyfikat GS na i wyposa\u017cenie wewn\u0119trzne.\u00a0<a href=\"https:\/\/www.storevan.com\/wp-content\/uploads\/2025\/04\/Z1A-092394-0010-REV.00_EN_signed.pdf\" target=\"_blank\" rel=\"noopener noreferrer\">Pobierz <i class=\"fa fa-download\"><\/i><\/a><\/p>\n<\/div>\n<div class=\"break\"><\/div>\n<hr class=\"noColor\">\n<div class=\"col-xs-12 col-sm-4 col-md-3\">\n<img decoding=\"async\" loading=\"lazy\" class=\"alignleft wp-image-8388 size-full\" src=\"https:\/\/www.storevan.com\/wp-content\/uploads\/2016\/04\/ce_storeVan.jpg\" alt=\"CE MARK - Store Van\" width=\"275\" height=\"57\" \/>\n<\/div>\n<div class=\"col-xs-12 col-sm-8 col-md-9 smallTxtGrey\">\n<p class=\"TESTOblu\">CE MARK<\/p>\n<\/div>\n<div class=\"break\"><\/div>\n<hr class=\"noColor\">\n<p>Bior\u0105c pod uwag\u0119 powy\u017csze certyfikaty, Store Van udziela 5 letniej gwarancji na swoje produkty. W czasie trwania tego okresu wszystkie produkty wykazuj\u0105ce wady produkcyjne zostan\u0105 wymienione lub naprawione bezp\u0142atnie. Okres gwarancji rozpoczyna si\u0119 od daty dostawy<\/p>\n<table border=\"0\" width=\"100%\" cellspacing=\"0\" cellpadding=\"0\">\n<tbody>\n<tr bgcolor=\"0071B9\">\n<td height=\"65px\">\n<p style=\"margin-left: 20pt; margin-top: 10pt; text-align: center; font-size: 26px;\"><span style=\"color: #ffffff;\"><strong>5 YEAR WARRANTY<\/strong><\/span><\/p>\n<\/td>\n<\/tr>\n<\/tbody>\n<\/table>\n<hr class=\"noColor\" \/>\n<div class=\"alert success\"><div class=\"msg\">Zabudowa Store Van z powodzeniem przesz\u0142a CRASH TEST wykonany zgodnie z najnowszymi normami europejskimi ECE-R17 przy pr\u0119dko\u015bci<br \/>\n50 Km\/h.<\/div><a href=\"#\" class=\"toggle-alert\"><\/a><\/div>\n<div class=\"demo-sep\" style=\"margin-top: 20px;\"><\/div>\n<div class=\"one_half\">\n<iframe loading=\"lazy\" src=\"https:\/\/www.youtube.com\/embed\/NWocn30M55s\" width=\"420\" height=\"315\" frameborder=\"0\" allowfullscreen=\"allowfullscreen\"><\/iframe><br \/>\n<strong><em>Video Crash-Test FAMI TS Rear 2006-06-23<\/em><\/strong><br \/>\n<\/div>\n<div class=\"one_half last\">\n<iframe loading=\"lazy\" src=\"https:\/\/www.youtube.com\/embed\/EDfm2AqRo-s\" width=\"420\" height=\"315\" frameborder=\"0\" allowfullscreen=\"allowfullscreen\"><\/iframe><br \/>\n<strong><em>Video FAMI TS Side RHS 2006-06-23<\/em><\/strong><br \/>\n<\/div><div class=\"clearboth\"><\/div>\n<div class=\"demo-sep\" style=\"margin-top: 20px;\"><\/div>\n<div class=\"smallTxtGrey\">\n<p><img decoding=\"async\" loading=\"lazy\" class=\"size-full wp-image-22832 alignleft\" src=\"https:\/\/www.storevan.com\/wp-content\/uploads\/2016\/04\/lavoro_sicuro.png\" alt=\"Lavoro Sicuro - Store Van\" width=\"200\" height=\"36\" \/><\/p>\n<p>Od 2007 Fami S.r.l. rozpocz\u0119\u0142o projekt wprowadzania Systemu Zdrowego i Bezpiecznego Zarz\u0105dzania w swoich plac\u00f3wkach. W styczniu 2008 Fami otrzyma\u0142o potwierdzenie od Confindustria Veneto i INAIL Direzione Veneto, \u017ce system zosta\u0142 wprowadzony: kultura bezpiecze\u0144stwa w Fami jako niezb\u0119dny element w dynamicznej i nowoczesnej firmie.<\/p>\n<\/div>\n","protected":false},"excerpt":{"rendered":"<p>Certyfikaty NASI EKSPERCI POMOG\u0104 CI W WYBORZE Samoch\u00f3d serwisowy jest nie tylko \u015brodkiem transportu, ale przede wszystkim miejscem pracy. To dlatego zwracamy szczeg\u00f3ln\u0105 uwag\u0119 nie tylko na ergonomi\u0119, ale tak\u017ce.<\/p>\n","protected":false},"author":470,"featured_media":0,"parent":8378,"menu_order":0,"comment_status":"closed","ping_status":"closed","template":"","meta":[],"acf":[],"yoast_head":"<!-- This site is optimized with the Yoast SEO plugin v20.11 - https:\/\/yoast.com\/wordpress\/plugins\/seo\/ -->\n<title>Certyfikaty | wyposa\u017cenie samochod\u00f3w serwisowych<\/title>\n<meta name=\"description\" content=\"Zabudowa Store Van z powodzeniem przesz\u0142a CRASH TEST wykonany zgodnie z najnowszymi normami europejskimi ECE-R17 przy pr\u0119dko\u015bci 50 Km\/h.\" \/>\n<meta name=\"robots\" content=\"index, follow, max-snippet:-1, max-image-preview:large, max-video-preview:-1\" \/>\n<link rel=\"canonical\" href=\"https:\/\/www.storevan.com\/pl\/spolka\/certyfikaty\/\" \/>\n<meta property=\"og:locale\" content=\"pl_PL\" \/>\n<meta property=\"og:type\" content=\"article\" \/>\n<meta property=\"og:title\" content=\"Certyfikaty | wyposa\u017cenie samochod\u00f3w serwisowych\" \/>\n<meta property=\"og:description\" content=\"Zabudowa Store Van z powodzeniem przesz\u0142a CRASH TEST wykonany zgodnie z najnowszymi normami europejskimi ECE-R17 przy pr\u0119dko\u015bci 50 Km\/h.\" \/>\n<meta property=\"og:url\" content=\"https:\/\/www.storevan.com\/pl\/spolka\/certyfikaty\/\" \/>\n<meta property=\"og:site_name\" content=\"Store Van\" \/>\n<meta property=\"article:modified_time\" content=\"2026-01-09T12:45:09+00:00\" \/>\n<meta property=\"og:image\" content=\"https:\/\/www.storevan.com\/wp-content\/uploads\/2018\/05\/CertificazioneFami.jpg\" \/>\n<meta name=\"twitter:label1\" content=\"Szacowany czas czytania\" \/>\n\t<meta name=\"twitter:data1\" content=\"3 minuty\" \/>\n<script type=\"application\/ld+json\" class=\"yoast-schema-graph\">{\"@context\":\"https:\/\/schema.org\",\"@graph\":[{\"@type\":\"WebPage\",\"@id\":\"https:\/\/www.storevan.com\/pl\/spolka\/certyfikaty\/\",\"url\":\"https:\/\/www.storevan.com\/pl\/spolka\/certyfikaty\/\",\"name\":\"Certyfikaty | wyposa\u017cenie samochod\u00f3w serwisowych\",\"isPartOf\":{\"@id\":\"https:\/\/www.storevan.com\/pl\/#website\"},\"datePublished\":\"2016-04-04T07:18:34+00:00\",\"dateModified\":\"2026-01-09T12:45:09+00:00\",\"description\":\"Zabudowa Store Van z powodzeniem przesz\u0142a CRASH TEST wykonany zgodnie z najnowszymi normami europejskimi ECE-R17 przy pr\u0119dko\u015bci 50 Km\/h.\",\"breadcrumb\":{\"@id\":\"https:\/\/www.storevan.com\/pl\/spolka\/certyfikaty\/#breadcrumb\"},\"inLanguage\":\"pl-PL\",\"potentialAction\":[{\"@type\":\"ReadAction\",\"target\":[\"https:\/\/www.storevan.com\/pl\/spolka\/certyfikaty\/\"]}]},{\"@type\":\"BreadcrumbList\",\"@id\":\"https:\/\/www.storevan.com\/pl\/spolka\/certyfikaty\/#breadcrumb\",\"itemListElement\":[{\"@type\":\"ListItem\",\"position\":1,\"name\":\"Home\",\"item\":\"https:\/\/www.storevan.com\/pl\/\"},{\"@type\":\"ListItem\",\"position\":2,\"name\":\"Sp\u00f3\u0142ka\",\"item\":\"https:\/\/www.storevan.com\/azienda\/\"},{\"@type\":\"ListItem\",\"position\":3,\"name\":\"Certyfikaty\"}]},{\"@type\":\"WebSite\",\"@id\":\"https:\/\/www.storevan.com\/pl\/#website\",\"url\":\"https:\/\/www.storevan.com\/pl\/\",\"name\":\"Store Van\",\"description\":\"Zabudowy\",\"potentialAction\":[{\"@type\":\"SearchAction\",\"target\":{\"@type\":\"EntryPoint\",\"urlTemplate\":\"https:\/\/www.storevan.com\/pl\/?s={search_term_string}\"},\"query-input\":\"required name=search_term_string\"}],\"inLanguage\":\"pl-PL\"}]}<\/script>\n<!-- \/ Yoast SEO plugin. -->","yoast_head_json":{"title":"Certyfikaty | wyposa\u017cenie samochod\u00f3w serwisowych","description":"Zabudowa Store Van z powodzeniem przesz\u0142a CRASH TEST wykonany zgodnie z najnowszymi normami europejskimi ECE-R17 przy pr\u0119dko\u015bci 50 Km\/h.","robots":{"index":"index","follow":"follow","max-snippet":"max-snippet:-1","max-image-preview":"max-image-preview:large","max-video-preview":"max-video-preview:-1"},"canonical":"https:\/\/www.storevan.com\/pl\/spolka\/certyfikaty\/","og_locale":"pl_PL","og_type":"article","og_title":"Certyfikaty | wyposa\u017cenie samochod\u00f3w serwisowych","og_description":"Zabudowa Store Van z powodzeniem przesz\u0142a CRASH TEST wykonany zgodnie z najnowszymi normami europejskimi ECE-R17 przy pr\u0119dko\u015bci 50 Km\/h.","og_url":"https:\/\/www.storevan.com\/pl\/spolka\/certyfikaty\/","og_site_name":"Store Van","article_modified_time":"2026-01-09T12:45:09+00:00","og_image":[{"url":"https:\/\/www.storevan.com\/wp-content\/uploads\/2018\/05\/CertificazioneFami.jpg"}],"twitter_misc":{"Szacowany czas czytania":"3 minuty"},"schema":{"@context":"https:\/\/schema.org","@graph":[{"@type":"WebPage","@id":"https:\/\/www.storevan.com\/pl\/spolka\/certyfikaty\/","url":"https:\/\/www.storevan.com\/pl\/spolka\/certyfikaty\/","name":"Certyfikaty | wyposa\u017cenie samochod\u00f3w serwisowych","isPartOf":{"@id":"https:\/\/www.storevan.com\/pl\/#website"},"datePublished":"2016-04-04T07:18:34+00:00","dateModified":"2026-01-09T12:45:09+00:00","description":"Zabudowa Store Van z powodzeniem przesz\u0142a CRASH TEST wykonany zgodnie z najnowszymi normami europejskimi ECE-R17 przy pr\u0119dko\u015bci 50 Km\/h.","breadcrumb":{"@id":"https:\/\/www.storevan.com\/pl\/spolka\/certyfikaty\/#breadcrumb"},"inLanguage":"pl-PL","potentialAction":[{"@type":"ReadAction","target":["https:\/\/www.storevan.com\/pl\/spolka\/certyfikaty\/"]}]},{"@type":"BreadcrumbList","@id":"https:\/\/www.storevan.com\/pl\/spolka\/certyfikaty\/#breadcrumb","itemListElement":[{"@type":"ListItem","position":1,"name":"Home","item":"https:\/\/www.storevan.com\/pl\/"},{"@type":"ListItem","position":2,"name":"Sp\u00f3\u0142ka","item":"https:\/\/www.storevan.com\/azienda\/"},{"@type":"ListItem","position":3,"name":"Certyfikaty"}]},{"@type":"WebSite","@id":"https:\/\/www.storevan.com\/pl\/#website","url":"https:\/\/www.storevan.com\/pl\/","name":"Store Van","description":"Zabudowy","potentialAction":[{"@type":"SearchAction","target":{"@type":"EntryPoint","urlTemplate":"https:\/\/www.storevan.com\/pl\/?s={search_term_string}"},"query-input":"required name=search_term_string"}],"inLanguage":"pl-PL"}]}},"_links":{"self":[{"href":"https:\/\/www.storevan.com\/pl\/wp-json\/wp\/v2\/pages\/8387"}],"collection":[{"href":"https:\/\/www.storevan.com\/pl\/wp-json\/wp\/v2\/pages"}],"about":[{"href":"https:\/\/www.storevan.com\/pl\/wp-json\/wp\/v2\/types\/page"}],"author":[{"embeddable":true,"href":"https:\/\/www.storevan.com\/pl\/wp-json\/wp\/v2\/users\/470"}],"replies":[{"embeddable":true,"href":"https:\/\/www.storevan.com\/pl\/wp-json\/wp\/v2\/comments?post=8387"}],"version-history":[{"count":14,"href":"https:\/\/www.storevan.com\/pl\/wp-json\/wp\/v2\/pages\/8387\/revisions"}],"predecessor-version":[{"id":164076,"href":"https:\/\/www.storevan.com\/pl\/wp-json\/wp\/v2\/pages\/8387\/revisions\/164076"}],"up":[{"embeddable":true,"href":"https:\/\/www.storevan.com\/pl\/wp-json\/wp\/v2\/pages\/8378"}],"wp:attachment":[{"href":"https:\/\/www.storevan.com\/pl\/wp-json\/wp\/v2\/media?parent=8387"}],"curies":[{"name":"wp","href":"https:\/\/api.w.org\/{rel}","templated":true}]}}