{"id":8378,"date":"2015-12-02T11:21:12","date_gmt":"2015-12-02T10:21:12","guid":{"rendered":"https:\/\/www.storevan.com\/pl\/azienda\/"},"modified":"2022-09-27T13:26:23","modified_gmt":"2022-09-27T13:26:23","slug":"spolka","status":"publish","type":"page","link":"https:\/\/www.storevan.com\/pl\/spolka\/","title":{"rendered":"Sp\u00f3\u0142ka"},"content":{"rendered":"<h1 class=\"customblackTitleSmall\">Sp\u00f3\u0142ka<\/h1>\n<div class=\"one_half\">\n<div class=\"iframeContent\"><iframe loading=\"lazy\" src=\"https:\/\/www.youtube.com\/embed\/VfBgTM3iSwA?rel=0\" width=\"560\" height=\"315\" frameborder=\"0\" allowfullscreen=\"allowfullscreen\"><\/iframe><\/div>\n<\/div><div class=\"one_half last\">\n<h2>Store Van jest mark\u0105 nale\u017c\u0105c\u0105 do Grupy <a href=\"https:\/\/www.famispa.com\/pl\/\">Fami <\/a>za\u0142o\u017con\u0105 w 2003 roku w odpowiedzi na\u00a0potrzeby rynku zwi\u0105zane ze specjalistycznym wyposa\u017ceniem samochod\u00f3w u\u017cytkowych<\/h2>\n<p>Pod wzgl\u0119dem designu oraz rozwi\u0105za\u0144 technicznych Store Van kontynuuje tradycje\u00a0Fami zwi\u0105zane z innowacyjno\u015bci\u0105 &#8211; podobnie jest r\u00f3wnie\u017c z polityk\u0105 rozwoju firmy,\u00a0dzia\u0142aj\u0105cej pr\u0119\u017cnie we W\u0142oszech oraz w niemal ca\u0142ej <a href=\"https:\/\/www.storevan.com\/pl\/spolka\/gdzie-jestesmy\/\">Europie<\/a>.<br \/>\n<\/div><div class=\"clearboth\"><\/div>\nChocia\u017c Store Van jest\u00a0wzgl\u0119dnie m\u0142odym oddzia\u0142em Grupy <strong>Fami<\/strong>, to dzi\u0119ki wieloletniemu do\u015bwiadczeniu\u00a0rynkowemu macierzystej firmy jest w stanie zagwarantowa\u0107 odpowiednio wysoki\u00a0poziom produktu jak i obs\u0142ugi Klient\u00f3w.<br \/>\nWzrastaj\u0105ca wydajno\u015b\u0107 produkcji i wysoka jako\u015b\u0107 produkt\u00f3w s\u0105 obecnie czynnikami\u00a0koniecznymi do odniesienia sukcesu.<br \/>\nCo\u015b co wyr\u00f3\u017cnia Store Van spo\u015br\u00f3d\u00a0innych graczy na rynku to bardzo szeroki zakres oferty rozwi\u0105za\u0144 dedykowanych\u00a0do samochod\u00f3w serwisowych. Szybki rozw\u00f3j bran\u017cy motoryzacyjnej niejako wymusza\u00a0bycie na bie\u017c\u0105co z potrzebami rynku.<\/p>\n<div class=\"break\"><\/div>\n<hr class=\"noColor\"\/>\n<div class=\"one_fourth\"><a class=\"linkBorder\" href=\"https:\/\/www.storevan.com\/pl\/spolka\/ekologia\/\" title=\"EKOLOGIA\">EKOLOGIA <i class=\"fa fa-angle-double-right\"><\/i><\/a><\/div>\n<div class=\"one_fourth\"><a class=\"linkBorder\" href=\"https:\/\/www.storevan.com\/pl\/spolka\/technologia\/\" title=\"TECHNOLOGIA\">TECHNOLOGIA <i class=\"fa fa-angle-double-right\"><\/i><\/a><\/div>\n<div class=\"one_fourth\"><a class=\"linkBorder\" href=\"https:\/\/www.storevan.com\/pl\/spolka\/certyfikaty\/\" title=\"CERTYFIKATY\">CERTYFIKATY <i class=\"fa fa-angle-double-right\"><\/i><\/a><\/div>\n<div class=\"one_fourth last\"><a class=\"linkBorder\" href=\"https:\/\/www.storevan.com\/pl\/projektowanie-3d\/\" title=\"PROJEKTOWANIE W 3D\">PROJEKTOWANIE W 3D  <i class=\"fa fa-angle-double-right\"><\/i><\/a><\/div><div class=\"clearboth\"><\/div>\n<hr\/>\n<div class=\"ts-gallery\">\n<strong>Gallery:<\/strong><\/p>\n<div class=\"one_fourth\">\n<p style=\"text-align: justify;\"><a class=\"prettyPhoto gf-ts-img\" href=\"https:\/\/www.storevan.com\/wp-content\/uploads\/2015\/12\/azienda_1.jpg\"><img decoding=\"async\" loading=\"lazy\" class=\"alignnone size-medium wp-image-22627\" src=\"https:\/\/www.storevan.com\/wp-content\/uploads\/2015\/12\/1-tec1big-300x182.jpg\" alt=\"Store Van -Stabilimenti\" width=\"300\" height=\"182\" srcset=\"https:\/\/www.storevan.com\/wp-content\/uploads\/2015\/12\/1-tec1big-300x182.jpg 300w, https:\/\/www.storevan.com\/wp-content\/uploads\/2015\/12\/1-tec1big.jpg 525w\" sizes=\"(max-width: 300px) 100vw, 300px\" \/><\/a><\/p>\n<\/div>\n<div class=\"one_fourth\">\n<p style=\"text-align: justify;\"><a class=\"prettyPhoto gf-ts-img\" href=\"https:\/\/www.storevan.com\/wp-content\/uploads\/2015\/12\/azienda_2.jpg\"><img decoding=\"async\" loading=\"lazy\" class=\"alignnone size-medium wp-image-22631\" src=\"https:\/\/www.storevan.com\/wp-content\/uploads\/2015\/12\/2-tec2big-300x182.jpg\" alt=\"Store Van -Stabilimenti\" width=\"300\" height=\"182\" srcset=\"https:\/\/www.storevan.com\/wp-content\/uploads\/2015\/12\/2-tec2big-300x182.jpg 300w, https:\/\/www.storevan.com\/wp-content\/uploads\/2015\/12\/2-tec2big.jpg 525w\" sizes=\"(max-width: 300px) 100vw, 300px\" \/><\/a><\/p>\n<\/div>\n<div class=\"one_fourth\">\n<p style=\"text-align: justify;\"><a class=\"prettyPhoto gf-ts-img\" href=\"https:\/\/www.storevan.com\/wp-content\/uploads\/2015\/12\/azienda_3.jpg\"><img decoding=\"async\" loading=\"lazy\" class=\"alignnone size-medium wp-image-22635\" src=\"https:\/\/www.storevan.com\/wp-content\/uploads\/2015\/12\/3-tec3big-300x182.jpg\" alt=\"Store Van -Stabilimenti\" width=\"300\" height=\"182\" srcset=\"https:\/\/www.storevan.com\/wp-content\/uploads\/2015\/12\/3-tec3big-300x182.jpg 300w, https:\/\/www.storevan.com\/wp-content\/uploads\/2015\/12\/3-tec3big.jpg 525w\" sizes=\"(max-width: 300px) 100vw, 300px\" \/><\/a><\/p>\n<\/div>\n<div class=\"one_fourth last\">\n<p style=\"text-align: justify;\"><a class=\"prettyPhoto gf-ts-img\" href=\"https:\/\/www.storevan.com\/wp-content\/uploads\/2015\/12\/azienda_4.jpg\"><img decoding=\"async\" loading=\"lazy\" class=\"alignnone size-medium wp-image-22639\" src=\"https:\/\/www.storevan.com\/wp-content\/uploads\/2015\/12\/4-tec4big-300x182.jpg\" alt=\"Store Van -Stabilimenti\" width=\"300\" height=\"182\" srcset=\"https:\/\/www.storevan.com\/wp-content\/uploads\/2015\/12\/4-tec4big-300x182.jpg 300w, https:\/\/www.storevan.com\/wp-content\/uploads\/2015\/12\/4-tec4big.jpg 525w\" sizes=\"(max-width: 300px) 100vw, 300px\" \/><\/a><\/p>\n<\/div><div class=\"clearboth\"><\/div>\n<\/div>\n<h3 class=\"txtGrey text-left\">HISTORIA<\/h3>\n<p style=\"text-align: justify;\">W <strong>1929<\/strong> w Bassano, Mario Milani otworzy\u0142 zak\u0142ad obr\u00f3bki \u017celaza. 1963 zak\u0142ad sta\u0142 si\u0119 Fabryk\u0105 Wyposa\u017cenia Pojazd\u00f3w Przemys\u0142owych. 1970 <strong>Fami<\/strong> wesz\u0142o na rynki mi\u0119dzynarodowe. By\u0142y to bardzo wa\u017cne lata dla firmy, kt\u00f3ra dzi\u0119ki unowocze\u015bnieniu proces\u00f3w produkcyjnych mog\u0142a wej\u015b\u0107 na rynki zagraniczne.<\/p>\n<p style=\"text-align: justify;\">Marka <strong>Store Van<\/strong> wywodzi si\u0119 z Grupy <strong>FAMI<\/strong> i powsta\u0142a jako firma, kt\u00f3ra produkuje i sprzedaje zabudowy do wszelkiego typu aut dostawczych.\u00a0 Jest niezale\u017cn\u0105 mark\u0105 i pozycjonuje si\u0119 jako leader w sektorze zabud\u00f3w aut dostawczych. Store Van rozwija\u0142 si\u0119 w ramach Fami, korzystaj\u0105c z jego system\u00f3w projektowych i produkcyjnych. Jest mark\u0105 dynamicznie rozwijaj\u0105ca si\u0119, kt\u00f3ra kontynuuje tradycje firmy umacniaj\u0105c wiarygodno\u015b\u0107 oraz post\u0119p technologiczny.<\/p>\n<div class=\"ts-gallery\"><div class=\"one_fourth\">\n<a class=\"prettyPhoto gf-ts-img\" href=\"https:\/\/www.storevan.com\/wp-content\/uploads\/2015\/12\/storia_1g.jpg\"><img decoding=\"async\" loading=\"lazy\" class=\"alignnone size-medium wp-image-22762\" src=\"https:\/\/www.storevan.com\/wp-content\/uploads\/2015\/12\/storia_1-300x182.jpg\" alt=\"Fami fonzazione anno 1953\" width=\"300\" height=\"182\" \/><\/a><br \/>\n<\/div><div class=\"one_fourth\">\n<a class=\"prettyPhoto gf-ts-img\" href=\"https:\/\/www.storevan.com\/wp-content\/uploads\/2015\/12\/storia_2g.jpg\"><img decoding=\"async\" loading=\"lazy\" class=\"alignnone size-medium wp-image-22770\" src=\"https:\/\/www.storevan.com\/wp-content\/uploads\/2015\/12\/storia_2-300x182.jpg\" alt=\"Storia aziendale Fami\" width=\"300\" height=\"182\" \/><\/a><br \/>\n<\/div><div class=\"one_fourth\">\n<a class=\"prettyPhoto gf-ts-img\" href=\"https:\/\/www.storevan.com\/wp-content\/uploads\/2015\/12\/storia_3g.jpg\"><img decoding=\"async\" loading=\"lazy\" class=\"alignnone size-medium wp-image-22778\" src=\"https:\/\/www.storevan.com\/wp-content\/uploads\/2015\/12\/storia_3-300x182.jpg\" alt=\"storia_3\" width=\"300\" height=\"182\" \/><\/a><br \/>\n<\/div><div class=\"one_fourth last\">\n<a class=\"prettyPhoto gf-ts-img\" href=\"https:\/\/www.storevan.com\/wp-content\/uploads\/2015\/12\/storia_4g.jpg\"><img decoding=\"async\" loading=\"lazy\" class=\"alignnone size-medium wp-image-22786\" src=\"https:\/\/www.storevan.com\/wp-content\/uploads\/2015\/12\/storia_4-300x182.jpg\" alt=\"Stabilimenti Fami\" width=\"300\" height=\"182\" \/><\/a><br \/>\n<\/div><div class=\"clearboth\"><\/div><\/div>\n","protected":false},"excerpt":{"rendered":"<p>Sp\u00f3\u0142ka Chocia\u017c Store Van jest\u00a0wzgl\u0119dnie m\u0142odym oddzia\u0142em Grupy Fami, to dzi\u0119ki wieloletniemu do\u015bwiadczeniu\u00a0rynkowemu macierzystej firmy jest w stanie zagwarantowa\u0107 odpowiednio wysoki\u00a0poziom produktu jak i obs\u0142ugi Klient\u00f3w. Wzrastaj\u0105ca wydajno\u015b\u0107 produkcji i.<\/p>\n","protected":false},"author":470,"featured_media":0,"parent":0,"menu_order":0,"comment_status":"closed","ping_status":"closed","template":"","meta":[],"acf":[],"yoast_head":"<!-- This site is optimized with the Yoast SEO plugin v20.11 - https:\/\/yoast.com\/wordpress\/plugins\/seo\/ -->\n<title>Sp\u00f3\u0142ka<\/title>\n<meta name=\"robots\" content=\"index, follow, max-snippet:-1, max-image-preview:large, max-video-preview:-1\" \/>\n<link rel=\"canonical\" href=\"https:\/\/www.storevan.com\/azienda\/\" \/>\n<meta property=\"og:locale\" content=\"pl_PL\" \/>\n<meta property=\"og:type\" content=\"article\" \/>\n<meta property=\"og:title\" content=\"Sp\u00f3\u0142ka\" \/>\n<meta property=\"og:description\" content=\"Sp\u00f3\u0142ka Chocia\u017c Store Van jest\u00a0wzgl\u0119dnie m\u0142odym oddzia\u0142em Grupy Fami, to dzi\u0119ki wieloletniemu do\u015bwiadczeniu\u00a0rynkowemu macierzystej firmy jest w stanie zagwarantowa\u0107 odpowiednio wysoki\u00a0poziom produktu jak i obs\u0142ugi Klient\u00f3w. Wzrastaj\u0105ca wydajno\u015b\u0107 produkcji i.\" \/>\n<meta property=\"og:url\" content=\"https:\/\/www.storevan.com\/azienda\/\" \/>\n<meta property=\"og:site_name\" content=\"Store Van\" \/>\n<meta property=\"article:modified_time\" content=\"2022-09-27T13:26:23+00:00\" \/>\n<meta property=\"og:image\" content=\"https:\/\/www.storevan.com\/wp-content\/uploads\/2015\/12\/1-tec1big-300x182.jpg\" \/>\n<meta name=\"twitter:label1\" content=\"Szacowany czas czytania\" \/>\n\t<meta name=\"twitter:data1\" content=\"2 minuty\" \/>\n<script type=\"application\/ld+json\" class=\"yoast-schema-graph\">{\"@context\":\"https:\/\/schema.org\",\"@graph\":[{\"@type\":\"WebPage\",\"@id\":\"https:\/\/www.storevan.com\/azienda\/\",\"url\":\"https:\/\/www.storevan.com\/azienda\/\",\"name\":\"Sp\u00f3\u0142ka\",\"isPartOf\":{\"@id\":\"https:\/\/www.storevan.com\/pl\/#website\"},\"datePublished\":\"2015-12-02T10:21:12+00:00\",\"dateModified\":\"2022-09-27T13:26:23+00:00\",\"breadcrumb\":{\"@id\":\"https:\/\/www.storevan.com\/azienda\/#breadcrumb\"},\"inLanguage\":\"pl-PL\",\"potentialAction\":[{\"@type\":\"ReadAction\",\"target\":[\"https:\/\/www.storevan.com\/azienda\/\"]}]},{\"@type\":\"BreadcrumbList\",\"@id\":\"https:\/\/www.storevan.com\/azienda\/#breadcrumb\",\"itemListElement\":[{\"@type\":\"ListItem\",\"position\":1,\"name\":\"Home\",\"item\":\"https:\/\/www.storevan.com\/pl\/\"},{\"@type\":\"ListItem\",\"position\":2,\"name\":\"Sp\u00f3\u0142ka\"}]},{\"@type\":\"WebSite\",\"@id\":\"https:\/\/www.storevan.com\/pl\/#website\",\"url\":\"https:\/\/www.storevan.com\/pl\/\",\"name\":\"Store Van\",\"description\":\"Zabudowy\",\"potentialAction\":[{\"@type\":\"SearchAction\",\"target\":{\"@type\":\"EntryPoint\",\"urlTemplate\":\"https:\/\/www.storevan.com\/pl\/?s={search_term_string}\"},\"query-input\":\"required name=search_term_string\"}],\"inLanguage\":\"pl-PL\"}]}<\/script>\n<!-- \/ Yoast SEO plugin. -->","yoast_head_json":{"title":"Sp\u00f3\u0142ka","robots":{"index":"index","follow":"follow","max-snippet":"max-snippet:-1","max-image-preview":"max-image-preview:large","max-video-preview":"max-video-preview:-1"},"canonical":"https:\/\/www.storevan.com\/azienda\/","og_locale":"pl_PL","og_type":"article","og_title":"Sp\u00f3\u0142ka","og_description":"Sp\u00f3\u0142ka Chocia\u017c Store Van jest\u00a0wzgl\u0119dnie m\u0142odym oddzia\u0142em Grupy Fami, to dzi\u0119ki wieloletniemu do\u015bwiadczeniu\u00a0rynkowemu macierzystej firmy jest w stanie zagwarantowa\u0107 odpowiednio wysoki\u00a0poziom produktu jak i obs\u0142ugi Klient\u00f3w. Wzrastaj\u0105ca wydajno\u015b\u0107 produkcji i.","og_url":"https:\/\/www.storevan.com\/azienda\/","og_site_name":"Store Van","article_modified_time":"2022-09-27T13:26:23+00:00","og_image":[{"url":"https:\/\/www.storevan.com\/wp-content\/uploads\/2015\/12\/1-tec1big-300x182.jpg"}],"twitter_misc":{"Szacowany czas czytania":"2 minuty"},"schema":{"@context":"https:\/\/schema.org","@graph":[{"@type":"WebPage","@id":"https:\/\/www.storevan.com\/azienda\/","url":"https:\/\/www.storevan.com\/azienda\/","name":"Sp\u00f3\u0142ka","isPartOf":{"@id":"https:\/\/www.storevan.com\/pl\/#website"},"datePublished":"2015-12-02T10:21:12+00:00","dateModified":"2022-09-27T13:26:23+00:00","breadcrumb":{"@id":"https:\/\/www.storevan.com\/azienda\/#breadcrumb"},"inLanguage":"pl-PL","potentialAction":[{"@type":"ReadAction","target":["https:\/\/www.storevan.com\/azienda\/"]}]},{"@type":"BreadcrumbList","@id":"https:\/\/www.storevan.com\/azienda\/#breadcrumb","itemListElement":[{"@type":"ListItem","position":1,"name":"Home","item":"https:\/\/www.storevan.com\/pl\/"},{"@type":"ListItem","position":2,"name":"Sp\u00f3\u0142ka"}]},{"@type":"WebSite","@id":"https:\/\/www.storevan.com\/pl\/#website","url":"https:\/\/www.storevan.com\/pl\/","name":"Store Van","description":"Zabudowy","potentialAction":[{"@type":"SearchAction","target":{"@type":"EntryPoint","urlTemplate":"https:\/\/www.storevan.com\/pl\/?s={search_term_string}"},"query-input":"required name=search_term_string"}],"inLanguage":"pl-PL"}]}},"_links":{"self":[{"href":"https:\/\/www.storevan.com\/pl\/wp-json\/wp\/v2\/pages\/8378"}],"collection":[{"href":"https:\/\/www.storevan.com\/pl\/wp-json\/wp\/v2\/pages"}],"about":[{"href":"https:\/\/www.storevan.com\/pl\/wp-json\/wp\/v2\/types\/page"}],"author":[{"embeddable":true,"href":"https:\/\/www.storevan.com\/pl\/wp-json\/wp\/v2\/users\/470"}],"replies":[{"embeddable":true,"href":"https:\/\/www.storevan.com\/pl\/wp-json\/wp\/v2\/comments?post=8378"}],"version-history":[{"count":13,"href":"https:\/\/www.storevan.com\/pl\/wp-json\/wp\/v2\/pages\/8378\/revisions"}],"predecessor-version":[{"id":148972,"href":"https:\/\/www.storevan.com\/pl\/wp-json\/wp\/v2\/pages\/8378\/revisions\/148972"}],"wp:attachment":[{"href":"https:\/\/www.storevan.com\/pl\/wp-json\/wp\/v2\/media?parent=8378"}],"curies":[{"name":"wp","href":"https:\/\/api.w.org\/{rel}","templated":true}]}}