{"id":73998,"date":"2018-06-01T09:20:17","date_gmt":"2018-06-01T09:20:17","guid":{"rendered":"https:\/\/www.storevan.com\/?page_id=73998"},"modified":"2018-10-01T12:54:07","modified_gmt":"2018-10-01T12:54:07","slug":"man","status":"publish","type":"page","link":"https:\/\/www.storevan.com\/pl\/zabudowy\/man\/","title":{"rendered":"Man"},"content":{"rendered":"<h1 class=\"customblackTitleSmall\">Zabudowy do MAN<\/h1>\n<h2>Osoby kupuj\u0105ce pojazd marki MAN wybieraj\u0105 do\u015bwiadczenie przedsi\u0119biorstwa, zajmuj\u0105cego si\u0119 od lat produkcj\u0105 pojazd\u00f3w przemys\u0142owych, oraz bezpiecze\u0144stwo i\u00a0funkcjonalno\u015b\u0107, zapewniane przez wiarygodnego partnera.<\/h2>\n<p><img decoding=\"async\" loading=\"lazy\" class=\"alignright wp-image-74411 size-full\" title=\"Zabudowy MAN\" src=\"https:\/\/www.storevan.com\/wp-content\/uploads\/2018\/06\/HOME14-Allestimenti-MAN.png\" alt=\"Zabudowy  MAN\" width=\"116\" height=\"105\" \/><\/p>\n<p>Store Van produkuje i\u00a0wykonuje wyposa\u017cenia do modeli MAN, obejmuj\u0105ce docinane na wymiar pod\u0142ogi ze sklejki szkutniczej, panele z\u00a0polipropylenu na \u015bciany boczne oraz rega\u0142y modu\u0142owe, kt\u00f3re mo\u017cna uzupe\u0142nia\u0107 o\u00a0liczne akcesoria, zapewniaj\u0105ce wi\u0119kszy potencja\u0142 roboczego samochodu dostawczego, takie jak sto\u0142y robocze z\u00a0imad\u0142ami, rampy za\u0142adunkowe, uchwyty uniwersalne, uchwyty do drabin i\u00a0wiele innych.<\/p>\n<p>Wykonywane przez Store Van wyposa\u017cenie do pojazd\u00f3w marki MAN nie tylko optymalizuje przestrze\u0144, chroni\u0105c przedzia\u0142 \u0142adunkowy, ale zapewnia r\u00f3wnie\u017c wyj\u0105tkowe bezpiecze\u0144stwo, poprzez stosowanie <a href=\"https:\/\/www.storevan.com\/pl\/produkty\/sciany-podlogi\/\">pod\u0142\u00f3g z\u00a0certyfikowanym wsp\u00f3\u0142czynnikiem tarcia T\u00dcV<\/a>, punktami mocowania i\u00a0prowadnicami Airline do mocowania \u0142adunku.<\/p>\n<h3 class=\"customblackTitleExtraSmall\">WYBIERZ MODEL SAMOCHODU DOSTAWCZEGO:<\/h3>\n<div class=\"one_third\"> <\/div>\n<div class=\"one_third last\">\n<p class=\"text-center\"><strong>TGE<\/strong><\/p>\n<hr class=\"hidden-xs hidden-sm\"\/>\n<p><a title=\"Zabudowy TGE\" href=\"https:\/\/www.storevan.com\/pl\/zabudowy\/man\/tge\/\" class=\"txtOrange\"><img decoding=\"async\" loading=\"lazy\" class=\"aligncenter size-full wp-image-72186\" src=\"https:\/\/www.storevan.com\/wp-content\/uploads\/2018\/05\/allestimento-per-MAN-TGE-350.jpg\" alt=\"Wyposa\u017cenia do samochod\u00f3w dostawczych do MAN TGE\" width=\"350\" height=\"220\" srcset=\"https:\/\/www.storevan.com\/wp-content\/uploads\/2018\/05\/allestimento-per-MAN-TGE-350.jpg 350w, https:\/\/www.storevan.com\/wp-content\/uploads\/2018\/05\/allestimento-per-MAN-TGE-350-300x189.jpg 300w\" sizes=\"(max-width: 350px) 100vw, 350px\" \/><br \/>\nZabudowy MAN TGE <i class=\"fa fa-angle-double-right\"><\/i><\/a><br \/>\n<a href=\"https:\/\/www.storevan.com\/pl\/zabudowy\/man\/tge\/scieny-podloga\/\" class=\"txtOrange\" title=\"Podloga i panele MAN TGE\">Podloga i panele  <i class=\"fa fa-angle-double-right\"><\/i><\/a><br \/>\n<a href=\"https:\/\/www.storevan.com\/pl\/zabudowy\/man\/tge\/bagazniki-dachowe\/\" class=\"txtOrange\" title=\"Bagazniki i uchwyty do drabiny MAN TGE\">Bagazniki i uchwyty do drabiny <i class=\"fa fa-angle-double-right\"><\/i><\/a> <\/p>\n<hr noshade=\"noshade\" size=\"1\" class=\"visible-xs\" \/>\n<\/div><div class=\"clearboth\"><\/div>\n<hr class=\"noColor\" \/>\n<h3 class=\"customblackTitleExtraSmall\">Wyposa\u017cenie mobilnego warsztatu to doskona\u0142e rozwi\u0105zanie dla twojego samochodu dostawczego marki MAN<\/h3>\n<p>Osoby wybieraj\u0105ce mark\u0119 MAN szukaj\u0105 perfekcji. Solidne ok\u0142adziny wewn\u0119trzne, bezpiecze\u0144stwo na pierwszym miejscu oraz modu\u0142owe rega\u0142y, z\u00a0mo\u017cliwo\u015bci\u0105 uzupe\u0142niania o\u00a0akcesoria: wszystko to pozwala uzyskiwa\u0107 godne pozazdroszczenia wyniki.<\/p>\n<p>Dzi\u0119ki kompetencji, do\u015bwiadczeniu i\u00a0profesjonalizmowi zespo\u0142u roboczego Store Van, ka\u017cde wyposa\u017cenie jest projektowane specjalnie dla danego pojazdu, z\u00a0wykorzystaniem indywidualnych rozwi\u0105za\u0144 dla poszczeg\u00f3lnych sektor\u00f3w zastosowania.<\/p>\n<p>Po zamontowaniu rega\u0142\u00f3w, zaprojektowanych indywidualnie do samochod\u00f3w dostawczych MAN, optymalizacja przestrzeni i\u00a0uporz\u0105dkowanie towaru nie jest ju\u017c problemem. Dzi\u0119ki przegrodom, szufladom z\u00a0wysuwem ca\u0142kowitym, komorom z\u00a0drzwiami, p\u00f3\u0142kami na walizki i\u00a0drobne elementy oraz wielu innym akcesoriom ka\u017cdy przedmiot znajduje si\u0119 na swoim miejscu.<\/p>\n","protected":false},"excerpt":{"rendered":"<p>Zabudowy do MAN Osoby kupuj\u0105ce pojazd marki MAN wybieraj\u0105 do\u015bwiadczenie przedsi\u0119biorstwa, zajmuj\u0105cego si\u0119 od lat produkcj\u0105 pojazd\u00f3w przemys\u0142owych, oraz bezpiecze\u0144stwo i\u00a0funkcjonalno\u015b\u0107, zapewniane przez wiarygodnego partnera. Store Van produkuje i\u00a0wykonuje wyposa\u017cenia.<\/p>\n","protected":false},"author":470,"featured_media":0,"parent":8457,"menu_order":0,"comment_status":"closed","ping_status":"closed","template":"","meta":[],"acf":[],"yoast_head":"<!-- This site is optimized with the Yoast SEO plugin v20.11 - https:\/\/yoast.com\/wordpress\/plugins\/seo\/ -->\n<title>Zabudowy do MAN,wyposa\u017cenia do samochod\u00f3w dostawczych<\/title>\n<meta name=\"description\" content=\"Systemy wyposa\u017cenia do samochod\u00f3w dostawczych MAN, obejmuj\u0105ce pod\u0142ogi, ok\u0142adziny wewn\u0119trzne,\u00a0rega\u0142y oraz uchwyty uniwersalne do mocowania \u0142adunku.\" \/>\n<meta name=\"robots\" content=\"index, follow, max-snippet:-1, max-image-preview:large, max-video-preview:-1\" \/>\n<link rel=\"canonical\" href=\"https:\/\/www.storevan.com\/allestimenti-veicoli-commerciali\/furgoni-man\/\" \/>\n<meta property=\"og:locale\" content=\"pl_PL\" \/>\n<meta property=\"og:type\" content=\"article\" \/>\n<meta property=\"og:title\" content=\"Zabudowy do MAN,wyposa\u017cenia do samochod\u00f3w dostawczych\" \/>\n<meta property=\"og:description\" content=\"Systemy wyposa\u017cenia do samochod\u00f3w dostawczych MAN, obejmuj\u0105ce pod\u0142ogi, ok\u0142adziny wewn\u0119trzne,\u00a0rega\u0142y oraz uchwyty uniwersalne do mocowania \u0142adunku.\" \/>\n<meta property=\"og:url\" content=\"https:\/\/www.storevan.com\/allestimenti-veicoli-commerciali\/furgoni-man\/\" \/>\n<meta property=\"og:site_name\" content=\"Store Van\" \/>\n<meta property=\"article:modified_time\" content=\"2018-10-01T12:54:07+00:00\" \/>\n<meta property=\"og:image\" content=\"https:\/\/www.storevan.com\/wp-content\/uploads\/2018\/06\/HOME14-Allestimenti-MAN.png\" \/>\n<meta name=\"twitter:label1\" content=\"Szacowany czas czytania\" \/>\n\t<meta name=\"twitter:data1\" content=\"2 minuty\" \/>\n<script type=\"application\/ld+json\" class=\"yoast-schema-graph\">{\"@context\":\"https:\/\/schema.org\",\"@graph\":[{\"@type\":\"WebPage\",\"@id\":\"https:\/\/www.storevan.com\/allestimenti-veicoli-commerciali\/furgoni-man\/\",\"url\":\"https:\/\/www.storevan.com\/allestimenti-veicoli-commerciali\/furgoni-man\/\",\"name\":\"Zabudowy do MAN,wyposa\u017cenia do samochod\u00f3w dostawczych\",\"isPartOf\":{\"@id\":\"https:\/\/www.storevan.com\/pl\/#website\"},\"datePublished\":\"2018-06-01T09:20:17+00:00\",\"dateModified\":\"2018-10-01T12:54:07+00:00\",\"description\":\"Systemy wyposa\u017cenia do samochod\u00f3w dostawczych MAN, obejmuj\u0105ce pod\u0142ogi, ok\u0142adziny wewn\u0119trzne,\u00a0rega\u0142y oraz uchwyty uniwersalne do mocowania \u0142adunku.\",\"breadcrumb\":{\"@id\":\"https:\/\/www.storevan.com\/allestimenti-veicoli-commerciali\/furgoni-man\/#breadcrumb\"},\"inLanguage\":\"pl-PL\",\"potentialAction\":[{\"@type\":\"ReadAction\",\"target\":[\"https:\/\/www.storevan.com\/allestimenti-veicoli-commerciali\/furgoni-man\/\"]}]},{\"@type\":\"BreadcrumbList\",\"@id\":\"https:\/\/www.storevan.com\/allestimenti-veicoli-commerciali\/furgoni-man\/#breadcrumb\",\"itemListElement\":[{\"@type\":\"ListItem\",\"position\":1,\"name\":\"Home\",\"item\":\"https:\/\/www.storevan.com\/pl\/\"},{\"@type\":\"ListItem\",\"position\":2,\"name\":\"Zabudowy\",\"item\":\"https:\/\/www.storevan.com\/allestimenti-veicoli-commerciali\/\"},{\"@type\":\"ListItem\",\"position\":3,\"name\":\"Man\"}]},{\"@type\":\"WebSite\",\"@id\":\"https:\/\/www.storevan.com\/pl\/#website\",\"url\":\"https:\/\/www.storevan.com\/pl\/\",\"name\":\"Store Van\",\"description\":\"Zabudowy\",\"potentialAction\":[{\"@type\":\"SearchAction\",\"target\":{\"@type\":\"EntryPoint\",\"urlTemplate\":\"https:\/\/www.storevan.com\/pl\/?s={search_term_string}\"},\"query-input\":\"required name=search_term_string\"}],\"inLanguage\":\"pl-PL\"}]}<\/script>\n<!-- \/ Yoast SEO plugin. -->","yoast_head_json":{"title":"Zabudowy do MAN,wyposa\u017cenia do samochod\u00f3w dostawczych","description":"Systemy wyposa\u017cenia do samochod\u00f3w dostawczych MAN, obejmuj\u0105ce pod\u0142ogi, ok\u0142adziny wewn\u0119trzne,\u00a0rega\u0142y oraz uchwyty uniwersalne do mocowania \u0142adunku.","robots":{"index":"index","follow":"follow","max-snippet":"max-snippet:-1","max-image-preview":"max-image-preview:large","max-video-preview":"max-video-preview:-1"},"canonical":"https:\/\/www.storevan.com\/allestimenti-veicoli-commerciali\/furgoni-man\/","og_locale":"pl_PL","og_type":"article","og_title":"Zabudowy do MAN,wyposa\u017cenia do samochod\u00f3w dostawczych","og_description":"Systemy wyposa\u017cenia do samochod\u00f3w dostawczych MAN, obejmuj\u0105ce pod\u0142ogi, ok\u0142adziny wewn\u0119trzne,\u00a0rega\u0142y oraz uchwyty uniwersalne do mocowania \u0142adunku.","og_url":"https:\/\/www.storevan.com\/allestimenti-veicoli-commerciali\/furgoni-man\/","og_site_name":"Store Van","article_modified_time":"2018-10-01T12:54:07+00:00","og_image":[{"url":"https:\/\/www.storevan.com\/wp-content\/uploads\/2018\/06\/HOME14-Allestimenti-MAN.png"}],"twitter_misc":{"Szacowany czas czytania":"2 minuty"},"schema":{"@context":"https:\/\/schema.org","@graph":[{"@type":"WebPage","@id":"https:\/\/www.storevan.com\/allestimenti-veicoli-commerciali\/furgoni-man\/","url":"https:\/\/www.storevan.com\/allestimenti-veicoli-commerciali\/furgoni-man\/","name":"Zabudowy do MAN,wyposa\u017cenia do samochod\u00f3w dostawczych","isPartOf":{"@id":"https:\/\/www.storevan.com\/pl\/#website"},"datePublished":"2018-06-01T09:20:17+00:00","dateModified":"2018-10-01T12:54:07+00:00","description":"Systemy wyposa\u017cenia do samochod\u00f3w dostawczych MAN, obejmuj\u0105ce pod\u0142ogi, ok\u0142adziny wewn\u0119trzne,\u00a0rega\u0142y oraz uchwyty uniwersalne do mocowania \u0142adunku.","breadcrumb":{"@id":"https:\/\/www.storevan.com\/allestimenti-veicoli-commerciali\/furgoni-man\/#breadcrumb"},"inLanguage":"pl-PL","potentialAction":[{"@type":"ReadAction","target":["https:\/\/www.storevan.com\/allestimenti-veicoli-commerciali\/furgoni-man\/"]}]},{"@type":"BreadcrumbList","@id":"https:\/\/www.storevan.com\/allestimenti-veicoli-commerciali\/furgoni-man\/#breadcrumb","itemListElement":[{"@type":"ListItem","position":1,"name":"Home","item":"https:\/\/www.storevan.com\/pl\/"},{"@type":"ListItem","position":2,"name":"Zabudowy","item":"https:\/\/www.storevan.com\/allestimenti-veicoli-commerciali\/"},{"@type":"ListItem","position":3,"name":"Man"}]},{"@type":"WebSite","@id":"https:\/\/www.storevan.com\/pl\/#website","url":"https:\/\/www.storevan.com\/pl\/","name":"Store Van","description":"Zabudowy","potentialAction":[{"@type":"SearchAction","target":{"@type":"EntryPoint","urlTemplate":"https:\/\/www.storevan.com\/pl\/?s={search_term_string}"},"query-input":"required name=search_term_string"}],"inLanguage":"pl-PL"}]}},"_links":{"self":[{"href":"https:\/\/www.storevan.com\/pl\/wp-json\/wp\/v2\/pages\/73998"}],"collection":[{"href":"https:\/\/www.storevan.com\/pl\/wp-json\/wp\/v2\/pages"}],"about":[{"href":"https:\/\/www.storevan.com\/pl\/wp-json\/wp\/v2\/types\/page"}],"author":[{"embeddable":true,"href":"https:\/\/www.storevan.com\/pl\/wp-json\/wp\/v2\/users\/470"}],"replies":[{"embeddable":true,"href":"https:\/\/www.storevan.com\/pl\/wp-json\/wp\/v2\/comments?post=73998"}],"version-history":[{"count":4,"href":"https:\/\/www.storevan.com\/pl\/wp-json\/wp\/v2\/pages\/73998\/revisions"}],"predecessor-version":[{"id":90325,"href":"https:\/\/www.storevan.com\/pl\/wp-json\/wp\/v2\/pages\/73998\/revisions\/90325"}],"up":[{"embeddable":true,"href":"https:\/\/www.storevan.com\/pl\/wp-json\/wp\/v2\/pages\/8457"}],"wp:attachment":[{"href":"https:\/\/www.storevan.com\/pl\/wp-json\/wp\/v2\/media?parent=73998"}],"curies":[{"name":"wp","href":"https:\/\/api.w.org\/{rel}","templated":true}]}}