{"id":63236,"date":"2017-05-12T07:20:17","date_gmt":"2017-05-12T07:20:17","guid":{"rendered":"https:\/\/www.storevan.com\/porta-barre-filettate-furgoni\/"},"modified":"2018-03-02T15:58:18","modified_gmt":"2018-03-02T15:58:18","slug":"uchwyt-na-prety-gwintowane","status":"publish","type":"page","link":"https:\/\/www.storevan.com\/pl\/uchwyt-na-prety-gwintowane\/","title":{"rendered":"Uchwyt na pr\u0119ty gwintowane do samochod\u00f3w dostawczych"},"content":{"rendered":"<h1 class=\"customblackTitleSmall\">Uchwyt na pr\u0119ty gwintowane do samochod\u00f3w dostawczych<\/h1>\n<p>Store Van wprowadza do oferty nowy uchwyt do pr\u0119t\u00f3w gwintowanych. Jest to nowo\u015b\u0107 w\u00a0zakresie systemu mocowa\u0144 towar\u00f3w przewo\u017conych w\u00a0komorze \u0142adunkowej samochod\u00f3w dostawczych, wzbogacaj\u0105cy gam\u0119 akcesori\u00f3w wyposa\u017cenia do samochod\u00f3w u\u017cytkowych.<\/p>\n<p>Pr\u0119ty gwintowane, stosowane zwyczajowo w\u00a0wi\u0119kszo\u015bci bran\u017c zawodowych, obecne s\u0105 praktycznie w\u00a0ka\u017cdym warsztacie mobilnym. St\u0105d potrzeba przygotowania stalowego uchwytu do pr\u0119t\u00f3w gwintowanych, pozwalaj\u0105cego zachowa\u0107 porz\u0105dek i\u00a0dost\u0119pno\u015b\u0107 pr\u0119t\u00f3w bez ich uszkadzania.<\/p>\n<div class=\"ts-gallery\">\n<div class=\"one_half\">\n<div id=\"attachment_55738\" style=\"width: 810px\" class=\"wp-caption aligncenter\"><a href=\"https:\/\/www.storevan.com\/wp-content\/uploads\/2017\/05\/porta-barre-filettate-1.jpg\"><img aria-describedby=\"caption-attachment-55738\" decoding=\"async\" loading=\"lazy\" class=\"wp-image-55738 size-full\" title=\"Zestaw z uchwytem na pr\u0119ty gwintowane, z otworami AIRLINE i elastycznym pasem z podzia\u0142k\u0105\" src=\"https:\/\/www.storevan.com\/wp-content\/uploads\/2017\/05\/porta-barre-filettate-1.jpg\" alt=\"Zestaw z uchwytem na pr\u0119ty gwintowane, z otworami AIRLINE i elastycznym pasem z podzia\u0142k\u0105\" width=\"800\" height=\"1058\" srcset=\"https:\/\/www.storevan.com\/wp-content\/uploads\/2017\/05\/porta-barre-filettate-1.jpg 800w, https:\/\/www.storevan.com\/wp-content\/uploads\/2017\/05\/porta-barre-filettate-1-227x300.jpg 227w, https:\/\/www.storevan.com\/wp-content\/uploads\/2017\/05\/porta-barre-filettate-1-768x1016.jpg 768w, https:\/\/www.storevan.com\/wp-content\/uploads\/2017\/05\/porta-barre-filettate-1-774x1024.jpg 774w, https:\/\/www.storevan.com\/wp-content\/uploads\/2017\/05\/porta-barre-filettate-1-600x794.jpg 600w\" sizes=\"(max-width: 800px) 100vw, 800px\" \/><\/a><p id=\"caption-attachment-55738\" class=\"wp-caption-text\">Zestaw z uchwytem na pr\u0119ty gwintowane, z otworami AIRLINE i elastycznym pasem z podzia\u0142k\u0105<\/p><\/div>\n<\/div><div class=\"one_half last\">\n<div id=\"attachment_55744\" style=\"width: 810px\" class=\"wp-caption aligncenter\"><a href=\"https:\/\/www.storevan.com\/wp-content\/uploads\/2017\/05\/porta-barre-filettate-2.jpg\"><img aria-describedby=\"caption-attachment-55744\" decoding=\"async\" loading=\"lazy\" class=\"wp-image-55744 size-full\" title=\"Uchwyt na pr\u0119ty gwintowane\" src=\"https:\/\/www.storevan.com\/wp-content\/uploads\/2017\/05\/porta-barre-filettate-2.jpg\" alt=\"Uchwyt na pr\u0119ty gwintowane\" width=\"800\" height=\"1058\" srcset=\"https:\/\/www.storevan.com\/wp-content\/uploads\/2017\/05\/porta-barre-filettate-2.jpg 800w, https:\/\/www.storevan.com\/wp-content\/uploads\/2017\/05\/porta-barre-filettate-2-227x300.jpg 227w, https:\/\/www.storevan.com\/wp-content\/uploads\/2017\/05\/porta-barre-filettate-2-768x1016.jpg 768w, https:\/\/www.storevan.com\/wp-content\/uploads\/2017\/05\/porta-barre-filettate-2-774x1024.jpg 774w, https:\/\/www.storevan.com\/wp-content\/uploads\/2017\/05\/porta-barre-filettate-2-600x794.jpg 600w\" sizes=\"(max-width: 800px) 100vw, 800px\" \/><\/a><p id=\"caption-attachment-55744\" class=\"wp-caption-text\">Uchwyt do samochod\u00f3w dostawczych na pr\u0119ty gwintowane z 10 przewodami rurowymi z tworzywa sztucznego<\/p><\/div>\n<\/div><div class=\"clearboth\"><\/div>\n<\/div>\n<p>Konstrukcja uchwytu do pr\u0119t\u00f3w gwintowanych obejmuje ram\u0119 ze stali ocynkowanej i\u00a0malowanej kataforetycznie z\u00a010\u00a0przewodami rurowymi z\u00a0tworzywa sztucznego, umieszczonymi w\u00a0dw\u00f3ch rz\u0119dach. Uchwyt posiada r\u00f3wnie\u017c otwory AIRLINE, na kt\u00f3rych mo\u017cna zamocowa\u0107 uchwyty do zawieszania narz\u0119dzi.<\/p>\n<p>Uchwyt pomocniczy na pr\u0119ty gwintowane mo\u017cna \u0142atwo zamontowa\u0107 w\u00a0dowolnym punkcie na regale, mocuj\u0105c go do przygotowanych w\u00a0modu\u0142ach otwor\u00f3w. W standardzie uchwyt posiada elastyczny czarny pas z\u00a0podzia\u0142k\u0105, przydatny do mocowania d\u0142ugich i\u00a0lekkich przedmiot\u00f3w, takich jak np.: paliki.<\/p>\n","protected":false},"excerpt":{"rendered":"<p>Uchwyt na pr\u0119ty gwintowane do samochod\u00f3w dostawczych Store Van wprowadza do oferty nowy uchwyt do pr\u0119t\u00f3w gwintowanych. Jest to nowo\u015b\u0107 w\u00a0zakresie systemu mocowa\u0144 towar\u00f3w przewo\u017conych w\u00a0komorze \u0142adunkowej samochod\u00f3w dostawczych, wzbogacaj\u0105cy.<\/p>\n","protected":false},"author":470,"featured_media":0,"parent":0,"menu_order":0,"comment_status":"closed","ping_status":"closed","template":"","meta":[],"acf":[],"yoast_head":"<!-- This site is optimized with the Yoast SEO plugin v20.11 - https:\/\/yoast.com\/wordpress\/plugins\/seo\/ -->\n<title>Uchwyt na pr\u0119ty gwintowane do samochod\u00f3w dostawczych<\/title>\n<meta name=\"robots\" content=\"index, follow, max-snippet:-1, max-image-preview:large, max-video-preview:-1\" \/>\n<link rel=\"canonical\" href=\"https:\/\/www.storevan.com\/pl\/uchwyt-na-prety-gwintowane\/\" \/>\n<meta property=\"og:locale\" content=\"pl_PL\" \/>\n<meta property=\"og:type\" content=\"article\" \/>\n<meta property=\"og:title\" content=\"Uchwyt na pr\u0119ty gwintowane do samochod\u00f3w dostawczych\" \/>\n<meta property=\"og:description\" content=\"Uchwyt na pr\u0119ty gwintowane do samochod\u00f3w dostawczych Store Van wprowadza do oferty nowy uchwyt do pr\u0119t\u00f3w gwintowanych. Jest to nowo\u015b\u0107 w\u00a0zakresie systemu mocowa\u0144 towar\u00f3w przewo\u017conych w\u00a0komorze \u0142adunkowej samochod\u00f3w dostawczych, wzbogacaj\u0105cy.\" \/>\n<meta property=\"og:url\" content=\"https:\/\/www.storevan.com\/pl\/uchwyt-na-prety-gwintowane\/\" \/>\n<meta property=\"og:site_name\" content=\"Store Van\" \/>\n<meta property=\"article:modified_time\" content=\"2018-03-02T15:58:18+00:00\" \/>\n<meta property=\"og:image\" content=\"https:\/\/www.storevan.com\/wp-content\/uploads\/2017\/05\/porta-barre-filettate-1.jpg\" \/>\n<meta name=\"twitter:label1\" content=\"Szacowany czas czytania\" \/>\n\t<meta name=\"twitter:data1\" content=\"1 minuta\" \/>\n<script type=\"application\/ld+json\" class=\"yoast-schema-graph\">{\"@context\":\"https:\/\/schema.org\",\"@graph\":[{\"@type\":\"WebPage\",\"@id\":\"https:\/\/www.storevan.com\/pl\/uchwyt-na-prety-gwintowane\/\",\"url\":\"https:\/\/www.storevan.com\/pl\/uchwyt-na-prety-gwintowane\/\",\"name\":\"Uchwyt na pr\u0119ty gwintowane do samochod\u00f3w dostawczych\",\"isPartOf\":{\"@id\":\"https:\/\/www.storevan.com\/pl\/#website\"},\"datePublished\":\"2017-05-12T07:20:17+00:00\",\"dateModified\":\"2018-03-02T15:58:18+00:00\",\"breadcrumb\":{\"@id\":\"https:\/\/www.storevan.com\/pl\/uchwyt-na-prety-gwintowane\/#breadcrumb\"},\"inLanguage\":\"pl-PL\",\"potentialAction\":[{\"@type\":\"ReadAction\",\"target\":[\"https:\/\/www.storevan.com\/pl\/uchwyt-na-prety-gwintowane\/\"]}]},{\"@type\":\"BreadcrumbList\",\"@id\":\"https:\/\/www.storevan.com\/pl\/uchwyt-na-prety-gwintowane\/#breadcrumb\",\"itemListElement\":[{\"@type\":\"ListItem\",\"position\":1,\"name\":\"Home\",\"item\":\"https:\/\/www.storevan.com\/pl\/\"},{\"@type\":\"ListItem\",\"position\":2,\"name\":\"Uchwyt na pr\u0119ty gwintowane do samochod\u00f3w dostawczych\"}]},{\"@type\":\"WebSite\",\"@id\":\"https:\/\/www.storevan.com\/pl\/#website\",\"url\":\"https:\/\/www.storevan.com\/pl\/\",\"name\":\"Store Van\",\"description\":\"Zabudowy\",\"potentialAction\":[{\"@type\":\"SearchAction\",\"target\":{\"@type\":\"EntryPoint\",\"urlTemplate\":\"https:\/\/www.storevan.com\/pl\/?s={search_term_string}\"},\"query-input\":\"required name=search_term_string\"}],\"inLanguage\":\"pl-PL\"}]}<\/script>\n<!-- \/ Yoast SEO plugin. -->","yoast_head_json":{"title":"Uchwyt na pr\u0119ty gwintowane do samochod\u00f3w dostawczych","robots":{"index":"index","follow":"follow","max-snippet":"max-snippet:-1","max-image-preview":"max-image-preview:large","max-video-preview":"max-video-preview:-1"},"canonical":"https:\/\/www.storevan.com\/pl\/uchwyt-na-prety-gwintowane\/","og_locale":"pl_PL","og_type":"article","og_title":"Uchwyt na pr\u0119ty gwintowane do samochod\u00f3w dostawczych","og_description":"Uchwyt na pr\u0119ty gwintowane do samochod\u00f3w dostawczych Store Van wprowadza do oferty nowy uchwyt do pr\u0119t\u00f3w gwintowanych. Jest to nowo\u015b\u0107 w\u00a0zakresie systemu mocowa\u0144 towar\u00f3w przewo\u017conych w\u00a0komorze \u0142adunkowej samochod\u00f3w dostawczych, wzbogacaj\u0105cy.","og_url":"https:\/\/www.storevan.com\/pl\/uchwyt-na-prety-gwintowane\/","og_site_name":"Store Van","article_modified_time":"2018-03-02T15:58:18+00:00","og_image":[{"url":"https:\/\/www.storevan.com\/wp-content\/uploads\/2017\/05\/porta-barre-filettate-1.jpg"}],"twitter_misc":{"Szacowany czas czytania":"1 minuta"},"schema":{"@context":"https:\/\/schema.org","@graph":[{"@type":"WebPage","@id":"https:\/\/www.storevan.com\/pl\/uchwyt-na-prety-gwintowane\/","url":"https:\/\/www.storevan.com\/pl\/uchwyt-na-prety-gwintowane\/","name":"Uchwyt na pr\u0119ty gwintowane do samochod\u00f3w dostawczych","isPartOf":{"@id":"https:\/\/www.storevan.com\/pl\/#website"},"datePublished":"2017-05-12T07:20:17+00:00","dateModified":"2018-03-02T15:58:18+00:00","breadcrumb":{"@id":"https:\/\/www.storevan.com\/pl\/uchwyt-na-prety-gwintowane\/#breadcrumb"},"inLanguage":"pl-PL","potentialAction":[{"@type":"ReadAction","target":["https:\/\/www.storevan.com\/pl\/uchwyt-na-prety-gwintowane\/"]}]},{"@type":"BreadcrumbList","@id":"https:\/\/www.storevan.com\/pl\/uchwyt-na-prety-gwintowane\/#breadcrumb","itemListElement":[{"@type":"ListItem","position":1,"name":"Home","item":"https:\/\/www.storevan.com\/pl\/"},{"@type":"ListItem","position":2,"name":"Uchwyt na pr\u0119ty gwintowane do samochod\u00f3w dostawczych"}]},{"@type":"WebSite","@id":"https:\/\/www.storevan.com\/pl\/#website","url":"https:\/\/www.storevan.com\/pl\/","name":"Store Van","description":"Zabudowy","potentialAction":[{"@type":"SearchAction","target":{"@type":"EntryPoint","urlTemplate":"https:\/\/www.storevan.com\/pl\/?s={search_term_string}"},"query-input":"required name=search_term_string"}],"inLanguage":"pl-PL"}]}},"_links":{"self":[{"href":"https:\/\/www.storevan.com\/pl\/wp-json\/wp\/v2\/pages\/63236"}],"collection":[{"href":"https:\/\/www.storevan.com\/pl\/wp-json\/wp\/v2\/pages"}],"about":[{"href":"https:\/\/www.storevan.com\/pl\/wp-json\/wp\/v2\/types\/page"}],"author":[{"embeddable":true,"href":"https:\/\/www.storevan.com\/pl\/wp-json\/wp\/v2\/users\/470"}],"replies":[{"embeddable":true,"href":"https:\/\/www.storevan.com\/pl\/wp-json\/wp\/v2\/comments?post=63236"}],"version-history":[{"count":0,"href":"https:\/\/www.storevan.com\/pl\/wp-json\/wp\/v2\/pages\/63236\/revisions"}],"wp:attachment":[{"href":"https:\/\/www.storevan.com\/pl\/wp-json\/wp\/v2\/media?parent=63236"}],"curies":[{"name":"wp","href":"https:\/\/api.w.org\/{rel}","templated":true}]}}