{"id":63225,"date":"2017-05-12T08:04:09","date_gmt":"2017-05-12T08:04:09","guid":{"rendered":"https:\/\/www.storevan.com\/ripiani-con-sportello-per-allestimento-furgoni\/"},"modified":"2020-12-14T14:26:32","modified_gmt":"2020-12-14T14:26:32","slug":"burta-zamykajaca-do-polek","status":"publish","type":"page","link":"https:\/\/www.storevan.com\/pl\/burta-zamykajaca-do-polek\/","title":{"rendered":"BURTA ZAMYKAJ\u0104CA DO P\u00d3\u0141EK NA WYPOSA\u017bENIU SAMOCHOD\u00d3W DOSTAWCZYCH \u2013 DOOR SMALL"},"content":{"rendered":"<h1 class=\"customblackTitleSmall\">BURTA ZAMYKAJ\u0104CA DO P\u00d3\u0141EK NA WYPOSA\u017bENIU SAMOCHOD\u00d3W DOSTAWCZYCH \u2013 DOOR SMALL<\/h1>\n<p>Nowa burta do rega\u0142\u00f3w DOOR SMALL Store Van jest praktycznym systemem zamykania, stosowanym w r\u00f3\u017cnych komponentach wyposa\u017cenia do samochod\u00f3w dostawczych. Aluminiowa burta uchylna, po umocowaniu do p\u00f3\u0142ek, kuwet i kom\u00f3r, pozwala utrzymywa\u0107 na swoim miejscu przewo\u017cone w pojazdach u\u017cytkowych materia\u0142y i sprz\u0119t.<br \/>\nWysoko\u015b\u0107 burty umo\u017cliwia wgl\u0105d do wn\u0119trza oraz u\u0142atwia pobieranie od czo\u0142a zawarto\u015bci pojemnik\u00f3w, r\u00f3wnie\u017c w przypadku ustawienia burty w po\u0142o\u017ceniu zamkni\u0119cia. W po\u0142\u0105czeniu z p\u00f3\u0142k\u0105 i po zamontowaniu w g\u00f3rnej cz\u0119\u015bci rega\u0142u do warsztatu mobilnego mo\u017ce zast\u0105pi\u0107 rynn\u0119, pozwalaj\u0105c wygodnie przemiesza\u0107 wielkogabarytowe materia\u0142y na d\u0142u\u017cszym boku.<\/p>\n<div class=\"ts-gallery\">\n<div class=\"one_half\">\n<p><a href=\"https:\/\/www.storevan.com\/wp-content\/uploads\/2017\/05\/sportello-scaffale-furgoni-1a.jpg\"><img decoding=\"async\" loading=\"lazy\" class=\"aligncenter wp-image-55768 size-full\" src=\"https:\/\/www.storevan.com\/wp-content\/uploads\/2017\/05\/sportello-scaffale-furgoni-1a.jpg\" alt=\"BURTA ZAMYKAJ\u0104CA DO P\u00d3\u0141EK NA WYPOSA\u017bENIU SAMOCHOD\u00d3W DOSTAWCZYCH \u2013 DOOR SMALL\" width=\"800\" height=\"450\" srcset=\"https:\/\/www.storevan.com\/wp-content\/uploads\/2017\/05\/sportello-scaffale-furgoni-1a.jpg 800w, https:\/\/www.storevan.com\/wp-content\/uploads\/2017\/05\/sportello-scaffale-furgoni-1a-300x169.jpg 300w, https:\/\/www.storevan.com\/wp-content\/uploads\/2017\/05\/sportello-scaffale-furgoni-1a-768x432.jpg 768w, https:\/\/www.storevan.com\/wp-content\/uploads\/2017\/05\/sportello-scaffale-furgoni-1a-600x338.jpg 600w\" sizes=\"(max-width: 800px) 100vw, 800px\" \/><\/a><\/p>\n<\/div><div class=\"one_half last\">\n<p><a href=\"https:\/\/www.storevan.com\/wp-content\/uploads\/2017\/05\/sportello-scaffale-furgoni-1b.jpg\"><img decoding=\"async\" loading=\"lazy\" class=\"aligncenter wp-image-55774 size-full\" src=\"https:\/\/www.storevan.com\/wp-content\/uploads\/2017\/05\/sportello-scaffale-furgoni-1b.jpg\" alt=\"BURTA ZAMYKAJ\u0104CA DO P\u00d3\u0141EK NA WYPOSA\u017bENIU SAMOCHOD\u00d3W DOSTAWCZYCH \u2013 DOOR SMALL\" width=\"800\" height=\"450\" srcset=\"https:\/\/www.storevan.com\/wp-content\/uploads\/2017\/05\/sportello-scaffale-furgoni-1b.jpg 800w, https:\/\/www.storevan.com\/wp-content\/uploads\/2017\/05\/sportello-scaffale-furgoni-1b-300x169.jpg 300w, https:\/\/www.storevan.com\/wp-content\/uploads\/2017\/05\/sportello-scaffale-furgoni-1b-768x432.jpg 768w, https:\/\/www.storevan.com\/wp-content\/uploads\/2017\/05\/sportello-scaffale-furgoni-1b-600x338.jpg 600w\" sizes=\"(max-width: 800px) 100vw, 800px\" \/><\/a><\/p>\n<\/div><div class=\"clearboth\"><\/div>\n<p>Burta uchylna, wykonana z anodowanego aluminium, cechuje si\u0119 niewielk\u0105 mas\u0105 i lekk\u0105, stabiln\u0105 i wytrzyma\u0142\u0105 na korozj\u0119 konstrukcj\u0105. Po ca\u0142kowitym lub cz\u0119\u015bciowym zamkni\u0119ciu, uchylna burta aluminiowa pozwala zoptymalizowa\u0107 wykorzystanie miejsca przy nadkolach w komorze \u0142adunkowej samochodu dostawczego<\/p>\n<div class=\"one_half\">\n<p><a href=\"https:\/\/www.storevan.com\/wp-content\/uploads\/2017\/05\/sportello-scaffale-furgoni-2a.jpg\"><img decoding=\"async\" loading=\"lazy\" class=\"aligncenter wp-image-55780 size-full\" src=\"https:\/\/www.storevan.com\/wp-content\/uploads\/2017\/05\/sportello-scaffale-furgoni-2a.jpg\" alt=\"BURTA ZAMYKAJ\u0104CA DO P\u00d3\u0141EK NA WYPOSA\u017bENIU SAMOCHOD\u00d3W DOSTAWCZYCH \u2013 DOOR SMALL\" width=\"800\" height=\"450\" srcset=\"https:\/\/www.storevan.com\/wp-content\/uploads\/2017\/05\/sportello-scaffale-furgoni-2a.jpg 800w, https:\/\/www.storevan.com\/wp-content\/uploads\/2017\/05\/sportello-scaffale-furgoni-2a-300x169.jpg 300w, https:\/\/www.storevan.com\/wp-content\/uploads\/2017\/05\/sportello-scaffale-furgoni-2a-768x432.jpg 768w, https:\/\/www.storevan.com\/wp-content\/uploads\/2017\/05\/sportello-scaffale-furgoni-2a-600x338.jpg 600w\" sizes=\"(max-width: 800px) 100vw, 800px\" \/><\/a><\/p>\n<\/div><div class=\"one_half last\">\n<p><a href=\"https:\/\/www.storevan.com\/wp-content\/uploads\/2017\/05\/sportello-scaffale-furgoni-2b.jpg\"><img decoding=\"async\" loading=\"lazy\" class=\"aligncenter wp-image-55786 size-full\" src=\"https:\/\/www.storevan.com\/wp-content\/uploads\/2017\/05\/sportello-scaffale-furgoni-2b.jpg\" alt=\"BURTA ZAMYKAJ\u0104CA DO P\u00d3\u0141EK NA WYPOSA\u017bENIU SAMOCHOD\u00d3W DOSTAWCZYCH \u2013 DOOR SMALL\" width=\"800\" height=\"450\" srcset=\"https:\/\/www.storevan.com\/wp-content\/uploads\/2017\/05\/sportello-scaffale-furgoni-2b.jpg 800w, https:\/\/www.storevan.com\/wp-content\/uploads\/2017\/05\/sportello-scaffale-furgoni-2b-300x169.jpg 300w, https:\/\/www.storevan.com\/wp-content\/uploads\/2017\/05\/sportello-scaffale-furgoni-2b-768x432.jpg 768w, https:\/\/www.storevan.com\/wp-content\/uploads\/2017\/05\/sportello-scaffale-furgoni-2b-600x338.jpg 600w\" sizes=\"(max-width: 800px) 100vw, 800px\" \/><\/a><\/p>\n<\/div><div class=\"clearboth\"><\/div>\n<\/div>\n","protected":false},"excerpt":{"rendered":"<p>BURTA ZAMYKAJ\u0104CA DO P\u00d3\u0141EK NA WYPOSA\u017bENIU SAMOCHOD\u00d3W DOSTAWCZYCH \u2013 DOOR SMALL Nowa burta do rega\u0142\u00f3w DOOR SMALL Store Van jest praktycznym systemem zamykania, stosowanym w r\u00f3\u017cnych komponentach wyposa\u017cenia do samochod\u00f3w.<\/p>\n","protected":false},"author":470,"featured_media":0,"parent":0,"menu_order":0,"comment_status":"closed","ping_status":"closed","template":"","meta":[],"acf":[],"yoast_head":"<!-- This site is optimized with the Yoast SEO plugin v20.11 - https:\/\/yoast.com\/wordpress\/plugins\/seo\/ -->\n<title>Burta Zamykaj\u0105ca Do P\u00f3\u0142ek Na Wyposa\u017ceniu<\/title>\n<meta name=\"description\" content=\"Nowa burta do rega\u0142\u00f3w DOOR SMALL Store Van jest praktycznym systemem zamykania, stosowanym w r\u00f3\u017cnych komponentach wyposa\u017cenia do samochod\u00f3w dostawczych. Aluminiowa burta uchylna, po umocowaniu do p\u00f3\u0142ek, kuwet i kom\u00f3r, pozwala utrzymywa\u0107 na swoim miejscu przewo\u017cone w pojazdach u\u017cytkowych materia\u0142y i sprz\u0119t.\" \/>\n<meta name=\"robots\" content=\"index, follow, max-snippet:-1, max-image-preview:large, max-video-preview:-1\" \/>\n<link rel=\"canonical\" href=\"https:\/\/www.storevan.com\/pl\/burta-zamykajaca-do-polek\/\" \/>\n<meta property=\"og:locale\" content=\"pl_PL\" \/>\n<meta property=\"og:type\" content=\"article\" \/>\n<meta property=\"og:title\" content=\"Burta Zamykaj\u0105ca Do P\u00f3\u0142ek Na Wyposa\u017ceniu\" \/>\n<meta property=\"og:description\" content=\"Nowa burta do rega\u0142\u00f3w DOOR SMALL Store Van jest praktycznym systemem zamykania, stosowanym w r\u00f3\u017cnych komponentach wyposa\u017cenia do samochod\u00f3w dostawczych. Aluminiowa burta uchylna, po umocowaniu do p\u00f3\u0142ek, kuwet i kom\u00f3r, pozwala utrzymywa\u0107 na swoim miejscu przewo\u017cone w pojazdach u\u017cytkowych materia\u0142y i sprz\u0119t.\" \/>\n<meta property=\"og:url\" content=\"https:\/\/www.storevan.com\/pl\/burta-zamykajaca-do-polek\/\" \/>\n<meta property=\"og:site_name\" content=\"Store Van\" \/>\n<meta property=\"article:modified_time\" content=\"2020-12-14T14:26:32+00:00\" \/>\n<meta property=\"og:image\" content=\"https:\/\/www.storevan.com\/wp-content\/uploads\/2017\/05\/sportello-scaffale-furgoni-1a.jpg\" \/>\n<meta name=\"twitter:label1\" content=\"Szacowany czas czytania\" \/>\n\t<meta name=\"twitter:data1\" content=\"1 minuta\" \/>\n<script type=\"application\/ld+json\" class=\"yoast-schema-graph\">{\"@context\":\"https:\/\/schema.org\",\"@graph\":[{\"@type\":\"WebPage\",\"@id\":\"https:\/\/www.storevan.com\/pl\/burta-zamykajaca-do-polek\/\",\"url\":\"https:\/\/www.storevan.com\/pl\/burta-zamykajaca-do-polek\/\",\"name\":\"Burta Zamykaj\u0105ca Do P\u00f3\u0142ek Na Wyposa\u017ceniu\",\"isPartOf\":{\"@id\":\"https:\/\/www.storevan.com\/pl\/#website\"},\"datePublished\":\"2017-05-12T08:04:09+00:00\",\"dateModified\":\"2020-12-14T14:26:32+00:00\",\"description\":\"Nowa burta do rega\u0142\u00f3w DOOR SMALL Store Van jest praktycznym systemem zamykania, stosowanym w r\u00f3\u017cnych komponentach wyposa\u017cenia do samochod\u00f3w dostawczych. Aluminiowa burta uchylna, po umocowaniu do p\u00f3\u0142ek, kuwet i kom\u00f3r, pozwala utrzymywa\u0107 na swoim miejscu przewo\u017cone w pojazdach u\u017cytkowych materia\u0142y i sprz\u0119t.\",\"breadcrumb\":{\"@id\":\"https:\/\/www.storevan.com\/pl\/burta-zamykajaca-do-polek\/#breadcrumb\"},\"inLanguage\":\"pl-PL\",\"potentialAction\":[{\"@type\":\"ReadAction\",\"target\":[\"https:\/\/www.storevan.com\/pl\/burta-zamykajaca-do-polek\/\"]}]},{\"@type\":\"BreadcrumbList\",\"@id\":\"https:\/\/www.storevan.com\/pl\/burta-zamykajaca-do-polek\/#breadcrumb\",\"itemListElement\":[{\"@type\":\"ListItem\",\"position\":1,\"name\":\"Home\",\"item\":\"https:\/\/www.storevan.com\/pl\/\"},{\"@type\":\"ListItem\",\"position\":2,\"name\":\"BURTA ZAMYKAJ\u0104CA DO P\u00d3\u0141EK NA WYPOSA\u017bENIU SAMOCHOD\u00d3W DOSTAWCZYCH \u2013 DOOR SMALL\"}]},{\"@type\":\"WebSite\",\"@id\":\"https:\/\/www.storevan.com\/pl\/#website\",\"url\":\"https:\/\/www.storevan.com\/pl\/\",\"name\":\"Store Van\",\"description\":\"Zabudowy\",\"potentialAction\":[{\"@type\":\"SearchAction\",\"target\":{\"@type\":\"EntryPoint\",\"urlTemplate\":\"https:\/\/www.storevan.com\/pl\/?s={search_term_string}\"},\"query-input\":\"required name=search_term_string\"}],\"inLanguage\":\"pl-PL\"}]}<\/script>\n<!-- \/ Yoast SEO plugin. -->","yoast_head_json":{"title":"Burta Zamykaj\u0105ca Do P\u00f3\u0142ek Na Wyposa\u017ceniu","description":"Nowa burta do rega\u0142\u00f3w DOOR SMALL Store Van jest praktycznym systemem zamykania, stosowanym w r\u00f3\u017cnych komponentach wyposa\u017cenia do samochod\u00f3w dostawczych. Aluminiowa burta uchylna, po umocowaniu do p\u00f3\u0142ek, kuwet i kom\u00f3r, pozwala utrzymywa\u0107 na swoim miejscu przewo\u017cone w pojazdach u\u017cytkowych materia\u0142y i sprz\u0119t.","robots":{"index":"index","follow":"follow","max-snippet":"max-snippet:-1","max-image-preview":"max-image-preview:large","max-video-preview":"max-video-preview:-1"},"canonical":"https:\/\/www.storevan.com\/pl\/burta-zamykajaca-do-polek\/","og_locale":"pl_PL","og_type":"article","og_title":"Burta Zamykaj\u0105ca Do P\u00f3\u0142ek Na Wyposa\u017ceniu","og_description":"Nowa burta do rega\u0142\u00f3w DOOR SMALL Store Van jest praktycznym systemem zamykania, stosowanym w r\u00f3\u017cnych komponentach wyposa\u017cenia do samochod\u00f3w dostawczych. Aluminiowa burta uchylna, po umocowaniu do p\u00f3\u0142ek, kuwet i kom\u00f3r, pozwala utrzymywa\u0107 na swoim miejscu przewo\u017cone w pojazdach u\u017cytkowych materia\u0142y i sprz\u0119t.","og_url":"https:\/\/www.storevan.com\/pl\/burta-zamykajaca-do-polek\/","og_site_name":"Store Van","article_modified_time":"2020-12-14T14:26:32+00:00","og_image":[{"url":"https:\/\/www.storevan.com\/wp-content\/uploads\/2017\/05\/sportello-scaffale-furgoni-1a.jpg"}],"twitter_misc":{"Szacowany czas czytania":"1 minuta"},"schema":{"@context":"https:\/\/schema.org","@graph":[{"@type":"WebPage","@id":"https:\/\/www.storevan.com\/pl\/burta-zamykajaca-do-polek\/","url":"https:\/\/www.storevan.com\/pl\/burta-zamykajaca-do-polek\/","name":"Burta Zamykaj\u0105ca Do P\u00f3\u0142ek Na Wyposa\u017ceniu","isPartOf":{"@id":"https:\/\/www.storevan.com\/pl\/#website"},"datePublished":"2017-05-12T08:04:09+00:00","dateModified":"2020-12-14T14:26:32+00:00","description":"Nowa burta do rega\u0142\u00f3w DOOR SMALL Store Van jest praktycznym systemem zamykania, stosowanym w r\u00f3\u017cnych komponentach wyposa\u017cenia do samochod\u00f3w dostawczych. Aluminiowa burta uchylna, po umocowaniu do p\u00f3\u0142ek, kuwet i kom\u00f3r, pozwala utrzymywa\u0107 na swoim miejscu przewo\u017cone w pojazdach u\u017cytkowych materia\u0142y i sprz\u0119t.","breadcrumb":{"@id":"https:\/\/www.storevan.com\/pl\/burta-zamykajaca-do-polek\/#breadcrumb"},"inLanguage":"pl-PL","potentialAction":[{"@type":"ReadAction","target":["https:\/\/www.storevan.com\/pl\/burta-zamykajaca-do-polek\/"]}]},{"@type":"BreadcrumbList","@id":"https:\/\/www.storevan.com\/pl\/burta-zamykajaca-do-polek\/#breadcrumb","itemListElement":[{"@type":"ListItem","position":1,"name":"Home","item":"https:\/\/www.storevan.com\/pl\/"},{"@type":"ListItem","position":2,"name":"BURTA ZAMYKAJ\u0104CA DO P\u00d3\u0141EK NA WYPOSA\u017bENIU SAMOCHOD\u00d3W DOSTAWCZYCH \u2013 DOOR SMALL"}]},{"@type":"WebSite","@id":"https:\/\/www.storevan.com\/pl\/#website","url":"https:\/\/www.storevan.com\/pl\/","name":"Store Van","description":"Zabudowy","potentialAction":[{"@type":"SearchAction","target":{"@type":"EntryPoint","urlTemplate":"https:\/\/www.storevan.com\/pl\/?s={search_term_string}"},"query-input":"required name=search_term_string"}],"inLanguage":"pl-PL"}]}},"_links":{"self":[{"href":"https:\/\/www.storevan.com\/pl\/wp-json\/wp\/v2\/pages\/63225"}],"collection":[{"href":"https:\/\/www.storevan.com\/pl\/wp-json\/wp\/v2\/pages"}],"about":[{"href":"https:\/\/www.storevan.com\/pl\/wp-json\/wp\/v2\/types\/page"}],"author":[{"embeddable":true,"href":"https:\/\/www.storevan.com\/pl\/wp-json\/wp\/v2\/users\/470"}],"replies":[{"embeddable":true,"href":"https:\/\/www.storevan.com\/pl\/wp-json\/wp\/v2\/comments?post=63225"}],"version-history":[{"count":1,"href":"https:\/\/www.storevan.com\/pl\/wp-json\/wp\/v2\/pages\/63225\/revisions"}],"predecessor-version":[{"id":122671,"href":"https:\/\/www.storevan.com\/pl\/wp-json\/wp\/v2\/pages\/63225\/revisions\/122671"}],"wp:attachment":[{"href":"https:\/\/www.storevan.com\/pl\/wp-json\/wp\/v2\/media?parent=63225"}],"curies":[{"name":"wp","href":"https:\/\/api.w.org\/{rel}","templated":true}]}}