{"id":63216,"date":"2017-05-12T07:20:10","date_gmt":"2017-05-12T07:20:10","guid":{"rendered":"https:\/\/www.storevan.com\/porta-bombolette-spray-cartucce-silicone-furgoni\/"},"modified":"2018-04-20T07:18:23","modified_gmt":"2018-04-20T07:18:23","slug":"uchwyt-na-zestaw-silikon-spraye","status":"publish","type":"page","link":"https:\/\/www.storevan.com\/pl\/uchwyt-na-zestaw-silikon-spraye\/","title":{"rendered":"Uchwyt na zestaw silikon spraye"},"content":{"rendered":"<h1 class=\"customblackTitleSmall\">Uchwyt do pojazd\u00f3w dostawczych do pojemnik\u00f3w ze sprayem i pojemnik\u00f3w z silikonem<\/h1>\n<p>Dopracowane w ka\u017cdym szczeg\u00f3le akcesoria do samochod\u00f3w dostawczych Store Van doskonale uzupe\u0142niaj\u0105 wyposa\u017cenie mobilnego warsztatu w pojazdach u\u017cytkowych. Poprzez po\u0142\u0105czenie dw\u00f3ch produkt\u00f3w w jeden, do gamy akcesori\u00f3w Store Van zosta\u0142 w\u0142\u0105czony nowy uchwyt na pojemniki ze sprayem i z silikonem. Uchwyt pozwala przechowywa\u0107 w zasi\u0119gu wzroku i r\u0119ki cztery pojemniki z silikonem i cztery pojemniki ze sprayem. Pojemniki umieszczane s\u0105 w lekkiej i bardzo wytrzyma\u0142ej ramie ze stali ocynkowanej, kt\u00f3ra po malowaniu kataforetycznym zyskuje jeszcze wi\u0119ksz\u0105 wytrzyma\u0142o\u015b\u0107 na dzia\u0142anie czynnik\u00f3w chemicznych i zu\u017cycie.<\/p>\n<div class=\"ts-gallery\">\n<div class=\"one_half\">\n<div id=\"attachment_55690\" style=\"width: 810px\" class=\"wp-caption aligncenter\"><a href=\"https:\/\/www.storevan.com\/wp-content\/uploads\/2017\/05\/supporto-siliconi-bombolette-1.jpg\"><img aria-describedby=\"caption-attachment-55690\" decoding=\"async\" loading=\"lazy\" class=\"wp-image-55690 size-full\" title=\"Uchwyt na pojemniki ze sprayem i z silikonem, z zaczepami do zawieszania narz\u0119dzi, do mocowania na rega\u0142ach samochod\u00f3w dostawczych\" src=\"https:\/\/www.storevan.com\/wp-content\/uploads\/2017\/05\/supporto-siliconi-bombolette-1.jpg\" alt=\"Uchwyt na pojemniki ze sprayem i z silikonem, z zaczepami do zawieszania narz\u0119dzi, do mocowania na rega\u0142ach samochod\u00f3w dostawczych\" width=\"800\" height=\"850\" srcset=\"https:\/\/www.storevan.com\/wp-content\/uploads\/2017\/05\/supporto-siliconi-bombolette-1.jpg 800w, https:\/\/www.storevan.com\/wp-content\/uploads\/2017\/05\/supporto-siliconi-bombolette-1-282x300.jpg 282w, https:\/\/www.storevan.com\/wp-content\/uploads\/2017\/05\/supporto-siliconi-bombolette-1-768x816.jpg 768w, https:\/\/www.storevan.com\/wp-content\/uploads\/2017\/05\/supporto-siliconi-bombolette-1-600x638.jpg 600w\" sizes=\"(max-width: 800px) 100vw, 800px\" \/><\/a><p id=\"caption-attachment-55690\" class=\"wp-caption-text\">Uchwyt na pojemniki ze sprayem i z silikonem, z zaczepami do zawieszania narz\u0119dzi, do mocowania na rega\u0142ach samochod\u00f3w dostawczych<\/p><\/div>\n<\/div><div class=\"one_half last\">\n<div id=\"attachment_55696\" style=\"width: 810px\" class=\"wp-caption aligncenter\"><a href=\"https:\/\/www.storevan.com\/wp-content\/uploads\/2017\/05\/supporto-siliconi-bombolette-2.jpg\"><img aria-describedby=\"caption-attachment-55696\" decoding=\"async\" loading=\"lazy\" class=\"wp-image-55696 size-full\" title=\"Rega\u0142y do samochod\u00f3w dostawczych z uchwytem na pojemniki ze sprayem i z silikonem\" src=\"https:\/\/www.storevan.com\/wp-content\/uploads\/2017\/05\/supporto-siliconi-bombolette-2.jpg\" alt=\"Rega\u0142y do samochod\u00f3w dostawczych z uchwytem na pojemniki ze sprayem i z silikonem\" width=\"800\" height=\"850\" srcset=\"https:\/\/www.storevan.com\/wp-content\/uploads\/2017\/05\/supporto-siliconi-bombolette-2.jpg 800w, https:\/\/www.storevan.com\/wp-content\/uploads\/2017\/05\/supporto-siliconi-bombolette-2-282x300.jpg 282w, https:\/\/www.storevan.com\/wp-content\/uploads\/2017\/05\/supporto-siliconi-bombolette-2-768x816.jpg 768w, https:\/\/www.storevan.com\/wp-content\/uploads\/2017\/05\/supporto-siliconi-bombolette-2-600x638.jpg 600w\" sizes=\"(max-width: 800px) 100vw, 800px\" \/><\/a><p id=\"caption-attachment-55696\" class=\"wp-caption-text\">Rega\u0142y do samochod\u00f3w dostawczych z uchwytem na pojemniki ze sprayem i z silikonem<\/p><\/div>\n<\/div><div class=\"clearboth\"><\/div>\n<\/div>\n<p>Dost\u0119pny do modu\u0142\u00f3w 365 i\u00a0445 mm innowacyjny uchwyt na pojemniki ze sprayem i\u00a0z silikonem mo\u017cna \u0142atwo i\u00a0szybko zamontowa\u0107 w\u00a0dowolnie wybranym miejscu. Wystarczy zawiesi\u0107 go z\u00a0wykorzystaniem otwor\u00f3w w\u00a0regale i\u00a0przykr\u0119ci\u0107 czterema \u015brubami.<\/p>\n<p>Opr\u00f3cz trzech otwor\u00f3w AIRLINE, przeznaczonych do mocowania zaczep\u00f3w do wieszania narz\u0119dzi, rama nowego uchwytu na pojemniki ze sprayem i\u00a0z silikonem posiada dodatkowo w\u00a0standardzie wygodny elastyczny czarny pas z\u00a0podzia\u0142k\u0105, przydatny do mocowania d\u0142ugich i\u00a0lekkich przedmiot\u00f3w, takich np.: szczotki.<\/p>\n","protected":false},"excerpt":{"rendered":"<p>Uchwyt do pojazd\u00f3w dostawczych do pojemnik\u00f3w ze sprayem i pojemnik\u00f3w z silikonem Dopracowane w ka\u017cdym szczeg\u00f3le akcesoria do samochod\u00f3w dostawczych Store Van doskonale uzupe\u0142niaj\u0105 wyposa\u017cenie mobilnego warsztatu w pojazdach u\u017cytkowych..<\/p>\n","protected":false},"author":470,"featured_media":0,"parent":0,"menu_order":0,"comment_status":"closed","ping_status":"closed","template":"","meta":[],"acf":[],"yoast_head":"<!-- This site is optimized with the Yoast SEO plugin v20.11 - https:\/\/yoast.com\/wordpress\/plugins\/seo\/ -->\n<title>Uchwyt na zestaw silikon spraye<\/title>\n<meta name=\"description\" content=\"Uchwyt do pojazd\u00f3w dostawczych do pojemnik\u00f3w ze sprayem i pojemnik\u00f3w z silikonem: poprzez po\u0142\u0105czenie dw\u00f3ch produkt\u00f3w w jeden, do gamy akcesori\u00f3w Store Van zosta\u0142 w\u0142\u0105czony nowy uchwyt na pojemniki ze sprayem i z silikonem.\" \/>\n<meta name=\"robots\" content=\"index, follow, max-snippet:-1, max-image-preview:large, max-video-preview:-1\" \/>\n<link rel=\"canonical\" href=\"https:\/\/www.storevan.com\/pl\/uchwyt-na-zestaw-silikon-spraye\/\" \/>\n<meta property=\"og:locale\" content=\"pl_PL\" \/>\n<meta property=\"og:type\" content=\"article\" \/>\n<meta property=\"og:title\" content=\"Uchwyt na zestaw silikon spraye\" \/>\n<meta property=\"og:description\" content=\"Uchwyt do pojazd\u00f3w dostawczych do pojemnik\u00f3w ze sprayem i pojemnik\u00f3w z silikonem: poprzez po\u0142\u0105czenie dw\u00f3ch produkt\u00f3w w jeden, do gamy akcesori\u00f3w Store Van zosta\u0142 w\u0142\u0105czony nowy uchwyt na pojemniki ze sprayem i z silikonem.\" \/>\n<meta property=\"og:url\" content=\"https:\/\/www.storevan.com\/pl\/uchwyt-na-zestaw-silikon-spraye\/\" \/>\n<meta property=\"og:site_name\" content=\"Store Van\" \/>\n<meta property=\"article:modified_time\" content=\"2018-04-20T07:18:23+00:00\" \/>\n<meta property=\"og:image\" content=\"https:\/\/www.storevan.com\/wp-content\/uploads\/2017\/05\/supporto-siliconi-bombolette-1.jpg\" \/>\n<meta name=\"twitter:label1\" content=\"Szacowany czas czytania\" \/>\n\t<meta name=\"twitter:data1\" content=\"1 minuta\" \/>\n<script type=\"application\/ld+json\" class=\"yoast-schema-graph\">{\"@context\":\"https:\/\/schema.org\",\"@graph\":[{\"@type\":\"WebPage\",\"@id\":\"https:\/\/www.storevan.com\/pl\/uchwyt-na-zestaw-silikon-spraye\/\",\"url\":\"https:\/\/www.storevan.com\/pl\/uchwyt-na-zestaw-silikon-spraye\/\",\"name\":\"Uchwyt na zestaw silikon spraye\",\"isPartOf\":{\"@id\":\"https:\/\/www.storevan.com\/pl\/#website\"},\"datePublished\":\"2017-05-12T07:20:10+00:00\",\"dateModified\":\"2018-04-20T07:18:23+00:00\",\"description\":\"Uchwyt do pojazd\u00f3w dostawczych do pojemnik\u00f3w ze sprayem i pojemnik\u00f3w z silikonem: poprzez po\u0142\u0105czenie dw\u00f3ch produkt\u00f3w w jeden, do gamy akcesori\u00f3w Store Van zosta\u0142 w\u0142\u0105czony nowy uchwyt na pojemniki ze sprayem i z silikonem.\",\"breadcrumb\":{\"@id\":\"https:\/\/www.storevan.com\/pl\/uchwyt-na-zestaw-silikon-spraye\/#breadcrumb\"},\"inLanguage\":\"pl-PL\",\"potentialAction\":[{\"@type\":\"ReadAction\",\"target\":[\"https:\/\/www.storevan.com\/pl\/uchwyt-na-zestaw-silikon-spraye\/\"]}]},{\"@type\":\"BreadcrumbList\",\"@id\":\"https:\/\/www.storevan.com\/pl\/uchwyt-na-zestaw-silikon-spraye\/#breadcrumb\",\"itemListElement\":[{\"@type\":\"ListItem\",\"position\":1,\"name\":\"Home\",\"item\":\"https:\/\/www.storevan.com\/pl\/\"},{\"@type\":\"ListItem\",\"position\":2,\"name\":\"Uchwyt na zestaw silikon spraye\"}]},{\"@type\":\"WebSite\",\"@id\":\"https:\/\/www.storevan.com\/pl\/#website\",\"url\":\"https:\/\/www.storevan.com\/pl\/\",\"name\":\"Store Van\",\"description\":\"Zabudowy\",\"potentialAction\":[{\"@type\":\"SearchAction\",\"target\":{\"@type\":\"EntryPoint\",\"urlTemplate\":\"https:\/\/www.storevan.com\/pl\/?s={search_term_string}\"},\"query-input\":\"required name=search_term_string\"}],\"inLanguage\":\"pl-PL\"}]}<\/script>\n<!-- \/ Yoast SEO plugin. -->","yoast_head_json":{"title":"Uchwyt na zestaw silikon spraye","description":"Uchwyt do pojazd\u00f3w dostawczych do pojemnik\u00f3w ze sprayem i pojemnik\u00f3w z silikonem: poprzez po\u0142\u0105czenie dw\u00f3ch produkt\u00f3w w jeden, do gamy akcesori\u00f3w Store Van zosta\u0142 w\u0142\u0105czony nowy uchwyt na pojemniki ze sprayem i z silikonem.","robots":{"index":"index","follow":"follow","max-snippet":"max-snippet:-1","max-image-preview":"max-image-preview:large","max-video-preview":"max-video-preview:-1"},"canonical":"https:\/\/www.storevan.com\/pl\/uchwyt-na-zestaw-silikon-spraye\/","og_locale":"pl_PL","og_type":"article","og_title":"Uchwyt na zestaw silikon spraye","og_description":"Uchwyt do pojazd\u00f3w dostawczych do pojemnik\u00f3w ze sprayem i pojemnik\u00f3w z silikonem: poprzez po\u0142\u0105czenie dw\u00f3ch produkt\u00f3w w jeden, do gamy akcesori\u00f3w Store Van zosta\u0142 w\u0142\u0105czony nowy uchwyt na pojemniki ze sprayem i z silikonem.","og_url":"https:\/\/www.storevan.com\/pl\/uchwyt-na-zestaw-silikon-spraye\/","og_site_name":"Store Van","article_modified_time":"2018-04-20T07:18:23+00:00","og_image":[{"url":"https:\/\/www.storevan.com\/wp-content\/uploads\/2017\/05\/supporto-siliconi-bombolette-1.jpg"}],"twitter_misc":{"Szacowany czas czytania":"1 minuta"},"schema":{"@context":"https:\/\/schema.org","@graph":[{"@type":"WebPage","@id":"https:\/\/www.storevan.com\/pl\/uchwyt-na-zestaw-silikon-spraye\/","url":"https:\/\/www.storevan.com\/pl\/uchwyt-na-zestaw-silikon-spraye\/","name":"Uchwyt na zestaw silikon spraye","isPartOf":{"@id":"https:\/\/www.storevan.com\/pl\/#website"},"datePublished":"2017-05-12T07:20:10+00:00","dateModified":"2018-04-20T07:18:23+00:00","description":"Uchwyt do pojazd\u00f3w dostawczych do pojemnik\u00f3w ze sprayem i pojemnik\u00f3w z silikonem: poprzez po\u0142\u0105czenie dw\u00f3ch produkt\u00f3w w jeden, do gamy akcesori\u00f3w Store Van zosta\u0142 w\u0142\u0105czony nowy uchwyt na pojemniki ze sprayem i z silikonem.","breadcrumb":{"@id":"https:\/\/www.storevan.com\/pl\/uchwyt-na-zestaw-silikon-spraye\/#breadcrumb"},"inLanguage":"pl-PL","potentialAction":[{"@type":"ReadAction","target":["https:\/\/www.storevan.com\/pl\/uchwyt-na-zestaw-silikon-spraye\/"]}]},{"@type":"BreadcrumbList","@id":"https:\/\/www.storevan.com\/pl\/uchwyt-na-zestaw-silikon-spraye\/#breadcrumb","itemListElement":[{"@type":"ListItem","position":1,"name":"Home","item":"https:\/\/www.storevan.com\/pl\/"},{"@type":"ListItem","position":2,"name":"Uchwyt na zestaw silikon spraye"}]},{"@type":"WebSite","@id":"https:\/\/www.storevan.com\/pl\/#website","url":"https:\/\/www.storevan.com\/pl\/","name":"Store Van","description":"Zabudowy","potentialAction":[{"@type":"SearchAction","target":{"@type":"EntryPoint","urlTemplate":"https:\/\/www.storevan.com\/pl\/?s={search_term_string}"},"query-input":"required name=search_term_string"}],"inLanguage":"pl-PL"}]}},"_links":{"self":[{"href":"https:\/\/www.storevan.com\/pl\/wp-json\/wp\/v2\/pages\/63216"}],"collection":[{"href":"https:\/\/www.storevan.com\/pl\/wp-json\/wp\/v2\/pages"}],"about":[{"href":"https:\/\/www.storevan.com\/pl\/wp-json\/wp\/v2\/types\/page"}],"author":[{"embeddable":true,"href":"https:\/\/www.storevan.com\/pl\/wp-json\/wp\/v2\/users\/470"}],"replies":[{"embeddable":true,"href":"https:\/\/www.storevan.com\/pl\/wp-json\/wp\/v2\/comments?post=63216"}],"version-history":[{"count":0,"href":"https:\/\/www.storevan.com\/pl\/wp-json\/wp\/v2\/pages\/63216\/revisions"}],"wp:attachment":[{"href":"https:\/\/www.storevan.com\/pl\/wp-json\/wp\/v2\/media?parent=63216"}],"curies":[{"name":"wp","href":"https:\/\/api.w.org\/{rel}","templated":true}]}}