{"id":63204,"date":"2018-03-02T12:51:57","date_gmt":"2018-03-02T12:51:57","guid":{"rendered":"https:\/\/www.storevan.com\/?page_id=63204"},"modified":"2018-03-02T12:57:00","modified_gmt":"2018-03-02T12:57:00","slug":"uchwyt-na-weze","status":"publish","type":"page","link":"https:\/\/www.storevan.com\/pl\/uchwyt-na-weze\/","title":{"rendered":"Uchwyt na w\u0119\u017ce"},"content":{"rendered":"<h1 class=\"customblackTitleSmall\">Uchwyt do samochod\u00f3w dostawczych na kable<\/h1>\n<p>Aby uporz\u0105dkowa\u0107 chaos tworzony przez przed\u0142u\u017cacze oraz spl\u0105tane i rozrzucone w komorze \u0142adunkowej przewody, Store Van oferuje uchwyt do samochod\u00f3w dostawczych na kable. Praktyczny uchwyt na kable elastyczne zwi\u0119ksza komfort i jako\u015b\u0107 pracy w obr\u0119bie samochodu dostawczego.<\/p>\n<p>Ten element z gamy wyposa\u017cenia do warsztatu mobilnego, zaprojektowany do utrzymania porz\u0105dku i dost\u0119pno\u015bci przewod\u00f3w, przed\u0142u\u017caczy i sond o \u015brednich i du\u017cych rozmiarach, posiada praktyczn\u0105 struktur\u0105 ze stali. Dzi\u0119ki podw\u00f3jnemu cyklowi malowania, proszkowego i kataforetycznego, uchwyt cechuje si\u0119 wysok\u0105 odporno\u015bci\u0105 na uderzenia i korozj\u0119.<\/p>\n<div class=\"ts-gallery\">\n<div class=\"one_half\">\n<div id=\"attachment_55717\" style=\"width: 810px\" class=\"wp-caption aligncenter\"><a href=\"https:\/\/www.storevan.com\/wp-content\/uploads\/2017\/05\/kit-sella-reggicavi-furgoni-2.jpg\"><img aria-describedby=\"caption-attachment-55717\" decoding=\"async\" loading=\"lazy\" class=\"wp-image-55717 size-full\" title=\"Zestaw do samochod\u00f3w dostawczych z uchwytem na kable, z otworami AIRLINE na zaczepy do zawieszania narz\u0119dzi\" src=\"https:\/\/www.storevan.com\/wp-content\/uploads\/2017\/05\/kit-sella-reggicavi-furgoni-2.jpg\" alt=\"Uchwyt na w\u0119\u017ce\" width=\"800\" height=\"850\" srcset=\"https:\/\/www.storevan.com\/wp-content\/uploads\/2017\/05\/kit-sella-reggicavi-furgoni-2.jpg 800w, https:\/\/www.storevan.com\/wp-content\/uploads\/2017\/05\/kit-sella-reggicavi-furgoni-2-282x300.jpg 282w, https:\/\/www.storevan.com\/wp-content\/uploads\/2017\/05\/kit-sella-reggicavi-furgoni-2-768x816.jpg 768w, https:\/\/www.storevan.com\/wp-content\/uploads\/2017\/05\/kit-sella-reggicavi-furgoni-2-600x638.jpg 600w\" sizes=\"(max-width: 800px) 100vw, 800px\" \/><\/a><p id=\"caption-attachment-55717\" class=\"wp-caption-text\">Zestaw do samochod\u00f3w dostawczych z uchwytem na kable, z otworami AIRLINE na zaczepy do zawieszania narz\u0119dzi<\/p><\/div>\n<\/div><div class=\"one_half last\">\n<div id=\"attachment_55723\" style=\"width: 810px\" class=\"wp-caption aligncenter\"><a href=\"https:\/\/www.storevan.com\/wp-content\/uploads\/2017\/05\/kit-sella-reggicavi-furgoni-1.jpg\"><img aria-describedby=\"caption-attachment-55723\" decoding=\"async\" loading=\"lazy\" class=\"wp-image-55723 size-full\" title=\"Uchwyt na kable, do zawieszenia na rega\u0142ach samochod\u00f3w dostawczych\" src=\"https:\/\/www.storevan.com\/wp-content\/uploads\/2017\/05\/kit-sella-reggicavi-furgoni-1.jpg\" alt=\"Uchwyt na kable, do zawieszenia na rega\u0142ach samochod\u00f3w dostawczych\" width=\"800\" height=\"850\" srcset=\"https:\/\/www.storevan.com\/wp-content\/uploads\/2017\/05\/kit-sella-reggicavi-furgoni-1.jpg 800w, https:\/\/www.storevan.com\/wp-content\/uploads\/2017\/05\/kit-sella-reggicavi-furgoni-1-282x300.jpg 282w, https:\/\/www.storevan.com\/wp-content\/uploads\/2017\/05\/kit-sella-reggicavi-furgoni-1-768x816.jpg 768w, https:\/\/www.storevan.com\/wp-content\/uploads\/2017\/05\/kit-sella-reggicavi-furgoni-1-600x638.jpg 600w\" sizes=\"(max-width: 800px) 100vw, 800px\" \/><\/a><p id=\"caption-attachment-55723\" class=\"wp-caption-text\">Uchwyt na kable, do zawieszenia na rega\u0142ach samochod\u00f3w dostawczych<\/p><\/div>\n<\/div><div class=\"clearboth\"><\/div>\n<\/div>\n<p>Uchwyt na kable, opr\u00f3cz otwor\u00f3w AIRLINE, przeznaczonych do mocowania zaczep\u00f3w do wieszania narz\u0119dzi, posiada dodatkowo w standardzie wygodny elastyczny czarny pas z podzia\u0142k\u0105, przydatny do mocowania d\u0142ugich i lekkich przedmiot\u00f3w, takich np.: szczotki. Uchwyt na kable dost\u0119pny jest dla r\u00f3\u017cnych modu\u0142\u00f3w do samochod\u00f3w dostawczych Store Van. Mo\u017cna go \u0142atwo mocowa\u0107 do wyposa\u017cenia metalowego za pomoc\u0105 czterech \u015brub.<\/p>\n<h2>Zapraszamy do odwiedzenia strony, na kt\u00f3rej przedstawiona zosta\u0142a pe\u0142na gama akcesori\u00f3w do samochod\u00f3w dostawczych, oferowanych przez Store Van:<\/h2>\n<div class=\"txtGrey\"><a href=\"https:\/\/www.storevan.com\/prodotti\/allestimenti-accessori-per-furgoni\/\">AKCESORIA DO SAMOCHOD\u00d3W DOSTAWCZYCH<\/a><\/div>\n","protected":false},"excerpt":{"rendered":"<p>Uchwyt do samochod\u00f3w dostawczych na kable Aby uporz\u0105dkowa\u0107 chaos tworzony przez przed\u0142u\u017cacze oraz spl\u0105tane i rozrzucone w komorze \u0142adunkowej przewody, Store Van oferuje uchwyt do samochod\u00f3w dostawczych na kable. Praktyczny.<\/p>\n","protected":false},"author":470,"featured_media":0,"parent":0,"menu_order":0,"comment_status":"closed","ping_status":"closed","template":"","meta":[],"acf":[],"yoast_head":"<!-- This site is optimized with the Yoast SEO plugin v20.11 - https:\/\/yoast.com\/wordpress\/plugins\/seo\/ -->\n<title>Uchwyt na w\u0119\u017ce<\/title>\n<meta name=\"robots\" content=\"index, follow, max-snippet:-1, max-image-preview:large, max-video-preview:-1\" \/>\n<link rel=\"canonical\" href=\"https:\/\/www.storevan.com\/pl\/uchwyt-na-weze\/\" \/>\n<meta property=\"og:locale\" content=\"pl_PL\" \/>\n<meta property=\"og:type\" content=\"article\" \/>\n<meta property=\"og:title\" content=\"Uchwyt na w\u0119\u017ce\" \/>\n<meta property=\"og:description\" content=\"Uchwyt do samochod\u00f3w dostawczych na kable Aby uporz\u0105dkowa\u0107 chaos tworzony przez przed\u0142u\u017cacze oraz spl\u0105tane i rozrzucone w komorze \u0142adunkowej przewody, Store Van oferuje uchwyt do samochod\u00f3w dostawczych na kable. Praktyczny.\" \/>\n<meta property=\"og:url\" content=\"https:\/\/www.storevan.com\/pl\/uchwyt-na-weze\/\" \/>\n<meta property=\"og:site_name\" content=\"Store Van\" \/>\n<meta property=\"article:modified_time\" content=\"2018-03-02T12:57:00+00:00\" \/>\n<meta property=\"og:image\" content=\"https:\/\/www.storevan.com\/wp-content\/uploads\/2017\/05\/kit-sella-reggicavi-furgoni-2.jpg\" \/>\n<meta name=\"twitter:label1\" content=\"Szacowany czas czytania\" \/>\n\t<meta name=\"twitter:data1\" content=\"1 minuta\" \/>\n<script type=\"application\/ld+json\" class=\"yoast-schema-graph\">{\"@context\":\"https:\/\/schema.org\",\"@graph\":[{\"@type\":\"WebPage\",\"@id\":\"https:\/\/www.storevan.com\/pl\/uchwyt-na-weze\/\",\"url\":\"https:\/\/www.storevan.com\/pl\/uchwyt-na-weze\/\",\"name\":\"Uchwyt na w\u0119\u017ce\",\"isPartOf\":{\"@id\":\"https:\/\/www.storevan.com\/pl\/#website\"},\"datePublished\":\"2018-03-02T12:51:57+00:00\",\"dateModified\":\"2018-03-02T12:57:00+00:00\",\"breadcrumb\":{\"@id\":\"https:\/\/www.storevan.com\/pl\/uchwyt-na-weze\/#breadcrumb\"},\"inLanguage\":\"pl-PL\",\"potentialAction\":[{\"@type\":\"ReadAction\",\"target\":[\"https:\/\/www.storevan.com\/pl\/uchwyt-na-weze\/\"]}]},{\"@type\":\"BreadcrumbList\",\"@id\":\"https:\/\/www.storevan.com\/pl\/uchwyt-na-weze\/#breadcrumb\",\"itemListElement\":[{\"@type\":\"ListItem\",\"position\":1,\"name\":\"Home\",\"item\":\"https:\/\/www.storevan.com\/pl\/\"},{\"@type\":\"ListItem\",\"position\":2,\"name\":\"Uchwyt na w\u0119\u017ce\"}]},{\"@type\":\"WebSite\",\"@id\":\"https:\/\/www.storevan.com\/pl\/#website\",\"url\":\"https:\/\/www.storevan.com\/pl\/\",\"name\":\"Store Van\",\"description\":\"Zabudowy\",\"potentialAction\":[{\"@type\":\"SearchAction\",\"target\":{\"@type\":\"EntryPoint\",\"urlTemplate\":\"https:\/\/www.storevan.com\/pl\/?s={search_term_string}\"},\"query-input\":\"required name=search_term_string\"}],\"inLanguage\":\"pl-PL\"}]}<\/script>\n<!-- \/ Yoast SEO plugin. -->","yoast_head_json":{"title":"Uchwyt na w\u0119\u017ce","robots":{"index":"index","follow":"follow","max-snippet":"max-snippet:-1","max-image-preview":"max-image-preview:large","max-video-preview":"max-video-preview:-1"},"canonical":"https:\/\/www.storevan.com\/pl\/uchwyt-na-weze\/","og_locale":"pl_PL","og_type":"article","og_title":"Uchwyt na w\u0119\u017ce","og_description":"Uchwyt do samochod\u00f3w dostawczych na kable Aby uporz\u0105dkowa\u0107 chaos tworzony przez przed\u0142u\u017cacze oraz spl\u0105tane i rozrzucone w komorze \u0142adunkowej przewody, Store Van oferuje uchwyt do samochod\u00f3w dostawczych na kable. Praktyczny.","og_url":"https:\/\/www.storevan.com\/pl\/uchwyt-na-weze\/","og_site_name":"Store Van","article_modified_time":"2018-03-02T12:57:00+00:00","og_image":[{"url":"https:\/\/www.storevan.com\/wp-content\/uploads\/2017\/05\/kit-sella-reggicavi-furgoni-2.jpg"}],"twitter_misc":{"Szacowany czas czytania":"1 minuta"},"schema":{"@context":"https:\/\/schema.org","@graph":[{"@type":"WebPage","@id":"https:\/\/www.storevan.com\/pl\/uchwyt-na-weze\/","url":"https:\/\/www.storevan.com\/pl\/uchwyt-na-weze\/","name":"Uchwyt na w\u0119\u017ce","isPartOf":{"@id":"https:\/\/www.storevan.com\/pl\/#website"},"datePublished":"2018-03-02T12:51:57+00:00","dateModified":"2018-03-02T12:57:00+00:00","breadcrumb":{"@id":"https:\/\/www.storevan.com\/pl\/uchwyt-na-weze\/#breadcrumb"},"inLanguage":"pl-PL","potentialAction":[{"@type":"ReadAction","target":["https:\/\/www.storevan.com\/pl\/uchwyt-na-weze\/"]}]},{"@type":"BreadcrumbList","@id":"https:\/\/www.storevan.com\/pl\/uchwyt-na-weze\/#breadcrumb","itemListElement":[{"@type":"ListItem","position":1,"name":"Home","item":"https:\/\/www.storevan.com\/pl\/"},{"@type":"ListItem","position":2,"name":"Uchwyt na w\u0119\u017ce"}]},{"@type":"WebSite","@id":"https:\/\/www.storevan.com\/pl\/#website","url":"https:\/\/www.storevan.com\/pl\/","name":"Store Van","description":"Zabudowy","potentialAction":[{"@type":"SearchAction","target":{"@type":"EntryPoint","urlTemplate":"https:\/\/www.storevan.com\/pl\/?s={search_term_string}"},"query-input":"required name=search_term_string"}],"inLanguage":"pl-PL"}]}},"_links":{"self":[{"href":"https:\/\/www.storevan.com\/pl\/wp-json\/wp\/v2\/pages\/63204"}],"collection":[{"href":"https:\/\/www.storevan.com\/pl\/wp-json\/wp\/v2\/pages"}],"about":[{"href":"https:\/\/www.storevan.com\/pl\/wp-json\/wp\/v2\/types\/page"}],"author":[{"embeddable":true,"href":"https:\/\/www.storevan.com\/pl\/wp-json\/wp\/v2\/users\/470"}],"replies":[{"embeddable":true,"href":"https:\/\/www.storevan.com\/pl\/wp-json\/wp\/v2\/comments?post=63204"}],"version-history":[{"count":0,"href":"https:\/\/www.storevan.com\/pl\/wp-json\/wp\/v2\/pages\/63204\/revisions"}],"wp:attachment":[{"href":"https:\/\/www.storevan.com\/pl\/wp-json\/wp\/v2\/media?parent=63204"}],"curies":[{"name":"wp","href":"https:\/\/api.w.org\/{rel}","templated":true}]}}