{"id":63193,"date":"2017-05-12T07:20:07","date_gmt":"2017-05-12T07:20:07","guid":{"rendered":"https:\/\/www.storevan.com\/porta-siliconi-furgoni\/"},"modified":"2018-06-06T15:05:50","modified_gmt":"2018-06-06T15:05:50","slug":"uchwyt-na-zestaw-silikonowy","status":"publish","type":"page","link":"https:\/\/www.storevan.com\/pl\/uchwyt-na-zestaw-silikonowy\/","title":{"rendered":"Uchwyt na zestaw silikonowy"},"content":{"rendered":"<h1 class=\"customblackTitleSmall\">Uchwyt pomocniczy do pojazd\u00f3w dostawczych do pojemnik\u00f3w z silikonem<\/h1>\n<p>Gama wyposa\u017cenia Store Van, \u0142\u0105cz\u0105c jako\u015b\u0107 i\u00a0funkcjonalno\u015b\u0107, spe\u0142nia r\u00f3\u017cnorodne zawodowe wymagania, r\u00f3wnie\u017c poprzez opracowywanie nowych produkt\u00f3w oraz ulepszanie produkt\u00f3w oferowanych ju\u017c w\u00a0katalogu. W\u015br\u00f3d system\u00f3w mocowania towar\u00f3w w\u00a0warsztacie mobilnym, Store Van oferuje nowy\u00a0<strong>uchwyt do pojemnik\u00f3w z\u00a0silikonem.<\/strong>\u00a0Jest to optymalne rozwi\u0105zanie do przewozu pojemnik\u00f3w z\u00a0silikonem w\u00a0pojazdach u\u017cytkowych.<\/p>\n<div class=\"ts-gallery\">\n<div class=\"one_half\">\n<div id=\"attachment_55675\" style=\"width: 810px\" class=\"wp-caption aligncenter\"><a href=\"https:\/\/www.storevan.com\/wp-content\/uploads\/2017\/05\/porta-siliconi-scaffale-furgoni-1.jpg\"><img aria-describedby=\"caption-attachment-55675\" decoding=\"async\" loading=\"lazy\" class=\"wp-image-55675 size-full\" src=\"https:\/\/www.storevan.com\/wp-content\/uploads\/2017\/05\/porta-siliconi-scaffale-furgoni-1.jpg\" alt=\"Uchwyt na zestaw silikonowy\" width=\"800\" height=\"544\" srcset=\"https:\/\/www.storevan.com\/wp-content\/uploads\/2017\/05\/porta-siliconi-scaffale-furgoni-1.jpg 800w, https:\/\/www.storevan.com\/wp-content\/uploads\/2017\/05\/porta-siliconi-scaffale-furgoni-1-300x204.jpg 300w, https:\/\/www.storevan.com\/wp-content\/uploads\/2017\/05\/porta-siliconi-scaffale-furgoni-1-768x522.jpg 768w, https:\/\/www.storevan.com\/wp-content\/uploads\/2017\/05\/porta-siliconi-scaffale-furgoni-1-600x408.jpg 600w\" sizes=\"(max-width: 800px) 100vw, 800px\" \/><\/a><p id=\"caption-attachment-55675\" class=\"wp-caption-text\">Uchwyt pomocniczy do pojemnik\u00f3w z silikonem, z otworami AIRLINE na zaczepy do zawieszania narz\u0119dzi<\/p><\/div>\n<\/div><div class=\"one_half last\">\n<div id=\"attachment_55681\" style=\"width: 810px\" class=\"wp-caption aligncenter\"><a href=\"https:\/\/www.storevan.com\/wp-content\/uploads\/2017\/05\/porta-siliconi-scaffale-furgoni-2.jpg\"><img aria-describedby=\"caption-attachment-55681\" decoding=\"async\" loading=\"lazy\" class=\"wp-image-55681 size-full\" title=\"Uchwyt na zestaw silikonowy\" src=\"https:\/\/www.storevan.com\/wp-content\/uploads\/2017\/05\/porta-siliconi-scaffale-furgoni-2.jpg\" alt=\"Uchwyt na zestaw silikonowy\" width=\"800\" height=\"544\" srcset=\"https:\/\/www.storevan.com\/wp-content\/uploads\/2017\/05\/porta-siliconi-scaffale-furgoni-2.jpg 800w, https:\/\/www.storevan.com\/wp-content\/uploads\/2017\/05\/porta-siliconi-scaffale-furgoni-2-300x204.jpg 300w, https:\/\/www.storevan.com\/wp-content\/uploads\/2017\/05\/porta-siliconi-scaffale-furgoni-2-768x522.jpg 768w, https:\/\/www.storevan.com\/wp-content\/uploads\/2017\/05\/porta-siliconi-scaffale-furgoni-2-600x408.jpg 600w\" sizes=\"(max-width: 800px) 100vw, 800px\" \/><\/a><p id=\"caption-attachment-55681\" class=\"wp-caption-text\">Uchwyt pomocniczy do pojemnik\u00f3w z silikonem, mieszcz\u0105cy do dziesi\u0119ciu pojemnik\u00f3w<\/p><\/div>\n<\/div><div class=\"clearboth\"><\/div>\n<\/div>\n<p>Nowy <em>uchwyt do pojemnik\u00f3w z\u00a0silikonem do pojazd\u00f3w dostawczych<\/em>\u00a0w nowej ods\u0142onie pozwala na przechowywanie do dziesi\u0119ciu pojemnik\u00f3w. rozmieszczonych w\u00a0dw\u00f3ch rz\u0119dach. Rama uchwytu wykonana jest ze stali ocynkowanej i\u00a0malowanej kataforektycznie, co zapewnia wysok\u0105 odporno\u015b\u0107 na korozj\u0119.<\/p>\n<p style=\"text-align: justify;\">Do nowego uchwytu pomocniczego do pojazd\u00f3w u\u017cytkowych mo\u017cna umocowa\u0107 zaczepy do zawieszania narz\u0119dzi, z\u00a0wykorzystaniem otwor\u00f3w AIRLINE w\u00a0ramie. Uchwyt posiada ponadto w\u00a0standardzie wygodny elastyczny czarny pas z\u00a0podzia\u0142k\u0105, przydatny do mocowania d\u0142ugich i\u00a0lekkich przedmiot\u00f3w, takich jak paliki lub szczotki.<\/p>\n<p style=\"text-align: justify;\"><div class=\"demo-sep\" style=\"margin-top: 30px;\"><\/div>\n<h2>Zapraszamy do odwiedzenia strony, na kt\u00f3rej przedstawiona zosta\u0142a pe\u0142na gama akcesori\u00f3w do samochod\u00f3w dostawczych, oferowanych przez Store Van:<\/h2>\n<div class=\"txtGrey\"><a href=\"https:\/\/www.storevan.com\/pl\/produkty\/zabudowy-samochodowe-akcesoria\/\" rel=\"prev\">AKCESORIA DO SAMOCHOD\u00d3W DOSTAWCZYCH<\/a><\/div>\n","protected":false},"excerpt":{"rendered":"<p>Uchwyt pomocniczy do pojazd\u00f3w dostawczych do pojemnik\u00f3w z silikonem Gama wyposa\u017cenia Store Van, \u0142\u0105cz\u0105c jako\u015b\u0107 i\u00a0funkcjonalno\u015b\u0107, spe\u0142nia r\u00f3\u017cnorodne zawodowe wymagania, r\u00f3wnie\u017c poprzez opracowywanie nowych produkt\u00f3w oraz ulepszanie produkt\u00f3w oferowanych ju\u017c.<\/p>\n","protected":false},"author":470,"featured_media":0,"parent":0,"menu_order":0,"comment_status":"closed","ping_status":"closed","template":"","meta":[],"acf":[],"yoast_head":"<!-- This site is optimized with the Yoast SEO plugin v20.11 - https:\/\/yoast.com\/wordpress\/plugins\/seo\/ -->\n<title>Uchwyt na zestaw silikonowy<\/title>\n<meta name=\"description\" content=\"Uchwyt pomocniczy do pojemnik\u00f3w z silikonem, z otworami AIRLINE na zaczepy do zawieszania narz\u0119dzi.\" \/>\n<meta name=\"robots\" content=\"index, follow, max-snippet:-1, max-image-preview:large, max-video-preview:-1\" \/>\n<link rel=\"canonical\" href=\"https:\/\/www.storevan.com\/pl\/uchwyt-na-zestaw-silikonowy\/\" \/>\n<meta property=\"og:locale\" content=\"pl_PL\" \/>\n<meta property=\"og:type\" content=\"article\" \/>\n<meta property=\"og:title\" content=\"Uchwyt na zestaw silikonowy\" \/>\n<meta property=\"og:description\" content=\"Uchwyt pomocniczy do pojemnik\u00f3w z silikonem, z otworami AIRLINE na zaczepy do zawieszania narz\u0119dzi.\" \/>\n<meta property=\"og:url\" content=\"https:\/\/www.storevan.com\/pl\/uchwyt-na-zestaw-silikonowy\/\" \/>\n<meta property=\"og:site_name\" content=\"Store Van\" \/>\n<meta property=\"article:modified_time\" content=\"2018-06-06T15:05:50+00:00\" \/>\n<meta property=\"og:image\" content=\"https:\/\/www.storevan.com\/wp-content\/uploads\/2017\/05\/porta-siliconi-scaffale-furgoni-1.jpg\" \/>\n<meta name=\"twitter:label1\" content=\"Szacowany czas czytania\" \/>\n\t<meta name=\"twitter:data1\" content=\"1 minuta\" \/>\n<script type=\"application\/ld+json\" class=\"yoast-schema-graph\">{\"@context\":\"https:\/\/schema.org\",\"@graph\":[{\"@type\":\"WebPage\",\"@id\":\"https:\/\/www.storevan.com\/pl\/uchwyt-na-zestaw-silikonowy\/\",\"url\":\"https:\/\/www.storevan.com\/pl\/uchwyt-na-zestaw-silikonowy\/\",\"name\":\"Uchwyt na zestaw silikonowy\",\"isPartOf\":{\"@id\":\"https:\/\/www.storevan.com\/pl\/#website\"},\"datePublished\":\"2017-05-12T07:20:07+00:00\",\"dateModified\":\"2018-06-06T15:05:50+00:00\",\"description\":\"Uchwyt pomocniczy do pojemnik\u00f3w z silikonem, z otworami AIRLINE na zaczepy do zawieszania narz\u0119dzi.\",\"breadcrumb\":{\"@id\":\"https:\/\/www.storevan.com\/pl\/uchwyt-na-zestaw-silikonowy\/#breadcrumb\"},\"inLanguage\":\"pl-PL\",\"potentialAction\":[{\"@type\":\"ReadAction\",\"target\":[\"https:\/\/www.storevan.com\/pl\/uchwyt-na-zestaw-silikonowy\/\"]}]},{\"@type\":\"BreadcrumbList\",\"@id\":\"https:\/\/www.storevan.com\/pl\/uchwyt-na-zestaw-silikonowy\/#breadcrumb\",\"itemListElement\":[{\"@type\":\"ListItem\",\"position\":1,\"name\":\"Home\",\"item\":\"https:\/\/www.storevan.com\/pl\/\"},{\"@type\":\"ListItem\",\"position\":2,\"name\":\"Uchwyt na zestaw silikonowy\"}]},{\"@type\":\"WebSite\",\"@id\":\"https:\/\/www.storevan.com\/pl\/#website\",\"url\":\"https:\/\/www.storevan.com\/pl\/\",\"name\":\"Store Van\",\"description\":\"Zabudowy\",\"potentialAction\":[{\"@type\":\"SearchAction\",\"target\":{\"@type\":\"EntryPoint\",\"urlTemplate\":\"https:\/\/www.storevan.com\/pl\/?s={search_term_string}\"},\"query-input\":\"required name=search_term_string\"}],\"inLanguage\":\"pl-PL\"}]}<\/script>\n<!-- \/ Yoast SEO plugin. -->","yoast_head_json":{"title":"Uchwyt na zestaw silikonowy","description":"Uchwyt pomocniczy do pojemnik\u00f3w z silikonem, z otworami AIRLINE na zaczepy do zawieszania narz\u0119dzi.","robots":{"index":"index","follow":"follow","max-snippet":"max-snippet:-1","max-image-preview":"max-image-preview:large","max-video-preview":"max-video-preview:-1"},"canonical":"https:\/\/www.storevan.com\/pl\/uchwyt-na-zestaw-silikonowy\/","og_locale":"pl_PL","og_type":"article","og_title":"Uchwyt na zestaw silikonowy","og_description":"Uchwyt pomocniczy do pojemnik\u00f3w z silikonem, z otworami AIRLINE na zaczepy do zawieszania narz\u0119dzi.","og_url":"https:\/\/www.storevan.com\/pl\/uchwyt-na-zestaw-silikonowy\/","og_site_name":"Store Van","article_modified_time":"2018-06-06T15:05:50+00:00","og_image":[{"url":"https:\/\/www.storevan.com\/wp-content\/uploads\/2017\/05\/porta-siliconi-scaffale-furgoni-1.jpg"}],"twitter_misc":{"Szacowany czas czytania":"1 minuta"},"schema":{"@context":"https:\/\/schema.org","@graph":[{"@type":"WebPage","@id":"https:\/\/www.storevan.com\/pl\/uchwyt-na-zestaw-silikonowy\/","url":"https:\/\/www.storevan.com\/pl\/uchwyt-na-zestaw-silikonowy\/","name":"Uchwyt na zestaw silikonowy","isPartOf":{"@id":"https:\/\/www.storevan.com\/pl\/#website"},"datePublished":"2017-05-12T07:20:07+00:00","dateModified":"2018-06-06T15:05:50+00:00","description":"Uchwyt pomocniczy do pojemnik\u00f3w z silikonem, z otworami AIRLINE na zaczepy do zawieszania narz\u0119dzi.","breadcrumb":{"@id":"https:\/\/www.storevan.com\/pl\/uchwyt-na-zestaw-silikonowy\/#breadcrumb"},"inLanguage":"pl-PL","potentialAction":[{"@type":"ReadAction","target":["https:\/\/www.storevan.com\/pl\/uchwyt-na-zestaw-silikonowy\/"]}]},{"@type":"BreadcrumbList","@id":"https:\/\/www.storevan.com\/pl\/uchwyt-na-zestaw-silikonowy\/#breadcrumb","itemListElement":[{"@type":"ListItem","position":1,"name":"Home","item":"https:\/\/www.storevan.com\/pl\/"},{"@type":"ListItem","position":2,"name":"Uchwyt na zestaw silikonowy"}]},{"@type":"WebSite","@id":"https:\/\/www.storevan.com\/pl\/#website","url":"https:\/\/www.storevan.com\/pl\/","name":"Store Van","description":"Zabudowy","potentialAction":[{"@type":"SearchAction","target":{"@type":"EntryPoint","urlTemplate":"https:\/\/www.storevan.com\/pl\/?s={search_term_string}"},"query-input":"required name=search_term_string"}],"inLanguage":"pl-PL"}]}},"_links":{"self":[{"href":"https:\/\/www.storevan.com\/pl\/wp-json\/wp\/v2\/pages\/63193"}],"collection":[{"href":"https:\/\/www.storevan.com\/pl\/wp-json\/wp\/v2\/pages"}],"about":[{"href":"https:\/\/www.storevan.com\/pl\/wp-json\/wp\/v2\/types\/page"}],"author":[{"embeddable":true,"href":"https:\/\/www.storevan.com\/pl\/wp-json\/wp\/v2\/users\/470"}],"replies":[{"embeddable":true,"href":"https:\/\/www.storevan.com\/pl\/wp-json\/wp\/v2\/comments?post=63193"}],"version-history":[{"count":0,"href":"https:\/\/www.storevan.com\/pl\/wp-json\/wp\/v2\/pages\/63193\/revisions"}],"wp:attachment":[{"href":"https:\/\/www.storevan.com\/pl\/wp-json\/wp\/v2\/media?parent=63193"}],"curies":[{"name":"wp","href":"https:\/\/api.w.org\/{rel}","templated":true}]}}