{"id":56537,"date":"2017-02-16T13:19:59","date_gmt":"2017-02-16T13:19:59","guid":{"rendered":"https:\/\/www.storevan.com\/allestimento-furgoni-gallery\/"},"modified":"2019-06-21T07:12:30","modified_gmt":"2019-06-21T07:12:30","slug":"zabudowy-samochodow-serwisowych-gallery","status":"publish","type":"page","link":"https:\/\/www.storevan.com\/pl\/zabudowy-samochodow-serwisowych-gallery\/","title":{"rendered":"Zabudowy samochod\u00f3w serwisowych Gallery"},"content":{"rendered":"<h1 class=\"customblackTitleSmall\">Zabudowy samochod\u00f3w serwisowych Gallery<\/h1>\n<div class=\"three_fourth\">\n<p class=\"txtBlack bigTxt\"><strong>VIDEO 360 \u00b0!<\/strong><\/p>\n<div class=\"intrinsic-container intrinsic-container-4x3\" style=\"margin-bottom: 20px;\"><iframe loading=\"lazy\" src=\"https:\/\/www.youtube.com\/embed\/JCPxrubDzmw\" width=\"640\" height=\"360\" frameborder=\"0\" allowfullscreen=\"allowfullscreen\"><br \/>\n<\/iframe><\/div>\n<div class=\"txtGrey\">\n<h3>PHOTO GALLERY<\/h3>\n<p>Wybierz interesuj\u0105c\u0105 Ci\u0119 mark\u0119 sprz\u0119tu van<\/p>\n<section class=\"clearfix\">\n<ul id=\"filters\" class=\"option-set clearfix unstyled\" data-option-key=\"filter\">\n<li><a href=\"https:\/\/www.storevan.com\/pl\/zabudowy-samochodow-serwisowych-gallery\/citroen\/\" rel=\"next\">Citro\u00ebn<\/a><\/li>\n<li><a href=\"https:\/\/www.storevan.com\/pl\/zabudowy-samochodow-serwisowych-gallery\/dacia\/\" rel=\"next\">Dacia<\/a><\/li>\n<li><a href=\"https:\/\/www.storevan.com\/pl\/zabudowy-samochodow-serwisowych-gallery\/fiat\/\" rel=\"next\">Fiat<\/a><\/li>\n<li><a href=\"https:\/\/www.storevan.com\/pl\/zabudowy-samochodow-serwisowych-gallery\/ford\/\" rel=\"next\">Ford<\/a><\/li>\n<li><a href=\"https:\/\/www.storevan.com\/pl\/zabudowy-samochodow-serwisowych-gallery\/hyundai\/\" rel=\"next\">Hyundai<\/a><\/li>\n<li><a href=\"https:\/\/www.storevan.com\/pl\/zabudowy-samochodow-serwisowych-gallery\/iveco\/\" rel=\"next\">Iveco<\/a><\/li>\n<li><a href=\"https:\/\/www.storevan.com\/pl\/zabudowy-samochodow-serwisowych-gallery\/mercedes-benz\/\" rel=\"next\">Mercedes-benz<\/a><\/li>\n<li><a href=\"https:\/\/www.storevan.com\/pl\/zabudowy-samochodow-serwisowych-gallery\/nissan\/\" rel=\"next\">Nissan<\/a><\/li>\n<li><a href=\"https:\/\/www.storevan.com\/pl\/zabudowy-samochodow-serwisowych-gallery\/opel\/\" rel=\"next\">Opel<\/a><\/li>\n<li><a href=\"https:\/\/www.storevan.com\/pl\/zabudowy-samochodow-serwisowych-gallery\/peugeot\/\" rel=\"next\">Peugeot<\/a><\/li>\n<li><a href=\"https:\/\/www.storevan.com\/pl\/zabudowy-samochodow-serwisowych-gallery\/renault\/\" rel=\"next\">Renault<\/a><\/li>\n<li><a href=\"https:\/\/www.storevan.com\/pl\/zabudowy-samochodow-serwisowych-gallery\/toyota\/\" rel=\"next\">Toyota<\/a><\/li>\n<li><a href=\"https:\/\/www.storevan.com\/pl\/zabudowy-samochodow-serwisowych-gallery\/volkswagen\/\" rel=\"next\">Volkswagen<\/a><\/li>\n<\/ul>\n<\/section>\n<\/div>\n<\/div><div class=\"one_fourth last\">\n<p>W od\u015bwie\u017conej gamie<strong> <a href=\"https:\/\/www.storevan.com\/pl\/produkty\/regaly-szafki-zabudowy\/\">produkt\u00f3w<\/a> Store Van<\/strong> sprytnie po\u0142\u0105czono odporno\u015b\u0107 na korozj\u0119 oraz zmniejszono wag\u0119 zabudowy, zwi\u0119kszaj\u0105c tym samym \u0142adowno\u015b\u0107 pojazdu.<\/p>\n<ul class=\"arrow\">\n<li>Modu\u0142owa konstrukcja, wykonana ze stali cynkowanej, lakierowana zanurzeniowo<\/li>\n<li>Elementy d\u017awi\u0119koch\u0142onne pomi\u0119dzy elementami metalowymi<\/li>\n<li>Innowacyjny, aluminiowy system mocowania modu\u0142\u00f3w do karoserii samochodu<\/li>\n<li>Ergonomiczne plastikowe uchwyty z mo\u017cliwo\u015bci\u0105 zamocowania zamka na klucz (na \u017cyczenie)<\/li>\n<li>P\u0142ynnie i delikatnie pracuj\u0105ce szuflady, z blokad\u0105 samoczynnego otwierania i zamykania (D5)<\/li>\n<li>Mo\u017cliwo\u015b\u0107 regulacji wysoko\u015bci wewn\u0119trznych element\u00f3w zabudowy co 25 mm<\/li>\n<li>Elementy skonstruowane w systemie rurowym, kt\u00f3ry zapewnia du\u017c\u0105 wytrzyma\u0142o\u015b\u0107 i no\u015bno\u015b\u0107<\/li>\n<\/ul>\n<\/div><div class=\"clearboth\"><\/div>\n<h5 class=\"bigTxt txtGrey\">W tym celu wykorzystano nowo zaprojektowane, funkcjonalne <a href=\"https:\/\/www.storevan.com\/pl\/produkty\/pojemniki-samochodow-dostawczych\/\">plastikowe pojemniki<\/a><\/h5>\n<hr class=\"noColor\">\n<div class=\"ts-gallery\">\n<div class=\"one_fourth\">\n<p><a href=\"https:\/\/www.storevan.com\/wp-content\/uploads\/2017\/02\/Allestimenti-furgoni-Citroen-Jumper-4-StoreVan.jpg\"><img decoding=\"async\" loading=\"lazy\" class=\"size-thumbnail wp-image-51204\" src=\"https:\/\/www.storevan.com\/wp-content\/uploads\/2017\/02\/Allestimenti-furgoni-Citroen-Jumper-4-StoreVan-150x150.jpg\" alt=\"Zabudowy samochod\u00f3w serwisowych Citro\u00ebn Jumper\" width=\"150\" height=\"150\" srcset=\"https:\/\/www.storevan.com\/wp-content\/uploads\/2017\/02\/Allestimenti-furgoni-Citroen-Jumper-4-StoreVan-150x150.jpg 150w, https:\/\/www.storevan.com\/wp-content\/uploads\/2017\/02\/Allestimenti-furgoni-Citroen-Jumper-4-StoreVan-300x300.jpg 300w, https:\/\/www.storevan.com\/wp-content\/uploads\/2017\/02\/Allestimenti-furgoni-Citroen-Jumper-4-StoreVan-768x768.jpg 768w, https:\/\/www.storevan.com\/wp-content\/uploads\/2017\/02\/Allestimenti-furgoni-Citroen-Jumper-4-StoreVan-600x600.jpg 600w, https:\/\/www.storevan.com\/wp-content\/uploads\/2017\/02\/Allestimenti-furgoni-Citroen-Jumper-4-StoreVan-48x48.jpg 48w, https:\/\/www.storevan.com\/wp-content\/uploads\/2017\/02\/Allestimenti-furgoni-Citroen-Jumper-4-StoreVan-480x480.jpg 480w, https:\/\/www.storevan.com\/wp-content\/uploads\/2017\/02\/Allestimenti-furgoni-Citroen-Jumper-4-StoreVan.jpg 800w\" sizes=\"(max-width: 150px) 100vw, 150px\" \/><\/a><\/p>\n<\/div><div class=\"one_fourth\">\n<p><a href=\"https:\/\/www.storevan.com\/wp-content\/uploads\/2017\/02\/Allestimenti-furgoni-Fiat-Ducato-2-StoreVan.jpg\"><img decoding=\"async\" loading=\"lazy\" class=\"size-thumbnail wp-image-51292\" src=\"https:\/\/www.storevan.com\/wp-content\/uploads\/2017\/02\/Allestimenti-furgoni-Fiat-Ducato-2-StoreVan-150x150.jpg\" alt=\"Zabudowy samochod\u00f3w serwisowych Fiat Ducato\" width=\"150\" height=\"150\" srcset=\"https:\/\/www.storevan.com\/wp-content\/uploads\/2017\/02\/Allestimenti-furgoni-Fiat-Ducato-2-StoreVan-150x150.jpg 150w, https:\/\/www.storevan.com\/wp-content\/uploads\/2017\/02\/Allestimenti-furgoni-Fiat-Ducato-2-StoreVan-300x300.jpg 300w, https:\/\/www.storevan.com\/wp-content\/uploads\/2017\/02\/Allestimenti-furgoni-Fiat-Ducato-2-StoreVan-768x768.jpg 768w, https:\/\/www.storevan.com\/wp-content\/uploads\/2017\/02\/Allestimenti-furgoni-Fiat-Ducato-2-StoreVan-600x600.jpg 600w, https:\/\/www.storevan.com\/wp-content\/uploads\/2017\/02\/Allestimenti-furgoni-Fiat-Ducato-2-StoreVan-48x48.jpg 48w, https:\/\/www.storevan.com\/wp-content\/uploads\/2017\/02\/Allestimenti-furgoni-Fiat-Ducato-2-StoreVan-480x480.jpg 480w, https:\/\/www.storevan.com\/wp-content\/uploads\/2017\/02\/Allestimenti-furgoni-Fiat-Ducato-2-StoreVan.jpg 800w\" sizes=\"(max-width: 150px) 100vw, 150px\" \/><\/a><\/p>\n<\/div><div class=\"one_fourth\">\n<p><a href=\"https:\/\/www.storevan.com\/wp-content\/uploads\/2017\/02\/Allestimenti-furgoni-Fiat-Ducato-1-StoreVan.jpg\"><img decoding=\"async\" loading=\"lazy\" class=\"size-thumbnail wp-image-51286\" src=\"https:\/\/www.storevan.com\/wp-content\/uploads\/2017\/02\/Allestimenti-furgoni-Fiat-Ducato-1-StoreVan-150x150.jpg\" alt=\"Zabudowy samochod\u00f3w serwisowych Fiat Ducato\" width=\"150\" height=\"150\" srcset=\"https:\/\/www.storevan.com\/wp-content\/uploads\/2017\/02\/Allestimenti-furgoni-Fiat-Ducato-1-StoreVan-150x150.jpg 150w, https:\/\/www.storevan.com\/wp-content\/uploads\/2017\/02\/Allestimenti-furgoni-Fiat-Ducato-1-StoreVan-300x300.jpg 300w, https:\/\/www.storevan.com\/wp-content\/uploads\/2017\/02\/Allestimenti-furgoni-Fiat-Ducato-1-StoreVan-768x768.jpg 768w, https:\/\/www.storevan.com\/wp-content\/uploads\/2017\/02\/Allestimenti-furgoni-Fiat-Ducato-1-StoreVan-600x600.jpg 600w, https:\/\/www.storevan.com\/wp-content\/uploads\/2017\/02\/Allestimenti-furgoni-Fiat-Ducato-1-StoreVan-48x48.jpg 48w, https:\/\/www.storevan.com\/wp-content\/uploads\/2017\/02\/Allestimenti-furgoni-Fiat-Ducato-1-StoreVan-480x480.jpg 480w, https:\/\/www.storevan.com\/wp-content\/uploads\/2017\/02\/Allestimenti-furgoni-Fiat-Ducato-1-StoreVan.jpg 800w\" sizes=\"(max-width: 150px) 100vw, 150px\" \/><\/a><\/p>\n<\/div><div class=\"one_fourth last\">\n<p><a href=\"https:\/\/www.storevan.com\/wp-content\/uploads\/2017\/02\/Allestimenti-furgoni-Fiat-Ducato-3-StoreVan.jpg\"><img decoding=\"async\" loading=\"lazy\" class=\"size-thumbnail wp-image-51298\" src=\"https:\/\/www.storevan.com\/wp-content\/uploads\/2017\/02\/Allestimenti-furgoni-Fiat-Ducato-3-StoreVan-150x150.jpg\" alt=\"Zabudowy samochod\u00f3w serwisowych Fiat Ducato\" width=\"150\" height=\"150\" srcset=\"https:\/\/www.storevan.com\/wp-content\/uploads\/2017\/02\/Allestimenti-furgoni-Fiat-Ducato-3-StoreVan-150x150.jpg 150w, https:\/\/www.storevan.com\/wp-content\/uploads\/2017\/02\/Allestimenti-furgoni-Fiat-Ducato-3-StoreVan-300x300.jpg 300w, https:\/\/www.storevan.com\/wp-content\/uploads\/2017\/02\/Allestimenti-furgoni-Fiat-Ducato-3-StoreVan-768x768.jpg 768w, https:\/\/www.storevan.com\/wp-content\/uploads\/2017\/02\/Allestimenti-furgoni-Fiat-Ducato-3-StoreVan-600x600.jpg 600w, https:\/\/www.storevan.com\/wp-content\/uploads\/2017\/02\/Allestimenti-furgoni-Fiat-Ducato-3-StoreVan-48x48.jpg 48w, https:\/\/www.storevan.com\/wp-content\/uploads\/2017\/02\/Allestimenti-furgoni-Fiat-Ducato-3-StoreVan-480x480.jpg 480w, https:\/\/www.storevan.com\/wp-content\/uploads\/2017\/02\/Allestimenti-furgoni-Fiat-Ducato-3-StoreVan.jpg 800w\" sizes=\"(max-width: 150px) 100vw, 150px\" \/><\/a><\/p>\n<\/div><div class=\"clearboth\"><\/div><div class=\"one_fourth\">\n<p><a href=\"https:\/\/www.storevan.com\/wp-content\/uploads\/2017\/02\/Allestimenti-furgoni-Fiat-Ducato-4-StoreVan.jpg\"><img decoding=\"async\" loading=\"lazy\" class=\"size-thumbnail wp-image-51304\" src=\"https:\/\/www.storevan.com\/wp-content\/uploads\/2017\/02\/Allestimenti-furgoni-Fiat-Ducato-4-StoreVan-150x150.jpg\" alt=\"Zabudowy samochod\u00f3w serwisowych Fiat Ducato\" width=\"150\" height=\"150\" srcset=\"https:\/\/www.storevan.com\/wp-content\/uploads\/2017\/02\/Allestimenti-furgoni-Fiat-Ducato-4-StoreVan-150x150.jpg 150w, https:\/\/www.storevan.com\/wp-content\/uploads\/2017\/02\/Allestimenti-furgoni-Fiat-Ducato-4-StoreVan-300x300.jpg 300w, https:\/\/www.storevan.com\/wp-content\/uploads\/2017\/02\/Allestimenti-furgoni-Fiat-Ducato-4-StoreVan-768x768.jpg 768w, https:\/\/www.storevan.com\/wp-content\/uploads\/2017\/02\/Allestimenti-furgoni-Fiat-Ducato-4-StoreVan-600x600.jpg 600w, https:\/\/www.storevan.com\/wp-content\/uploads\/2017\/02\/Allestimenti-furgoni-Fiat-Ducato-4-StoreVan-48x48.jpg 48w, https:\/\/www.storevan.com\/wp-content\/uploads\/2017\/02\/Allestimenti-furgoni-Fiat-Ducato-4-StoreVan-480x480.jpg 480w, https:\/\/www.storevan.com\/wp-content\/uploads\/2017\/02\/Allestimenti-furgoni-Fiat-Ducato-4-StoreVan.jpg 800w\" sizes=\"(max-width: 150px) 100vw, 150px\" \/><\/a><\/p>\n<\/div><div class=\"one_fourth\">\n<p><a href=\"https:\/\/www.storevan.com\/wp-content\/uploads\/2017\/02\/Allestimenti-furgoni-Fiat-Ducato-5-StoreVan.jpg\"><img decoding=\"async\" loading=\"lazy\" class=\"size-thumbnail wp-image-51310\" src=\"https:\/\/www.storevan.com\/wp-content\/uploads\/2017\/02\/Allestimenti-furgoni-Fiat-Ducato-5-StoreVan-150x150.jpg\" alt=\"Zabudowy samochod\u00f3w serwisowych Fiat Ducato\" width=\"150\" height=\"150\" srcset=\"https:\/\/www.storevan.com\/wp-content\/uploads\/2017\/02\/Allestimenti-furgoni-Fiat-Ducato-5-StoreVan-150x150.jpg 150w, https:\/\/www.storevan.com\/wp-content\/uploads\/2017\/02\/Allestimenti-furgoni-Fiat-Ducato-5-StoreVan-300x300.jpg 300w, https:\/\/www.storevan.com\/wp-content\/uploads\/2017\/02\/Allestimenti-furgoni-Fiat-Ducato-5-StoreVan-768x768.jpg 768w, https:\/\/www.storevan.com\/wp-content\/uploads\/2017\/02\/Allestimenti-furgoni-Fiat-Ducato-5-StoreVan-600x600.jpg 600w, https:\/\/www.storevan.com\/wp-content\/uploads\/2017\/02\/Allestimenti-furgoni-Fiat-Ducato-5-StoreVan-48x48.jpg 48w, https:\/\/www.storevan.com\/wp-content\/uploads\/2017\/02\/Allestimenti-furgoni-Fiat-Ducato-5-StoreVan-480x480.jpg 480w, https:\/\/www.storevan.com\/wp-content\/uploads\/2017\/02\/Allestimenti-furgoni-Fiat-Ducato-5-StoreVan.jpg 800w\" sizes=\"(max-width: 150px) 100vw, 150px\" \/><\/a><\/p>\n<\/div><div class=\"one_fourth\">\n<p><a href=\"https:\/\/www.storevan.com\/wp-content\/uploads\/2017\/02\/Allestimento-furgoni-Peugeot-Boxer-2-StoreVan.jpg\"><img decoding=\"async\" loading=\"lazy\" class=\"size-thumbnail wp-image-52061\" src=\"https:\/\/www.storevan.com\/wp-content\/uploads\/2017\/02\/Allestimento-furgoni-Peugeot-Boxer-2-StoreVan-150x150.jpg\" alt=\"Zabudowy samochod\u00f3w serwisowych Peugeot Boxer\" width=\"150\" height=\"150\" srcset=\"https:\/\/www.storevan.com\/wp-content\/uploads\/2017\/02\/Allestimento-furgoni-Peugeot-Boxer-2-StoreVan-150x150.jpg 150w, https:\/\/www.storevan.com\/wp-content\/uploads\/2017\/02\/Allestimento-furgoni-Peugeot-Boxer-2-StoreVan-300x300.jpg 300w, https:\/\/www.storevan.com\/wp-content\/uploads\/2017\/02\/Allestimento-furgoni-Peugeot-Boxer-2-StoreVan-768x768.jpg 768w, https:\/\/www.storevan.com\/wp-content\/uploads\/2017\/02\/Allestimento-furgoni-Peugeot-Boxer-2-StoreVan-600x600.jpg 600w, https:\/\/www.storevan.com\/wp-content\/uploads\/2017\/02\/Allestimento-furgoni-Peugeot-Boxer-2-StoreVan-48x48.jpg 48w, https:\/\/www.storevan.com\/wp-content\/uploads\/2017\/02\/Allestimento-furgoni-Peugeot-Boxer-2-StoreVan-480x480.jpg 480w, https:\/\/www.storevan.com\/wp-content\/uploads\/2017\/02\/Allestimento-furgoni-Peugeot-Boxer-2-StoreVan.jpg 800w\" sizes=\"(max-width: 150px) 100vw, 150px\" \/><\/a><\/p>\n<\/div><div class=\"one_fourth last\">\n<p><a href=\"https:\/\/www.storevan.com\/wp-content\/uploads\/2017\/02\/Allestimento-furgoni-Opel-Vivaro-3-StoreVan.jpg\"><img decoding=\"async\" loading=\"lazy\" class=\"size-thumbnail wp-image-51999\" src=\"https:\/\/www.storevan.com\/wp-content\/uploads\/2017\/02\/Allestimento-furgoni-Opel-Vivaro-3-StoreVan-150x150.jpg\" alt=\"Zabudowy samochod\u00f3w serwisowych Opel Vivaro\" width=\"150\" height=\"150\" srcset=\"https:\/\/www.storevan.com\/wp-content\/uploads\/2017\/02\/Allestimento-furgoni-Opel-Vivaro-3-StoreVan-150x150.jpg 150w, https:\/\/www.storevan.com\/wp-content\/uploads\/2017\/02\/Allestimento-furgoni-Opel-Vivaro-3-StoreVan-300x300.jpg 300w, https:\/\/www.storevan.com\/wp-content\/uploads\/2017\/02\/Allestimento-furgoni-Opel-Vivaro-3-StoreVan-768x768.jpg 768w, https:\/\/www.storevan.com\/wp-content\/uploads\/2017\/02\/Allestimento-furgoni-Opel-Vivaro-3-StoreVan-600x600.jpg 600w, https:\/\/www.storevan.com\/wp-content\/uploads\/2017\/02\/Allestimento-furgoni-Opel-Vivaro-3-StoreVan-48x48.jpg 48w, https:\/\/www.storevan.com\/wp-content\/uploads\/2017\/02\/Allestimento-furgoni-Opel-Vivaro-3-StoreVan-480x480.jpg 480w, https:\/\/www.storevan.com\/wp-content\/uploads\/2017\/02\/Allestimento-furgoni-Opel-Vivaro-3-StoreVan.jpg 800w\" sizes=\"(max-width: 150px) 100vw, 150px\" \/><\/a><\/p>\n<\/div><div class=\"clearboth\"><\/div>\n<\/div>\n","protected":false},"excerpt":{"rendered":"<p>Zabudowy samochod\u00f3w serwisowych Gallery W tym celu wykorzystano nowo zaprojektowane, funkcjonalne plastikowe pojemniki<\/p>\n","protected":false},"author":470,"featured_media":0,"parent":0,"menu_order":0,"comment_status":"closed","ping_status":"closed","template":"","meta":[],"acf":[],"yoast_head":"<!-- This site is optimized with the Yoast SEO plugin v20.11 - https:\/\/yoast.com\/wordpress\/plugins\/seo\/ -->\n<title>Zabudowy samochod\u00f3w serwisowych Gallery<\/title>\n<meta name=\"robots\" content=\"index, follow, max-snippet:-1, max-image-preview:large, max-video-preview:-1\" \/>\n<link rel=\"canonical\" href=\"https:\/\/www.storevan.com\/pl\/zabudowy-samochodow-serwisowych-gallery\/\" \/>\n<meta property=\"og:locale\" content=\"pl_PL\" \/>\n<meta property=\"og:type\" content=\"article\" \/>\n<meta property=\"og:title\" content=\"Zabudowy samochod\u00f3w serwisowych Gallery\" \/>\n<meta property=\"og:description\" content=\"Zabudowy samochod\u00f3w serwisowych Gallery W tym celu wykorzystano nowo zaprojektowane, funkcjonalne plastikowe pojemniki\" \/>\n<meta property=\"og:url\" content=\"https:\/\/www.storevan.com\/pl\/zabudowy-samochodow-serwisowych-gallery\/\" \/>\n<meta property=\"og:site_name\" content=\"Store Van\" \/>\n<meta property=\"article:modified_time\" content=\"2019-06-21T07:12:30+00:00\" \/>\n<meta property=\"og:image\" content=\"https:\/\/www.storevan.com\/wp-content\/uploads\/2017\/02\/Allestimenti-furgoni-Citroen-Jumper-4-StoreVan-150x150.jpg\" \/>\n<meta name=\"twitter:label1\" content=\"Szacowany czas czytania\" \/>\n\t<meta name=\"twitter:data1\" content=\"1 minuta\" \/>\n<script type=\"application\/ld+json\" class=\"yoast-schema-graph\">{\"@context\":\"https:\/\/schema.org\",\"@graph\":[{\"@type\":\"WebPage\",\"@id\":\"https:\/\/www.storevan.com\/pl\/zabudowy-samochodow-serwisowych-gallery\/\",\"url\":\"https:\/\/www.storevan.com\/pl\/zabudowy-samochodow-serwisowych-gallery\/\",\"name\":\"Zabudowy samochod\u00f3w serwisowych Gallery\",\"isPartOf\":{\"@id\":\"https:\/\/www.storevan.com\/pl\/#website\"},\"datePublished\":\"2017-02-16T13:19:59+00:00\",\"dateModified\":\"2019-06-21T07:12:30+00:00\",\"breadcrumb\":{\"@id\":\"https:\/\/www.storevan.com\/pl\/zabudowy-samochodow-serwisowych-gallery\/#breadcrumb\"},\"inLanguage\":\"pl-PL\",\"potentialAction\":[{\"@type\":\"ReadAction\",\"target\":[\"https:\/\/www.storevan.com\/pl\/zabudowy-samochodow-serwisowych-gallery\/\"]}]},{\"@type\":\"BreadcrumbList\",\"@id\":\"https:\/\/www.storevan.com\/pl\/zabudowy-samochodow-serwisowych-gallery\/#breadcrumb\",\"itemListElement\":[{\"@type\":\"ListItem\",\"position\":1,\"name\":\"Home\",\"item\":\"https:\/\/www.storevan.com\/pl\/\"},{\"@type\":\"ListItem\",\"position\":2,\"name\":\"Zabudowy samochod\u00f3w serwisowych Gallery\"}]},{\"@type\":\"WebSite\",\"@id\":\"https:\/\/www.storevan.com\/pl\/#website\",\"url\":\"https:\/\/www.storevan.com\/pl\/\",\"name\":\"Store Van\",\"description\":\"Zabudowy\",\"potentialAction\":[{\"@type\":\"SearchAction\",\"target\":{\"@type\":\"EntryPoint\",\"urlTemplate\":\"https:\/\/www.storevan.com\/pl\/?s={search_term_string}\"},\"query-input\":\"required name=search_term_string\"}],\"inLanguage\":\"pl-PL\"}]}<\/script>\n<!-- \/ Yoast SEO plugin. -->","yoast_head_json":{"title":"Zabudowy samochod\u00f3w serwisowych Gallery","robots":{"index":"index","follow":"follow","max-snippet":"max-snippet:-1","max-image-preview":"max-image-preview:large","max-video-preview":"max-video-preview:-1"},"canonical":"https:\/\/www.storevan.com\/pl\/zabudowy-samochodow-serwisowych-gallery\/","og_locale":"pl_PL","og_type":"article","og_title":"Zabudowy samochod\u00f3w serwisowych Gallery","og_description":"Zabudowy samochod\u00f3w serwisowych Gallery W tym celu wykorzystano nowo zaprojektowane, funkcjonalne plastikowe pojemniki","og_url":"https:\/\/www.storevan.com\/pl\/zabudowy-samochodow-serwisowych-gallery\/","og_site_name":"Store Van","article_modified_time":"2019-06-21T07:12:30+00:00","og_image":[{"url":"https:\/\/www.storevan.com\/wp-content\/uploads\/2017\/02\/Allestimenti-furgoni-Citroen-Jumper-4-StoreVan-150x150.jpg"}],"twitter_misc":{"Szacowany czas czytania":"1 minuta"},"schema":{"@context":"https:\/\/schema.org","@graph":[{"@type":"WebPage","@id":"https:\/\/www.storevan.com\/pl\/zabudowy-samochodow-serwisowych-gallery\/","url":"https:\/\/www.storevan.com\/pl\/zabudowy-samochodow-serwisowych-gallery\/","name":"Zabudowy samochod\u00f3w serwisowych Gallery","isPartOf":{"@id":"https:\/\/www.storevan.com\/pl\/#website"},"datePublished":"2017-02-16T13:19:59+00:00","dateModified":"2019-06-21T07:12:30+00:00","breadcrumb":{"@id":"https:\/\/www.storevan.com\/pl\/zabudowy-samochodow-serwisowych-gallery\/#breadcrumb"},"inLanguage":"pl-PL","potentialAction":[{"@type":"ReadAction","target":["https:\/\/www.storevan.com\/pl\/zabudowy-samochodow-serwisowych-gallery\/"]}]},{"@type":"BreadcrumbList","@id":"https:\/\/www.storevan.com\/pl\/zabudowy-samochodow-serwisowych-gallery\/#breadcrumb","itemListElement":[{"@type":"ListItem","position":1,"name":"Home","item":"https:\/\/www.storevan.com\/pl\/"},{"@type":"ListItem","position":2,"name":"Zabudowy samochod\u00f3w serwisowych Gallery"}]},{"@type":"WebSite","@id":"https:\/\/www.storevan.com\/pl\/#website","url":"https:\/\/www.storevan.com\/pl\/","name":"Store Van","description":"Zabudowy","potentialAction":[{"@type":"SearchAction","target":{"@type":"EntryPoint","urlTemplate":"https:\/\/www.storevan.com\/pl\/?s={search_term_string}"},"query-input":"required name=search_term_string"}],"inLanguage":"pl-PL"}]}},"_links":{"self":[{"href":"https:\/\/www.storevan.com\/pl\/wp-json\/wp\/v2\/pages\/56537"}],"collection":[{"href":"https:\/\/www.storevan.com\/pl\/wp-json\/wp\/v2\/pages"}],"about":[{"href":"https:\/\/www.storevan.com\/pl\/wp-json\/wp\/v2\/types\/page"}],"author":[{"embeddable":true,"href":"https:\/\/www.storevan.com\/pl\/wp-json\/wp\/v2\/users\/470"}],"replies":[{"embeddable":true,"href":"https:\/\/www.storevan.com\/pl\/wp-json\/wp\/v2\/comments?post=56537"}],"version-history":[{"count":3,"href":"https:\/\/www.storevan.com\/pl\/wp-json\/wp\/v2\/pages\/56537\/revisions"}],"predecessor-version":[{"id":104368,"href":"https:\/\/www.storevan.com\/pl\/wp-json\/wp\/v2\/pages\/56537\/revisions\/104368"}],"wp:attachment":[{"href":"https:\/\/www.storevan.com\/pl\/wp-json\/wp\/v2\/media?parent=56537"}],"curies":[{"name":"wp","href":"https:\/\/api.w.org\/{rel}","templated":true}]}}