{"id":54290,"date":"2017-04-07T12:59:27","date_gmt":"2017-04-07T12:59:27","guid":{"rendered":"https:\/\/www.storevan.com\/zabudowy\/dacia\/dokker\/"},"modified":"2018-01-26T13:32:42","modified_gmt":"2018-01-26T13:32:42","slug":"dokker","status":"publish","type":"page","link":"https:\/\/www.storevan.com\/pl\/zabudowy\/dacia\/dokker\/","title":{"rendered":"Dokker"},"content":{"rendered":"<h1 class=\"customblackTitleSmall\">Zabudowy do Dacia Dokker<\/h1>\n<p><img decoding=\"async\" loading=\"lazy\" class=\"aligncenter wp-image-54245 size-full\" src=\"https:\/\/www.storevan.com\/wp-content\/uploads\/2017\/04\/Dacia-Dokker-top.jpg\" alt=\"ZABUDOWY DO Dokker Dacia\" width=\"1170\" height=\"199\" srcset=\"https:\/\/www.storevan.com\/wp-content\/uploads\/2017\/04\/Dacia-Dokker-top.jpg 1170w, https:\/\/www.storevan.com\/wp-content\/uploads\/2017\/04\/Dacia-Dokker-top-300x51.jpg 300w, https:\/\/www.storevan.com\/wp-content\/uploads\/2017\/04\/Dacia-Dokker-top-768x131.jpg 768w, https:\/\/www.storevan.com\/wp-content\/uploads\/2017\/04\/Dacia-Dokker-top-1024x174.jpg 1024w, https:\/\/www.storevan.com\/wp-content\/uploads\/2017\/04\/Dacia-Dokker-top-600x102.jpg 600w\" sizes=\"(max-width: 1170px) 100vw, 1170px\" \/><\/p>\n<p>Zabudowa Store Van do Mercedes Benz Citan. Skontaktuj si\u0119 z nami by uzyska\u0107 indywidulan\u0105, niezobowi\u0105zuj\u0105c\u0105 wycen\u0119 zabudowy Twojego <strong>Dacia Dokker<\/strong>.<\/p>\n<div class=\"one_half\">\n<hr noshade=\"noshade\" size=\"1\" \/>\n<table class=\"aligncenter\" border=\"0\" width=\"100%\" cellspacing=\"0\" cellpadding=\"0\" align=\"center\">\n<tbody>\n<tr bgcolor=\"#f2f2f2\">\n<td width=\"60%\"><a href=\"https:\/\/www.storevan.com\/pl\/zabudowy\/dacia\/dokker\/scieny-podloga\/\"><img decoding=\"async\" loading=\"lazy\" src=\"https:\/\/www.storevan.com\/wp-content\/uploads\/2015\/12\/1_storevan_pianali-e-pannellature.jpg\" alt=\"Store Van \u015aCIANY I POD\u0141OGA\" width=\"366\" height=\"90\" border=\"0\" \/><\/a><\/td>\n<td width=\"3%\"><\/td>\n<td style=\"text-align: left;\"><a href=\"https:\/\/www.storevan.com\/pl\/zabudowy\/dacia\/dokker\/scieny-podloga\/\"><strong><span style=\"font-size: small;\">\u015aCIANY I POD\u0141OGA<\/span><\/strong><\/a><\/td>\n<\/tr>\n<\/tbody>\n<\/table>\n<\/div>\n<div class=\"one_half last\">\n<hr noshade=\"noshade\" size=\"1\" \/>\n<table class=\"aligncenter\" border=\"0\" width=\"100%\" cellspacing=\"0\" cellpadding=\"0\" align=\"center\">\n<tbody>\n<tr bgcolor=\"#f2f2f2\">\n<td width=\"60%\"><a href=\"https:\/\/www.storevan.com\/pl\/zabudowy\/dacia\/dokker\/bagazniki-dachowe\/\"><img decoding=\"async\" loading=\"lazy\" src=\"https:\/\/www.storevan.com\/wp-content\/uploads\/2015\/12\/2_STOREVAN_portascale_portatutto.jpg\" alt=\"STORE VAN BAGA\u017bNIKI\" width=\"366\" height=\"90\" border=\"0\" \/><\/a><\/td>\n<td width=\"3%\"><\/td>\n<td style=\"text-align: left;\"><a href=\"https:\/\/www.storevan.com\/pl\/zabudowy\/dacia\/dokker\/bagazniki-dachowe\/\"><strong><span style=\"font-size: small;\">BAGA\u017bNIKI<\/span><\/strong><\/a><\/td>\n<\/tr>\n<\/tbody>\n<\/table>\n<\/div><div class=\"clearboth\"><\/div>\n","protected":false},"excerpt":{"rendered":"<p>Zabudowy do Dacia Dokker Zabudowa Store Van do Mercedes Benz Citan. Skontaktuj si\u0119 z nami by uzyska\u0107 indywidulan\u0105, niezobowi\u0105zuj\u0105c\u0105 wycen\u0119 zabudowy Twojego Dacia Dokker.<\/p>\n","protected":false},"author":470,"featured_media":0,"parent":16286,"menu_order":0,"comment_status":"closed","ping_status":"closed","template":"","meta":[],"acf":[],"yoast_head":"<!-- This site is optimized with the Yoast SEO plugin v20.11 - https:\/\/yoast.com\/wordpress\/plugins\/seo\/ -->\n<title>Zabudowy do Dacia Dokker<\/title>\n<meta name=\"robots\" content=\"index, follow, max-snippet:-1, max-image-preview:large, max-video-preview:-1\" \/>\n<link rel=\"canonical\" href=\"https:\/\/www.storevan.com\/allestimenti-veicoli-commerciali\/furgoni-dacia\/dokker\/\" \/>\n<meta property=\"og:locale\" content=\"pl_PL\" \/>\n<meta property=\"og:type\" content=\"article\" \/>\n<meta property=\"og:title\" content=\"Zabudowy do Dacia Dokker\" \/>\n<meta property=\"og:description\" content=\"Zabudowy do Dacia Dokker Zabudowa Store Van do Mercedes Benz Citan. Skontaktuj si\u0119 z nami by uzyska\u0107 indywidulan\u0105, niezobowi\u0105zuj\u0105c\u0105 wycen\u0119 zabudowy Twojego Dacia Dokker.\" \/>\n<meta property=\"og:url\" content=\"https:\/\/www.storevan.com\/allestimenti-veicoli-commerciali\/furgoni-dacia\/dokker\/\" \/>\n<meta property=\"og:site_name\" content=\"Store Van\" \/>\n<meta property=\"article:modified_time\" content=\"2018-01-26T13:32:42+00:00\" \/>\n<meta property=\"og:image\" content=\"https:\/\/www.storevan.com\/wp-content\/uploads\/2017\/04\/Dacia-Dokker-top.jpg\" \/>\n<script type=\"application\/ld+json\" class=\"yoast-schema-graph\">{\"@context\":\"https:\/\/schema.org\",\"@graph\":[{\"@type\":\"WebPage\",\"@id\":\"https:\/\/www.storevan.com\/allestimenti-veicoli-commerciali\/furgoni-dacia\/dokker\/\",\"url\":\"https:\/\/www.storevan.com\/allestimenti-veicoli-commerciali\/furgoni-dacia\/dokker\/\",\"name\":\"Zabudowy do Dacia Dokker\",\"isPartOf\":{\"@id\":\"https:\/\/www.storevan.com\/pl\/#website\"},\"datePublished\":\"2017-04-07T12:59:27+00:00\",\"dateModified\":\"2018-01-26T13:32:42+00:00\",\"breadcrumb\":{\"@id\":\"https:\/\/www.storevan.com\/allestimenti-veicoli-commerciali\/furgoni-dacia\/dokker\/#breadcrumb\"},\"inLanguage\":\"pl-PL\",\"potentialAction\":[{\"@type\":\"ReadAction\",\"target\":[\"https:\/\/www.storevan.com\/allestimenti-veicoli-commerciali\/furgoni-dacia\/dokker\/\"]}]},{\"@type\":\"BreadcrumbList\",\"@id\":\"https:\/\/www.storevan.com\/allestimenti-veicoli-commerciali\/furgoni-dacia\/dokker\/#breadcrumb\",\"itemListElement\":[{\"@type\":\"ListItem\",\"position\":1,\"name\":\"Home\",\"item\":\"https:\/\/www.storevan.com\/pl\/\"},{\"@type\":\"ListItem\",\"position\":2,\"name\":\"Zabudowy\",\"item\":\"https:\/\/www.storevan.com\/allestimenti-veicoli-commerciali\/\"},{\"@type\":\"ListItem\",\"position\":3,\"name\":\"Dacia\",\"item\":\"https:\/\/www.storevan.com\/allestimenti-veicoli-commerciali\/furgoni-dacia\/\"},{\"@type\":\"ListItem\",\"position\":4,\"name\":\"Dokker\"}]},{\"@type\":\"WebSite\",\"@id\":\"https:\/\/www.storevan.com\/pl\/#website\",\"url\":\"https:\/\/www.storevan.com\/pl\/\",\"name\":\"Store Van\",\"description\":\"Zabudowy\",\"potentialAction\":[{\"@type\":\"SearchAction\",\"target\":{\"@type\":\"EntryPoint\",\"urlTemplate\":\"https:\/\/www.storevan.com\/pl\/?s={search_term_string}\"},\"query-input\":\"required name=search_term_string\"}],\"inLanguage\":\"pl-PL\"}]}<\/script>\n<!-- \/ Yoast SEO plugin. -->","yoast_head_json":{"title":"Zabudowy do Dacia Dokker","robots":{"index":"index","follow":"follow","max-snippet":"max-snippet:-1","max-image-preview":"max-image-preview:large","max-video-preview":"max-video-preview:-1"},"canonical":"https:\/\/www.storevan.com\/allestimenti-veicoli-commerciali\/furgoni-dacia\/dokker\/","og_locale":"pl_PL","og_type":"article","og_title":"Zabudowy do Dacia Dokker","og_description":"Zabudowy do Dacia Dokker Zabudowa Store Van do Mercedes Benz Citan. Skontaktuj si\u0119 z nami by uzyska\u0107 indywidulan\u0105, niezobowi\u0105zuj\u0105c\u0105 wycen\u0119 zabudowy Twojego Dacia Dokker.","og_url":"https:\/\/www.storevan.com\/allestimenti-veicoli-commerciali\/furgoni-dacia\/dokker\/","og_site_name":"Store Van","article_modified_time":"2018-01-26T13:32:42+00:00","og_image":[{"url":"https:\/\/www.storevan.com\/wp-content\/uploads\/2017\/04\/Dacia-Dokker-top.jpg"}],"schema":{"@context":"https:\/\/schema.org","@graph":[{"@type":"WebPage","@id":"https:\/\/www.storevan.com\/allestimenti-veicoli-commerciali\/furgoni-dacia\/dokker\/","url":"https:\/\/www.storevan.com\/allestimenti-veicoli-commerciali\/furgoni-dacia\/dokker\/","name":"Zabudowy do Dacia Dokker","isPartOf":{"@id":"https:\/\/www.storevan.com\/pl\/#website"},"datePublished":"2017-04-07T12:59:27+00:00","dateModified":"2018-01-26T13:32:42+00:00","breadcrumb":{"@id":"https:\/\/www.storevan.com\/allestimenti-veicoli-commerciali\/furgoni-dacia\/dokker\/#breadcrumb"},"inLanguage":"pl-PL","potentialAction":[{"@type":"ReadAction","target":["https:\/\/www.storevan.com\/allestimenti-veicoli-commerciali\/furgoni-dacia\/dokker\/"]}]},{"@type":"BreadcrumbList","@id":"https:\/\/www.storevan.com\/allestimenti-veicoli-commerciali\/furgoni-dacia\/dokker\/#breadcrumb","itemListElement":[{"@type":"ListItem","position":1,"name":"Home","item":"https:\/\/www.storevan.com\/pl\/"},{"@type":"ListItem","position":2,"name":"Zabudowy","item":"https:\/\/www.storevan.com\/allestimenti-veicoli-commerciali\/"},{"@type":"ListItem","position":3,"name":"Dacia","item":"https:\/\/www.storevan.com\/allestimenti-veicoli-commerciali\/furgoni-dacia\/"},{"@type":"ListItem","position":4,"name":"Dokker"}]},{"@type":"WebSite","@id":"https:\/\/www.storevan.com\/pl\/#website","url":"https:\/\/www.storevan.com\/pl\/","name":"Store Van","description":"Zabudowy","potentialAction":[{"@type":"SearchAction","target":{"@type":"EntryPoint","urlTemplate":"https:\/\/www.storevan.com\/pl\/?s={search_term_string}"},"query-input":"required name=search_term_string"}],"inLanguage":"pl-PL"}]}},"_links":{"self":[{"href":"https:\/\/www.storevan.com\/pl\/wp-json\/wp\/v2\/pages\/54290"}],"collection":[{"href":"https:\/\/www.storevan.com\/pl\/wp-json\/wp\/v2\/pages"}],"about":[{"href":"https:\/\/www.storevan.com\/pl\/wp-json\/wp\/v2\/types\/page"}],"author":[{"embeddable":true,"href":"https:\/\/www.storevan.com\/pl\/wp-json\/wp\/v2\/users\/470"}],"replies":[{"embeddable":true,"href":"https:\/\/www.storevan.com\/pl\/wp-json\/wp\/v2\/comments?post=54290"}],"version-history":[{"count":0,"href":"https:\/\/www.storevan.com\/pl\/wp-json\/wp\/v2\/pages\/54290\/revisions"}],"up":[{"embeddable":true,"href":"https:\/\/www.storevan.com\/pl\/wp-json\/wp\/v2\/pages\/16286"}],"wp:attachment":[{"href":"https:\/\/www.storevan.com\/pl\/wp-json\/wp\/v2\/media?parent=54290"}],"curies":[{"name":"wp","href":"https:\/\/api.w.org\/{rel}","templated":true}]}}