{"id":54280,"date":"2017-04-07T13:42:09","date_gmt":"2017-04-07T13:42:09","guid":{"rendered":"https:\/\/www.storevan.com\/portatutto-portascale\/"},"modified":"2018-01-29T13:10:58","modified_gmt":"2018-01-29T13:10:58","slug":"bagazniki-dachowe","status":"publish","type":"page","link":"https:\/\/www.storevan.com\/pl\/zabudowy\/dacia\/dokker\/bagazniki-dachowe\/","title":{"rendered":"Baga\u017cniki"},"content":{"rendered":"<h1 class=\"customblackTitleSmall\">Baga\u017cniki do Dacia Dokker<\/h1>\n<table class=\"aligncenter\" border=\"0\" width=\"850\" cellspacing=\"0\" cellpadding=\"0\" align=\"center\">\n<tbody>\n<tr>\n<td colspan=\"3\"><\/td>\n<\/tr>\n<tr>\n<td rowspan=\"4\" valign=\"top\"><img decoding=\"async\" loading=\"lazy\" class=\"aligncenter wp-image-54264 size-full\" src=\"https:\/\/www.storevan.com\/wp-content\/uploads\/2017\/04\/Dokker-portatutto.jpg\" alt=\"Baga\u017cnik Dacia Dokker\" width=\"625\" height=\"260\" srcset=\"https:\/\/www.storevan.com\/wp-content\/uploads\/2017\/04\/Dokker-portatutto.jpg 625w, https:\/\/www.storevan.com\/wp-content\/uploads\/2017\/04\/Dokker-portatutto-300x125.jpg 300w, https:\/\/www.storevan.com\/wp-content\/uploads\/2017\/04\/Dokker-portatutto-600x250.jpg 600w\" sizes=\"(max-width: 625px) 100vw, 625px\" \/><\/td>\n<td width=\"20\" height=\"5\"><\/td>\n<td style=\"text-align: left;\" width=\"205\" height=\"5\"><a href=\"https:\/\/www.storevan.com\/pl\/zabudowy\/bagaznik-dachowy-uchwyty-do-drabiny\/\"><strong><span style=\"font-size: 14px;\">BAGA\u017bNIKI<\/span><\/strong><\/a><\/td>\n<\/tr>\n<tr>\n<td width=\"20\" height=\"18\"><\/td>\n<td width=\"205\" height=\"18\">\n<hr noshade=\"noshade\" size=\"1\" \/>\n<\/td>\n<\/tr>\n<tr>\n<td width=\"20\" height=\"110\"><\/td>\n<td valign=\"top\" width=\"205\" height=\"110\"><a href=\"https:\/\/www.storevan.com\/pl\/zabudowy\/bagaznik-dachowy-uchwyty-do-drabiny\/\"><img decoding=\"async\" loading=\"lazy\" class=\"alignnone\" src=\"https:\/\/www.storevan.com\/wp-content\/uploads\/2015\/12\/storevan_portascale_portatutto_small.jpg\" alt=\"Baga\u017cniki\" width=\"250\" height=\"110\" border=\"0\" \/><\/a><\/td>\n<\/tr>\n<tr>\n<td width=\"20\"><\/td>\n<td width=\"205\"><\/td>\n<\/tr>\n<\/tbody>\n<\/table>\n<h2 class=\"TITOLO20arancione\" style=\"text-align: center;\">Baga\u017cnik<\/h2>\n<table class=\" aligncenter\" border=\"0\" width=\"850\" cellspacing=\"0\" cellpadding=\"0\" align=\"center\">\n<tbody>\n<tr>\n<td class=\"TESTO12biancoSX\" bgcolor=\"#0071B9\" width=\"111\" height=\"50\">POJAZD<\/td>\n<td width=\"5\" height=\"50\"><\/td>\n<td class=\"TESTO12biancoCX\" bgcolor=\"#0071B9\" width=\"166\" height=\"50\">BAGA\u017bNIK<\/td>\n<td width=\"5\" height=\"50\"><\/td>\n<td class=\"TESTO12neroCX\" bgcolor=\"#e4e4e4\" width=\"166\" height=\"50\"><strong>WYMIARY<\/strong><\/td>\n<td width=\"5\" height=\"50\"><\/td>\n<td class=\"TESTO12neroCX\" bgcolor=\"#e4e4e4\" width=\"166\" height=\"50\"><strong>WAGA<\/strong><\/td>\n<td width=\"5\" height=\"50\"><\/td>\n<td class=\"TESTO12neroCX\" bgcolor=\"#e4e4e4\" width=\"206\" height=\"50\"><strong>UD\u008fWIG<\/strong><\/td>\n<\/tr>\n<tr>\n<td class=\"TESTO12neroSX\" width=\"111\"><\/td>\n<td width=\"5\"><\/td>\n<td class=\"TESTO12neroCX\" width=\"166\" height=\"25\"><strong>ART.<\/strong><\/td>\n<td width=\"5\" height=\"25\"><\/td>\n<td class=\"TESTO12neroCX\" width=\"166\" height=\"25\"><\/td>\n<td width=\"5\" height=\"25\"><\/td>\n<td class=\"TESTO12neroCX\" width=\"166\" height=\"25\"><\/td>\n<td width=\"5\" height=\"25\"><\/td>\n<td class=\"TESTO12neroCX\" width=\"206\" height=\"25\"><\/td>\n<\/tr>\n<tr>\n<td class=\"TESTO12neroCX\" width=\"111\" height=\"18\"><\/td>\n<td height=\"18\"><\/td>\n<td class=\"TESTO12neroCX\" height=\"18\"><\/td>\n<td height=\"18\"><\/td>\n<td height=\"18\"><\/td>\n<td height=\"18\"><\/td>\n<td height=\"18\"><\/td>\n<td height=\"18\"><\/td>\n<td height=\"18\"><\/td>\n<\/tr>\n<tr>\n<td class=\"TESTO12neroSX\" bgcolor=\"#e4e4e4\" width=\"111\" height=\"35\"><strong>L1 H1<\/strong><\/td>\n<td width=\"5\" height=\"35\"><\/td>\n<td class=\"TESTO12arancioCX\" width=\"166\" height=\"35\"><strong>POT\u00a0221<\/strong><\/td>\n<td width=\"5\" height=\"35\"><\/td>\n<td class=\"TESTO12neroCX\" width=\"166\" height=\"35\">2000&#215;1400 mm<\/td>\n<td width=\"5\" height=\"35\"><\/td>\n<td class=\"TESTO12neroCX\" width=\"166\" height=\"35\">21,72 kg<\/td>\n<td width=\"5\" height=\"35\"><\/td>\n<td class=\"TESTO12neroCX\" width=\"206\" height=\"35\">58,00 kg<\/td>\n<\/tr>\n<tr>\n<td width=\"111\" height=\"18\"><\/td>\n<td width=\"5\" height=\"18\"><\/td>\n<td width=\"166\" height=\"18\">\n<hr class=\"FILETTOgrigio\" noshade=\"noshade\" \/>\n<\/td>\n<td width=\"5\" height=\"18\"><\/td>\n<td width=\"166\" height=\"18\">\n<hr class=\"FILETTOgrigio\" noshade=\"noshade\" \/>\n<\/td>\n<td width=\"5\" height=\"18\"><\/td>\n<td width=\"166\" height=\"18\">\n<hr class=\"FILETTOgrigio\" noshade=\"noshade\" \/>\n<\/td>\n<td width=\"5\" height=\"18\"><\/td>\n<td width=\"206\" height=\"18\">\n<hr class=\"FILETTOgrigio\" noshade=\"noshade\" \/>\n<\/td>\n<\/tr>\n<tr>\n<td class=\"TESTO12neroSX\" colspan=\"9\" height=\"18\">Tylko dla samochod\u00f3w z drzwiami tylnymi dwuskrzyd\u0142owymi.<\/td>\n<\/tr>\n<\/tbody>\n<\/table>\n<p>&nbsp;<\/p>\n<table class=\" aligncenter\" border=\"0\" width=\"850\" cellspacing=\"0\" cellpadding=\"0\" align=\"center\">\n<tbody>\n<tr>\n<td rowspan=\"4\" valign=\"top\"><img decoding=\"async\" loading=\"lazy\" class=\"aligncenter size-full wp-image-54270\" src=\"https:\/\/www.storevan.com\/wp-content\/uploads\/2017\/04\/Dokker-portascale.jpg\" alt=\"Baga\u017cnik Dacia Dokker\" width=\"625\" height=\"260\" srcset=\"https:\/\/www.storevan.com\/wp-content\/uploads\/2017\/04\/Dokker-portascale.jpg 625w, https:\/\/www.storevan.com\/wp-content\/uploads\/2017\/04\/Dokker-portascale-300x125.jpg 300w, https:\/\/www.storevan.com\/wp-content\/uploads\/2017\/04\/Dokker-portascale-600x250.jpg 600w\" sizes=\"(max-width: 625px) 100vw, 625px\" \/><\/td>\n<td width=\"20\" height=\"5\"><\/td>\n<td class=\"TESTO16grigio\" width=\"205\" height=\"5\"><\/td>\n<\/tr>\n<tr>\n<td width=\"20\" height=\"18\"><\/td>\n<td width=\"205\" height=\"18\"><\/td>\n<\/tr>\n<tr>\n<td width=\"20\" height=\"110\"><\/td>\n<td valign=\"top\" width=\"205\" height=\"110\"><\/td>\n<\/tr>\n<tr>\n<td width=\"20\"><\/td>\n<td width=\"205\"><\/td>\n<\/tr>\n<\/tbody>\n<\/table>\n<p>&nbsp;<\/p>\n<h2 class=\"TITOLO20arancione\" style=\"text-align: center;\">Baga\u017cnik Dacia Dokker<\/h2>\n<table class=\" aligncenter\" border=\"0\" width=\"850\" cellspacing=\"0\" cellpadding=\"0\" align=\"center\">\n<tbody>\n<tr>\n<td class=\"TESTO12biancoSX\" bgcolor=\"#0071B9\" width=\"111\" height=\"50\">POJAZD<\/td>\n<td width=\"5\" height=\"50\"><\/td>\n<td class=\"TESTO12biancoCX\" bgcolor=\"#0071B9\" width=\"166\" height=\"50\">BAGA\u017bNIK<\/td>\n<td width=\"5\" height=\"50\"><\/td>\n<td class=\"TESTO12neroCX\" bgcolor=\"#e4e4e4\" width=\"166\" height=\"50\"><strong>WYMIARY<\/strong><\/td>\n<td width=\"5\" height=\"50\"><\/td>\n<td class=\"TESTO12neroCX\" bgcolor=\"#e4e4e4\" width=\"166\" height=\"50\"><strong>WAGA<\/strong><\/td>\n<td width=\"5\" height=\"50\"><\/td>\n<td class=\"TESTO12neroCX\" bgcolor=\"#e4e4e4\" width=\"206\" height=\"50\"><strong>UD\u008fWIG<\/strong><\/td>\n<\/tr>\n<tr>\n<td class=\"TESTO12neroSX\" width=\"111\"><\/td>\n<td width=\"5\"><\/td>\n<td class=\"TESTO12neroCX\" width=\"166\" height=\"25\"><strong>ART.<\/strong><\/td>\n<td width=\"5\" height=\"25\"><\/td>\n<td class=\"TESTO12neroCX\" width=\"166\" height=\"25\"><\/td>\n<td width=\"5\" height=\"25\"><\/td>\n<td class=\"TESTO12neroCX\" width=\"166\" height=\"25\"><\/td>\n<td width=\"5\" height=\"25\"><\/td>\n<td class=\"TESTO12neroCX\" width=\"206\" height=\"25\"><\/td>\n<\/tr>\n<tr>\n<td class=\"TESTO12neroCX\" width=\"111\" height=\"18\"><\/td>\n<td height=\"18\"><\/td>\n<td class=\"TESTO12neroCX\" height=\"18\"><\/td>\n<td height=\"18\"><\/td>\n<td height=\"18\"><\/td>\n<td height=\"18\"><\/td>\n<td height=\"18\"><\/td>\n<td height=\"18\"><\/td>\n<td height=\"18\"><\/td>\n<\/tr>\n<tr>\n<td class=\"TESTO12neroSX\" bgcolor=\"#e4e4e4\" width=\"111\" height=\"35\"><strong>L1 H1<\/strong><\/td>\n<td width=\"5\" height=\"35\"><\/td>\n<td class=\"TESTO12arancioCX\" width=\"166\" height=\"35\"><strong>POS\u00a0221<\/strong><\/td>\n<td width=\"5\" height=\"35\"><\/td>\n<td class=\"TESTO12neroCX\" width=\"166\" height=\"35\">2192&#215;1380 mm<\/td>\n<td width=\"5\" height=\"35\"><\/td>\n<td class=\"TESTO12neroCX\" width=\"166\" height=\"35\">43,26 kg<\/td>\n<td width=\"5\" height=\"35\"><\/td>\n<td class=\"TESTO12neroCX\" width=\"206\" height=\"35\">37,00 kg<\/td>\n<\/tr>\n<tr>\n<td width=\"111\" height=\"18\"><\/td>\n<td width=\"5\" height=\"18\"><\/td>\n<td width=\"166\" height=\"18\">\n<hr class=\"FILETTOgrigio\" noshade=\"noshade\" \/>\n<\/td>\n<td width=\"5\" height=\"18\"><\/td>\n<td width=\"166\" height=\"18\">\n<hr class=\"FILETTOgrigio\" noshade=\"noshade\" \/>\n<\/td>\n<td width=\"5\" height=\"18\"><\/td>\n<td width=\"166\" height=\"18\">\n<hr class=\"FILETTOgrigio\" noshade=\"noshade\" \/>\n<\/td>\n<td width=\"5\" height=\"18\"><\/td>\n<td width=\"206\" height=\"18\">\n<hr class=\"FILETTOgrigio\" noshade=\"noshade\" \/>\n<\/td>\n<\/tr>\n<tr>\n<td class=\"TESTO12neroSX\" colspan=\"9\" height=\"18\">Tylko dla samochod\u00f3w z drzwiami tylnymi dwuskrzyd\u0142owymi. W\u00f3zek na drabin\u0119 mo\u017ce by\u0107 mocowany po prawej lub po lewej stronie samochodu.<\/td>\n<\/tr>\n<\/tbody>\n<\/table>\n","protected":false},"excerpt":{"rendered":"<p>Baga\u017cniki do Dacia Dokker BAGA\u017bNIKI Baga\u017cnik POJAZD BAGA\u017bNIK WYMIARY WAGA UD\u008fWIG ART. L1 H1 POT\u00a0221 2000&#215;1400 mm 21,72 kg 58,00 kg Tylko dla samochod\u00f3w z drzwiami tylnymi dwuskrzyd\u0142owymi. &nbsp; &nbsp;.<\/p>\n","protected":false},"author":470,"featured_media":0,"parent":54290,"menu_order":0,"comment_status":"closed","ping_status":"closed","template":"","meta":[],"acf":[],"yoast_head":"<!-- This site is optimized with the Yoast SEO plugin v20.11 - https:\/\/yoast.com\/wordpress\/plugins\/seo\/ -->\n<title>Baga\u017cniki do Dacia Dokker<\/title>\n<meta name=\"robots\" content=\"index, follow, max-snippet:-1, max-image-preview:large, max-video-preview:-1\" \/>\n<link rel=\"canonical\" href=\"https:\/\/www.storevan.com\/allestimenti-veicoli-commerciali\/furgoni-dacia\/dokker\/portatutto-portascale\/\" \/>\n<meta property=\"og:locale\" content=\"pl_PL\" \/>\n<meta property=\"og:type\" content=\"article\" \/>\n<meta property=\"og:title\" content=\"Baga\u017cniki do Dacia Dokker\" \/>\n<meta property=\"og:description\" content=\"Baga\u017cniki do Dacia Dokker BAGA\u017bNIKI Baga\u017cnik POJAZD BAGA\u017bNIK WYMIARY WAGA UD\u008fWIG ART. L1 H1 POT\u00a0221 2000&#215;1400 mm 21,72 kg 58,00 kg Tylko dla samochod\u00f3w z drzwiami tylnymi dwuskrzyd\u0142owymi. &nbsp; &nbsp;.\" \/>\n<meta property=\"og:url\" content=\"https:\/\/www.storevan.com\/allestimenti-veicoli-commerciali\/furgoni-dacia\/dokker\/portatutto-portascale\/\" \/>\n<meta property=\"og:site_name\" content=\"Store Van\" \/>\n<meta property=\"article:modified_time\" content=\"2018-01-29T13:10:58+00:00\" \/>\n<meta property=\"og:image\" content=\"https:\/\/www.storevan.com\/wp-content\/uploads\/2017\/04\/Dokker-portatutto.jpg\" \/>\n<script type=\"application\/ld+json\" class=\"yoast-schema-graph\">{\"@context\":\"https:\/\/schema.org\",\"@graph\":[{\"@type\":\"WebPage\",\"@id\":\"https:\/\/www.storevan.com\/allestimenti-veicoli-commerciali\/furgoni-dacia\/dokker\/portatutto-portascale\/\",\"url\":\"https:\/\/www.storevan.com\/allestimenti-veicoli-commerciali\/furgoni-dacia\/dokker\/portatutto-portascale\/\",\"name\":\"Baga\u017cniki do Dacia Dokker\",\"isPartOf\":{\"@id\":\"https:\/\/www.storevan.com\/pl\/#website\"},\"datePublished\":\"2017-04-07T13:42:09+00:00\",\"dateModified\":\"2018-01-29T13:10:58+00:00\",\"breadcrumb\":{\"@id\":\"https:\/\/www.storevan.com\/allestimenti-veicoli-commerciali\/furgoni-dacia\/dokker\/portatutto-portascale\/#breadcrumb\"},\"inLanguage\":\"pl-PL\",\"potentialAction\":[{\"@type\":\"ReadAction\",\"target\":[\"https:\/\/www.storevan.com\/allestimenti-veicoli-commerciali\/furgoni-dacia\/dokker\/portatutto-portascale\/\"]}]},{\"@type\":\"BreadcrumbList\",\"@id\":\"https:\/\/www.storevan.com\/allestimenti-veicoli-commerciali\/furgoni-dacia\/dokker\/portatutto-portascale\/#breadcrumb\",\"itemListElement\":[{\"@type\":\"ListItem\",\"position\":1,\"name\":\"Home\",\"item\":\"https:\/\/www.storevan.com\/pl\/\"},{\"@type\":\"ListItem\",\"position\":2,\"name\":\"Zabudowy\",\"item\":\"https:\/\/www.storevan.com\/allestimenti-veicoli-commerciali\/\"},{\"@type\":\"ListItem\",\"position\":3,\"name\":\"Dacia\",\"item\":\"https:\/\/www.storevan.com\/allestimenti-veicoli-commerciali\/furgoni-dacia\/\"},{\"@type\":\"ListItem\",\"position\":4,\"name\":\"Dokker\",\"item\":\"https:\/\/www.storevan.com\/allestimenti-veicoli-commerciali\/furgoni-dacia\/dokker\/\"},{\"@type\":\"ListItem\",\"position\":5,\"name\":\"Baga\u017cniki\"}]},{\"@type\":\"WebSite\",\"@id\":\"https:\/\/www.storevan.com\/pl\/#website\",\"url\":\"https:\/\/www.storevan.com\/pl\/\",\"name\":\"Store Van\",\"description\":\"Zabudowy\",\"potentialAction\":[{\"@type\":\"SearchAction\",\"target\":{\"@type\":\"EntryPoint\",\"urlTemplate\":\"https:\/\/www.storevan.com\/pl\/?s={search_term_string}\"},\"query-input\":\"required name=search_term_string\"}],\"inLanguage\":\"pl-PL\"}]}<\/script>\n<!-- \/ Yoast SEO plugin. -->","yoast_head_json":{"title":"Baga\u017cniki do Dacia Dokker","robots":{"index":"index","follow":"follow","max-snippet":"max-snippet:-1","max-image-preview":"max-image-preview:large","max-video-preview":"max-video-preview:-1"},"canonical":"https:\/\/www.storevan.com\/allestimenti-veicoli-commerciali\/furgoni-dacia\/dokker\/portatutto-portascale\/","og_locale":"pl_PL","og_type":"article","og_title":"Baga\u017cniki do Dacia Dokker","og_description":"Baga\u017cniki do Dacia Dokker BAGA\u017bNIKI Baga\u017cnik POJAZD BAGA\u017bNIK WYMIARY WAGA UD\u008fWIG ART. L1 H1 POT\u00a0221 2000&#215;1400 mm 21,72 kg 58,00 kg Tylko dla samochod\u00f3w z drzwiami tylnymi dwuskrzyd\u0142owymi. &nbsp; &nbsp;.","og_url":"https:\/\/www.storevan.com\/allestimenti-veicoli-commerciali\/furgoni-dacia\/dokker\/portatutto-portascale\/","og_site_name":"Store Van","article_modified_time":"2018-01-29T13:10:58+00:00","og_image":[{"url":"https:\/\/www.storevan.com\/wp-content\/uploads\/2017\/04\/Dokker-portatutto.jpg"}],"schema":{"@context":"https:\/\/schema.org","@graph":[{"@type":"WebPage","@id":"https:\/\/www.storevan.com\/allestimenti-veicoli-commerciali\/furgoni-dacia\/dokker\/portatutto-portascale\/","url":"https:\/\/www.storevan.com\/allestimenti-veicoli-commerciali\/furgoni-dacia\/dokker\/portatutto-portascale\/","name":"Baga\u017cniki do Dacia Dokker","isPartOf":{"@id":"https:\/\/www.storevan.com\/pl\/#website"},"datePublished":"2017-04-07T13:42:09+00:00","dateModified":"2018-01-29T13:10:58+00:00","breadcrumb":{"@id":"https:\/\/www.storevan.com\/allestimenti-veicoli-commerciali\/furgoni-dacia\/dokker\/portatutto-portascale\/#breadcrumb"},"inLanguage":"pl-PL","potentialAction":[{"@type":"ReadAction","target":["https:\/\/www.storevan.com\/allestimenti-veicoli-commerciali\/furgoni-dacia\/dokker\/portatutto-portascale\/"]}]},{"@type":"BreadcrumbList","@id":"https:\/\/www.storevan.com\/allestimenti-veicoli-commerciali\/furgoni-dacia\/dokker\/portatutto-portascale\/#breadcrumb","itemListElement":[{"@type":"ListItem","position":1,"name":"Home","item":"https:\/\/www.storevan.com\/pl\/"},{"@type":"ListItem","position":2,"name":"Zabudowy","item":"https:\/\/www.storevan.com\/allestimenti-veicoli-commerciali\/"},{"@type":"ListItem","position":3,"name":"Dacia","item":"https:\/\/www.storevan.com\/allestimenti-veicoli-commerciali\/furgoni-dacia\/"},{"@type":"ListItem","position":4,"name":"Dokker","item":"https:\/\/www.storevan.com\/allestimenti-veicoli-commerciali\/furgoni-dacia\/dokker\/"},{"@type":"ListItem","position":5,"name":"Baga\u017cniki"}]},{"@type":"WebSite","@id":"https:\/\/www.storevan.com\/pl\/#website","url":"https:\/\/www.storevan.com\/pl\/","name":"Store Van","description":"Zabudowy","potentialAction":[{"@type":"SearchAction","target":{"@type":"EntryPoint","urlTemplate":"https:\/\/www.storevan.com\/pl\/?s={search_term_string}"},"query-input":"required name=search_term_string"}],"inLanguage":"pl-PL"}]}},"_links":{"self":[{"href":"https:\/\/www.storevan.com\/pl\/wp-json\/wp\/v2\/pages\/54280"}],"collection":[{"href":"https:\/\/www.storevan.com\/pl\/wp-json\/wp\/v2\/pages"}],"about":[{"href":"https:\/\/www.storevan.com\/pl\/wp-json\/wp\/v2\/types\/page"}],"author":[{"embeddable":true,"href":"https:\/\/www.storevan.com\/pl\/wp-json\/wp\/v2\/users\/470"}],"replies":[{"embeddable":true,"href":"https:\/\/www.storevan.com\/pl\/wp-json\/wp\/v2\/comments?post=54280"}],"version-history":[{"count":0,"href":"https:\/\/www.storevan.com\/pl\/wp-json\/wp\/v2\/pages\/54280\/revisions"}],"up":[{"embeddable":true,"href":"https:\/\/www.storevan.com\/pl\/wp-json\/wp\/v2\/pages\/54290"}],"wp:attachment":[{"href":"https:\/\/www.storevan.com\/pl\/wp-json\/wp\/v2\/media?parent=54280"}],"curies":[{"name":"wp","href":"https:\/\/api.w.org\/{rel}","templated":true}]}}