{"id":54178,"date":"2017-04-07T10:10:24","date_gmt":"2017-04-07T10:10:24","guid":{"rendered":"https:\/\/www.storevan.com\/zabudowy\/nissan\/nv200\/pianali-pannellature\/"},"modified":"2018-07-18T14:59:17","modified_gmt":"2018-07-18T14:59:17","slug":"scieny-podloga","status":"publish","type":"page","link":"https:\/\/www.storevan.com\/pl\/zabudowy\/nissan\/nv200\/scieny-podloga\/","title":{"rendered":"\u015acieny I Pod\u0142oga"},"content":{"rendered":"<h1 class=\"customblackTitleSmall\">\u015acieny I Pod\u0142oga do Nissan NV200<\/h1>\n<p><strong>By zabezpieczy\u0107 Twoj\u0105 przestrze\u0144 \u0142adunkow\u0105.\u00a0<\/strong>Wgniecenia i zarysowania mog\u0105 zniszczy\u0107 nadwozie powoduj\u0105c nadmierne zu\u017cycie i powstawanie rdzy.<br \/>\n<strong>Zabezpiecz swojego Nissana NV200 montuj\u0105c panele StoreVan do samochod\u00f3w serwisowych.\u00a0<\/strong>Wybierz 12 milimerow\u0105 sklejk\u0119 antypo\u015blizgow\u0105, dopasowan\u0105 do technologicznych otwor\u00f3w pojazdu oraz 4 milimetrowe polipropylenowe panele \u015bcienne.<\/p>\n<p><img decoding=\"async\" loading=\"lazy\" class=\"aligncenter wp-image-54143 size-full\" title=\"\u015acieny I Pod\u0142oga Nissan NV200\" src=\"https:\/\/www.storevan.com\/wp-content\/uploads\/2017\/04\/StoreVan-Pianali-Pannellature-1D.jpg\" alt=\"\u015acieny I Pod\u0142oga Nissan NV200\" width=\"625\" height=\"407\" srcset=\"https:\/\/www.storevan.com\/wp-content\/uploads\/2017\/04\/StoreVan-Pianali-Pannellature-1D.jpg 625w, https:\/\/www.storevan.com\/wp-content\/uploads\/2017\/04\/StoreVan-Pianali-Pannellature-1D-300x195.jpg 300w, https:\/\/www.storevan.com\/wp-content\/uploads\/2017\/04\/StoreVan-Pianali-Pannellature-1D-600x391.jpg 600w\" sizes=\"(max-width: 625px) 100vw, 625px\" \/><\/p>\n<table class=\"table tableBorder\">\n<thead>\n<tr>\n<td class=\"txtBkOrange\">POJAZD<\/td>\n<td class=\"txtGrey\" style=\"text-align: center;\">POD\u0141OGA 12 mm<\/td>\n<td class=\"txtGrey\" style=\"text-align: center;\">PANELE \u015aCIENNE<\/td>\n<td class=\"txtGrey\" style=\"text-align: center;\">PANELE \u015aCIENNE<\/td>\n<td class=\"txtGrey\" style=\"text-align: center;\">\u015aCIANKA DZIA\u0141OWA<\/td>\n<\/tr>\n<tr>\n<td><\/td>\n<td class=\"TESTO12biancoCX\" style=\"text-align: center;\" bgcolor=\"#8d8d8d\"><strong>D<\/strong><\/td>\n<td class=\"TESTO12biancoCX\" style=\"text-align: center;\" bgcolor=\"#8d8d8d\"><strong>A+B<\/strong><\/td>\n<td class=\"TESTO12biancoCX\" style=\"text-align: center;\" bgcolor=\"#8d8d8d\"><strong>C<\/strong><\/td>\n<td class=\"TESTO12biancoCX\" style=\"text-align: center;\" bgcolor=\"#8d8d8d\"><strong>F<\/strong><\/td>\n<\/tr>\n<tr>\n<th><\/th>\n<th style=\"text-align: center;\">ART.<\/th>\n<th style=\"text-align: center;\">ART.<\/th>\n<th style=\"text-align: center;\">ART.<\/th>\n<th style=\"text-align: center;\">ART.<\/th>\n<\/tr>\n<\/thead>\n<tbody>\n<tr>\n<td style=\"vertical-align: middle;\" bgcolor=\"#f0f0f0\">L1 H1<\/td>\n<td style=\"text-align: center;\"><span class=\"blue\">PIL\u00a0221<\/span><br \/>\n21,20 kg<\/td>\n<td style=\"text-align: center;\"><span class=\"blue\">PAN\u00a0217<\/span><br \/>\n5,55 kg<\/td>\n<td style=\"text-align: center;\"><span class=\"blue\">PAR\u00a0210<\/span><br \/>\n0,80 kg<\/td>\n<td style=\"text-align: center;\"><span class=\"blue\">PIR\u00a0204<\/span><br \/>\n5,58 kg<\/td>\n<\/tr>\n<\/tbody>\n<\/table>\n","protected":false},"excerpt":{"rendered":"<p>\u015acieny I Pod\u0142oga do Nissan NV200 By zabezpieczy\u0107 Twoj\u0105 przestrze\u0144 \u0142adunkow\u0105.\u00a0Wgniecenia i zarysowania mog\u0105 zniszczy\u0107 nadwozie powoduj\u0105c nadmierne zu\u017cycie i powstawanie rdzy. Zabezpiecz swojego Nissana NV200 montuj\u0105c panele StoreVan do.<\/p>\n","protected":false},"author":470,"featured_media":0,"parent":54173,"menu_order":0,"comment_status":"closed","ping_status":"closed","template":"","meta":[],"acf":[],"yoast_head":"<!-- This site is optimized with the Yoast SEO plugin v20.11 - https:\/\/yoast.com\/wordpress\/plugins\/seo\/ -->\n<title>\u015acieny I Pod\u0142oga do Nissan NV200<\/title>\n<meta name=\"robots\" content=\"index, follow, max-snippet:-1, max-image-preview:large, max-video-preview:-1\" \/>\n<link rel=\"canonical\" href=\"https:\/\/www.storevan.com\/allestimenti-veicoli-commerciali\/furgoni-nissan\/nv200\/pianali-pannellature\/\" \/>\n<meta property=\"og:locale\" content=\"pl_PL\" \/>\n<meta property=\"og:type\" content=\"article\" \/>\n<meta property=\"og:title\" content=\"\u015acieny I Pod\u0142oga do Nissan NV200\" \/>\n<meta property=\"og:description\" content=\"\u015acieny I Pod\u0142oga do Nissan NV200 By zabezpieczy\u0107 Twoj\u0105 przestrze\u0144 \u0142adunkow\u0105.\u00a0Wgniecenia i zarysowania mog\u0105 zniszczy\u0107 nadwozie powoduj\u0105c nadmierne zu\u017cycie i powstawanie rdzy. Zabezpiecz swojego Nissana NV200 montuj\u0105c panele StoreVan do.\" \/>\n<meta property=\"og:url\" content=\"https:\/\/www.storevan.com\/allestimenti-veicoli-commerciali\/furgoni-nissan\/nv200\/pianali-pannellature\/\" \/>\n<meta property=\"og:site_name\" content=\"Store Van\" \/>\n<meta property=\"article:modified_time\" content=\"2018-07-18T14:59:17+00:00\" \/>\n<meta property=\"og:image\" content=\"https:\/\/www.storevan.com\/wp-content\/uploads\/2017\/04\/StoreVan-Pianali-Pannellature-1D.jpg\" \/>\n<script type=\"application\/ld+json\" class=\"yoast-schema-graph\">{\"@context\":\"https:\/\/schema.org\",\"@graph\":[{\"@type\":\"WebPage\",\"@id\":\"https:\/\/www.storevan.com\/allestimenti-veicoli-commerciali\/furgoni-nissan\/nv200\/pianali-pannellature\/\",\"url\":\"https:\/\/www.storevan.com\/allestimenti-veicoli-commerciali\/furgoni-nissan\/nv200\/pianali-pannellature\/\",\"name\":\"\u015acieny I Pod\u0142oga do Nissan NV200\",\"isPartOf\":{\"@id\":\"https:\/\/www.storevan.com\/pl\/#website\"},\"datePublished\":\"2017-04-07T10:10:24+00:00\",\"dateModified\":\"2018-07-18T14:59:17+00:00\",\"breadcrumb\":{\"@id\":\"https:\/\/www.storevan.com\/allestimenti-veicoli-commerciali\/furgoni-nissan\/nv200\/pianali-pannellature\/#breadcrumb\"},\"inLanguage\":\"pl-PL\",\"potentialAction\":[{\"@type\":\"ReadAction\",\"target\":[\"https:\/\/www.storevan.com\/allestimenti-veicoli-commerciali\/furgoni-nissan\/nv200\/pianali-pannellature\/\"]}]},{\"@type\":\"BreadcrumbList\",\"@id\":\"https:\/\/www.storevan.com\/allestimenti-veicoli-commerciali\/furgoni-nissan\/nv200\/pianali-pannellature\/#breadcrumb\",\"itemListElement\":[{\"@type\":\"ListItem\",\"position\":1,\"name\":\"Home\",\"item\":\"https:\/\/www.storevan.com\/pl\/\"},{\"@type\":\"ListItem\",\"position\":2,\"name\":\"Zabudowy\",\"item\":\"https:\/\/www.storevan.com\/allestimenti-veicoli-commerciali\/\"},{\"@type\":\"ListItem\",\"position\":3,\"name\":\"Nissan\",\"item\":\"https:\/\/www.storevan.com\/allestimenti-veicoli-commerciali\/furgoni-nissan\/\"},{\"@type\":\"ListItem\",\"position\":4,\"name\":\"NV200\",\"item\":\"https:\/\/www.storevan.com\/allestimenti-veicoli-commerciali\/furgoni-nissan\/nv200\/\"},{\"@type\":\"ListItem\",\"position\":5,\"name\":\"\u015acieny I Pod\u0142oga\"}]},{\"@type\":\"WebSite\",\"@id\":\"https:\/\/www.storevan.com\/pl\/#website\",\"url\":\"https:\/\/www.storevan.com\/pl\/\",\"name\":\"Store Van\",\"description\":\"Zabudowy\",\"potentialAction\":[{\"@type\":\"SearchAction\",\"target\":{\"@type\":\"EntryPoint\",\"urlTemplate\":\"https:\/\/www.storevan.com\/pl\/?s={search_term_string}\"},\"query-input\":\"required name=search_term_string\"}],\"inLanguage\":\"pl-PL\"}]}<\/script>\n<!-- \/ Yoast SEO plugin. -->","yoast_head_json":{"title":"\u015acieny I Pod\u0142oga do Nissan NV200","robots":{"index":"index","follow":"follow","max-snippet":"max-snippet:-1","max-image-preview":"max-image-preview:large","max-video-preview":"max-video-preview:-1"},"canonical":"https:\/\/www.storevan.com\/allestimenti-veicoli-commerciali\/furgoni-nissan\/nv200\/pianali-pannellature\/","og_locale":"pl_PL","og_type":"article","og_title":"\u015acieny I Pod\u0142oga do Nissan NV200","og_description":"\u015acieny I Pod\u0142oga do Nissan NV200 By zabezpieczy\u0107 Twoj\u0105 przestrze\u0144 \u0142adunkow\u0105.\u00a0Wgniecenia i zarysowania mog\u0105 zniszczy\u0107 nadwozie powoduj\u0105c nadmierne zu\u017cycie i powstawanie rdzy. Zabezpiecz swojego Nissana NV200 montuj\u0105c panele StoreVan do.","og_url":"https:\/\/www.storevan.com\/allestimenti-veicoli-commerciali\/furgoni-nissan\/nv200\/pianali-pannellature\/","og_site_name":"Store Van","article_modified_time":"2018-07-18T14:59:17+00:00","og_image":[{"url":"https:\/\/www.storevan.com\/wp-content\/uploads\/2017\/04\/StoreVan-Pianali-Pannellature-1D.jpg"}],"schema":{"@context":"https:\/\/schema.org","@graph":[{"@type":"WebPage","@id":"https:\/\/www.storevan.com\/allestimenti-veicoli-commerciali\/furgoni-nissan\/nv200\/pianali-pannellature\/","url":"https:\/\/www.storevan.com\/allestimenti-veicoli-commerciali\/furgoni-nissan\/nv200\/pianali-pannellature\/","name":"\u015acieny I Pod\u0142oga do Nissan NV200","isPartOf":{"@id":"https:\/\/www.storevan.com\/pl\/#website"},"datePublished":"2017-04-07T10:10:24+00:00","dateModified":"2018-07-18T14:59:17+00:00","breadcrumb":{"@id":"https:\/\/www.storevan.com\/allestimenti-veicoli-commerciali\/furgoni-nissan\/nv200\/pianali-pannellature\/#breadcrumb"},"inLanguage":"pl-PL","potentialAction":[{"@type":"ReadAction","target":["https:\/\/www.storevan.com\/allestimenti-veicoli-commerciali\/furgoni-nissan\/nv200\/pianali-pannellature\/"]}]},{"@type":"BreadcrumbList","@id":"https:\/\/www.storevan.com\/allestimenti-veicoli-commerciali\/furgoni-nissan\/nv200\/pianali-pannellature\/#breadcrumb","itemListElement":[{"@type":"ListItem","position":1,"name":"Home","item":"https:\/\/www.storevan.com\/pl\/"},{"@type":"ListItem","position":2,"name":"Zabudowy","item":"https:\/\/www.storevan.com\/allestimenti-veicoli-commerciali\/"},{"@type":"ListItem","position":3,"name":"Nissan","item":"https:\/\/www.storevan.com\/allestimenti-veicoli-commerciali\/furgoni-nissan\/"},{"@type":"ListItem","position":4,"name":"NV200","item":"https:\/\/www.storevan.com\/allestimenti-veicoli-commerciali\/furgoni-nissan\/nv200\/"},{"@type":"ListItem","position":5,"name":"\u015acieny I Pod\u0142oga"}]},{"@type":"WebSite","@id":"https:\/\/www.storevan.com\/pl\/#website","url":"https:\/\/www.storevan.com\/pl\/","name":"Store Van","description":"Zabudowy","potentialAction":[{"@type":"SearchAction","target":{"@type":"EntryPoint","urlTemplate":"https:\/\/www.storevan.com\/pl\/?s={search_term_string}"},"query-input":"required name=search_term_string"}],"inLanguage":"pl-PL"}]}},"_links":{"self":[{"href":"https:\/\/www.storevan.com\/pl\/wp-json\/wp\/v2\/pages\/54178"}],"collection":[{"href":"https:\/\/www.storevan.com\/pl\/wp-json\/wp\/v2\/pages"}],"about":[{"href":"https:\/\/www.storevan.com\/pl\/wp-json\/wp\/v2\/types\/page"}],"author":[{"embeddable":true,"href":"https:\/\/www.storevan.com\/pl\/wp-json\/wp\/v2\/users\/470"}],"replies":[{"embeddable":true,"href":"https:\/\/www.storevan.com\/pl\/wp-json\/wp\/v2\/comments?post=54178"}],"version-history":[{"count":1,"href":"https:\/\/www.storevan.com\/pl\/wp-json\/wp\/v2\/pages\/54178\/revisions"}],"predecessor-version":[{"id":80963,"href":"https:\/\/www.storevan.com\/pl\/wp-json\/wp\/v2\/pages\/54178\/revisions\/80963"}],"up":[{"embeddable":true,"href":"https:\/\/www.storevan.com\/pl\/wp-json\/wp\/v2\/pages\/54173"}],"wp:attachment":[{"href":"https:\/\/www.storevan.com\/pl\/wp-json\/wp\/v2\/media?parent=54178"}],"curies":[{"name":"wp","href":"https:\/\/api.w.org\/{rel}","templated":true}]}}