{"id":54173,"date":"2017-04-07T10:04:28","date_gmt":"2017-04-07T10:04:28","guid":{"rendered":"https:\/\/www.storevan.com\/zabudowy\/nissan\/nv200\/"},"modified":"2019-02-21T12:41:09","modified_gmt":"2019-02-21T12:41:09","slug":"nv200","status":"publish","type":"page","link":"https:\/\/www.storevan.com\/pl\/zabudowy\/nissan\/nv200\/","title":{"rendered":"NV200"},"content":{"rendered":"<h1 class=\"customblackTitleSmall\">Zabudowy do Nissan NV200<\/h1>\n<p><img decoding=\"async\" loading=\"lazy\" src=\"https:\/\/www.storevan.com\/wp-content\/uploads\/2018\/07\/Nissan-NV200-top2.jpg\" alt=\"Wyposa\u017cenie samochod\u00f3w dostawczych do Nissan NV200\" width=\"1140\" height=\"199\" class=\"aligncenter size-full wp-image-80931\" srcset=\"https:\/\/www.storevan.com\/wp-content\/uploads\/2018\/07\/Nissan-NV200-top2.jpg 1140w, https:\/\/www.storevan.com\/wp-content\/uploads\/2018\/07\/Nissan-NV200-top2-300x52.jpg 300w, https:\/\/www.storevan.com\/wp-content\/uploads\/2018\/07\/Nissan-NV200-top2-768x134.jpg 768w, https:\/\/www.storevan.com\/wp-content\/uploads\/2018\/07\/Nissan-NV200-top2-1024x179.jpg 1024w\" sizes=\"(max-width: 1140px) 100vw, 1140px\" \/><\/p>\n<p>Spo\u015br\u00f3d dost\u0119pnych na rynku pojazd\u00f3w u\u017cytkowych, Nissan NV200 jest z\u00a0pewno\u015bci\u0105 samochodem wykorzystywanym przez przedsi\u0119biorstwa do r\u00f3\u017cnego rodzaju dzia\u0142alno\u015bci, z\u00a0uwagi na niezawodno\u015b\u0107, wytrzyma\u0142o\u015b\u0107 i\u00a0imponuj\u0105c\u0105 pojemno\u015b\u0107 \u0142adunkow\u0105, wynosz\u0105c\u0105 4,2\u00a0m\u00b3. Kompaktowy, z\u00a0wygodnym otwieraniem drzwi, mo\u017ce by\u0107 wykorzystywany do najci\u0119\u017cszych zada\u0144. Zapewnia szybki za\u0142adunek\/roz\u0142adunek towar\u00f3w oraz \u0142atwo\u015b\u0107 poruszania si\u0119 r\u00f3wnie\u017c w\u00a0ruchu miejskim.<\/p>\n<div class=\"col-xs-12 col-sm-6 col-md-6 col-lg-6\">\n<hr \/>\n<p><a href=\"https:\/\/www.storevan.com\/allestimenti-veicoli-commerciali\/furgoni-nissan\/nv200\/pianali-pannellature\/\" title=\"\u015aciany I Pod\u0142oga\"><img decoding=\"async\" loading=\"lazy\" class=\"aligncenter size-full wp-image-80366\" src=\"https:\/\/www.storevan.com\/wp-content\/uploads\/2018\/07\/pianali-rivestimenti-furgone.jpg\" alt=\"\u015aCIANY I POD\u0141OGA\" width=\"547\" height=\"113\" srcset=\"https:\/\/www.storevan.com\/wp-content\/uploads\/2018\/07\/pianali-rivestimenti-furgone.jpg 547w, https:\/\/www.storevan.com\/wp-content\/uploads\/2018\/07\/pianali-rivestimenti-furgone-300x62.jpg 300w\" sizes=\"(max-width: 547px) 100vw, 547px\" \/><\/a><\/p>\n<h3 class=\"bigTxt txtGrey\"><a href=\"https:\/\/www.storevan.com\/allestimenti-veicoli-commerciali\/furgoni-nissan\/nv200\/pianali-pannellature\/\">\u015aCIANY I POD\u0141OGA<\/a><\/h3>\n<\/div>\n<div class=\"col-xs-12 col-sm-6 col-md-6 col-lg-6\">\n<hr \/>\n<p><a href=\"https:\/\/www.storevan.com\/allestimenti-veicoli-commerciali\/furgoni-nissan\/nv200\/portatutto-portascale\/\" title=\"Baga\u017cniki\"><img decoding=\"async\" loading=\"lazy\" src=\"https:\/\/www.storevan.com\/wp-content\/uploads\/2018\/07\/portascale-portatutto-furgone.jpg\" alt=\"BAGA\u017bNIKI\" width=\"547\" height=\"113\" class=\"aligncenter size-full wp-image-80516\" srcset=\"https:\/\/www.storevan.com\/wp-content\/uploads\/2018\/07\/portascale-portatutto-furgone.jpg 547w, https:\/\/www.storevan.com\/wp-content\/uploads\/2018\/07\/portascale-portatutto-furgone-300x62.jpg 300w\" sizes=\"(max-width: 547px) 100vw, 547px\" \/><\/a><\/p>\n<h3 class=\"bigTxt txtGrey\"><a href=\"https:\/\/www.storevan.com\/allestimenti-veicoli-commerciali\/furgoni-nissan\/nv200\/portatutto-portascale\/\">BAGA\u017bNIKI<\/a><\/h3>\n<\/div>\n<div class=\"break\"><\/div>\n<p>Je\u017celi wybra\u0142e\u015b do swojej pracy ten w\u0142a\u015bnie samoch\u00f3d dostawczy i\u00a0chcesz jak najlepiej wykorzysta\u0107 jego przedzia\u0142 \u0142adunkowy, skontaktuj si\u0119 z\u00a0nami. Pomo\u017cemy przekszta\u0142ci\u0107 tw\u00f3j samoch\u00f3d w\u00a0mobilny warsztat. Stosowana przez nas blacha z\u00a0pow\u0142ok\u0105 Galvannealed, lakierowana kataforetycznie, zapewnia du\u017c\u0105 odporno\u015b\u0107 wyposa\u017cenia samochod\u00f3w dostawczych Nissan NV200 na korozj\u0119. Ta nowoczesna obr\u00f3bka ochronna blach pozwala zapewni\u0107 wi\u0119ksz\u0105 odporno\u015b\u0107 rega\u0142\u00f3w na rdz\u0119 oraz d\u0142u\u017csz\u0105 trwa\u0142o\u015b\u0107 nadwozi pojazd\u00f3w u\u017cytkowych NV200.<\/p>\n<h2>Oprogramowanie zapewniaj\u0105ce skuteczne doradztwo<\/h2>\n<p>Z\u00a0wykorzystaniem programu do projektowania 3D ostatniej generacji, odtwarzaj\u0105cego w\u00a0najmniejszych detalach realistyczne symulacje opracowywanego projektu, mo\u017cemy skutecznie odpowiada\u0107 na wszelkie wymagania naszych klient\u00f3w oraz uzupe\u0142ni\u0107 ofert\u0119 wyposa\u017cenia o\u00a0dodatkow\u0105 us\u0142ug\u0119.<\/p>\n","protected":false},"excerpt":{"rendered":"<p>Zabudowy do Nissan NV200 Spo\u015br\u00f3d dost\u0119pnych na rynku pojazd\u00f3w u\u017cytkowych, Nissan NV200 jest z\u00a0pewno\u015bci\u0105 samochodem wykorzystywanym przez przedsi\u0119biorstwa do r\u00f3\u017cnego rodzaju dzia\u0142alno\u015bci, z\u00a0uwagi na niezawodno\u015b\u0107, wytrzyma\u0142o\u015b\u0107 i\u00a0imponuj\u0105c\u0105 pojemno\u015b\u0107 \u0142adunkow\u0105, wynosz\u0105c\u0105.<\/p>\n","protected":false},"author":470,"featured_media":0,"parent":16449,"menu_order":0,"comment_status":"closed","ping_status":"closed","template":"","meta":[],"acf":[],"yoast_head":"<!-- This site is optimized with the Yoast SEO plugin v20.11 - https:\/\/yoast.com\/wordpress\/plugins\/seo\/ -->\n<title>Wyposa\u017cenie samochod\u00f3w dostawczych Nissan NV200<\/title>\n<meta name=\"description\" content=\"Wyposa\u017cenie samochod\u00f3w dostawczych Nissan NV200. Rega\u0142y cechuj\u0105ce si\u0119 du\u017c\u0105 odporno\u015bci\u0105 na korozj\u0119, dzi\u0119ki zastosowaniu blachy z\u00a0pow\u0142ok\u0105 Galvannealed.\" \/>\n<meta name=\"robots\" content=\"index, follow, max-snippet:-1, max-image-preview:large, max-video-preview:-1\" \/>\n<link rel=\"canonical\" href=\"https:\/\/www.storevan.com\/allestimenti-veicoli-commerciali\/furgoni-nissan\/nv200\/\" \/>\n<meta property=\"og:locale\" content=\"pl_PL\" \/>\n<meta property=\"og:type\" content=\"article\" \/>\n<meta property=\"og:title\" content=\"Wyposa\u017cenie samochod\u00f3w dostawczych Nissan NV200\" \/>\n<meta property=\"og:description\" content=\"Wyposa\u017cenie samochod\u00f3w dostawczych Nissan NV200. Rega\u0142y cechuj\u0105ce si\u0119 du\u017c\u0105 odporno\u015bci\u0105 na korozj\u0119, dzi\u0119ki zastosowaniu blachy z\u00a0pow\u0142ok\u0105 Galvannealed.\" \/>\n<meta property=\"og:url\" content=\"https:\/\/www.storevan.com\/allestimenti-veicoli-commerciali\/furgoni-nissan\/nv200\/\" \/>\n<meta property=\"og:site_name\" content=\"Store Van\" \/>\n<meta property=\"article:modified_time\" content=\"2019-02-21T12:41:09+00:00\" \/>\n<meta property=\"og:image\" content=\"https:\/\/www.storevan.com\/wp-content\/uploads\/2018\/07\/Nissan-NV200-top2.jpg\" \/>\n<meta name=\"twitter:label1\" content=\"Szacowany czas czytania\" \/>\n\t<meta name=\"twitter:data1\" content=\"1 minuta\" \/>\n<script type=\"application\/ld+json\" class=\"yoast-schema-graph\">{\"@context\":\"https:\/\/schema.org\",\"@graph\":[{\"@type\":\"WebPage\",\"@id\":\"https:\/\/www.storevan.com\/allestimenti-veicoli-commerciali\/furgoni-nissan\/nv200\/\",\"url\":\"https:\/\/www.storevan.com\/allestimenti-veicoli-commerciali\/furgoni-nissan\/nv200\/\",\"name\":\"Wyposa\u017cenie samochod\u00f3w dostawczych Nissan NV200\",\"isPartOf\":{\"@id\":\"https:\/\/www.storevan.com\/pl\/#website\"},\"datePublished\":\"2017-04-07T10:04:28+00:00\",\"dateModified\":\"2019-02-21T12:41:09+00:00\",\"description\":\"Wyposa\u017cenie samochod\u00f3w dostawczych Nissan NV200. Rega\u0142y cechuj\u0105ce si\u0119 du\u017c\u0105 odporno\u015bci\u0105 na korozj\u0119, dzi\u0119ki zastosowaniu blachy z\u00a0pow\u0142ok\u0105 Galvannealed.\",\"breadcrumb\":{\"@id\":\"https:\/\/www.storevan.com\/allestimenti-veicoli-commerciali\/furgoni-nissan\/nv200\/#breadcrumb\"},\"inLanguage\":\"pl-PL\",\"potentialAction\":[{\"@type\":\"ReadAction\",\"target\":[\"https:\/\/www.storevan.com\/allestimenti-veicoli-commerciali\/furgoni-nissan\/nv200\/\"]}]},{\"@type\":\"BreadcrumbList\",\"@id\":\"https:\/\/www.storevan.com\/allestimenti-veicoli-commerciali\/furgoni-nissan\/nv200\/#breadcrumb\",\"itemListElement\":[{\"@type\":\"ListItem\",\"position\":1,\"name\":\"Home\",\"item\":\"https:\/\/www.storevan.com\/pl\/\"},{\"@type\":\"ListItem\",\"position\":2,\"name\":\"Zabudowy\",\"item\":\"https:\/\/www.storevan.com\/allestimenti-veicoli-commerciali\/\"},{\"@type\":\"ListItem\",\"position\":3,\"name\":\"Nissan\",\"item\":\"https:\/\/www.storevan.com\/allestimenti-veicoli-commerciali\/furgoni-nissan\/\"},{\"@type\":\"ListItem\",\"position\":4,\"name\":\"NV200\"}]},{\"@type\":\"WebSite\",\"@id\":\"https:\/\/www.storevan.com\/pl\/#website\",\"url\":\"https:\/\/www.storevan.com\/pl\/\",\"name\":\"Store Van\",\"description\":\"Zabudowy\",\"potentialAction\":[{\"@type\":\"SearchAction\",\"target\":{\"@type\":\"EntryPoint\",\"urlTemplate\":\"https:\/\/www.storevan.com\/pl\/?s={search_term_string}\"},\"query-input\":\"required name=search_term_string\"}],\"inLanguage\":\"pl-PL\"}]}<\/script>\n<!-- \/ Yoast SEO plugin. -->","yoast_head_json":{"title":"Wyposa\u017cenie samochod\u00f3w dostawczych Nissan NV200","description":"Wyposa\u017cenie samochod\u00f3w dostawczych Nissan NV200. Rega\u0142y cechuj\u0105ce si\u0119 du\u017c\u0105 odporno\u015bci\u0105 na korozj\u0119, dzi\u0119ki zastosowaniu blachy z\u00a0pow\u0142ok\u0105 Galvannealed.","robots":{"index":"index","follow":"follow","max-snippet":"max-snippet:-1","max-image-preview":"max-image-preview:large","max-video-preview":"max-video-preview:-1"},"canonical":"https:\/\/www.storevan.com\/allestimenti-veicoli-commerciali\/furgoni-nissan\/nv200\/","og_locale":"pl_PL","og_type":"article","og_title":"Wyposa\u017cenie samochod\u00f3w dostawczych Nissan NV200","og_description":"Wyposa\u017cenie samochod\u00f3w dostawczych Nissan NV200. Rega\u0142y cechuj\u0105ce si\u0119 du\u017c\u0105 odporno\u015bci\u0105 na korozj\u0119, dzi\u0119ki zastosowaniu blachy z\u00a0pow\u0142ok\u0105 Galvannealed.","og_url":"https:\/\/www.storevan.com\/allestimenti-veicoli-commerciali\/furgoni-nissan\/nv200\/","og_site_name":"Store Van","article_modified_time":"2019-02-21T12:41:09+00:00","og_image":[{"url":"https:\/\/www.storevan.com\/wp-content\/uploads\/2018\/07\/Nissan-NV200-top2.jpg"}],"twitter_misc":{"Szacowany czas czytania":"1 minuta"},"schema":{"@context":"https:\/\/schema.org","@graph":[{"@type":"WebPage","@id":"https:\/\/www.storevan.com\/allestimenti-veicoli-commerciali\/furgoni-nissan\/nv200\/","url":"https:\/\/www.storevan.com\/allestimenti-veicoli-commerciali\/furgoni-nissan\/nv200\/","name":"Wyposa\u017cenie samochod\u00f3w dostawczych Nissan NV200","isPartOf":{"@id":"https:\/\/www.storevan.com\/pl\/#website"},"datePublished":"2017-04-07T10:04:28+00:00","dateModified":"2019-02-21T12:41:09+00:00","description":"Wyposa\u017cenie samochod\u00f3w dostawczych Nissan NV200. Rega\u0142y cechuj\u0105ce si\u0119 du\u017c\u0105 odporno\u015bci\u0105 na korozj\u0119, dzi\u0119ki zastosowaniu blachy z\u00a0pow\u0142ok\u0105 Galvannealed.","breadcrumb":{"@id":"https:\/\/www.storevan.com\/allestimenti-veicoli-commerciali\/furgoni-nissan\/nv200\/#breadcrumb"},"inLanguage":"pl-PL","potentialAction":[{"@type":"ReadAction","target":["https:\/\/www.storevan.com\/allestimenti-veicoli-commerciali\/furgoni-nissan\/nv200\/"]}]},{"@type":"BreadcrumbList","@id":"https:\/\/www.storevan.com\/allestimenti-veicoli-commerciali\/furgoni-nissan\/nv200\/#breadcrumb","itemListElement":[{"@type":"ListItem","position":1,"name":"Home","item":"https:\/\/www.storevan.com\/pl\/"},{"@type":"ListItem","position":2,"name":"Zabudowy","item":"https:\/\/www.storevan.com\/allestimenti-veicoli-commerciali\/"},{"@type":"ListItem","position":3,"name":"Nissan","item":"https:\/\/www.storevan.com\/allestimenti-veicoli-commerciali\/furgoni-nissan\/"},{"@type":"ListItem","position":4,"name":"NV200"}]},{"@type":"WebSite","@id":"https:\/\/www.storevan.com\/pl\/#website","url":"https:\/\/www.storevan.com\/pl\/","name":"Store Van","description":"Zabudowy","potentialAction":[{"@type":"SearchAction","target":{"@type":"EntryPoint","urlTemplate":"https:\/\/www.storevan.com\/pl\/?s={search_term_string}"},"query-input":"required name=search_term_string"}],"inLanguage":"pl-PL"}]}},"_links":{"self":[{"href":"https:\/\/www.storevan.com\/pl\/wp-json\/wp\/v2\/pages\/54173"}],"collection":[{"href":"https:\/\/www.storevan.com\/pl\/wp-json\/wp\/v2\/pages"}],"about":[{"href":"https:\/\/www.storevan.com\/pl\/wp-json\/wp\/v2\/types\/page"}],"author":[{"embeddable":true,"href":"https:\/\/www.storevan.com\/pl\/wp-json\/wp\/v2\/users\/470"}],"replies":[{"embeddable":true,"href":"https:\/\/www.storevan.com\/pl\/wp-json\/wp\/v2\/comments?post=54173"}],"version-history":[{"count":4,"href":"https:\/\/www.storevan.com\/pl\/wp-json\/wp\/v2\/pages\/54173\/revisions"}],"predecessor-version":[{"id":98018,"href":"https:\/\/www.storevan.com\/pl\/wp-json\/wp\/v2\/pages\/54173\/revisions\/98018"}],"up":[{"embeddable":true,"href":"https:\/\/www.storevan.com\/pl\/wp-json\/wp\/v2\/pages\/16449"}],"wp:attachment":[{"href":"https:\/\/www.storevan.com\/pl\/wp-json\/wp\/v2\/media?parent=54173"}],"curies":[{"name":"wp","href":"https:\/\/api.w.org\/{rel}","templated":true}]}}