{"id":53488,"date":"2017-03-09T10:48:32","date_gmt":"2017-03-09T10:48:32","guid":{"rendered":"https:\/\/www.storevan.com\/allestimento-furgoni-svizzera\/"},"modified":"2025-11-24T13:26:54","modified_gmt":"2025-11-24T13:26:54","slug":"zabudowy-szwajcaria","status":"publish","type":"page","link":"https:\/\/www.storevan.com\/pl\/zabudowy-szwajcaria\/","title":{"rendered":"Wyposa\u017cenie Samochod\u00f3w Serwisowych StoreVan &#8211; filia szwajcarska"},"content":{"rendered":"<h1 class=\"customblackTitleSmall\">Wyposa\u017cenie Samochod\u00f3w Serwisowych StoreVan &#8211; filia szwajcarska<\/h1>\n<p style=\"text-align: justify;\">StoreVan wzmacnia swoj\u0105 mark\u0119 na rynku eksportowym poprzez rozszerzanie sieci sprzeda\u017cy o szwajcarsk\u0105 fili\u0119 FAMI AG. W Szwajcarii znajduje si\u0119 oddzia\u0142, kt\u00f3ry specjalizuje si\u0119 w projektowaniu i monta\u017cu wyposa\u017cenia w samochodach serwisowych. Jest to stale rozwijaj\u0105ca si\u0119 organizacja, b\u0119d\u0105ca w stanie przygotowa\u0107 zabudowy dla firm z r\u00f3\u017cnorodnych bran\u017c \u2013 dzi\u0119ki du\u017cej gamie produkt\u00f3w StoreVan: od rega\u0142\u00f3w, poprzez panele \u015bcienne zapewniaj\u0105ce ochron\u0119 wn\u0119trza pojazdu oraz znajduj\u0105cego si\u0119 w nim \u0142adunku. Dost\u0119pne jest kompletne wyposa\u017cenie i akcesoria.<\/p>\n<p style=\"text-align: justify;\">Zesp\u00f3\u0142 szwajcarskich specjalist\u00f3w do spraw technicznych dostarcza swoim klientom produkty StoreVan tak doskona\u0142e jak te dost\u0119pne bezpo\u015brednio na rynku w\u0142oskim.<\/p>\n<div class=\"col-xs-12 col-md-6 col-lg-6\">\n<a href=\"https:\/\/www.storevan.com\/wp-content\/uploads\/2023\/06\/stabilimento.jpg\"><img decoding=\"async\" loading=\"lazy\" class=\"aligncenter wp-image-152213 size-full\" src=\"https:\/\/www.storevan.com\/wp-content\/uploads\/2023\/06\/stabilimento.jpg\" alt=\"\" width=\"600\" height=\"455\" srcset=\"https:\/\/www.storevan.com\/wp-content\/uploads\/2023\/06\/stabilimento.jpg 600w, https:\/\/www.storevan.com\/wp-content\/uploads\/2023\/06\/stabilimento-300x228.jpg 300w\" sizes=\"(max-width: 600px) 100vw, 600px\" \/><\/a>\n<\/div>\n<div class=\"col-xs-12 col-md-6 col-lg-6\">\n<p style=\"margin-left:10px;\"><strong>Fami Ag<\/strong><br \/>\nTannenwiesenstrasse 5a<br \/>\n8570 Weinfelden<br \/>\nTelefon: +41 (0)71 699 19 14<br \/>\nFax: +41 (0)71 699 19 12<br \/>\n<a href=\"mailto:info@fami-ag.ch\">info@fami-ag.ch<\/a><br \/>\n<a href=\"https:\/\/fami-ag.ch\/\">www.fami-ag.ch<\/a>\n<\/p>\n<div class=\"col-xs-6 col-md-6\"><a href=\"https:\/\/www.storevan.com\/wp-content\/uploads\/2023\/06\/showroom-300x223.jpg\"><img decoding=\"async\" loading=\"lazy\" class=\"wp-image-152207 size-medium aligncenter\" src=\"https:\/\/www.storevan.com\/wp-content\/uploads\/2023\/06\/showroom-300x223.jpg\" alt=\"\" width=\"300\" height=\"223\" srcset=\"https:\/\/www.storevan.com\/wp-content\/uploads\/2023\/06\/showroom-300x223.jpg 300w, https:\/\/www.storevan.com\/wp-content\/uploads\/2023\/06\/showroom.jpg 600w\" sizes=\"(max-width: 300px) 100vw, 300px\" \/><\/a><\/div>\n<div class=\"col-xs-6 col-md-6\"><a href=\"https:\/\/www.storevan.com\/wp-content\/uploads\/2023\/06\/uffici-300x225.jpg\"><img decoding=\"async\" loading=\"lazy\" class=\"wp-image-152219 size-medium aligncenter\" src=\"https:\/\/www.storevan.com\/wp-content\/uploads\/2023\/06\/uffici-300x225.jpg\" alt=\"\" width=\"300\" height=\"225\" srcset=\"https:\/\/www.storevan.com\/wp-content\/uploads\/2023\/06\/uffici-300x225.jpg 300w, https:\/\/www.storevan.com\/wp-content\/uploads\/2023\/06\/uffici-425x320.jpg 425w, https:\/\/www.storevan.com\/wp-content\/uploads\/2023\/06\/uffici.jpg 600w\" sizes=\"(max-width: 300px) 100vw, 300px\" \/><\/a><\/div>\n<hr class=\"noColor\" style=\"clear:both\"\/>\n<\/div>\n<hr class=\"noColor\" style=\"clear:both\"\/>\n","protected":false},"excerpt":{"rendered":"<p>Wyposa\u017cenie Samochod\u00f3w Serwisowych StoreVan &#8211; filia szwajcarska StoreVan wzmacnia swoj\u0105 mark\u0119 na rynku eksportowym poprzez rozszerzanie sieci sprzeda\u017cy o szwajcarsk\u0105 fili\u0119 FAMI AG. W Szwajcarii znajduje si\u0119 oddzia\u0142, kt\u00f3ry specjalizuje.<\/p>\n","protected":false},"author":470,"featured_media":0,"parent":0,"menu_order":0,"comment_status":"closed","ping_status":"closed","template":"","meta":[],"acf":[],"yoast_head":"<!-- This site is optimized with the Yoast SEO plugin v20.11 - https:\/\/yoast.com\/wordpress\/plugins\/seo\/ -->\n<title>Wyposa\u017cenie Samochod\u00f3w Serwisowych StoreVan - filia szwajcarska<\/title>\n<meta name=\"description\" content=\"Wyposa\u017cenie StoreVan w Szwajcarii. Mobilny serwis zaprojektowany wed\u0142ug indywidualnych potrzeb klienta: rega\u0142y, blaty robocze, pod\u0142ogi oraz panele \u015bcienne.\" \/>\n<meta name=\"robots\" content=\"index, follow, max-snippet:-1, max-image-preview:large, max-video-preview:-1\" \/>\n<link rel=\"canonical\" href=\"https:\/\/www.storevan.com\/pl\/zabudowy-szwajcaria\/\" \/>\n<meta property=\"og:locale\" content=\"pl_PL\" \/>\n<meta property=\"og:type\" content=\"article\" \/>\n<meta property=\"og:title\" content=\"Wyposa\u017cenie Samochod\u00f3w Serwisowych StoreVan - filia szwajcarska\" \/>\n<meta property=\"og:description\" content=\"Wyposa\u017cenie StoreVan w Szwajcarii. Mobilny serwis zaprojektowany wed\u0142ug indywidualnych potrzeb klienta: rega\u0142y, blaty robocze, pod\u0142ogi oraz panele \u015bcienne.\" \/>\n<meta property=\"og:url\" content=\"https:\/\/www.storevan.com\/pl\/zabudowy-szwajcaria\/\" \/>\n<meta property=\"og:site_name\" content=\"Store Van\" \/>\n<meta property=\"article:modified_time\" content=\"2025-11-24T13:26:54+00:00\" \/>\n<meta property=\"og:image\" content=\"https:\/\/www.storevan.com\/wp-content\/uploads\/2023\/06\/stabilimento.jpg\" \/>\n<meta name=\"twitter:label1\" content=\"Szacowany czas czytania\" \/>\n\t<meta name=\"twitter:data1\" content=\"2 minuty\" \/>\n<script type=\"application\/ld+json\" class=\"yoast-schema-graph\">{\"@context\":\"https:\/\/schema.org\",\"@graph\":[{\"@type\":\"WebPage\",\"@id\":\"https:\/\/www.storevan.com\/pl\/zabudowy-szwajcaria\/\",\"url\":\"https:\/\/www.storevan.com\/pl\/zabudowy-szwajcaria\/\",\"name\":\"Wyposa\u017cenie Samochod\u00f3w Serwisowych StoreVan - filia szwajcarska\",\"isPartOf\":{\"@id\":\"https:\/\/www.storevan.com\/pl\/#website\"},\"datePublished\":\"2017-03-09T10:48:32+00:00\",\"dateModified\":\"2025-11-24T13:26:54+00:00\",\"description\":\"Wyposa\u017cenie StoreVan w Szwajcarii. Mobilny serwis zaprojektowany wed\u0142ug indywidualnych potrzeb klienta: rega\u0142y, blaty robocze, pod\u0142ogi oraz panele \u015bcienne.\",\"breadcrumb\":{\"@id\":\"https:\/\/www.storevan.com\/pl\/zabudowy-szwajcaria\/#breadcrumb\"},\"inLanguage\":\"pl-PL\",\"potentialAction\":[{\"@type\":\"ReadAction\",\"target\":[\"https:\/\/www.storevan.com\/pl\/zabudowy-szwajcaria\/\"]}]},{\"@type\":\"BreadcrumbList\",\"@id\":\"https:\/\/www.storevan.com\/pl\/zabudowy-szwajcaria\/#breadcrumb\",\"itemListElement\":[{\"@type\":\"ListItem\",\"position\":1,\"name\":\"Home\",\"item\":\"https:\/\/www.storevan.com\/pl\/\"},{\"@type\":\"ListItem\",\"position\":2,\"name\":\"Wyposa\u017cenie Samochod\u00f3w Serwisowych StoreVan &#8211; filia szwajcarska\"}]},{\"@type\":\"WebSite\",\"@id\":\"https:\/\/www.storevan.com\/pl\/#website\",\"url\":\"https:\/\/www.storevan.com\/pl\/\",\"name\":\"Store Van\",\"description\":\"Zabudowy\",\"potentialAction\":[{\"@type\":\"SearchAction\",\"target\":{\"@type\":\"EntryPoint\",\"urlTemplate\":\"https:\/\/www.storevan.com\/pl\/?s={search_term_string}\"},\"query-input\":\"required name=search_term_string\"}],\"inLanguage\":\"pl-PL\"}]}<\/script>\n<!-- \/ Yoast SEO plugin. -->","yoast_head_json":{"title":"Wyposa\u017cenie Samochod\u00f3w Serwisowych StoreVan - filia szwajcarska","description":"Wyposa\u017cenie StoreVan w Szwajcarii. Mobilny serwis zaprojektowany wed\u0142ug indywidualnych potrzeb klienta: rega\u0142y, blaty robocze, pod\u0142ogi oraz panele \u015bcienne.","robots":{"index":"index","follow":"follow","max-snippet":"max-snippet:-1","max-image-preview":"max-image-preview:large","max-video-preview":"max-video-preview:-1"},"canonical":"https:\/\/www.storevan.com\/pl\/zabudowy-szwajcaria\/","og_locale":"pl_PL","og_type":"article","og_title":"Wyposa\u017cenie Samochod\u00f3w Serwisowych StoreVan - filia szwajcarska","og_description":"Wyposa\u017cenie StoreVan w Szwajcarii. Mobilny serwis zaprojektowany wed\u0142ug indywidualnych potrzeb klienta: rega\u0142y, blaty robocze, pod\u0142ogi oraz panele \u015bcienne.","og_url":"https:\/\/www.storevan.com\/pl\/zabudowy-szwajcaria\/","og_site_name":"Store Van","article_modified_time":"2025-11-24T13:26:54+00:00","og_image":[{"url":"https:\/\/www.storevan.com\/wp-content\/uploads\/2023\/06\/stabilimento.jpg"}],"twitter_misc":{"Szacowany czas czytania":"2 minuty"},"schema":{"@context":"https:\/\/schema.org","@graph":[{"@type":"WebPage","@id":"https:\/\/www.storevan.com\/pl\/zabudowy-szwajcaria\/","url":"https:\/\/www.storevan.com\/pl\/zabudowy-szwajcaria\/","name":"Wyposa\u017cenie Samochod\u00f3w Serwisowych StoreVan - filia szwajcarska","isPartOf":{"@id":"https:\/\/www.storevan.com\/pl\/#website"},"datePublished":"2017-03-09T10:48:32+00:00","dateModified":"2025-11-24T13:26:54+00:00","description":"Wyposa\u017cenie StoreVan w Szwajcarii. Mobilny serwis zaprojektowany wed\u0142ug indywidualnych potrzeb klienta: rega\u0142y, blaty robocze, pod\u0142ogi oraz panele \u015bcienne.","breadcrumb":{"@id":"https:\/\/www.storevan.com\/pl\/zabudowy-szwajcaria\/#breadcrumb"},"inLanguage":"pl-PL","potentialAction":[{"@type":"ReadAction","target":["https:\/\/www.storevan.com\/pl\/zabudowy-szwajcaria\/"]}]},{"@type":"BreadcrumbList","@id":"https:\/\/www.storevan.com\/pl\/zabudowy-szwajcaria\/#breadcrumb","itemListElement":[{"@type":"ListItem","position":1,"name":"Home","item":"https:\/\/www.storevan.com\/pl\/"},{"@type":"ListItem","position":2,"name":"Wyposa\u017cenie Samochod\u00f3w Serwisowych StoreVan &#8211; filia szwajcarska"}]},{"@type":"WebSite","@id":"https:\/\/www.storevan.com\/pl\/#website","url":"https:\/\/www.storevan.com\/pl\/","name":"Store Van","description":"Zabudowy","potentialAction":[{"@type":"SearchAction","target":{"@type":"EntryPoint","urlTemplate":"https:\/\/www.storevan.com\/pl\/?s={search_term_string}"},"query-input":"required name=search_term_string"}],"inLanguage":"pl-PL"}]}},"_links":{"self":[{"href":"https:\/\/www.storevan.com\/pl\/wp-json\/wp\/v2\/pages\/53488"}],"collection":[{"href":"https:\/\/www.storevan.com\/pl\/wp-json\/wp\/v2\/pages"}],"about":[{"href":"https:\/\/www.storevan.com\/pl\/wp-json\/wp\/v2\/types\/page"}],"author":[{"embeddable":true,"href":"https:\/\/www.storevan.com\/pl\/wp-json\/wp\/v2\/users\/470"}],"replies":[{"embeddable":true,"href":"https:\/\/www.storevan.com\/pl\/wp-json\/wp\/v2\/comments?post=53488"}],"version-history":[{"count":7,"href":"https:\/\/www.storevan.com\/pl\/wp-json\/wp\/v2\/pages\/53488\/revisions"}],"predecessor-version":[{"id":163619,"href":"https:\/\/www.storevan.com\/pl\/wp-json\/wp\/v2\/pages\/53488\/revisions\/163619"}],"wp:attachment":[{"href":"https:\/\/www.storevan.com\/pl\/wp-json\/wp\/v2\/media?parent=53488"}],"curies":[{"name":"wp","href":"https:\/\/api.w.org\/{rel}","templated":true}]}}