{"id":53406,"date":"2017-02-21T09:03:11","date_gmt":"2017-02-21T09:03:11","guid":{"rendered":"https:\/\/www.storevan.com\/allestimento-furgoni-filiale-emilia\/"},"modified":"2024-02-01T15:17:04","modified_gmt":"2024-02-01T15:17:04","slug":"zabudowy-emilia","status":"publish","type":"page","link":"https:\/\/www.storevan.com\/pl\/zabudowy-emilia\/","title":{"rendered":"Wyposa\u017cenie Samochod\u00f3w Serwisowych Store Van &#8211; Filia Emilia Romagna"},"content":{"rendered":"<h1 class=\"customblackTitleSmall\">Wyposa\u017cenie Samochod\u00f3w Serwisowych Store Van &#8211; Filia Emilia Romagna<\/h1>\n<p style=\"text-align: justify;\">By dzia\u0142a\u0107 jeszcze bardziej efektywnie na rynku w\u0142oskim zabud\u00f3w serwisowych, Storevan otworzy\u0142 biuro w Zola Predosa (Bologna). Kolejny punkt sprzeda\u017cy rozwija si\u0119 obiecuj\u0105co, zwi\u0119ksza dost\u0119pno\u015b\u0107 produkt\u00f3w StoreVan dla klient\u00f3w ko\u0144cowych.<\/p>\n<div class=\"one_half\">\n<p><img decoding=\"async\" loading=\"lazy\" class=\"aligncenter size-full wp-image-52405\" src=\"https:\/\/www.storevan.com\/wp-content\/uploads\/2022\/01\/sede-Zola-Pedrosa.jpg\" alt=\"Allestimento furgoni Store Van in Emilia Romagna\" width=\"555\" height=\"230\" \/><\/p>\n<\/div><div class=\"one_half last\">\n<p style=\"text-align: justify;\">Monta\u017c indywidualnie zaprojektowanych rozwi\u0105za\u0144 dla wszystkich marek samochod\u00f3w dostawczych: p\u00f3\u0142ki, panele chroni\u0105ce przestrze\u0144 \u0142adunkow\u0105, szuflady, blaty robocze, plastikowe pojemniki do przechowywania ma\u0142ych element\u00f3w monta\u017cowych, paneli perforowanych na \u015bcian\u0119 do wieszania narz\u0119dzi oraz baga\u017cnik\u00f3w dachowych. Systemy zabezpieczenia \u0142adunku maj\u0105 zasadnicze znaczenie w transporcie wi\u0119c filia w Emilia Romagna posiada wszystko, czego mo\u017cna potrzebowa\u0107 w tym zakresie: uchwyty oraz pasy transportowe, dr\u0105\u017cki teleskopowe itp.<\/p>\n<p style=\"text-align: justify;\">Zesp\u00f3\u0142 filii Emilia Romagna ch\u0119tnie doradzi Pa\u0144stwu jak uzyska\u0107 optymalne zagospodarowanie przestrzeni \u0142adunkowej.<\/p>\n<p style=\"text-align: justify;\">Projekt 3D poka\u017ce realne mo\u017cliwo\u015bci,kt\u00f3re daje zabudowa, ukazuj\u0105c nawet najdrobniejsze detale. Mobilny serwis StoreVan to Twoja najlepsza profesjonalna wizyt\u00f3wka. Zadzwo\u0144 do naszej filii Emilia Romagna. Do zobaczenia!<\/p>\n<\/div><div class=\"clearboth\"><\/div>\n<p><strong>EMILIA ROMAGNA &#8211; FAMI S.r.l.<\/strong><br \/>\nVia Guido Rossa, 13 &#8211; 40069 Zola Predosa (BO)<br \/>\nTel. +39 051 734826 &#8211; Fax. +39 051 6504609<br \/>\n<a class=\"TESTlinkmenu\" href=\"mailto:commerciale.bologna@storevan.it\">commerciale.bologna@storevan.it<\/a><br \/>\n<div class=\"demo-sep\" style=\"margin-top: 40px;\"><\/div>\n<div class=\"one_third\">\n<strong><em><span style=\"color: #ff9900;\">BOLOGNA, MODENA<\/span><\/em><\/strong><\/p>\n<p>Osoba kontaktowa : Sig. MIRCO GALLONI<br \/>\n<a class=\"TESTlinkmenu\" href=\"mailto:mirco.galloni@storevan.it\">mirco.galloni@storevan.it<\/a><br \/>\nCell. +39 392 9791956<br \/>\n<\/div>\n<div class=\"one_third\">\n<strong><em><span style=\"color: #ff9900;\">REGGIO EMILIA, PARMA, PIACENZA<\/span><\/em><\/strong><\/p>\n<p>Osoba kontaktowa : Sig. MORENO FONTANESI<br \/>\n<a class=\"TESTlinkmenu\" href=\"mailto:moreno.fontanesi@storevan.it\">moreno.fontanesi@storevan.it<\/a><br \/>\nCell. +39 335 7014833<br \/>\n<\/div>\n<div class=\"one_third last\">\n<strong><em><span style=\"color: #ff9900;\">FERRARA, FORLI&#8217;-CESENA, RAVENNA, RIMINI <\/span><\/em><\/strong><\/p>\n<p>Osoba kontaktowa: Sig. MAURO MANIZZA<br \/>\n<a class=\"TESTlinkmenu\" href=\"mailto:mauro.manizza@storevan.it\">mauro.manizza@storevan.it<\/a><br \/>\nCell. +39 366 9011216<br \/>\n<\/div><div class=\"clearboth\"><\/div>\n<p>&nbsp;<\/p>\n","protected":false},"excerpt":{"rendered":"<p>Wyposa\u017cenie Samochod\u00f3w Serwisowych Store Van &#8211; Filia Emilia Romagna By dzia\u0142a\u0107 jeszcze bardziej efektywnie na rynku w\u0142oskim zabud\u00f3w serwisowych, Storevan otworzy\u0142 biuro w Zola Predosa (Bologna). Kolejny punkt sprzeda\u017cy rozwija.<\/p>\n","protected":false},"author":470,"featured_media":0,"parent":0,"menu_order":0,"comment_status":"closed","ping_status":"closed","template":"","meta":[],"acf":[],"yoast_head":"<!-- This site is optimized with the Yoast SEO plugin v20.11 - https:\/\/yoast.com\/wordpress\/plugins\/seo\/ -->\n<title>Wyposa\u017cenie Samochod\u00f3w Serwisowych - Emilia Romagna<\/title>\n<meta name=\"description\" content=\"Wyposa\u017cenie Store Van do van\u00f3w w Emilia Romagna. Monta\u017c rega\u0142\u00f3w, paneli, szuflad oraz baga\u017cnik\u00f3w dachowych we wszystkich markach samochod\u00f3w serwisowych.\" \/>\n<meta name=\"robots\" content=\"index, follow, max-snippet:-1, max-image-preview:large, max-video-preview:-1\" \/>\n<link rel=\"canonical\" href=\"https:\/\/www.storevan.com\/pl\/zabudowy-emilia\/\" \/>\n<meta property=\"og:locale\" content=\"pl_PL\" \/>\n<meta property=\"og:type\" content=\"article\" \/>\n<meta property=\"og:title\" content=\"Wyposa\u017cenie Samochod\u00f3w Serwisowych - Emilia Romagna\" \/>\n<meta property=\"og:description\" content=\"Wyposa\u017cenie Store Van do van\u00f3w w Emilia Romagna. Monta\u017c rega\u0142\u00f3w, paneli, szuflad oraz baga\u017cnik\u00f3w dachowych we wszystkich markach samochod\u00f3w serwisowych.\" \/>\n<meta property=\"og:url\" content=\"https:\/\/www.storevan.com\/pl\/zabudowy-emilia\/\" \/>\n<meta property=\"og:site_name\" content=\"Store Van\" \/>\n<meta property=\"article:modified_time\" content=\"2024-02-01T15:17:04+00:00\" \/>\n<meta property=\"og:image\" content=\"https:\/\/www.storevan.com\/wp-content\/uploads\/2022\/01\/sede-Zola-Pedrosa.jpg\" \/>\n<meta name=\"twitter:label1\" content=\"Szacowany czas czytania\" \/>\n\t<meta name=\"twitter:data1\" content=\"2 minuty\" \/>\n<script type=\"application\/ld+json\" class=\"yoast-schema-graph\">{\"@context\":\"https:\/\/schema.org\",\"@graph\":[{\"@type\":\"WebPage\",\"@id\":\"https:\/\/www.storevan.com\/pl\/zabudowy-emilia\/\",\"url\":\"https:\/\/www.storevan.com\/pl\/zabudowy-emilia\/\",\"name\":\"Wyposa\u017cenie Samochod\u00f3w Serwisowych - Emilia Romagna\",\"isPartOf\":{\"@id\":\"https:\/\/www.storevan.com\/pl\/#website\"},\"datePublished\":\"2017-02-21T09:03:11+00:00\",\"dateModified\":\"2024-02-01T15:17:04+00:00\",\"description\":\"Wyposa\u017cenie Store Van do van\u00f3w w Emilia Romagna. Monta\u017c rega\u0142\u00f3w, paneli, szuflad oraz baga\u017cnik\u00f3w dachowych we wszystkich markach samochod\u00f3w serwisowych.\",\"breadcrumb\":{\"@id\":\"https:\/\/www.storevan.com\/pl\/zabudowy-emilia\/#breadcrumb\"},\"inLanguage\":\"pl-PL\",\"potentialAction\":[{\"@type\":\"ReadAction\",\"target\":[\"https:\/\/www.storevan.com\/pl\/zabudowy-emilia\/\"]}]},{\"@type\":\"BreadcrumbList\",\"@id\":\"https:\/\/www.storevan.com\/pl\/zabudowy-emilia\/#breadcrumb\",\"itemListElement\":[{\"@type\":\"ListItem\",\"position\":1,\"name\":\"Home\",\"item\":\"https:\/\/www.storevan.com\/pl\/\"},{\"@type\":\"ListItem\",\"position\":2,\"name\":\"Wyposa\u017cenie Samochod\u00f3w Serwisowych Store Van &#8211; Filia Emilia Romagna\"}]},{\"@type\":\"WebSite\",\"@id\":\"https:\/\/www.storevan.com\/pl\/#website\",\"url\":\"https:\/\/www.storevan.com\/pl\/\",\"name\":\"Store Van\",\"description\":\"Zabudowy\",\"potentialAction\":[{\"@type\":\"SearchAction\",\"target\":{\"@type\":\"EntryPoint\",\"urlTemplate\":\"https:\/\/www.storevan.com\/pl\/?s={search_term_string}\"},\"query-input\":\"required name=search_term_string\"}],\"inLanguage\":\"pl-PL\"}]}<\/script>\n<!-- \/ Yoast SEO plugin. -->","yoast_head_json":{"title":"Wyposa\u017cenie Samochod\u00f3w Serwisowych - Emilia Romagna","description":"Wyposa\u017cenie Store Van do van\u00f3w w Emilia Romagna. Monta\u017c rega\u0142\u00f3w, paneli, szuflad oraz baga\u017cnik\u00f3w dachowych we wszystkich markach samochod\u00f3w serwisowych.","robots":{"index":"index","follow":"follow","max-snippet":"max-snippet:-1","max-image-preview":"max-image-preview:large","max-video-preview":"max-video-preview:-1"},"canonical":"https:\/\/www.storevan.com\/pl\/zabudowy-emilia\/","og_locale":"pl_PL","og_type":"article","og_title":"Wyposa\u017cenie Samochod\u00f3w Serwisowych - Emilia Romagna","og_description":"Wyposa\u017cenie Store Van do van\u00f3w w Emilia Romagna. Monta\u017c rega\u0142\u00f3w, paneli, szuflad oraz baga\u017cnik\u00f3w dachowych we wszystkich markach samochod\u00f3w serwisowych.","og_url":"https:\/\/www.storevan.com\/pl\/zabudowy-emilia\/","og_site_name":"Store Van","article_modified_time":"2024-02-01T15:17:04+00:00","og_image":[{"url":"https:\/\/www.storevan.com\/wp-content\/uploads\/2022\/01\/sede-Zola-Pedrosa.jpg"}],"twitter_misc":{"Szacowany czas czytania":"2 minuty"},"schema":{"@context":"https:\/\/schema.org","@graph":[{"@type":"WebPage","@id":"https:\/\/www.storevan.com\/pl\/zabudowy-emilia\/","url":"https:\/\/www.storevan.com\/pl\/zabudowy-emilia\/","name":"Wyposa\u017cenie Samochod\u00f3w Serwisowych - Emilia Romagna","isPartOf":{"@id":"https:\/\/www.storevan.com\/pl\/#website"},"datePublished":"2017-02-21T09:03:11+00:00","dateModified":"2024-02-01T15:17:04+00:00","description":"Wyposa\u017cenie Store Van do van\u00f3w w Emilia Romagna. Monta\u017c rega\u0142\u00f3w, paneli, szuflad oraz baga\u017cnik\u00f3w dachowych we wszystkich markach samochod\u00f3w serwisowych.","breadcrumb":{"@id":"https:\/\/www.storevan.com\/pl\/zabudowy-emilia\/#breadcrumb"},"inLanguage":"pl-PL","potentialAction":[{"@type":"ReadAction","target":["https:\/\/www.storevan.com\/pl\/zabudowy-emilia\/"]}]},{"@type":"BreadcrumbList","@id":"https:\/\/www.storevan.com\/pl\/zabudowy-emilia\/#breadcrumb","itemListElement":[{"@type":"ListItem","position":1,"name":"Home","item":"https:\/\/www.storevan.com\/pl\/"},{"@type":"ListItem","position":2,"name":"Wyposa\u017cenie Samochod\u00f3w Serwisowych Store Van &#8211; Filia Emilia Romagna"}]},{"@type":"WebSite","@id":"https:\/\/www.storevan.com\/pl\/#website","url":"https:\/\/www.storevan.com\/pl\/","name":"Store Van","description":"Zabudowy","potentialAction":[{"@type":"SearchAction","target":{"@type":"EntryPoint","urlTemplate":"https:\/\/www.storevan.com\/pl\/?s={search_term_string}"},"query-input":"required name=search_term_string"}],"inLanguage":"pl-PL"}]}},"_links":{"self":[{"href":"https:\/\/www.storevan.com\/pl\/wp-json\/wp\/v2\/pages\/53406"}],"collection":[{"href":"https:\/\/www.storevan.com\/pl\/wp-json\/wp\/v2\/pages"}],"about":[{"href":"https:\/\/www.storevan.com\/pl\/wp-json\/wp\/v2\/types\/page"}],"author":[{"embeddable":true,"href":"https:\/\/www.storevan.com\/pl\/wp-json\/wp\/v2\/users\/470"}],"replies":[{"embeddable":true,"href":"https:\/\/www.storevan.com\/pl\/wp-json\/wp\/v2\/comments?post=53406"}],"version-history":[{"count":14,"href":"https:\/\/www.storevan.com\/pl\/wp-json\/wp\/v2\/pages\/53406\/revisions"}],"predecessor-version":[{"id":154666,"href":"https:\/\/www.storevan.com\/pl\/wp-json\/wp\/v2\/pages\/53406\/revisions\/154666"}],"wp:attachment":[{"href":"https:\/\/www.storevan.com\/pl\/wp-json\/wp\/v2\/media?parent=53406"}],"curies":[{"name":"wp","href":"https:\/\/api.w.org\/{rel}","templated":true}]}}