{"id":43481,"date":"2017-01-18T10:56:13","date_gmt":"2017-01-18T10:56:13","guid":{"rendered":"https:\/\/www.storevan.com\/zabudowy\/furgoni-toyota\/"},"modified":"2022-07-25T09:33:14","modified_gmt":"2022-07-25T09:33:14","slug":"toyota","status":"publish","type":"page","link":"https:\/\/www.storevan.com\/pl\/zabudowy\/toyota\/","title":{"rendered":"Toyota"},"content":{"rendered":"<h1 class=\"customblackTitleSmall\">Zabudowy do Toyota<\/h1>\n<h2>Zabudowa serwisowa warsztatowa Toyota<\/h2>\n<p><img decoding=\"async\" loading=\"lazy\" class=\"alignright wp-image-43753 size-full\" title=\"Zabudowy Toyota\" src=\"https:\/\/www.storevan.com\/wp-content\/uploads\/2017\/01\/HOME12-Allestimenti-TOYOTA.png\" alt=\"Zabudowy Toyota\" width=\"116\" height=\"105\" \/><\/p>\n<p>Store Van produkuje <strong>zabudowy <\/strong>do samochod\u00f3w serwisowych <strong>Toyota<\/strong>: Pod\u0142oga i panele \u015bcienne; baga\u017cnik dachowy z drabin\u0161 lub bez, a tak\u017ce wyposa\u017cenie serwisowe vana dostosowane do Twoich zawodowych potrzeb.<\/p>\n<p>Pojazd u\u017cytkowy marki Toyota stanowi doskona\u0142\u0105 baz\u0119 do monta\u017cu wyposa\u017cenia Store Van do samochod\u00f3w dostawczych Toyota. Mo\u017cemy przekszta\u0142ci\u0107 tw\u00f3j samoch\u00f3d dostawczy w mobilny warsztat, z jak najlepszym wykorzystaniem przestrzeni w przedziale \u0142adunkowym i zapewnieniem bezpiecznego przewo\u017cenia sprz\u0119tu. Nasi technicy projektuj\u0105 optymalne wyposa\u017cenie, zgodnie z wymaganiami ka\u017cdego klienta. Ka\u017cda oferta przedstawiana jest w obrazach 3D. Wybierz wysokiej jako\u015bci mobilny warsztat Store Van do wyposa\u017cenia twojego samochodu dostawczego marki Toyota. Zapraszamy do niezobowi\u0105zuj\u0105cego kontaktu, aby uzyska\u0107 indywidualn\u0105 wycen\u0119 wyposa\u017cenia!<\/p>\n<h3 class=\"customblackTitleExtraSmall\">WYBIERZ MODEL SAMOCHODU DOSTAWCZEGO:<\/h3>\n<div class=\"one_third\">\n<p class=\"text-center\"><strong>PROACE CITY<\/strong><\/p>\n<hr class=\"hidden-xs hidden-sm\"\/>\n<p><a href=\"https:\/\/www.storevan.com\/pl\/zabudowy\/toyota\/proace-city\/\" class=\"txtOrange\" title=\"Zabudowy Proace City\"><img decoding=\"async\" loading=\"lazy\" class=\"aligncenter wp-image-43393 size-full\" src=\"https:\/\/www.storevan.com\/wp-content\/uploads\/veicoli\/toyota\/proace-city-2019\/Allestimento-furgoni-Toyota-Proace-City-2019.jpg\" alt=\"Zabudowy do Toyota Proace City\" width=\"350\" height=\"220\" \/><br \/>\nZabudowy Proace City<i class=\"fa fa-angle-double-right\"><\/i><\/a><br \/>\n<a href=\"https:\/\/www.storevan.com\/pl\/zabudowy\/toyota\/proace-city\/scieny-i-podloga\/\" class=\"txtOrange\" title=\"Podloga i panele Proace\">Podloga i panele  <i class=\"fa fa-angle-double-right\"><\/i><\/a><br \/>\n<a href=\"https:\/\/www.storevan.com\/pl\/zabudowy\/toyota\/proace-city\/bagazniki\/\" class=\"txtOrange\" title=\"Bagazniki i uchwyty do drabiny Proace\">Bagazniki i uchwyty do drabiny <i class=\"fa fa-angle-double-right\"><\/i><\/a> <\/p>\n<hr class=\"visible-xs\" \/>\n<\/div><div class=\"one_third last\">\n<p class=\"text-center\"><strong>PROACE<\/strong><\/p>\n<hr class=\"hidden-xs hidden-sm\"\/>\n<p><a href=\"https:\/\/www.storevan.com\/pl\/zabudowy\/toyota\/proace\/\" class=\"txtOrange\" title=\"Zabudowy Proace\"><img decoding=\"async\" loading=\"lazy\" class=\"aligncenter wp-image-43393 size-full\" src=\"https:\/\/www.storevan.com\/wp-content\/uploads\/2017\/01\/Allestimento-furgoni-Toyota-Proace-2016.jpg\" alt=\"Zabudowy do Toyota Proace\" width=\"350\" height=\"220\" srcset=\"https:\/\/www.storevan.com\/wp-content\/uploads\/2017\/01\/Allestimento-furgoni-Toyota-Proace-2016.jpg 350w, https:\/\/www.storevan.com\/wp-content\/uploads\/2017\/01\/Allestimento-furgoni-Toyota-Proace-2016-300x189.jpg 300w\" sizes=\"(max-width: 350px) 100vw, 350px\" \/><br \/>\nZabudowy Proace <i class=\"fa fa-angle-double-right\"><\/i><\/a><br \/>\n<a href=\"https:\/\/www.storevan.com\/pl\/zabudowy\/toyota\/proace\/scieny-podloga\/\" class=\"txtOrange\" title=\"Podloga i panele Proace\">Podloga i panele  <i class=\"fa fa-angle-double-right\"><\/i><\/a><br \/>\n<a href=\"https:\/\/www.storevan.com\/pl\/zabudowy\/toyota\/proace\/bagazniki-dachowe\/\" class=\"txtOrange\" title=\"Bagazniki i uchwyty do drabiny Proace\">Bagazniki i uchwyty do drabiny <i class=\"fa fa-angle-double-right\"><\/i><\/a> <\/p>\n<hr class=\"visible-xs\" \/>\n<\/div><div class=\"clearboth\"><\/div>\n","protected":false},"excerpt":{"rendered":"<p>Zabudowy do Toyota Zabudowa serwisowa warsztatowa Toyota Store Van produkuje zabudowy do samochod\u00f3w serwisowych Toyota: Pod\u0142oga i panele \u015bcienne; baga\u017cnik dachowy z drabin\u0161 lub bez, a tak\u017ce wyposa\u017cenie serwisowe vana.<\/p>\n","protected":false},"author":470,"featured_media":0,"parent":8457,"menu_order":0,"comment_status":"closed","ping_status":"closed","template":"","meta":[],"acf":[],"yoast_head":"<!-- This site is optimized with the Yoast SEO plugin v20.11 - https:\/\/yoast.com\/wordpress\/plugins\/seo\/ -->\n<title>System\u00f3w wyposa\u017cenia do samochod\u00f3w dostawczych marki Toyota<\/title>\n<meta name=\"description\" content=\"Store Van oferuje wiele system\u00f3w wyposa\u017cenia do samochod\u00f3w dostawczych marki Toyota, dostosowanych na wymiar i\u00a0do ka\u017cdych potrzeb. Samoch\u00f3d dostawczy Toyota\" \/>\n<meta name=\"robots\" content=\"index, follow, max-snippet:-1, max-image-preview:large, max-video-preview:-1\" \/>\n<link rel=\"canonical\" href=\"https:\/\/www.storevan.com\/allestimenti-veicoli-commerciali\/furgoni-toyota\/\" \/>\n<meta property=\"og:locale\" content=\"pl_PL\" \/>\n<meta property=\"og:type\" content=\"article\" \/>\n<meta property=\"og:title\" content=\"System\u00f3w wyposa\u017cenia do samochod\u00f3w dostawczych marki Toyota\" \/>\n<meta property=\"og:description\" content=\"Store Van oferuje wiele system\u00f3w wyposa\u017cenia do samochod\u00f3w dostawczych marki Toyota, dostosowanych na wymiar i\u00a0do ka\u017cdych potrzeb. Samoch\u00f3d dostawczy Toyota\" \/>\n<meta property=\"og:url\" content=\"https:\/\/www.storevan.com\/allestimenti-veicoli-commerciali\/furgoni-toyota\/\" \/>\n<meta property=\"og:site_name\" content=\"Store Van\" \/>\n<meta property=\"article:modified_time\" content=\"2022-07-25T09:33:14+00:00\" \/>\n<meta property=\"og:image\" content=\"https:\/\/www.storevan.com\/wp-content\/uploads\/2017\/01\/HOME12-Allestimenti-TOYOTA.png\" \/>\n<meta name=\"twitter:label1\" content=\"Szacowany czas czytania\" \/>\n\t<meta name=\"twitter:data1\" content=\"1 minuta\" \/>\n<script type=\"application\/ld+json\" class=\"yoast-schema-graph\">{\"@context\":\"https:\/\/schema.org\",\"@graph\":[{\"@type\":\"WebPage\",\"@id\":\"https:\/\/www.storevan.com\/allestimenti-veicoli-commerciali\/furgoni-toyota\/\",\"url\":\"https:\/\/www.storevan.com\/allestimenti-veicoli-commerciali\/furgoni-toyota\/\",\"name\":\"System\u00f3w wyposa\u017cenia do samochod\u00f3w dostawczych marki Toyota\",\"isPartOf\":{\"@id\":\"https:\/\/www.storevan.com\/pl\/#website\"},\"datePublished\":\"2017-01-18T10:56:13+00:00\",\"dateModified\":\"2022-07-25T09:33:14+00:00\",\"description\":\"Store Van oferuje wiele system\u00f3w wyposa\u017cenia do samochod\u00f3w dostawczych marki Toyota, dostosowanych na wymiar i\u00a0do ka\u017cdych potrzeb. Samoch\u00f3d dostawczy Toyota\",\"breadcrumb\":{\"@id\":\"https:\/\/www.storevan.com\/allestimenti-veicoli-commerciali\/furgoni-toyota\/#breadcrumb\"},\"inLanguage\":\"pl-PL\",\"potentialAction\":[{\"@type\":\"ReadAction\",\"target\":[\"https:\/\/www.storevan.com\/allestimenti-veicoli-commerciali\/furgoni-toyota\/\"]}]},{\"@type\":\"BreadcrumbList\",\"@id\":\"https:\/\/www.storevan.com\/allestimenti-veicoli-commerciali\/furgoni-toyota\/#breadcrumb\",\"itemListElement\":[{\"@type\":\"ListItem\",\"position\":1,\"name\":\"Home\",\"item\":\"https:\/\/www.storevan.com\/pl\/\"},{\"@type\":\"ListItem\",\"position\":2,\"name\":\"Zabudowy\",\"item\":\"https:\/\/www.storevan.com\/allestimenti-veicoli-commerciali\/\"},{\"@type\":\"ListItem\",\"position\":3,\"name\":\"Toyota\"}]},{\"@type\":\"WebSite\",\"@id\":\"https:\/\/www.storevan.com\/pl\/#website\",\"url\":\"https:\/\/www.storevan.com\/pl\/\",\"name\":\"Store Van\",\"description\":\"Zabudowy\",\"potentialAction\":[{\"@type\":\"SearchAction\",\"target\":{\"@type\":\"EntryPoint\",\"urlTemplate\":\"https:\/\/www.storevan.com\/pl\/?s={search_term_string}\"},\"query-input\":\"required name=search_term_string\"}],\"inLanguage\":\"pl-PL\"}]}<\/script>\n<!-- \/ Yoast SEO plugin. -->","yoast_head_json":{"title":"System\u00f3w wyposa\u017cenia do samochod\u00f3w dostawczych marki Toyota","description":"Store Van oferuje wiele system\u00f3w wyposa\u017cenia do samochod\u00f3w dostawczych marki Toyota, dostosowanych na wymiar i\u00a0do ka\u017cdych potrzeb. Samoch\u00f3d dostawczy Toyota","robots":{"index":"index","follow":"follow","max-snippet":"max-snippet:-1","max-image-preview":"max-image-preview:large","max-video-preview":"max-video-preview:-1"},"canonical":"https:\/\/www.storevan.com\/allestimenti-veicoli-commerciali\/furgoni-toyota\/","og_locale":"pl_PL","og_type":"article","og_title":"System\u00f3w wyposa\u017cenia do samochod\u00f3w dostawczych marki Toyota","og_description":"Store Van oferuje wiele system\u00f3w wyposa\u017cenia do samochod\u00f3w dostawczych marki Toyota, dostosowanych na wymiar i\u00a0do ka\u017cdych potrzeb. Samoch\u00f3d dostawczy Toyota","og_url":"https:\/\/www.storevan.com\/allestimenti-veicoli-commerciali\/furgoni-toyota\/","og_site_name":"Store Van","article_modified_time":"2022-07-25T09:33:14+00:00","og_image":[{"url":"https:\/\/www.storevan.com\/wp-content\/uploads\/2017\/01\/HOME12-Allestimenti-TOYOTA.png"}],"twitter_misc":{"Szacowany czas czytania":"1 minuta"},"schema":{"@context":"https:\/\/schema.org","@graph":[{"@type":"WebPage","@id":"https:\/\/www.storevan.com\/allestimenti-veicoli-commerciali\/furgoni-toyota\/","url":"https:\/\/www.storevan.com\/allestimenti-veicoli-commerciali\/furgoni-toyota\/","name":"System\u00f3w wyposa\u017cenia do samochod\u00f3w dostawczych marki Toyota","isPartOf":{"@id":"https:\/\/www.storevan.com\/pl\/#website"},"datePublished":"2017-01-18T10:56:13+00:00","dateModified":"2022-07-25T09:33:14+00:00","description":"Store Van oferuje wiele system\u00f3w wyposa\u017cenia do samochod\u00f3w dostawczych marki Toyota, dostosowanych na wymiar i\u00a0do ka\u017cdych potrzeb. Samoch\u00f3d dostawczy Toyota","breadcrumb":{"@id":"https:\/\/www.storevan.com\/allestimenti-veicoli-commerciali\/furgoni-toyota\/#breadcrumb"},"inLanguage":"pl-PL","potentialAction":[{"@type":"ReadAction","target":["https:\/\/www.storevan.com\/allestimenti-veicoli-commerciali\/furgoni-toyota\/"]}]},{"@type":"BreadcrumbList","@id":"https:\/\/www.storevan.com\/allestimenti-veicoli-commerciali\/furgoni-toyota\/#breadcrumb","itemListElement":[{"@type":"ListItem","position":1,"name":"Home","item":"https:\/\/www.storevan.com\/pl\/"},{"@type":"ListItem","position":2,"name":"Zabudowy","item":"https:\/\/www.storevan.com\/allestimenti-veicoli-commerciali\/"},{"@type":"ListItem","position":3,"name":"Toyota"}]},{"@type":"WebSite","@id":"https:\/\/www.storevan.com\/pl\/#website","url":"https:\/\/www.storevan.com\/pl\/","name":"Store Van","description":"Zabudowy","potentialAction":[{"@type":"SearchAction","target":{"@type":"EntryPoint","urlTemplate":"https:\/\/www.storevan.com\/pl\/?s={search_term_string}"},"query-input":"required name=search_term_string"}],"inLanguage":"pl-PL"}]}},"_links":{"self":[{"href":"https:\/\/www.storevan.com\/pl\/wp-json\/wp\/v2\/pages\/43481"}],"collection":[{"href":"https:\/\/www.storevan.com\/pl\/wp-json\/wp\/v2\/pages"}],"about":[{"href":"https:\/\/www.storevan.com\/pl\/wp-json\/wp\/v2\/types\/page"}],"author":[{"embeddable":true,"href":"https:\/\/www.storevan.com\/pl\/wp-json\/wp\/v2\/users\/470"}],"replies":[{"embeddable":true,"href":"https:\/\/www.storevan.com\/pl\/wp-json\/wp\/v2\/comments?post=43481"}],"version-history":[{"count":5,"href":"https:\/\/www.storevan.com\/pl\/wp-json\/wp\/v2\/pages\/43481\/revisions"}],"predecessor-version":[{"id":146778,"href":"https:\/\/www.storevan.com\/pl\/wp-json\/wp\/v2\/pages\/43481\/revisions\/146778"}],"up":[{"embeddable":true,"href":"https:\/\/www.storevan.com\/pl\/wp-json\/wp\/v2\/pages\/8457"}],"wp:attachment":[{"href":"https:\/\/www.storevan.com\/pl\/wp-json\/wp\/v2\/media?parent=43481"}],"curies":[{"name":"wp","href":"https:\/\/api.w.org\/{rel}","templated":true}]}}