{"id":16838,"date":"2016-03-16T09:43:32","date_gmt":"2016-03-16T08:43:32","guid":{"rendered":"https:\/\/www.storevan.com\/pl\/zabudowy\/volkswagen\/crafter\/portatutto-portascale\/"},"modified":"2018-06-11T15:13:24","modified_gmt":"2018-06-11T15:13:24","slug":"bagazniki-dachowe","status":"publish","type":"page","link":"https:\/\/www.storevan.com\/pl\/zabudowy\/volkswagen\/crafter\/bagazniki-dachowe\/","title":{"rendered":"Baga\u017cniki"},"content":{"rendered":"<h1 class=\"customblackTitleSmall\">Baga\u017cniki do Volkswagena Craftera<\/h1>\n<table class=\"aligncenter\" border=\"0\" width=\"850\" cellspacing=\"0\" cellpadding=\"0\" align=\"center\">\n<tbody>\n<tr>\n<td rowspan=\"4\" valign=\"top\"><img decoding=\"async\" src=\"https:\/\/www.storevan.com\/wp-content\/uploads\/2016\/01\/storevan_crafter_2006_portatutto.jpg\" alt=\"Baga\u017cnik Crafter\" \/><\/td>\n<td width=\"20\" height=\"5\"><\/td>\n<td style=\"text-align: left;\" width=\"205\" height=\"5\"><a href=\"https:\/\/www.storevan.com\/pl\/zabudowy\/bagaznik-dachowy-uchwyty-do-drabiny\/\"><strong><span style=\"font-size: 14px;\">BAGA\u017bNIK<\/span><\/strong><\/a><\/td>\n<\/tr>\n<tr>\n<td width=\"20\" height=\"18\"><\/td>\n<td width=\"205\" height=\"18\">\n<hr noshade=\"noshade\" size=\"1\" \/>\n<\/td>\n<\/tr>\n<tr>\n<td width=\"20\" height=\"110\"><\/td>\n<td valign=\"top\" width=\"205\" height=\"110\"><a href=\"https:\/\/www.storevan.com\/pl\/zabudowy\/bagaznik-dachowy-uchwyty-do-drabiny\/\"><img decoding=\"async\" loading=\"lazy\" src=\"https:\/\/www.storevan.com\/wp-content\/uploads\/2015\/12\/storevan_portascale_portatutto_small.jpg\" alt=\"Baga\u017cniki StoreVan\" width=\"250\" height=\"110\" border=\"0\" \/><\/a><\/td>\n<\/tr>\n<tr>\n<td width=\"20\"><\/td>\n<td width=\"205\"><\/td>\n<\/tr>\n<\/tbody>\n<\/table>\n<h2 class=\"TITOLO20arancione\" style=\"text-align: center;\">Baga\u017cnik<\/h2>\n<table class=\" aligncenter\" border=\"0\" width=\"850\" cellspacing=\"0\" cellpadding=\"0\" align=\"center\">\n<tbody>\n<tr>\n<td class=\"TESTO12biancoSX\" bgcolor=\"#0071B9\" width=\"240\" height=\"50\">POJAZD<\/td>\n<td width=\"5\" height=\"50\"><\/td>\n<td class=\"TESTO12biancoCX\" bgcolor=\"#0071B9\" width=\"116\" height=\"50\">BAGA\u017bNIK<\/td>\n<td width=\"5\" height=\"50\"><\/td>\n<td class=\"TESTO12neroCX\" bgcolor=\"#e4e4e4\" width=\"156\" height=\"50\">WYMIARY<\/td>\n<td width=\"5\" height=\"50\"><\/td>\n<td class=\"TESTO12neroCX\" bgcolor=\"#e4e4e4\" width=\"147\" height=\"50\">WAGA<\/td>\n<td width=\"5\" height=\"50\"><\/td>\n<td class=\"TESTO12neroCX\" bgcolor=\"#e4e4e4\" width=\"156\" height=\"50\">UD\u008fWIG<\/td>\n<\/tr>\n<tr>\n<td class=\"TESTO12neroSX\" width=\"240\"><\/td>\n<td width=\"5\"><\/td>\n<td class=\"TESTO12neroCX\" width=\"116\" height=\"25\"><strong>ART.<\/strong><\/td>\n<td width=\"5\" height=\"25\"><\/td>\n<td class=\"TESTO12neroCX\" width=\"156\" height=\"25\"><\/td>\n<td width=\"5\" height=\"25\"><\/td>\n<td class=\"TESTO12neroCX\" width=\"147\" height=\"25\"><\/td>\n<td width=\"5\" height=\"25\"><\/td>\n<td class=\"TESTO12neroCX\" width=\"156\" height=\"25\"><\/td>\n<\/tr>\n<tr>\n<td class=\"TESTO12neroCX\" width=\"240\" height=\"18\"><\/td>\n<td height=\"18\"><\/td>\n<td class=\"TESTO12neroCX\" height=\"18\"><\/td>\n<td height=\"18\"><\/td>\n<td height=\"18\"><\/td>\n<td height=\"18\"><\/td>\n<td height=\"18\"><\/td>\n<td height=\"18\"><\/td>\n<td height=\"18\"><\/td>\n<\/tr>\n<tr>\n<td class=\"TESTO12neroSX\" bgcolor=\"#e4e4e4\" width=\"240\" height=\"35\"><strong>L1 H1 <strong>Kr\u00f3tki, Niski Dach<\/strong><\/strong><\/td>\n<td width=\"5\" height=\"35\"><\/td>\n<td class=\"TESTO12arancioCX\" width=\"116\" height=\"35\"><strong>POT 107<\/strong><\/td>\n<td width=\"5\" height=\"35\"><\/td>\n<td class=\"TESTO12neroCX\" width=\"156\" height=\"35\">2750&#215;1700 mm<\/td>\n<td width=\"5\" height=\"35\"><\/td>\n<td class=\"TESTO12neroCX\" width=\"147\" height=\"35\">29,28 Kg<\/td>\n<td width=\"5\" height=\"35\"><\/td>\n<td class=\"TESTO12neroCX\" width=\"156\" height=\"35\">170,00 Kg<\/td>\n<\/tr>\n<tr>\n<td width=\"240\" height=\"18\"><\/td>\n<td width=\"5\" height=\"18\"><\/td>\n<td width=\"116\" height=\"18\">\n<hr class=\"FILETTOgrigio\" noshade=\"noshade\" \/>\n<\/td>\n<td width=\"5\" height=\"18\"><\/td>\n<td width=\"156\" height=\"18\">\n<hr class=\"FILETTOgrigio\" noshade=\"noshade\" \/>\n<\/td>\n<td width=\"5\" height=\"18\"><\/td>\n<td width=\"147\" height=\"18\">\n<hr class=\"FILETTOgrigio\" noshade=\"noshade\" \/>\n<\/td>\n<td width=\"5\" height=\"18\"><\/td>\n<td width=\"156\" height=\"18\">\n<hr class=\"FILETTOgrigio\" noshade=\"noshade\" \/>\n<\/td>\n<\/tr>\n<tr>\n<td class=\"TESTO12neroSX\" bgcolor=\"#e4e4e4\" width=\"240\" height=\"35\"><strong>L1 H2 <strong>Kr\u00f3tki, Wysoki Dach<\/strong><\/strong><\/td>\n<td width=\"5\" height=\"35\"><\/td>\n<td class=\"TESTO12arancioCX\" width=\"116\" height=\"35\"><strong>POT 113<\/strong><\/td>\n<td width=\"5\" height=\"35\"><\/td>\n<td class=\"TESTO12neroCX\" width=\"156\" height=\"35\">2750&#215;1700 mm<\/td>\n<td width=\"5\" height=\"35\"><\/td>\n<td class=\"TESTO12neroCX\" width=\"147\" height=\"35\">29,84 Kg<\/td>\n<td width=\"5\" height=\"35\"><\/td>\n<td class=\"TESTO12neroCX\" width=\"156\" height=\"35\">120,00 Kg<\/td>\n<\/tr>\n<tr>\n<td width=\"240\" height=\"18\"><\/td>\n<td height=\"18\"><\/td>\n<td height=\"18\">\n<hr class=\"FILETTOgrigio\" noshade=\"noshade\" \/>\n<\/td>\n<td height=\"18\"><\/td>\n<td height=\"18\">\n<hr class=\"FILETTOgrigio\" noshade=\"noshade\" \/>\n<\/td>\n<td height=\"18\"><\/td>\n<td height=\"18\">\n<hr class=\"FILETTOgrigio\" noshade=\"noshade\" \/>\n<\/td>\n<td height=\"18\"><\/td>\n<td height=\"18\">\n<hr class=\"FILETTOgrigio\" noshade=\"noshade\" \/>\n<\/td>\n<\/tr>\n<tr>\n<td class=\"TESTO12neroSX\" bgcolor=\"#e4e4e4\" width=\"240\" height=\"35\"><strong>L2 H1 \u015aredni, Niski Dach<strong>\u00a0\u00a0<\/strong><\/strong><\/td>\n<td width=\"5\" height=\"35\"><\/td>\n<td class=\"TESTO12arancioCX\" width=\"116\" height=\"35\"><strong>POT 108<\/strong><\/td>\n<td width=\"5\" height=\"35\"><\/td>\n<td class=\"TESTO12neroCX\" width=\"156\" height=\"35\">3400&#215;1700 mm<\/td>\n<td width=\"5\" height=\"35\"><\/td>\n<td class=\"TESTO12neroCX\" width=\"147\" height=\"35\">31,70 Kg<\/td>\n<td width=\"5\" height=\"35\"><\/td>\n<td class=\"TESTO12neroCX\" width=\"156\" height=\"35\">168,00 Kg<\/td>\n<\/tr>\n<tr>\n<td width=\"240\" height=\"18\"><\/td>\n<td height=\"18\"><\/td>\n<td height=\"18\">\n<hr class=\"FILETTOgrigio\" noshade=\"noshade\" \/>\n<\/td>\n<td height=\"18\"><\/td>\n<td height=\"18\">\n<hr class=\"FILETTOgrigio\" noshade=\"noshade\" \/>\n<\/td>\n<td height=\"18\"><\/td>\n<td height=\"18\">\n<hr class=\"FILETTOgrigio\" noshade=\"noshade\" \/>\n<\/td>\n<td height=\"18\"><\/td>\n<td height=\"18\">\n<hr class=\"FILETTOgrigio\" noshade=\"noshade\" \/>\n<\/td>\n<\/tr>\n<tr>\n<td class=\"TESTO12neroSX\" bgcolor=\"#e4e4e4\" width=\"240\" height=\"35\"><strong>L2 H2 \u015aredni, Wysoki Dach<\/strong><\/td>\n<td width=\"5\" height=\"35\"><\/td>\n<td class=\"TESTO12arancioCX\" width=\"116\" height=\"35\"><strong>POT 109<\/strong><\/td>\n<td width=\"5\" height=\"35\"><\/td>\n<td class=\"TESTO12neroCX\" width=\"156\" height=\"35\">3400&#215;1700 mm<\/td>\n<td width=\"5\" height=\"35\"><\/td>\n<td class=\"TESTO12neroCX\" width=\"147\" height=\"35\">32,26 Kg<\/td>\n<td width=\"5\" height=\"35\"><\/td>\n<td class=\"TESTO12neroCX\" width=\"156\" height=\"35\">117,00 Kg<\/td>\n<\/tr>\n<tr>\n<td width=\"240\" height=\"18\"><\/td>\n<td height=\"18\"><\/td>\n<td height=\"18\">\n<hr class=\"FILETTOgrigio\" noshade=\"noshade\" \/>\n<\/td>\n<td height=\"18\"><\/td>\n<td height=\"18\">\n<hr class=\"FILETTOgrigio\" noshade=\"noshade\" \/>\n<\/td>\n<td height=\"18\"><\/td>\n<td height=\"18\">\n<hr class=\"FILETTOgrigio\" noshade=\"noshade\" \/>\n<\/td>\n<td height=\"18\"><\/td>\n<td height=\"18\">\n<hr class=\"FILETTOgrigio\" noshade=\"noshade\" \/>\n<\/td>\n<\/tr>\n<tr>\n<td class=\"TESTO12neroSX\" bgcolor=\"#e4e4e4\" height=\"35\"><strong>L3 H2 D\u0142ugi, Wysoki Dach<\/strong><\/td>\n<td height=\"35\"><\/td>\n<td class=\"TESTO12arancioCX\" height=\"35\"><strong>POT 110<\/strong><\/td>\n<td height=\"35\"><\/td>\n<td class=\"TESTO12neroCX\" height=\"35\">4350&#215;1700 mm<\/td>\n<td height=\"35\"><\/td>\n<td class=\"TESTO12neroCX\" height=\"35\">39,68 Kg<\/td>\n<td height=\"35\"><\/td>\n<td class=\"TESTO12neroCX\" height=\"35\">110,00 Kg<\/td>\n<\/tr>\n<tr>\n<td height=\"18\"><\/td>\n<td height=\"18\"><\/td>\n<td height=\"18\">\n<hr class=\"FILETTOgrigio\" noshade=\"noshade\" \/>\n<\/td>\n<td height=\"18\"><\/td>\n<td height=\"18\">\n<hr class=\"FILETTOgrigio\" noshade=\"noshade\" \/>\n<\/td>\n<td height=\"18\"><\/td>\n<td height=\"18\">\n<hr class=\"FILETTOgrigio\" noshade=\"noshade\" \/>\n<\/td>\n<td height=\"18\"><\/td>\n<td height=\"18\">\n<hr class=\"FILETTOgrigio\" noshade=\"noshade\" \/>\n<\/td>\n<\/tr>\n<tr>\n<td class=\"TESTO12neroSX\" bgcolor=\"#e4e4e4\" height=\"35\"><strong>L4 H2\u00a0D\u0142ugi z przed\u0142. Zwisem, Wysoki Dach<\/strong><\/td>\n<td height=\"35\"><\/td>\n<td class=\"TESTO12arancioCX\" height=\"35\"><strong>POT 111<\/strong><\/td>\n<td height=\"35\"><\/td>\n<td class=\"TESTO12neroCX\" height=\"35\">4700&#215;1700 mm<\/td>\n<td height=\"35\"><\/td>\n<td class=\"TESTO12neroCX\" height=\"35\">44,76 Kg<\/td>\n<td height=\"35\"><\/td>\n<td class=\"TESTO12neroCX\" height=\"35\">105,00 Kg<\/td>\n<\/tr>\n<tr>\n<td height=\"18\"><\/td>\n<td height=\"18\"><\/td>\n<td height=\"18\">\n<hr class=\"FILETTOgrigio\" noshade=\"noshade\" \/>\n<\/td>\n<td height=\"18\"><\/td>\n<td height=\"18\">\n<hr class=\"FILETTOgrigio\" noshade=\"noshade\" \/>\n<\/td>\n<td height=\"18\"><\/td>\n<td height=\"18\">\n<hr class=\"FILETTOgrigio\" noshade=\"noshade\" \/>\n<\/td>\n<td height=\"18\"><\/td>\n<td height=\"18\">\n<hr class=\"FILETTOgrigio\" noshade=\"noshade\" \/>\n<\/td>\n<\/tr>\n<\/tbody>\n<\/table>\n<p>&nbsp;<\/p>\n<table class=\" aligncenter\" border=\"0\" width=\"850\" cellspacing=\"0\" cellpadding=\"0\" align=\"center\">\n<tbody>\n<tr>\n<td rowspan=\"4\" valign=\"top\"><img decoding=\"async\" loading=\"lazy\" class=\"aligncenter size-full wp-image-6266\" src=\"https:\/\/www.storevan.com\/wp-content\/uploads\/2016\/03\/StoreVan_Crafter_2006_portascale.jpg\" alt=\"Baga\u017cnik Crafter\" width=\"625\" height=\"260\" \/><\/td>\n<td width=\"20\" height=\"5\"><\/td>\n<td class=\"TESTO16grigio\" width=\"205\" height=\"5\"><\/td>\n<\/tr>\n<tr>\n<td width=\"20\" height=\"18\"><\/td>\n<td width=\"205\" height=\"18\"><\/td>\n<\/tr>\n<tr>\n<td width=\"20\" height=\"110\"><\/td>\n<td valign=\"top\" width=\"205\" height=\"110\"><\/td>\n<\/tr>\n<tr>\n<td width=\"20\"><\/td>\n<td width=\"205\"><\/td>\n<\/tr>\n<\/tbody>\n<\/table>\n<p>&nbsp;<\/p>\n<h2 class=\"TITOLO20arancione\" style=\"text-align: center;\">Baga\u017cnik Volkswagen Crafter 2006<\/h2>\n<table class=\" aligncenter\" border=\"0\" width=\"850\" cellspacing=\"0\" cellpadding=\"0\" align=\"center\">\n<tbody>\n<tr>\n<td class=\"TESTO12biancoSX\" bgcolor=\"#0071B9\" width=\"240\" height=\"50\">POJAZD<\/td>\n<td width=\"5\" height=\"50\"><\/td>\n<td class=\"TESTO12biancoCX\" bgcolor=\"#0071B9\" width=\"116\" height=\"50\">BAGA\u017bNIK<\/td>\n<td width=\"5\" height=\"50\"><\/td>\n<td class=\"TESTO12neroCX\" bgcolor=\"#e4e4e4\" width=\"156\" height=\"50\">WYMIARY<\/td>\n<td width=\"5\" height=\"50\"><\/td>\n<td class=\"TESTO12neroCX\" bgcolor=\"#e4e4e4\" width=\"147\" height=\"50\">WAGA<\/td>\n<td width=\"5\" height=\"50\"><\/td>\n<td class=\"TESTO12neroCX\" bgcolor=\"#e4e4e4\" width=\"156\" height=\"50\">UD\u008fWIG<\/td>\n<\/tr>\n<tr>\n<td class=\"TESTO12neroSX\" width=\"240\"><\/td>\n<td width=\"5\"><\/td>\n<td class=\"TESTO12neroCX\" width=\"116\" height=\"25\"><strong>ART.<\/strong><\/td>\n<td width=\"5\" height=\"25\"><\/td>\n<td class=\"TESTO12neroCX\" width=\"156\" height=\"25\"><\/td>\n<td width=\"5\" height=\"25\"><\/td>\n<td class=\"TESTO12neroCX\" width=\"147\" height=\"25\"><\/td>\n<td width=\"5\" height=\"25\"><\/td>\n<td class=\"TESTO12neroCX\" width=\"156\" height=\"25\"><\/td>\n<\/tr>\n<tr>\n<td class=\"TESTO12neroCX\" width=\"240\" height=\"18\"><\/td>\n<td height=\"18\"><\/td>\n<td class=\"TESTO12neroCX\" height=\"18\"><\/td>\n<td height=\"18\"><\/td>\n<td height=\"18\"><\/td>\n<td height=\"18\"><\/td>\n<td height=\"18\"><\/td>\n<td height=\"18\"><\/td>\n<td height=\"18\"><\/td>\n<\/tr>\n<tr>\n<td class=\"TESTO12neroSX\" bgcolor=\"#e4e4e4\" width=\"240\" height=\"35\"><strong>L1 H1 <strong>Kr\u00f3tki, Niski Dach<\/strong><\/strong><\/td>\n<td width=\"5\" height=\"35\"><\/td>\n<td class=\"TESTO12arancioCX\" width=\"116\" height=\"35\"><strong>POS 107<\/strong><\/td>\n<td width=\"5\" height=\"35\"><\/td>\n<td class=\"TESTO12neroCX\" width=\"156\" height=\"35\">2750&#215;1680 mm<\/td>\n<td width=\"5\" height=\"35\"><\/td>\n<td class=\"TESTO12neroCX\" width=\"147\" height=\"35\">58,22 Kg<\/td>\n<td width=\"5\" height=\"35\"><\/td>\n<td class=\"TESTO12neroCX\" width=\"156\" height=\"35\">142,00 Kg<\/td>\n<\/tr>\n<tr>\n<td width=\"240\" height=\"18\"><\/td>\n<td width=\"5\" height=\"18\"><\/td>\n<td width=\"116\" height=\"18\">\n<hr class=\"FILETTOgrigio\" noshade=\"noshade\" \/>\n<\/td>\n<td width=\"5\" height=\"18\"><\/td>\n<td width=\"156\" height=\"18\">\n<hr class=\"FILETTOgrigio\" noshade=\"noshade\" \/>\n<\/td>\n<td width=\"5\" height=\"18\"><\/td>\n<td width=\"147\" height=\"18\">\n<hr class=\"FILETTOgrigio\" noshade=\"noshade\" \/>\n<\/td>\n<td width=\"5\" height=\"18\"><\/td>\n<td width=\"156\" height=\"18\">\n<hr class=\"FILETTOgrigio\" noshade=\"noshade\" \/>\n<\/td>\n<\/tr>\n<tr>\n<td class=\"TESTO12neroSX\" bgcolor=\"#e4e4e4\" width=\"240\" height=\"35\"><strong>L1 H2 <strong>Kr\u00f3tki, Wysoki Dach<\/strong><\/strong><\/td>\n<td width=\"5\" height=\"35\"><\/td>\n<td class=\"TESTO12arancioCX\" width=\"116\" height=\"35\"><strong>POS 113<\/strong><\/td>\n<td width=\"5\" height=\"35\"><\/td>\n<td class=\"TESTO12neroCX\" width=\"156\" height=\"35\">2750&#215;1680 mm<\/td>\n<td width=\"5\" height=\"35\"><\/td>\n<td class=\"TESTO12neroCX\" width=\"147\" height=\"35\">58,78 Kg<\/td>\n<td width=\"5\" height=\"35\"><\/td>\n<td class=\"TESTO12neroCX\" width=\"156\" height=\"35\">91,00 Kg<\/td>\n<\/tr>\n<tr>\n<td width=\"240\" height=\"18\"><\/td>\n<td height=\"18\"><\/td>\n<td height=\"18\">\n<hr class=\"FILETTOgrigio\" noshade=\"noshade\" \/>\n<\/td>\n<td height=\"18\"><\/td>\n<td height=\"18\">\n<hr class=\"FILETTOgrigio\" noshade=\"noshade\" \/>\n<\/td>\n<td height=\"18\"><\/td>\n<td height=\"18\">\n<hr class=\"FILETTOgrigio\" noshade=\"noshade\" \/>\n<\/td>\n<td height=\"18\"><\/td>\n<td height=\"18\">\n<hr class=\"FILETTOgrigio\" noshade=\"noshade\" \/>\n<\/td>\n<\/tr>\n<tr>\n<td class=\"TESTO12neroSX\" bgcolor=\"#e4e4e4\" width=\"240\" height=\"35\"><strong>L2 H1 <strong>\u015aredni, Niski Dach<\/strong><\/strong><\/td>\n<td width=\"5\" height=\"35\"><\/td>\n<td class=\"TESTO12arancioCX\" width=\"116\" height=\"35\"><strong>POS 108<\/strong><\/td>\n<td width=\"5\" height=\"35\"><\/td>\n<td class=\"TESTO12neroCX\" width=\"156\" height=\"35\">3400&#215;1680 mm<\/td>\n<td width=\"5\" height=\"35\"><\/td>\n<td class=\"TESTO12neroCX\" width=\"147\" height=\"35\">62,33 Kg<\/td>\n<td width=\"5\" height=\"35\"><\/td>\n<td class=\"TESTO12neroCX\" width=\"156\" height=\"35\">137,00 Kg<\/td>\n<\/tr>\n<tr>\n<td width=\"240\" height=\"18\"><\/td>\n<td height=\"18\"><\/td>\n<td height=\"18\">\n<hr class=\"FILETTOgrigio\" noshade=\"noshade\" \/>\n<\/td>\n<td height=\"18\"><\/td>\n<td height=\"18\">\n<hr class=\"FILETTOgrigio\" noshade=\"noshade\" \/>\n<\/td>\n<td height=\"18\"><\/td>\n<td height=\"18\">\n<hr class=\"FILETTOgrigio\" noshade=\"noshade\" \/>\n<\/td>\n<td height=\"18\"><\/td>\n<td height=\"18\">\n<hr class=\"FILETTOgrigio\" noshade=\"noshade\" \/>\n<\/td>\n<\/tr>\n<tr>\n<td class=\"TESTO12neroSX\" bgcolor=\"#e4e4e4\" width=\"240\" height=\"35\"><strong>L2 H2 \u015aredni, Wysoki Dach<\/strong><\/td>\n<td width=\"5\" height=\"35\"><\/td>\n<td class=\"TESTO12arancioCX\" width=\"116\" height=\"35\"><strong>POS 109<\/strong><\/td>\n<td width=\"5\" height=\"35\"><\/td>\n<td class=\"TESTO12neroCX\" width=\"156\" height=\"35\">3400&#215;1680 mm<\/td>\n<td width=\"5\" height=\"35\"><\/td>\n<td class=\"TESTO12neroCX\" width=\"147\" height=\"35\">62,89 Kg<\/td>\n<td width=\"5\" height=\"35\"><\/td>\n<td class=\"TESTO12neroCX\" width=\"156\" height=\"35\">87,00 Kg<\/td>\n<\/tr>\n<tr>\n<td width=\"240\" height=\"18\"><\/td>\n<td height=\"18\"><\/td>\n<td height=\"18\">\n<hr class=\"FILETTOgrigio\" noshade=\"noshade\" \/>\n<\/td>\n<td height=\"18\"><\/td>\n<td height=\"18\">\n<hr class=\"FILETTOgrigio\" noshade=\"noshade\" \/>\n<\/td>\n<td height=\"18\"><\/td>\n<td height=\"18\">\n<hr class=\"FILETTOgrigio\" noshade=\"noshade\" \/>\n<\/td>\n<td height=\"18\"><\/td>\n<td height=\"18\">\n<hr class=\"FILETTOgrigio\" noshade=\"noshade\" \/>\n<\/td>\n<\/tr>\n<tr>\n<td class=\"TESTO12neroSX\" bgcolor=\"#e4e4e4\" height=\"35\"><strong>L3 H2 D\u0142ugi, Wysoki Dach<\/strong><\/td>\n<td height=\"35\"><\/td>\n<td class=\"TESTO12arancioCX\" height=\"35\"><strong>POS 110<\/strong><\/td>\n<td height=\"35\"><\/td>\n<td class=\"TESTO12neroCX\" height=\"35\">4350&#215;1680 mm<\/td>\n<td height=\"35\"><\/td>\n<td class=\"TESTO12neroCX\" height=\"35\">68,55 Kg<\/td>\n<td height=\"35\"><\/td>\n<td class=\"TESTO12neroCX\" height=\"35\">81,00 Kg<\/td>\n<\/tr>\n<tr>\n<td height=\"18\"><\/td>\n<td height=\"18\"><\/td>\n<td height=\"18\">\n<hr class=\"FILETTOgrigio\" noshade=\"noshade\" \/>\n<\/td>\n<td height=\"18\"><\/td>\n<td height=\"18\">\n<hr class=\"FILETTOgrigio\" noshade=\"noshade\" \/>\n<\/td>\n<td height=\"18\"><\/td>\n<td height=\"18\">\n<hr class=\"FILETTOgrigio\" noshade=\"noshade\" \/>\n<\/td>\n<td height=\"18\"><\/td>\n<td height=\"18\">\n<hr class=\"FILETTOgrigio\" noshade=\"noshade\" \/>\n<\/td>\n<\/tr>\n<tr>\n<td class=\"TESTO12neroSX\" bgcolor=\"#e4e4e4\" height=\"35\"><strong>L4 H2 D\u0142ugi z przed\u0142. Zwisem, Wysoki Dach<\/strong><\/td>\n<td height=\"35\"><\/td>\n<td class=\"TESTO12arancioCX\" height=\"35\"><strong>POS 111<\/strong><\/td>\n<td height=\"35\"><\/td>\n<td class=\"TESTO12neroCX\" height=\"35\">4700&#215;1680 mm<\/td>\n<td height=\"35\"><\/td>\n<td class=\"TESTO12neroCX\" height=\"35\">73,10 Kg<\/td>\n<td height=\"35\"><\/td>\n<td class=\"TESTO12neroCX\" height=\"35\">77,00 Kg<\/td>\n<\/tr>\n<tr>\n<td height=\"18\"><\/td>\n<td height=\"18\"><\/td>\n<td height=\"18\">\n<hr class=\"FILETTOgrigio\" noshade=\"noshade\" \/>\n<\/td>\n<td height=\"18\"><\/td>\n<td height=\"18\">\n<hr class=\"FILETTOgrigio\" noshade=\"noshade\" \/>\n<\/td>\n<td height=\"18\"><\/td>\n<td height=\"18\">\n<hr class=\"FILETTOgrigio\" noshade=\"noshade\" \/>\n<\/td>\n<td height=\"18\"><\/td>\n<td height=\"18\">\n<hr class=\"FILETTOgrigio\" noshade=\"noshade\" \/>\n<\/td>\n<\/tr>\n<tr>\n<td class=\"TESTO12neroSX\" colspan=\"9\" height=\"18\">W\u00f3zek na drabin\u0119 mo\u017ce by\u0107 mocowany po prawej lub po lewej stronie samochodu.<\/td>\n<\/tr>\n<\/tbody>\n<\/table>\n","protected":false},"excerpt":{"rendered":"<p>Baga\u017cniki do Volkswagena Craftera BAGA\u017bNIK Baga\u017cnik POJAZD BAGA\u017bNIK WYMIARY WAGA UD\u008fWIG ART. L1 H1 Kr\u00f3tki, Niski Dach POT 107 2750&#215;1700 mm 29,28 Kg 170,00 Kg L1 H2 Kr\u00f3tki, Wysoki Dach.<\/p>\n","protected":false},"author":470,"featured_media":0,"parent":16624,"menu_order":0,"comment_status":"closed","ping_status":"closed","template":"","meta":[],"acf":[],"yoast_head":"<!-- This site is optimized with the Yoast SEO plugin v20.11 - https:\/\/yoast.com\/wordpress\/plugins\/seo\/ -->\n<title>Baga\u017cniki do Craftera Volkswagena<\/title>\n<meta name=\"robots\" content=\"index, follow, max-snippet:-1, max-image-preview:large, max-video-preview:-1\" \/>\n<link rel=\"canonical\" href=\"https:\/\/www.storevan.com\/pl\/zabudowy\/volkswagen\/crafter-2017\/bagazniki-dachowe\/\" \/>\n<meta property=\"og:locale\" content=\"pl_PL\" \/>\n<meta property=\"og:type\" content=\"article\" \/>\n<meta property=\"og:title\" content=\"Baga\u017cniki do Craftera Volkswagena\" \/>\n<meta property=\"og:description\" content=\"Baga\u017cniki do Volkswagena Craftera BAGA\u017bNIK Baga\u017cnik POJAZD BAGA\u017bNIK WYMIARY WAGA UD\u008fWIG ART. L1 H1 Kr\u00f3tki, Niski Dach POT 107 2750&#215;1700 mm 29,28 Kg 170,00 Kg L1 H2 Kr\u00f3tki, Wysoki Dach.\" \/>\n<meta property=\"og:url\" content=\"https:\/\/www.storevan.com\/pl\/zabudowy\/volkswagen\/crafter-2017\/bagazniki-dachowe\/\" \/>\n<meta property=\"og:site_name\" content=\"Store Van\" \/>\n<meta property=\"article:modified_time\" content=\"2018-06-11T15:13:24+00:00\" \/>\n<meta property=\"og:image\" content=\"https:\/\/www.storevan.com\/wp-content\/uploads\/2016\/01\/storevan_crafter_2006_portatutto.jpg\" \/>\n<meta name=\"twitter:label1\" content=\"Szacowany czas czytania\" \/>\n\t<meta name=\"twitter:data1\" content=\"1 minuta\" \/>\n<script type=\"application\/ld+json\" class=\"yoast-schema-graph\">{\"@context\":\"https:\/\/schema.org\",\"@graph\":[{\"@type\":\"WebPage\",\"@id\":\"https:\/\/www.storevan.com\/pl\/zabudowy\/volkswagen\/crafter\/bagazniki-dachowe\/\",\"url\":\"https:\/\/www.storevan.com\/pl\/zabudowy\/volkswagen\/crafter-2017\/bagazniki-dachowe\/\",\"name\":\"Baga\u017cniki do Craftera Volkswagena\",\"isPartOf\":{\"@id\":\"https:\/\/www.storevan.com\/pl\/#website\"},\"datePublished\":\"2016-03-16T08:43:32+00:00\",\"dateModified\":\"2018-06-11T15:13:24+00:00\",\"breadcrumb\":{\"@id\":\"https:\/\/www.storevan.com\/pl\/zabudowy\/volkswagen\/crafter-2017\/bagazniki-dachowe\/#breadcrumb\"},\"inLanguage\":\"pl-PL\",\"potentialAction\":[{\"@type\":\"ReadAction\",\"target\":[\"https:\/\/www.storevan.com\/pl\/zabudowy\/volkswagen\/crafter-2017\/bagazniki-dachowe\/\"]}]},{\"@type\":\"BreadcrumbList\",\"@id\":\"https:\/\/www.storevan.com\/pl\/zabudowy\/volkswagen\/crafter-2017\/bagazniki-dachowe\/#breadcrumb\",\"itemListElement\":[{\"@type\":\"ListItem\",\"position\":1,\"name\":\"Home\",\"item\":\"https:\/\/www.storevan.com\/pl\/\"},{\"@type\":\"ListItem\",\"position\":2,\"name\":\"Zabudowy\",\"item\":\"https:\/\/www.storevan.com\/allestimenti-veicoli-commerciali\/\"},{\"@type\":\"ListItem\",\"position\":3,\"name\":\"Volkswagen\",\"item\":\"https:\/\/www.storevan.com\/pl\/zabudowy\/volkswagen\/\"},{\"@type\":\"ListItem\",\"position\":4,\"name\":\"Craftera 2006\",\"item\":\"https:\/\/www.storevan.com\/pl\/zabudowy\/volkswagen\/crafter\/\"},{\"@type\":\"ListItem\",\"position\":5,\"name\":\"Baga\u017cniki\"}]},{\"@type\":\"WebSite\",\"@id\":\"https:\/\/www.storevan.com\/pl\/#website\",\"url\":\"https:\/\/www.storevan.com\/pl\/\",\"name\":\"Store Van\",\"description\":\"Zabudowy\",\"potentialAction\":[{\"@type\":\"SearchAction\",\"target\":{\"@type\":\"EntryPoint\",\"urlTemplate\":\"https:\/\/www.storevan.com\/pl\/?s={search_term_string}\"},\"query-input\":\"required name=search_term_string\"}],\"inLanguage\":\"pl-PL\"}]}<\/script>\n<!-- \/ Yoast SEO plugin. -->","yoast_head_json":{"title":"Baga\u017cniki do Craftera Volkswagena","robots":{"index":"index","follow":"follow","max-snippet":"max-snippet:-1","max-image-preview":"max-image-preview:large","max-video-preview":"max-video-preview:-1"},"canonical":"https:\/\/www.storevan.com\/pl\/zabudowy\/volkswagen\/crafter-2017\/bagazniki-dachowe\/","og_locale":"pl_PL","og_type":"article","og_title":"Baga\u017cniki do Craftera Volkswagena","og_description":"Baga\u017cniki do Volkswagena Craftera BAGA\u017bNIK Baga\u017cnik POJAZD BAGA\u017bNIK WYMIARY WAGA UD\u008fWIG ART. L1 H1 Kr\u00f3tki, Niski Dach POT 107 2750&#215;1700 mm 29,28 Kg 170,00 Kg L1 H2 Kr\u00f3tki, Wysoki Dach.","og_url":"https:\/\/www.storevan.com\/pl\/zabudowy\/volkswagen\/crafter-2017\/bagazniki-dachowe\/","og_site_name":"Store Van","article_modified_time":"2018-06-11T15:13:24+00:00","og_image":[{"url":"https:\/\/www.storevan.com\/wp-content\/uploads\/2016\/01\/storevan_crafter_2006_portatutto.jpg"}],"twitter_misc":{"Szacowany czas czytania":"1 minuta"},"schema":{"@context":"https:\/\/schema.org","@graph":[{"@type":"WebPage","@id":"https:\/\/www.storevan.com\/pl\/zabudowy\/volkswagen\/crafter\/bagazniki-dachowe\/","url":"https:\/\/www.storevan.com\/pl\/zabudowy\/volkswagen\/crafter-2017\/bagazniki-dachowe\/","name":"Baga\u017cniki do Craftera Volkswagena","isPartOf":{"@id":"https:\/\/www.storevan.com\/pl\/#website"},"datePublished":"2016-03-16T08:43:32+00:00","dateModified":"2018-06-11T15:13:24+00:00","breadcrumb":{"@id":"https:\/\/www.storevan.com\/pl\/zabudowy\/volkswagen\/crafter-2017\/bagazniki-dachowe\/#breadcrumb"},"inLanguage":"pl-PL","potentialAction":[{"@type":"ReadAction","target":["https:\/\/www.storevan.com\/pl\/zabudowy\/volkswagen\/crafter-2017\/bagazniki-dachowe\/"]}]},{"@type":"BreadcrumbList","@id":"https:\/\/www.storevan.com\/pl\/zabudowy\/volkswagen\/crafter-2017\/bagazniki-dachowe\/#breadcrumb","itemListElement":[{"@type":"ListItem","position":1,"name":"Home","item":"https:\/\/www.storevan.com\/pl\/"},{"@type":"ListItem","position":2,"name":"Zabudowy","item":"https:\/\/www.storevan.com\/allestimenti-veicoli-commerciali\/"},{"@type":"ListItem","position":3,"name":"Volkswagen","item":"https:\/\/www.storevan.com\/pl\/zabudowy\/volkswagen\/"},{"@type":"ListItem","position":4,"name":"Craftera 2006","item":"https:\/\/www.storevan.com\/pl\/zabudowy\/volkswagen\/crafter\/"},{"@type":"ListItem","position":5,"name":"Baga\u017cniki"}]},{"@type":"WebSite","@id":"https:\/\/www.storevan.com\/pl\/#website","url":"https:\/\/www.storevan.com\/pl\/","name":"Store Van","description":"Zabudowy","potentialAction":[{"@type":"SearchAction","target":{"@type":"EntryPoint","urlTemplate":"https:\/\/www.storevan.com\/pl\/?s={search_term_string}"},"query-input":"required name=search_term_string"}],"inLanguage":"pl-PL"}]}},"_links":{"self":[{"href":"https:\/\/www.storevan.com\/pl\/wp-json\/wp\/v2\/pages\/16838"}],"collection":[{"href":"https:\/\/www.storevan.com\/pl\/wp-json\/wp\/v2\/pages"}],"about":[{"href":"https:\/\/www.storevan.com\/pl\/wp-json\/wp\/v2\/types\/page"}],"author":[{"embeddable":true,"href":"https:\/\/www.storevan.com\/pl\/wp-json\/wp\/v2\/users\/470"}],"replies":[{"embeddable":true,"href":"https:\/\/www.storevan.com\/pl\/wp-json\/wp\/v2\/comments?post=16838"}],"version-history":[{"count":0,"href":"https:\/\/www.storevan.com\/pl\/wp-json\/wp\/v2\/pages\/16838\/revisions"}],"up":[{"embeddable":true,"href":"https:\/\/www.storevan.com\/pl\/wp-json\/wp\/v2\/pages\/16624"}],"wp:attachment":[{"href":"https:\/\/www.storevan.com\/pl\/wp-json\/wp\/v2\/media?parent=16838"}],"curies":[{"name":"wp","href":"https:\/\/api.w.org\/{rel}","templated":true}]}}