{"id":16607,"date":"2015-12-14T10:12:12","date_gmt":"2015-12-14T09:12:12","guid":{"rendered":"https:\/\/www.storevan.com\/pl\/zabudowy\/furgoni-volkswagen\/"},"modified":"2022-10-03T09:22:35","modified_gmt":"2022-10-03T09:22:35","slug":"volkswagen","status":"publish","type":"page","link":"https:\/\/www.storevan.com\/pl\/zabudowy\/volkswagen\/","title":{"rendered":"Volkswagen"},"content":{"rendered":"<h1 class=\"customblackTitleSmall\">Zabudowy do Volkswagen<\/h1>\n<h2>Wyposa\u017cenie mobilnego warsztatu to doskona\u0142e rozwi\u0105zanie do twojego pojazdu u\u017cytkowego Volkswagen<\/h2>\n<p><img decoding=\"async\" loading=\"lazy\" class=\"alignright wp-image-43759 size-full\" title=\"Zabudowy  Volkswagen\" src=\"https:\/\/www.storevan.com\/wp-content\/uploads\/2017\/01\/HOME13-Allestimenti-VOLKSWAGEN.png\" alt=\"Zabudowy Volkswagen\" width=\"116\" height=\"105\" \/><\/p>\n<p>Store Van produkuje systemy <strong>wyposa\u017cenia do samochod\u00f3w dostawczych marki Volkswagen<\/strong>, ok\u0142adziny do ochrony przedzia\u0142u \u0142adunkowego, baga\u017cniki i\u00a0uchwyty do drabin, do bezpiecznego przewo\u017cenia przedmiot\u00f3w na dachu samochodu, oraz wiele wersji rega\u0142\u00f3w do samochod\u00f3w u\u017cytkowych, w\u00a0zale\u017cno\u015bci od wymaga\u0144 roboczych. W\u00a0ka\u017cdym centrum monta\u017cowym Store Van mo\u017cesz przygotowa\u0107 indywidualne wyposa\u017cenie mobilnego warsztatu do samochodu dostawczego marki Volkswagen, wybieraj\u0105c pod\u0142og\u0119 i\u00a0panele ochronne nadwozia w\u00a0przedziale \u0142adunkowym, dostosowane do w\u0142asnych wymaga\u0144 rega\u0142y na wymiar oraz system uchwytu uniwersalnego i\u00a0uchwytu do drabin.<\/p>\n<h3 class=\"customblackTitleExtraSmall\">WYBIERZ MODEL SAMOCHODU DOSTAWCZEGO:<\/h3>\n<div class=\"one_fourth\">\n<p class=\"text-center\"><strong>CADDY 2015<\/strong><\/p>\n<hr class=\"hidden-xs hidden-sm\"\/>\n<p><a href=\"https:\/\/www.storevan.com\/pl\/zabudowy\/volkswagen\/caddy\/\" class=\"txtOrange\" title=\"Zabudowy Caddy\"><img decoding=\"async\" loading=\"lazy\" class=\"aligncenter size-full wp-image-40371\" src=\"https:\/\/www.storevan.com\/wp-content\/uploads\/2015\/12\/Allestimento-furgoni-Volkswagen-Caddy-2015-1.jpg\" alt=\"Zabudowy do Volkswagen Caddy\" width=\"350\" height=\"220\" srcset=\"https:\/\/www.storevan.com\/wp-content\/uploads\/2015\/12\/Allestimento-furgoni-Volkswagen-Caddy-2015-1.jpg 350w, https:\/\/www.storevan.com\/wp-content\/uploads\/2015\/12\/Allestimento-furgoni-Volkswagen-Caddy-2015-1-300x189.jpg 300w\" sizes=\"(max-width: 350px) 100vw, 350px\" \/><br \/>\nZabudowy Caddy <i class=\"fa fa-angle-double-right\"><\/i><\/a><br \/>\n<a href=\"https:\/\/www.storevan.com\/pl\/zabudowy\/volkswagen\/caddy\/scieny-podloga\/\" class=\"txtOrange\" title=\"Podloga i panele Caddy\">Podloga i panele  <i class=\"fa fa-angle-double-right\"><\/i><\/a><br \/>\n<a href=\"https:\/\/www.storevan.com\/pl\/zabudowy\/volkswagen\/caddy\/bagazniki-dachowe\/\" class=\"txtOrange\" title=\"Bagazniki i uchwyty do drabiny Caddy\">Bagazniki i uchwyty do drabiny <i class=\"fa fa-angle-double-right\"><\/i><\/a> <\/p>\n<hr noshade=\"noshade\" size=\"1\" class=\"visible-xs\" \/>\n<\/div><div class=\"one_fourth\">\n<p class=\"text-center\"><strong>CADDY CARGO 2021<\/strong><\/p>\n<hr class=\"hidden-xs hidden-sm\"\/>\n<p><a href=\"https:\/\/www.storevan.com\/pl\/zabudowy\/volkswagen\/caddy-cargo\/\" class=\"txtOrange\" title=\"Zabudowy Caddy Cargo\"><img decoding=\"async\" loading=\"lazy\" class=\"aligncenter wp-image-40377 size-full\" src=\"https:\/\/www.storevan.com\/wp-content\/uploads\/veicoli\/volkswagen\/caddycargo2021\/Allestimento-furgoni-Volkswagen-Caddy-Cargo-2021.jpg\" alt=\"Zabudowy do Volkswagen Caddy Cargo\" width=\"350\" height=\"220\" \/><br \/>\nZabudowy Caddy Cargo <i class=\"fa fa-angle-double-right\"><\/i><\/a><br \/>\n<a href=\"https:\/\/www.storevan.com\/pl\/zabudowy\/volkswagen\/caddy-cargo\/scieny-i-podloga\/\" class=\"txtOrange\" title=\"Podloga i panele Caddy Cargo\">Podloga i panele  <i class=\"fa fa-angle-double-right\"><\/i><\/a><br \/>\n<a href=\"https:\/\/www.storevan.com\/pl\/zabudowy\/volkswagen\/caddy-cargo\/bagazniki\/\" class=\"txtOrange\" title=\"Bagazniki i uchwyty do drabiny Caddy Cargo\">Bagazniki i uchwyty do drabiny <i class=\"fa fa-angle-double-right\"><\/i><\/a> <\/p>\n<hr noshade=\"noshade\" size=\"1\" class=\"visible-xs\" \/>\n<\/div><div class=\"one_fourth\">\n<p class=\"text-center\"><strong>TRANSPORTER 2015<\/strong><\/p>\n<hr class=\"hidden-xs hidden-sm\"\/>\n<p><a href=\"https:\/\/www.storevan.com\/pl\/zabudowy\/volkswagen\/transporter\/\" class=\"txtOrange\" title=\"Zabudowy Transporter\"><img decoding=\"async\" loading=\"lazy\" class=\"aligncenter wp-image-40377 size-full\" src=\"https:\/\/www.storevan.com\/wp-content\/uploads\/2015\/12\/Allestimento-furgoni-Volkswagen-Transporter-2015-1.jpg\" alt=\"Zabudowy do Volkswagen Transporter\" width=\"350\" height=\"220\" srcset=\"https:\/\/www.storevan.com\/wp-content\/uploads\/2015\/12\/Allestimento-furgoni-Volkswagen-Transporter-2015-1.jpg 350w, https:\/\/www.storevan.com\/wp-content\/uploads\/2015\/12\/Allestimento-furgoni-Volkswagen-Transporter-2015-1-300x189.jpg 300w\" sizes=\"(max-width: 350px) 100vw, 350px\" \/><br \/>\nZabudowy Transporter <i class=\"fa fa-angle-double-right\"><\/i><\/a><br \/>\n<a href=\"https:\/\/www.storevan.com\/pl\/zabudowy\/volkswagen\/transporter\/scieny-podloga\/\" class=\"txtOrange\" title=\"Podloga i panele Transporter\">Podloga i panele  <i class=\"fa fa-angle-double-right\"><\/i><\/a><br \/>\n<a href=\"https:\/\/www.storevan.com\/pl\/zabudowy\/volkswagen\/transporter\/bagazniki-dachowe\/\" class=\"txtOrange\" title=\"Bagazniki i uchwyty do drabiny Transporter\">Bagazniki i uchwyty do drabiny <i class=\"fa fa-angle-double-right\"><\/i><\/a> <\/p>\n<hr noshade=\"noshade\" size=\"1\" class=\"visible-xs\" \/>\n<\/div><div class=\"one_fourth last\">\n<p style=\"text-align: center;\"><strong>CRAFTER 2017<\/strong><\/p>\n<hr class=\"hidden-xs hidden-sm\"\/>\n<p><a href=\"https:\/\/www.storevan.com\/pl\/zabudowy\/volkswagen\/crafter-2017\/\" class=\"txtOrange\" title=\"Zabudowy Crafter 2017\"><img decoding=\"async\" loading=\"lazy\" class=\"aligncenter size-full wp-image-57484\" src=\"https:\/\/www.storevan.com\/wp-content\/uploads\/2015\/12\/Allestimento-furgoni-Volkswagen-Crafter-2017.jpg\" alt=\"Zabudowy do Volkswagen Crafter 2017\" width=\"350\" height=\"220\" srcset=\"https:\/\/www.storevan.com\/wp-content\/uploads\/2015\/12\/Allestimento-furgoni-Volkswagen-Crafter-2017.jpg 350w, https:\/\/www.storevan.com\/wp-content\/uploads\/2015\/12\/Allestimento-furgoni-Volkswagen-Crafter-2017-300x189.jpg 300w\" sizes=\"(max-width: 350px) 100vw, 350px\" \/><br \/>\nZabudowy Crafter <i class=\"fa fa-angle-double-right\"><\/i><\/a><br \/>\n<a href=\"https:\/\/www.storevan.com\/pl\/zabudowy\/volkswagen\/crafter-2017\/bagazniki\/\" class=\"txtOrange\" title=\"Podloga i panele Crafter 2017\">Podloga i panele  <i class=\"fa fa-angle-double-right\"><\/i><\/a><br \/>\n<a href=\"https:\/\/www.storevan.com\/pl\/zabudowy\/volkswagen\/crafter-2017\/bagazniki-dachowe\/\" class=\"txtOrange\" title=\"Bagazniki i uchwyty do drabiny Crafter 2017\">Bagazniki i uchwyty do drabiny <i class=\"fa fa-angle-double-right\"><\/i><\/a> <\/p>\n<hr noshade=\"noshade\" size=\"1\" class=\"visible-xs\" \/>\n<\/div><div class=\"clearboth\"><\/div><div class=\"one_fourth last\">\n<p class=\"text-center\"><strong>CRAFTER 2006<\/strong><\/p>\n<hr class=\"hidden-xs hidden-sm\"\/>\n<p><a href=\"https:\/\/www.storevan.com\/pl\/zabudowy\/volkswagen\/crafter\/\" class=\"txtOrange\" title=\"Zabudowy Crafter 2006\"><img decoding=\"async\" loading=\"lazy\" class=\"aligncenter size-full wp-image-40383\" src=\"https:\/\/www.storevan.com\/wp-content\/uploads\/2015\/12\/Allestimento-furgoni-Volkswagen-Crafter-2006-1.jpg\" alt=\"Zabudowy do Volkswagen Crafter 2006\" width=\"350\" height=\"220\" srcset=\"https:\/\/www.storevan.com\/wp-content\/uploads\/2015\/12\/Allestimento-furgoni-Volkswagen-Crafter-2006-1.jpg 350w, https:\/\/www.storevan.com\/wp-content\/uploads\/2015\/12\/Allestimento-furgoni-Volkswagen-Crafter-2006-1-300x189.jpg 300w\" sizes=\"(max-width: 350px) 100vw, 350px\" \/><br \/>\nZabudowy Crafter 2006 <i class=\"fa fa-angle-double-right\"><\/i><\/a><br \/>\n<a href=\"https:\/\/www.storevan.com\/pl\/zabudowy\/volkswagen\/crafter\/scieny-podloga\/\" class=\"txtOrange\" title=\"Podloga i panele Crafter 2006\">Podloga i panele  <i class=\"fa fa-angle-double-right\"><\/i><\/a><br \/>\n<a href=\"https:\/\/www.storevan.com\/pl\/zabudowy\/volkswagen\/crafter\/bagazniki-dachowe\/\" class=\"txtOrange\" title=\"Bagazniki i uchwyty do drabiny Crafter 2006\">Bagazniki i uchwyty do drabiny <i class=\"fa fa-angle-double-right\"><\/i><\/a> <\/p>\n<hr class=\"visible-xs\" \/>\n<\/div><div class=\"clearboth\"><\/div>\n<p>Wewn\u0119trzn\u0105 cz\u0119\u015b\u0107 nadwozia mo\u017cna wzmocni\u0107 i zabezpieczy\u0107 z wykorzystaniem pod\u0142ogi z wielowarstwowej sklejki oraz paneli polipropylenowych na \u015bciany. Natomiast przestrze\u0144 mo\u017ce zosta\u0107 zorganizowana za pomoc\u0105 rega\u0142\u00f3w. Towar i wyposa\u017cenie s\u0105 dobrze zabezpieczone i przechowywane w uporz\u0105dkowany spos\u00f3b, a tym samym \u0142atwo dost\u0119pne w szufladach, komorach z drzwiami, kuwetach z przegrodami, p\u00f3\u0142kach z pojemnikami oraz p\u00f3\u0142kach na walizki na drobne elementy. W ten spos\u00f3b profesjonalista nie marnuje czasu ani energii, a samoch\u00f3d dostawczy staje si\u0119 wa\u017cnym narz\u0119dziem pomocniczym.<\/p>\n","protected":false},"excerpt":{"rendered":"<p>Zabudowy do Volkswagen Wyposa\u017cenie mobilnego warsztatu to doskona\u0142e rozwi\u0105zanie do twojego pojazdu u\u017cytkowego Volkswagen Store Van produkuje systemy wyposa\u017cenia do samochod\u00f3w dostawczych marki Volkswagen, ok\u0142adziny do ochrony przedzia\u0142u \u0142adunkowego, baga\u017cniki.<\/p>\n","protected":false},"author":470,"featured_media":0,"parent":8457,"menu_order":0,"comment_status":"closed","ping_status":"closed","template":"","meta":[],"acf":[],"yoast_head":"<!-- This site is optimized with the Yoast SEO plugin v20.11 - https:\/\/yoast.com\/wordpress\/plugins\/seo\/ -->\n<title>Zabudowy do samochod\u00f3w serwisowych Volkswagen<\/title>\n<meta name=\"description\" content=\"Wyposa\u017cenie samochod\u00f3w dostawczych Volkswagen, obejmuj\u0105ce ok\u0142adziny wewn\u0119trzne do przedzia\u0142u \u0142adunkowego oraz baga\u017cniki i\u00a0uchwyty do drabin,do bezpiecznego\" \/>\n<meta name=\"robots\" content=\"index, follow, max-snippet:-1, max-image-preview:large, max-video-preview:-1\" \/>\n<link rel=\"canonical\" href=\"https:\/\/www.storevan.com\/pl\/zabudowy\/volkswagen\/\" \/>\n<meta property=\"og:locale\" content=\"pl_PL\" \/>\n<meta property=\"og:type\" content=\"article\" \/>\n<meta property=\"og:title\" content=\"Zabudowy do samochod\u00f3w serwisowych Volkswagen\" \/>\n<meta property=\"og:description\" content=\"Wyposa\u017cenie samochod\u00f3w dostawczych Volkswagen, obejmuj\u0105ce ok\u0142adziny wewn\u0119trzne do przedzia\u0142u \u0142adunkowego oraz baga\u017cniki i\u00a0uchwyty do drabin,do bezpiecznego\" \/>\n<meta property=\"og:url\" content=\"https:\/\/www.storevan.com\/pl\/zabudowy\/volkswagen\/\" \/>\n<meta property=\"og:site_name\" content=\"Store Van\" \/>\n<meta property=\"article:modified_time\" content=\"2022-10-03T09:22:35+00:00\" \/>\n<meta property=\"og:image\" content=\"https:\/\/www.storevan.com\/wp-content\/uploads\/2017\/01\/HOME13-Allestimenti-VOLKSWAGEN.png\" \/>\n<meta name=\"twitter:label1\" content=\"Szacowany czas czytania\" \/>\n\t<meta name=\"twitter:data1\" content=\"3 minuty\" \/>\n<script type=\"application\/ld+json\" class=\"yoast-schema-graph\">{\"@context\":\"https:\/\/schema.org\",\"@graph\":[{\"@type\":\"WebPage\",\"@id\":\"https:\/\/www.storevan.com\/pl\/zabudowy\/volkswagen\/\",\"url\":\"https:\/\/www.storevan.com\/pl\/zabudowy\/volkswagen\/\",\"name\":\"Zabudowy do samochod\u00f3w serwisowych Volkswagen\",\"isPartOf\":{\"@id\":\"https:\/\/www.storevan.com\/pl\/#website\"},\"datePublished\":\"2015-12-14T09:12:12+00:00\",\"dateModified\":\"2022-10-03T09:22:35+00:00\",\"description\":\"Wyposa\u017cenie samochod\u00f3w dostawczych Volkswagen, obejmuj\u0105ce ok\u0142adziny wewn\u0119trzne do przedzia\u0142u \u0142adunkowego oraz baga\u017cniki i\u00a0uchwyty do drabin,do bezpiecznego\",\"breadcrumb\":{\"@id\":\"https:\/\/www.storevan.com\/pl\/zabudowy\/volkswagen\/#breadcrumb\"},\"inLanguage\":\"pl-PL\",\"potentialAction\":[{\"@type\":\"ReadAction\",\"target\":[\"https:\/\/www.storevan.com\/pl\/zabudowy\/volkswagen\/\"]}]},{\"@type\":\"BreadcrumbList\",\"@id\":\"https:\/\/www.storevan.com\/pl\/zabudowy\/volkswagen\/#breadcrumb\",\"itemListElement\":[{\"@type\":\"ListItem\",\"position\":1,\"name\":\"Home\",\"item\":\"https:\/\/www.storevan.com\/pl\/\"},{\"@type\":\"ListItem\",\"position\":2,\"name\":\"Zabudowy\",\"item\":\"https:\/\/www.storevan.com\/allestimenti-veicoli-commerciali\/\"},{\"@type\":\"ListItem\",\"position\":3,\"name\":\"Volkswagen\"}]},{\"@type\":\"WebSite\",\"@id\":\"https:\/\/www.storevan.com\/pl\/#website\",\"url\":\"https:\/\/www.storevan.com\/pl\/\",\"name\":\"Store Van\",\"description\":\"Zabudowy\",\"potentialAction\":[{\"@type\":\"SearchAction\",\"target\":{\"@type\":\"EntryPoint\",\"urlTemplate\":\"https:\/\/www.storevan.com\/pl\/?s={search_term_string}\"},\"query-input\":\"required name=search_term_string\"}],\"inLanguage\":\"pl-PL\"}]}<\/script>\n<!-- \/ Yoast SEO plugin. -->","yoast_head_json":{"title":"Zabudowy do samochod\u00f3w serwisowych Volkswagen","description":"Wyposa\u017cenie samochod\u00f3w dostawczych Volkswagen, obejmuj\u0105ce ok\u0142adziny wewn\u0119trzne do przedzia\u0142u \u0142adunkowego oraz baga\u017cniki i\u00a0uchwyty do drabin,do bezpiecznego","robots":{"index":"index","follow":"follow","max-snippet":"max-snippet:-1","max-image-preview":"max-image-preview:large","max-video-preview":"max-video-preview:-1"},"canonical":"https:\/\/www.storevan.com\/pl\/zabudowy\/volkswagen\/","og_locale":"pl_PL","og_type":"article","og_title":"Zabudowy do samochod\u00f3w serwisowych Volkswagen","og_description":"Wyposa\u017cenie samochod\u00f3w dostawczych Volkswagen, obejmuj\u0105ce ok\u0142adziny wewn\u0119trzne do przedzia\u0142u \u0142adunkowego oraz baga\u017cniki i\u00a0uchwyty do drabin,do bezpiecznego","og_url":"https:\/\/www.storevan.com\/pl\/zabudowy\/volkswagen\/","og_site_name":"Store Van","article_modified_time":"2022-10-03T09:22:35+00:00","og_image":[{"url":"https:\/\/www.storevan.com\/wp-content\/uploads\/2017\/01\/HOME13-Allestimenti-VOLKSWAGEN.png"}],"twitter_misc":{"Szacowany czas czytania":"3 minuty"},"schema":{"@context":"https:\/\/schema.org","@graph":[{"@type":"WebPage","@id":"https:\/\/www.storevan.com\/pl\/zabudowy\/volkswagen\/","url":"https:\/\/www.storevan.com\/pl\/zabudowy\/volkswagen\/","name":"Zabudowy do samochod\u00f3w serwisowych Volkswagen","isPartOf":{"@id":"https:\/\/www.storevan.com\/pl\/#website"},"datePublished":"2015-12-14T09:12:12+00:00","dateModified":"2022-10-03T09:22:35+00:00","description":"Wyposa\u017cenie samochod\u00f3w dostawczych Volkswagen, obejmuj\u0105ce ok\u0142adziny wewn\u0119trzne do przedzia\u0142u \u0142adunkowego oraz baga\u017cniki i\u00a0uchwyty do drabin,do bezpiecznego","breadcrumb":{"@id":"https:\/\/www.storevan.com\/pl\/zabudowy\/volkswagen\/#breadcrumb"},"inLanguage":"pl-PL","potentialAction":[{"@type":"ReadAction","target":["https:\/\/www.storevan.com\/pl\/zabudowy\/volkswagen\/"]}]},{"@type":"BreadcrumbList","@id":"https:\/\/www.storevan.com\/pl\/zabudowy\/volkswagen\/#breadcrumb","itemListElement":[{"@type":"ListItem","position":1,"name":"Home","item":"https:\/\/www.storevan.com\/pl\/"},{"@type":"ListItem","position":2,"name":"Zabudowy","item":"https:\/\/www.storevan.com\/allestimenti-veicoli-commerciali\/"},{"@type":"ListItem","position":3,"name":"Volkswagen"}]},{"@type":"WebSite","@id":"https:\/\/www.storevan.com\/pl\/#website","url":"https:\/\/www.storevan.com\/pl\/","name":"Store Van","description":"Zabudowy","potentialAction":[{"@type":"SearchAction","target":{"@type":"EntryPoint","urlTemplate":"https:\/\/www.storevan.com\/pl\/?s={search_term_string}"},"query-input":"required name=search_term_string"}],"inLanguage":"pl-PL"}]}},"_links":{"self":[{"href":"https:\/\/www.storevan.com\/pl\/wp-json\/wp\/v2\/pages\/16607"}],"collection":[{"href":"https:\/\/www.storevan.com\/pl\/wp-json\/wp\/v2\/pages"}],"about":[{"href":"https:\/\/www.storevan.com\/pl\/wp-json\/wp\/v2\/types\/page"}],"author":[{"embeddable":true,"href":"https:\/\/www.storevan.com\/pl\/wp-json\/wp\/v2\/users\/470"}],"replies":[{"embeddable":true,"href":"https:\/\/www.storevan.com\/pl\/wp-json\/wp\/v2\/comments?post=16607"}],"version-history":[{"count":9,"href":"https:\/\/www.storevan.com\/pl\/wp-json\/wp\/v2\/pages\/16607\/revisions"}],"predecessor-version":[{"id":149326,"href":"https:\/\/www.storevan.com\/pl\/wp-json\/wp\/v2\/pages\/16607\/revisions\/149326"}],"up":[{"embeddable":true,"href":"https:\/\/www.storevan.com\/pl\/wp-json\/wp\/v2\/pages\/8457"}],"wp:attachment":[{"href":"https:\/\/www.storevan.com\/pl\/wp-json\/wp\/v2\/media?parent=16607"}],"curies":[{"name":"wp","href":"https:\/\/api.w.org\/{rel}","templated":true}]}}