{"id":16466,"date":"2015-12-14T10:07:04","date_gmt":"2015-12-14T09:07:04","guid":{"rendered":"https:\/\/www.storevan.com\/pl\/zabudowy\/furgoni-opel\/"},"modified":"2022-03-10T15:56:05","modified_gmt":"2022-03-10T15:56:05","slug":"opel","status":"publish","type":"page","link":"https:\/\/www.storevan.com\/pl\/zabudowy\/opel\/","title":{"rendered":"Opel"},"content":{"rendered":"<h1 class=\"customblackTitleSmall\">Zabudowy do Opel<\/h1>\n<h2>Zabudowa serwisowa warsztatowa Opel<\/h2>\n<p><img decoding=\"async\" loading=\"lazy\" class=\"alignright wp-image-43735 size-full\" title=\"Zabudowy Opel\" src=\"https:\/\/www.storevan.com\/wp-content\/uploads\/2017\/01\/HOME9-Allestimenti-OPEL.png\" alt=\"Zabudowy Opel\" width=\"116\" height=\"105\" \/><\/p>\n<p>Store Van produkuje systemy <strong>wyposa\u017cenia do samochod\u00f3w dostawczych marki Opel<\/strong>. Ok\u0142adziny do ochrony przedzia\u0142u \u0142adunkowego, baga\u017cniki i\u00a0uchwyty do drabin, do bezpiecznego przewo\u017cenia przedmiot\u00f3w na dachu samochodu, oraz wiele wersji rega\u0142\u00f3w do samochod\u00f3w u\u017cytkowych, w\u00a0zale\u017cno\u015bci od wymaga\u0144 roboczych.<\/p>\n<p>Wyst\u0119puj\u0105c w\u00a0charakterze marki produkuj\u0105cej wyposa\u017cenie do samochod\u00f3w dostawczych, Store Van oferuje swoje innowacyjne systemy wyposa\u017cenia, kt\u00f3re redefiniuj\u0105 \u201e<em>logistyk\u0119 pok\u0142adow\u0105<\/em>\u201d. Przewag\u0119 nad tradycyjnymi systemami pozwalaj\u0105 uzyska\u0107 wbudowane w\u00a0pod\u0142og\u0119 systemy mocowania \u0142adunku, kt\u00f3re poprawiaj\u0105 osi\u0105gi przedzia\u0142u \u0142adunkowego, konfiguruj\u0105c na nowo powi\u0105zania pomi\u0119dzy pojemno\u015bci\u0105 a\u00a0bezpiecze\u0144stwem, w\u00a0oparciu o\u00a0przewo\u017cony w\u00a0danej chwili \u0142adunek.<\/p>\n<h3 class=\"customblackTitleExtraSmall\">WYBIERZ MODEL SAMOCHODU DOSTAWCZEGO:<\/h3>\n<div class=\"one_fourth\">\n<p class=\"text-center\"><strong>COMBO 2018<\/strong><\/p>\n<hr class=\"hidden-xs hidden-sm\"\/>\n<a href=\"https:\/\/www.storevan.com\/pl\/zabudowy\/opel\/combo\/\" class=\"txtOrange\" title=\"Zabudowy Combo\"><img decoding=\"async\" loading=\"lazy\" src=\"https:\/\/www.storevan.com\/wp-content\/uploads\/2019\/03\/Opel-Combo-2018.jpg\" alt=\"Zabudowy do Opel Combo\" width=\"350\" height=\"220\" class=\"aligncenter size-full wp-image-98826\" srcset=\"https:\/\/www.storevan.com\/wp-content\/uploads\/2019\/03\/Opel-Combo-2018.jpg 350w, https:\/\/www.storevan.com\/wp-content\/uploads\/2019\/03\/Opel-Combo-2018-300x189.jpg 300w\" sizes=\"(max-width: 350px) 100vw, 350px\" \/><br \/>\nZabudowy Combo <i class=\"fa fa-angle-double-right\"><\/i><\/a><br \/>\n<a href=\"https:\/\/www.storevan.com\/pl\/zabudowy\/opel\/combo\/scieny-podloga\/\" class=\"txtOrange\" title=\"Podloga i panele Combo\">Podloga i panele  <i class=\"fa fa-angle-double-right\"><\/i><\/a><br \/>\n<a href=\"https:\/\/www.storevan.com\/pl\/zabudowy\/opel\/combo\/bagazniki-dachowe\/\" class=\"txtOrange\" title=\"Bagazniki i uchwyty do drabiny Combo\">Bagazniki i uchwyty do drabiny <i class=\"fa fa-angle-double-right\"><\/i><\/a> <\/p>\n<hr noshade=\"noshade\" size=\"1\" class=\"visible-xs\" \/>\n<\/div>\n<div class=\"one_fourth\">\n<p class=\"text-center\"><strong>VIVARO 2014<\/strong><\/p>\n<hr class=\"hidden-xs hidden-sm\" \/>\n<a  class=\"txtOrange\" title=\"Zabudowy Vivaro 2014\" href=\"https:\/\/www.storevan.com\/pl\/zabudowy\/opel\/vivaro-2014\/\"><img decoding=\"async\" loading=\"lazy\" class=\"aligncenter size-full wp-image-40305\" src=\"https:\/\/www.storevan.com\/wp-content\/uploads\/2015\/12\/Allestimento-furgoni-Opel-Vivaro-2014-1.jpg\" alt=\"Zabudowy Opel Vivaro 2014\" width=\"350\" height=\"220\" srcset=\"https:\/\/www.storevan.com\/wp-content\/uploads\/2015\/12\/Allestimento-furgoni-Opel-Vivaro-2014-1.jpg 350w, https:\/\/www.storevan.com\/wp-content\/uploads\/2015\/12\/Allestimento-furgoni-Opel-Vivaro-2014-1-300x189.jpg 300w\" sizes=\"(max-width: 350px) 100vw, 350px\" \/><\/a><br \/>\n<a href=\"https:\/\/www.storevan.com\/pl\/zabudowy\/opel\/vivaro-2014\/\" title=\"Zabudowy Vivaro 2014\">Zabudowy Vivaro 2014 <i class=\"fa fa-angle-double-right\"><\/i><\/a><br \/>\n<a href=\"https:\/\/www.storevan.com\/pl\/zabudowy\/opel\/vivaro-2014\/scieny-podloga\/\" title=\"Podloga i panele  Vivaro 2014\">Podloga i panele  <i class=\"fa fa-angle-double-right\"><\/i><\/a><br \/>\n<a href=\"https:\/\/www.storevan.com\/pl\/zabudowy\/opel\/vivaro-2014\/bagazniki-dachowe\/\" title=\"Bagazniki i uchwyty do drabiny Vivaro 2014\">Bagazniki i uchwyty do drabiny <i class=\"fa fa-angle-double-right\"><\/i><\/a><\/p>\n<hr class=\"visible-xs\" noshade=\"noshade\" size=\"1\" \/>\n<\/div>\n<div class=\"one_fourth\">\n<p class=\"text-center\"><strong>VIVARO 2019<\/strong><\/p>\n<hr class=\"hidden-xs hidden-sm\"\/>\n<a href=\"https:\/\/www.storevan.com\/pl\/zabudowy\/opel\/vivaro\/\" class=\"txtOrange\" title=\"Zabudowy Vivaro\"><img decoding=\"async\" loading=\"lazy\" src=\"https:\/\/www.storevan.com\/wp-content\/uploads\/2019\/04\/Opel-Vivaro-2019.jpg\" alt=\"Zabudowy do Opel Vivaro\" width=\"350\" height=\"220\" class=\"aligncenter size-full wp-image-101079\" srcset=\"https:\/\/www.storevan.com\/wp-content\/uploads\/2019\/04\/Opel-Vivaro-2019.jpg 350w, https:\/\/www.storevan.com\/wp-content\/uploads\/2019\/04\/Opel-Vivaro-2019-300x189.jpg 300w\" sizes=\"(max-width: 350px) 100vw, 350px\" \/><br \/>\nZabudowy Vivaro <i class=\"fa fa-angle-double-right\"><\/i><\/a><br \/>\n<a href=\"https:\/\/www.storevan.com\/pl\/zabudowy\/opel\/vivaro\/scieny-podloga\/\" class=\"txtOrange\" title=\"Podloga i panele Vivaro\">Podloga i panele  <i class=\"fa fa-angle-double-right\"><\/i><\/a><br \/>\n<a href=\"https:\/\/www.storevan.com\/pl\/zabudowy\/opel\/vivaro\/bagazniki-dachowe\/\" class=\"txtOrange\" title=\"Bagazniki i uchwyty do drabiny Vivaro\">Bagazniki i uchwyty do drabiny <i class=\"fa fa-angle-double-right\"><\/i><\/a> <\/p>\n<hr noshade=\"noshade\" size=\"1\" class=\"visible-xs\" \/>\n<\/div>\n<div class=\"one_fourth last\">\n<p class=\"text-center\"><strong>MOVANO 2010<\/strong><\/p>\n<hr class=\"hidden-xs hidden-sm\"\/>\n<a href=\"https:\/\/www.storevan.com\/allestimenti-veicoli-commerciali\/furgoni-opel\/movano\/\" class=\"txtOrange\" title=\"Zabudowy Movano 2010\"><img decoding=\"async\" loading=\"lazy\" class=\"aligncenter size-full wp-image-40293\" src=\"https:\/\/www.storevan.com\/wp-content\/uploads\/2015\/12\/Allestimento-furgoni-Opel-Movano-2010-1.jpg\" alt=\"Zabudowy do Opel Movano 2010\" width=\"350\" height=\"220\" srcset=\"https:\/\/www.storevan.com\/wp-content\/uploads\/2015\/12\/Allestimento-furgoni-Opel-Movano-2010-1.jpg 350w, https:\/\/www.storevan.com\/wp-content\/uploads\/2015\/12\/Allestimento-furgoni-Opel-Movano-2010-1-300x189.jpg 300w\" sizes=\"(max-width: 350px) 100vw, 350px\" \/><br \/>\nZabudowy Movano 2010 <i class=\"fa fa-angle-double-right\"><\/i><\/a><br \/>\n<a href=\"https:\/\/www.storevan.com\/pl\/zabudowy\/opel\/movano\/scieny-podloga\/\" class=\"txtOrange\" title=\"Podloga i panele Movano 2010\">Podloga i panele <i class=\"fa fa-angle-double-right\"><\/i><\/a><br \/>\n<a href=\"https:\/\/www.storevan.com\/pl\/zabudowy\/opel\/movano\/bagazniki-dachowe\/\" class=\"txtOrange\" title=\"Bagazniki i uchwyty do drabiny Movano 2010\">Bagazniki i uchwyty do drabiny <i class=\"fa fa-angle-double-right\"><\/i><\/a> <\/p>\n<hr noshade=\"noshade\" size=\"1\" class=\"visible-xs\" \/>\n<\/div><div class=\"clearboth\"><\/div>\n<div class=\"one_fourth last\">\n<p class=\"text-center\"><strong>MOVANO 2021<\/strong><\/p>\n<hr class=\"hidden-xs hidden-sm\"\/>\n<a href=\"https:\/\/www.storevan.com\/pl\/zabudowy\/opel\/movano-2021\/\" class=\"txtOrange\" title=\"Zabudowy Movano 2021\"><img decoding=\"async\" loading=\"lazy\" class=\"aligncenter size-full wp-image-40293\" src=\"https:\/\/www.storevan.com\/wp-content\/uploads\/veicoli\/opel\/movano2021\/Allestimento-furgoni-Opel-Movano-2021.jpg\" alt=\"Zabudowy do Opel Movano 2021\" width=\"350\" height=\"220\" \/><br \/>\nZabudowy Movano 2021 <i class=\"fa fa-angle-double-right\"><\/i><\/a><br \/>\n<a href=\"https:\/\/www.storevan.com\/pl\/zabudowy\/opel\/movano-2021\/scieny-i-podloga\/\" class=\"txtOrange\" title=\"Podloga i panele Movano 2021\">Podloga i panele <i class=\"fa fa-angle-double-right\"><\/i><\/a><br \/>\n<a href=\"https:\/\/www.storevan.com\/pl\/zabudowy\/opel\/movano-2021\/bagazniki\/\" class=\"txtOrange\" title=\"Bagazniki i uchwyty do drabiny Movano 2021\">Bagazniki i uchwyty do drabiny <i class=\"fa fa-angle-double-right\"><\/i><\/a> <\/p>\n<hr noshade=\"noshade\" size=\"1\" class=\"visible-xs\" \/>\n<\/div><div class=\"clearboth\"><\/div>\n<h4>Problemy z\u00a0wilgoci\u0105 i\u00a0zaciekaniem, kt\u00f3re skutkuj\u0105 korozj\u0105 blachy w\u00a0przedziale \u0142adunkowym twojego samochodu dostawczego marki Opel?<\/h4>\n<p>Wyja\u015bniamy, jak rozwi\u0105zali\u015bmy t\u0119 uci\u0105\u017cliw\u0105 niedogodno\u015b\u0107. Oferujemy systemy pod\u0142\u00f3g i\u00a0paneli bocznych, zabezpieczaj\u0105cych przedzia\u0142 \u0142adunkowy. W\u00a0ten spos\u00f3b ani ustawianie wyposa\u017cenia metalowego, ani przestawianie \u0142adunku lub jego ewentualne przypadkowe przewr\u00f3cenie nie powoduj\u0105 zarysowania lakieru na pod\u0142odze, kt\u00f3re skutkuje nara\u017ceniem na dzia\u0142anie czynnik\u00f3w atmosferycznych i\u00a0chemicznych.<\/p>\n<p>Do wykonywania konserwacji og\u00f3lnie potrzebne s\u0105 narz\u0119dzia, sprz\u0119t, cz\u0119\u015bci zamienne oraz miejsce na rzeczy osobiste operator\u00f3w. Nasze rega\u0142y, \u0142\u0105cz\u0105ce w\u00a0sobie najlepsze elementy Store Van pod wzgl\u0119dem sk\u0142adowania, mog\u0105 obejmowa\u0107 komory z\u00a0drzwiami uchylnymi z\u00a0aluminium anodowanego, p\u00f3\u0142ki z\u00a0regulowanymi przegrodami aluminiowymi i\u00a0z gumowymi matami przeciwpo\u015blizgowymi, wysuwane pojemniki, poprzeczk\u0119 z\u00a0pasem do mocowania walizek, szafy z\u00a0p\u00f3\u0142kami i\u00a0zamkiem oraz system sk\u0142adowania walizek Store Box, razem z\u00a0pojemnikami na drobne elementy. Bior\u0105c pod uwag\u0119 r\u00f3wnie\u017c bardziej \u201especjalne\u201d \u0142adunki, takie jak drabiny, butle czy ci\u0119\u017ckie\/du\u017ce przedmioty, przygotowali\u015bmy system bezpiecznego mocowania za pomoc\u0105 prowadnic, dr\u0105\u017ck\u00f3w do mocowania \u0142adunku i\u00a0pas\u00f3w z\u00a0napinaczem.<\/p>\n","protected":false},"excerpt":{"rendered":"<p>Zabudowy do Opel Zabudowa serwisowa warsztatowa Opel Store Van produkuje systemy wyposa\u017cenia do samochod\u00f3w dostawczych marki Opel. Ok\u0142adziny do ochrony przedzia\u0142u \u0142adunkowego, baga\u017cniki i\u00a0uchwyty do drabin, do bezpiecznego przewo\u017cenia przedmiot\u00f3w.<\/p>\n","protected":false},"author":470,"featured_media":0,"parent":8457,"menu_order":0,"comment_status":"closed","ping_status":"closed","template":"","meta":[],"acf":[],"yoast_head":"<!-- This site is optimized with the Yoast SEO plugin v20.11 - https:\/\/yoast.com\/wordpress\/plugins\/seo\/ -->\n<title>Zabudowy do Opel<\/title>\n<meta name=\"description\" content=\"Store Van produkuje zabudowy do samochod\u00f3w serwisowych Opel: Pod\u0142oga i panele \u009ccienne; baga\u017cnik dachowy z drabin\u0161 lub bez, a tak\u017ce wyposa\u017cenie serwisowe ...\" \/>\n<meta name=\"robots\" content=\"index, follow, max-snippet:-1, max-image-preview:large, max-video-preview:-1\" \/>\n<link rel=\"canonical\" href=\"https:\/\/www.storevan.com\/allestimenti-veicoli-commerciali\/furgoni-opel\/\" \/>\n<meta property=\"og:locale\" content=\"pl_PL\" \/>\n<meta property=\"og:type\" content=\"article\" \/>\n<meta property=\"og:title\" content=\"Zabudowy do Opel\" \/>\n<meta property=\"og:description\" content=\"Store Van produkuje zabudowy do samochod\u00f3w serwisowych Opel: Pod\u0142oga i panele \u009ccienne; baga\u017cnik dachowy z drabin\u0161 lub bez, a tak\u017ce wyposa\u017cenie serwisowe ...\" \/>\n<meta property=\"og:url\" content=\"https:\/\/www.storevan.com\/allestimenti-veicoli-commerciali\/furgoni-opel\/\" \/>\n<meta property=\"og:site_name\" content=\"Store Van\" \/>\n<meta property=\"article:modified_time\" content=\"2022-03-10T15:56:05+00:00\" \/>\n<meta property=\"og:image\" content=\"https:\/\/www.storevan.com\/wp-content\/uploads\/2017\/01\/HOME9-Allestimenti-OPEL.png\" \/>\n<meta name=\"twitter:label1\" content=\"Szacowany czas czytania\" \/>\n\t<meta name=\"twitter:data1\" content=\"2 minuty\" \/>\n<script type=\"application\/ld+json\" class=\"yoast-schema-graph\">{\"@context\":\"https:\/\/schema.org\",\"@graph\":[{\"@type\":\"WebPage\",\"@id\":\"https:\/\/www.storevan.com\/allestimenti-veicoli-commerciali\/furgoni-opel\/\",\"url\":\"https:\/\/www.storevan.com\/allestimenti-veicoli-commerciali\/furgoni-opel\/\",\"name\":\"Zabudowy do Opel\",\"isPartOf\":{\"@id\":\"https:\/\/www.storevan.com\/pl\/#website\"},\"datePublished\":\"2015-12-14T09:07:04+00:00\",\"dateModified\":\"2022-03-10T15:56:05+00:00\",\"description\":\"Store Van produkuje zabudowy do samochod\u00f3w serwisowych Opel: Pod\u0142oga i panele \u009ccienne; baga\u017cnik dachowy z drabin\u0161 lub bez, a tak\u017ce wyposa\u017cenie serwisowe ...\",\"breadcrumb\":{\"@id\":\"https:\/\/www.storevan.com\/allestimenti-veicoli-commerciali\/furgoni-opel\/#breadcrumb\"},\"inLanguage\":\"pl-PL\",\"potentialAction\":[{\"@type\":\"ReadAction\",\"target\":[\"https:\/\/www.storevan.com\/allestimenti-veicoli-commerciali\/furgoni-opel\/\"]}]},{\"@type\":\"BreadcrumbList\",\"@id\":\"https:\/\/www.storevan.com\/allestimenti-veicoli-commerciali\/furgoni-opel\/#breadcrumb\",\"itemListElement\":[{\"@type\":\"ListItem\",\"position\":1,\"name\":\"Home\",\"item\":\"https:\/\/www.storevan.com\/pl\/\"},{\"@type\":\"ListItem\",\"position\":2,\"name\":\"Zabudowy\",\"item\":\"https:\/\/www.storevan.com\/allestimenti-veicoli-commerciali\/\"},{\"@type\":\"ListItem\",\"position\":3,\"name\":\"Opel\"}]},{\"@type\":\"WebSite\",\"@id\":\"https:\/\/www.storevan.com\/pl\/#website\",\"url\":\"https:\/\/www.storevan.com\/pl\/\",\"name\":\"Store Van\",\"description\":\"Zabudowy\",\"potentialAction\":[{\"@type\":\"SearchAction\",\"target\":{\"@type\":\"EntryPoint\",\"urlTemplate\":\"https:\/\/www.storevan.com\/pl\/?s={search_term_string}\"},\"query-input\":\"required name=search_term_string\"}],\"inLanguage\":\"pl-PL\"}]}<\/script>\n<!-- \/ Yoast SEO plugin. -->","yoast_head_json":{"title":"Zabudowy do Opel","description":"Store Van produkuje zabudowy do samochod\u00f3w serwisowych Opel: Pod\u0142oga i panele \u009ccienne; baga\u017cnik dachowy z drabin\u0161 lub bez, a tak\u017ce wyposa\u017cenie serwisowe ...","robots":{"index":"index","follow":"follow","max-snippet":"max-snippet:-1","max-image-preview":"max-image-preview:large","max-video-preview":"max-video-preview:-1"},"canonical":"https:\/\/www.storevan.com\/allestimenti-veicoli-commerciali\/furgoni-opel\/","og_locale":"pl_PL","og_type":"article","og_title":"Zabudowy do Opel","og_description":"Store Van produkuje zabudowy do samochod\u00f3w serwisowych Opel: Pod\u0142oga i panele \u009ccienne; baga\u017cnik dachowy z drabin\u0161 lub bez, a tak\u017ce wyposa\u017cenie serwisowe ...","og_url":"https:\/\/www.storevan.com\/allestimenti-veicoli-commerciali\/furgoni-opel\/","og_site_name":"Store Van","article_modified_time":"2022-03-10T15:56:05+00:00","og_image":[{"url":"https:\/\/www.storevan.com\/wp-content\/uploads\/2017\/01\/HOME9-Allestimenti-OPEL.png"}],"twitter_misc":{"Szacowany czas czytania":"2 minuty"},"schema":{"@context":"https:\/\/schema.org","@graph":[{"@type":"WebPage","@id":"https:\/\/www.storevan.com\/allestimenti-veicoli-commerciali\/furgoni-opel\/","url":"https:\/\/www.storevan.com\/allestimenti-veicoli-commerciali\/furgoni-opel\/","name":"Zabudowy do Opel","isPartOf":{"@id":"https:\/\/www.storevan.com\/pl\/#website"},"datePublished":"2015-12-14T09:07:04+00:00","dateModified":"2022-03-10T15:56:05+00:00","description":"Store Van produkuje zabudowy do samochod\u00f3w serwisowych Opel: Pod\u0142oga i panele \u009ccienne; baga\u017cnik dachowy z drabin\u0161 lub bez, a tak\u017ce wyposa\u017cenie serwisowe ...","breadcrumb":{"@id":"https:\/\/www.storevan.com\/allestimenti-veicoli-commerciali\/furgoni-opel\/#breadcrumb"},"inLanguage":"pl-PL","potentialAction":[{"@type":"ReadAction","target":["https:\/\/www.storevan.com\/allestimenti-veicoli-commerciali\/furgoni-opel\/"]}]},{"@type":"BreadcrumbList","@id":"https:\/\/www.storevan.com\/allestimenti-veicoli-commerciali\/furgoni-opel\/#breadcrumb","itemListElement":[{"@type":"ListItem","position":1,"name":"Home","item":"https:\/\/www.storevan.com\/pl\/"},{"@type":"ListItem","position":2,"name":"Zabudowy","item":"https:\/\/www.storevan.com\/allestimenti-veicoli-commerciali\/"},{"@type":"ListItem","position":3,"name":"Opel"}]},{"@type":"WebSite","@id":"https:\/\/www.storevan.com\/pl\/#website","url":"https:\/\/www.storevan.com\/pl\/","name":"Store Van","description":"Zabudowy","potentialAction":[{"@type":"SearchAction","target":{"@type":"EntryPoint","urlTemplate":"https:\/\/www.storevan.com\/pl\/?s={search_term_string}"},"query-input":"required name=search_term_string"}],"inLanguage":"pl-PL"}]}},"_links":{"self":[{"href":"https:\/\/www.storevan.com\/pl\/wp-json\/wp\/v2\/pages\/16466"}],"collection":[{"href":"https:\/\/www.storevan.com\/pl\/wp-json\/wp\/v2\/pages"}],"about":[{"href":"https:\/\/www.storevan.com\/pl\/wp-json\/wp\/v2\/types\/page"}],"author":[{"embeddable":true,"href":"https:\/\/www.storevan.com\/pl\/wp-json\/wp\/v2\/users\/470"}],"replies":[{"embeddable":true,"href":"https:\/\/www.storevan.com\/pl\/wp-json\/wp\/v2\/comments?post=16466"}],"version-history":[{"count":13,"href":"https:\/\/www.storevan.com\/pl\/wp-json\/wp\/v2\/pages\/16466\/revisions"}],"predecessor-version":[{"id":141869,"href":"https:\/\/www.storevan.com\/pl\/wp-json\/wp\/v2\/pages\/16466\/revisions\/141869"}],"up":[{"embeddable":true,"href":"https:\/\/www.storevan.com\/pl\/wp-json\/wp\/v2\/pages\/8457"}],"wp:attachment":[{"href":"https:\/\/www.storevan.com\/pl\/wp-json\/wp\/v2\/media?parent=16466"}],"curies":[{"name":"wp","href":"https:\/\/api.w.org\/{rel}","templated":true}]}}