{"id":16449,"date":"2015-12-14T10:05:15","date_gmt":"2015-12-14T09:05:15","guid":{"rendered":"https:\/\/www.storevan.com\/pl\/zabudowy\/furgoni-nissan\/"},"modified":"2022-03-04T13:17:43","modified_gmt":"2022-03-04T13:17:43","slug":"nissan","status":"publish","type":"page","link":"https:\/\/www.storevan.com\/pl\/zabudowy\/nissan\/","title":{"rendered":"Nissan"},"content":{"rendered":"<h1 class=\"customblackTitleSmall\">Zabudowy do Nissan<\/h1>\n<h2>Systemy wyposa\u017cenia dla marki Nissan<\/h2>\n<p><img decoding=\"async\" loading=\"lazy\" class=\"alignright wp-image-43729 size-full\" title=\"Zabudowy Nissan\" src=\"https:\/\/www.storevan.com\/wp-content\/uploads\/2017\/01\/HOME8-Allestimenti-NISSAN.png\" alt=\"Zabudowy Nissan\" width=\"116\" height=\"105\" \/><\/p>\n<p>Store Van produkuje systemy wyposa\u017cenia do samochod\u00f3w dostawczych marki Nissan. Ok\u0142adziny i\u00a0pod\u0142ogi do ochrony przedzia\u0142u \u0142adunkowego, baga\u017cniki i\u00a0uchwyty do drabin, do bezpiecznego przewo\u017cenia przedmiot\u00f3w na dachu samochodu, oraz wiele wersji rega\u0142\u00f3w do samochod\u00f3w u\u017cytkowych, w\u00a0zale\u017cno\u015bci od wymaga\u0144 roboczych.<\/p>\n<h3 class=\"customblackTitleExtraSmall\">WYBIERZ MODEL SAMOCHODU DOSTAWCZEGO:<\/h3>\n<div class=\"one_third\">\n<p class=\"text-center\"><strong>NV200 2010<\/strong><\/p>\n<hr class=\"hidden-xs hidden-sm\" \/>\n<p><a class=\"txtOrange\" title=\"Zabudowy NV200\" href=\"https:\/\/www.storevan.com\/pl\/zabudowy\/nissan\/nv200\/\"><img decoding=\"async\" loading=\"lazy\" class=\"aligncenter size-full wp-image-54232\" src=\"https:\/\/www.storevan.com\/wp-content\/uploads\/2015\/12\/Allestimento-furgoni-Nissan-NV200.jpg\" alt=\"Zabudowy do Nissan NV200\" width=\"350\" height=\"220\" srcset=\"https:\/\/www.storevan.com\/wp-content\/uploads\/2015\/12\/Allestimento-furgoni-Nissan-NV200.jpg 350w, https:\/\/www.storevan.com\/wp-content\/uploads\/2015\/12\/Allestimento-furgoni-Nissan-NV200-300x189.jpg 300w\" sizes=\"(max-width: 350px) 100vw, 350px\" \/><br \/>\nZabudowy NV200 <i class=\"fa fa-angle-double-right\"><\/i><\/a><br \/>\n<a class=\"txtOrange\" title=\"Podloga i panele NV200\" href=\"https:\/\/www.storevan.com\/pl\/zabudowy\/nissan\/nv200\/scieny-podloga\/\">Podloga i panele <i class=\"fa fa-angle-double-right\"><\/i><\/a><br \/>\n<a class=\"txtOrange\" title=\"Bagazniki i uchwyty do drabiny NV200\" href=\"https:\/\/www.storevan.com\/pl\/zabudowy\/nissan\/nv200\/bagazniki-dachowe\/\">Bagazniki i uchwyty do drabiny <i class=\"fa fa-angle-double-right\"><\/i><\/a><\/p>\n<hr class=\"visible-xs\" noshade=\"noshade\" size=\"1\" \/>\n<\/div><div class=\"one_third\">\n<p class=\"text-center\"><strong>NV300 \/ PRIMASTAR 2016<\/strong><\/p>\n<hr class=\"hidden-xs hidden-sm\" \/>\n<p><a class=\"txtOrange\" title=\"Zabudowy NV300 \/ Primastar\" href=\"https:\/\/www.storevan.com\/pl\/zabudowy\/nissan\/nv300\/\"><img decoding=\"async\" loading=\"lazy\" class=\"aligncenter size-full wp-image-40275\" src=\"https:\/\/www.storevan.com\/wp-content\/uploads\/2015\/12\/Allestimento-furgoni-Nissan-NV300-2016-1.jpg\" alt=\"Zabudowy do Nissan NV300\" width=\"350\" height=\"220\" srcset=\"https:\/\/www.storevan.com\/wp-content\/uploads\/2015\/12\/Allestimento-furgoni-Nissan-NV300-2016-1.jpg 350w, https:\/\/www.storevan.com\/wp-content\/uploads\/2015\/12\/Allestimento-furgoni-Nissan-NV300-2016-1-300x189.jpg 300w\" sizes=\"(max-width: 350px) 100vw, 350px\" \/><br \/>\nZabudowy NV300 \/ Primastar <i class=\"fa fa-angle-double-right\"><\/i><\/a><br \/>\n<a class=\"txtOrange\" title=\"Podloga i panele NV300 \/ Primastar\" href=\"https:\/\/www.storevan.com\/pl\/zabudowy\/nissan\/nv300\/scieny-podloga\/\">Podloga i panele <i class=\"fa fa-angle-double-right\"><\/i><\/a><br \/>\n<a class=\"txtOrange\" title=\"Bagazniki i uchwyty do drabiny NV300 \/ Primastar\" href=\"https:\/\/www.storevan.com\/pl\/zabudowy\/nissan\/nv300\/bagazniki-dachowe\/\">Bagazniki i uchwyty do drabiny <i class=\"fa fa-angle-double-right\"><\/i><\/a><\/p>\n<hr class=\"visible-xs\" \/>\n<\/div><div class=\"one_third last\">\n<p class=\"text-center\"><strong>NV400 \/ INTERSTAR 2011<\/strong><\/p>\n<hr class=\"hidden-xs hidden-sm\" \/>\n<p><a class=\"txtOrange\" title=\"Zabudowy NV400\" href=\"https:\/\/www.storevan.com\/pl\/zabudowy\/nissan\/nv400\/\"><img decoding=\"async\" loading=\"lazy\" class=\"aligncenter size-full wp-image-40281\" src=\"https:\/\/www.storevan.com\/wp-content\/uploads\/2015\/12\/Allestimento-furgoni-Nissan-NV400-2011-1.jpg\" alt=\"Zabudowy do Nissan NV400 \/ Interstar\" width=\"350\" height=\"220\" srcset=\"https:\/\/www.storevan.com\/wp-content\/uploads\/2015\/12\/Allestimento-furgoni-Nissan-NV400-2011-1.jpg 350w, https:\/\/www.storevan.com\/wp-content\/uploads\/2015\/12\/Allestimento-furgoni-Nissan-NV400-2011-1-300x189.jpg 300w\" sizes=\"(max-width: 350px) 100vw, 350px\" \/><br \/>\nZabudowy NV400 \/ Interstar <i class=\"fa fa-angle-double-right\"><\/i><\/a><br \/>\n<a class=\"txtOrange\" title=\"Podloga i panele NV400 \/ Interstar\" href=\"https:\/\/www.storevan.com\/pl\/zabudowy\/nissan\/nv400\/scieny-podloga\/\">Podloga i panele <i class=\"fa fa-angle-double-right\"><\/i><\/a><br \/>\n<a class=\"txtOrange\" title=\"Bagazniki i uchwyty do drabiny NV400 \/ Interstar\" href=\"https:\/\/www.storevan.com\/pl\/zabudowy\/nissan\/nv400\/bagazniki-dachowe\/\">Bagazniki i uchwyty do drabiny <i class=\"fa fa-angle-double-right\"><\/i><\/a><\/p>\n<hr class=\"visible-xs\" \/>\n<\/div><div class=\"clearboth\"><\/div>\n<hr \/>\n<p>Z uwagi na prosty przedzia\u0142 \u0142adunkowy pojazd\u00f3w u\u017cytkowych marki Nissan, samochody te doskonale nadaj\u0105 si\u0119 do monta\u017cu rega\u0142\u00f3w Store Van do samochod\u00f3w dostawczych, tworz\u0105cych mobilny warsztat. Oferujemy r\u00f3wnie\u017c rozwi\u0105zania w zakresie ok\u0142adzin ochronnych blachy. Pod\u0142ogi i panele, \u0142\u0105cz\u0105c wysok\u0105 jako\u015b\u0107 konstrukcyjn\u0105 z bardzo du\u017c\u0105 wytrzyma\u0142o\u015bci\u0105, pozwalaj\u0105 chroni\u0107 wn\u0119trza przed mo\u017cliwymi uszkodzeniami, wynikaj\u0105cymi ze zwyk\u0142ego u\u017cytkowania roboczego. A je\u017celi przestrze\u0144 \u0142adunkowa nie jest wystarczaj\u0105ca, mo\u017cna skorzysta\u0107 z uchwytu uniwersalnego i uchwytu do drabin do samochod\u00f3w marki Nissan, wykonanych z aluminium i lekkiej stali nierdzewnej. System Story Van, wytrzyma\u0142y, por\u0119czny, cichy i samoobs\u0142ugowy, stanowi dodatkowe wyposa\u017cenie w zakresie za\u0142adunku towar\u00f3w na dach pojazdu.<\/p>\n<p>Wyposa\u017cenie Store Van dla marki Nissan zapewnia wszelkie mo\u017cliwe rozwi\u0105zania, pozwalaj\u0105ce korzysta\u0107 z pojazdu w mo\u017cliwe najlepszy spos\u00f3b, optymalizowa\u0107 przestrze\u0144 i parametry pojazdu.<\/p>\n","protected":false},"excerpt":{"rendered":"<p>Zabudowy do Nissan Systemy wyposa\u017cenia dla marki Nissan Store Van produkuje systemy wyposa\u017cenia do samochod\u00f3w dostawczych marki Nissan. Ok\u0142adziny i\u00a0pod\u0142ogi do ochrony przedzia\u0142u \u0142adunkowego, baga\u017cniki i\u00a0uchwyty do drabin, do bezpiecznego.<\/p>\n","protected":false},"author":470,"featured_media":0,"parent":8457,"menu_order":0,"comment_status":"closed","ping_status":"closed","template":"","meta":[],"acf":[],"yoast_head":"<!-- This site is optimized with the Yoast SEO plugin v20.11 - https:\/\/yoast.com\/wordpress\/plugins\/seo\/ -->\n<title>Zabudowy do Nissan<\/title>\n<meta name=\"description\" content=\"Store Van produkuje wyposa\u017cenie do pojazd\u00f3w u\u017cytkowych Nissan. Ok\u0142adziny, indywidualnie dostosowane modu\u0142y, baga\u017cniki dachowe i uchwyty do drabin.\" \/>\n<meta name=\"robots\" content=\"index, follow, max-snippet:-1, max-image-preview:large, max-video-preview:-1\" \/>\n<link rel=\"canonical\" href=\"https:\/\/www.storevan.com\/allestimenti-veicoli-commerciali\/furgoni-nissan\/\" \/>\n<meta property=\"og:locale\" content=\"pl_PL\" \/>\n<meta property=\"og:type\" content=\"article\" \/>\n<meta property=\"og:title\" content=\"Zabudowy do Nissan\" \/>\n<meta property=\"og:description\" content=\"Store Van produkuje wyposa\u017cenie do pojazd\u00f3w u\u017cytkowych Nissan. Ok\u0142adziny, indywidualnie dostosowane modu\u0142y, baga\u017cniki dachowe i uchwyty do drabin.\" \/>\n<meta property=\"og:url\" content=\"https:\/\/www.storevan.com\/allestimenti-veicoli-commerciali\/furgoni-nissan\/\" \/>\n<meta property=\"og:site_name\" content=\"Store Van\" \/>\n<meta property=\"article:modified_time\" content=\"2022-03-04T13:17:43+00:00\" \/>\n<meta property=\"og:image\" content=\"https:\/\/www.storevan.com\/wp-content\/uploads\/2017\/01\/HOME8-Allestimenti-NISSAN.png\" \/>\n<meta name=\"twitter:label1\" content=\"Szacowany czas czytania\" \/>\n\t<meta name=\"twitter:data1\" content=\"1 minuta\" \/>\n<script type=\"application\/ld+json\" class=\"yoast-schema-graph\">{\"@context\":\"https:\/\/schema.org\",\"@graph\":[{\"@type\":\"WebPage\",\"@id\":\"https:\/\/www.storevan.com\/allestimenti-veicoli-commerciali\/furgoni-nissan\/\",\"url\":\"https:\/\/www.storevan.com\/allestimenti-veicoli-commerciali\/furgoni-nissan\/\",\"name\":\"Zabudowy do Nissan\",\"isPartOf\":{\"@id\":\"https:\/\/www.storevan.com\/pl\/#website\"},\"datePublished\":\"2015-12-14T09:05:15+00:00\",\"dateModified\":\"2022-03-04T13:17:43+00:00\",\"description\":\"Store Van produkuje wyposa\u017cenie do pojazd\u00f3w u\u017cytkowych Nissan. Ok\u0142adziny, indywidualnie dostosowane modu\u0142y, baga\u017cniki dachowe i uchwyty do drabin.\",\"breadcrumb\":{\"@id\":\"https:\/\/www.storevan.com\/allestimenti-veicoli-commerciali\/furgoni-nissan\/#breadcrumb\"},\"inLanguage\":\"pl-PL\",\"potentialAction\":[{\"@type\":\"ReadAction\",\"target\":[\"https:\/\/www.storevan.com\/allestimenti-veicoli-commerciali\/furgoni-nissan\/\"]}]},{\"@type\":\"BreadcrumbList\",\"@id\":\"https:\/\/www.storevan.com\/allestimenti-veicoli-commerciali\/furgoni-nissan\/#breadcrumb\",\"itemListElement\":[{\"@type\":\"ListItem\",\"position\":1,\"name\":\"Home\",\"item\":\"https:\/\/www.storevan.com\/pl\/\"},{\"@type\":\"ListItem\",\"position\":2,\"name\":\"Zabudowy\",\"item\":\"https:\/\/www.storevan.com\/allestimenti-veicoli-commerciali\/\"},{\"@type\":\"ListItem\",\"position\":3,\"name\":\"Nissan\"}]},{\"@type\":\"WebSite\",\"@id\":\"https:\/\/www.storevan.com\/pl\/#website\",\"url\":\"https:\/\/www.storevan.com\/pl\/\",\"name\":\"Store Van\",\"description\":\"Zabudowy\",\"potentialAction\":[{\"@type\":\"SearchAction\",\"target\":{\"@type\":\"EntryPoint\",\"urlTemplate\":\"https:\/\/www.storevan.com\/pl\/?s={search_term_string}\"},\"query-input\":\"required name=search_term_string\"}],\"inLanguage\":\"pl-PL\"}]}<\/script>\n<!-- \/ Yoast SEO plugin. -->","yoast_head_json":{"title":"Zabudowy do Nissan","description":"Store Van produkuje wyposa\u017cenie do pojazd\u00f3w u\u017cytkowych Nissan. Ok\u0142adziny, indywidualnie dostosowane modu\u0142y, baga\u017cniki dachowe i uchwyty do drabin.","robots":{"index":"index","follow":"follow","max-snippet":"max-snippet:-1","max-image-preview":"max-image-preview:large","max-video-preview":"max-video-preview:-1"},"canonical":"https:\/\/www.storevan.com\/allestimenti-veicoli-commerciali\/furgoni-nissan\/","og_locale":"pl_PL","og_type":"article","og_title":"Zabudowy do Nissan","og_description":"Store Van produkuje wyposa\u017cenie do pojazd\u00f3w u\u017cytkowych Nissan. Ok\u0142adziny, indywidualnie dostosowane modu\u0142y, baga\u017cniki dachowe i uchwyty do drabin.","og_url":"https:\/\/www.storevan.com\/allestimenti-veicoli-commerciali\/furgoni-nissan\/","og_site_name":"Store Van","article_modified_time":"2022-03-04T13:17:43+00:00","og_image":[{"url":"https:\/\/www.storevan.com\/wp-content\/uploads\/2017\/01\/HOME8-Allestimenti-NISSAN.png"}],"twitter_misc":{"Szacowany czas czytania":"1 minuta"},"schema":{"@context":"https:\/\/schema.org","@graph":[{"@type":"WebPage","@id":"https:\/\/www.storevan.com\/allestimenti-veicoli-commerciali\/furgoni-nissan\/","url":"https:\/\/www.storevan.com\/allestimenti-veicoli-commerciali\/furgoni-nissan\/","name":"Zabudowy do Nissan","isPartOf":{"@id":"https:\/\/www.storevan.com\/pl\/#website"},"datePublished":"2015-12-14T09:05:15+00:00","dateModified":"2022-03-04T13:17:43+00:00","description":"Store Van produkuje wyposa\u017cenie do pojazd\u00f3w u\u017cytkowych Nissan. Ok\u0142adziny, indywidualnie dostosowane modu\u0142y, baga\u017cniki dachowe i uchwyty do drabin.","breadcrumb":{"@id":"https:\/\/www.storevan.com\/allestimenti-veicoli-commerciali\/furgoni-nissan\/#breadcrumb"},"inLanguage":"pl-PL","potentialAction":[{"@type":"ReadAction","target":["https:\/\/www.storevan.com\/allestimenti-veicoli-commerciali\/furgoni-nissan\/"]}]},{"@type":"BreadcrumbList","@id":"https:\/\/www.storevan.com\/allestimenti-veicoli-commerciali\/furgoni-nissan\/#breadcrumb","itemListElement":[{"@type":"ListItem","position":1,"name":"Home","item":"https:\/\/www.storevan.com\/pl\/"},{"@type":"ListItem","position":2,"name":"Zabudowy","item":"https:\/\/www.storevan.com\/allestimenti-veicoli-commerciali\/"},{"@type":"ListItem","position":3,"name":"Nissan"}]},{"@type":"WebSite","@id":"https:\/\/www.storevan.com\/pl\/#website","url":"https:\/\/www.storevan.com\/pl\/","name":"Store Van","description":"Zabudowy","potentialAction":[{"@type":"SearchAction","target":{"@type":"EntryPoint","urlTemplate":"https:\/\/www.storevan.com\/pl\/?s={search_term_string}"},"query-input":"required name=search_term_string"}],"inLanguage":"pl-PL"}]}},"_links":{"self":[{"href":"https:\/\/www.storevan.com\/pl\/wp-json\/wp\/v2\/pages\/16449"}],"collection":[{"href":"https:\/\/www.storevan.com\/pl\/wp-json\/wp\/v2\/pages"}],"about":[{"href":"https:\/\/www.storevan.com\/pl\/wp-json\/wp\/v2\/types\/page"}],"author":[{"embeddable":true,"href":"https:\/\/www.storevan.com\/pl\/wp-json\/wp\/v2\/users\/470"}],"replies":[{"embeddable":true,"href":"https:\/\/www.storevan.com\/pl\/wp-json\/wp\/v2\/comments?post=16449"}],"version-history":[{"count":9,"href":"https:\/\/www.storevan.com\/pl\/wp-json\/wp\/v2\/pages\/16449\/revisions"}],"predecessor-version":[{"id":141407,"href":"https:\/\/www.storevan.com\/pl\/wp-json\/wp\/v2\/pages\/16449\/revisions\/141407"}],"up":[{"embeddable":true,"href":"https:\/\/www.storevan.com\/pl\/wp-json\/wp\/v2\/pages\/8457"}],"wp:attachment":[{"href":"https:\/\/www.storevan.com\/pl\/wp-json\/wp\/v2\/media?parent=16449"}],"curies":[{"name":"wp","href":"https:\/\/api.w.org\/{rel}","templated":true}]}}