{"id":16421,"date":"2015-12-14T10:03:40","date_gmt":"2015-12-14T09:03:40","guid":{"rendered":"https:\/\/www.storevan.com\/pl\/zabudowy\/furgoni-mercedes-benz\/"},"modified":"2021-11-04T13:47:28","modified_gmt":"2021-11-04T13:47:28","slug":"mercedes-benz","status":"publish","type":"page","link":"https:\/\/www.storevan.com\/pl\/zabudowy\/mercedes-benz\/","title":{"rendered":"Mercedes-Benz"},"content":{"rendered":"<h1 class=\"customblackTitleSmall\">Zabudowy do Mercedes-Benz<\/h1>\n<h2>Zabudowa serwisowa warsztatowa Mercedes-Benz<\/h2>\n<p><img decoding=\"async\" loading=\"lazy\" class=\"alignright wp-image-43723 size-full\" title=\"Zabudowy Mercedes\" src=\"https:\/\/www.storevan.com\/wp-content\/uploads\/2017\/01\/HOME7-Allestimenti-MERCEDES-BENZ.png\" alt=\"Zabudowy Mercedes\" width=\"116\" height=\"105\" \/><\/p>\n<p>Store Van produkuje <strong>zabudowy <\/strong>do samochod\u00f3w serwisowych <strong>Mercedes-Benz<\/strong>: Pod\u0142oga i panele \u015acienne; baga\u017cnik dachowy z drabin\u0161 lub bez, a tak\u017ce wyposa\u017cenie serwisowe vana dostosowane do Twoich zawodowych potrzeb.<\/p>\n<h3 class=\"customblackTitleExtraSmall\">WYBIERZ MODEL SAMOCHODU DOSTAWCZEGO:<\/h3>\n<div class=\"one_third\">\n<p class=\"text-center\"><strong>CITAN 2012<\/strong><\/p>\n<hr \/>\n<p><a href=\"https:\/\/www.storevan.com\/pl\/zabudowy\/mercedes-benz\/citan\/\" class=\"txtOrange\" title=\"Zabudowy Citan\"><img decoding=\"async\" loading=\"lazy\" class=\"aligncenter size-full wp-image-40256\" src=\"https:\/\/www.storevan.com\/wp-content\/uploads\/2015\/12\/Allestimento-furgoni-Mercedes-Benz_Citan_2012-1.jpg\" alt=\"Zabudowy do MERCEDES-BENZ Citan\" width=\"350\" height=\"220\" srcset=\"https:\/\/www.storevan.com\/wp-content\/uploads\/2015\/12\/Allestimento-furgoni-Mercedes-Benz_Citan_2012-1.jpg 350w, https:\/\/www.storevan.com\/wp-content\/uploads\/2015\/12\/Allestimento-furgoni-Mercedes-Benz_Citan_2012-1-300x189.jpg 300w\" sizes=\"(max-width: 350px) 100vw, 350px\" \/><br \/>\nZabudowy Citan <i class=\"fa fa-angle-double-right\"><\/i><\/a><br \/>\n<a href=\"https:\/\/www.storevan.com\/pl\/zabudowy\/mercedes-benz\/citan\/scieny-podloga\/\" class=\"txtOrange\" title=\"Podloga i panele Citan\">Podloga i panele  <i class=\"fa fa-angle-double-right\"><\/i><\/a><br \/>\n<a href=\"https:\/\/www.storevan.com\/pl\/zabudowy\/mercedes-benz\/citan\/bagazniki-dachowe\/\" class=\"txtOrange\" title=\"Bagazniki i uchwyty do drabiny Citan\">Bagazniki i uchwyty do drabiny <i class=\"fa fa-angle-double-right\"><\/i><\/a> <\/p>\n<hr noshade=\"noshade\" size=\"1\" class=\"visible-xs\" \/>\n<\/div><div class=\"one_third\">\n<p class=\"text-center\"><strong>VITO 2015<\/strong><\/p>\n<hr noshade=\"noshade\" size=\"1\" \/>\n<p><a href=\"https:\/\/www.storevan.com\/pl\/zabudowy\/mercedes-benz\/vito\/\" class=\"txtOrange\" title=\"Zabudowy Vito\"><img decoding=\"async\" loading=\"lazy\" class=\"aligncenter size-full wp-image-41409\" src=\"https:\/\/www.storevan.com\/wp-content\/uploads\/2015\/12\/Allestimento-furgoni-Mercedes-Benz_Vito_2015.jpg\" alt=\"Zabudowy do MERCEDES-BENZ Vito\" width=\"350\" height=\"220\" srcset=\"https:\/\/www.storevan.com\/wp-content\/uploads\/2015\/12\/Allestimento-furgoni-Mercedes-Benz_Vito_2015.jpg 350w, https:\/\/www.storevan.com\/wp-content\/uploads\/2015\/12\/Allestimento-furgoni-Mercedes-Benz_Vito_2015-300x189.jpg 300w\" sizes=\"(max-width: 350px) 100vw, 350px\" \/><br \/>\nZabudowy Vito<i class=\"fa fa-angle-double-right\"><\/i><\/a><br \/>\n<a href=\"https:\/\/www.storevan.com\/pl\/zabudowy\/mercedes-benz\/vito\/scieny-podloga\/\" class=\"txtOrange\" title=\"Podloga i panele Vito\">Podloga i panele  <i class=\"fa fa-angle-double-right\"><\/i><\/a><br \/>\n<a href=\"https:\/\/www.storevan.com\/pl\/zabudowy\/mercedes-benz\/vito\/bagazniki-dachowe\/\" class=\"txtOrange\" title=\"Bagazniki i uchwyty do drabiny Vito\">Bagazniki i uchwyty do drabiny <i class=\"fa fa-angle-double-right\"><\/i><\/a> <\/p>\n<hr noshade=\"noshade\" size=\"1\" class=\"visible-xs\" \/>\n<\/div><div class=\"one_third last\">\n<p style=\"text-align: center;\"><strong>SPRINTER 2018<\/strong><\/p>\n<hr \/>\n<p><a href=\"https:\/\/www.storevan.com\/pl\/zabudowy\/mercedes-benz\/sprinter\/\" class=\"txtOrange\" title=\"Zabudowy Sprinter\"><img decoding=\"async\" loading=\"lazy\" class=\"aligncenter size-full wp-image-40262\" src=\"https:\/\/www.storevan.com\/wp-content\/uploads\/2015\/12\/Allestimento-furgoni-Mercedes-Benz-Sprinter-2006-1.jpg\" alt=\"Zabudowy do MERCEDES-BENZ Sprinter\" width=\"350\" height=\"220\" srcset=\"https:\/\/www.storevan.com\/wp-content\/uploads\/2015\/12\/Allestimento-furgoni-Mercedes-Benz-Sprinter-2006-1.jpg 350w, https:\/\/www.storevan.com\/wp-content\/uploads\/2015\/12\/Allestimento-furgoni-Mercedes-Benz-Sprinter-2006-1-300x189.jpg 300w\" sizes=\"(max-width: 350px) 100vw, 350px\" \/><br \/>\nZabudowy Sprinter <i class=\"fa fa-angle-double-right\"><\/i><\/a><br \/>\n<a href=\"https:\/\/www.storevan.com\/pl\/zabudowy\/mercedes-benz\/sprinter\/scieny-podloga\/\" class=\"txtOrange\" title=\"Podloga i panele Sprinter\">Podloga i panele  <i class=\"fa fa-angle-double-right\"><\/i><\/a><br \/>\n<a href=\"https:\/\/www.storevan.com\/pl\/zabudowy\/mercedes-benz\/sprinter\/bagazniki-dachowe\/\" class=\"txtOrange\" title=\"Bagazniki i uchwyty do drabiny Sprinter\">Bagazniki i uchwyty do drabiny <i class=\"fa fa-angle-double-right\"><\/i><\/a> <\/p>\n<hr noshade=\"noshade\" size=\"1\" class=\"visible-xs\" \/>\n<\/div><div class=\"clearboth\"><\/div>\n<h3 class=\"customblackTitleExtraSmall\">Wyposa\u017cenie Store Van do modeli Mercedes-Benz. Od dzikiego nie\u0142adu do ustalonego porz\u0105dku.<\/h2>\n<p>Od dzikiego nie\u0142adu do ustalonego porz\u0105dku. Mobilny warsztat \u2013 renomowane wyposa\u017cenie do pojazd\u00f3w u\u017cytkowych \u2013 pozwala przekszta\u0142ci\u0107 chaotyczn\u0105 przestrze\u0144 \u0142adunkow\u0105 w doskonale uporz\u0105dkowane i wydajne laboratorium robocze. Wielu fachowc\u00f3w i pracownik\u00f3w przedsi\u0119biorstw us\u0142ugowych pracuje codziennie poza warsztatem, u klienta, na placu budowy czy na drodze. Dla nich wszystkich cenna jest ka\u017cda minuta! My\u015blimy o tych, kt\u00f3rzy wykonuj\u0105 przydatn\u0105 dla spo\u0142ecze\u0144stwa prac\u0119, tak\u0105 jak konserwacja sieci wodnych i kanalizacyjnych lub dr\u00f3g. W ich przypadku brak mo\u017cliwo\u015bci szybkiego dzia\u0142ania mo\u017ce skutkowa\u0107 znacznymi szkodami. Bior\u0105c pod uwag\u0119 powy\u017csze za\u0142o\u017cenia, Store Van przygotowa\u0142 wyposa\u017cenie samochod\u00f3w dostawczych Mercedes-Benz, pozwalaj\u0105ce zorganizowa\u0107 przestrze\u0144 w racjonalny i funkcjonalny, ale te\u017c \u201ewytrzyma\u0142y\u201d spos\u00f3b, odpowiedni dla ka\u017cdego klienta.<\/p>\n<p>Rega\u0142y do samochod\u00f3w dostawczych Mercedes-Benz s\u0105 wygodne i dobrze wyposa\u017cone w przydatne elementy, takie jak pojemniki z przegrodami, uchwyty na walizki, szuflady z zamkiem centralnym, st\u00f3\u0142 z wysuwanym imad\u0142em, uchwyty na kable itp.<\/p>\n","protected":false},"excerpt":{"rendered":"<p>Zabudowy do Mercedes-Benz Zabudowa serwisowa warsztatowa Mercedes-Benz Store Van produkuje zabudowy do samochod\u00f3w serwisowych Mercedes-Benz: Pod\u0142oga i panele \u015acienne; baga\u017cnik dachowy z drabin\u0161 lub bez, a tak\u017ce wyposa\u017cenie serwisowe vana.<\/p>\n","protected":false},"author":470,"featured_media":0,"parent":8457,"menu_order":0,"comment_status":"closed","ping_status":"closed","template":"","meta":[],"acf":[],"yoast_head":"<!-- This site is optimized with the Yoast SEO plugin v20.11 - https:\/\/yoast.com\/wordpress\/plugins\/seo\/ -->\n<title>Zabudowy do Mercedes-Benz<\/title>\n<meta name=\"description\" content=\"Store Van produkuje zabudowy do samochod\u00f3w serwisowych Mercedes-Benz: Pod\u0142oga i panele \u009ccienne; baga\u017cnik dachowy z drabin\u0161 lub bez, a tak\u017ce wyposa\u017cenie ...\" \/>\n<meta name=\"robots\" content=\"index, follow, max-snippet:-1, max-image-preview:large, max-video-preview:-1\" \/>\n<link rel=\"canonical\" href=\"https:\/\/www.storevan.com\/allestimenti-veicoli-commerciali\/furgoni-mercedes-benz\/\" \/>\n<meta property=\"og:locale\" content=\"pl_PL\" \/>\n<meta property=\"og:type\" content=\"article\" \/>\n<meta property=\"og:title\" content=\"Zabudowy do Mercedes-Benz\" \/>\n<meta property=\"og:description\" content=\"Store Van produkuje zabudowy do samochod\u00f3w serwisowych Mercedes-Benz: Pod\u0142oga i panele \u009ccienne; baga\u017cnik dachowy z drabin\u0161 lub bez, a tak\u017ce wyposa\u017cenie ...\" \/>\n<meta property=\"og:url\" content=\"https:\/\/www.storevan.com\/allestimenti-veicoli-commerciali\/furgoni-mercedes-benz\/\" \/>\n<meta property=\"og:site_name\" content=\"Store Van\" \/>\n<meta property=\"article:modified_time\" content=\"2021-11-04T13:47:28+00:00\" \/>\n<meta property=\"og:image\" content=\"https:\/\/www.storevan.com\/wp-content\/uploads\/2017\/01\/HOME7-Allestimenti-MERCEDES-BENZ.png\" \/>\n<meta name=\"twitter:label1\" content=\"Szacowany czas czytania\" \/>\n\t<meta name=\"twitter:data1\" content=\"1 minuta\" \/>\n<script type=\"application\/ld+json\" class=\"yoast-schema-graph\">{\"@context\":\"https:\/\/schema.org\",\"@graph\":[{\"@type\":\"WebPage\",\"@id\":\"https:\/\/www.storevan.com\/allestimenti-veicoli-commerciali\/furgoni-mercedes-benz\/\",\"url\":\"https:\/\/www.storevan.com\/allestimenti-veicoli-commerciali\/furgoni-mercedes-benz\/\",\"name\":\"Zabudowy do Mercedes-Benz\",\"isPartOf\":{\"@id\":\"https:\/\/www.storevan.com\/pl\/#website\"},\"datePublished\":\"2015-12-14T09:03:40+00:00\",\"dateModified\":\"2021-11-04T13:47:28+00:00\",\"description\":\"Store Van produkuje zabudowy do samochod\u00f3w serwisowych Mercedes-Benz: Pod\u0142oga i panele \u009ccienne; baga\u017cnik dachowy z drabin\u0161 lub bez, a tak\u017ce wyposa\u017cenie ...\",\"breadcrumb\":{\"@id\":\"https:\/\/www.storevan.com\/allestimenti-veicoli-commerciali\/furgoni-mercedes-benz\/#breadcrumb\"},\"inLanguage\":\"pl-PL\",\"potentialAction\":[{\"@type\":\"ReadAction\",\"target\":[\"https:\/\/www.storevan.com\/allestimenti-veicoli-commerciali\/furgoni-mercedes-benz\/\"]}]},{\"@type\":\"BreadcrumbList\",\"@id\":\"https:\/\/www.storevan.com\/allestimenti-veicoli-commerciali\/furgoni-mercedes-benz\/#breadcrumb\",\"itemListElement\":[{\"@type\":\"ListItem\",\"position\":1,\"name\":\"Home\",\"item\":\"https:\/\/www.storevan.com\/pl\/\"},{\"@type\":\"ListItem\",\"position\":2,\"name\":\"Zabudowy\",\"item\":\"https:\/\/www.storevan.com\/allestimenti-veicoli-commerciali\/\"},{\"@type\":\"ListItem\",\"position\":3,\"name\":\"Mercedes-Benz\"}]},{\"@type\":\"WebSite\",\"@id\":\"https:\/\/www.storevan.com\/pl\/#website\",\"url\":\"https:\/\/www.storevan.com\/pl\/\",\"name\":\"Store Van\",\"description\":\"Zabudowy\",\"potentialAction\":[{\"@type\":\"SearchAction\",\"target\":{\"@type\":\"EntryPoint\",\"urlTemplate\":\"https:\/\/www.storevan.com\/pl\/?s={search_term_string}\"},\"query-input\":\"required name=search_term_string\"}],\"inLanguage\":\"pl-PL\"}]}<\/script>\n<!-- \/ Yoast SEO plugin. -->","yoast_head_json":{"title":"Zabudowy do Mercedes-Benz","description":"Store Van produkuje zabudowy do samochod\u00f3w serwisowych Mercedes-Benz: Pod\u0142oga i panele \u009ccienne; baga\u017cnik dachowy z drabin\u0161 lub bez, a tak\u017ce wyposa\u017cenie ...","robots":{"index":"index","follow":"follow","max-snippet":"max-snippet:-1","max-image-preview":"max-image-preview:large","max-video-preview":"max-video-preview:-1"},"canonical":"https:\/\/www.storevan.com\/allestimenti-veicoli-commerciali\/furgoni-mercedes-benz\/","og_locale":"pl_PL","og_type":"article","og_title":"Zabudowy do Mercedes-Benz","og_description":"Store Van produkuje zabudowy do samochod\u00f3w serwisowych Mercedes-Benz: Pod\u0142oga i panele \u009ccienne; baga\u017cnik dachowy z drabin\u0161 lub bez, a tak\u017ce wyposa\u017cenie ...","og_url":"https:\/\/www.storevan.com\/allestimenti-veicoli-commerciali\/furgoni-mercedes-benz\/","og_site_name":"Store Van","article_modified_time":"2021-11-04T13:47:28+00:00","og_image":[{"url":"https:\/\/www.storevan.com\/wp-content\/uploads\/2017\/01\/HOME7-Allestimenti-MERCEDES-BENZ.png"}],"twitter_misc":{"Szacowany czas czytania":"1 minuta"},"schema":{"@context":"https:\/\/schema.org","@graph":[{"@type":"WebPage","@id":"https:\/\/www.storevan.com\/allestimenti-veicoli-commerciali\/furgoni-mercedes-benz\/","url":"https:\/\/www.storevan.com\/allestimenti-veicoli-commerciali\/furgoni-mercedes-benz\/","name":"Zabudowy do Mercedes-Benz","isPartOf":{"@id":"https:\/\/www.storevan.com\/pl\/#website"},"datePublished":"2015-12-14T09:03:40+00:00","dateModified":"2021-11-04T13:47:28+00:00","description":"Store Van produkuje zabudowy do samochod\u00f3w serwisowych Mercedes-Benz: Pod\u0142oga i panele \u009ccienne; baga\u017cnik dachowy z drabin\u0161 lub bez, a tak\u017ce wyposa\u017cenie ...","breadcrumb":{"@id":"https:\/\/www.storevan.com\/allestimenti-veicoli-commerciali\/furgoni-mercedes-benz\/#breadcrumb"},"inLanguage":"pl-PL","potentialAction":[{"@type":"ReadAction","target":["https:\/\/www.storevan.com\/allestimenti-veicoli-commerciali\/furgoni-mercedes-benz\/"]}]},{"@type":"BreadcrumbList","@id":"https:\/\/www.storevan.com\/allestimenti-veicoli-commerciali\/furgoni-mercedes-benz\/#breadcrumb","itemListElement":[{"@type":"ListItem","position":1,"name":"Home","item":"https:\/\/www.storevan.com\/pl\/"},{"@type":"ListItem","position":2,"name":"Zabudowy","item":"https:\/\/www.storevan.com\/allestimenti-veicoli-commerciali\/"},{"@type":"ListItem","position":3,"name":"Mercedes-Benz"}]},{"@type":"WebSite","@id":"https:\/\/www.storevan.com\/pl\/#website","url":"https:\/\/www.storevan.com\/pl\/","name":"Store Van","description":"Zabudowy","potentialAction":[{"@type":"SearchAction","target":{"@type":"EntryPoint","urlTemplate":"https:\/\/www.storevan.com\/pl\/?s={search_term_string}"},"query-input":"required name=search_term_string"}],"inLanguage":"pl-PL"}]}},"_links":{"self":[{"href":"https:\/\/www.storevan.com\/pl\/wp-json\/wp\/v2\/pages\/16421"}],"collection":[{"href":"https:\/\/www.storevan.com\/pl\/wp-json\/wp\/v2\/pages"}],"about":[{"href":"https:\/\/www.storevan.com\/pl\/wp-json\/wp\/v2\/types\/page"}],"author":[{"embeddable":true,"href":"https:\/\/www.storevan.com\/pl\/wp-json\/wp\/v2\/users\/470"}],"replies":[{"embeddable":true,"href":"https:\/\/www.storevan.com\/pl\/wp-json\/wp\/v2\/comments?post=16421"}],"version-history":[{"count":9,"href":"https:\/\/www.storevan.com\/pl\/wp-json\/wp\/v2\/pages\/16421\/revisions"}],"predecessor-version":[{"id":135556,"href":"https:\/\/www.storevan.com\/pl\/wp-json\/wp\/v2\/pages\/16421\/revisions\/135556"}],"up":[{"embeddable":true,"href":"https:\/\/www.storevan.com\/pl\/wp-json\/wp\/v2\/pages\/8457"}],"wp:attachment":[{"href":"https:\/\/www.storevan.com\/pl\/wp-json\/wp\/v2\/media?parent=16421"}],"curies":[{"name":"wp","href":"https:\/\/api.w.org\/{rel}","templated":true}]}}