{"id":16406,"date":"2015-12-14T10:01:18","date_gmt":"2015-12-14T09:01:18","guid":{"rendered":"https:\/\/www.storevan.com\/pl\/zabudowy\/furgoni-iveco\/"},"modified":"2021-10-29T12:14:10","modified_gmt":"2021-10-29T12:14:10","slug":"iveco","status":"publish","type":"page","link":"https:\/\/www.storevan.com\/pl\/zabudowy\/iveco\/","title":{"rendered":"Iveco"},"content":{"rendered":"<h1 class=\"customblackTitleSmall\">Zabudowy do Iveco<\/h1>\n<h2>Zabudowa serwisowa warsztatowa Iveco<\/h2>\n<p><img decoding=\"async\" loading=\"lazy\" class=\"alignright wp-image-43717 size-full\" title=\"Zabudowy Iveco\" src=\"https:\/\/www.storevan.com\/wp-content\/uploads\/veicoli\/iveco\/daily\/HOME6-Allestimenti-IVECO.png\" alt=\"Zabudowy Iveco\" width=\"116\" height=\"105\" \/><\/p>\n<p>Store Van produkuje indywidualne systemy <strong>wyposa\u017cenia samochod\u00f3w dostawczych Iveco<\/strong>. Ok\u0142adziny do ochrony przedzia\u0142u \u0142adunkowego, baga\u017cniki i\u00a0uchwyty do drabin, do bezpiecznego przewo\u017cenia przedmiot\u00f3w na dachu samochodu, oraz wiele wersji rega\u0142\u00f3w do samochod\u00f3w u\u017cytkowych, w\u00a0zale\u017cno\u015bci od wymaga\u0144 roboczych.<\/p>\n<div class=\"one_third\"><\/div>\n<div class=\"one_third\">\n<p class=\"text-center\"><strong>IVECO DAILY 2014<\/strong><\/p>\n<hr \/>\n<p><a href=\"https:\/\/www.storevan.com\/allestimenti-veicoli-commerciali\/furgoni-iveco\/daily\/\" class=\"txtOrange\" title=\"Zabudowy Iveco Daily 2014\"><img decoding=\"async\" loading=\"lazy\" class=\"aligncenter wp-image-40240 size-full\" src=\"https:\/\/www.storevan.com\/wp-content\/uploads\/veicoli\/iveco\/daily\/Allestimento-furgoni-Iveco-Daily-2014-1.jpg\" alt=\"Zabudowy do Iveco Daily 2014\" width=\"350\" height=\"220\" \/><br \/>\nZabudowy Iveco Daily 2014<i class=\"fa fa-angle-double-right\"><\/i><\/a><br \/>\n<a href=\"https:\/\/www.storevan.com\/allestimenti-veicoli-commerciali\/furgoni-iveco\/daily\/pianali-pannellature\/\" class=\"txtOrange\" title=\"Podloga i panele Iveco Daily 2014\">Podloga i panele  <i class=\"fa fa-angle-double-right\"><\/i><\/a><br \/>\n<a href=\"https:\/\/www.storevan.com\/allestimenti-veicoli-commerciali\/furgoni-iveco\/daily\/portascale-portatutto\/\" class=\"txtOrange\" title=\"Bagazniki i uchwyty do drabiny Iveco Daily 2014\">Bagazniki i uchwyty do drabiny <i class=\"fa fa-angle-double-right\"><\/i><\/a> <\/p>\n<hr noshade=\"noshade\" size=\"1\" class=\"visible-xs\" \/>\n<\/div><div class=\"one_third last\"><\/div><div class=\"clearboth\"><\/div>\n<h2>Wyposa\u017cenie mobilnego warsztatu do samochod\u00f3w dostawczych Iveco<\/h2>\n<div class=\"borderTitle\"><\/div>\n<p>\u201e<em>Ale\u017c to uci\u0105\u017cliwe, jak si\u0119 nie ma pod r\u0119k\u0105 tego, co jest w danym momencie potrzebne. Traci si\u0119 w ten spos\u00f3b czas, a cz\u0119sto trzeba odm\u00f3wi\u0107 klientowi wykonania us\u0142ugi!<\/em>\u201d. Pomijaj\u0105c trudno\u015bci obiektywne, statystycznie jest to najcz\u0119stszy komentarz rzemie\u015blnik\u00f3w i ma\u0142ych zak\u0142ad\u00f3w. Kontaktuj\u0105 si\u0119 oni ze Store Van po zapoznaniu si\u0119 z oferowanymi rozwi\u0105zaniami w zakresie mo\u017cliwego do zrealizowania wyposa\u017cenia w pojazdach u\u017cytkowych Iveco. Przekszta\u0142cenie samochod\u00f3w dostawczych Iveco w mobilny warsztat jest niezb\u0119dn\u0105 konieczno\u015bci\u0105, pozwalaj\u0105c\u0105 zwi\u0119kszy\u0107 wydajno\u015b\u0107 pracy profesjonalist\u00f3w. Je\u017celi pojazd cechuje si\u0119 du\u017c\u0105 pojemno\u015bci\u0105, ewentualne zamontowane w przestrzeni \u0142adunkowej systemy maksymalizuj\u0105 jego funkcjonalno\u015b\u0107.  Zwr\u00f3\u0107 si\u0119 niezobowi\u0105zuj\u0105co o porad\u0119 w zakresie przekszta\u0142cenia twojego samochodu dostawczego w warsztat na czterech ko\u0142ach, pozwalaj\u0105cy zapewni\u0107 serwis, konserwacj\u0119 i naprawy z wykorzystaniem najlepszych dost\u0119pnych zasob\u00f3w i rozmiar\u00f3w pojazdu.<\/p>\n","protected":false},"excerpt":{"rendered":"<p>Zabudowy do Iveco Zabudowa serwisowa warsztatowa Iveco Store Van produkuje indywidualne systemy wyposa\u017cenia samochod\u00f3w dostawczych Iveco. Ok\u0142adziny do ochrony przedzia\u0142u \u0142adunkowego, baga\u017cniki i\u00a0uchwyty do drabin, do bezpiecznego przewo\u017cenia przedmiot\u00f3w na.<\/p>\n","protected":false},"author":470,"featured_media":0,"parent":8457,"menu_order":0,"comment_status":"closed","ping_status":"closed","template":"","meta":[],"acf":[],"yoast_head":"<!-- This site is optimized with the Yoast SEO plugin v20.11 - https:\/\/yoast.com\/wordpress\/plugins\/seo\/ -->\n<title>Zabudowy do samochod\u00f3w serwisowych Iveco<\/title>\n<meta name=\"description\" content=\"StoreVan oferuje systemy wyposa\u017cenia dostosowane do samochod\u00f3w dostawczych Iveco. Ok\u0142adziny, pod\u0142ogi, modu\u0142y, baga\u017cniki i\u00a0uchwyty do drabin.\" \/>\n<meta name=\"robots\" content=\"index, follow, max-snippet:-1, max-image-preview:large, max-video-preview:-1\" \/>\n<link rel=\"canonical\" href=\"https:\/\/www.storevan.com\/allestimenti-veicoli-commerciali\/furgoni-iveco\/\" \/>\n<meta property=\"og:locale\" content=\"pl_PL\" \/>\n<meta property=\"og:type\" content=\"article\" \/>\n<meta property=\"og:title\" content=\"Zabudowy do samochod\u00f3w serwisowych Iveco\" \/>\n<meta property=\"og:description\" content=\"StoreVan oferuje systemy wyposa\u017cenia dostosowane do samochod\u00f3w dostawczych Iveco. Ok\u0142adziny, pod\u0142ogi, modu\u0142y, baga\u017cniki i\u00a0uchwyty do drabin.\" \/>\n<meta property=\"og:url\" content=\"https:\/\/www.storevan.com\/allestimenti-veicoli-commerciali\/furgoni-iveco\/\" \/>\n<meta property=\"og:site_name\" content=\"Store Van\" \/>\n<meta property=\"article:modified_time\" content=\"2021-10-29T12:14:10+00:00\" \/>\n<meta property=\"og:image\" content=\"https:\/\/www.storevan.com\/wp-content\/uploads\/veicoli\/iveco\/daily\/HOME6-Allestimenti-IVECO.png\" \/>\n<meta name=\"twitter:label1\" content=\"Szacowany czas czytania\" \/>\n\t<meta name=\"twitter:data1\" content=\"1 minuta\" \/>\n<script type=\"application\/ld+json\" class=\"yoast-schema-graph\">{\"@context\":\"https:\/\/schema.org\",\"@graph\":[{\"@type\":\"WebPage\",\"@id\":\"https:\/\/www.storevan.com\/allestimenti-veicoli-commerciali\/furgoni-iveco\/\",\"url\":\"https:\/\/www.storevan.com\/allestimenti-veicoli-commerciali\/furgoni-iveco\/\",\"name\":\"Zabudowy do samochod\u00f3w serwisowych Iveco\",\"isPartOf\":{\"@id\":\"https:\/\/www.storevan.com\/pl\/#website\"},\"datePublished\":\"2015-12-14T09:01:18+00:00\",\"dateModified\":\"2021-10-29T12:14:10+00:00\",\"description\":\"StoreVan oferuje systemy wyposa\u017cenia dostosowane do samochod\u00f3w dostawczych Iveco. Ok\u0142adziny, pod\u0142ogi, modu\u0142y, baga\u017cniki i\u00a0uchwyty do drabin.\",\"breadcrumb\":{\"@id\":\"https:\/\/www.storevan.com\/allestimenti-veicoli-commerciali\/furgoni-iveco\/#breadcrumb\"},\"inLanguage\":\"pl-PL\",\"potentialAction\":[{\"@type\":\"ReadAction\",\"target\":[\"https:\/\/www.storevan.com\/allestimenti-veicoli-commerciali\/furgoni-iveco\/\"]}]},{\"@type\":\"BreadcrumbList\",\"@id\":\"https:\/\/www.storevan.com\/allestimenti-veicoli-commerciali\/furgoni-iveco\/#breadcrumb\",\"itemListElement\":[{\"@type\":\"ListItem\",\"position\":1,\"name\":\"Home\",\"item\":\"https:\/\/www.storevan.com\/pl\/\"},{\"@type\":\"ListItem\",\"position\":2,\"name\":\"Zabudowy\",\"item\":\"https:\/\/www.storevan.com\/allestimenti-veicoli-commerciali\/\"},{\"@type\":\"ListItem\",\"position\":3,\"name\":\"Iveco\"}]},{\"@type\":\"WebSite\",\"@id\":\"https:\/\/www.storevan.com\/pl\/#website\",\"url\":\"https:\/\/www.storevan.com\/pl\/\",\"name\":\"Store Van\",\"description\":\"Zabudowy\",\"potentialAction\":[{\"@type\":\"SearchAction\",\"target\":{\"@type\":\"EntryPoint\",\"urlTemplate\":\"https:\/\/www.storevan.com\/pl\/?s={search_term_string}\"},\"query-input\":\"required name=search_term_string\"}],\"inLanguage\":\"pl-PL\"}]}<\/script>\n<!-- \/ Yoast SEO plugin. -->","yoast_head_json":{"title":"Zabudowy do samochod\u00f3w serwisowych Iveco","description":"StoreVan oferuje systemy wyposa\u017cenia dostosowane do samochod\u00f3w dostawczych Iveco. Ok\u0142adziny, pod\u0142ogi, modu\u0142y, baga\u017cniki i\u00a0uchwyty do drabin.","robots":{"index":"index","follow":"follow","max-snippet":"max-snippet:-1","max-image-preview":"max-image-preview:large","max-video-preview":"max-video-preview:-1"},"canonical":"https:\/\/www.storevan.com\/allestimenti-veicoli-commerciali\/furgoni-iveco\/","og_locale":"pl_PL","og_type":"article","og_title":"Zabudowy do samochod\u00f3w serwisowych Iveco","og_description":"StoreVan oferuje systemy wyposa\u017cenia dostosowane do samochod\u00f3w dostawczych Iveco. Ok\u0142adziny, pod\u0142ogi, modu\u0142y, baga\u017cniki i\u00a0uchwyty do drabin.","og_url":"https:\/\/www.storevan.com\/allestimenti-veicoli-commerciali\/furgoni-iveco\/","og_site_name":"Store Van","article_modified_time":"2021-10-29T12:14:10+00:00","og_image":[{"url":"https:\/\/www.storevan.com\/wp-content\/uploads\/veicoli\/iveco\/daily\/HOME6-Allestimenti-IVECO.png"}],"twitter_misc":{"Szacowany czas czytania":"1 minuta"},"schema":{"@context":"https:\/\/schema.org","@graph":[{"@type":"WebPage","@id":"https:\/\/www.storevan.com\/allestimenti-veicoli-commerciali\/furgoni-iveco\/","url":"https:\/\/www.storevan.com\/allestimenti-veicoli-commerciali\/furgoni-iveco\/","name":"Zabudowy do samochod\u00f3w serwisowych Iveco","isPartOf":{"@id":"https:\/\/www.storevan.com\/pl\/#website"},"datePublished":"2015-12-14T09:01:18+00:00","dateModified":"2021-10-29T12:14:10+00:00","description":"StoreVan oferuje systemy wyposa\u017cenia dostosowane do samochod\u00f3w dostawczych Iveco. Ok\u0142adziny, pod\u0142ogi, modu\u0142y, baga\u017cniki i\u00a0uchwyty do drabin.","breadcrumb":{"@id":"https:\/\/www.storevan.com\/allestimenti-veicoli-commerciali\/furgoni-iveco\/#breadcrumb"},"inLanguage":"pl-PL","potentialAction":[{"@type":"ReadAction","target":["https:\/\/www.storevan.com\/allestimenti-veicoli-commerciali\/furgoni-iveco\/"]}]},{"@type":"BreadcrumbList","@id":"https:\/\/www.storevan.com\/allestimenti-veicoli-commerciali\/furgoni-iveco\/#breadcrumb","itemListElement":[{"@type":"ListItem","position":1,"name":"Home","item":"https:\/\/www.storevan.com\/pl\/"},{"@type":"ListItem","position":2,"name":"Zabudowy","item":"https:\/\/www.storevan.com\/allestimenti-veicoli-commerciali\/"},{"@type":"ListItem","position":3,"name":"Iveco"}]},{"@type":"WebSite","@id":"https:\/\/www.storevan.com\/pl\/#website","url":"https:\/\/www.storevan.com\/pl\/","name":"Store Van","description":"Zabudowy","potentialAction":[{"@type":"SearchAction","target":{"@type":"EntryPoint","urlTemplate":"https:\/\/www.storevan.com\/pl\/?s={search_term_string}"},"query-input":"required name=search_term_string"}],"inLanguage":"pl-PL"}]}},"_links":{"self":[{"href":"https:\/\/www.storevan.com\/pl\/wp-json\/wp\/v2\/pages\/16406"}],"collection":[{"href":"https:\/\/www.storevan.com\/pl\/wp-json\/wp\/v2\/pages"}],"about":[{"href":"https:\/\/www.storevan.com\/pl\/wp-json\/wp\/v2\/types\/page"}],"author":[{"embeddable":true,"href":"https:\/\/www.storevan.com\/pl\/wp-json\/wp\/v2\/users\/470"}],"replies":[{"embeddable":true,"href":"https:\/\/www.storevan.com\/pl\/wp-json\/wp\/v2\/comments?post=16406"}],"version-history":[{"count":10,"href":"https:\/\/www.storevan.com\/pl\/wp-json\/wp\/v2\/pages\/16406\/revisions"}],"predecessor-version":[{"id":135145,"href":"https:\/\/www.storevan.com\/pl\/wp-json\/wp\/v2\/pages\/16406\/revisions\/135145"}],"up":[{"embeddable":true,"href":"https:\/\/www.storevan.com\/pl\/wp-json\/wp\/v2\/pages\/8457"}],"wp:attachment":[{"href":"https:\/\/www.storevan.com\/pl\/wp-json\/wp\/v2\/media?parent=16406"}],"curies":[{"name":"wp","href":"https:\/\/api.w.org\/{rel}","templated":true}]}}