{"id":16402,"date":"2016-03-07T16:22:15","date_gmt":"2016-03-07T15:22:15","guid":{"rendered":"https:\/\/www.storevan.com\/pl\/zabudowy\/furgoni-hyundai\/"},"modified":"2018-10-01T12:12:06","modified_gmt":"2018-10-01T12:12:06","slug":"hyundai","status":"publish","type":"page","link":"https:\/\/www.storevan.com\/pl\/zabudowy\/hyundai\/","title":{"rendered":"Hyundai"},"content":{"rendered":"<h1 class=\"customblackTitleSmall\">Zabudowy do Hyundai<\/h1>\n<h2>Przeno\u015bny warsztat StoreVan Hyundai<\/h2>\n<p><img decoding=\"async\" loading=\"lazy\" class=\"alignright wp-image-43707 size-full\" title=\"Zabudowy Hyundai\" src=\"https:\/\/www.storevan.com\/wp-content\/uploads\/2017\/01\/HOME5-Allestimenti-HYUNDAI.png\" alt=\"Zabudowy Hyundai\" width=\"116\" height=\"105\" \/><\/p>\n<p>Store Van oferuje systemy <strong>wyposa\u017cenia do samochod\u00f3w dostawczych Hyundai<\/strong>. Pod\u0142ogi i\u00a0panele, ok\u0142adziny wewn\u0119trzne do ochrony przedzia\u0142u \u0142adunkowego, uchwyt uniwersalny, uchwyt do drabin, akcesoria, systemy do zabezpieczania \u0142adunku i\u00a0wiele innych. Zapraszamy do kontaktu, aby uzyska\u0107 bezp\u0142atn\u0105 wycen\u0119!<\/p>\n<div class=\"one_third\"><\/div><div class=\"one_third\">\n<p class=\"text-center\"><strong>HYUNDAI H350<\/strong><\/p>\n<hr class=\"hidden-xs hidden-sm\"\/>\n<p><a href=\"https:\/\/www.storevan.com\/pl\/zabudowy\/hyundai\/h350\/\" class=\"txtOrange\" title=\"Zabudowy Nemo\"><img decoding=\"async\" loading=\"lazy\" class=\"aligncenter wp-image-40226 size-full\" src=\"https:\/\/www.storevan.com\/wp-content\/uploads\/2016\/03\/Allestimento-furgoni-Hyundai-H350-2015-2.jpg\" alt=\"Zabudowy do Hyundai H350\" width=\"350\" height=\"220\" srcset=\"https:\/\/www.storevan.com\/wp-content\/uploads\/2016\/03\/Allestimento-furgoni-Hyundai-H350-2015-2.jpg 350w, https:\/\/www.storevan.com\/wp-content\/uploads\/2016\/03\/Allestimento-furgoni-Hyundai-H350-2015-2-300x189.jpg 300w\" sizes=\"(max-width: 350px) 100vw, 350px\" \/><br \/>\nZabudowy Hyundai H350<i class=\"fa fa-angle-double-right\"><\/i><\/a><br \/>\n<a href=\"https:\/\/www.storevan.com\/pl\/zabudowy\/hyundai\/h350\/scieny-podloga\/\" class=\"txtOrange\" title=\"Podloga i panele Hyundai H350\">Podloga i panele  <i class=\"fa fa-angle-double-right\"><\/i><\/a> <\/p>\n<\/div>\n<div class=\"one_third last\"><\/div><div class=\"clearboth\"><\/div>\n<p>\u201eKto pierwszy, ten lepszy!\u201d Debiutuj\u0105cy niedawno na rynku samochod\u00f3w dostawczych model Hyundai H350, zaprojektowany specjalnie na rynek w\u0142oski i europejski, jest pierwszym z gamy pojazd\u00f3w, dzi\u0119ki kt\u00f3remu korea\u0144ski producent wchodzi do bran\u017cy \u201etransportu roboczego\u201d. Hyundai H350, oferowany w wersji samochodu dostawczego, nadwozia skrzyniowego i minibusa, o kr\u00f3tkim i d\u0142ugim rozstawie osi, wyr\u00f3\u017cnia si\u0119 wygod\u0105, uniwersalno\u015bci\u0105, wydajno\u015bci\u0105 oraz du\u017c\u0105 pojemno\u015bci\u0105 \u0142adunkow\u0105.<\/p>\n<p>Store Van, b\u0119d\u0105cy go\u015bciem w charakterze partnera w zakresie wyposa\u017cenia na oficjalnej prezentacji w Mediolanie w 2015 r., szybko zapozna\u0142 si\u0119 z podstawowymi parametrami nowego VCL, doceniaj\u0105c jego mocne punkty i przestronno\u015b\u0107 przedzia\u0142u \u0142adunkowego. Zatem, kiedy nied\u0142ugo po tym wydarzeniu dotar\u0142a do nas pro\u015bba o zaprojektowanie mobilnego warsztatu Store Van w modelu Hyundai H350 L2 dla przemys\u0142owych instalacji elektrycznych, byli\u015bmy w stanie zrealizowa\u0107 zlecenie szybko i skutecznie.<\/p>\n","protected":false},"excerpt":{"rendered":"<p>Zabudowy do Hyundai Przeno\u015bny warsztat StoreVan Hyundai Store Van oferuje systemy wyposa\u017cenia do samochod\u00f3w dostawczych Hyundai. Pod\u0142ogi i\u00a0panele, ok\u0142adziny wewn\u0119trzne do ochrony przedzia\u0142u \u0142adunkowego, uchwyt uniwersalny, uchwyt do drabin, akcesoria,.<\/p>\n","protected":false},"author":470,"featured_media":0,"parent":8457,"menu_order":0,"comment_status":"closed","ping_status":"closed","template":"","meta":[],"acf":[],"yoast_head":"<!-- This site is optimized with the Yoast SEO plugin v20.11 - https:\/\/yoast.com\/wordpress\/plugins\/seo\/ -->\n<title>Zabudowy do Hyundai<\/title>\n<meta name=\"description\" content=\"Store Van produkuje zabudowy do samochod\u00f3w serwisowych Hyundai: Pod\u0142oga i panele \u015bcienne; baga\u017cnik dachowy z drabin\u0161 lub bez, a tak\u017ce wyposa\u017cenie ...\" \/>\n<meta name=\"robots\" content=\"index, follow, max-snippet:-1, max-image-preview:large, max-video-preview:-1\" \/>\n<link rel=\"canonical\" href=\"https:\/\/www.storevan.com\/allestimenti-veicoli-commerciali\/furgoni-hyundai\/\" \/>\n<meta property=\"og:locale\" content=\"pl_PL\" \/>\n<meta property=\"og:type\" content=\"article\" \/>\n<meta property=\"og:title\" content=\"Zabudowy do Hyundai\" \/>\n<meta property=\"og:description\" content=\"Store Van produkuje zabudowy do samochod\u00f3w serwisowych Hyundai: Pod\u0142oga i panele \u015bcienne; baga\u017cnik dachowy z drabin\u0161 lub bez, a tak\u017ce wyposa\u017cenie ...\" \/>\n<meta property=\"og:url\" content=\"https:\/\/www.storevan.com\/allestimenti-veicoli-commerciali\/furgoni-hyundai\/\" \/>\n<meta property=\"og:site_name\" content=\"Store Van\" \/>\n<meta property=\"article:modified_time\" content=\"2018-10-01T12:12:06+00:00\" \/>\n<meta property=\"og:image\" content=\"https:\/\/www.storevan.com\/wp-content\/uploads\/2017\/01\/HOME5-Allestimenti-HYUNDAI.png\" \/>\n<meta name=\"twitter:label1\" content=\"Szacowany czas czytania\" \/>\n\t<meta name=\"twitter:data1\" content=\"1 minuta\" \/>\n<script type=\"application\/ld+json\" class=\"yoast-schema-graph\">{\"@context\":\"https:\/\/schema.org\",\"@graph\":[{\"@type\":\"WebPage\",\"@id\":\"https:\/\/www.storevan.com\/allestimenti-veicoli-commerciali\/furgoni-hyundai\/\",\"url\":\"https:\/\/www.storevan.com\/allestimenti-veicoli-commerciali\/furgoni-hyundai\/\",\"name\":\"Zabudowy do Hyundai\",\"isPartOf\":{\"@id\":\"https:\/\/www.storevan.com\/pl\/#website\"},\"datePublished\":\"2016-03-07T15:22:15+00:00\",\"dateModified\":\"2018-10-01T12:12:06+00:00\",\"description\":\"Store Van produkuje zabudowy do samochod\u00f3w serwisowych Hyundai: Pod\u0142oga i panele \u015bcienne; baga\u017cnik dachowy z drabin\u0161 lub bez, a tak\u017ce wyposa\u017cenie ...\",\"breadcrumb\":{\"@id\":\"https:\/\/www.storevan.com\/allestimenti-veicoli-commerciali\/furgoni-hyundai\/#breadcrumb\"},\"inLanguage\":\"pl-PL\",\"potentialAction\":[{\"@type\":\"ReadAction\",\"target\":[\"https:\/\/www.storevan.com\/allestimenti-veicoli-commerciali\/furgoni-hyundai\/\"]}]},{\"@type\":\"BreadcrumbList\",\"@id\":\"https:\/\/www.storevan.com\/allestimenti-veicoli-commerciali\/furgoni-hyundai\/#breadcrumb\",\"itemListElement\":[{\"@type\":\"ListItem\",\"position\":1,\"name\":\"Home\",\"item\":\"https:\/\/www.storevan.com\/pl\/\"},{\"@type\":\"ListItem\",\"position\":2,\"name\":\"Zabudowy\",\"item\":\"https:\/\/www.storevan.com\/allestimenti-veicoli-commerciali\/\"},{\"@type\":\"ListItem\",\"position\":3,\"name\":\"Hyundai\"}]},{\"@type\":\"WebSite\",\"@id\":\"https:\/\/www.storevan.com\/pl\/#website\",\"url\":\"https:\/\/www.storevan.com\/pl\/\",\"name\":\"Store Van\",\"description\":\"Zabudowy\",\"potentialAction\":[{\"@type\":\"SearchAction\",\"target\":{\"@type\":\"EntryPoint\",\"urlTemplate\":\"https:\/\/www.storevan.com\/pl\/?s={search_term_string}\"},\"query-input\":\"required name=search_term_string\"}],\"inLanguage\":\"pl-PL\"}]}<\/script>\n<!-- \/ Yoast SEO plugin. -->","yoast_head_json":{"title":"Zabudowy do Hyundai","description":"Store Van produkuje zabudowy do samochod\u00f3w serwisowych Hyundai: Pod\u0142oga i panele \u015bcienne; baga\u017cnik dachowy z drabin\u0161 lub bez, a tak\u017ce wyposa\u017cenie ...","robots":{"index":"index","follow":"follow","max-snippet":"max-snippet:-1","max-image-preview":"max-image-preview:large","max-video-preview":"max-video-preview:-1"},"canonical":"https:\/\/www.storevan.com\/allestimenti-veicoli-commerciali\/furgoni-hyundai\/","og_locale":"pl_PL","og_type":"article","og_title":"Zabudowy do Hyundai","og_description":"Store Van produkuje zabudowy do samochod\u00f3w serwisowych Hyundai: Pod\u0142oga i panele \u015bcienne; baga\u017cnik dachowy z drabin\u0161 lub bez, a tak\u017ce wyposa\u017cenie ...","og_url":"https:\/\/www.storevan.com\/allestimenti-veicoli-commerciali\/furgoni-hyundai\/","og_site_name":"Store Van","article_modified_time":"2018-10-01T12:12:06+00:00","og_image":[{"url":"https:\/\/www.storevan.com\/wp-content\/uploads\/2017\/01\/HOME5-Allestimenti-HYUNDAI.png"}],"twitter_misc":{"Szacowany czas czytania":"1 minuta"},"schema":{"@context":"https:\/\/schema.org","@graph":[{"@type":"WebPage","@id":"https:\/\/www.storevan.com\/allestimenti-veicoli-commerciali\/furgoni-hyundai\/","url":"https:\/\/www.storevan.com\/allestimenti-veicoli-commerciali\/furgoni-hyundai\/","name":"Zabudowy do Hyundai","isPartOf":{"@id":"https:\/\/www.storevan.com\/pl\/#website"},"datePublished":"2016-03-07T15:22:15+00:00","dateModified":"2018-10-01T12:12:06+00:00","description":"Store Van produkuje zabudowy do samochod\u00f3w serwisowych Hyundai: Pod\u0142oga i panele \u015bcienne; baga\u017cnik dachowy z drabin\u0161 lub bez, a tak\u017ce wyposa\u017cenie ...","breadcrumb":{"@id":"https:\/\/www.storevan.com\/allestimenti-veicoli-commerciali\/furgoni-hyundai\/#breadcrumb"},"inLanguage":"pl-PL","potentialAction":[{"@type":"ReadAction","target":["https:\/\/www.storevan.com\/allestimenti-veicoli-commerciali\/furgoni-hyundai\/"]}]},{"@type":"BreadcrumbList","@id":"https:\/\/www.storevan.com\/allestimenti-veicoli-commerciali\/furgoni-hyundai\/#breadcrumb","itemListElement":[{"@type":"ListItem","position":1,"name":"Home","item":"https:\/\/www.storevan.com\/pl\/"},{"@type":"ListItem","position":2,"name":"Zabudowy","item":"https:\/\/www.storevan.com\/allestimenti-veicoli-commerciali\/"},{"@type":"ListItem","position":3,"name":"Hyundai"}]},{"@type":"WebSite","@id":"https:\/\/www.storevan.com\/pl\/#website","url":"https:\/\/www.storevan.com\/pl\/","name":"Store Van","description":"Zabudowy","potentialAction":[{"@type":"SearchAction","target":{"@type":"EntryPoint","urlTemplate":"https:\/\/www.storevan.com\/pl\/?s={search_term_string}"},"query-input":"required name=search_term_string"}],"inLanguage":"pl-PL"}]}},"_links":{"self":[{"href":"https:\/\/www.storevan.com\/pl\/wp-json\/wp\/v2\/pages\/16402"}],"collection":[{"href":"https:\/\/www.storevan.com\/pl\/wp-json\/wp\/v2\/pages"}],"about":[{"href":"https:\/\/www.storevan.com\/pl\/wp-json\/wp\/v2\/types\/page"}],"author":[{"embeddable":true,"href":"https:\/\/www.storevan.com\/pl\/wp-json\/wp\/v2\/users\/470"}],"replies":[{"embeddable":true,"href":"https:\/\/www.storevan.com\/pl\/wp-json\/wp\/v2\/comments?post=16402"}],"version-history":[{"count":8,"href":"https:\/\/www.storevan.com\/pl\/wp-json\/wp\/v2\/pages\/16402\/revisions"}],"predecessor-version":[{"id":91436,"href":"https:\/\/www.storevan.com\/pl\/wp-json\/wp\/v2\/pages\/16402\/revisions\/91436"}],"up":[{"embeddable":true,"href":"https:\/\/www.storevan.com\/pl\/wp-json\/wp\/v2\/pages\/8457"}],"wp:attachment":[{"href":"https:\/\/www.storevan.com\/pl\/wp-json\/wp\/v2\/media?parent=16402"}],"curies":[{"name":"wp","href":"https:\/\/api.w.org\/{rel}","templated":true}]}}