{"id":16349,"date":"2015-12-14T09:59:12","date_gmt":"2015-12-14T08:59:12","guid":{"rendered":"https:\/\/www.storevan.com\/pl\/zabudowy\/furgoni-ford\/"},"modified":"2022-03-10T13:32:05","modified_gmt":"2022-03-10T13:32:05","slug":"ford","status":"publish","type":"page","link":"https:\/\/www.storevan.com\/pl\/zabudowy\/ford\/","title":{"rendered":"Ford"},"content":{"rendered":"<h1 class=\"customblackTitleSmall\">Zabudowy do Ford<\/h1>\n<h2>Zabudowa serwisowa warsztatowa Ford<\/h2>\n<p><img decoding=\"async\" loading=\"lazy\" class=\"alignright wp-image-43705 size-full\" title=\"Zabudowy Ford\" src=\"https:\/\/www.storevan.com\/wp-content\/uploads\/2017\/01\/HOME4-Allestimenti-FORD.png\" alt=\"Zabudowy Ford\" width=\"116\" height=\"105\" \/><br \/>\nStore Van produkuje <strong>zabudowy <\/strong>do samochod\u00f3w serwisowych <strong>Ford<\/strong>: Pod\u0142oga i <strong>panele \u015acienne<\/strong>; baga\u017cnik dachowy z drabin\u0161 lub bez, a tak\u017ce wyposa\u017cenie serwisowe vana dostosowane do Twoich zawodowych potrzebi.<\/p>\n<p>Bez wzgl\u0119du na model Forda, Store Van oferuje rozwi\u0105zania poszerzaj\u0105ce funkcjonalno\u015b\u0107 samochodu dostawczego. Pojazdy u\u017cytkowe marki Ford oferowane s\u0105 w\u00a0wariantach r\u00f3\u017cni\u0105cych si\u0119 rozstawem osi, wysoko\u015bci\u0105 dachu, nadwoziem, pojemno\u015bci\u0105 \u0142adunkow\u0105, rodzajem kabiny, jednostkami nap\u0119dowymi, rozwi\u0105zaniami technologicznymi w\u00a0zakresie bezpiecze\u0144stwa i\u00a0wspomagania jazdy. Gam\u0119 mo\u017cna konfigurowa\u0107 na u\u017cytek wszelkich potrzeb transportowych i\u00a0roboczych. Po przekszta\u0142ceniu w\u00a0warsztat mobilny Store Van, osi\u0105ga szczyt wydajno\u015bci i\u00a0dochodowo\u015bci!<\/p>\n<h3 class=\"customblackTitleExtraSmall\">WYBIERZ MODEL SAMOCHODU DOSTAWCZEGO:<\/h3>\n<div class=\"one_fourth\">\n<p class=\"text-center\"><strong>COURIER 2014<\/strong><\/p>\n<hr class=\"hidden-xs hidden-sm\"\/>\n<p><a href=\"https:\/\/www.storevan.com\/pl\/zabudowy\/ford\/courier\/\" class=\"txtOrange\" title=\"Zabudowy Courier\"><img decoding=\"async\" loading=\"lazy\" class=\"aligncenter size-full wp-image-54413\" src=\"https:\/\/www.storevan.com\/wp-content\/uploads\/2015\/12\/Allestimento-furgoni-Ford-Transit-Courier.jpg\" alt=\"Zabudowy do Ford Transit Courier\" width=\"350\" height=\"220\" srcset=\"https:\/\/www.storevan.com\/wp-content\/uploads\/2015\/12\/Allestimento-furgoni-Ford-Transit-Courier.jpg 350w, https:\/\/www.storevan.com\/wp-content\/uploads\/2015\/12\/Allestimento-furgoni-Ford-Transit-Courier-300x189.jpg 300w\" sizes=\"(max-width: 350px) 100vw, 350px\" \/><br \/>\nZabudowy Courier <i class=\"fa fa-angle-double-right\"><\/i><\/a><br \/>\n<a href=\"https:\/\/www.storevan.com\/pl\/zabudowy\/ford\/courier\/scieny-podloga\/\" class=\"txtOrange\" title=\"Podloga i panele Courier\">Podloga i panele  <i class=\"fa fa-angle-double-right\"><\/i><\/a><br \/>\n<a href=\" https:\/\/www.storevan.com\/pl\/zabudowy\/ford\/courier\/bagazniki\/\" class=\"txtOrange\" title=\"Bagazniki i uchwyty do drabiny Courier\">Bagazniki i uchwyty do drabiny <i class=\"fa fa-angle-double-right\"><\/i><\/a><\/p>\n<hr class=\"visible-xs\" \/>\n<\/div>\n<div class=\"one_fourth\">\n<p class=\"text-center\"><strong>CONNECT 2013<\/strong><\/p>\n<hr class=\"hidden-xs hidden-sm\"\/>\n<p><a href=\"https:\/\/www.storevan.com\/pl\/zabudowy\/ford\/connect\/\" class=\"txtOrange\" title=\"Zabudowy Connect\"><img decoding=\"async\" loading=\"lazy\" class=\"aligncenter wp-image-40199 size-full\" src=\"https:\/\/www.storevan.com\/wp-content\/uploads\/2015\/12\/Allestimento-furgoni-Ford-Connect-2013-1.jpg\" alt=\"Zabudowy do Ford Connect 2013\" width=\"350\" height=\"220\" srcset=\"https:\/\/www.storevan.com\/wp-content\/uploads\/2015\/12\/Allestimento-furgoni-Ford-Connect-2013-1.jpg 350w, https:\/\/www.storevan.com\/wp-content\/uploads\/2015\/12\/Allestimento-furgoni-Ford-Connect-2013-1-300x189.jpg 300w\" sizes=\"(max-width: 350px) 100vw, 350px\" \/><br \/>\nZabudowy Connect <i class=\"fa fa-angle-double-right\"><\/i><\/a><br \/>\n<a href=\"https:\/\/www.storevan.com\/pl\/zabudowy\/ford\/connect\/scieny-podloga\/\" class=\"txtOrange\" title=\"Podloga i panele Connect\">Podloga i panele  <i class=\"fa fa-angle-double-right\"><\/i><\/a><br \/>\n<a href=\"https:\/\/www.storevan.com\/pl\/zabudowy\/ford\/connect\/bagazniki-dachowe\/\" class=\"txtOrange\" title=\"Bagazniki i uchwyty do drabiny Connect\">Bagazniki i uchwyty do drabiny <i class=\"fa fa-angle-double-right\"><\/i><\/a> <\/p>\n<hr class=\"visible-xs\" \/>\n<\/div>\n<div class=\"one_fourth\">\n<p class=\"text-center\"><strong>CUSTOM 2012<\/strong><\/p>\n<hr class=\"hidden-xs hidden-sm\"\/>\n<p><a href=\"https:\/\/www.storevan.com\/pl\/zabudowy\/ford\/custom\/\" class=\"txtOrange\" title=\"Zabudowy Custom\"><img decoding=\"async\" loading=\"lazy\" class=\"aligncenter size-full wp-image-40205\" src=\"https:\/\/www.storevan.com\/wp-content\/uploads\/2015\/12\/Allestimento-furgoni-Ford-Custom-2012-1.jpg\" alt=\"Zabudowy do Ford Custom 2012\" width=\"350\" height=\"220\" srcset=\"https:\/\/www.storevan.com\/wp-content\/uploads\/2015\/12\/Allestimento-furgoni-Ford-Custom-2012-1.jpg 350w, https:\/\/www.storevan.com\/wp-content\/uploads\/2015\/12\/Allestimento-furgoni-Ford-Custom-2012-1-300x189.jpg 300w\" sizes=\"(max-width: 350px) 100vw, 350px\" \/><br \/>\nZabudowy Custom  <i class=\"fa fa-angle-double-right\"><\/i><\/a><br \/>\n<a href=\"https:\/\/www.storevan.com\/pl\/zabudowy\/ford\/custom\/scieny-podloga\/\" class=\"txtOrange\" title=\"Podloga i panele Custom\">Podloga i panele  <i class=\"fa fa-angle-double-right\"><\/i><\/a><br \/>\n<a href=\"https:\/\/www.storevan.com\/pl\/zabudowy\/ford\/custom\/bagazniki-dachowe\/\" class=\"txtOrange\" title=\"Bagazniki i uchwyty do drabiny Custom\">Bagazniki i uchwyty do drabiny <i class=\"fa fa-angle-double-right\"><\/i><\/a> <\/p>\n<hr class=\"visible-xs\" \/>\n<\/div>\n<div class=\"one_fourth last\">\n<p class=\"text-center\"><strong>TRANSIT 2014<\/strong><\/p>\n<hr class=\"hidden-xs hidden-sm\"\/>\n<p><a href=\"https:\/\/www.storevan.com\/pl\/zabudowy\/ford\/transit\/\" class=\"txtOrange\" title=\"Zabudowy Transit\"><img decoding=\"async\" loading=\"lazy\" class=\"aligncenter size-full wp-image-40211\" src=\"https:\/\/www.storevan.com\/wp-content\/uploads\/2015\/12\/Allestimento-furgoni-Ford-Transit-2014-1.jpg\" alt=\"Zabudowy do Ford Transit 2014\" width=\"350\" height=\"220\" srcset=\"https:\/\/www.storevan.com\/wp-content\/uploads\/2015\/12\/Allestimento-furgoni-Ford-Transit-2014-1.jpg 350w, https:\/\/www.storevan.com\/wp-content\/uploads\/2015\/12\/Allestimento-furgoni-Ford-Transit-2014-1-300x189.jpg 300w\" sizes=\"(max-width: 350px) 100vw, 350px\" \/><br \/>\nZabudowy Transit <i class=\"fa fa-angle-double-right\"><\/i><\/a><br \/>\n<a href=\"https:\/\/www.storevan.com\/pl\/zabudowy\/ford\/transit\/scieny-podloga\/\" class=\"txtOrange\" title=\"Podloga i panele Transit\">Podloga i panele  <i class=\"fa fa-angle-double-right\"><\/i><\/a><br \/>\n<a href=\"https:\/\/www.storevan.com\/pl\/zabudowy\/ford\/transit\/bagazniki-dachowe\/\" class=\"txtOrange\" title=\"Bagazniki i uchwyty do drabiny Nemo\">Bagazniki i uchwyty do drabiny <i class=\"fa fa-angle-double-right\"><\/i><\/a> <\/p>\n<hr class=\"visible-xs\" \/>\n<\/div><div class=\"clearboth\"><\/div>\n<h2>\u201eMisja wi\u0119cej, ni\u017c mo\u017cliwa\u201d z wyposa\u017ceniem do pojazd\u00f3w u\u017cytkowych Ford, takim jak<\/h2>\n<div class=\"borderTitle\"><\/div>\n<p>Pod\u0142oga i panele do ochrony blachy w przedziale \u0142adunkowym, rega\u0142y, uchwyt uniwersalny i uchwyt do drabin. Ponadto dost\u0119pny jest uchwyt ze stali nierdzewnej do rur, przygotowany do zamkni\u0119cia na k\u0142\u00f3dk\u0119. Wyposa\u017cony zosta\u0142 r\u00f3wnie\u017c w link\u0119 wy\u0142adowuj\u0105c\u0105, do wy\u0142adunku niewielkich przedmiot\u00f3w.<\/p>\n<p>Specyfikacje techniczne, rozmiary i przyk\u0142ady gotowych realizacji. Mo\u017cesz sam wykona\u0107 indywidualny system lub zadzwoni\u0107 niezobowi\u0105zuj\u0105co na infolini\u0119 +39 0424 585455!<\/p>\n<h3 class=\"customblackTitleExtraSmall\">Transport i sk\u0142adowanie towar\u00f3w i sprz\u0119tu<\/h3>\n<p>Co\u015b wi\u0119cej, ni\u017c tylko mobilny warsztat! Wyposa\u017cenie Store Van, zaprojektowane dla pojazd\u00f3w u\u017cytkowych marki Ford, stanowi w\u00a0rzeczywisto\u015bci magazyn na czterech ko\u0142ach! Po zamontowaniu pojemnik\u00f3w i\u00a0szafek szufladowych mo\u017cna sk\u0142adowa\u0107 narz\u0119dzia pracy instalator\u00f3w, takie jak \u015bruby, akcesoria i\u00a0cz\u0119\u015bci zamienne. Natomiast po zamontowaniu prowadnic, pas\u00f3w i\u00a0dr\u0105\u017ck\u00f3w do mocowania \u0142adunku mo\u017cna przygotowa\u0107 systemy mocowania \u0142adunk\u00f3w o\u00a0du\u017cej masie.<\/p>\n","protected":false},"excerpt":{"rendered":"<p>Zabudowy do Ford Zabudowa serwisowa warsztatowa Ford Store Van produkuje zabudowy do samochod\u00f3w serwisowych Ford: Pod\u0142oga i panele \u015acienne; baga\u017cnik dachowy z drabin\u0161 lub bez, a tak\u017ce wyposa\u017cenie serwisowe vana.<\/p>\n","protected":false},"author":470,"featured_media":0,"parent":8457,"menu_order":0,"comment_status":"closed","ping_status":"closed","template":"","meta":[],"acf":[],"yoast_head":"<!-- This site is optimized with the Yoast SEO plugin v20.11 - https:\/\/yoast.com\/wordpress\/plugins\/seo\/ -->\n<title>Zabudowy do Ford<\/title>\n<meta name=\"description\" content=\"Store Van produkuje zabudowy do samochod\u00f3w serwisowych Ford: Pod\u0142oga i panele \u009ccienne; baga\u017cnik dachowy z drabin\u0161 lub bez, a tak\u017ce wyposa\u017cenie serwisowe ...\" \/>\n<meta name=\"robots\" content=\"index, follow, max-snippet:-1, max-image-preview:large, max-video-preview:-1\" \/>\n<link rel=\"canonical\" href=\"https:\/\/www.storevan.com\/allestimenti-veicoli-commerciali\/furgoni-ford\/\" \/>\n<meta property=\"og:locale\" content=\"pl_PL\" \/>\n<meta property=\"og:type\" content=\"article\" \/>\n<meta property=\"og:title\" content=\"Zabudowy do Ford\" \/>\n<meta property=\"og:description\" content=\"Store Van produkuje zabudowy do samochod\u00f3w serwisowych Ford: Pod\u0142oga i panele \u009ccienne; baga\u017cnik dachowy z drabin\u0161 lub bez, a tak\u017ce wyposa\u017cenie serwisowe ...\" \/>\n<meta property=\"og:url\" content=\"https:\/\/www.storevan.com\/allestimenti-veicoli-commerciali\/furgoni-ford\/\" \/>\n<meta property=\"og:site_name\" content=\"Store Van\" \/>\n<meta property=\"article:modified_time\" content=\"2022-03-10T13:32:05+00:00\" \/>\n<meta property=\"og:image\" content=\"https:\/\/www.storevan.com\/wp-content\/uploads\/2017\/01\/HOME4-Allestimenti-FORD.png\" \/>\n<meta name=\"twitter:label1\" content=\"Szacowany czas czytania\" \/>\n\t<meta name=\"twitter:data1\" content=\"2 minuty\" \/>\n<script type=\"application\/ld+json\" class=\"yoast-schema-graph\">{\"@context\":\"https:\/\/schema.org\",\"@graph\":[{\"@type\":\"WebPage\",\"@id\":\"https:\/\/www.storevan.com\/allestimenti-veicoli-commerciali\/furgoni-ford\/\",\"url\":\"https:\/\/www.storevan.com\/allestimenti-veicoli-commerciali\/furgoni-ford\/\",\"name\":\"Zabudowy do Ford\",\"isPartOf\":{\"@id\":\"https:\/\/www.storevan.com\/pl\/#website\"},\"datePublished\":\"2015-12-14T08:59:12+00:00\",\"dateModified\":\"2022-03-10T13:32:05+00:00\",\"description\":\"Store Van produkuje zabudowy do samochod\u00f3w serwisowych Ford: Pod\u0142oga i panele \u009ccienne; baga\u017cnik dachowy z drabin\u0161 lub bez, a tak\u017ce wyposa\u017cenie serwisowe ...\",\"breadcrumb\":{\"@id\":\"https:\/\/www.storevan.com\/allestimenti-veicoli-commerciali\/furgoni-ford\/#breadcrumb\"},\"inLanguage\":\"pl-PL\",\"potentialAction\":[{\"@type\":\"ReadAction\",\"target\":[\"https:\/\/www.storevan.com\/allestimenti-veicoli-commerciali\/furgoni-ford\/\"]}]},{\"@type\":\"BreadcrumbList\",\"@id\":\"https:\/\/www.storevan.com\/allestimenti-veicoli-commerciali\/furgoni-ford\/#breadcrumb\",\"itemListElement\":[{\"@type\":\"ListItem\",\"position\":1,\"name\":\"Home\",\"item\":\"https:\/\/www.storevan.com\/pl\/\"},{\"@type\":\"ListItem\",\"position\":2,\"name\":\"Zabudowy\",\"item\":\"https:\/\/www.storevan.com\/allestimenti-veicoli-commerciali\/\"},{\"@type\":\"ListItem\",\"position\":3,\"name\":\"Ford\"}]},{\"@type\":\"WebSite\",\"@id\":\"https:\/\/www.storevan.com\/pl\/#website\",\"url\":\"https:\/\/www.storevan.com\/pl\/\",\"name\":\"Store Van\",\"description\":\"Zabudowy\",\"potentialAction\":[{\"@type\":\"SearchAction\",\"target\":{\"@type\":\"EntryPoint\",\"urlTemplate\":\"https:\/\/www.storevan.com\/pl\/?s={search_term_string}\"},\"query-input\":\"required name=search_term_string\"}],\"inLanguage\":\"pl-PL\"}]}<\/script>\n<!-- \/ Yoast SEO plugin. -->","yoast_head_json":{"title":"Zabudowy do Ford","description":"Store Van produkuje zabudowy do samochod\u00f3w serwisowych Ford: Pod\u0142oga i panele \u009ccienne; baga\u017cnik dachowy z drabin\u0161 lub bez, a tak\u017ce wyposa\u017cenie serwisowe ...","robots":{"index":"index","follow":"follow","max-snippet":"max-snippet:-1","max-image-preview":"max-image-preview:large","max-video-preview":"max-video-preview:-1"},"canonical":"https:\/\/www.storevan.com\/allestimenti-veicoli-commerciali\/furgoni-ford\/","og_locale":"pl_PL","og_type":"article","og_title":"Zabudowy do Ford","og_description":"Store Van produkuje zabudowy do samochod\u00f3w serwisowych Ford: Pod\u0142oga i panele \u009ccienne; baga\u017cnik dachowy z drabin\u0161 lub bez, a tak\u017ce wyposa\u017cenie serwisowe ...","og_url":"https:\/\/www.storevan.com\/allestimenti-veicoli-commerciali\/furgoni-ford\/","og_site_name":"Store Van","article_modified_time":"2022-03-10T13:32:05+00:00","og_image":[{"url":"https:\/\/www.storevan.com\/wp-content\/uploads\/2017\/01\/HOME4-Allestimenti-FORD.png"}],"twitter_misc":{"Szacowany czas czytania":"2 minuty"},"schema":{"@context":"https:\/\/schema.org","@graph":[{"@type":"WebPage","@id":"https:\/\/www.storevan.com\/allestimenti-veicoli-commerciali\/furgoni-ford\/","url":"https:\/\/www.storevan.com\/allestimenti-veicoli-commerciali\/furgoni-ford\/","name":"Zabudowy do Ford","isPartOf":{"@id":"https:\/\/www.storevan.com\/pl\/#website"},"datePublished":"2015-12-14T08:59:12+00:00","dateModified":"2022-03-10T13:32:05+00:00","description":"Store Van produkuje zabudowy do samochod\u00f3w serwisowych Ford: Pod\u0142oga i panele \u009ccienne; baga\u017cnik dachowy z drabin\u0161 lub bez, a tak\u017ce wyposa\u017cenie serwisowe ...","breadcrumb":{"@id":"https:\/\/www.storevan.com\/allestimenti-veicoli-commerciali\/furgoni-ford\/#breadcrumb"},"inLanguage":"pl-PL","potentialAction":[{"@type":"ReadAction","target":["https:\/\/www.storevan.com\/allestimenti-veicoli-commerciali\/furgoni-ford\/"]}]},{"@type":"BreadcrumbList","@id":"https:\/\/www.storevan.com\/allestimenti-veicoli-commerciali\/furgoni-ford\/#breadcrumb","itemListElement":[{"@type":"ListItem","position":1,"name":"Home","item":"https:\/\/www.storevan.com\/pl\/"},{"@type":"ListItem","position":2,"name":"Zabudowy","item":"https:\/\/www.storevan.com\/allestimenti-veicoli-commerciali\/"},{"@type":"ListItem","position":3,"name":"Ford"}]},{"@type":"WebSite","@id":"https:\/\/www.storevan.com\/pl\/#website","url":"https:\/\/www.storevan.com\/pl\/","name":"Store Van","description":"Zabudowy","potentialAction":[{"@type":"SearchAction","target":{"@type":"EntryPoint","urlTemplate":"https:\/\/www.storevan.com\/pl\/?s={search_term_string}"},"query-input":"required name=search_term_string"}],"inLanguage":"pl-PL"}]}},"_links":{"self":[{"href":"https:\/\/www.storevan.com\/pl\/wp-json\/wp\/v2\/pages\/16349"}],"collection":[{"href":"https:\/\/www.storevan.com\/pl\/wp-json\/wp\/v2\/pages"}],"about":[{"href":"https:\/\/www.storevan.com\/pl\/wp-json\/wp\/v2\/types\/page"}],"author":[{"embeddable":true,"href":"https:\/\/www.storevan.com\/pl\/wp-json\/wp\/v2\/users\/470"}],"replies":[{"embeddable":true,"href":"https:\/\/www.storevan.com\/pl\/wp-json\/wp\/v2\/comments?post=16349"}],"version-history":[{"count":6,"href":"https:\/\/www.storevan.com\/pl\/wp-json\/wp\/v2\/pages\/16349\/revisions"}],"predecessor-version":[{"id":141852,"href":"https:\/\/www.storevan.com\/pl\/wp-json\/wp\/v2\/pages\/16349\/revisions\/141852"}],"up":[{"embeddable":true,"href":"https:\/\/www.storevan.com\/pl\/wp-json\/wp\/v2\/pages\/8457"}],"wp:attachment":[{"href":"https:\/\/www.storevan.com\/pl\/wp-json\/wp\/v2\/media?parent=16349"}],"curies":[{"name":"wp","href":"https:\/\/api.w.org\/{rel}","templated":true}]}}