{"id":16286,"date":"2015-12-14T09:55:00","date_gmt":"2015-12-14T08:55:00","guid":{"rendered":"https:\/\/www.storevan.com\/pl\/zabudowy\/furgoni-dacia\/"},"modified":"2018-10-01T09:01:28","modified_gmt":"2018-10-01T09:01:28","slug":"dacia","status":"publish","type":"page","link":"https:\/\/www.storevan.com\/pl\/zabudowy\/dacia\/","title":{"rendered":"Dacia"},"content":{"rendered":"<h1 class=\"customblackTitleSmall\">Zabudowy do Dacia<\/h1>\n<p><img decoding=\"async\" loading=\"lazy\" class=\"alignright wp-image-43689 size-full\" title=\"Zabudowy Dacia\" src=\"https:\/\/www.storevan.com\/wp-content\/uploads\/2017\/01\/HOME2-Allestimenti-DACIA.png\" alt=\"Zabudowy Dacia\" width=\"116\" height=\"105\" \/><\/p>\n<p>Zabudowy do Dacia Store Van. Store Van produkuje <strong>zabudowy do samochod\u00f3w serwisowych Dacia<\/strong>: Pod\u0142oga i panele \u015acienne; baga\u017cnik dachowy z drabin\u0161 lub bez, a tak\u017ce wyposa\u017cenie serwisowe vana dostosowane do Twoich zawodowych potrzeb.<\/p>\n<h3 class=\"customblackTitleExtraSmall\">WYBIERZ MODEL SAMOCHODU DOSTAWCZEGO:<\/h3>\n<div class=\"one_third\"><\/div><div class=\"one_third last\">\n<p class=\"text-center\"><strong>DOKKER 2012<\/strong><\/p>\n<hr n\/>\n<p><a href=\"https:\/\/www.storevan.com\/pl\/zabudowy\/dacia\/dokker\/\" class=\"txtOrange\" title=\"Zabudowy Dokker\"><img decoding=\"async\" loading=\"lazy\" class=\"aligncenter size-full wp-image-54331\" src=\"https:\/\/www.storevan.com\/wp-content\/uploads\/2015\/12\/Allestimento-furgoni-Dacia-Dokker.jpg\" alt=\"Zabudowy do samochod\u00f3w serwisowych Dacia Dokker\" width=\"350\" height=\"220\" srcset=\"https:\/\/www.storevan.com\/wp-content\/uploads\/2015\/12\/Allestimento-furgoni-Dacia-Dokker.jpg 350w, https:\/\/www.storevan.com\/wp-content\/uploads\/2015\/12\/Allestimento-furgoni-Dacia-Dokker-300x189.jpg 300w\" sizes=\"(max-width: 350px) 100vw, 350px\" \/><br \/>\nZabudowy Dokker<i class=\"fa fa-angle-double-right\"><\/i><\/a><br \/>\n<a href=\"https:\/\/www.storevan.com\/pl\/zabudowy\/dacia\/dokker\/scieny-podloga\/\" class=\"txtOrange\" title=\"Pod\u0142oga i panele NDokkermo\">Pod\u0142oga i panele  <i class=\"fa fa-angle-double-right\"><\/i><\/a><br \/>\n<a href=\"https:\/\/www.storevan.com\/pl\/zabudowy\/dacia\/dokker\/bagazniki-dachowe\/\" class=\"txtOrange\" title=\"Baga\u017cniki i uchwyty do drabiny Dokker\">Baga\u017cniki i uchwyty do drabiny <i class=\"fa fa-angle-double-right\"><\/i><\/a> <\/p>\n<hr noshade=\"noshade\" size=\"1\" class=\"visible-xs\" \/>\n<\/div><div class=\"clearboth\"><\/div>\n","protected":false},"excerpt":{"rendered":"<p>Zabudowy do Dacia Zabudowy do Dacia Store Van. Store Van produkuje zabudowy do samochod\u00f3w serwisowych Dacia: Pod\u0142oga i panele \u015acienne; baga\u017cnik dachowy z drabin\u0161 lub bez, a tak\u017ce wyposa\u017cenie serwisowe.<\/p>\n","protected":false},"author":470,"featured_media":0,"parent":8457,"menu_order":0,"comment_status":"closed","ping_status":"closed","template":"","meta":[],"acf":[],"yoast_head":"<!-- This site is optimized with the Yoast SEO plugin v20.11 - https:\/\/yoast.com\/wordpress\/plugins\/seo\/ -->\n<title>Zabudowy do Dacia<\/title>\n<meta name=\"description\" content=\"zabudowy do samochod\u00f3w serwisowych Dacia; baga\u017cnik dachowy z drabin\u0105 lub bez, a tak\u017ce wyposa\u017cenie serwisowe vana dostosowane do Twoich zawodowych potrzeb.\" \/>\n<meta name=\"robots\" content=\"index, follow, max-snippet:-1, max-image-preview:large, max-video-preview:-1\" \/>\n<link rel=\"canonical\" href=\"https:\/\/www.storevan.com\/allestimenti-veicoli-commerciali\/furgoni-dacia\/\" \/>\n<meta property=\"og:locale\" content=\"pl_PL\" \/>\n<meta property=\"og:type\" content=\"article\" \/>\n<meta property=\"og:title\" content=\"Zabudowy do Dacia\" \/>\n<meta property=\"og:description\" content=\"zabudowy do samochod\u00f3w serwisowych Dacia; baga\u017cnik dachowy z drabin\u0105 lub bez, a tak\u017ce wyposa\u017cenie serwisowe vana dostosowane do Twoich zawodowych potrzeb.\" \/>\n<meta property=\"og:url\" content=\"https:\/\/www.storevan.com\/allestimenti-veicoli-commerciali\/furgoni-dacia\/\" \/>\n<meta property=\"og:site_name\" content=\"Store Van\" \/>\n<meta property=\"article:modified_time\" content=\"2018-10-01T09:01:28+00:00\" \/>\n<meta property=\"og:image\" content=\"https:\/\/www.storevan.com\/wp-content\/uploads\/2017\/01\/HOME2-Allestimenti-DACIA.png\" \/>\n<script type=\"application\/ld+json\" class=\"yoast-schema-graph\">{\"@context\":\"https:\/\/schema.org\",\"@graph\":[{\"@type\":\"WebPage\",\"@id\":\"https:\/\/www.storevan.com\/allestimenti-veicoli-commerciali\/furgoni-dacia\/\",\"url\":\"https:\/\/www.storevan.com\/allestimenti-veicoli-commerciali\/furgoni-dacia\/\",\"name\":\"Zabudowy do Dacia\",\"isPartOf\":{\"@id\":\"https:\/\/www.storevan.com\/pl\/#website\"},\"datePublished\":\"2015-12-14T08:55:00+00:00\",\"dateModified\":\"2018-10-01T09:01:28+00:00\",\"description\":\"zabudowy do samochod\u00f3w serwisowych Dacia; baga\u017cnik dachowy z drabin\u0105 lub bez, a tak\u017ce wyposa\u017cenie serwisowe vana dostosowane do Twoich zawodowych potrzeb.\",\"breadcrumb\":{\"@id\":\"https:\/\/www.storevan.com\/allestimenti-veicoli-commerciali\/furgoni-dacia\/#breadcrumb\"},\"inLanguage\":\"pl-PL\",\"potentialAction\":[{\"@type\":\"ReadAction\",\"target\":[\"https:\/\/www.storevan.com\/allestimenti-veicoli-commerciali\/furgoni-dacia\/\"]}]},{\"@type\":\"BreadcrumbList\",\"@id\":\"https:\/\/www.storevan.com\/allestimenti-veicoli-commerciali\/furgoni-dacia\/#breadcrumb\",\"itemListElement\":[{\"@type\":\"ListItem\",\"position\":1,\"name\":\"Home\",\"item\":\"https:\/\/www.storevan.com\/pl\/\"},{\"@type\":\"ListItem\",\"position\":2,\"name\":\"Zabudowy\",\"item\":\"https:\/\/www.storevan.com\/allestimenti-veicoli-commerciali\/\"},{\"@type\":\"ListItem\",\"position\":3,\"name\":\"Dacia\"}]},{\"@type\":\"WebSite\",\"@id\":\"https:\/\/www.storevan.com\/pl\/#website\",\"url\":\"https:\/\/www.storevan.com\/pl\/\",\"name\":\"Store Van\",\"description\":\"Zabudowy\",\"potentialAction\":[{\"@type\":\"SearchAction\",\"target\":{\"@type\":\"EntryPoint\",\"urlTemplate\":\"https:\/\/www.storevan.com\/pl\/?s={search_term_string}\"},\"query-input\":\"required name=search_term_string\"}],\"inLanguage\":\"pl-PL\"}]}<\/script>\n<!-- \/ Yoast SEO plugin. -->","yoast_head_json":{"title":"Zabudowy do Dacia","description":"zabudowy do samochod\u00f3w serwisowych Dacia; baga\u017cnik dachowy z drabin\u0105 lub bez, a tak\u017ce wyposa\u017cenie serwisowe vana dostosowane do Twoich zawodowych potrzeb.","robots":{"index":"index","follow":"follow","max-snippet":"max-snippet:-1","max-image-preview":"max-image-preview:large","max-video-preview":"max-video-preview:-1"},"canonical":"https:\/\/www.storevan.com\/allestimenti-veicoli-commerciali\/furgoni-dacia\/","og_locale":"pl_PL","og_type":"article","og_title":"Zabudowy do Dacia","og_description":"zabudowy do samochod\u00f3w serwisowych Dacia; baga\u017cnik dachowy z drabin\u0105 lub bez, a tak\u017ce wyposa\u017cenie serwisowe vana dostosowane do Twoich zawodowych potrzeb.","og_url":"https:\/\/www.storevan.com\/allestimenti-veicoli-commerciali\/furgoni-dacia\/","og_site_name":"Store Van","article_modified_time":"2018-10-01T09:01:28+00:00","og_image":[{"url":"https:\/\/www.storevan.com\/wp-content\/uploads\/2017\/01\/HOME2-Allestimenti-DACIA.png"}],"schema":{"@context":"https:\/\/schema.org","@graph":[{"@type":"WebPage","@id":"https:\/\/www.storevan.com\/allestimenti-veicoli-commerciali\/furgoni-dacia\/","url":"https:\/\/www.storevan.com\/allestimenti-veicoli-commerciali\/furgoni-dacia\/","name":"Zabudowy do Dacia","isPartOf":{"@id":"https:\/\/www.storevan.com\/pl\/#website"},"datePublished":"2015-12-14T08:55:00+00:00","dateModified":"2018-10-01T09:01:28+00:00","description":"zabudowy do samochod\u00f3w serwisowych Dacia; baga\u017cnik dachowy z drabin\u0105 lub bez, a tak\u017ce wyposa\u017cenie serwisowe vana dostosowane do Twoich zawodowych potrzeb.","breadcrumb":{"@id":"https:\/\/www.storevan.com\/allestimenti-veicoli-commerciali\/furgoni-dacia\/#breadcrumb"},"inLanguage":"pl-PL","potentialAction":[{"@type":"ReadAction","target":["https:\/\/www.storevan.com\/allestimenti-veicoli-commerciali\/furgoni-dacia\/"]}]},{"@type":"BreadcrumbList","@id":"https:\/\/www.storevan.com\/allestimenti-veicoli-commerciali\/furgoni-dacia\/#breadcrumb","itemListElement":[{"@type":"ListItem","position":1,"name":"Home","item":"https:\/\/www.storevan.com\/pl\/"},{"@type":"ListItem","position":2,"name":"Zabudowy","item":"https:\/\/www.storevan.com\/allestimenti-veicoli-commerciali\/"},{"@type":"ListItem","position":3,"name":"Dacia"}]},{"@type":"WebSite","@id":"https:\/\/www.storevan.com\/pl\/#website","url":"https:\/\/www.storevan.com\/pl\/","name":"Store Van","description":"Zabudowy","potentialAction":[{"@type":"SearchAction","target":{"@type":"EntryPoint","urlTemplate":"https:\/\/www.storevan.com\/pl\/?s={search_term_string}"},"query-input":"required name=search_term_string"}],"inLanguage":"pl-PL"}]}},"_links":{"self":[{"href":"https:\/\/www.storevan.com\/pl\/wp-json\/wp\/v2\/pages\/16286"}],"collection":[{"href":"https:\/\/www.storevan.com\/pl\/wp-json\/wp\/v2\/pages"}],"about":[{"href":"https:\/\/www.storevan.com\/pl\/wp-json\/wp\/v2\/types\/page"}],"author":[{"embeddable":true,"href":"https:\/\/www.storevan.com\/pl\/wp-json\/wp\/v2\/users\/470"}],"replies":[{"embeddable":true,"href":"https:\/\/www.storevan.com\/pl\/wp-json\/wp\/v2\/comments?post=16286"}],"version-history":[{"count":6,"href":"https:\/\/www.storevan.com\/pl\/wp-json\/wp\/v2\/pages\/16286\/revisions"}],"predecessor-version":[{"id":91219,"href":"https:\/\/www.storevan.com\/pl\/wp-json\/wp\/v2\/pages\/16286\/revisions\/91219"}],"up":[{"embeddable":true,"href":"https:\/\/www.storevan.com\/pl\/wp-json\/wp\/v2\/pages\/8457"}],"wp:attachment":[{"href":"https:\/\/www.storevan.com\/pl\/wp-json\/wp\/v2\/media?parent=16286"}],"curies":[{"name":"wp","href":"https:\/\/api.w.org\/{rel}","templated":true}]}}