{"id":148625,"date":"2018-10-24T14:25:20","date_gmt":"2018-10-24T14:25:20","guid":{"rendered":"https:\/\/www.storevan.com\/?page_id=148625"},"modified":"2022-10-03T10:03:12","modified_gmt":"2022-10-03T10:03:12","slug":"volkswagen-caddy-cargo-l2-h1-professional","status":"publish","type":"page","link":"https:\/\/www.storevan.com\/pl\/wyposazanie-samochodow-dostawczych\/volkswagen-caddy-cargo-l2-h1-professional\/","title":{"rendered":"Volkswagen Caddy Cargo L2 H1 \u2013 Professional"},"content":{"rendered":"<h1 class=\"customblackTitleSmall\">Zabudowa do Caddy Cargo L2 H1<\/h1>\n<h2>Doskona\u0142e po\u0142\u0105czenie pojazdu i wyposa\u017cenia mobilnego warsztatu<\/h2>\n<p>Wyposa\u017cenie samochod\u00f3w dostawczych Caddy Cargo L2 H1. Przedstawiamy tutaj przyk\u0142ady wyposa\u017cenia do samochod\u00f3w dostawczych Volkswagen Caddy Cargo (Rozstaw osi 2970 mm).<\/p>\n<hr \/>\n<h4 class=\"bigTxt\">MASZ INN\u0104 WERSJ\u0118 CADDY CARGO? ZOBACZ INNE PRZYK\u0141ADY:<\/h4>\n<div class=\"filterMenu\">\n<div class=\"col-xs-12 col-sm-12 col-md-6 colFilter\">\n<div class=\"accordian\"><h3 class=\"toggle \"><a href=\"#\"><span class=\"arrow\"><\/span>L1 H1<\/a><\/h3><div class=\"toggle-content \" style=\"\">\n<ul>\n<li class=\"linkFilter\"><a title=\"Wyposa\u017cenie samochod\u00f3w dostawczych Caddy Cargo L1 H1 Safety\" href=\"https:\/\/www.storevan.com\/pl\/wyposazanie-samochodow-dostawczych\/volkswagen-caddy-cargo-l1-h1-safety\/\">Safety<\/a><\/li>\n<li class=\"linkFilter\"><a title=\"Wyposa\u017cenie samochod\u00f3w dostawczych Caddy Cargo L1 H1 Professional\" href=\"https:\/\/www.storevan.com\/pl\/wyposazanie-samochodow-dostawczych\/volkswagen-caddy-cargo-l1-h1-professional\/\">Professional<\/a><\/li>\n<li class=\"linkFilter\"><a title=\"Wyposa\u017cenie samochod\u00f3w dostawczych Caddy Cargo L1 H1 Mobile\" href=\"https:\/\/www.storevan.com\/pl\/wyposazanie-samochodow-dostawczych\/volkswagen-caddy-cargo-l1-h1-mobile\/\">Mobile<\/a><\/li>\n<li class=\"linkFilter\"><a title=\"Wyposa\u017cenie samochod\u00f3w dostawczych Caddy Cargo L1 H1 Floor Up\" href=\"https:\/\/www.storevan.com\/pl\/wyposazanie-samochodow-dostawczych\/volkswagen-caddy-cargo-l1-h1-floor-up\/\">Floor Up<\/a><\/li>\n<\/ul>\n<\/div><\/div>\n<\/div>\n<div class=\"col-xs-12 col-sm-12 col-md-6 colFilter\">\n<div class=\"accordian\"><h3 class=\"toggle \"><a href=\"#\"><span class=\"arrow\"><\/span>L2 H1 MAXI<\/a><\/h3><div class=\"toggle-content \" style=\"\">\n<ul>\n<li class=\"linkFilter\"><a title=\"Wyposa\u017cenie samochod\u00f3w dostawczych Caddy Cargo L2 H1 Safety\" href=\"https:\/\/www.storevan.com\/pl\/wyposazanie-samochodow-dostawczych\/volkswagen-caddy-cargo-l2-h1-safety\/\">Safety<\/a><\/li>\n<li class=\"linkFilter\">Professional<\/li>\n<li class=\"linkFilter\"><a title=\"Wyposa\u017cenie samochod\u00f3w dostawczych Caddy Cargo L2 H1 Mobile\" href=\"https:\/\/www.storevan.com\/pl\/wyposazanie-samochodow-dostawczych\/volkswagen-caddy-cargo-l2-h1-mobile\/\">Mobile<\/a><\/li>\n<li class=\"linkFilter\"><a title=\"Wyposa\u017cenie samochod\u00f3w dostawczych Caddy Cargo L2 H1 Floor Up\" href=\"https:\/\/www.storevan.com\/pl\/wyposazanie-samochodow-dostawczych\/volkswagen-caddy-cargo-l2-h1-floor-up\/\">Floor Up<\/a><\/li>\n<\/ul>\n<\/div><\/div>\n<\/div>\n<\/div>\n<hr \/>\n<div class=\"break\"><\/div>\n<div class=\"btnAllestimento\"><a class=\"btn btn-primary col-xs-12 col-md-3 text-left pull-left\" href=\"https:\/\/www.storevan.com\/pl\/zabudowy\/volkswagen\/caddy-cargo\/\"><i class=\"fa fa-angle-double-left\"><\/i> PLECY CADDY CARGO<\/a><a class=\"btn btn-primary col-xs-12 col-md-3 text-right pull-right\" href=\"https:\/\/www.storevan.com\/pl\/zabudowy\/volkswagen\/caddy-cargo\/scieny-i-podloga\/\">\u015aCIANY I POD\u0141OGA <i class=\"fa fa-angle-double-right\"><\/i><\/a><\/div>\n<div class=\"break\"><\/div>\n<p><strong>*Zestaw monta\u017cowy w zestawie<\/strong><\/p>\n<h3 class=\"bigTxt text-center txtGrey\">Kompletne Professional systemy do Caddy Cargo L2 H1 Maxi<\/h3>\n<div class=\"ts-gallery\"><div class=\"one_half\">\n<a href=\"https:\/\/www.storevan.com\/wp-content\/uploads\/veicoli\/volkswagen\/caddycargo2021\/CA-L2H1-P3.jpg\"><img decoding=\"async\" loading=\"lazy\" src=\"https:\/\/www.storevan.com\/wp-content\/uploads\/veicoli\/volkswagen\/caddycargo2021\/CA-L2H1-P3.jpg\" alt=\"Zabudowie Volkswagen Caddy Cargo Professional CA L2H1 P3\" width=\"800\" height=\"550\" class=\"aligncenter size-full wp-image-93558\" \/><\/a><br \/>\n<\/div><div class=\"one_half last\">\n<div class=\"txtBlue\">PRZYK\u0141AD CA L2H1 P2*<\/div>\n<p><strong>Przyk\u0142ad systemu sk\u0142adaj\u0105cego si\u0119 z:<\/strong><\/p>\n<table class=\"table\">\n<tbody>\n<tr>\n<td>1 x CA 1511 P9<br \/>\n1 x F22 SF CA20G1 A1 1S<br \/>\n2 x F22 FC V18025 10 00<br \/>\n4 x F22 FC V23389 00 00<br \/>\n2 x F22 FC V22735 00 00<\/td>\n<\/tr>\n<\/tbody>\n<\/table>\n<\/div><div class=\"clearboth\"><\/div>\n<\/div>\n<hr \/>\n<h3 class=\"bigTxt text-center txtGrey\">Przyk\u0142ady rega\u0142\u00f3w modu\u0142owych Professional do Caddy Cargo L2 H1 Maxi<\/h3>\n<div class=\"ts-gallery\">\n<div class=\"one_third\">\n<a href=\"https:\/\/www.storevan.com\/wp-content\/uploads\/veicoli\/volkswagen\/caddycargo2021\/CA-1511-P7.jpg\"><img decoding=\"async\" loading=\"lazy\" src=\"https:\/\/www.storevan.com\/wp-content\/uploads\/veicoli\/volkswagen\/caddycargo2021\/CA-1511-P7-350.jpg\" alt=\"Zabudowie Caddy Cargo CA 1511 P7\" width=\"800\" height=\"550\" class=\"aligncenter size-full wp-image-93570\" \/><\/a><\/p>\n<div class=\"txtBlue\">PRZYK\u0141AD<\/div>\n<table class=\"table\">\n<tbody>\n<tr>\n<td class=\"TESTOblu\">CA 1511 P7*<\/td>\n<td rowspan=\"2\"><img decoding=\"async\" loading=\"lazy\" class=\"alignnone size-full wp-image-62978\" src=\"https:\/\/www.storevan.com\/wp-content\/uploads\/2018\/02\/ZONE-23.jpg\" alt=\"ZONE-23\" width=\"120\" height=\"55\" \/><\/td>\n<\/tr>\n<tr class=\"border_topGrey\">\n<td>D=1524 G=365 W=1100 mm<\/td>\n<\/tr>\n<\/tbody>\n<\/table>\n<\/div><div class=\"one_third\">\n<a href=\"https:\/\/www.storevan.com\/wp-content\/uploads\/veicoli\/volkswagen\/caddycargo2021\/CA-1511-P8.jpg\"><img decoding=\"async\" loading=\"lazy\" src=\"https:\/\/www.storevan.com\/wp-content\/uploads\/veicoli\/volkswagen\/caddycargo2021\/CA-1511-P8-350.jpg\" alt=\"Zabudowie Caddy Cargo CA 1511 P8\" width=\"800\" height=\"550\" class=\"aligncenter size-full wp-image-93576\" \/><\/a><\/p>\n<div class=\"txtBlue\">PRZYK\u0141AD<\/div>\n<table class=\"table\">\n<tbody>\n<tr>\n<td class=\"TESTOblu\">CA 1511 P8*<\/td>\n<td rowspan=\"2\"><img decoding=\"async\" loading=\"lazy\" class=\"alignnone size-full wp-image-62978\" src=\"https:\/\/www.storevan.com\/wp-content\/uploads\/2018\/02\/ZONE-23.jpg\" alt=\"ZONE-23\" width=\"120\" height=\"55\" \/><\/td>\n<\/tr>\n<tr class=\"border_topGrey\">\n<td>D=1524 G=365 W=1050 mm<\/td>\n<\/tr>\n<\/tbody>\n<\/table>\n<\/div><div class=\"one_third last\">\n<a href=\"https:\/\/www.storevan.com\/wp-content\/uploads\/veicoli\/volkswagen\/caddycargo2021\/CA-1511-P9.jpg\"><img decoding=\"async\" loading=\"lazy\" src=\"https:\/\/www.storevan.com\/wp-content\/uploads\/veicoli\/volkswagen\/caddycargo2021\/CA-1511-P9-350.jpg\" alt=\"Zabudowie Caddy Cargo CA 1511 P9\" width=\"800\" height=\"550\" class=\"aligncenter size-full wp-image-93582\" \/><\/a><\/p>\n<div class=\"txtBlue\">PRZYK\u0141AD<\/div>\n<table class=\"table\">\n<tbody>\n<tr>\n<td class=\"TESTOblu\">CA 1511 P9*<\/td>\n<td rowspan=\"2\"><img decoding=\"async\" loading=\"lazy\" class=\"alignnone size-full wp-image-62978\" src=\"https:\/\/www.storevan.com\/wp-content\/uploads\/2018\/02\/ZONE-23.jpg\" alt=\"ZONE-23\" width=\"120\" height=\"55\" \/><\/td>\n<\/tr>\n<tr class=\"border_topGrey\">\n<td>D=1524 G=365 W=1050 mm<\/td>\n<\/tr>\n<\/tbody>\n<\/table>\n<\/div><div class=\"clearboth\"><\/div>\n<\/div>\n<hr noshade=\"noshade\" size=\"1\" \/>\n<div class=\"ts-gallery\">\n<div class=\"one_third\">\n<a href=\"https:\/\/www.storevan.com\/wp-content\/uploads\/veicoli\/volkswagen\/caddycargo2021\/CA-0711-P7.jpg\"><img decoding=\"async\" loading=\"lazy\" src=\"https:\/\/www.storevan.com\/wp-content\/uploads\/veicoli\/volkswagen\/caddycargo2021\/CA-0711-P7-350.jpg\" alt=\"Zabudowie Caddy Cargo CA 0711 P7\" width=\"800\" height=\"550\" class=\"aligncenter size-full wp-image-93588\" \/><\/a><\/p>\n<div class=\"txtBlue\">PRZYK\u0141AD<\/div>\n<table class=\"table\">\n<tbody>\n<tr>\n<td class=\"TESTOblu\">CA 0711 P7*<\/td>\n<td rowspan=\"2\"><img decoding=\"async\" loading=\"lazy\" class=\"alignnone size-full wp-image-62972\" src=\"https:\/\/www.storevan.com\/wp-content\/uploads\/2018\/02\/ZONE-5.jpg\" alt=\"ZONE-5\" width=\"120\" height=\"55\" \/><\/td>\n<\/tr>\n<tr class=\"border_topGrey\">\n<td>D=717 G=365 W=1100 mm<\/td>\n<\/tr>\n<\/tbody>\n<\/table>\n<\/div><div class=\"one_third\">\n<a href=\"https:\/\/www.storevan.com\/wp-content\/uploads\/veicoli\/volkswagen\/caddycargo2021\/CA-0711-P8.jpg\"><img decoding=\"async\" loading=\"lazy\" src=\"https:\/\/www.storevan.com\/wp-content\/uploads\/veicoli\/volkswagen\/caddycargo2021\/CA-0711-P8-350.jpg\" alt=\"Zabudowie Caddy Cargo CA 0711 P8\" width=\"800\" height=\"550\" class=\"aligncenter size-full wp-image-93594\" \/><\/a><\/p>\n<div class=\"txtBlue\">PRZYK\u0141AD<\/div>\n<table class=\"table\">\n<tbody>\n<tr>\n<td class=\"TESTOblu\">CA 0711 P8*<\/td>\n<td rowspan=\"2\"><img decoding=\"async\" loading=\"lazy\" class=\"alignnone size-full wp-image-62972\" src=\"https:\/\/www.storevan.com\/wp-content\/uploads\/2018\/02\/ZONE-5.jpg\" alt=\"ZONE-5\" width=\"120\" height=\"55\" \/><\/td>\n<\/tr>\n<tr class=\"border_topGrey\">\n<td>D=717 G=365 W=1100 mm<\/td>\n<\/tr>\n<\/tbody>\n<\/table>\n<\/div><div class=\"one_third last\">\n<a href=\"https:\/\/www.storevan.com\/wp-content\/uploads\/veicoli\/volkswagen\/caddycargo2021\/CA-0711-P9.jpg\"><img decoding=\"async\" loading=\"lazy\" src=\"https:\/\/www.storevan.com\/wp-content\/uploads\/veicoli\/volkswagen\/caddycargo2021\/CA-0711-P9-350.jpg\" alt=\"Zabudowie Caddy Cargo CA 0711 P9\" width=\"800\" height=\"550\" class=\"aligncenter size-full wp-image-93600\" \/><\/a><\/p>\n<div class=\"txtBlue\">PRZYK\u0141AD<\/div>\n<table class=\"table\">\n<tbody>\n<tr>\n<td class=\"TESTOblu\">CA 0711 P9*<\/td>\n<td rowspan=\"2\"><img decoding=\"async\" loading=\"lazy\" class=\"alignnone size-full wp-image-62972\" src=\"https:\/\/www.storevan.com\/wp-content\/uploads\/2018\/02\/ZONE-5.jpg\" alt=\"ZONE-5\" width=\"120\" height=\"55\" \/><\/td>\n<\/tr>\n<tr class=\"border_topGrey\">\n<td>D=717 G=365 W=1100 mm<\/td>\n<\/tr>\n<\/tbody>\n<\/table>\n<\/div><div class=\"clearboth\"><\/div>\n<\/div>\n<hr class=\"noColor\" \/>\n<p class=\"btn btnLink\" > Kliknij tutaj, aby dowiedzie\u0107 si\u0119 wi\u0119cej o systemach <strong><a title=\"Kliknij tutaj, aby dowiedzie\u0107 si\u0119 wi\u0119cej o systemach SAFETY, PROFESSIONAL, MOBILE\" href=\"https:\/\/www.storevan.com\/pl\/wyposazenia-wewnetrzne-do-samochodow-dostawczych\/\"style=\"margin-right:0;\">SAFETY, PROFESSIONAL, MOBILE<\/a> I <a href=\"https:\/\/www.storevan.com\/pl\/produkty\/podloga-podwyzszana\/\" title=\"Floor Up, System z szufladami pod pod\u0142og\u0105 i rega\u0142ami do samochod\u00f3w dostawczych ma\u0142ych i \u015brednich\">FLOOR UP<\/a><\/strong><\/p>\n<hr class=\"noColor\"\/>\n<div class=\"col-xs-12 col-sm-12 col-md-6\">\n<div class=\"text-center\"><a class=\"btn btn-download\" href=\"tel:+390424585455\"><i class=\"fa fa-phone\"><\/i> <span class=\"spanBtn\">ZADZWO\u0143 TERAZ<\/span><br \/>\nuzyskasz wszelkie informacje<\/a><\/div>\n<\/div>\n<div class=\"col-xs-12 col-sm-12 col-md-6\">\n<div class=\"text-center\"><a class=\"btn btn-download\" href=\"https:\/\/www.storevan.com\/wp-content\/uploads\/doc\/VOLKSWAGEN_CADDY_CARGO_2021_Equipamiento_Wyposazenie_StoreVan_espl.pdf\" target=\"_blank\" rel=\"noopener\"><i class=\"fa fa-download\"><\/i> <span class=\"spanBtn\">DOWNLOAD<\/span><br \/>\nKATALOG CADDY CARGO<\/a><\/div>\n<\/div>\n<div class=\"break\"><\/div>\n<hr class=\"noColor\" \/>\n<h4 class=\"bigTxt text-center txtBkOrange\"><i class=\"fa fa-envelope pull-left\"><\/i>CHCESZ WIEDZIE\u0106 WI\u0118CEJ?<\/h4>\n\n<div class=\"wpcf7 no-js\" id=\"wpcf7-f67676-o1\" lang=\"it-IT\" dir=\"ltr\">\n<div class=\"screen-reader-response\"><p role=\"status\" aria-live=\"polite\" aria-atomic=\"true\"><\/p> <ul><\/ul><\/div>\n<form action=\"\/pl\/wp-json\/wp\/v2\/pages\/148625#wpcf7-f67676-o1\" method=\"post\" class=\"wpcf7-form init\" aria-label=\"Modulo di contatto\" novalidate=\"novalidate\" data-status=\"init\">\n<div style=\"display: none;\">\n<input type=\"hidden\" name=\"_wpcf7\" value=\"67676\" \/>\n<input type=\"hidden\" name=\"_wpcf7_version\" value=\"5.7.7\" \/>\n<input type=\"hidden\" name=\"_wpcf7_locale\" value=\"it_IT\" \/>\n<input type=\"hidden\" name=\"_wpcf7_unit_tag\" value=\"wpcf7-f67676-o1\" \/>\n<input type=\"hidden\" name=\"_wpcf7_container_post\" value=\"0\" \/>\n<input type=\"hidden\" name=\"_wpcf7_posted_data_hash\" value=\"\" \/>\n<input type=\"hidden\" name=\"_wpcf7_recaptcha_response\" value=\"\" \/>\n<\/div>\n<span class=\"wpcf7-form-control-wrap url\" data-name=\"url\"><input type=\"hidden\" name=\"url\" size=\"40\" class=\"wpcf7-form-control wpcf7-hidden wpcf7dtx wpcf7dtx-hidden\" aria-invalid=\"false\" value=\"volkswagen-caddy-cargo-l2-h1-professional\" autocomplete=\"off\" \/><\/span>\n<p>Wype\u0142nij poni\u017csze pola, aby otrzyma\u0107 wi\u0119cej informacji. Nasz operator skontaktuje si\u0119 z\u00a0tob\u0105 najszybciej, jak to mo\u017cliwe (* pola obowi\u0105zkowe):\n<\/p>\n<div class=\"col-xs-12 col-md-6\">\n\t<p><span class='titoli'>Imi\u0119 (*)<\/span>\n\t<\/p>\n\t<p><span class=\"wpcf7-form-control-wrap\" data-name=\"your-name\"><input size=\"40\" class=\"wpcf7-form-control wpcf7-text wpcf7-validates-as-required form-control\" aria-required=\"true\" aria-invalid=\"false\" value=\"\" type=\"text\" name=\"your-name\" \/><\/span>\n\t<\/p>\n<\/div>\n<div class=\"col-xs-12 col-md-6\">\n\t<p><span class='titoli'>Nazwisko (*)<\/span>\n\t<\/p>\n\t<p><span class=\"wpcf7-form-control-wrap\" data-name=\"your-last-name\"><input size=\"40\" class=\"wpcf7-form-control wpcf7-text wpcf7-validates-as-required form-control\" aria-required=\"true\" aria-invalid=\"false\" value=\"\" type=\"text\" name=\"your-last-name\" \/><\/span>\n\t<\/p>\n<\/div>\n<div class=\"col-xs-12 col-md-6\">\n\t<p><span class='titoli'>Firma (*)<\/span>\n\t<\/p>\n\t<p><span class=\"wpcf7-form-control-wrap\" data-name=\"your-company\"><input size=\"40\" class=\"wpcf7-form-control wpcf7-text wpcf7-validates-as-required form-control\" aria-required=\"true\" aria-invalid=\"false\" value=\"\" type=\"text\" name=\"your-company\" \/><\/span>\n\t<\/p>\n<\/div>\n<div class=\"col-xs-12 col-md-6\">\n\t<p><span class='titoli'>Numer NIP<\/span>\n\t<\/p>\n\t<p><span class=\"wpcf7-form-control-wrap\" data-name=\"p-iva\"><input size=\"40\" class=\"wpcf7-form-control wpcf7-text form-control\" aria-invalid=\"false\" value=\"\" type=\"text\" name=\"p-iva\" \/><\/span>\n\t<\/p>\n<\/div>\n<div class=\"clearboth\">\n<\/div>\n<div class=\"col-xs-12 col-md-4\">\n\t<p><span class='titoli'>Kod pocztowy (*)<\/span>\n\t<\/p>\n\t<p><span class=\"wpcf7-form-control-wrap\" data-name=\"your-zip-code\"><input size=\"40\" class=\"wpcf7-form-control wpcf7-text wpcf7-validates-as-required form-control\" aria-required=\"true\" aria-invalid=\"false\" value=\"\" type=\"text\" name=\"your-zip-code\" \/><\/span>\n\t<\/p>\n<\/div>\n<div class=\"col-xs-12 col-md-4\">\n\t<p><span class='titoli'>Adres (*)<\/span>\n\t<\/p>\n\t<p><span class=\"wpcf7-form-control-wrap\" data-name=\"your-address\"><input size=\"40\" class=\"wpcf7-form-control wpcf7-text wpcf7-validates-as-required form-control\" aria-required=\"true\" aria-invalid=\"false\" value=\"\" type=\"text\" name=\"your-address\" \/><\/span>\n\t<\/p>\n<\/div>\n<div class=\"col-xs-12 col-md-4\">\n\t<p><span class='titoli'>Miasto (*)<\/span>\n\t<\/p>\n\t<p><span class=\"wpcf7-form-control-wrap\" data-name=\"your-Town\"><input size=\"40\" class=\"wpcf7-form-control wpcf7-text wpcf7-validates-as-required form-control\" aria-required=\"true\" aria-invalid=\"false\" value=\"\" type=\"text\" name=\"your-Town\" \/><\/span>\n\t<\/p>\n<\/div>\n<div class=\"clearboth\">\n<\/div>\n<div class=\"col-xs-12 col-md-6\">\n\t<p><span class='titoli'>email (*)<\/span>\n\t<\/p>\n\t<p><span class=\"wpcf7-form-control-wrap\" data-name=\"your-email\"><input size=\"40\" class=\"wpcf7-form-control wpcf7-text wpcf7-email wpcf7-validates-as-required wpcf7-validates-as-email form-control\" aria-required=\"true\" aria-invalid=\"false\" value=\"\" type=\"email\" name=\"your-email\" \/><\/span>\n\t<\/p>\n<\/div>\n<div class=\"col-xs-12 col-md-6\">\n\t<p><span class='titoli'>Telefon (*)<\/span>\n\t<\/p>\n\t<p><span class=\"wpcf7-form-control-wrap\" data-name=\"telefono\"><input size=\"40\" class=\"wpcf7-form-control wpcf7-text wpcf7-tel wpcf7-validates-as-required wpcf7-validates-as-tel form-control\" aria-required=\"true\" aria-invalid=\"false\" value=\"\" type=\"tel\" name=\"telefono\" \/><\/span>\n\t<\/p>\n<\/div>\n<div class=\"clearboth\">\n<\/div>\n<div class=\"col-xs-12 col-md-6\">\n\t<p><span class='titoli'>Przedmiot <\/span>\n\t<\/p>\n\t<p><span class=\"wpcf7-form-control-wrap\" data-name=\"oggetto\"><select class=\"wpcf7-form-control wpcf7-select wpcf7-validates-as-required\" aria-required=\"true\" aria-invalid=\"false\" name=\"oggetto\"><option value=\"Oferta\">Oferta<\/option><option value=\"Informacje techniczne\">Informacje techniczne<\/option><option value=\"Powo\u0142anie\">Powo\u0142anie<\/option><\/select><\/span>\n\t<\/p>\n<\/div>\n<div class=\"col-xs-12 col-md-6\">\n\t<p><br \/>\n<span class=\"titoli\"> <span class=\"wpcf7-form-control-wrap\" data-name=\"cliente\"><span class=\"wpcf7-form-control wpcf7-checkbox\"><span class=\"wpcf7-list-item first last\"><label><span class=\"wpcf7-list-item-label\">Jestem ju\u017c klientem<\/span><input type=\"checkbox\" name=\"cliente[]\" value=\"Jestem ju\u017c klientem\" \/><\/label><\/span><\/span><\/span><\/span>\n\t<\/p>\n<\/div>\n<div class=\"col-xs-12 col-md-12\">\n\t<p><span class='titoli'>Wiadomo\u015b\u0107 (*)<\/span>\n\t<\/p>\n\t<p><span class=\"wpcf7-form-control-wrap\" data-name=\"your-message\"><textarea cols=\"40\" rows=\"10\" class=\"wpcf7-form-control wpcf7-textarea wpcf7-validates-as-required form-control\" aria-required=\"true\" aria-invalid=\"false\" name=\"your-message\"><\/textarea><\/span>\n\t<\/p>\n<\/div>\n<div class=\"col-xs-12 col-md-12\">\n\t<p><small>Wprowadzone dane b\u0119d\u0105 traktowane z zachowaniem \u015bcis\u0142ej poufno\u015bci zgodnie z prawem i nasz\u0105 polityk\u0105 prywatno\u015bci. <a href=\"https:\/\/www.storevan.com\/pl\/privacy-policy\/\">Polityk\u0105 prywatno\u015bci<\/a><\/small>\n\t<\/p>\n\t<p><span class=\"wpcf7-form-control-wrap\" data-name=\"AccettazionePrivacy\"><span class=\"wpcf7-form-control wpcf7-acceptance\"><span class=\"wpcf7-list-item\"><input type=\"checkbox\" name=\"AccettazionePrivacy\" value=\"1\" aria-invalid=\"false\" \/><\/span><\/span><\/span> O\u015bwiadczam, \u017ce zapozna\u0142am si\u0119 z <a href=\"https:\/\/www.storevan.com\/pl\/privacy-policy\/\">polityk\u0105 prywatno\u015bci<\/a> i zgadzam si\u0119 na wykorzystanie moich danych osobowych w opisanych tam przypadkach.(*)(*)<br \/>\n\t<span class=\"wpcf7-form-control-wrap recaptcha\" data-name=\"recaptcha\"><span data-sitekey=\"6LdfM4AUAAAAAJjsAucux5WVNA3hsk5KP0a03T_n\" class=\"wpcf7-form-control g-recaptcha wpcf7-recaptcha\"><\/span>\r\n<noscript>\r\n\t<div class=\"grecaptcha-noscript\">\r\n\t\t<iframe src=\"https:\/\/www.google.com\/recaptcha\/api\/fallback?k=6LdfM4AUAAAAAJjsAucux5WVNA3hsk5KP0a03T_n\" frameborder=\"0\" scrolling=\"no\" width=\"310\" height=\"430\">\r\n\t\t<\/iframe>\r\n\t\t<textarea name=\"g-recaptcha-response\" rows=\"3\" cols=\"40\" placeholder=\"reCaptcha Response Here\">\r\n\t\t<\/textarea>\r\n\t<\/div>\r\n<\/noscript>\r\n<\/span>\n\t<\/p>\n<\/div>\n<hr class=\"noColor\" \/>\n<p><input class=\"wpcf7-form-control has-spinner wpcf7-submit\" type=\"submit\" value=\"Wy\u015blij\" \/>\n<\/p><div class=\"wpcf7-response-output\" aria-hidden=\"true\"><\/div>\n<\/form>\n<\/div>\n\n","protected":false},"excerpt":{"rendered":"<p>Zabudowa do Caddy Cargo L2 H1 Doskona\u0142e po\u0142\u0105czenie pojazdu i wyposa\u017cenia mobilnego warsztatu Wyposa\u017cenie samochod\u00f3w dostawczych Caddy Cargo L2 H1. Przedstawiamy tutaj przyk\u0142ady wyposa\u017cenia do samochod\u00f3w dostawczych Volkswagen Caddy Cargo.<\/p>\n","protected":false},"author":445,"featured_media":0,"parent":67888,"menu_order":0,"comment_status":"closed","ping_status":"closed","template":"","meta":[],"acf":[],"yoast_head":"<!-- This site is optimized with the Yoast SEO plugin v20.11 - https:\/\/yoast.com\/wordpress\/plugins\/seo\/ -->\n<title>Zabudowa do Volkswagen Caddy Cargo L2 H1 \u2013 Professional<\/title>\n<meta name=\"robots\" content=\"index, follow, max-snippet:-1, max-image-preview:large, max-video-preview:-1\" \/>\n<link rel=\"canonical\" href=\"https:\/\/www.storevan.com\/pl\/zabudowy\/volkswagen\/caddy\/\" \/>\n<meta property=\"og:locale\" content=\"pl_PL\" \/>\n<meta property=\"og:type\" content=\"article\" \/>\n<meta property=\"og:title\" content=\"Zabudowa do Volkswagen Caddy Cargo L2 H1 \u2013 Professional\" \/>\n<meta property=\"og:description\" content=\"Zabudowa do Caddy Cargo L2 H1 Doskona\u0142e po\u0142\u0105czenie pojazdu i wyposa\u017cenia mobilnego warsztatu Wyposa\u017cenie samochod\u00f3w dostawczych Caddy Cargo L2 H1. Przedstawiamy tutaj przyk\u0142ady wyposa\u017cenia do samochod\u00f3w dostawczych Volkswagen Caddy Cargo.\" \/>\n<meta property=\"og:url\" content=\"https:\/\/www.storevan.com\/pl\/zabudowy\/volkswagen\/caddy\/\" \/>\n<meta property=\"og:site_name\" content=\"Store Van\" \/>\n<meta property=\"article:modified_time\" content=\"2022-10-03T10:03:12+00:00\" \/>\n<meta property=\"og:image\" content=\"https:\/\/www.storevan.com\/wp-content\/uploads\/veicoli\/volkswagen\/caddycargo2021\/CA-L2H1-P3.jpg\" \/>\n<meta name=\"twitter:label1\" content=\"Szacowany czas czytania\" \/>\n\t<meta name=\"twitter:data1\" content=\"4 minuty\" \/>\n<script type=\"application\/ld+json\" class=\"yoast-schema-graph\">{\"@context\":\"https:\/\/schema.org\",\"@graph\":[{\"@type\":\"WebPage\",\"@id\":\"https:\/\/www.storevan.com\/pl\/wyposazanie-samochodow-dostawczych\/volkswagen-caddy-cargo-l2-h1-professional\/\",\"url\":\"https:\/\/www.storevan.com\/pl\/zabudowy\/volkswagen\/caddy\/\",\"name\":\"Zabudowa do Volkswagen Caddy Cargo L2 H1 \u2013 Professional\",\"isPartOf\":{\"@id\":\"https:\/\/www.storevan.com\/pl\/#website\"},\"datePublished\":\"2018-10-24T14:25:20+00:00\",\"dateModified\":\"2022-10-03T10:03:12+00:00\",\"breadcrumb\":{\"@id\":\"https:\/\/www.storevan.com\/pl\/zabudowy\/volkswagen\/caddy\/#breadcrumb\"},\"inLanguage\":\"pl-PL\",\"potentialAction\":[{\"@type\":\"ReadAction\",\"target\":[\"https:\/\/www.storevan.com\/pl\/zabudowy\/volkswagen\/caddy\/\"]}]},{\"@type\":\"BreadcrumbList\",\"@id\":\"https:\/\/www.storevan.com\/pl\/zabudowy\/volkswagen\/caddy\/#breadcrumb\",\"itemListElement\":[{\"@type\":\"ListItem\",\"position\":1,\"name\":\"Home\",\"item\":\"https:\/\/www.storevan.com\/pl\/\"},{\"@type\":\"ListItem\",\"position\":2,\"name\":\"Wyposa\u017canie samochod\u00f3w dostawczych\",\"item\":\"https:\/\/www.storevan.com\/pl\/wyposazanie-samochodow-dostawczych\/\"},{\"@type\":\"ListItem\",\"position\":3,\"name\":\"Volkswagen Caddy Cargo L2 H1 \u2013 Professional\"}]},{\"@type\":\"WebSite\",\"@id\":\"https:\/\/www.storevan.com\/pl\/#website\",\"url\":\"https:\/\/www.storevan.com\/pl\/\",\"name\":\"Store Van\",\"description\":\"Zabudowy\",\"potentialAction\":[{\"@type\":\"SearchAction\",\"target\":{\"@type\":\"EntryPoint\",\"urlTemplate\":\"https:\/\/www.storevan.com\/pl\/?s={search_term_string}\"},\"query-input\":\"required name=search_term_string\"}],\"inLanguage\":\"pl-PL\"}]}<\/script>\n<!-- \/ Yoast SEO plugin. -->","yoast_head_json":{"title":"Zabudowa do Volkswagen Caddy Cargo L2 H1 \u2013 Professional","robots":{"index":"index","follow":"follow","max-snippet":"max-snippet:-1","max-image-preview":"max-image-preview:large","max-video-preview":"max-video-preview:-1"},"canonical":"https:\/\/www.storevan.com\/pl\/zabudowy\/volkswagen\/caddy\/","og_locale":"pl_PL","og_type":"article","og_title":"Zabudowa do Volkswagen Caddy Cargo L2 H1 \u2013 Professional","og_description":"Zabudowa do Caddy Cargo L2 H1 Doskona\u0142e po\u0142\u0105czenie pojazdu i wyposa\u017cenia mobilnego warsztatu Wyposa\u017cenie samochod\u00f3w dostawczych Caddy Cargo L2 H1. Przedstawiamy tutaj przyk\u0142ady wyposa\u017cenia do samochod\u00f3w dostawczych Volkswagen Caddy Cargo.","og_url":"https:\/\/www.storevan.com\/pl\/zabudowy\/volkswagen\/caddy\/","og_site_name":"Store Van","article_modified_time":"2022-10-03T10:03:12+00:00","og_image":[{"url":"https:\/\/www.storevan.com\/wp-content\/uploads\/veicoli\/volkswagen\/caddycargo2021\/CA-L2H1-P3.jpg"}],"twitter_misc":{"Szacowany czas czytania":"4 minuty"},"schema":{"@context":"https:\/\/schema.org","@graph":[{"@type":"WebPage","@id":"https:\/\/www.storevan.com\/pl\/wyposazanie-samochodow-dostawczych\/volkswagen-caddy-cargo-l2-h1-professional\/","url":"https:\/\/www.storevan.com\/pl\/zabudowy\/volkswagen\/caddy\/","name":"Zabudowa do Volkswagen Caddy Cargo L2 H1 \u2013 Professional","isPartOf":{"@id":"https:\/\/www.storevan.com\/pl\/#website"},"datePublished":"2018-10-24T14:25:20+00:00","dateModified":"2022-10-03T10:03:12+00:00","breadcrumb":{"@id":"https:\/\/www.storevan.com\/pl\/zabudowy\/volkswagen\/caddy\/#breadcrumb"},"inLanguage":"pl-PL","potentialAction":[{"@type":"ReadAction","target":["https:\/\/www.storevan.com\/pl\/zabudowy\/volkswagen\/caddy\/"]}]},{"@type":"BreadcrumbList","@id":"https:\/\/www.storevan.com\/pl\/zabudowy\/volkswagen\/caddy\/#breadcrumb","itemListElement":[{"@type":"ListItem","position":1,"name":"Home","item":"https:\/\/www.storevan.com\/pl\/"},{"@type":"ListItem","position":2,"name":"Wyposa\u017canie samochod\u00f3w dostawczych","item":"https:\/\/www.storevan.com\/pl\/wyposazanie-samochodow-dostawczych\/"},{"@type":"ListItem","position":3,"name":"Volkswagen Caddy Cargo L2 H1 \u2013 Professional"}]},{"@type":"WebSite","@id":"https:\/\/www.storevan.com\/pl\/#website","url":"https:\/\/www.storevan.com\/pl\/","name":"Store Van","description":"Zabudowy","potentialAction":[{"@type":"SearchAction","target":{"@type":"EntryPoint","urlTemplate":"https:\/\/www.storevan.com\/pl\/?s={search_term_string}"},"query-input":"required name=search_term_string"}],"inLanguage":"pl-PL"}]}},"_links":{"self":[{"href":"https:\/\/www.storevan.com\/pl\/wp-json\/wp\/v2\/pages\/148625"}],"collection":[{"href":"https:\/\/www.storevan.com\/pl\/wp-json\/wp\/v2\/pages"}],"about":[{"href":"https:\/\/www.storevan.com\/pl\/wp-json\/wp\/v2\/types\/page"}],"author":[{"embeddable":true,"href":"https:\/\/www.storevan.com\/pl\/wp-json\/wp\/v2\/users\/445"}],"replies":[{"embeddable":true,"href":"https:\/\/www.storevan.com\/pl\/wp-json\/wp\/v2\/comments?post=148625"}],"version-history":[{"count":4,"href":"https:\/\/www.storevan.com\/pl\/wp-json\/wp\/v2\/pages\/148625\/revisions"}],"predecessor-version":[{"id":149350,"href":"https:\/\/www.storevan.com\/pl\/wp-json\/wp\/v2\/pages\/148625\/revisions\/149350"}],"up":[{"embeddable":true,"href":"https:\/\/www.storevan.com\/pl\/wp-json\/wp\/v2\/pages\/67888"}],"wp:attachment":[{"href":"https:\/\/www.storevan.com\/pl\/wp-json\/wp\/v2\/media?parent=148625"}],"curies":[{"name":"wp","href":"https:\/\/api.w.org\/{rel}","templated":true}]}}