{"id":13407,"date":"2015-12-14T09:48:07","date_gmt":"2015-12-14T08:48:07","guid":{"rendered":"https:\/\/www.storevan.com\/pl\/zabudowy\/citroen\/"},"modified":"2019-03-18T15:51:04","modified_gmt":"2019-03-18T15:51:04","slug":"citroen","status":"publish","type":"page","link":"https:\/\/www.storevan.com\/pl\/zabudowy\/citroen\/","title":{"rendered":"Citro\u00ebn"},"content":{"rendered":"<h1 class=\"customblackTitleSmall\">Zabudowy do Citro\u00ebn<\/h1>\n<h2>Wyposa\u017cenie samochod\u00f3w serwisowych do Citro\u00ebn<\/h2>\n<p><img decoding=\"async\" loading=\"lazy\" class=\"lazyloaded alignright wp-image-43683 size-full\" title=\"Zabudowy do Citro\u00ebn\" src=\"https:\/\/www.storevan.com\/wp-content\/uploads\/2017\/01\/HOME1-Allestimenti-CITROEN.png\" alt=\"Zabudowy do Citro\u00ebn\" width=\"116\" height=\"105\" data-lazy-src=\"https:\/\/www.storevan.com\/wp-content\/uploads\/2017\/01\/HOME1-Allestimenti-CITROEN.png\" data-was-processed=\"true\" \/><br \/>\nStore Van produkuje <strong>zabudowy <\/strong>do samochod\u00f3w serwisowych <strong>Citro\u00ebn<\/strong>: Pod\u0142oga i panele \u015bcienne; baga\u017cnik dachowy z drabin\u0161 lub bez, a tak\u017ce wyposa\u017cenie serwisowe vana dostosowane do Twoich zawodowych potrzeb.<\/p>\n<h3 class=\"customblackTitleExtraSmall\">WYBIERZ MODEL SAMOCHODU DOSTAWCZEGO:<\/h3>\n<div class=\"one_fourth\">\n<p class=\"text-center\"><strong>NEMO\u00a02007<\/strong><\/p>\n<hr class=\"hidden-xs hidden-sm\"\/>\n<a href=\"https:\/\/www.storevan.com\/pl\/zabudowy\/citroen\/nemo\/\"  class=\"txtOrange\" title=\"Zabudowy Nemo\"><img decoding=\"async\" loading=\"lazy\" class=\"aligncenter size-full wp-image-40149\" src=\"https:\/\/www.storevan.com\/wp-content\/uploads\/2015\/12\/Allestimento-furgoni-Citroen-Nemo-2007-1.jpg\" alt=\"Zabudowy do Citro\u00ebn Nemo\" width=\"350\" height=\"220\" srcset=\"https:\/\/www.storevan.com\/wp-content\/uploads\/2015\/12\/Allestimento-furgoni-Citroen-Nemo-2007-1.jpg 350w, https:\/\/www.storevan.com\/wp-content\/uploads\/2015\/12\/Allestimento-furgoni-Citroen-Nemo-2007-1-300x189.jpg 300w\" sizes=\"(max-width: 350px) 100vw, 350px\" \/><br \/>\nZabudowy Nemo <i class=\"fa fa-angle-double-right\"><\/i><\/a><br \/>\n<a href=\"https:\/\/www.storevan.com\/pl\/zabudowy\/citroen\/nemo\/scieny-podloga\/\" class=\"txtOrange\" title=\"Pod\u0142oga i panele Nemo\">Pod\u0142oga i panele  <i class=\"fa fa-angle-double-right\"><\/i><\/a><br \/>\n<a href=\"https:\/\/www.storevan.com\/pl\/zabudowy\/citroen\/nemo\/bagazniki-dachowe\/\" class=\"txtOrange\" title=\"Baga\u017cniki i uchwyty do drabiny Nemo\">Baga\u017cniki i uchwyty do drabiny <i class=\"fa fa-angle-double-right\"><\/i><\/a> <\/p>\n<hr noshade=\"noshade\" size=\"1\" class=\"visible-xs\" \/>\n<\/div>\n<div class=\"one_fourth\">\n<p class=\"text-center\"><strong>BERLINGO 2018<\/strong><\/p>\n<hr class=\"hidden-xs hidden-sm\"\/>\n<a href=\"https:\/\/www.storevan.com\/pl\/zabudowy\/citroen\/berlingo\/\"  class=\"txtOrange\" title=\"Zabudowy Berlingo\"><img decoding=\"async\" loading=\"lazy\" src=\"https:\/\/www.storevan.com\/wp-content\/uploads\/2019\/03\/Citroen-Berlingo-2018.jpg\" alt=\"Zabudowy do Citro\u00ebn Berlingo\" width=\"350\" height=\"220\" class=\"aligncenter size-full wp-image-99301\" srcset=\"https:\/\/www.storevan.com\/wp-content\/uploads\/2019\/03\/Citroen-Berlingo-2018.jpg 350w, https:\/\/www.storevan.com\/wp-content\/uploads\/2019\/03\/Citroen-Berlingo-2018-300x189.jpg 300w\" sizes=\"(max-width: 350px) 100vw, 350px\" \/><br \/>\nZabudowy Berlingo <i class=\"fa fa-angle-double-right\"><\/i><\/a><br \/>\n<a href=\"https:\/\/www.storevan.com\/pl\/zabudowy\/citroen\/berlingo\/scieny-podloga\/\" class=\"txtOrange\" title=\"Pod\u0142oga i panele Berlingo\">Pod\u0142oga i panele  <i class=\"fa fa-angle-double-right\"><\/i><\/a><br \/>\n<a href=\"https:\/\/www.storevan.com\/pl\/zabudowy\/citroen\/berlingo\/bagazniki-dachowe\/\" class=\"txtOrange\" title=\"Baga\u017cniki i uchwyty do drabiny Berlingo\">Baga\u017cniki i uchwyty do drabiny <i class=\"fa fa-angle-double-right\"><\/i><\/a> <\/p>\n<hr noshade=\"noshade\" size=\"1\" class=\"visible-xs\" \/>\n<\/div>\n<div class=\"one_fourth\">\n<p class=\"text-center\"><strong>JUMPER\u00a02014<\/strong><\/p>\n<hr class=\"hidden-xs hidden-sm\"\/>\n<a href=\"https:\/\/www.storevan.com\/pl\/zabudowy\/citroen\/jumper\/\" class=\"txtOrange\" title=\"Zabudowy Jumper\"><img decoding=\"async\" loading=\"lazy\" class=\"aligncenter size-full wp-image-40143\" src=\"https:\/\/www.storevan.com\/wp-content\/uploads\/2015\/12\/Allestimento-furgoni-Citroen-Jumper-2015-1.jpg\" alt=\"Zabudowy do Citro\u00ebn Jumper\" width=\"350\" height=\"220\" srcset=\"https:\/\/www.storevan.com\/wp-content\/uploads\/2015\/12\/Allestimento-furgoni-Citroen-Jumper-2015-1.jpg 350w, https:\/\/www.storevan.com\/wp-content\/uploads\/2015\/12\/Allestimento-furgoni-Citroen-Jumper-2015-1-300x189.jpg 300w\" sizes=\"(max-width: 350px) 100vw, 350px\" \/><br \/>\nZabudowy Jumper <i class=\"fa fa-angle-double-right\"><\/i><\/a><br \/>\n<a href=\"https:\/\/www.storevan.com\/pl\/zabudowy\/citroen\/jumper\/scieny-podloga\/\" class=\"txtOrange\" title=\"Pod\u0142oga i panele Jumper\">Pod\u0142oga i panele  <i class=\"fa fa-angle-double-right\"><\/i><\/a><br \/>\n<a href=\"https:\/\/www.storevan.com\/pl\/zabudowy\/citroen\/jumper\/bagazniki-dachowe\/\" class=\"txtOrange\" title=\"Baga\u017cniki i uchwyty do drabiny Jumper\">Baga\u017cniki i uchwyty do drabiny <i class=\"fa fa-angle-double-right\"><\/i><\/a> <\/p>\n<hr noshade=\"noshade\" size=\"1\" class=\"visible-xs\" \/>\n<\/div>\n<div class=\"one_fourth last\">\n<p class=\"text-center\"><strong>JUMPY\u00a02016<\/strong><\/p>\n<hr class=\"hidden-xs hidden-sm\"\/>\n<a href=\"https:\/\/www.storevan.com\/pl\/zabudowy\/citroen\/jumpy-2016\/\" class=\"txtOrange\" title=\"Zabudowy Jumpy \"><img decoding=\"async\" loading=\"lazy\" class=\"aligncenter size-full wp-image-43113\" src=\"https:\/\/www.storevan.com\/wp-content\/uploads\/2015\/12\/Allestimento-furgoni-Citroen-Jumpy-2016.jpg\" alt=\"Zabudowy do Citro\u00ebn Jumpy 2016\" width=\"350\" height=\"220\" srcset=\"https:\/\/www.storevan.com\/wp-content\/uploads\/2015\/12\/Allestimento-furgoni-Citroen-Jumpy-2016.jpg 350w, https:\/\/www.storevan.com\/wp-content\/uploads\/2015\/12\/Allestimento-furgoni-Citroen-Jumpy-2016-300x189.jpg 300w\" sizes=\"(max-width: 350px) 100vw, 350px\" \/><br \/>\nZabudowy Jumpy  <i class=\"fa fa-angle-double-right\"><\/i><\/a><br \/>\n<a href=\"https:\/\/www.storevan.com\/pl\/zabudowy\/citroen\/jumpy-2016\/scieny-podloga\/\" class=\"txtOrange\" title=\"Pod\u0142oga i panele Jumpy \">Pod\u0142oga i panele  <i class=\"fa fa-angle-double-right\"><\/i><\/a><br \/>\n<a href=\"https:\/\/www.storevan.com\/pl\/zabudowy\/citroen\/jumpy-2016\/bagazniki\/\" class=\"txtOrange\" title=\"Baga\u017cniki i uchwyty do drabiny Jumpy \">Baga\u017cniki i uchwyty do drabiny <i class=\"fa fa-angle-double-right\"><\/i><\/a> <\/p>\n<hr noshade=\"noshade\" size=\"1\" class=\"visible-xs\" \/>\n<\/div><div class=\"clearboth\"><\/div>\n","protected":false},"excerpt":{"rendered":"<p>Zabudowy do Citro\u00ebn Wyposa\u017cenie samochod\u00f3w serwisowych do Citro\u00ebn Store Van produkuje zabudowy do samochod\u00f3w serwisowych Citro\u00ebn: Pod\u0142oga i panele \u015bcienne; baga\u017cnik dachowy z drabin\u0161 lub bez, a tak\u017ce wyposa\u017cenie serwisowe.<\/p>\n","protected":false},"author":470,"featured_media":0,"parent":8457,"menu_order":0,"comment_status":"closed","ping_status":"closed","template":"","meta":[],"acf":[],"yoast_head":"<!-- This site is optimized with the Yoast SEO plugin v20.11 - https:\/\/yoast.com\/wordpress\/plugins\/seo\/ -->\n<title>Zabudowy do samochod\u00f3w serwisowych Citro\u00ebn<\/title>\n<meta name=\"description\" content=\"zabudowy Citroen. Store Van produkuje zabudowy do samochod\u00f3w serwisowych Citroena: Pod\u0142oga i panele \u015bcienne; baga\u017cnik dachowy z drabin\u0105 lub bez, ...\" \/>\n<meta name=\"robots\" content=\"index, follow, max-snippet:-1, max-image-preview:large, max-video-preview:-1\" \/>\n<link rel=\"canonical\" href=\"https:\/\/www.storevan.com\/allestimenti-veicoli-commerciali\/furgoni-citroen\/\" \/>\n<meta property=\"og:locale\" content=\"pl_PL\" \/>\n<meta property=\"og:type\" content=\"article\" \/>\n<meta property=\"og:title\" content=\"Zabudowy do samochod\u00f3w serwisowych Citro\u00ebn\" \/>\n<meta property=\"og:description\" content=\"zabudowy Citroen. Store Van produkuje zabudowy do samochod\u00f3w serwisowych Citroena: Pod\u0142oga i panele \u015bcienne; baga\u017cnik dachowy z drabin\u0105 lub bez, ...\" \/>\n<meta property=\"og:url\" content=\"https:\/\/www.storevan.com\/allestimenti-veicoli-commerciali\/furgoni-citroen\/\" \/>\n<meta property=\"og:site_name\" content=\"Store Van\" \/>\n<meta property=\"article:modified_time\" content=\"2019-03-18T15:51:04+00:00\" \/>\n<meta property=\"og:image\" content=\"https:\/\/www.storevan.com\/wp-content\/uploads\/2017\/01\/HOME1-Allestimenti-CITROEN.png\" \/>\n<meta name=\"twitter:label1\" content=\"Szacowany czas czytania\" \/>\n\t<meta name=\"twitter:data1\" content=\"1 minuta\" \/>\n<script type=\"application\/ld+json\" class=\"yoast-schema-graph\">{\"@context\":\"https:\/\/schema.org\",\"@graph\":[{\"@type\":\"WebPage\",\"@id\":\"https:\/\/www.storevan.com\/allestimenti-veicoli-commerciali\/furgoni-citroen\/\",\"url\":\"https:\/\/www.storevan.com\/allestimenti-veicoli-commerciali\/furgoni-citroen\/\",\"name\":\"Zabudowy do samochod\u00f3w serwisowych Citro\u00ebn\",\"isPartOf\":{\"@id\":\"https:\/\/www.storevan.com\/pl\/#website\"},\"datePublished\":\"2015-12-14T08:48:07+00:00\",\"dateModified\":\"2019-03-18T15:51:04+00:00\",\"description\":\"zabudowy Citroen. Store Van produkuje zabudowy do samochod\u00f3w serwisowych Citroena: Pod\u0142oga i panele \u015bcienne; baga\u017cnik dachowy z drabin\u0105 lub bez, ...\",\"breadcrumb\":{\"@id\":\"https:\/\/www.storevan.com\/allestimenti-veicoli-commerciali\/furgoni-citroen\/#breadcrumb\"},\"inLanguage\":\"pl-PL\",\"potentialAction\":[{\"@type\":\"ReadAction\",\"target\":[\"https:\/\/www.storevan.com\/allestimenti-veicoli-commerciali\/furgoni-citroen\/\"]}]},{\"@type\":\"BreadcrumbList\",\"@id\":\"https:\/\/www.storevan.com\/allestimenti-veicoli-commerciali\/furgoni-citroen\/#breadcrumb\",\"itemListElement\":[{\"@type\":\"ListItem\",\"position\":1,\"name\":\"Home\",\"item\":\"https:\/\/www.storevan.com\/pl\/\"},{\"@type\":\"ListItem\",\"position\":2,\"name\":\"Zabudowy\",\"item\":\"https:\/\/www.storevan.com\/allestimenti-veicoli-commerciali\/\"},{\"@type\":\"ListItem\",\"position\":3,\"name\":\"Citro\u00ebn\"}]},{\"@type\":\"WebSite\",\"@id\":\"https:\/\/www.storevan.com\/pl\/#website\",\"url\":\"https:\/\/www.storevan.com\/pl\/\",\"name\":\"Store Van\",\"description\":\"Zabudowy\",\"potentialAction\":[{\"@type\":\"SearchAction\",\"target\":{\"@type\":\"EntryPoint\",\"urlTemplate\":\"https:\/\/www.storevan.com\/pl\/?s={search_term_string}\"},\"query-input\":\"required name=search_term_string\"}],\"inLanguage\":\"pl-PL\"}]}<\/script>\n<!-- \/ Yoast SEO plugin. -->","yoast_head_json":{"title":"Zabudowy do samochod\u00f3w serwisowych Citro\u00ebn","description":"zabudowy Citroen. Store Van produkuje zabudowy do samochod\u00f3w serwisowych Citroena: Pod\u0142oga i panele \u015bcienne; baga\u017cnik dachowy z drabin\u0105 lub bez, ...","robots":{"index":"index","follow":"follow","max-snippet":"max-snippet:-1","max-image-preview":"max-image-preview:large","max-video-preview":"max-video-preview:-1"},"canonical":"https:\/\/www.storevan.com\/allestimenti-veicoli-commerciali\/furgoni-citroen\/","og_locale":"pl_PL","og_type":"article","og_title":"Zabudowy do samochod\u00f3w serwisowych Citro\u00ebn","og_description":"zabudowy Citroen. Store Van produkuje zabudowy do samochod\u00f3w serwisowych Citroena: Pod\u0142oga i panele \u015bcienne; baga\u017cnik dachowy z drabin\u0105 lub bez, ...","og_url":"https:\/\/www.storevan.com\/allestimenti-veicoli-commerciali\/furgoni-citroen\/","og_site_name":"Store Van","article_modified_time":"2019-03-18T15:51:04+00:00","og_image":[{"url":"https:\/\/www.storevan.com\/wp-content\/uploads\/2017\/01\/HOME1-Allestimenti-CITROEN.png"}],"twitter_misc":{"Szacowany czas czytania":"1 minuta"},"schema":{"@context":"https:\/\/schema.org","@graph":[{"@type":"WebPage","@id":"https:\/\/www.storevan.com\/allestimenti-veicoli-commerciali\/furgoni-citroen\/","url":"https:\/\/www.storevan.com\/allestimenti-veicoli-commerciali\/furgoni-citroen\/","name":"Zabudowy do samochod\u00f3w serwisowych Citro\u00ebn","isPartOf":{"@id":"https:\/\/www.storevan.com\/pl\/#website"},"datePublished":"2015-12-14T08:48:07+00:00","dateModified":"2019-03-18T15:51:04+00:00","description":"zabudowy Citroen. Store Van produkuje zabudowy do samochod\u00f3w serwisowych Citroena: Pod\u0142oga i panele \u015bcienne; baga\u017cnik dachowy z drabin\u0105 lub bez, ...","breadcrumb":{"@id":"https:\/\/www.storevan.com\/allestimenti-veicoli-commerciali\/furgoni-citroen\/#breadcrumb"},"inLanguage":"pl-PL","potentialAction":[{"@type":"ReadAction","target":["https:\/\/www.storevan.com\/allestimenti-veicoli-commerciali\/furgoni-citroen\/"]}]},{"@type":"BreadcrumbList","@id":"https:\/\/www.storevan.com\/allestimenti-veicoli-commerciali\/furgoni-citroen\/#breadcrumb","itemListElement":[{"@type":"ListItem","position":1,"name":"Home","item":"https:\/\/www.storevan.com\/pl\/"},{"@type":"ListItem","position":2,"name":"Zabudowy","item":"https:\/\/www.storevan.com\/allestimenti-veicoli-commerciali\/"},{"@type":"ListItem","position":3,"name":"Citro\u00ebn"}]},{"@type":"WebSite","@id":"https:\/\/www.storevan.com\/pl\/#website","url":"https:\/\/www.storevan.com\/pl\/","name":"Store Van","description":"Zabudowy","potentialAction":[{"@type":"SearchAction","target":{"@type":"EntryPoint","urlTemplate":"https:\/\/www.storevan.com\/pl\/?s={search_term_string}"},"query-input":"required name=search_term_string"}],"inLanguage":"pl-PL"}]}},"_links":{"self":[{"href":"https:\/\/www.storevan.com\/pl\/wp-json\/wp\/v2\/pages\/13407"}],"collection":[{"href":"https:\/\/www.storevan.com\/pl\/wp-json\/wp\/v2\/pages"}],"about":[{"href":"https:\/\/www.storevan.com\/pl\/wp-json\/wp\/v2\/types\/page"}],"author":[{"embeddable":true,"href":"https:\/\/www.storevan.com\/pl\/wp-json\/wp\/v2\/users\/470"}],"replies":[{"embeddable":true,"href":"https:\/\/www.storevan.com\/pl\/wp-json\/wp\/v2\/comments?post=13407"}],"version-history":[{"count":8,"href":"https:\/\/www.storevan.com\/pl\/wp-json\/wp\/v2\/pages\/13407\/revisions"}],"predecessor-version":[{"id":99334,"href":"https:\/\/www.storevan.com\/pl\/wp-json\/wp\/v2\/pages\/13407\/revisions\/99334"}],"up":[{"embeddable":true,"href":"https:\/\/www.storevan.com\/pl\/wp-json\/wp\/v2\/pages\/8457"}],"wp:attachment":[{"href":"https:\/\/www.storevan.com\/pl\/wp-json\/wp\/v2\/media?parent=13407"}],"curies":[{"name":"wp","href":"https:\/\/api.w.org\/{rel}","templated":true}]}}