{"id":122106,"date":"2015-12-02T14:49:39","date_gmt":"2015-12-02T14:49:39","guid":{"rendered":"https:\/\/www.storevan.com\/?page_id=122106"},"modified":"2021-12-01T10:44:41","modified_gmt":"2021-12-01T10:44:41","slug":"podlogi-i-panele-wewnetrzne-z-aluminium-do-samochodow-dostawczych","status":"publish","type":"page","link":"https:\/\/www.storevan.com\/pl\/produkty\/podlogi-i-panele-wewnetrzne-z-aluminium-do-samochodow-dostawczych\/","title":{"rendered":"Pod\u0142ogi i panele wewn\u0119trzne z aluminium do samochod\u00f3w dostawczych"},"content":{"rendered":"<h1 class=\"customblackTitleSmall\">POD\u0141OGI I PANELE WEWN\u0118TRZNE Z ALUMINIUM DO SAMOCHOD\u00d3W DOSTAWCZYCH<\/h1>\n<h2>Zwi\u0119ksz ochron\u0119 przestrzeni za\u0142adunkowej przy u\u017cyciu \u015bcian i pod\u0142\u00f3g z aluminium do samochod\u00f3w dostawczych Store Van<\/h2>\n<div class=\"row\">\n<div class=\"col-xs-12 col-sm-12 col-md-6\">\n<div class=\"video\"><iframe loading=\"lazy\" width=\"560\" height=\"315\" src=\"https:\/\/www.youtube.com\/embed\/cp9qjtzJVys\" allow=\"accelerometer; autoplay; encrypted-media; gyroscope; picture-in-picture\" allowfullscreen><\/iframe><\/div>\n<\/p><\/div>\n<div class=\"col-xs-12 col-sm-12 col-md-6\">\n\t\t<strong><a href=\"https:\/\/www.storevan.com\/pl\/zabudowy\/podloga-panele-scienne\/\" title=\"Pod\u0142ogi i panele do samochod\u00f3w dostawczych\">Pod\u0142ogi i panele wewn\u0119trzne<\/a> z aluminium do samochod\u00f3w dostawczych<\/strong> maj\u0105 zasadnicze znaczenie nie tylko jako zwi\u0119kszenie ochrony, ale r\u00f3wnie\u017c przed\u0142u\u017cenie \u017cywotno\u015bci Twojego pojazdu. Store Van oferuje szerok\u0105 gam\u0119 <strong>\u015bcian i pod\u0142\u00f3g z aluminium<\/strong> do samochod\u00f3w dostawczych, dopracowanych w najmniejszych szczeg\u00f3\u0142ach, aby doskonale dostosowywa\u0107 si\u0119 do pod\u0142\u00f3g i do \u015bcian bocznych w rozmaitych pojazdach dost\u0119pnych na rynku. Wyb\u00f3r wewn\u0119trznych pod\u0142\u00f3g i paneli z aluminium, zamiast tradycyjnych <strong><a href=\"https:\/\/www.storevan.com\/pl\/produkty\/sciany-podlogi\/\">drewnianych pod\u0142\u00f3g<\/a><\/strong> i <strong><a href=\"https:\/\/www.storevan.com\/pl\/produkty\/sciany-podlogi\/#pannellature\">\u015bcianek polipropylenowych<\/a><\/strong>, pozwala na cz\u0119sty transport ci\u0119\u017ckich \u0142adunk\u00f3w z r\u00f3wnoczesn\u0105 gwarancj\u0105 wysokiej wytrzyma\u0142o\u015bci i trwa\u0142o\u015bci.\n\t<\/div>\n<\/div>\n<div class=\"break\"><\/div>\n<hr class=\"noColor\" style=\"display: initial;\">\n<h3 class=\"bigTxt customblackTitleExtraSmall\">Charakterystyka:<\/h3>\n<div class=\"col-xs-12 col-sm-12 col-md-6\">\n<ul class=\"listDalia\" style=\"margin:0\">\n<li><i class=\"fa fa-angle-double-right numVan\"><\/i> <span class=\"txtBlack\">P\u0142yty aluminiowe pierwszego gatunku<\/span><\/li>\n<li><i class=\"fa fa-angle-double-right numVan\"><\/i> <span class=\"txtBlack\">Doskona\u0142a formowalno\u015b\u0107<\/span><\/li>\n<\/ul><\/div>\n<div class=\"col-xs-12 col-sm-12 col-md-6\">\n<ul class=\"listDalia\" style=\"margin:0\">\n<li><i class=\"fa fa-angle-double-right numVan\"><\/i> <span class=\"txtBlack\">Wysoka odporno\u015b\u0107 na korozj\u0119, uderzenia i uszkodzenia<\/span><\/li>\n<li><i class=\"fa fa-angle-double-right numVan\"><\/i> <span class=\"txtBlack\">Mocowanie akcesori\u00f3w z wykorzystaniem istniej\u0105cych ju\u017c otwor\u00f3w<\/span><\/li>\n<\/ul><\/div>\n<div class=\"break\"><\/div>\n<hr class=\"noColor\" style=\"display: initial;\">\n<div class=\"row\">\n<div class=\"container\" style=\"padding: 0;\">\n<div class=\"col-xs-12 col-sm-12 col-md-5 pull-right\">\n\t\t\t<a href=\"https:\/\/www.storevan.com\/wp-content\/uploads\/2020\/12\/Pianali-per-furgoni-in-alluminio.jpg\" data-lightbox=\"Aluminiowe pod\u0142ogi do samochod\u00f3w dostawczych\" data-title=\"Aluminiowe pod\u0142ogi do samochod\u00f3w dostawczych\"><img decoding=\"async\" loading=\"lazy\" src=\"https:\/\/www.storevan.com\/wp-content\/uploads\/2020\/12\/Pianali-per-furgoni-in-alluminio.jpg\" alt=\"Aluminiowe pod\u0142ogi do samochod\u00f3w dostawczych\" width=\"1200\" height=\"655\" class=\"alignnone size-full wp-image-122139\" style=\"margin-bottom: 15px;\" srcset=\"https:\/\/www.storevan.com\/wp-content\/uploads\/2020\/12\/Pianali-per-furgoni-in-alluminio.jpg 1200w, https:\/\/www.storevan.com\/wp-content\/uploads\/2020\/12\/Pianali-per-furgoni-in-alluminio-300x164.jpg 300w, https:\/\/www.storevan.com\/wp-content\/uploads\/2020\/12\/Pianali-per-furgoni-in-alluminio-1024x559.jpg 1024w, https:\/\/www.storevan.com\/wp-content\/uploads\/2020\/12\/Pianali-per-furgoni-in-alluminio-768x419.jpg 768w\" sizes=\"(max-width: 1200px) 100vw, 1200px\" \/><\/a>\n\t\t<\/div>\n<div class=\"col-xs-12 col-sm-12 col-md-7 pull-left\">\n\t\t\t<strong>Aluminiowe pod\u0142ogi do samochod\u00f3w dostawczych<\/strong> pomagaj\u0105 w zapewnieniu wy\u017cszego stopnia wytrzyma\u0142o\u015bci dna pojazdu i gwarantuj\u0105 doskona\u0142e przyleganie do pod\u0142ogi, dzi\u0119ki specjalnemu ryflowaniu. Wspomniane pod\u0142ogi do samochod\u00f3w dostawczych maj\u0105 form\u0119 pojedynczej p\u0142yty <strong>z ryflowanego aluminium<\/strong>, zamocowanej na wielowarstwowym podk\u0142adzie brzozowym z fenolow\u0105 pow\u0142ok\u0105 zabezpieczaj\u0105c\u0105 przed odkszta\u0142caniem. W ten spos\u00f3b uformowana pod\u0142oga jest mocowana \u015brubami do karoserii, z wykorzystaniem <strong>istniej\u0105cych ju\u017c otwor\u00f3w<\/strong>. Ka\u017cda aluminiowa pod\u0142oga ma otwory, za kt\u00f3re mo\u017cna \u0142atwo podczepi\u0107 <strong>pier\u015bcienie do mocowania \u0142adunku<\/strong> znajduj\u0105ce si\u0119 na dnie pojazdu i umo\u017cliwiaj\u0105ce <strong>zabezpieczenie transportowanego towaru<\/strong> pasami, i podr\u00f3\u017cowanie przy ca\u0142kowitym spe\u0142nieniu przepis\u00f3w dotycz\u0105cych <strong><a href=\"https:\/\/www.storevan.com\/pl\/produkty\/zabezpieczenie-ladunku\/\">bezpiecze\u0144stwa \u0142adunku<\/a><\/strong> (dyrektywa 2014\/47\/WE).\n\t\t<\/div>\n<\/p><\/div>\n<\/div>\n<div class=\"break\"><\/div>\n<hr class=\"noColor\" style=\"display: initial;\">\n<div class=\"row\">\n<div class=\"container\" style=\"padding: 0;\">\n<div class=\"col-xs-12 col-sm-12 col-md-5\">\n\t\t\t<a href=\"https:\/\/www.storevan.com\/wp-content\/uploads\/2020\/12\/Pannellature-in-alluminio-per-furgoni-1.jpg\" data-lightbox=\"Aluminiowe panele do samochod\u00f3w dostawczych\" data-title=\"Aluminiowe panele do samochod\u00f3w dostawczych\"><img decoding=\"async\" loading=\"lazy\" src=\"https:\/\/www.storevan.com\/wp-content\/uploads\/2020\/12\/Pannellature-in-alluminio-per-furgoni-1.jpg\" alt=\"Aluminiowe panele do samochod\u00f3w dostawczych\" width=\"1200\" height=\"675\" class=\"alignnone size-full wp-image-122145\" style=\"margin-bottom: 15px;\" \/><\/a>\n\t\t<\/div>\n<div class=\"col-xs-12 col-sm-12 col-md-7\">\n\t\t\t<strong>Boczne panele aluminiowe do samochod\u00f3w dostawczych<\/strong> to wewn\u0119trzne pow\u0142oki zaprojektowane i uformowane w taki spos\u00f3b, aby idealnie przylega\u0142y do bocznych \u015bcian pojazd\u00f3w handlowych, mocowane przy u\u017cyciu otwor\u00f3w przygotowanych przez producenta. Tradycyjne panele do samochod\u00f3w dostawczych zostaj\u0105 zast\u0105pione prawdziwymi <strong>\u015bciankami narz\u0119dziowymi<\/strong>, zbudowanymi z aluminiowej p\u0142yty z <strong>kwadratowym otworem<\/strong>. Ta specjalna w\u0142a\u015bciwo\u015b\u0107 sprawia, \u017ce mo\u017cna dysponowa\u0107 obszarem umo\u017cliwiaj\u0105cym mocowanie szerokiej gamy akcesori\u00f3w Store Van i nieustanne modyfikowanie wygl\u0105du zabudowy w samochodzie dostawczym, odpowiednio do rozmaitych potrzeb.\n\t\t<\/div>\n<\/p><\/div>\n<\/div>\n<div class=\"break\"><\/div>\n<hr class=\"noColor\" style=\"display: block; margin: 20px 0;\">\n<h3 class=\"bigTxt customblackTitleExtraSmall\">NIE TYLKO POD\u0141OGI I PANELE WEWN\u0118TRZNE Z ALUMINIUM DO SAMOCHOD\u00d3W DOSTAWCZYCH<\/h3>\n<p>Aby spe\u0142ni\u0107 najbardziej skomplikowane potrzeby operator\u00f3w, Store Van oferuje <strong>drewniane<\/strong>, wielowarstwowe <strong>pod\u0142ogi do samochod\u00f3w dostawczych<\/strong> oraz <strong>panele polipropylenowe<\/strong>, wykonywane na miar\u0119 do r\u00f3\u017cnych pojazd\u00f3w dostawczych dost\u0119pnych na rynku. Te rodzaje zabudowy umo\u017cliwiaj\u0105 instalowanie wszystkich system\u00f3w do zabezpieczania \u0142adunku, zaprojektowanych przez Store Van: dr\u0105\u017ck\u00f3w poziomych, dr\u0105\u017ck\u00f3w teleskopowych, punkt\u00f3w mocuj\u0105cych oraz punkt\u00f3w zaczepowych.<\/p>\n<div class=\"break\"><\/div>\n<hr class=\"noColor\" style=\"display: initial;\">\n<hr \/>\n<div class=\"break\"><\/div>\n<hr class=\"noColor\" style=\"display: initial;\">\n<div class=\"break\"><\/div>\n<div class=\"col-md-6\">\n<div class=\"text-center\"><a class=\"btn btn-download\" href=\"tel:800645506\"><i class=\"fa fa-phone\"><\/i> <span class=\"spanBtn\">ZADZWO\u0143 TERAZ<\/span><br \/>\nuzyskasz wszelkie informacje<\/a><\/div>\n<\/div>\n<div class=\"col-xs-12 col-sm-12 col-md-6\">\n<div class=\"text-center\"><a class=\"btn btn-download\" href=\"#formcontatto\"><i class=\"fa fa-envelope\"><\/i> <span class=\"spanBtn\">NAPISZ<\/span><br \/>\nskontaktujemy si\u0119 <\/a><\/div>\n<\/div>\n<div class=\"break\"><\/div>\n<hr class=\"noColor\" style=\"display: initial;\">\n<hr \/>\n<div class=\"break\"><\/div>\n<hr class=\"noColor\" style=\"display: initial;\">\n<h4 id=\"formcontatto\" class=\"bigTxt text-center txtBkOrange\">POD\u0141OGI I PANELE Z ALUMINIUM DO SAMOCHOD\u00d3W DOSTAWCZYCH, INFORMACJE I CENY. SKONTAKTUJ SI\u0118 Z NAMI, BY DOWIEDZIE\u0106 SI\u0118 WI\u0118CEJ!<\/h4>\n\n<div class=\"wpcf7 no-js\" id=\"wpcf7-f67676-o1\" lang=\"it-IT\" dir=\"ltr\">\n<div class=\"screen-reader-response\"><p role=\"status\" aria-live=\"polite\" aria-atomic=\"true\"><\/p> <ul><\/ul><\/div>\n<form action=\"\/pl\/wp-json\/wp\/v2\/pages\/122106#wpcf7-f67676-o1\" method=\"post\" class=\"wpcf7-form init\" id=\"form-pianali-pannellature-pl\" aria-label=\"Modulo di contatto\" novalidate=\"novalidate\" data-status=\"init\">\n<div style=\"display: none;\">\n<input type=\"hidden\" name=\"_wpcf7\" value=\"67676\" \/>\n<input type=\"hidden\" name=\"_wpcf7_version\" value=\"5.7.7\" \/>\n<input type=\"hidden\" name=\"_wpcf7_locale\" value=\"it_IT\" \/>\n<input type=\"hidden\" name=\"_wpcf7_unit_tag\" value=\"wpcf7-f67676-o1\" \/>\n<input type=\"hidden\" name=\"_wpcf7_container_post\" value=\"0\" \/>\n<input type=\"hidden\" name=\"_wpcf7_posted_data_hash\" value=\"\" \/>\n<input type=\"hidden\" name=\"_wpcf7_recaptcha_response\" value=\"\" \/>\n<\/div>\n<span class=\"wpcf7-form-control-wrap url\" data-name=\"url\"><input type=\"hidden\" name=\"url\" size=\"40\" class=\"wpcf7-form-control wpcf7-hidden wpcf7dtx wpcf7dtx-hidden\" aria-invalid=\"false\" value=\"podlogi-i-panele-wewnetrzne-z-aluminium-do-samochodow-dostawczych\" autocomplete=\"off\" \/><\/span>\n<p>Wype\u0142nij poni\u017csze pola, aby otrzyma\u0107 wi\u0119cej informacji. Nasz operator skontaktuje si\u0119 z\u00a0tob\u0105 najszybciej, jak to mo\u017cliwe (* pola obowi\u0105zkowe):\n<\/p>\n<div class=\"col-xs-12 col-md-6\">\n\t<p><span class='titoli'>Imi\u0119 (*)<\/span>\n\t<\/p>\n\t<p><span class=\"wpcf7-form-control-wrap\" data-name=\"your-name\"><input size=\"40\" class=\"wpcf7-form-control wpcf7-text wpcf7-validates-as-required form-control\" aria-required=\"true\" aria-invalid=\"false\" value=\"\" type=\"text\" name=\"your-name\" \/><\/span>\n\t<\/p>\n<\/div>\n<div class=\"col-xs-12 col-md-6\">\n\t<p><span class='titoli'>Nazwisko (*)<\/span>\n\t<\/p>\n\t<p><span class=\"wpcf7-form-control-wrap\" data-name=\"your-last-name\"><input size=\"40\" class=\"wpcf7-form-control wpcf7-text wpcf7-validates-as-required form-control\" aria-required=\"true\" aria-invalid=\"false\" value=\"\" type=\"text\" name=\"your-last-name\" \/><\/span>\n\t<\/p>\n<\/div>\n<div class=\"col-xs-12 col-md-6\">\n\t<p><span class='titoli'>Firma (*)<\/span>\n\t<\/p>\n\t<p><span class=\"wpcf7-form-control-wrap\" data-name=\"your-company\"><input size=\"40\" class=\"wpcf7-form-control wpcf7-text wpcf7-validates-as-required form-control\" aria-required=\"true\" aria-invalid=\"false\" value=\"\" type=\"text\" name=\"your-company\" \/><\/span>\n\t<\/p>\n<\/div>\n<div class=\"col-xs-12 col-md-6\">\n\t<p><span class='titoli'>Numer NIP<\/span>\n\t<\/p>\n\t<p><span class=\"wpcf7-form-control-wrap\" data-name=\"p-iva\"><input size=\"40\" class=\"wpcf7-form-control wpcf7-text form-control\" aria-invalid=\"false\" value=\"\" type=\"text\" name=\"p-iva\" \/><\/span>\n\t<\/p>\n<\/div>\n<div class=\"clearboth\">\n<\/div>\n<div class=\"col-xs-12 col-md-4\">\n\t<p><span class='titoli'>Kod pocztowy (*)<\/span>\n\t<\/p>\n\t<p><span class=\"wpcf7-form-control-wrap\" data-name=\"your-zip-code\"><input size=\"40\" class=\"wpcf7-form-control wpcf7-text wpcf7-validates-as-required form-control\" aria-required=\"true\" aria-invalid=\"false\" value=\"\" type=\"text\" name=\"your-zip-code\" \/><\/span>\n\t<\/p>\n<\/div>\n<div class=\"col-xs-12 col-md-4\">\n\t<p><span class='titoli'>Adres (*)<\/span>\n\t<\/p>\n\t<p><span class=\"wpcf7-form-control-wrap\" data-name=\"your-address\"><input size=\"40\" class=\"wpcf7-form-control wpcf7-text wpcf7-validates-as-required form-control\" aria-required=\"true\" aria-invalid=\"false\" value=\"\" type=\"text\" name=\"your-address\" \/><\/span>\n\t<\/p>\n<\/div>\n<div class=\"col-xs-12 col-md-4\">\n\t<p><span class='titoli'>Miasto (*)<\/span>\n\t<\/p>\n\t<p><span class=\"wpcf7-form-control-wrap\" data-name=\"your-Town\"><input size=\"40\" class=\"wpcf7-form-control wpcf7-text wpcf7-validates-as-required form-control\" aria-required=\"true\" aria-invalid=\"false\" value=\"\" type=\"text\" name=\"your-Town\" \/><\/span>\n\t<\/p>\n<\/div>\n<div class=\"clearboth\">\n<\/div>\n<div class=\"col-xs-12 col-md-6\">\n\t<p><span class='titoli'>email (*)<\/span>\n\t<\/p>\n\t<p><span class=\"wpcf7-form-control-wrap\" data-name=\"your-email\"><input size=\"40\" class=\"wpcf7-form-control wpcf7-text wpcf7-email wpcf7-validates-as-required wpcf7-validates-as-email form-control\" aria-required=\"true\" aria-invalid=\"false\" value=\"\" type=\"email\" name=\"your-email\" \/><\/span>\n\t<\/p>\n<\/div>\n<div class=\"col-xs-12 col-md-6\">\n\t<p><span class='titoli'>Telefon (*)<\/span>\n\t<\/p>\n\t<p><span class=\"wpcf7-form-control-wrap\" data-name=\"telefono\"><input size=\"40\" class=\"wpcf7-form-control wpcf7-text wpcf7-tel wpcf7-validates-as-required wpcf7-validates-as-tel form-control\" aria-required=\"true\" aria-invalid=\"false\" value=\"\" type=\"tel\" name=\"telefono\" \/><\/span>\n\t<\/p>\n<\/div>\n<div class=\"clearboth\">\n<\/div>\n<div class=\"col-xs-12 col-md-6\">\n\t<p><span class='titoli'>Przedmiot <\/span>\n\t<\/p>\n\t<p><span class=\"wpcf7-form-control-wrap\" data-name=\"oggetto\"><select class=\"wpcf7-form-control wpcf7-select wpcf7-validates-as-required\" aria-required=\"true\" aria-invalid=\"false\" name=\"oggetto\"><option value=\"Oferta\">Oferta<\/option><option value=\"Informacje techniczne\">Informacje techniczne<\/option><option value=\"Powo\u0142anie\">Powo\u0142anie<\/option><\/select><\/span>\n\t<\/p>\n<\/div>\n<div class=\"col-xs-12 col-md-6\">\n\t<p><br \/>\n<span class=\"titoli\"> <span class=\"wpcf7-form-control-wrap\" data-name=\"cliente\"><span class=\"wpcf7-form-control wpcf7-checkbox\"><span class=\"wpcf7-list-item first last\"><label><span class=\"wpcf7-list-item-label\">Jestem ju\u017c klientem<\/span><input type=\"checkbox\" name=\"cliente[]\" value=\"Jestem ju\u017c klientem\" \/><\/label><\/span><\/span><\/span><\/span>\n\t<\/p>\n<\/div>\n<div class=\"col-xs-12 col-md-12\">\n\t<p><span class='titoli'>Wiadomo\u015b\u0107 (*)<\/span>\n\t<\/p>\n\t<p><span class=\"wpcf7-form-control-wrap\" data-name=\"your-message\"><textarea cols=\"40\" rows=\"10\" class=\"wpcf7-form-control wpcf7-textarea wpcf7-validates-as-required form-control\" aria-required=\"true\" aria-invalid=\"false\" name=\"your-message\"><\/textarea><\/span>\n\t<\/p>\n<\/div>\n<div class=\"col-xs-12 col-md-12\">\n\t<p><small>Wprowadzone dane b\u0119d\u0105 traktowane z zachowaniem \u015bcis\u0142ej poufno\u015bci zgodnie z prawem i nasz\u0105 polityk\u0105 prywatno\u015bci. <a href=\"https:\/\/www.storevan.com\/pl\/privacy-policy\/\">Polityk\u0105 prywatno\u015bci<\/a><\/small>\n\t<\/p>\n\t<p><span class=\"wpcf7-form-control-wrap\" data-name=\"AccettazionePrivacy\"><span class=\"wpcf7-form-control wpcf7-acceptance\"><span class=\"wpcf7-list-item\"><input type=\"checkbox\" name=\"AccettazionePrivacy\" value=\"1\" aria-invalid=\"false\" \/><\/span><\/span><\/span> O\u015bwiadczam, \u017ce zapozna\u0142am si\u0119 z <a href=\"https:\/\/www.storevan.com\/pl\/privacy-policy\/\">polityk\u0105 prywatno\u015bci<\/a> i zgadzam si\u0119 na wykorzystanie moich danych osobowych w opisanych tam przypadkach.(*)(*)<br \/>\n\t<span class=\"wpcf7-form-control-wrap recaptcha\" data-name=\"recaptcha\"><span data-sitekey=\"6LdfM4AUAAAAAJjsAucux5WVNA3hsk5KP0a03T_n\" class=\"wpcf7-form-control g-recaptcha wpcf7-recaptcha\"><\/span>\r\n<noscript>\r\n\t<div class=\"grecaptcha-noscript\">\r\n\t\t<iframe src=\"https:\/\/www.google.com\/recaptcha\/api\/fallback?k=6LdfM4AUAAAAAJjsAucux5WVNA3hsk5KP0a03T_n\" frameborder=\"0\" scrolling=\"no\" width=\"310\" height=\"430\">\r\n\t\t<\/iframe>\r\n\t\t<textarea name=\"g-recaptcha-response\" rows=\"3\" cols=\"40\" placeholder=\"reCaptcha Response Here\">\r\n\t\t<\/textarea>\r\n\t<\/div>\r\n<\/noscript>\r\n<\/span>\n\t<\/p>\n<\/div>\n<hr class=\"noColor\" \/>\n<p><input class=\"wpcf7-form-control has-spinner wpcf7-submit\" type=\"submit\" value=\"Wy\u015blij\" \/>\n<\/p><div class=\"wpcf7-response-output\" aria-hidden=\"true\"><\/div>\n<\/form>\n<\/div>\n\n","protected":false},"excerpt":{"rendered":"<p>POD\u0141OGI I PANELE WEWN\u0118TRZNE Z ALUMINIUM DO SAMOCHOD\u00d3W DOSTAWCZYCH Zwi\u0119ksz ochron\u0119 przestrzeni za\u0142adunkowej przy u\u017cyciu \u015bcian i pod\u0142\u00f3g z aluminium do samochod\u00f3w dostawczych Store Van Pod\u0142ogi i panele wewn\u0119trzne z.<\/p>\n","protected":false},"author":470,"featured_media":0,"parent":8994,"menu_order":0,"comment_status":"closed","ping_status":"closed","template":"","meta":[],"acf":[],"yoast_head":"<!-- This site is optimized with the Yoast SEO plugin v20.11 - https:\/\/yoast.com\/wordpress\/plugins\/seo\/ -->\n<title>Pod\u0142ogi i panele wewn\u0119trzne z aluminium do samochod\u00f3w dostawczych<\/title>\n<meta name=\"description\" content=\"Pod\u0142ogi i panele wewn\u0119trzne z aluminium do samochod\u00f3w dostawczych, w postacie pod\u0142\u00f3g i \u015bcian, chroni\u0105ce przestrze\u0144 za\u0142adunkow\u0105 przed uderzeniami, zu\u017cyciem i korozj\u0105. Dowiedz si\u0119 wi\u0119cej!\" \/>\n<meta name=\"robots\" content=\"index, follow, max-snippet:-1, max-image-preview:large, max-video-preview:-1\" \/>\n<link rel=\"canonical\" href=\"https:\/\/www.storevan.com\/pl\/produkty\/podlogi-i-panele-wewnetrzne-z-aluminium-do-samochodow-dostawczych\/\" \/>\n<meta property=\"og:locale\" content=\"pl_PL\" \/>\n<meta property=\"og:type\" content=\"article\" \/>\n<meta property=\"og:title\" content=\"Pod\u0142ogi i panele wewn\u0119trzne z aluminium do samochod\u00f3w dostawczych\" \/>\n<meta property=\"og:description\" content=\"Pod\u0142ogi i panele wewn\u0119trzne z aluminium do samochod\u00f3w dostawczych, w postacie pod\u0142\u00f3g i \u015bcian, chroni\u0105ce przestrze\u0144 za\u0142adunkow\u0105 przed uderzeniami, zu\u017cyciem i korozj\u0105. Dowiedz si\u0119 wi\u0119cej!\" \/>\n<meta property=\"og:url\" content=\"https:\/\/www.storevan.com\/pl\/produkty\/podlogi-i-panele-wewnetrzne-z-aluminium-do-samochodow-dostawczych\/\" \/>\n<meta property=\"og:site_name\" content=\"Store Van\" \/>\n<meta property=\"article:modified_time\" content=\"2021-12-01T10:44:41+00:00\" \/>\n<meta property=\"og:image\" content=\"https:\/\/www.storevan.com\/wp-content\/uploads\/2018\/07\/pianale-per-furgoni-e-pannellature.jpg\" \/>\n<meta name=\"twitter:label1\" content=\"Szacowany czas czytania\" \/>\n\t<meta name=\"twitter:data1\" content=\"3 minuty\" \/>\n<script type=\"application\/ld+json\" class=\"yoast-schema-graph\">{\"@context\":\"https:\/\/schema.org\",\"@graph\":[{\"@type\":\"WebPage\",\"@id\":\"https:\/\/www.storevan.com\/pl\/produkty\/podlogi-i-panele-wewnetrzne-z-aluminium-do-samochodow-dostawczych\/\",\"url\":\"https:\/\/www.storevan.com\/pl\/produkty\/podlogi-i-panele-wewnetrzne-z-aluminium-do-samochodow-dostawczych\/\",\"name\":\"Pod\u0142ogi i panele wewn\u0119trzne z aluminium do samochod\u00f3w dostawczych\",\"isPartOf\":{\"@id\":\"https:\/\/www.storevan.com\/pl\/#website\"},\"datePublished\":\"2015-12-02T14:49:39+00:00\",\"dateModified\":\"2021-12-01T10:44:41+00:00\",\"description\":\"Pod\u0142ogi i panele wewn\u0119trzne z aluminium do samochod\u00f3w dostawczych, w postacie pod\u0142\u00f3g i \u015bcian, chroni\u0105ce przestrze\u0144 za\u0142adunkow\u0105 przed uderzeniami, zu\u017cyciem i korozj\u0105. Dowiedz si\u0119 wi\u0119cej!\",\"breadcrumb\":{\"@id\":\"https:\/\/www.storevan.com\/pl\/produkty\/podlogi-i-panele-wewnetrzne-z-aluminium-do-samochodow-dostawczych\/#breadcrumb\"},\"inLanguage\":\"pl-PL\",\"potentialAction\":[{\"@type\":\"ReadAction\",\"target\":[\"https:\/\/www.storevan.com\/pl\/produkty\/podlogi-i-panele-wewnetrzne-z-aluminium-do-samochodow-dostawczych\/\"]}]},{\"@type\":\"BreadcrumbList\",\"@id\":\"https:\/\/www.storevan.com\/pl\/produkty\/podlogi-i-panele-wewnetrzne-z-aluminium-do-samochodow-dostawczych\/#breadcrumb\",\"itemListElement\":[{\"@type\":\"ListItem\",\"position\":1,\"name\":\"Home\",\"item\":\"https:\/\/www.storevan.com\/pl\/\"},{\"@type\":\"ListItem\",\"position\":2,\"name\":\"Produkty\",\"item\":\"https:\/\/www.storevan.com\/pl\/produkty\/\"},{\"@type\":\"ListItem\",\"position\":3,\"name\":\"Pod\u0142ogi i panele wewn\u0119trzne z aluminium do samochod\u00f3w dostawczych\"}]},{\"@type\":\"WebSite\",\"@id\":\"https:\/\/www.storevan.com\/pl\/#website\",\"url\":\"https:\/\/www.storevan.com\/pl\/\",\"name\":\"Store Van\",\"description\":\"Zabudowy\",\"potentialAction\":[{\"@type\":\"SearchAction\",\"target\":{\"@type\":\"EntryPoint\",\"urlTemplate\":\"https:\/\/www.storevan.com\/pl\/?s={search_term_string}\"},\"query-input\":\"required name=search_term_string\"}],\"inLanguage\":\"pl-PL\"}]}<\/script>\n<!-- \/ Yoast SEO plugin. -->","yoast_head_json":{"title":"Pod\u0142ogi i panele wewn\u0119trzne z aluminium do samochod\u00f3w dostawczych","description":"Pod\u0142ogi i panele wewn\u0119trzne z aluminium do samochod\u00f3w dostawczych, w postacie pod\u0142\u00f3g i \u015bcian, chroni\u0105ce przestrze\u0144 za\u0142adunkow\u0105 przed uderzeniami, zu\u017cyciem i korozj\u0105. Dowiedz si\u0119 wi\u0119cej!","robots":{"index":"index","follow":"follow","max-snippet":"max-snippet:-1","max-image-preview":"max-image-preview:large","max-video-preview":"max-video-preview:-1"},"canonical":"https:\/\/www.storevan.com\/pl\/produkty\/podlogi-i-panele-wewnetrzne-z-aluminium-do-samochodow-dostawczych\/","og_locale":"pl_PL","og_type":"article","og_title":"Pod\u0142ogi i panele wewn\u0119trzne z aluminium do samochod\u00f3w dostawczych","og_description":"Pod\u0142ogi i panele wewn\u0119trzne z aluminium do samochod\u00f3w dostawczych, w postacie pod\u0142\u00f3g i \u015bcian, chroni\u0105ce przestrze\u0144 za\u0142adunkow\u0105 przed uderzeniami, zu\u017cyciem i korozj\u0105. Dowiedz si\u0119 wi\u0119cej!","og_url":"https:\/\/www.storevan.com\/pl\/produkty\/podlogi-i-panele-wewnetrzne-z-aluminium-do-samochodow-dostawczych\/","og_site_name":"Store Van","article_modified_time":"2021-12-01T10:44:41+00:00","og_image":[{"url":"https:\/\/www.storevan.com\/wp-content\/uploads\/2018\/07\/pianale-per-furgoni-e-pannellature.jpg"}],"twitter_misc":{"Szacowany czas czytania":"3 minuty"},"schema":{"@context":"https:\/\/schema.org","@graph":[{"@type":"WebPage","@id":"https:\/\/www.storevan.com\/pl\/produkty\/podlogi-i-panele-wewnetrzne-z-aluminium-do-samochodow-dostawczych\/","url":"https:\/\/www.storevan.com\/pl\/produkty\/podlogi-i-panele-wewnetrzne-z-aluminium-do-samochodow-dostawczych\/","name":"Pod\u0142ogi i panele wewn\u0119trzne z aluminium do samochod\u00f3w dostawczych","isPartOf":{"@id":"https:\/\/www.storevan.com\/pl\/#website"},"datePublished":"2015-12-02T14:49:39+00:00","dateModified":"2021-12-01T10:44:41+00:00","description":"Pod\u0142ogi i panele wewn\u0119trzne z aluminium do samochod\u00f3w dostawczych, w postacie pod\u0142\u00f3g i \u015bcian, chroni\u0105ce przestrze\u0144 za\u0142adunkow\u0105 przed uderzeniami, zu\u017cyciem i korozj\u0105. Dowiedz si\u0119 wi\u0119cej!","breadcrumb":{"@id":"https:\/\/www.storevan.com\/pl\/produkty\/podlogi-i-panele-wewnetrzne-z-aluminium-do-samochodow-dostawczych\/#breadcrumb"},"inLanguage":"pl-PL","potentialAction":[{"@type":"ReadAction","target":["https:\/\/www.storevan.com\/pl\/produkty\/podlogi-i-panele-wewnetrzne-z-aluminium-do-samochodow-dostawczych\/"]}]},{"@type":"BreadcrumbList","@id":"https:\/\/www.storevan.com\/pl\/produkty\/podlogi-i-panele-wewnetrzne-z-aluminium-do-samochodow-dostawczych\/#breadcrumb","itemListElement":[{"@type":"ListItem","position":1,"name":"Home","item":"https:\/\/www.storevan.com\/pl\/"},{"@type":"ListItem","position":2,"name":"Produkty","item":"https:\/\/www.storevan.com\/pl\/produkty\/"},{"@type":"ListItem","position":3,"name":"Pod\u0142ogi i panele wewn\u0119trzne z aluminium do samochod\u00f3w dostawczych"}]},{"@type":"WebSite","@id":"https:\/\/www.storevan.com\/pl\/#website","url":"https:\/\/www.storevan.com\/pl\/","name":"Store Van","description":"Zabudowy","potentialAction":[{"@type":"SearchAction","target":{"@type":"EntryPoint","urlTemplate":"https:\/\/www.storevan.com\/pl\/?s={search_term_string}"},"query-input":"required name=search_term_string"}],"inLanguage":"pl-PL"}]}},"_links":{"self":[{"href":"https:\/\/www.storevan.com\/pl\/wp-json\/wp\/v2\/pages\/122106"}],"collection":[{"href":"https:\/\/www.storevan.com\/pl\/wp-json\/wp\/v2\/pages"}],"about":[{"href":"https:\/\/www.storevan.com\/pl\/wp-json\/wp\/v2\/types\/page"}],"author":[{"embeddable":true,"href":"https:\/\/www.storevan.com\/pl\/wp-json\/wp\/v2\/users\/470"}],"replies":[{"embeddable":true,"href":"https:\/\/www.storevan.com\/pl\/wp-json\/wp\/v2\/comments?post=122106"}],"version-history":[{"count":12,"href":"https:\/\/www.storevan.com\/pl\/wp-json\/wp\/v2\/pages\/122106\/revisions"}],"predecessor-version":[{"id":136607,"href":"https:\/\/www.storevan.com\/pl\/wp-json\/wp\/v2\/pages\/122106\/revisions\/136607"}],"up":[{"embeddable":true,"href":"https:\/\/www.storevan.com\/pl\/wp-json\/wp\/v2\/pages\/8994"}],"wp:attachment":[{"href":"https:\/\/www.storevan.com\/pl\/wp-json\/wp\/v2\/media?parent=122106"}],"curies":[{"name":"wp","href":"https:\/\/api.w.org\/{rel}","templated":true}]}}