{"id":119499,"date":"2016-07-28T13:14:19","date_gmt":"2016-07-28T13:14:19","guid":{"rendered":"https:\/\/www.storevan.com\/allestimenti-speciali-furgoni\/"},"modified":"2020-07-28T07:14:17","modified_gmt":"2020-07-28T07:14:17","slug":"zabudowy-specjalne-do-samochodow-dostawczych-z-wyposazeniem","status":"publish","type":"page","link":"https:\/\/www.storevan.com\/pl\/zabudowy-specjalne-do-samochodow-dostawczych-z-wyposazeniem\/","title":{"rendered":"Zabudowy specjalne do samochod\u00f3w dostawczych z wyposa\u017ceniem"},"content":{"rendered":"<h1 class=\"customblackTitleSmall\">ZABUDOWY SPECJALNE DO SAMOCHOD\u00d3W DOSTAWCZYCH Z WYPOSA\u017bENIEM<\/h1>\n<h2>ZABUDOWY NA MIAR\u0118 DO SAMOCHOD\u00d3W DOSTAWCZYCH Z WYPOSA\u017bENIEM<\/h2>\n<p>Produkowane przez nas <strong>zabudowy specjalne do samochod\u00f3w dostawczych<\/strong> maj\u0105 na celu <strong>zaspokojenie r\u00f3\u017cnorodnych potrzeb i wymaga\u0144<\/strong> naszych klient\u00f3w, co jest zadaniem le\u017c\u0105cym u podstaw naszej codziennej pracy. Oferujemy indywidualne rozwi\u0105zania w zakresie zabud\u00f3w, dopasowane do r\u00f3\u017cnych sektor\u00f3w i figur zawodowych: konserwacja, sprzeda\u017c, vending, monta\u017c, rzemie\u015blnicy, <a href=\"https:\/\/www.storevan.com\/pl\/produkty\/skladane-polki-do-samochodow-dostawczych\/transport-kwiatow-i-roslin\/\">ogrodnicy<\/a>, <a href=\"https:\/\/www.storevan.com\/pl\/przeksztalcenie-pojazdow-handlowych-dla-kurierow\/\">kurierzy, spedytorzy<\/a> itp. Niezale\u017cnie od tego, jaki zaw\u00f3d wykonujesz, mamy optymalne rozwi\u0105zanie dla Twojego pojazdu u\u017cytkowego.<\/p>\n<h3>OTO NIEKT\u00d3RE Z ZABUD\u00d3W SPECJALNYCH WYKONANYCH PRZEZ STORE VAN, POGRUPOWANYCH WED\u0141UG SEKTOR\u00d3W: KONSERWACJA, SPRZEDA\u017b I VENDING.<\/h3>\n<h4>Je\u015bli nie ma tu rozwi\u0105zania, kt\u00f3rego szukasz, skontaktuj si\u0119 z nami! Jeste\u015bmy gotowi stworzy\u0107 zabudow\u0119, kt\u00f3ra w pe\u0142ni odpowie na Twoje potrzeby!<\/h4>\n<div class=\"one_third\">\n<div class=\"galleryBlock text-center\"><a title=\"VENDING\" href=\"https:\/\/www.storevan.com\/allestimenti-speciali-furgoni\/rifornimento-distributori-automatici\/\"><\/p>\n<div class=\"itemImg\"><img decoding=\"async\" loading=\"lazy\" src=\"https:\/\/www.storevan.com\/wp-content\/uploads\/2019\/10\/img-vending.jpg\" alt=\"VENDING\" width=\"360\" height=\"240\" class=\"aligncenter size-full wp-image-109952\" srcset=\"https:\/\/www.storevan.com\/wp-content\/uploads\/2019\/10\/img-vending.jpg 360w, https:\/\/www.storevan.com\/wp-content\/uploads\/2019\/10\/img-vending-300x200.jpg 300w\" sizes=\"(max-width: 360px) 100vw, 360px\" \/><\/div>\n<p><span class=\"noMarg\">VENDING<\/span><\/a><\/div>\n<\/div><div class=\"one_third\">\n<div class=\"galleryBlock text-center\"><a title=\"KONSERWACJA\" href=\"https:\/\/www.storevan.com\/allestimenti-speciali-furgoni\/manutenzione\/\"><\/p>\n<div class=\"itemImg\"><img decoding=\"async\" loading=\"lazy\" src=\"https:\/\/www.storevan.com\/wp-content\/uploads\/2019\/10\/img-manutenzione.jpg\" alt=\"KONSERWACJA\" width=\"360\" height=\"240\" class=\"aligncenter size-full wp-image-109946\" srcset=\"https:\/\/www.storevan.com\/wp-content\/uploads\/2019\/10\/img-manutenzione.jpg 360w, https:\/\/www.storevan.com\/wp-content\/uploads\/2019\/10\/img-manutenzione-300x200.jpg 300w\" sizes=\"(max-width: 360px) 100vw, 360px\" \/><\/div>\n<p><span class=\"noMarg\">KONSERWACJA<\/span><\/a><\/div>\n<\/div><div class=\"one_third last\">\n<div class=\"galleryBlock text-center\"><a title=\"SPRZEDA\u017b\" href=\"https:\/\/www.storevan.com\/allestimenti-speciali-furgoni\/vendita\/\"><\/p>\n<div class=\"itemImg\"><img decoding=\"async\" loading=\"lazy\" src=\"https:\/\/www.storevan.com\/wp-content\/uploads\/2019\/10\/img-vendita.jpg\" alt=\"SPRZEDA\u017b\" width=\"360\" height=\"240\" class=\"aligncenter size-full wp-image-109958\" srcset=\"https:\/\/www.storevan.com\/wp-content\/uploads\/2019\/10\/img-vendita.jpg 360w, https:\/\/www.storevan.com\/wp-content\/uploads\/2019\/10\/img-vendita-300x200.jpg 300w\" sizes=\"(max-width: 360px) 100vw, 360px\" \/><\/div>\n<p><span class=\"noMarg\">SPRZEDA\u017b<\/span><\/a><\/div>\n<\/div><div class=\"clearboth\"><\/div>\n<\/section>\n<p>Modu\u0142owa konstrukcja rega\u0142\u00f3w do samochod\u00f3w dostawczych Store Van gwarantuje pe\u0142n\u0105 <strong>personalizacj\u0119<\/strong> ka\u017cdego pojazdu. Ponadto nasza oferta produkt\u00f3w zosta\u0142a opracowana w taki spos\u00f3b, aby uczyni\u0107 prac\u0119 \u0142atwiejsz\u0105 i wygodniejsz\u0105, pozwalaj\u0105c ci oszcz\u0119dza\u0107 czas i mie\u0107 wszystko pod r\u0119k\u0105, bo narz\u0119dzia i akcesoria s\u0105 rozmieszczone w <strong>optymalny<\/strong> spos\u00f3b i przy zapewnianiu pe\u0142ni <strong>bezpiecze\u0144stwa<\/strong>.<\/p>\n<p>Oferta Store Van obejmuje szerok\u0105 gam\u0119 konkretnych produkt\u00f3w i akcesori\u00f3w do <strong>ochrony przestrzeni \u0142adunkowej<\/strong> pojazdu dostawczego i przewo\u017conych towar\u00f3w. Mowa tu mi\u0119dzy innymi o <a href=\"https:\/\/www.storevan.com\/pl\/przeksztalcenie-pojazdow-handlowych-dla-kurierow\/\">Pod\u0142ogach i panelach wewn\u0119trznych<\/a> do samochod\u00f3w dostawczych oraz systemach mocowania maj\u0105cych na celu <strong>zabezpieczenie \u0142adunku<\/strong> (np. listwy, pasy, dr\u0105\u017cki teleskopowe itp). Oferujemy r\u00f3wnie\u017c rozwi\u0105zania s\u0142u\u017c\u0105ce reorganizacji i zwi\u0119kszeniu funkcjonalno\u015bci pojazdu u\u017cytkowego.<\/p>\n","protected":false},"excerpt":{"rendered":"<p>ZABUDOWY SPECJALNE DO SAMOCHOD\u00d3W DOSTAWCZYCH Z WYPOSA\u017bENIEM ZABUDOWY NA MIAR\u0118 DO SAMOCHOD\u00d3W DOSTAWCZYCH Z WYPOSA\u017bENIEM Produkowane przez nas zabudowy specjalne do samochod\u00f3w dostawczych maj\u0105 na celu zaspokojenie r\u00f3\u017cnorodnych potrzeb i.<\/p>\n","protected":false},"author":470,"featured_media":108853,"parent":0,"menu_order":0,"comment_status":"closed","ping_status":"closed","template":"","meta":[],"acf":[],"yoast_head":"<!-- This site is optimized with the Yoast SEO plugin v20.11 - https:\/\/yoast.com\/wordpress\/plugins\/seo\/ -->\n<title>Zabudowy specjalne do samochod\u00f3w dostawczych z wyposa\u017ceniem<\/title>\n<meta name=\"description\" content=\"Zabudowy specjalne do samochod\u00f3w dostawczych i rega\u0142y do samochod\u00f3w dostawczych, kt\u00f3re zaspokoj\u0105 wszystkie potrzeby w korzystnej cenie. Skontaktuj si\u0119 z nami, aby uzyska\u0107 wycen\u0119!\" \/>\n<meta name=\"robots\" content=\"index, follow, max-snippet:-1, max-image-preview:large, max-video-preview:-1\" \/>\n<link rel=\"canonical\" href=\"https:\/\/www.storevan.com\/pl\/zabudowy-specjalne-do-samochodow-dostawczych-z-wyposazeniem\/\" \/>\n<meta property=\"og:locale\" content=\"pl_PL\" \/>\n<meta property=\"og:type\" content=\"article\" \/>\n<meta property=\"og:title\" content=\"Zabudowy specjalne do samochod\u00f3w dostawczych z wyposa\u017ceniem\" \/>\n<meta property=\"og:description\" content=\"Zabudowy specjalne do samochod\u00f3w dostawczych i rega\u0142y do samochod\u00f3w dostawczych, kt\u00f3re zaspokoj\u0105 wszystkie potrzeby w korzystnej cenie. Skontaktuj si\u0119 z nami, aby uzyska\u0107 wycen\u0119!\" \/>\n<meta property=\"og:url\" content=\"https:\/\/www.storevan.com\/pl\/zabudowy-specjalne-do-samochodow-dostawczych-z-wyposazeniem\/\" \/>\n<meta property=\"og:site_name\" content=\"Store Van\" \/>\n<meta property=\"article:modified_time\" content=\"2020-07-28T07:14:17+00:00\" \/>\n<meta property=\"og:image\" content=\"https:\/\/www.storevan.com\/wp-content\/uploads\/2019\/10\/m-iveco-daily-03.jpg\" \/>\n\t<meta property=\"og:image:width\" content=\"525\" \/>\n\t<meta property=\"og:image:height\" content=\"585\" \/>\n\t<meta property=\"og:image:type\" content=\"image\/jpeg\" \/>\n<meta name=\"twitter:label1\" content=\"Szacowany czas czytania\" \/>\n\t<meta name=\"twitter:data1\" content=\"2 minuty\" \/>\n<script type=\"application\/ld+json\" class=\"yoast-schema-graph\">{\"@context\":\"https:\/\/schema.org\",\"@graph\":[{\"@type\":\"WebPage\",\"@id\":\"https:\/\/www.storevan.com\/pl\/zabudowy-specjalne-do-samochodow-dostawczych-z-wyposazeniem\/\",\"url\":\"https:\/\/www.storevan.com\/pl\/zabudowy-specjalne-do-samochodow-dostawczych-z-wyposazeniem\/\",\"name\":\"Zabudowy specjalne do samochod\u00f3w dostawczych z wyposa\u017ceniem\",\"isPartOf\":{\"@id\":\"https:\/\/www.storevan.com\/pl\/#website\"},\"datePublished\":\"2016-07-28T13:14:19+00:00\",\"dateModified\":\"2020-07-28T07:14:17+00:00\",\"description\":\"Zabudowy specjalne do samochod\u00f3w dostawczych i rega\u0142y do samochod\u00f3w dostawczych, kt\u00f3re zaspokoj\u0105 wszystkie potrzeby w korzystnej cenie. Skontaktuj si\u0119 z nami, aby uzyska\u0107 wycen\u0119!\",\"breadcrumb\":{\"@id\":\"https:\/\/www.storevan.com\/pl\/zabudowy-specjalne-do-samochodow-dostawczych-z-wyposazeniem\/#breadcrumb\"},\"inLanguage\":\"pl-PL\",\"potentialAction\":[{\"@type\":\"ReadAction\",\"target\":[\"https:\/\/www.storevan.com\/pl\/zabudowy-specjalne-do-samochodow-dostawczych-z-wyposazeniem\/\"]}]},{\"@type\":\"BreadcrumbList\",\"@id\":\"https:\/\/www.storevan.com\/pl\/zabudowy-specjalne-do-samochodow-dostawczych-z-wyposazeniem\/#breadcrumb\",\"itemListElement\":[{\"@type\":\"ListItem\",\"position\":1,\"name\":\"Home\",\"item\":\"https:\/\/www.storevan.com\/pl\/\"},{\"@type\":\"ListItem\",\"position\":2,\"name\":\"Zabudowy specjalne do samochod\u00f3w dostawczych z wyposa\u017ceniem\"}]},{\"@type\":\"WebSite\",\"@id\":\"https:\/\/www.storevan.com\/pl\/#website\",\"url\":\"https:\/\/www.storevan.com\/pl\/\",\"name\":\"Store Van\",\"description\":\"Zabudowy\",\"potentialAction\":[{\"@type\":\"SearchAction\",\"target\":{\"@type\":\"EntryPoint\",\"urlTemplate\":\"https:\/\/www.storevan.com\/pl\/?s={search_term_string}\"},\"query-input\":\"required name=search_term_string\"}],\"inLanguage\":\"pl-PL\"}]}<\/script>\n<!-- \/ Yoast SEO plugin. -->","yoast_head_json":{"title":"Zabudowy specjalne do samochod\u00f3w dostawczych z wyposa\u017ceniem","description":"Zabudowy specjalne do samochod\u00f3w dostawczych i rega\u0142y do samochod\u00f3w dostawczych, kt\u00f3re zaspokoj\u0105 wszystkie potrzeby w korzystnej cenie. Skontaktuj si\u0119 z nami, aby uzyska\u0107 wycen\u0119!","robots":{"index":"index","follow":"follow","max-snippet":"max-snippet:-1","max-image-preview":"max-image-preview:large","max-video-preview":"max-video-preview:-1"},"canonical":"https:\/\/www.storevan.com\/pl\/zabudowy-specjalne-do-samochodow-dostawczych-z-wyposazeniem\/","og_locale":"pl_PL","og_type":"article","og_title":"Zabudowy specjalne do samochod\u00f3w dostawczych z wyposa\u017ceniem","og_description":"Zabudowy specjalne do samochod\u00f3w dostawczych i rega\u0142y do samochod\u00f3w dostawczych, kt\u00f3re zaspokoj\u0105 wszystkie potrzeby w korzystnej cenie. Skontaktuj si\u0119 z nami, aby uzyska\u0107 wycen\u0119!","og_url":"https:\/\/www.storevan.com\/pl\/zabudowy-specjalne-do-samochodow-dostawczych-z-wyposazeniem\/","og_site_name":"Store Van","article_modified_time":"2020-07-28T07:14:17+00:00","og_image":[{"width":525,"height":585,"url":"https:\/\/www.storevan.com\/wp-content\/uploads\/2019\/10\/m-iveco-daily-03.jpg","type":"image\/jpeg"}],"twitter_misc":{"Szacowany czas czytania":"2 minuty"},"schema":{"@context":"https:\/\/schema.org","@graph":[{"@type":"WebPage","@id":"https:\/\/www.storevan.com\/pl\/zabudowy-specjalne-do-samochodow-dostawczych-z-wyposazeniem\/","url":"https:\/\/www.storevan.com\/pl\/zabudowy-specjalne-do-samochodow-dostawczych-z-wyposazeniem\/","name":"Zabudowy specjalne do samochod\u00f3w dostawczych z wyposa\u017ceniem","isPartOf":{"@id":"https:\/\/www.storevan.com\/pl\/#website"},"datePublished":"2016-07-28T13:14:19+00:00","dateModified":"2020-07-28T07:14:17+00:00","description":"Zabudowy specjalne do samochod\u00f3w dostawczych i rega\u0142y do samochod\u00f3w dostawczych, kt\u00f3re zaspokoj\u0105 wszystkie potrzeby w korzystnej cenie. Skontaktuj si\u0119 z nami, aby uzyska\u0107 wycen\u0119!","breadcrumb":{"@id":"https:\/\/www.storevan.com\/pl\/zabudowy-specjalne-do-samochodow-dostawczych-z-wyposazeniem\/#breadcrumb"},"inLanguage":"pl-PL","potentialAction":[{"@type":"ReadAction","target":["https:\/\/www.storevan.com\/pl\/zabudowy-specjalne-do-samochodow-dostawczych-z-wyposazeniem\/"]}]},{"@type":"BreadcrumbList","@id":"https:\/\/www.storevan.com\/pl\/zabudowy-specjalne-do-samochodow-dostawczych-z-wyposazeniem\/#breadcrumb","itemListElement":[{"@type":"ListItem","position":1,"name":"Home","item":"https:\/\/www.storevan.com\/pl\/"},{"@type":"ListItem","position":2,"name":"Zabudowy specjalne do samochod\u00f3w dostawczych z wyposa\u017ceniem"}]},{"@type":"WebSite","@id":"https:\/\/www.storevan.com\/pl\/#website","url":"https:\/\/www.storevan.com\/pl\/","name":"Store Van","description":"Zabudowy","potentialAction":[{"@type":"SearchAction","target":{"@type":"EntryPoint","urlTemplate":"https:\/\/www.storevan.com\/pl\/?s={search_term_string}"},"query-input":"required name=search_term_string"}],"inLanguage":"pl-PL"}]}},"_links":{"self":[{"href":"https:\/\/www.storevan.com\/pl\/wp-json\/wp\/v2\/pages\/119499"}],"collection":[{"href":"https:\/\/www.storevan.com\/pl\/wp-json\/wp\/v2\/pages"}],"about":[{"href":"https:\/\/www.storevan.com\/pl\/wp-json\/wp\/v2\/types\/page"}],"author":[{"embeddable":true,"href":"https:\/\/www.storevan.com\/pl\/wp-json\/wp\/v2\/users\/470"}],"replies":[{"embeddable":true,"href":"https:\/\/www.storevan.com\/pl\/wp-json\/wp\/v2\/comments?post=119499"}],"version-history":[{"count":3,"href":"https:\/\/www.storevan.com\/pl\/wp-json\/wp\/v2\/pages\/119499\/revisions"}],"predecessor-version":[{"id":119826,"href":"https:\/\/www.storevan.com\/pl\/wp-json\/wp\/v2\/pages\/119499\/revisions\/119826"}],"wp:featuredmedia":[{"embeddable":true,"href":"https:\/\/www.storevan.com\/pl\/wp-json\/wp\/v2\/media\/108853"}],"wp:attachment":[{"href":"https:\/\/www.storevan.com\/pl\/wp-json\/wp\/v2\/media?parent=119499"}],"curies":[{"name":"wp","href":"https:\/\/api.w.org\/{rel}","templated":true}]}}