{"id":118806,"date":"2020-06-19T09:56:32","date_gmt":"2020-06-19T09:56:32","guid":{"rendered":"https:\/\/www.storevan.com\/produkty\/ripiani-componibili-per-furgoni\/"},"modified":"2021-12-01T10:21:29","modified_gmt":"2021-12-01T10:21:29","slug":"polki-modulowe-do-pojazdow-dostawczych","status":"publish","type":"page","link":"https:\/\/www.storevan.com\/pl\/produkty\/polki-modulowe-do-pojazdow-dostawczych\/","title":{"rendered":"P\u00d3\u0141KI MODU\u0141OWE DO POJAZD\u00d3W DOSTAWCZYCH &#8211; MULTI STORAGE"},"content":{"rendered":"<style>\n.id_page2 > .container {\n    padding-bottom: 0;\n}\n<\/style>\n<h1 class=\"customblackTitleSmall\">P\u00d3\u0141KI MODU\u0141OWE DO POJAZD\u00d3W DOSTAWCZYCH &#8211; MULTI STORAGE<\/h1>\n<h2>Stalowe p\u00f3\u0142ki opracowane do transportu szerokiej gamy komponent\u00f3w<\/h2>\n<\/div>\n<\/div>\n<\/div>\n<div class=\"container-fluid\" style=\"background: #f0f0f0;padding: 30px 0 25px;\">\n<div class=\"row\">\n<div class=\"container\" style=\"padding-top:0;padding-bottom: 0;\">\n<div class=\"col-xs-12 col-sm-6 col-md-6\">\n<div class=\"video\"><iframe loading=\"lazy\" width=\"560\" height=\"315\" src=\"https:\/\/www.youtube.com\/embed\/42i7DG5hrws\" allow=\"accelerometer; autoplay; encrypted-media; gyroscope; picture-in-picture\" allowfullscreen><\/iframe><\/div>\n<\/p><\/div>\n<div class=\"col-xs-12 col-sm-6 col-md-6\">\n\t\t\t\t&nbsp;<br \/>\n\t\t\t\t<strong>P\u00f3\u0142ki modu\u0142owe<\/strong> do samochod\u00f3w dostawczych z serii MULTI STORAGE mo\u017cna \u0142atwo <strong>dostosowywa\u0107<\/strong> do zmiennych <strong>potrzeb<\/strong> pracownik\u00f3w: wygl\u0105d i funkcjonalno\u015b\u0107 produkt\u00f3w MULTI STORAGE mo\u017cna modyfikowa\u0107 w dowolnym momencie, tak\u017ce po zakupie, poprzez dodawanie r\u00f3\u017cnych <strong>komponent\u00f3w<\/strong>. P\u00f3\u0142ki modu\u0142owe mo\u017cna wyposa\u017ca\u0107 po prostu poprzez dodanie profilu czo\u0142owego lub <strong>uchylnych drzwiczek<\/strong> DOOR PLUS lub <a href=\"https:\/\/www.storevan.com\/pl\/burta-zamykajaca-do-polek\/\">DOOR SMALL<\/a>, do umieszczania sprz\u0119tu \u015brednich rozmiar\u00f3w, natomiast w przypadku konieczno\u015bci urz\u0105dzenia sekcji w rega\u0142ach w pojazdach dostawczych przeznaczonej dla drobnych przedmiot\u00f3w lub cz\u0119\u015bci zamiennych, MULTI STORAGE daje mo\u017cliwo\u015b\u0107 umieszczenia w \u015brodku zar\u00f3wno plastikowych <strong>pojemnik\u00f3w<\/strong>, jak i <strong><a href=\"https:\/\/www.storevan.com\/pl\/produkty\/store-box-walizki\/\">walizek<\/a><\/strong>.\n\t\t\t<\/div>\n<\/p><\/div>\n<\/p><\/div>\n<\/div>\n<div class=\"container-fluid\" style=\"padding:40px 0 30px;border-top: 5px solid #F7A600;border-bottom: 5px solid #F7A600;\">\n<div class=\"row\">\n<div class=\"container\" style=\"padding-top:0;padding-bottom: 0;\">\n<div class=\"col-xs-12 col-sm-12 col-md-6\">\n<div class=\"text-center\"><a class=\"btn btn-download\" href=\"tel:+390424585455\"><i class=\"fa fa-phone\"><\/i> <span class=\"spanBtn\">ZADZWO\u0143 TERAZ<\/span><br \/>\nuzyskasz wszelkie informacje<\/a><\/div>\n<\/div>\n<div class=\"col-xs-12 col-sm-12 col-md-6\">\n<div class=\"text-center\"><a class=\"btn btn-download btnToggle\" href=\"#formcontatto\"><i class=\"fa fa-envelope\"><\/i> <span class=\"spanBtn\">NAPISZ<\/span><br \/>\nskontaktujemy si\u0119 <\/a><\/div>\n<\/p><\/div>\n<\/p><\/div>\n<\/div>\n<div class=\"container-fluid\" style=\"padding:40px 0;\">\n<div class=\"row\">\n<div class=\"container\" style=\"padding-top:0;padding-bottom: 0;\">\n<div class=\"col-xs-12 col-sm-6\">\n\t\t\t&nbsp;<\/p>\n<p>P\u00f3\u0142ki do samochod\u00f3w dostawczych MULTI STORAGE s\u0105 dost\u0119pne w 3 g\u0142\u0119boko\u015bciach i w 10 d\u0142ugo\u015bciach i mo\u017cna je montowa\u0107 na szerokiej gamie rega\u0142\u00f3w do samochod\u00f3w dostawczych. Wykonane ze <strong>stali automotive galvannealed<\/strong>, umo\u017cliwiaj\u0105 rozmieszczanie p\u00f3\u0142ek do samochod\u00f3w dostawczych o <strong>no\u015bno\u015bci 40 kg<\/strong>, cechuj\u0105c si\u0119 wysok\u0105 odporno\u015bci\u0105 na korozj\u0119. System MULTI STORAGE mo\u017ce by\u0107 r\u00f3wnie\u017c wyposa\u017cony w wyk\u0142adzin\u0119 antypo\u015blizgow\u0105 lub w pr\u0119ty Airline, dzi\u0119ki kt\u00f3rym materia\u0142 umieszczony na rega\u0142ach mniej si\u0119 przemieszcza i kt\u00f3re tym samym podnosz\u0105 bezpiecze\u0144stwo w czasie jazdy.<\/p>\n<p>&nbsp;\n\t\t\t<\/div>\n<div class=\"col-xs-12 col-sm-6\">\n\t\t\t<img decoding=\"async\" loading=\"lazy\" src=\"https:\/\/www.storevan.com\/wp-content\/uploads\/2020\/06\/ms600.jpg\" alt=\"Multi Storage\" width=\"600\" height=\"360\" class=\"aligncenter size-full wp-image-118761\" srcset=\"https:\/\/www.storevan.com\/wp-content\/uploads\/2020\/06\/ms600.jpg 600w, https:\/\/www.storevan.com\/wp-content\/uploads\/2020\/06\/ms600-300x180.jpg 300w\" sizes=\"(max-width: 600px) 100vw, 600px\" \/>\n\t\t\t<\/div>\n<div id=\"formcontatto\"><\/div>\n<\/p><\/div>\n<\/p><\/div>\n<\/div>\n<div class=\"container-fluid\" style=\"padding:40px 0;\">\n<div class=\"row\">\n<div class=\"container\" style=\"padding-top:0;padding-bottom: 0;\">\n<h4 class=\"bigTxt text-center txtBkOrange\">CHCESZ WIEDZIE\u0106 WI\u0118CEJ?<\/h4>\n\n<div class=\"wpcf7 no-js\" id=\"wpcf7-f67676-o1\" lang=\"it-IT\" dir=\"ltr\">\n<div class=\"screen-reader-response\"><p role=\"status\" aria-live=\"polite\" aria-atomic=\"true\"><\/p> <ul><\/ul><\/div>\n<form action=\"\/pl\/wp-json\/wp\/v2\/pages\/118806#wpcf7-f67676-o1\" method=\"post\" class=\"wpcf7-form init\" id=\"form-accessori-pl\" aria-label=\"Modulo di contatto\" novalidate=\"novalidate\" data-status=\"init\">\n<div style=\"display: none;\">\n<input type=\"hidden\" name=\"_wpcf7\" value=\"67676\" \/>\n<input type=\"hidden\" name=\"_wpcf7_version\" value=\"5.7.7\" \/>\n<input type=\"hidden\" name=\"_wpcf7_locale\" value=\"it_IT\" \/>\n<input type=\"hidden\" name=\"_wpcf7_unit_tag\" value=\"wpcf7-f67676-o1\" \/>\n<input type=\"hidden\" name=\"_wpcf7_container_post\" value=\"0\" \/>\n<input type=\"hidden\" name=\"_wpcf7_posted_data_hash\" value=\"\" \/>\n<input type=\"hidden\" name=\"_wpcf7_recaptcha_response\" value=\"\" \/>\n<\/div>\n<span class=\"wpcf7-form-control-wrap url\" data-name=\"url\"><input type=\"hidden\" name=\"url\" size=\"40\" class=\"wpcf7-form-control wpcf7-hidden wpcf7dtx wpcf7dtx-hidden\" aria-invalid=\"false\" value=\"polki-modulowe-do-pojazdow-dostawczych\" autocomplete=\"off\" \/><\/span>\n<p>Wype\u0142nij poni\u017csze pola, aby otrzyma\u0107 wi\u0119cej informacji. Nasz operator skontaktuje si\u0119 z\u00a0tob\u0105 najszybciej, jak to mo\u017cliwe (* pola obowi\u0105zkowe):\n<\/p>\n<div class=\"col-xs-12 col-md-6\">\n\t<p><span class='titoli'>Imi\u0119 (*)<\/span>\n\t<\/p>\n\t<p><span class=\"wpcf7-form-control-wrap\" data-name=\"your-name\"><input size=\"40\" class=\"wpcf7-form-control wpcf7-text wpcf7-validates-as-required form-control\" aria-required=\"true\" aria-invalid=\"false\" value=\"\" type=\"text\" name=\"your-name\" \/><\/span>\n\t<\/p>\n<\/div>\n<div class=\"col-xs-12 col-md-6\">\n\t<p><span class='titoli'>Nazwisko (*)<\/span>\n\t<\/p>\n\t<p><span class=\"wpcf7-form-control-wrap\" data-name=\"your-last-name\"><input size=\"40\" class=\"wpcf7-form-control wpcf7-text wpcf7-validates-as-required form-control\" aria-required=\"true\" aria-invalid=\"false\" value=\"\" type=\"text\" name=\"your-last-name\" \/><\/span>\n\t<\/p>\n<\/div>\n<div class=\"col-xs-12 col-md-6\">\n\t<p><span class='titoli'>Firma (*)<\/span>\n\t<\/p>\n\t<p><span class=\"wpcf7-form-control-wrap\" data-name=\"your-company\"><input size=\"40\" class=\"wpcf7-form-control wpcf7-text wpcf7-validates-as-required form-control\" aria-required=\"true\" aria-invalid=\"false\" value=\"\" type=\"text\" name=\"your-company\" \/><\/span>\n\t<\/p>\n<\/div>\n<div class=\"col-xs-12 col-md-6\">\n\t<p><span class='titoli'>Numer NIP<\/span>\n\t<\/p>\n\t<p><span class=\"wpcf7-form-control-wrap\" data-name=\"p-iva\"><input size=\"40\" class=\"wpcf7-form-control wpcf7-text form-control\" aria-invalid=\"false\" value=\"\" type=\"text\" name=\"p-iva\" \/><\/span>\n\t<\/p>\n<\/div>\n<div class=\"clearboth\">\n<\/div>\n<div class=\"col-xs-12 col-md-4\">\n\t<p><span class='titoli'>Kod pocztowy (*)<\/span>\n\t<\/p>\n\t<p><span class=\"wpcf7-form-control-wrap\" data-name=\"your-zip-code\"><input size=\"40\" class=\"wpcf7-form-control wpcf7-text wpcf7-validates-as-required form-control\" aria-required=\"true\" aria-invalid=\"false\" value=\"\" type=\"text\" name=\"your-zip-code\" \/><\/span>\n\t<\/p>\n<\/div>\n<div class=\"col-xs-12 col-md-4\">\n\t<p><span class='titoli'>Adres (*)<\/span>\n\t<\/p>\n\t<p><span class=\"wpcf7-form-control-wrap\" data-name=\"your-address\"><input size=\"40\" class=\"wpcf7-form-control wpcf7-text wpcf7-validates-as-required form-control\" aria-required=\"true\" aria-invalid=\"false\" value=\"\" type=\"text\" name=\"your-address\" \/><\/span>\n\t<\/p>\n<\/div>\n<div class=\"col-xs-12 col-md-4\">\n\t<p><span class='titoli'>Miasto (*)<\/span>\n\t<\/p>\n\t<p><span class=\"wpcf7-form-control-wrap\" data-name=\"your-Town\"><input size=\"40\" class=\"wpcf7-form-control wpcf7-text wpcf7-validates-as-required form-control\" aria-required=\"true\" aria-invalid=\"false\" value=\"\" type=\"text\" name=\"your-Town\" \/><\/span>\n\t<\/p>\n<\/div>\n<div class=\"clearboth\">\n<\/div>\n<div class=\"col-xs-12 col-md-6\">\n\t<p><span class='titoli'>email (*)<\/span>\n\t<\/p>\n\t<p><span class=\"wpcf7-form-control-wrap\" data-name=\"your-email\"><input size=\"40\" class=\"wpcf7-form-control wpcf7-text wpcf7-email wpcf7-validates-as-required wpcf7-validates-as-email form-control\" aria-required=\"true\" aria-invalid=\"false\" value=\"\" type=\"email\" name=\"your-email\" \/><\/span>\n\t<\/p>\n<\/div>\n<div class=\"col-xs-12 col-md-6\">\n\t<p><span class='titoli'>Telefon (*)<\/span>\n\t<\/p>\n\t<p><span class=\"wpcf7-form-control-wrap\" data-name=\"telefono\"><input size=\"40\" class=\"wpcf7-form-control wpcf7-text wpcf7-tel wpcf7-validates-as-required wpcf7-validates-as-tel form-control\" aria-required=\"true\" aria-invalid=\"false\" value=\"\" type=\"tel\" name=\"telefono\" \/><\/span>\n\t<\/p>\n<\/div>\n<div class=\"clearboth\">\n<\/div>\n<div class=\"col-xs-12 col-md-6\">\n\t<p><span class='titoli'>Przedmiot <\/span>\n\t<\/p>\n\t<p><span class=\"wpcf7-form-control-wrap\" data-name=\"oggetto\"><select class=\"wpcf7-form-control wpcf7-select wpcf7-validates-as-required\" aria-required=\"true\" aria-invalid=\"false\" name=\"oggetto\"><option value=\"Oferta\">Oferta<\/option><option value=\"Informacje techniczne\">Informacje techniczne<\/option><option value=\"Powo\u0142anie\">Powo\u0142anie<\/option><\/select><\/span>\n\t<\/p>\n<\/div>\n<div class=\"col-xs-12 col-md-6\">\n\t<p><br \/>\n<span class=\"titoli\"> <span class=\"wpcf7-form-control-wrap\" data-name=\"cliente\"><span class=\"wpcf7-form-control wpcf7-checkbox\"><span class=\"wpcf7-list-item first last\"><label><span class=\"wpcf7-list-item-label\">Jestem ju\u017c klientem<\/span><input type=\"checkbox\" name=\"cliente[]\" value=\"Jestem ju\u017c klientem\" \/><\/label><\/span><\/span><\/span><\/span>\n\t<\/p>\n<\/div>\n<div class=\"col-xs-12 col-md-12\">\n\t<p><span class='titoli'>Wiadomo\u015b\u0107 (*)<\/span>\n\t<\/p>\n\t<p><span class=\"wpcf7-form-control-wrap\" data-name=\"your-message\"><textarea cols=\"40\" rows=\"10\" class=\"wpcf7-form-control wpcf7-textarea wpcf7-validates-as-required form-control\" aria-required=\"true\" aria-invalid=\"false\" name=\"your-message\"><\/textarea><\/span>\n\t<\/p>\n<\/div>\n<div class=\"col-xs-12 col-md-12\">\n\t<p><small>Wprowadzone dane b\u0119d\u0105 traktowane z zachowaniem \u015bcis\u0142ej poufno\u015bci zgodnie z prawem i nasz\u0105 polityk\u0105 prywatno\u015bci. <a href=\"https:\/\/www.storevan.com\/pl\/privacy-policy\/\">Polityk\u0105 prywatno\u015bci<\/a><\/small>\n\t<\/p>\n\t<p><span class=\"wpcf7-form-control-wrap\" data-name=\"AccettazionePrivacy\"><span class=\"wpcf7-form-control wpcf7-acceptance\"><span class=\"wpcf7-list-item\"><input type=\"checkbox\" name=\"AccettazionePrivacy\" value=\"1\" aria-invalid=\"false\" \/><\/span><\/span><\/span> O\u015bwiadczam, \u017ce zapozna\u0142am si\u0119 z <a href=\"https:\/\/www.storevan.com\/pl\/privacy-policy\/\">polityk\u0105 prywatno\u015bci<\/a> i zgadzam si\u0119 na wykorzystanie moich danych osobowych w opisanych tam przypadkach.(*)(*)<br \/>\n\t<span class=\"wpcf7-form-control-wrap recaptcha\" data-name=\"recaptcha\"><span data-sitekey=\"6LdfM4AUAAAAAJjsAucux5WVNA3hsk5KP0a03T_n\" class=\"wpcf7-form-control g-recaptcha wpcf7-recaptcha\"><\/span>\r\n<noscript>\r\n\t<div class=\"grecaptcha-noscript\">\r\n\t\t<iframe src=\"https:\/\/www.google.com\/recaptcha\/api\/fallback?k=6LdfM4AUAAAAAJjsAucux5WVNA3hsk5KP0a03T_n\" frameborder=\"0\" scrolling=\"no\" width=\"310\" height=\"430\">\r\n\t\t<\/iframe>\r\n\t\t<textarea name=\"g-recaptcha-response\" rows=\"3\" cols=\"40\" placeholder=\"reCaptcha Response Here\">\r\n\t\t<\/textarea>\r\n\t<\/div>\r\n<\/noscript>\r\n<\/span>\n\t<\/p>\n<\/div>\n<hr class=\"noColor\" \/>\n<p><input class=\"wpcf7-form-control has-spinner wpcf7-submit\" type=\"submit\" value=\"Wy\u015blij\" \/>\n<\/p><div class=\"wpcf7-response-output\" aria-hidden=\"true\"><\/div>\n<\/form>\n<\/div>\n<\/div>\n<\/p><\/div>\n<\/div>\n","protected":false},"excerpt":{"rendered":"<p>P\u00d3\u0141KI MODU\u0141OWE DO POJAZD\u00d3W DOSTAWCZYCH &#8211; MULTI STORAGE Stalowe p\u00f3\u0142ki opracowane do transportu szerokiej gamy komponent\u00f3w &nbsp; P\u00f3\u0142ki modu\u0142owe do samochod\u00f3w dostawczych z serii MULTI STORAGE mo\u017cna \u0142atwo dostosowywa\u0107 do.<\/p>\n","protected":false},"author":470,"featured_media":0,"parent":8994,"menu_order":0,"comment_status":"closed","ping_status":"closed","template":"","meta":[],"acf":[],"yoast_head":"<!-- This site is optimized with the Yoast SEO plugin v20.11 - https:\/\/yoast.com\/wordpress\/plugins\/seo\/ -->\n<title>P\u00f3\u0142ki modu\u0142owe do pojazd\u00f3w dostawczych MULTI STORAGE<\/title>\n<meta name=\"description\" content=\"Stalowe p\u00f3\u0142ki modu\u0142owe do pojazd\u00f3w dostawczych MULTI STORAGE, \u0142atwo dostosowuj\u0105ce si\u0119 do r\u00f3\u017cnych potrzeb roboczych. No\u015bno\u015b\u0107 do 40 kg, odporno\u015b\u0107 na korozj\u0119\" \/>\n<meta name=\"robots\" content=\"index, follow, max-snippet:-1, max-image-preview:large, max-video-preview:-1\" \/>\n<link rel=\"canonical\" href=\"https:\/\/www.storevan.com\/pl\/produkty\/polki-modulowe-do-pojazdow-dostawczych\/\" \/>\n<meta property=\"og:locale\" content=\"pl_PL\" \/>\n<meta property=\"og:type\" content=\"article\" \/>\n<meta property=\"og:title\" content=\"P\u00f3\u0142ki modu\u0142owe do pojazd\u00f3w dostawczych MULTI STORAGE\" \/>\n<meta property=\"og:description\" content=\"Stalowe p\u00f3\u0142ki modu\u0142owe do pojazd\u00f3w dostawczych MULTI STORAGE, \u0142atwo dostosowuj\u0105ce si\u0119 do r\u00f3\u017cnych potrzeb roboczych. No\u015bno\u015b\u0107 do 40 kg, odporno\u015b\u0107 na korozj\u0119\" \/>\n<meta property=\"og:url\" content=\"https:\/\/www.storevan.com\/pl\/produkty\/polki-modulowe-do-pojazdow-dostawczych\/\" \/>\n<meta property=\"og:site_name\" content=\"Store Van\" \/>\n<meta property=\"article:modified_time\" content=\"2021-12-01T10:21:29+00:00\" \/>\n<meta property=\"og:image\" content=\"https:\/\/www.storevan.com\/wp-content\/uploads\/2020\/06\/ms600.jpg\" \/>\n<meta name=\"twitter:label1\" content=\"Szacowany czas czytania\" \/>\n\t<meta name=\"twitter:data1\" content=\"1 minuta\" \/>\n<script type=\"application\/ld+json\" class=\"yoast-schema-graph\">{\"@context\":\"https:\/\/schema.org\",\"@graph\":[{\"@type\":\"WebPage\",\"@id\":\"https:\/\/www.storevan.com\/pl\/produkty\/polki-modulowe-do-pojazdow-dostawczych\/\",\"url\":\"https:\/\/www.storevan.com\/pl\/produkty\/polki-modulowe-do-pojazdow-dostawczych\/\",\"name\":\"P\u00f3\u0142ki modu\u0142owe do pojazd\u00f3w dostawczych MULTI STORAGE\",\"isPartOf\":{\"@id\":\"https:\/\/www.storevan.com\/pl\/#website\"},\"datePublished\":\"2020-06-19T09:56:32+00:00\",\"dateModified\":\"2021-12-01T10:21:29+00:00\",\"description\":\"Stalowe p\u00f3\u0142ki modu\u0142owe do pojazd\u00f3w dostawczych MULTI STORAGE, \u0142atwo dostosowuj\u0105ce si\u0119 do r\u00f3\u017cnych potrzeb roboczych. No\u015bno\u015b\u0107 do 40 kg, odporno\u015b\u0107 na korozj\u0119\",\"breadcrumb\":{\"@id\":\"https:\/\/www.storevan.com\/pl\/produkty\/polki-modulowe-do-pojazdow-dostawczych\/#breadcrumb\"},\"inLanguage\":\"pl-PL\",\"potentialAction\":[{\"@type\":\"ReadAction\",\"target\":[\"https:\/\/www.storevan.com\/pl\/produkty\/polki-modulowe-do-pojazdow-dostawczych\/\"]}]},{\"@type\":\"BreadcrumbList\",\"@id\":\"https:\/\/www.storevan.com\/pl\/produkty\/polki-modulowe-do-pojazdow-dostawczych\/#breadcrumb\",\"itemListElement\":[{\"@type\":\"ListItem\",\"position\":1,\"name\":\"Home\",\"item\":\"https:\/\/www.storevan.com\/pl\/\"},{\"@type\":\"ListItem\",\"position\":2,\"name\":\"Produkty\",\"item\":\"https:\/\/www.storevan.com\/pl\/produkty\/\"},{\"@type\":\"ListItem\",\"position\":3,\"name\":\"P\u00d3\u0141KI MODU\u0141OWE DO POJAZD\u00d3W DOSTAWCZYCH &#8211; MULTI STORAGE\"}]},{\"@type\":\"WebSite\",\"@id\":\"https:\/\/www.storevan.com\/pl\/#website\",\"url\":\"https:\/\/www.storevan.com\/pl\/\",\"name\":\"Store Van\",\"description\":\"Zabudowy\",\"potentialAction\":[{\"@type\":\"SearchAction\",\"target\":{\"@type\":\"EntryPoint\",\"urlTemplate\":\"https:\/\/www.storevan.com\/pl\/?s={search_term_string}\"},\"query-input\":\"required name=search_term_string\"}],\"inLanguage\":\"pl-PL\"}]}<\/script>\n<!-- \/ Yoast SEO plugin. -->","yoast_head_json":{"title":"P\u00f3\u0142ki modu\u0142owe do pojazd\u00f3w dostawczych MULTI STORAGE","description":"Stalowe p\u00f3\u0142ki modu\u0142owe do pojazd\u00f3w dostawczych MULTI STORAGE, \u0142atwo dostosowuj\u0105ce si\u0119 do r\u00f3\u017cnych potrzeb roboczych. No\u015bno\u015b\u0107 do 40 kg, odporno\u015b\u0107 na korozj\u0119","robots":{"index":"index","follow":"follow","max-snippet":"max-snippet:-1","max-image-preview":"max-image-preview:large","max-video-preview":"max-video-preview:-1"},"canonical":"https:\/\/www.storevan.com\/pl\/produkty\/polki-modulowe-do-pojazdow-dostawczych\/","og_locale":"pl_PL","og_type":"article","og_title":"P\u00f3\u0142ki modu\u0142owe do pojazd\u00f3w dostawczych MULTI STORAGE","og_description":"Stalowe p\u00f3\u0142ki modu\u0142owe do pojazd\u00f3w dostawczych MULTI STORAGE, \u0142atwo dostosowuj\u0105ce si\u0119 do r\u00f3\u017cnych potrzeb roboczych. No\u015bno\u015b\u0107 do 40 kg, odporno\u015b\u0107 na korozj\u0119","og_url":"https:\/\/www.storevan.com\/pl\/produkty\/polki-modulowe-do-pojazdow-dostawczych\/","og_site_name":"Store Van","article_modified_time":"2021-12-01T10:21:29+00:00","og_image":[{"url":"https:\/\/www.storevan.com\/wp-content\/uploads\/2020\/06\/ms600.jpg"}],"twitter_misc":{"Szacowany czas czytania":"1 minuta"},"schema":{"@context":"https:\/\/schema.org","@graph":[{"@type":"WebPage","@id":"https:\/\/www.storevan.com\/pl\/produkty\/polki-modulowe-do-pojazdow-dostawczych\/","url":"https:\/\/www.storevan.com\/pl\/produkty\/polki-modulowe-do-pojazdow-dostawczych\/","name":"P\u00f3\u0142ki modu\u0142owe do pojazd\u00f3w dostawczych MULTI STORAGE","isPartOf":{"@id":"https:\/\/www.storevan.com\/pl\/#website"},"datePublished":"2020-06-19T09:56:32+00:00","dateModified":"2021-12-01T10:21:29+00:00","description":"Stalowe p\u00f3\u0142ki modu\u0142owe do pojazd\u00f3w dostawczych MULTI STORAGE, \u0142atwo dostosowuj\u0105ce si\u0119 do r\u00f3\u017cnych potrzeb roboczych. No\u015bno\u015b\u0107 do 40 kg, odporno\u015b\u0107 na korozj\u0119","breadcrumb":{"@id":"https:\/\/www.storevan.com\/pl\/produkty\/polki-modulowe-do-pojazdow-dostawczych\/#breadcrumb"},"inLanguage":"pl-PL","potentialAction":[{"@type":"ReadAction","target":["https:\/\/www.storevan.com\/pl\/produkty\/polki-modulowe-do-pojazdow-dostawczych\/"]}]},{"@type":"BreadcrumbList","@id":"https:\/\/www.storevan.com\/pl\/produkty\/polki-modulowe-do-pojazdow-dostawczych\/#breadcrumb","itemListElement":[{"@type":"ListItem","position":1,"name":"Home","item":"https:\/\/www.storevan.com\/pl\/"},{"@type":"ListItem","position":2,"name":"Produkty","item":"https:\/\/www.storevan.com\/pl\/produkty\/"},{"@type":"ListItem","position":3,"name":"P\u00d3\u0141KI MODU\u0141OWE DO POJAZD\u00d3W DOSTAWCZYCH &#8211; MULTI STORAGE"}]},{"@type":"WebSite","@id":"https:\/\/www.storevan.com\/pl\/#website","url":"https:\/\/www.storevan.com\/pl\/","name":"Store Van","description":"Zabudowy","potentialAction":[{"@type":"SearchAction","target":{"@type":"EntryPoint","urlTemplate":"https:\/\/www.storevan.com\/pl\/?s={search_term_string}"},"query-input":"required name=search_term_string"}],"inLanguage":"pl-PL"}]}},"_links":{"self":[{"href":"https:\/\/www.storevan.com\/pl\/wp-json\/wp\/v2\/pages\/118806"}],"collection":[{"href":"https:\/\/www.storevan.com\/pl\/wp-json\/wp\/v2\/pages"}],"about":[{"href":"https:\/\/www.storevan.com\/pl\/wp-json\/wp\/v2\/types\/page"}],"author":[{"embeddable":true,"href":"https:\/\/www.storevan.com\/pl\/wp-json\/wp\/v2\/users\/470"}],"replies":[{"embeddable":true,"href":"https:\/\/www.storevan.com\/pl\/wp-json\/wp\/v2\/comments?post=118806"}],"version-history":[{"count":8,"href":"https:\/\/www.storevan.com\/pl\/wp-json\/wp\/v2\/pages\/118806\/revisions"}],"predecessor-version":[{"id":136582,"href":"https:\/\/www.storevan.com\/pl\/wp-json\/wp\/v2\/pages\/118806\/revisions\/136582"}],"up":[{"embeddable":true,"href":"https:\/\/www.storevan.com\/pl\/wp-json\/wp\/v2\/pages\/8994"}],"wp:attachment":[{"href":"https:\/\/www.storevan.com\/pl\/wp-json\/wp\/v2\/media?parent=118806"}],"curies":[{"name":"wp","href":"https:\/\/api.w.org\/{rel}","templated":true}]}}