{"id":115936,"date":"2020-03-19T09:08:52","date_gmt":"2020-03-19T09:08:52","guid":{"rendered":"https:\/\/www.storevan.com\/?page_id=115936"},"modified":"2024-07-16T08:48:57","modified_gmt":"2024-07-16T08:48:57","slug":"bagazniki","status":"publish","type":"page","link":"https:\/\/www.storevan.com\/pl\/produkty\/bagazniki\/","title":{"rendered":"Baga\u017cniki dachowe i baga\u017cniki na drabin\u0119 do samochod\u00f3w dostawczych"},"content":{"rendered":"<p><strong>Relingi dachowe, baga\u017cnik dachowy,  baga\u017cnik dachowy Dinamico* oraz baga\u017cnik drabinowy<\/strong> firmy Store Van, przeznaczone do samochod\u00f3w dostawczych, zosta\u0142y zaprojektowane w taki spos\u00f3b, aby maksymalnie wykorzysta\u0107 <strong>przestrze\u0144 <\/strong>dost\u0119pn\u0105 na <strong>dachu pojazdu<\/strong>.<br \/>\nDzi\u0119ki <strong>nowatorskiemu dach systemowi Space Up<\/strong> transport r\u00f3\u017cnego rodzaju \u0142adunk\u00f3w lub sprz\u0119tu nie stanowi ju\u017c problemu. Ten innowacyjny baga\u017cnik do samochod\u00f3w dostawczych, lekki, aerodynamiczny i designerski, umo\u017cliwia <strong>za\u0142adunek i roz\u0142adunek <\/strong>transportowanego materia\u0142u <strong>bez wysi\u0142ku<\/strong> i z zachowaniem pe\u0142nego <strong>bezpiecze\u0144stwa<\/strong>. <\/p>\n<div class=\"one_half\">\n<hr class=\"noColor\"\/><a href=\"https:\/\/www.storevan.com\/wp-content\/uploads\/2020\/03\/dinamico-full.jpg\" data-lightbox=\"SPACE UP \u2013 DYNAMICZNY BAGA\u017bNIK DACHOWY\" data-title=\"SPACE UP \u2013 DYNAMICZNY BAGA\u017bNIK DACHOWY\"><img decoding=\"async\" src=\"https:\/\/www.storevan.com\/wp-content\/uploads\/2020\/03\/dinamico-thumb.jpg\" alt=\"SPACE UP \u2013 DYNAMICZNY BAGA\u017bNIK DACHOWY\"><\/a><br \/>\n<!-- \n\n<div class=\"alert alertAvailable\" role=\"alert\">Produkt dost\u0119pny od kwiecie\u0144 2020<\/div>\n\n --><br \/>\n<\/div>\n<div class=\"one_half last\">\n<img decoding=\"async\" loading=\"lazy\" class=\"alignleft wp-image-111860\" src=\"https:\/\/www.storevan.com\/wp-content\/uploads\/2019\/11\/SpaceUp-logo-1-300x105.jpg\" alt=\"Space Up\" width=\"199\" height=\"70\" srcset=\"https:\/\/www.storevan.com\/wp-content\/uploads\/2019\/11\/SpaceUp-logo-1-300x105.jpg 300w, https:\/\/www.storevan.com\/wp-content\/uploads\/2019\/11\/SpaceUp-logo-1.jpg 387w\" sizes=\"(max-width: 199px) 100vw, 199px\" \/>Zar\u00f3wno prowadnica baga\u017cnika na drabin\u0119, jak i dynamiczny baga\u017cnik dachowy, <strong>mog\u0105 by\u0107 opuszczane a\u017c do poziomu drogi<\/strong>, co umo\u017cliwia operatorowi utrzymanie <strong>ergonomicznej postawy<\/strong> podczas pracy oraz pozwala mu unikn\u0105\u0107 konieczno\u015bci u\u017cywania taboret\u00f3w lub dodatkowych drabin w celu uzyskania dost\u0119pu do dachu pojazdu. <\/p>\n<p><strong>Wyb\u00f3r i monta\u017c<\/strong> relingi dachowe, baga\u017cnika dachowego i baga\u017cnika na drabin\u0119 do samochod\u00f3w dostawczych nigdy nie by\u0142 tak <strong>sprawny i szybki<\/strong>: baga\u017cnik o wielko\u015bci odpowiadaj\u0105cej gabarytom pojazdu (ma\u0142y, \u015bredni, du\u017cy) dostosowuje si\u0119 do r\u00f3\u017cnych krzywizn dachu dzi\u0119ki specjalnym wspornikom, kt\u00f3re nale\u017cy umie\u015bci\u0107 we w\u0142a\u015bciwych otworach przygotowanych przez producenta.<\/p>\n<p>System Space Up, dost\u0119pny w <strong>cztery trzech r\u00f3\u017cnych modelach<\/strong>, jest wykonany z materia\u0142\u00f3w o wysokiej jako\u015bci i wytrzyma\u0142o\u015bci, takich jak <strong>stal nierdzewna i aluminium<\/strong>.<\/p>\n<hr class=\"noColor\" \/>\n<ul class=\"listDalia\">\n<li><i class=\"fa fa-angle-double-right numVan\"><\/i> <span class=\"txtBlack\">KOMFORT<\/span><\/li>\n<li><i class=\"fa fa-angle-double-right numVan\"><\/i> <span class=\"txtBlack\">BEZPIECZE\u0143STWO<\/span><\/li>\n<li><i class=\"fa fa-angle-double-right numVan\"><\/i> <span class=\"txtBlack\">PRZESTRZE\u0143<\/span><\/li>\n<\/ul>\n<\/div><div class=\"clearboth\"><\/div>\n<h3>Baga\u017cnik dachowy Dinamico Space Up* jest dost\u0119pny dla nast\u0119puj\u0105cych samochod\u00f3w dostawczych:<\/h3>\n<hr class=\"noColor\"\/>\n<div class=\"borderTitleOrange\"><\/div>\n<hr class=\"noColor\"\/>\n<ul class=\"noListType\">\n<li class=\"col-xs-12 col-sm-6 col-md-4\"><i class=\"fa fa-angle-double-right\" aria-hidden=\"true\"><\/i> Fiat Doblo 2010 | <small>L1H1, L2H1<\/small><\/li>\n<li class=\"col-xs-12 col-sm-6 col-md-4\"><a href=\"https:\/\/www.storevan.com\/pl\/zabudowy\/fiat\/talento\/bagazniki-dachowe\/\" title=\"Baga\u017cnik do Fiat Talento\"><i class=\"fa fa-angle-double-right\" aria-hidden=\"true\"><\/i> Fiat Talento 2016 | <small>L1H1, L2H1<\/small><\/a><\/li>\n<li class=\"col-xs-12 col-sm-6 col-md-4\"><a href=\"https:\/\/www.storevan.com\/pl\/zabudowy\/citroen\/berlingo\/bagazniki-dachowe\/\" title=\"Baga\u017cnik do Citro\u00ebn Berlingo\"><i class=\"fa fa-angle-double-right\" aria-hidden=\"true\"><\/i> Citro\u00ebn Berlingo 2018 | <small>L1 (M), L2 (XL)<\/small><\/a><\/li>\n<li class=\"col-xs-12 col-sm-6 col-md-4\"><i class=\"fa fa-angle-double-right\" aria-hidden=\"true\"><\/i> Citro\u00ebn Jumpy | <small>L1 (XS), L2 (M)<\/small><\/li>\n<li class=\"col-xs-12 col-sm-6 col-md-4\"><a href=\"https:\/\/www.storevan.com\/pl\/zabudowy\/opel\/combo\/bagazniki-dachowe\/\" title=\"Baga\u017cnik do Opel Combo\"><i class=\"fa fa-angle-double-right\" aria-hidden=\"true\"><\/i> Opel Combo 2018 | <small>L1, L2<\/small><\/a><\/li>\n<li class=\"col-xs-12 col-sm-6 col-md-4\"><i class=\"fa fa-angle-double-right\" aria-hidden=\"true\"><\/i> Opel Vivaro 2014 | <small>L1H1, L2H1<\/small><\/li>\n<li class=\"col-xs-12 col-sm-6 col-md-4\"><i class=\"fa fa-angle-double-right\" aria-hidden=\"true\"><\/i> Opel Vivaro 2019 | <small>L1 (Compact), L2 (Standard)<\/small><\/li>\n<li class=\"col-xs-12 col-sm-6 col-md-4\"><a href=\"https:\/\/www.storevan.com\/pl\/zabudowy\/peugeot\/partner\/bagazniki-dachowe\/\" title=\"Baga\u017cnik do Peugeot Partner\"><i class=\"fa fa-angle-double-right\" aria-hidden=\"true\"><\/i> Peugeot Partner 2018 | <small>L1 (Standard), L2 (Long)<\/small><\/a><\/li>\n<li class=\"col-xs-12 col-sm-6 col-md-4\"><i class=\"fa fa-angle-double-right\" aria-hidden=\"true\"><\/i> Peugeot Expert 2016 | <small>L1 (Compact), L2 (Standard)<\/small><\/li>\n<li class=\"col-xs-12 col-sm-6 col-md-4\"><i class=\"fa fa-angle-double-right\" aria-hidden=\"true\"><\/i> Renault Kangoo 2013 | <small>L1, L2<\/small><\/li>\n<li class=\"col-xs-12 col-sm-6 col-md-4\"><a href=\"https:\/\/www.storevan.com\/pl\/zabudowy\/renault\/trafic\/bagazniki-dachowe\/\" title=\"Baga\u017cnik do Renault Trafic\"><i class=\"fa fa-angle-double-right\" aria-hidden=\"true\"><\/i> Renault Trafic 2014 | <small>L1H1, L2H1<\/small><\/a><\/li>\n<li class=\"col-xs-12 col-sm-6 col-md-4\"><i class=\"fa fa-angle-double-right\" aria-hidden=\"true\"><\/i> Toyota Proace 2016 | <small>L0 (Compact), L1 (Medium)<\/small><\/li>\n<li class=\"col-xs-12 col-sm-6 col-md-4\"><a href=\"https:\/\/www.storevan.com\/pl\/zabudowy\/toyota\/proace-city\/bagazniki\/\" title=\"Baga\u017cnik do Toyota Proace City\"><i class=\"fa fa-angle-double-right\" aria-hidden=\"true\"><\/i> Toyota Proace City | <small>L1, L2<\/small><\/a><\/li>\n<li class=\"col-xs-12 col-sm-6 col-md-4\"><i class=\"fa fa-angle-double-right\" aria-hidden=\"true\"><\/i> Nissan NV 250 | <small>L1, L2<\/small><\/li>\n<li class=\"col-xs-12 col-sm-6 col-md-4\"><a href=\"https:\/\/www.storevan.com\/pl\/zabudowy\/nissan\/nv300\/bagazniki-dachowe\/\" title=\"Baga\u017cnik do Nissan NV 300\"><i class=\"fa fa-angle-double-right\" aria-hidden=\"true\"><\/i> Nissan NV 300 \/ Primastar | <small>L1, L2<\/small><\/a><\/li>\n<li class=\"col-xs-12 col-sm-6 col-md-4\"><i class=\"fa fa-angle-double-right\" aria-hidden=\"true\"><\/i> Mercedes Citan | <small>L1 (Long), L2 (Extra-long)<\/small><\/li>\n<li class=\"col-xs-12 col-sm-6 col-md-4\"><a href=\"https:\/\/www.storevan.com\/pl\/zabudowy\/volkswagen\/caddy-cargo\/bagazniki\/\" title=\"Baga\u017cnik do Volkswagen Caddy Cargo\"><i class=\"fa fa-angle-double-right\" aria-hidden=\"true\"><\/i> Volkswagen Caddy Cargo | <small>L1H1<\/small><\/a><\/li>\n<\/ul>\n<div class=\"break\"><\/div>\n<hr class=\"noColor break\" \/>\n<hr \/>\n<hr class=\"noColor break\" \/>\n<div class=\"col-xs-12 col-sm-4\">\n<div class=\"text-center\"><a class=\"btn btn-download\" href=\"tel:+390424585455\"><i class=\"fa fa-phone\"><\/i> <span class=\"spanBtn\">ZADZWO\u0143 TERAZ<\/span><br \/>\nuzyskasz wszelkie informacje<\/a><\/div>\n<\/div>\n<div class=\"col-xs-12 col-sm-4\">\n<div class=\"text-center\"><a class=\"btn btn-download btnToggle\" href=\"#formcontatto\"><i class=\"fa fa-envelope\"><\/i> <span class=\"spanBtn\">NAPISZ<\/span><br \/>\nskontaktujemy si\u0119 <\/a><\/div>\n<\/div>\n<div class=\"col-xs-12 col-sm-4\">\n<div class=\"text-center\"><a class=\"btn btn-download\" target=\"_blank\" href=\"https:\/\/www.storevan.com\/wp-content\/uploads\/doc\/Catalogo-SpaceUp-PLES.pdf\" download rel=\"noopener noreferrer\"><i class=\"fa fa-envelope\"><\/i> <span class=\"spanBtn\">DOWNLOAD<\/span><br \/>\nKatalog Space Up<\/a><\/div>\n<\/div>\n<div class=\"break\"><\/div>\n","protected":false},"excerpt":{"rendered":"<p>Relingi dachowe, baga\u017cnik dachowy, baga\u017cnik dachowy Dinamico* oraz baga\u017cnik drabinowy firmy Store Van, przeznaczone do samochod\u00f3w dostawczych, zosta\u0142y zaprojektowane w taki spos\u00f3b, aby maksymalnie wykorzysta\u0107 przestrze\u0144 dost\u0119pn\u0105 na dachu pojazdu..<\/p>\n","protected":false},"author":470,"featured_media":0,"parent":8994,"menu_order":0,"comment_status":"closed","ping_status":"closed","template":"page-spaceup.php","meta":[],"acf":[],"yoast_head":"<!-- This site is optimized with the Yoast SEO plugin v20.11 - https:\/\/yoast.com\/wordpress\/plugins\/seo\/ -->\n<title>Baga\u017cniki dachowe i baga\u017cniki na drabin\u0119 do samochod\u00f3w dostawczych<\/title>\n<meta name=\"description\" content=\"Belki dachowe, baga\u017cniki dachowe i baga\u017cniki na drabin\u0119 do samochod\u00f3w dostawczych stworzone po to, aby za\u0142adunek towaru odbywa\u0142 si\u0119 bezpiecznie i bez wysi\u0142ku.\" \/>\n<meta name=\"robots\" content=\"index, follow, max-snippet:-1, max-image-preview:large, max-video-preview:-1\" \/>\n<link rel=\"canonical\" href=\"https:\/\/www.storevan.com\/pl\/produkty\/bagazniki\/\" \/>\n<meta property=\"og:locale\" content=\"pl_PL\" \/>\n<meta property=\"og:type\" content=\"article\" \/>\n<meta property=\"og:title\" content=\"Baga\u017cniki dachowe i baga\u017cniki na drabin\u0119 do samochod\u00f3w dostawczych\" \/>\n<meta property=\"og:description\" content=\"Belki dachowe, baga\u017cniki dachowe i baga\u017cniki na drabin\u0119 do samochod\u00f3w dostawczych stworzone po to, aby za\u0142adunek towaru odbywa\u0142 si\u0119 bezpiecznie i bez wysi\u0142ku.\" \/>\n<meta property=\"og:url\" content=\"https:\/\/www.storevan.com\/pl\/produkty\/bagazniki\/\" \/>\n<meta property=\"og:site_name\" content=\"Store Van\" \/>\n<meta property=\"article:modified_time\" content=\"2024-07-16T08:48:57+00:00\" \/>\n<meta property=\"og:image\" content=\"https:\/\/www.storevan.com\/wp-content\/uploads\/2020\/03\/dinamico-thumb.jpg\" \/>\n<meta name=\"twitter:label1\" content=\"Szacowany czas czytania\" \/>\n\t<meta name=\"twitter:data1\" content=\"3 minuty\" \/>\n<script type=\"application\/ld+json\" class=\"yoast-schema-graph\">{\"@context\":\"https:\/\/schema.org\",\"@graph\":[{\"@type\":\"WebPage\",\"@id\":\"https:\/\/www.storevan.com\/pl\/produkty\/bagazniki\/\",\"url\":\"https:\/\/www.storevan.com\/pl\/produkty\/bagazniki\/\",\"name\":\"Baga\u017cniki dachowe i baga\u017cniki na drabin\u0119 do samochod\u00f3w dostawczych\",\"isPartOf\":{\"@id\":\"https:\/\/www.storevan.com\/pl\/#website\"},\"datePublished\":\"2020-03-19T09:08:52+00:00\",\"dateModified\":\"2024-07-16T08:48:57+00:00\",\"description\":\"Belki dachowe, baga\u017cniki dachowe i baga\u017cniki na drabin\u0119 do samochod\u00f3w dostawczych stworzone po to, aby za\u0142adunek towaru odbywa\u0142 si\u0119 bezpiecznie i bez wysi\u0142ku.\",\"breadcrumb\":{\"@id\":\"https:\/\/www.storevan.com\/pl\/produkty\/bagazniki\/#breadcrumb\"},\"inLanguage\":\"pl-PL\",\"potentialAction\":[{\"@type\":\"ReadAction\",\"target\":[\"https:\/\/www.storevan.com\/pl\/produkty\/bagazniki\/\"]}]},{\"@type\":\"BreadcrumbList\",\"@id\":\"https:\/\/www.storevan.com\/pl\/produkty\/bagazniki\/#breadcrumb\",\"itemListElement\":[{\"@type\":\"ListItem\",\"position\":1,\"name\":\"Home\",\"item\":\"https:\/\/www.storevan.com\/pl\/\"},{\"@type\":\"ListItem\",\"position\":2,\"name\":\"Produkty\",\"item\":\"https:\/\/www.storevan.com\/pl\/produkty\/\"},{\"@type\":\"ListItem\",\"position\":3,\"name\":\"Baga\u017cniki dachowe i baga\u017cniki na drabin\u0119 do samochod\u00f3w dostawczych\"}]},{\"@type\":\"WebSite\",\"@id\":\"https:\/\/www.storevan.com\/pl\/#website\",\"url\":\"https:\/\/www.storevan.com\/pl\/\",\"name\":\"Store Van\",\"description\":\"Zabudowy\",\"potentialAction\":[{\"@type\":\"SearchAction\",\"target\":{\"@type\":\"EntryPoint\",\"urlTemplate\":\"https:\/\/www.storevan.com\/pl\/?s={search_term_string}\"},\"query-input\":\"required name=search_term_string\"}],\"inLanguage\":\"pl-PL\"}]}<\/script>\n<!-- \/ Yoast SEO plugin. -->","yoast_head_json":{"title":"Baga\u017cniki dachowe i baga\u017cniki na drabin\u0119 do samochod\u00f3w dostawczych","description":"Belki dachowe, baga\u017cniki dachowe i baga\u017cniki na drabin\u0119 do samochod\u00f3w dostawczych stworzone po to, aby za\u0142adunek towaru odbywa\u0142 si\u0119 bezpiecznie i bez wysi\u0142ku.","robots":{"index":"index","follow":"follow","max-snippet":"max-snippet:-1","max-image-preview":"max-image-preview:large","max-video-preview":"max-video-preview:-1"},"canonical":"https:\/\/www.storevan.com\/pl\/produkty\/bagazniki\/","og_locale":"pl_PL","og_type":"article","og_title":"Baga\u017cniki dachowe i baga\u017cniki na drabin\u0119 do samochod\u00f3w dostawczych","og_description":"Belki dachowe, baga\u017cniki dachowe i baga\u017cniki na drabin\u0119 do samochod\u00f3w dostawczych stworzone po to, aby za\u0142adunek towaru odbywa\u0142 si\u0119 bezpiecznie i bez wysi\u0142ku.","og_url":"https:\/\/www.storevan.com\/pl\/produkty\/bagazniki\/","og_site_name":"Store Van","article_modified_time":"2024-07-16T08:48:57+00:00","og_image":[{"url":"https:\/\/www.storevan.com\/wp-content\/uploads\/2020\/03\/dinamico-thumb.jpg"}],"twitter_misc":{"Szacowany czas czytania":"3 minuty"},"schema":{"@context":"https:\/\/schema.org","@graph":[{"@type":"WebPage","@id":"https:\/\/www.storevan.com\/pl\/produkty\/bagazniki\/","url":"https:\/\/www.storevan.com\/pl\/produkty\/bagazniki\/","name":"Baga\u017cniki dachowe i baga\u017cniki na drabin\u0119 do samochod\u00f3w dostawczych","isPartOf":{"@id":"https:\/\/www.storevan.com\/pl\/#website"},"datePublished":"2020-03-19T09:08:52+00:00","dateModified":"2024-07-16T08:48:57+00:00","description":"Belki dachowe, baga\u017cniki dachowe i baga\u017cniki na drabin\u0119 do samochod\u00f3w dostawczych stworzone po to, aby za\u0142adunek towaru odbywa\u0142 si\u0119 bezpiecznie i bez wysi\u0142ku.","breadcrumb":{"@id":"https:\/\/www.storevan.com\/pl\/produkty\/bagazniki\/#breadcrumb"},"inLanguage":"pl-PL","potentialAction":[{"@type":"ReadAction","target":["https:\/\/www.storevan.com\/pl\/produkty\/bagazniki\/"]}]},{"@type":"BreadcrumbList","@id":"https:\/\/www.storevan.com\/pl\/produkty\/bagazniki\/#breadcrumb","itemListElement":[{"@type":"ListItem","position":1,"name":"Home","item":"https:\/\/www.storevan.com\/pl\/"},{"@type":"ListItem","position":2,"name":"Produkty","item":"https:\/\/www.storevan.com\/pl\/produkty\/"},{"@type":"ListItem","position":3,"name":"Baga\u017cniki dachowe i baga\u017cniki na drabin\u0119 do samochod\u00f3w dostawczych"}]},{"@type":"WebSite","@id":"https:\/\/www.storevan.com\/pl\/#website","url":"https:\/\/www.storevan.com\/pl\/","name":"Store Van","description":"Zabudowy","potentialAction":[{"@type":"SearchAction","target":{"@type":"EntryPoint","urlTemplate":"https:\/\/www.storevan.com\/pl\/?s={search_term_string}"},"query-input":"required name=search_term_string"}],"inLanguage":"pl-PL"}]}},"_links":{"self":[{"href":"https:\/\/www.storevan.com\/pl\/wp-json\/wp\/v2\/pages\/115936"}],"collection":[{"href":"https:\/\/www.storevan.com\/pl\/wp-json\/wp\/v2\/pages"}],"about":[{"href":"https:\/\/www.storevan.com\/pl\/wp-json\/wp\/v2\/types\/page"}],"author":[{"embeddable":true,"href":"https:\/\/www.storevan.com\/pl\/wp-json\/wp\/v2\/users\/470"}],"replies":[{"embeddable":true,"href":"https:\/\/www.storevan.com\/pl\/wp-json\/wp\/v2\/comments?post=115936"}],"version-history":[{"count":27,"href":"https:\/\/www.storevan.com\/pl\/wp-json\/wp\/v2\/pages\/115936\/revisions"}],"predecessor-version":[{"id":156303,"href":"https:\/\/www.storevan.com\/pl\/wp-json\/wp\/v2\/pages\/115936\/revisions\/156303"}],"up":[{"embeddable":true,"href":"https:\/\/www.storevan.com\/pl\/wp-json\/wp\/v2\/pages\/8994"}],"wp:attachment":[{"href":"https:\/\/www.storevan.com\/pl\/wp-json\/wp\/v2\/media?parent=115936"}],"curies":[{"name":"wp","href":"https:\/\/api.w.org\/{rel}","templated":true}]}}