{"id":101326,"date":"2019-04-16T13:15:57","date_gmt":"2019-04-16T13:15:57","guid":{"rendered":"https:\/\/www.storevan.com\/zabudowy\/opel\/vivaro-2014\/portatutto-e-portascale\/"},"modified":"2019-04-16T13:26:07","modified_gmt":"2019-04-16T13:26:07","slug":"bagazniki-dachowe","status":"publish","type":"page","link":"https:\/\/www.storevan.com\/pl\/zabudowy\/opel\/vivaro-2014\/bagazniki-dachowe\/","title":{"rendered":"Baga\u017cniki"},"content":{"rendered":"<h1 class=\"customblackTitleSmall\">Baga\u017cniki do Vivaro 2014 <\/h1>\n<hr class=\"noColor\" \/>\n<p><img decoding=\"async\" loading=\"lazy\" class=\"aligncenter size-full wp-image-6052\" src=\"https:\/\/www.storevan.com\/wp-content\/uploads\/2016\/03\/StoreVan_Vivaro_2014_portatutto.jpg\" alt=\"Baga\u017cniki do Vivaro\" width=\"625\" height=\"260\" \/><\/p>\n<h2 class=\"bigTxt\">Baga\u017cnik<\/h2>\n<div class=\"borderTitle\"><\/div>\n<table class=\"table tableBorder\">\n<tbody>\n<tr class=\"border_bottomGrey\">\n<td class=\"txtBkOrange\">POJAZD<\/td>\n<td class=\"TESTO12biancoCX\" style=\"text-align: center;\" bgcolor=\"#0071B9\">BAGA\u017bNIK<\/td>\n<td class=\"TESTO12neroCX\" style=\"text-align: center;\" bgcolor=\"#e4e4e4\">WYMIARY<\/td>\n<td class=\"TESTO12neroCX\" style=\"text-align: center;\" bgcolor=\"#e4e4e4\">WAGA<\/td>\n<td class=\"TESTO12neroCX\" style=\"text-align: center;\" bgcolor=\"#e4e4e4\">UD\u0179WIG<\/td>\n<\/tr>\n<tr class=\"border_bottomGrey\">\n<td><\/td>\n<td><strong>ART.<\/strong><\/td>\n<td><\/td>\n<td><\/td>\n<td><\/td>\n<\/tr>\n<tr class=\"border_bottomGrey\">\n<td style=\"vertical-align: middle;\" bgcolor=\"#f0f0f0\">L1 H1<\/td>\n<td style=\"text-align: center;\"><span class=\"blue\">POT 222<\/span><\/td>\n<td>2750\u00d71700 mm<\/td>\n<td>30,30 Kg<\/td>\n<td>169,00 Kg<\/td>\n<\/tr>\n<tr class=\"border_bottomGrey\">\n<td style=\"vertical-align: middle;\" bgcolor=\"#f0f0f0\">L2 H1<\/td>\n<td style=\"text-align: center;\"><span class=\"blue\">POT 223<\/span><\/td>\n<td>3000\u00d71700 mm<\/td>\n<td>31,14 Kg<\/td>\n<td>168,00 Kg<\/td>\n<\/tr>\n<tr>\n<td class=\"TESTO12neroSX\" colspan=\"5\" height=\"18\">Tylko dla samochod\u00f3w z drzwiami tylnymi dwuskrzyd\u0142owymi.<\/td>\n<\/tr>\n<\/tbody>\n<\/table>\n<p><img decoding=\"async\" loading=\"lazy\" class=\"aligncenter size-full wp-image-6054\" src=\"https:\/\/www.storevan.com\/wp-content\/uploads\/2016\/03\/StoreVan_Vivaro_2014_portascale.jpg\" alt=\"Portes-\u00e9chelles pour Opel Vivaro\" width=\"625\" height=\"260\" \/><\/p>\n<h2 class=\"bigTxt\">Baga\u017cnik Opel Vivaro<\/h2>\n<div class=\"borderTitle\"><\/div>\n<table class=\"table tableBorder\">\n<tbody>\n<tr class=\"border_bottomGrey\">\n<td class=\"txtBkOrange\">POJAZD<\/td>\n<td class=\"TESTO12biancoCX\" style=\"text-align: center;\" bgcolor=\"#0071B9\">BAGA\u017bNIK<\/td>\n<td class=\"TESTO12neroCX\" style=\"text-align: center;\" bgcolor=\"#e4e4e4\">WYMIARY<\/td>\n<td class=\"TESTO12neroCX\" style=\"text-align: center;\" bgcolor=\"#e4e4e4\">WAGA<\/td>\n<td class=\"TESTO12neroCX\" style=\"text-align: center;\" bgcolor=\"#e4e4e4\">UD\u0179WIG<\/td>\n<\/tr>\n<tr class=\"border_bottomGrey\">\n<td><\/td>\n<td><strong>ART.<\/strong><\/td>\n<td><\/td>\n<td><\/td>\n<td><\/td>\n<\/tr>\n<tr class=\"border_bottomGrey\">\n<td style=\"vertical-align: middle;\" bgcolor=\"#f0f0f0\">L1 H1<\/td>\n<td style=\"text-align: center;\"><span class=\"blue\">POS 222<\/span><\/td>\n<td>3240\u00d71680 mm<\/td>\n<td>57,20 Kg<\/td>\n<td>142,00 Kg<\/td>\n<\/tr>\n<tr class=\"border_bottomGrey\">\n<td style=\"vertical-align: middle;\" bgcolor=\"#f0f0f0\">L2 H1<\/td>\n<td style=\"text-align: center;\"><span class=\"blue\">POS 223<\/span><\/td>\n<td>3240\u00d71680 mm<\/td>\n<td>57,62 Kg<\/td>\n<td>142,00 Kg<\/td>\n<\/tr>\n<tr>\n<td class=\"TESTO12neroSX\" colspan=\"5\" height=\"18\">Tylko dla samochod\u00f3w z drzwiami tylnymi dwuskrzyd\u0142owymi. W\u00f3zek na drabin\u0119 mo\u017ce by\u0107 mocowany po prawej lub po lewej stronie samochodu.<\/td>\n<\/tr>\n<\/tbody>\n<\/table>\n","protected":false},"excerpt":{"rendered":"<p>Baga\u017cniki do Vivaro 2014 Baga\u017cnik POJAZD BAGA\u017bNIK WYMIARY WAGA UD\u0179WIG ART. L1 H1 POT 222 2750\u00d71700 mm 30,30 Kg 169,00 Kg L2 H1 POT 223 3000\u00d71700 mm 31,14 Kg 168,00.<\/p>\n","protected":false},"author":470,"featured_media":0,"parent":101297,"menu_order":0,"comment_status":"closed","ping_status":"closed","template":"","meta":[],"acf":[],"yoast_head":"<!-- This site is optimized with the Yoast SEO plugin v20.11 - https:\/\/yoast.com\/wordpress\/plugins\/seo\/ -->\n<title>Portatutto e portascale per Vivaro 2014<\/title>\n<meta name=\"description\" content=\"Portatutto e portascale per Vivaro 2014, resistente e leggero, in alluminio e acciaio inox con rullo di caricamento e slitta a discesa servoassistita.\" \/>\n<meta name=\"robots\" content=\"index, follow, max-snippet:-1, max-image-preview:large, max-video-preview:-1\" \/>\n<link rel=\"canonical\" href=\"https:\/\/www.storevan.com\/allestimenti-veicoli-commerciali\/furgoni-opel\/vivaro-2014\/portatutto-e-portascale\/\" \/>\n<meta property=\"og:locale\" content=\"pl_PL\" \/>\n<meta property=\"og:type\" content=\"article\" \/>\n<meta property=\"og:title\" content=\"Portatutto e portascale per Vivaro 2014\" \/>\n<meta property=\"og:description\" content=\"Portatutto e portascale per Vivaro 2014, resistente e leggero, in alluminio e acciaio inox con rullo di caricamento e slitta a discesa servoassistita.\" \/>\n<meta property=\"og:url\" content=\"https:\/\/www.storevan.com\/allestimenti-veicoli-commerciali\/furgoni-opel\/vivaro-2014\/portatutto-e-portascale\/\" \/>\n<meta property=\"og:site_name\" content=\"Store Van\" \/>\n<meta property=\"article:modified_time\" content=\"2019-04-16T13:26:07+00:00\" \/>\n<meta property=\"og:image\" content=\"https:\/\/www.storevan.com\/wp-content\/uploads\/2016\/03\/StoreVan_Vivaro_2014_portatutto.jpg\" \/>\n<script type=\"application\/ld+json\" class=\"yoast-schema-graph\">{\"@context\":\"https:\/\/schema.org\",\"@graph\":[{\"@type\":\"WebPage\",\"@id\":\"https:\/\/www.storevan.com\/allestimenti-veicoli-commerciali\/furgoni-opel\/vivaro-2014\/portatutto-e-portascale\/\",\"url\":\"https:\/\/www.storevan.com\/allestimenti-veicoli-commerciali\/furgoni-opel\/vivaro-2014\/portatutto-e-portascale\/\",\"name\":\"Portatutto e portascale per Vivaro 2014\",\"isPartOf\":{\"@id\":\"https:\/\/www.storevan.com\/pl\/#website\"},\"datePublished\":\"2019-04-16T13:15:57+00:00\",\"dateModified\":\"2019-04-16T13:26:07+00:00\",\"description\":\"Portatutto e portascale per Vivaro 2014, resistente e leggero, in alluminio e acciaio inox con rullo di caricamento e slitta a discesa servoassistita.\",\"breadcrumb\":{\"@id\":\"https:\/\/www.storevan.com\/allestimenti-veicoli-commerciali\/furgoni-opel\/vivaro-2014\/portatutto-e-portascale\/#breadcrumb\"},\"inLanguage\":\"pl-PL\",\"potentialAction\":[{\"@type\":\"ReadAction\",\"target\":[\"https:\/\/www.storevan.com\/allestimenti-veicoli-commerciali\/furgoni-opel\/vivaro-2014\/portatutto-e-portascale\/\"]}]},{\"@type\":\"BreadcrumbList\",\"@id\":\"https:\/\/www.storevan.com\/allestimenti-veicoli-commerciali\/furgoni-opel\/vivaro-2014\/portatutto-e-portascale\/#breadcrumb\",\"itemListElement\":[{\"@type\":\"ListItem\",\"position\":1,\"name\":\"Home\",\"item\":\"https:\/\/www.storevan.com\/pl\/\"},{\"@type\":\"ListItem\",\"position\":2,\"name\":\"Zabudowy\",\"item\":\"https:\/\/www.storevan.com\/allestimenti-veicoli-commerciali\/\"},{\"@type\":\"ListItem\",\"position\":3,\"name\":\"Opel\",\"item\":\"https:\/\/www.storevan.com\/allestimenti-veicoli-commerciali\/furgoni-opel\/\"},{\"@type\":\"ListItem\",\"position\":4,\"name\":\"Vivaro 2014\",\"item\":\"https:\/\/www.storevan.com\/allestimenti-veicoli-commerciali\/furgoni-opel\/vivaro-2014\/\"},{\"@type\":\"ListItem\",\"position\":5,\"name\":\"Baga\u017cniki\"}]},{\"@type\":\"WebSite\",\"@id\":\"https:\/\/www.storevan.com\/pl\/#website\",\"url\":\"https:\/\/www.storevan.com\/pl\/\",\"name\":\"Store Van\",\"description\":\"Zabudowy\",\"potentialAction\":[{\"@type\":\"SearchAction\",\"target\":{\"@type\":\"EntryPoint\",\"urlTemplate\":\"https:\/\/www.storevan.com\/pl\/?s={search_term_string}\"},\"query-input\":\"required name=search_term_string\"}],\"inLanguage\":\"pl-PL\"}]}<\/script>\n<!-- \/ Yoast SEO plugin. -->","yoast_head_json":{"title":"Portatutto e portascale per Vivaro 2014","description":"Portatutto e portascale per Vivaro 2014, resistente e leggero, in alluminio e acciaio inox con rullo di caricamento e slitta a discesa servoassistita.","robots":{"index":"index","follow":"follow","max-snippet":"max-snippet:-1","max-image-preview":"max-image-preview:large","max-video-preview":"max-video-preview:-1"},"canonical":"https:\/\/www.storevan.com\/allestimenti-veicoli-commerciali\/furgoni-opel\/vivaro-2014\/portatutto-e-portascale\/","og_locale":"pl_PL","og_type":"article","og_title":"Portatutto e portascale per Vivaro 2014","og_description":"Portatutto e portascale per Vivaro 2014, resistente e leggero, in alluminio e acciaio inox con rullo di caricamento e slitta a discesa servoassistita.","og_url":"https:\/\/www.storevan.com\/allestimenti-veicoli-commerciali\/furgoni-opel\/vivaro-2014\/portatutto-e-portascale\/","og_site_name":"Store Van","article_modified_time":"2019-04-16T13:26:07+00:00","og_image":[{"url":"https:\/\/www.storevan.com\/wp-content\/uploads\/2016\/03\/StoreVan_Vivaro_2014_portatutto.jpg"}],"schema":{"@context":"https:\/\/schema.org","@graph":[{"@type":"WebPage","@id":"https:\/\/www.storevan.com\/allestimenti-veicoli-commerciali\/furgoni-opel\/vivaro-2014\/portatutto-e-portascale\/","url":"https:\/\/www.storevan.com\/allestimenti-veicoli-commerciali\/furgoni-opel\/vivaro-2014\/portatutto-e-portascale\/","name":"Portatutto e portascale per Vivaro 2014","isPartOf":{"@id":"https:\/\/www.storevan.com\/pl\/#website"},"datePublished":"2019-04-16T13:15:57+00:00","dateModified":"2019-04-16T13:26:07+00:00","description":"Portatutto e portascale per Vivaro 2014, resistente e leggero, in alluminio e acciaio inox con rullo di caricamento e slitta a discesa servoassistita.","breadcrumb":{"@id":"https:\/\/www.storevan.com\/allestimenti-veicoli-commerciali\/furgoni-opel\/vivaro-2014\/portatutto-e-portascale\/#breadcrumb"},"inLanguage":"pl-PL","potentialAction":[{"@type":"ReadAction","target":["https:\/\/www.storevan.com\/allestimenti-veicoli-commerciali\/furgoni-opel\/vivaro-2014\/portatutto-e-portascale\/"]}]},{"@type":"BreadcrumbList","@id":"https:\/\/www.storevan.com\/allestimenti-veicoli-commerciali\/furgoni-opel\/vivaro-2014\/portatutto-e-portascale\/#breadcrumb","itemListElement":[{"@type":"ListItem","position":1,"name":"Home","item":"https:\/\/www.storevan.com\/pl\/"},{"@type":"ListItem","position":2,"name":"Zabudowy","item":"https:\/\/www.storevan.com\/allestimenti-veicoli-commerciali\/"},{"@type":"ListItem","position":3,"name":"Opel","item":"https:\/\/www.storevan.com\/allestimenti-veicoli-commerciali\/furgoni-opel\/"},{"@type":"ListItem","position":4,"name":"Vivaro 2014","item":"https:\/\/www.storevan.com\/allestimenti-veicoli-commerciali\/furgoni-opel\/vivaro-2014\/"},{"@type":"ListItem","position":5,"name":"Baga\u017cniki"}]},{"@type":"WebSite","@id":"https:\/\/www.storevan.com\/pl\/#website","url":"https:\/\/www.storevan.com\/pl\/","name":"Store Van","description":"Zabudowy","potentialAction":[{"@type":"SearchAction","target":{"@type":"EntryPoint","urlTemplate":"https:\/\/www.storevan.com\/pl\/?s={search_term_string}"},"query-input":"required name=search_term_string"}],"inLanguage":"pl-PL"}]}},"_links":{"self":[{"href":"https:\/\/www.storevan.com\/pl\/wp-json\/wp\/v2\/pages\/101326"}],"collection":[{"href":"https:\/\/www.storevan.com\/pl\/wp-json\/wp\/v2\/pages"}],"about":[{"href":"https:\/\/www.storevan.com\/pl\/wp-json\/wp\/v2\/types\/page"}],"author":[{"embeddable":true,"href":"https:\/\/www.storevan.com\/pl\/wp-json\/wp\/v2\/users\/470"}],"replies":[{"embeddable":true,"href":"https:\/\/www.storevan.com\/pl\/wp-json\/wp\/v2\/comments?post=101326"}],"version-history":[{"count":1,"href":"https:\/\/www.storevan.com\/pl\/wp-json\/wp\/v2\/pages\/101326\/revisions"}],"predecessor-version":[{"id":101349,"href":"https:\/\/www.storevan.com\/pl\/wp-json\/wp\/v2\/pages\/101326\/revisions\/101349"}],"up":[{"embeddable":true,"href":"https:\/\/www.storevan.com\/pl\/wp-json\/wp\/v2\/pages\/101297"}],"wp:attachment":[{"href":"https:\/\/www.storevan.com\/pl\/wp-json\/wp\/v2\/media?parent=101326"}],"curies":[{"name":"wp","href":"https:\/\/api.w.org\/{rel}","templated":true}]}}