{"id":100497,"date":"2019-04-11T11:59:45","date_gmt":"2019-04-11T11:59:45","guid":{"rendered":"https:\/\/www.storevan.com\/?page_id=100497"},"modified":"2019-07-12T14:53:03","modified_gmt":"2019-07-12T14:53:03","slug":"rozwiazania-w-zakresie-zabudowy","status":"publish","type":"page","link":"https:\/\/www.storevan.com\/pl\/rozwiazania-w-zakresie-zabudowy\/","title":{"rendered":"Rozwi\u0105zania w zakresie zabudowy"},"content":{"rendered":"<h1 class=\"customblackTitleSmall\">Rozwi\u0105zania w zakresie zabudowy<\/h1>\n<h2>Profesjonalne rozwi\u0105zania w ruchu<\/h2>\n<p>Zabudowa Store Van powsta\u0142a w odpowiedzi na wymagania Klient\u00f3w: podstaw\u0105 ka\u017cdego projektu jest wi\u0119ksza produktywno\u015b\u0107, zyskowno\u015b\u0107 i maksymalne bezpiecze\u0144stwo. Kompetencje i do\u015bwiadczenie sprawiaj\u0105, \u017ce jeste\u015bmy profesjonalistami od pracy w ruchu!<br \/>\nNiezale\u017cnie od tego, czy jeste\u015b elektrykiem potrzebuj\u0105cym rega\u0142u na drobne elementy, hydraulikiem, przewo\u017c\u0105cym ci\u0119\u017ckie rury i narz\u0119dzia lub kurierem, kt\u00f3rego celem jest bezpieczne dowiezienie towaru pod wskazany adres, Store Van posiada idealne rozwi\u0105zanie dla ka\u017cdego samochodu dostawczego.<\/p>\n<h3 class=\"customblackTitleExtraSmall\">Zabuduj sw\u00f3j pojazd dostawczy:<\/h3>\n<div class=\"col-xs-12 col-sm-4 col-md-4\">\n<figure><a class=\"itemImg\" title=\"Wyposa\u017cenia wewn\u0119trzne do samochod\u00f3w dostawczych\" href=\"https:\/\/www.storevan.com\/pl\/wyposazenia-wewnetrzne-do-samochodow-dostawczych\/\"><img decoding=\"async\" loading=\"lazy\" class=\"aligncenter wp-image-98073 size-full\" title=\"Wyposa\u017cenia wewn\u0119trzne do samochod\u00f3w dostawczych\" src=\"https:\/\/www.storevan.com\/wp-content\/uploads\/2019\/03\/scaffalatura-per-furgoni.jpg\" alt=\"Wyposa\u017cenia wewn\u0119trzne do samochod\u00f3w dostawczych\" width=\"500\" height=\"500\" \/><\/a><\/figure>\n<h3 class=\"txtUp\">SYSTEMY REGA\u0141\u00d3W MODU\u0141OWYCH<\/h3>\n<div class=\"borderTitleOrange\"><\/div>\n<p class=\"tag\">MA\u0141E, \u015aREDNIE I DU\u017bE SAMOCHODY DOSTAWCZE<\/p>\n<hr class=\"noColor\" \/>\n<p>Odkryj rozwi\u0105zania Safety, Professional i Mobile: trzy poziomy zabudowy wn\u0119trza z rega\u0142ami, komodami, sto\u0142ami i wszystkim, czego potrzebujesz, aby przekszta\u0142ci\u0107 tw\u00f3j samoch\u00f3d dostawczy w idealny, przeno\u015bny warsztat!<\/p>\n<p><a class=\"btn btn-primary noMarg\" title=\"Wyposa\u017cenia wewn\u0119trzne do samochod\u00f3w dostawczych\" href=\"https:\/\/www.storevan.com\/pl\/wyposazenia-wewnetrzne-do-samochodow-dostawczych\/\">SZCZEG\u00d3\u0141Y<\/a><\/p>\n<\/div>\n<div class=\"col-xs-12 col-sm-4 col-md-4\">\n<figure><a class=\"itemImg\" title=\"Pod\u0142oga podwy\u017cszana\" href=\"https:\/\/www.storevan.com\/pl\/produkty\/podloga-podwyzszana\/\"><img decoding=\"async\" loading=\"lazy\" src=\"https:\/\/www.storevan.com\/wp-content\/uploads\/2019\/07\/Cassettiera-sottopianale-per-furgoni.jpg\" alt=\"Pod\u0142oga podwy\u017cszana\" width=\"500\" height=\"500\" class=\"aligncenter size-full wp-image-105047\" srcset=\"https:\/\/www.storevan.com\/wp-content\/uploads\/2019\/07\/Cassettiera-sottopianale-per-furgoni.jpg 500w, https:\/\/www.storevan.com\/wp-content\/uploads\/2019\/07\/Cassettiera-sottopianale-per-furgoni-150x150.jpg 150w, https:\/\/www.storevan.com\/wp-content\/uploads\/2019\/07\/Cassettiera-sottopianale-per-furgoni-300x300.jpg 300w, https:\/\/www.storevan.com\/wp-content\/uploads\/2019\/07\/Cassettiera-sottopianale-per-furgoni-48x48.jpg 48w, https:\/\/www.storevan.com\/wp-content\/uploads\/2019\/07\/Cassettiera-sottopianale-per-furgoni-480x480.jpg 480w\" sizes=\"(max-width: 500px) 100vw, 500px\" \/><\/a><\/figure>\n<h3 class=\"txtUp\">POD\u0141OGA I KOMODA POD POD\u0141OG\u0104<\/h3>\n<div class=\"borderTitleOrange\"><\/div>\n<p class=\"tag\">MA\u0141E I \u015aREDNIE SAMOCHODY DOSTAWCZE<\/p>\n<hr class=\"noColor\" \/>\n<p>Idealne do ma\u0142ych i \u015brednich samochod\u00f3w dostawczych, umo\u017cliwiaj\u0105 optymalizacj\u0119 przestrzeni, transportuj\u0105c w bezpieczny spos\u00f3b wszystko, czego potrzebujesz!<\/p>\n<p><a class=\"btn btn-primary noMarg\" title=\"Pod\u0142oga podwy\u017cszana\" href=\"https:\/\/www.storevan.com\/pl\/produkty\/podloga-podwyzszana\/\">SZCZEG\u00d3\u0141Y<\/a><\/p>\n<\/div>\n<div class=\"col-xs-12 col-sm-4 col-md-4\">\n<figure><a class=\"itemImg\" title=\"Sk\u0142adane p\u00f3\u0142ki do samochod\u00f3w dostawczych\" href=\"https:\/\/www.storevan.com\/pl\/produkty\/skladane-polki-do-samochodow-dostawczych\/\"><img decoding=\"async\" loading=\"lazy\" class=\"aligncenter wp-image-98085 size-full\" title=\"Sk\u0142adane p\u00f3\u0142ki do samochod\u00f3w dostawczych\" src=\"https:\/\/www.storevan.com\/wp-content\/uploads\/2019\/03\/ripiani-ribaltabili-store-van.jpg\" alt=\"Sk\u0142adane p\u00f3\u0142ki do samochod\u00f3w dostawczych\" width=\"500\" height=\"500\" \/><\/a><\/figure>\n<h3 class=\"txtUp\">SK\u0141ADANE P\u00d3\u0141KI<\/h3>\n<div class=\"borderTitleOrange\"><\/div>\n<p class=\"tag\">\u015aREDNIE I DU\u017bE SAMOCHODY DOSTAWCZE<\/p>\n<hr class=\"noColor\" \/>\n<p>Idealne rozwi\u0105zanie dla kurier\u00f3w, sprzedawc\u00f3w ulicznych, przedsi\u0119biorstw handlowych i us\u0142ug cateringowych. Sk\u0142adane p\u00f3\u0142ki umo\u017cliwiaj\u0105 r\u00f3wnie\u017c transport towar\u00f3w d\u0142ugich i o nieregularnych gabarytach.<\/p>\n<p><a class=\"btn btn-primary noMarg\" title=\"Sk\u0142adane p\u00f3\u0142ki do samochod\u00f3w dostawczych\" href=\"https:\/\/www.storevan.com\/pl\/produkty\/skladane-polki-do-samochodow-dostawczych\/\">SZCZEG\u00d3\u0141Y<\/a><\/p>\n<\/div>\n<div class=\"break\"><\/div>\n<hr class=\"noColor\" \/>\n<hr class=\"noColor\" \/>\n<h4 class=\"text-center txtBlack\"><i class=\"fa fa-angle-right\"><\/i> Lub wybierz bezpo\u015brednio sw\u00f3j pojazd, aby zobaczy\u0107 dost\u0119pne zabudowy <i class=\"fa fa-angle-right\"><\/i><\/h4>\n<div class=\"selMarca txtBlue\"><div class=\"col-xs-12 col-sm-12 col-md-4\"><p>Wybierz zabudow\u0119 dla:<\/p><\/div>\n\t<div class=\"col-xs-12 col-sm-6 col-md-3\"><select id=\"make\" class=\"form-control\"><option value=\"0\">Marki<\/option><option value=\"1\">Citroen<\/option><option value=\"2\">Dacia<\/option><option value=\"3\">Fiat<\/option><option value=\"4\">Ford<\/option><option value=\"5\">Hyundai<\/option><option value=\"6\">Iveco<\/option><option value=\"7\">Man<\/option><option value=\"8\">Mercedes-benz<\/option><option value=\"9\">Nissan<\/option><option value=\"10\">Opel<\/option><option value=\"11\">Peugeot<\/option><option value=\"12\">Renault<\/option><option value=\"13\">Toyota<\/option><option value=\"14\">Volkswagen<\/option><\/select><\/div><hr class=\"noColor break visible-xs\"\/>\n\t<div class=\"col-xs-12 col-sm-6 col-md-3\"><select id=\"model\" class=\"form-control\"><option value=\"0\">Modelu<\/option><option id=\"https:\/\/www.storevan.com\/pl\/zabudowy\/citroen\/nemo\/\" class=\"Nemo\" value=\"1\">Nemo<\/option><option id=\"https:\/\/www.storevan.com\/pl\/zabudowy\/citroen\/jumpy-2016\/\" class=\"Jumpy\" value=\"1\">Jumpy<\/option><option id=\"https:\/\/www.storevan.com\/pl\/zabudowy\/citroen\/jumper\/\" class=\"Jumper\" value=\"1\">Jumper<\/option><option id=\"https:\/\/www.storevan.com\/pl\/zabudowy\/citroen\/berlingo\/\" class=\"Berlingo\" value=\"1\">Berlingo<\/option><option id=\"https:\/\/www.storevan.com\/pl\/zabudowy\/citroen\/jumpy-2016\/\" class=\"Jumpy\" value=\"1\">Jumpy<\/option><option id=\"https:\/\/www.storevan.com\/pl\/zabudowy\/dacia\/dokker\/\" class=\"Dokker\" value=\"2\">Dokker<\/option><option id=\"https:\/\/www.storevan.com\/pl\/zabudowy\/fiat\/doblo\/\" class=\"Dobl\u00f2\" value=\"3\">Dobl\u00f2<\/option><option id=\"https:\/\/www.storevan.com\/pl\/zabudowy\/fiat\/ducato\/\" class=\"Ducato\" value=\"3\">Ducato<\/option><option id=\"https:\/\/www.storevan.com\/pl\/zabudowy\/fiat\/fiorino\/\" class=\"Fiorino\" value=\"3\">Fiorino<\/option><option id=\"https:\/\/www.storevan.com\/pl\/zabudowy\/fiat\/talento\/\" class=\"Talento\" value=\"3\">Talento<\/option><option id=\"https:\/\/www.storevan.com\/pl\/zabudowy\/ford\/courier\/\" class=\"Courier\" value=\"4\">Courier<\/option><option id=\"https:\/\/www.storevan.com\/pl\/zabudowy\/ford\/connect\/\" class=\"Connect\" value=\"4\">Connect<\/option><option id=\"https:\/\/www.storevan.com\/pl\/zabudowy\/ford\/custom\/\" class=\"Custom\" value=\"4\">Custom<\/option><option id=\"https:\/\/www.storevan.com\/pl\/zabudowy\/ford\/transit\/\" class=\"Transit\" value=\"4\">Transit<\/option><option id=\"https:\/\/www.storevan.com\/pl\/zabudowy\/hyundai\/h350\/\" class=\"H350\" value=\"5\">H350<\/option><option id=\"https:\/\/www.storevan.com\/pl\/zabudowy\/iveco\/daily\/\" class=\"Daily\" value=\"6\">Daily<\/option><option id=\"https:\/\/www.storevan.com\/pl\/zabudowy\/man\/tge\/\" class=\"TGE\" value=\"7\">TGE<\/option><option id=\"https:\/\/www.storevan.com\/pl\/zabudowy\/mercedes-benz\/citan\/\" class=\"Citan\" value=\"8\">Citan<\/option><option id=\"https:\/\/www.storevan.com\/pl\/zabudowy\/mercedes-benz\/vito\/\" class=\"Vito\" value=\"8\">Vito<\/option><option id=\"https:\/\/www.storevan.com\/pl\/zabudowy\/mercedes-benz\/sprinter\/\" class=\"Sprinter\" value=\"8\">Sprinter<\/option><option id=\"https:\/\/www.storevan.com\/pl\/zabudowy\/nissan\/nv200\/\" class=\"NV200\" value=\"9\">NV200<\/option><option id=\"https:\/\/www.storevan.com\/pl\/zabudowy\/nissan\/nv300\/\" class=\"NV300\" value=\"9\">NV300<\/option><option id=\"https:\/\/www.storevan.com\/pl\/zabudowy\/nissan\/nv400\/\" class=\"NV400\" value=\"9\">NV400<\/option><option id=\"https:\/\/www.storevan.com\/pl\/zabudowy\/opel\/combo\/\" class=\"Combo\" value=\"10\">Combo<\/option><option id=\"https:\/\/www.storevan.com\/pl\/zabudowy\/opel\/vivaro\/\" class=\"Vivaro\" value=\"10\">Vivaro<\/option><option id=\"https:\/\/www.storevan.com\/pl\/zabudowy\/opel\/movano\/\" class=\"Movano\" value=\"10\">Movano<\/option><option id=\"https:\/\/www.storevan.com\/pl\/zabudowy\/opel\/movano-2021\/\" class=\"Movano 2021\" value=\"10\">Movano 2021<\/option><option id=\"https:\/\/www.storevan.com\/pl\/zabudowy\/peugeot\/bipper\/\" class=\"Bipper\" value=\"11\">Bipper<\/option><option id=\"https:\/\/www.storevan.com\/pl\/zabudowy\/peugeot\/partner\/\" class=\"Partner\" value=\"11\">Partner<\/option><option id=\"https:\/\/www.storevan.com\/pl\/zabudowy\/peugeot\/boxer\/\" class=\"Boxer\" value=\"11\">Boxer<\/option><option id=\"https:\/\/www.storevan.com\/pl\/zabudowy\/peugeot\/expert-2016\/\" class=\"Expert\" value=\"11\">Expert<\/option><option id=\"https:\/\/www.storevan.com\/pl\/zabudowy\/renault\/kangoo\/\" class=\"Kangoo\" value=\"12\">Kangoo<\/option><option id=\"https:\/\/www.storevan.com\/pl\/zabudowy\/renault\/trafic\/\" class=\"Trafic\" value=\"12\">Trafic<\/option><option id=\"https:\/\/www.storevan.com\/pl\/zabudowy\/renault\/master\/\" class=\"Master\" value=\"12\">Master<\/option><option id=\"https:\/\/www.storevan.com\/pl\/zabudowy\/toyota\/proace\/\" class=\"Proace\" value=\"13\">Proace<\/option><option id=\"https:\/\/www.storevan.com\/pl\/zabudowy\/toyota\/proace-city\/\" class=\"Proace City\" value=\"13\">Proace City<\/option><option id=\"https:\/\/www.storevan.com\/pl\/zabudowy\/volkswagen\/caddy\/\" class=\"Caddy\" value=\"14\">Caddy<\/option><option id=\"https:\/\/www.storevan.com\/pl\/zabudowy\/volkswagen\/transporter\/\" class=\"Transporter\" value=\"14\">Transporter<\/option><option id=\"https:\/\/www.storevan.com\/pl\/zabudowy\/volkswagen\/crafter-2017\/\" class=\"Crafter 2017\" value=\"14\">Crafter 2017<\/option><option id=\"https:\/\/www.storevan.com\/pl\/zabudowy\/volkswagen\/crafter\/\" class=\"Crafter 2006\" value=\"14\">Crafter 2006<\/option><option id=\"https:\/\/www.storevan.com\/pl\/zabudowy\/volkswagen\/caddy-cargo\/\" class=\"Caddy Cargo\" value=\"14\">Caddy Cargo<\/option><\/select><\/div><hr class=\"noColor break visible-xs\"\/>\n\t<div id=\"pagina\" class=\"col-xs-12 col-sm-12 col-md-2\"><input class=\"btn btn-primary\" type=\"submit\" name=\"button\" id=\"button\" value=\"Szukaj\" onclick=\"showURL();\" \/><\/div>\n\t<div class=\"break\"><\/div><\/div>\n","protected":false},"excerpt":{"rendered":"<p>Rozwi\u0105zania w zakresie zabudowy Profesjonalne rozwi\u0105zania w ruchu Zabudowa Store Van powsta\u0142a w odpowiedzi na wymagania Klient\u00f3w: podstaw\u0105 ka\u017cdego projektu jest wi\u0119ksza produktywno\u015b\u0107, zyskowno\u015b\u0107 i maksymalne bezpiecze\u0144stwo. Kompetencje i do\u015bwiadczenie.<\/p>\n","protected":false},"author":470,"featured_media":0,"parent":0,"menu_order":0,"comment_status":"closed","ping_status":"closed","template":"","meta":[],"acf":[],"yoast_head":"<!-- This site is optimized with the Yoast SEO plugin v20.11 - https:\/\/yoast.com\/wordpress\/plugins\/seo\/ -->\n<title>Rozwi\u0105zania w zakresie zabudowy<\/title>\n<meta name=\"description\" content=\"Rozwi\u0105zania w zakresie zabudowy dla ma\u0142ych, \u015brednich i du\u017cych samochod\u00f3w dostawczych: odkryj odpowiedni\u0105 dla ciebie zabudow\u0119 z rega\u0142ami i sk\u0142adanymi p\u00f3\u0142kami!\" \/>\n<meta name=\"robots\" content=\"index, follow, max-snippet:-1, max-image-preview:large, max-video-preview:-1\" \/>\n<link rel=\"canonical\" href=\"https:\/\/www.storevan.com\/pl\/rozwiazania-w-zakresie-zabudowy\/\" \/>\n<meta property=\"og:locale\" content=\"pl_PL\" \/>\n<meta property=\"og:type\" content=\"article\" \/>\n<meta property=\"og:title\" content=\"Rozwi\u0105zania w zakresie zabudowy\" \/>\n<meta property=\"og:description\" content=\"Rozwi\u0105zania w zakresie zabudowy dla ma\u0142ych, \u015brednich i du\u017cych samochod\u00f3w dostawczych: odkryj odpowiedni\u0105 dla ciebie zabudow\u0119 z rega\u0142ami i sk\u0142adanymi p\u00f3\u0142kami!\" \/>\n<meta property=\"og:url\" content=\"https:\/\/www.storevan.com\/pl\/rozwiazania-w-zakresie-zabudowy\/\" \/>\n<meta property=\"og:site_name\" content=\"Store Van\" \/>\n<meta property=\"article:modified_time\" content=\"2019-07-12T14:53:03+00:00\" \/>\n<meta property=\"og:image\" content=\"https:\/\/www.storevan.com\/wp-content\/uploads\/2019\/03\/scaffalatura-per-furgoni.jpg\" \/>\n<meta name=\"twitter:label1\" content=\"Szacowany czas czytania\" \/>\n\t<meta name=\"twitter:data1\" content=\"1 minuta\" \/>\n<script type=\"application\/ld+json\" class=\"yoast-schema-graph\">{\"@context\":\"https:\/\/schema.org\",\"@graph\":[{\"@type\":\"WebPage\",\"@id\":\"https:\/\/www.storevan.com\/pl\/rozwiazania-w-zakresie-zabudowy\/\",\"url\":\"https:\/\/www.storevan.com\/pl\/rozwiazania-w-zakresie-zabudowy\/\",\"name\":\"Rozwi\u0105zania w zakresie zabudowy\",\"isPartOf\":{\"@id\":\"https:\/\/www.storevan.com\/pl\/#website\"},\"datePublished\":\"2019-04-11T11:59:45+00:00\",\"dateModified\":\"2019-07-12T14:53:03+00:00\",\"description\":\"Rozwi\u0105zania w zakresie zabudowy dla ma\u0142ych, \u015brednich i du\u017cych samochod\u00f3w dostawczych: odkryj odpowiedni\u0105 dla ciebie zabudow\u0119 z rega\u0142ami i sk\u0142adanymi p\u00f3\u0142kami!\",\"breadcrumb\":{\"@id\":\"https:\/\/www.storevan.com\/pl\/rozwiazania-w-zakresie-zabudowy\/#breadcrumb\"},\"inLanguage\":\"pl-PL\",\"potentialAction\":[{\"@type\":\"ReadAction\",\"target\":[\"https:\/\/www.storevan.com\/pl\/rozwiazania-w-zakresie-zabudowy\/\"]}]},{\"@type\":\"BreadcrumbList\",\"@id\":\"https:\/\/www.storevan.com\/pl\/rozwiazania-w-zakresie-zabudowy\/#breadcrumb\",\"itemListElement\":[{\"@type\":\"ListItem\",\"position\":1,\"name\":\"Home\",\"item\":\"https:\/\/www.storevan.com\/pl\/\"},{\"@type\":\"ListItem\",\"position\":2,\"name\":\"Rozwi\u0105zania w zakresie zabudowy\"}]},{\"@type\":\"WebSite\",\"@id\":\"https:\/\/www.storevan.com\/pl\/#website\",\"url\":\"https:\/\/www.storevan.com\/pl\/\",\"name\":\"Store Van\",\"description\":\"Zabudowy\",\"potentialAction\":[{\"@type\":\"SearchAction\",\"target\":{\"@type\":\"EntryPoint\",\"urlTemplate\":\"https:\/\/www.storevan.com\/pl\/?s={search_term_string}\"},\"query-input\":\"required name=search_term_string\"}],\"inLanguage\":\"pl-PL\"}]}<\/script>\n<!-- \/ Yoast SEO plugin. -->","yoast_head_json":{"title":"Rozwi\u0105zania w zakresie zabudowy","description":"Rozwi\u0105zania w zakresie zabudowy dla ma\u0142ych, \u015brednich i du\u017cych samochod\u00f3w dostawczych: odkryj odpowiedni\u0105 dla ciebie zabudow\u0119 z rega\u0142ami i sk\u0142adanymi p\u00f3\u0142kami!","robots":{"index":"index","follow":"follow","max-snippet":"max-snippet:-1","max-image-preview":"max-image-preview:large","max-video-preview":"max-video-preview:-1"},"canonical":"https:\/\/www.storevan.com\/pl\/rozwiazania-w-zakresie-zabudowy\/","og_locale":"pl_PL","og_type":"article","og_title":"Rozwi\u0105zania w zakresie zabudowy","og_description":"Rozwi\u0105zania w zakresie zabudowy dla ma\u0142ych, \u015brednich i du\u017cych samochod\u00f3w dostawczych: odkryj odpowiedni\u0105 dla ciebie zabudow\u0119 z rega\u0142ami i sk\u0142adanymi p\u00f3\u0142kami!","og_url":"https:\/\/www.storevan.com\/pl\/rozwiazania-w-zakresie-zabudowy\/","og_site_name":"Store Van","article_modified_time":"2019-07-12T14:53:03+00:00","og_image":[{"url":"https:\/\/www.storevan.com\/wp-content\/uploads\/2019\/03\/scaffalatura-per-furgoni.jpg"}],"twitter_misc":{"Szacowany czas czytania":"1 minuta"},"schema":{"@context":"https:\/\/schema.org","@graph":[{"@type":"WebPage","@id":"https:\/\/www.storevan.com\/pl\/rozwiazania-w-zakresie-zabudowy\/","url":"https:\/\/www.storevan.com\/pl\/rozwiazania-w-zakresie-zabudowy\/","name":"Rozwi\u0105zania w zakresie zabudowy","isPartOf":{"@id":"https:\/\/www.storevan.com\/pl\/#website"},"datePublished":"2019-04-11T11:59:45+00:00","dateModified":"2019-07-12T14:53:03+00:00","description":"Rozwi\u0105zania w zakresie zabudowy dla ma\u0142ych, \u015brednich i du\u017cych samochod\u00f3w dostawczych: odkryj odpowiedni\u0105 dla ciebie zabudow\u0119 z rega\u0142ami i sk\u0142adanymi p\u00f3\u0142kami!","breadcrumb":{"@id":"https:\/\/www.storevan.com\/pl\/rozwiazania-w-zakresie-zabudowy\/#breadcrumb"},"inLanguage":"pl-PL","potentialAction":[{"@type":"ReadAction","target":["https:\/\/www.storevan.com\/pl\/rozwiazania-w-zakresie-zabudowy\/"]}]},{"@type":"BreadcrumbList","@id":"https:\/\/www.storevan.com\/pl\/rozwiazania-w-zakresie-zabudowy\/#breadcrumb","itemListElement":[{"@type":"ListItem","position":1,"name":"Home","item":"https:\/\/www.storevan.com\/pl\/"},{"@type":"ListItem","position":2,"name":"Rozwi\u0105zania w zakresie zabudowy"}]},{"@type":"WebSite","@id":"https:\/\/www.storevan.com\/pl\/#website","url":"https:\/\/www.storevan.com\/pl\/","name":"Store Van","description":"Zabudowy","potentialAction":[{"@type":"SearchAction","target":{"@type":"EntryPoint","urlTemplate":"https:\/\/www.storevan.com\/pl\/?s={search_term_string}"},"query-input":"required name=search_term_string"}],"inLanguage":"pl-PL"}]}},"_links":{"self":[{"href":"https:\/\/www.storevan.com\/pl\/wp-json\/wp\/v2\/pages\/100497"}],"collection":[{"href":"https:\/\/www.storevan.com\/pl\/wp-json\/wp\/v2\/pages"}],"about":[{"href":"https:\/\/www.storevan.com\/pl\/wp-json\/wp\/v2\/types\/page"}],"author":[{"embeddable":true,"href":"https:\/\/www.storevan.com\/pl\/wp-json\/wp\/v2\/users\/470"}],"replies":[{"embeddable":true,"href":"https:\/\/www.storevan.com\/pl\/wp-json\/wp\/v2\/comments?post=100497"}],"version-history":[{"count":5,"href":"https:\/\/www.storevan.com\/pl\/wp-json\/wp\/v2\/pages\/100497\/revisions"}],"predecessor-version":[{"id":105060,"href":"https:\/\/www.storevan.com\/pl\/wp-json\/wp\/v2\/pages\/100497\/revisions\/105060"}],"wp:attachment":[{"href":"https:\/\/www.storevan.com\/pl\/wp-json\/wp\/v2\/media?parent=100497"}],"curies":[{"name":"wp","href":"https:\/\/api.w.org\/{rel}","templated":true}]}}