{"id":100471,"date":"2019-04-11T11:58:28","date_gmt":"2019-04-11T11:58:28","guid":{"rendered":"https:\/\/www.storevan.com\/?page_id=100471"},"modified":"2019-04-12T08:58:15","modified_gmt":"2019-04-12T08:58:15","slug":"floty-firmowe","status":"publish","type":"page","link":"https:\/\/www.storevan.com\/pl\/floty-firmowe\/","title":{"rendered":"Floty firmowe"},"content":{"rendered":"<h1 class=\"customblackTitleSmall\">Floty firmowe<\/h1>\n<div class=\"bannerPage\">\n<div class=\"txtBannerPage\">\n<div class=\"text-left\">\n<h2 class=\"txtWhite text-left\">Firmowe floty samochodowe i parki pojazd\u00f3w<\/h2>\n<div class=\"borderTitleOrange\"><\/div>\n<hr class=\"noColor\">\n<h3 class=\"txtWhite text-left noUP\">Rozwi\u0105zania na wymiar dla ma\u0142ych i du\u017cych flot<\/h3>\n<\/div>\n<\/div>\n<div class=\"imgBannerPage\"><img decoding=\"async\" src=\"https:\/\/www.storevan.com\/wp-content\/uploads\/2019\/03\/flotte.jpg\" alt=\"Firmowe floty samochodowe i parki pojazd\u00f3w\"\/><\/div>\n<\/div>\n<hr class=\"noColor\"\/>\n<div class=\"col-xs-12 col-sm-7 col-md-6\">\n<hr class=\"noColor\"\/>\n<p class=\"txtOrange hidden-xs\">Profesjonalna zabudowa firmowych samochod\u00f3w dostawczych<\/p>\n<h4 class=\"bigTxt txtBlack\">Chcesz zabudowa\u0107 flot\u0119 firmow\u0105?<\/h4>\n<div class=\"borderTitleOrange\"><\/div>\n<hr class=\"noColor\"\/>\nFirma Store Van realizuje zabudow\u0119 dla firmowych flot samochodowych ma\u0142ych, \u015brednich i du\u017cych rozmiar\u00f3w. Dzi\u0119ki do\u015bwiadczeniu, profesjonalizmowi i umiej\u0119tno\u015bci tworzenia niestandardowych rozwi\u0105za\u0144, od lat jest wybierana przez firmy z r\u00f3\u017cnych bran\u017c.<br \/>\nKa\u017cdy projekt jest dok\u0142adnie opracowywany i analizowany z klientem i nadzorowany przez specjalny zesp\u00f3\u0142 we wszystkich jego fazach: od przyj\u0119cia do realizacji do finalizacji.<br \/>\nDzi\u0119ki dost\u0119pno\u015bci du\u017cej przestrzeni i ca\u0142kowicie wewn\u0119trznej produkcji, firma Store Van jest w stanie wykona\u0107 nawet du\u017ce zam\u00f3wienia, zgodnie z oszacowanym czasem, gwarantuj\u0105c precyzj\u0119 i wysok\u0105 jako\u015b\u0107 wykonania ka\u017cdej zabudowy.<\/p>\n<hr class=\"noColor\"\/>\n<\/div>\n<div class=\"col-xs-12 col-sm-5 col-md-6\">\n<hr class=\"noColor hidden-xs\"\/><img decoding=\"async\" loading=\"lazy\" src=\"https:\/\/www.storevan.com\/wp-content\/uploads\/2019\/03\/allestimento-flotta-aziendale.jpg\" alt=\"Profesjonalna zabudowa firmowych samochod\u00f3w dostawczych\" width=\"548\" height=\"244\" class=\"aligncenter size-full wp-image-98133\" \/><\/div>\n<div class=\"break\"><\/div>\n<hr class=\"visible-xs\"\/>\n<div class=\"col-xs-12 col-sm-7 col-md-6\">\n<hr class=\"noColor hidden-xs\"\/><img decoding=\"async\" loading=\"lazy\" src=\"https:\/\/www.storevan.com\/wp-content\/uploads\/2019\/03\/allestimento-furgoni-aziendali-su-misura.jpg\" alt=\"Zabudow\u0119 dla firmowych flot samochodowych\" width=\"548\" height=\"244\" class=\"aligncenter size-full wp-image-98139\" \/><\/div>\n<div class=\"col-xs-12 col-sm-5 col-md-6\">\n<hr class=\"noColor\"\/>\n<p class=\"txtOrange hidden-xs\">Zaprojektuj indywidualn\u0105 zabudow\u0119<\/p>\n<h4 class=\"bigTxt txtBlack\">WYBIERZ ODPOWIEDNIE WYPOSA\u017bENIE DLA TWOICH POJAZD\u00d3W FIRMOWYCH<\/h4>\n<div class=\"borderTitleOrange\"><\/div>\n<hr class=\"noColor\"\/>\nKa\u017cdy projekt mo\u017cna dostosowa\u0107 indywidualnie: w pierwszej fazie, w celu zaproponowania idealnego produktu, ocenia si\u0119 z klientem potrzeby i mo\u017cliwe rozwi\u0105zania. Nast\u0119pnie, tworzony jest projekt 3D, na podstawie kt\u00f3rego, po zatwierdzeniu przez klienta, budowany jest pierwszy prototyp. Dopiero po zbadaniu i ocenie prototypu rozpoczyna si\u0119 rzeczywista produkcj\u0119.  <\/p>\n<p>Szeroka gama rega\u0142\u00f3w i pokry\u0107 w po\u0142\u0105czeniu z wieloma dost\u0119pnymi akcesoriami do samochod\u00f3w dostawczych pozwala nam proponowa\u0107 r\u00f3\u017cne rozwi\u0105zania i utrzymywa\u0107 doskona\u0142y stosunek jako\u015bci do ceny.<\/p>\n<hr class=\"noColor\"\/>\n<\/div>\n<div class=\"break\"><\/div>\n<hr class=\"noColor\"\/>\n<hr\/>\n<hr class=\"noColor\"\/>\n<h4 class=\"text-center txtBlack bigTxt txtBkOrange\"><i class=\"fa fa-angle-left\"><\/i> Chcesz wiedzie\u0107 wi\u0119cej?  <i class=\"fa fa-angle-right\"><\/i><\/h4>\n<p class=\"text-center bigTxt\"><strong>Je\u015bli jeste\u015b firm\u0105 i chcesz uzyska\u0107 wi\u0119cej informacji na temat zabudowy flot firmowych, skontaktuj si\u0119 z nami bez zobowi\u0105za\u0144 i popro\u015b o indywidualn\u0105 ofert\u0119.<\/strong><\/p>\n<hr class=\"noColor\"\/>\n\n<div class=\"wpcf7 no-js\" id=\"wpcf7-f100464-o1\" lang=\"it-IT\" dir=\"ltr\">\n<div class=\"screen-reader-response\"><p role=\"status\" aria-live=\"polite\" aria-atomic=\"true\"><\/p> <ul><\/ul><\/div>\n<form action=\"\/pl\/wp-json\/wp\/v2\/pages\/100471#wpcf7-f100464-o1\" method=\"post\" class=\"wpcf7-form init\" aria-label=\"Modulo di contatto\" novalidate=\"novalidate\" data-status=\"init\">\n<div style=\"display: none;\">\n<input type=\"hidden\" name=\"_wpcf7\" value=\"100464\" \/>\n<input type=\"hidden\" name=\"_wpcf7_version\" value=\"5.7.7\" \/>\n<input type=\"hidden\" name=\"_wpcf7_locale\" value=\"it_IT\" \/>\n<input type=\"hidden\" name=\"_wpcf7_unit_tag\" value=\"wpcf7-f100464-o1\" \/>\n<input type=\"hidden\" name=\"_wpcf7_container_post\" value=\"0\" \/>\n<input type=\"hidden\" name=\"_wpcf7_posted_data_hash\" value=\"\" \/>\n<input type=\"hidden\" name=\"_wpcf7_recaptcha_response\" value=\"\" \/>\n<\/div>\n<span class=\"wpcf7-form-control-wrap url\" data-name=\"url\"><input type=\"hidden\" name=\"url\" size=\"40\" class=\"wpcf7-form-control wpcf7-hidden wpcf7dtx wpcf7dtx-hidden\" aria-invalid=\"false\" value=\"floty-firmowe\" autocomplete=\"off\" \/><\/span>\n<p class=\"text-center\">Wype\u0142nij poni\u017csze pola, aby otrzyma\u0107 wi\u0119cej informacji. Nasz operator skontaktuje si\u0119 z\u00a0tob\u0105 najszybciej, jak to mo\u017cliwe (* pola obowi\u0105zkowe):\n<\/p>\n<hr class=\"noColor\" \/>\n<div class=\"col-xs-12 col-md-6\">\n\t<p><span class='titoli'>Imi\u0119 (*)<\/span>\n\t<\/p>\n\t<p><span class=\"wpcf7-form-control-wrap\" data-name=\"your-name\"><input size=\"40\" class=\"wpcf7-form-control wpcf7-text wpcf7-validates-as-required form-control\" aria-required=\"true\" aria-invalid=\"false\" value=\"\" type=\"text\" name=\"your-name\" \/><\/span>\n\t<\/p>\n<\/div>\n<div class=\"col-xs-12 col-md-6\">\n\t<p><span class='titoli'>Nazwisko (*)<\/span>\n\t<\/p>\n\t<p><span class=\"wpcf7-form-control-wrap\" data-name=\"your-last-name\"><input size=\"40\" class=\"wpcf7-form-control wpcf7-text wpcf7-validates-as-required form-control\" aria-required=\"true\" aria-invalid=\"false\" value=\"\" type=\"text\" name=\"your-last-name\" \/><\/span>\n\t<\/p>\n<\/div>\n<div class=\"col-xs-12 col-md-6\">\n\t<p><span class='titoli'>Firma (*)<\/span>\n\t<\/p>\n\t<p><span class=\"wpcf7-form-control-wrap\" data-name=\"your-company\"><input size=\"40\" class=\"wpcf7-form-control wpcf7-text wpcf7-validates-as-required form-control\" aria-required=\"true\" aria-invalid=\"false\" value=\"\" type=\"text\" name=\"your-company\" \/><\/span>\n\t<\/p>\n<\/div>\n<div class=\"col-xs-12 col-md-6\">\n\t<p><span class='titoli'>Numer NIP<\/span>\n\t<\/p>\n\t<p><span class=\"wpcf7-form-control-wrap\" data-name=\"p-iva\"><input size=\"40\" class=\"wpcf7-form-control wpcf7-text form-control\" aria-invalid=\"false\" value=\"\" type=\"text\" name=\"p-iva\" \/><\/span>\n\t<\/p>\n<\/div>\n<div class=\"clearboth\">\n<\/div>\n<div class=\"col-xs-12 col-md-4\">\n\t<p><span class='titoli'>Kod pocztowy (*)<\/span>\n\t<\/p>\n\t<p><span class=\"wpcf7-form-control-wrap\" data-name=\"your-zip-code\"><input size=\"40\" class=\"wpcf7-form-control wpcf7-text wpcf7-validates-as-required form-control\" aria-required=\"true\" aria-invalid=\"false\" value=\"\" type=\"text\" name=\"your-zip-code\" \/><\/span>\n\t<\/p>\n<\/div>\n<div class=\"col-xs-12 col-md-4\">\n\t<p><span class='titoli'>Adres (*)<\/span>\n\t<\/p>\n\t<p><span class=\"wpcf7-form-control-wrap\" data-name=\"your-address\"><input size=\"40\" class=\"wpcf7-form-control wpcf7-text wpcf7-validates-as-required form-control\" aria-required=\"true\" aria-invalid=\"false\" value=\"\" type=\"text\" name=\"your-address\" \/><\/span>\n\t<\/p>\n<\/div>\n<div class=\"col-xs-12 col-md-4\">\n\t<p><span class='titoli'>Miasto (*)<\/span>\n\t<\/p>\n\t<p><span class=\"wpcf7-form-control-wrap\" data-name=\"your-Town\"><input size=\"40\" class=\"wpcf7-form-control wpcf7-text wpcf7-validates-as-required form-control\" aria-required=\"true\" aria-invalid=\"false\" value=\"\" type=\"text\" name=\"your-Town\" \/><\/span>\n\t<\/p>\n<\/div>\n<div class=\"clearboth\">\n<\/div>\n<div class=\"col-xs-12 col-md-6\">\n\t<p><span class='titoli'>Email (*)<\/span>\n\t<\/p>\n\t<p><span class=\"wpcf7-form-control-wrap\" data-name=\"your-email\"><input size=\"40\" class=\"wpcf7-form-control wpcf7-text wpcf7-email wpcf7-validates-as-required wpcf7-validates-as-email form-control\" aria-required=\"true\" aria-invalid=\"false\" value=\"\" type=\"email\" name=\"your-email\" \/><\/span>\n\t<\/p>\n<\/div>\n<div class=\"col-xs-12 col-md-6\">\n\t<p><span class='titoli'>Telefon (*)<\/span>\n\t<\/p>\n\t<p><span class=\"wpcf7-form-control-wrap\" data-name=\"telefono\"><input size=\"40\" class=\"wpcf7-form-control wpcf7-text wpcf7-tel wpcf7-validates-as-required wpcf7-validates-as-tel form-control\" aria-required=\"true\" aria-invalid=\"false\" value=\"\" type=\"tel\" name=\"telefono\" \/><\/span>\n\t<\/p>\n<\/div>\n<div class=\"clearboth\">\n<\/div>\n<div class=\"col-xs-12 col-md-12\">\n\t<p><br \/>\n<span class=\"titoli\"> <span class=\"wpcf7-form-control-wrap\" data-name=\"cliente\"><span class=\"wpcf7-form-control wpcf7-checkbox\"><span class=\"wpcf7-list-item first last\"><label><span class=\"wpcf7-list-item-label\">Jestem ju\u017c klientem<\/span><input type=\"checkbox\" name=\"cliente[]\" value=\"Jestem ju\u017c klientem\" \/><\/label><\/span><\/span><\/span><\/span>\n\t<\/p>\n<\/div>\n<div class=\"col-xs-12 col-md-12\">\n\t<p><span class='titoli'>Wiadomo\u015b\u0107 (*)<\/span>\n\t<\/p>\n\t<p><span class=\"wpcf7-form-control-wrap\" data-name=\"your-message\"><textarea cols=\"40\" rows=\"10\" class=\"wpcf7-form-control wpcf7-textarea wpcf7-validates-as-required form-control\" aria-required=\"true\" aria-invalid=\"false\" name=\"your-message\"><\/textarea><\/span>\n\t<\/p>\n<\/div>\n<div class=\"col-xs-12 col-md-12\">\n\t<p><small>Wprowadzone dane b\u0119d\u0105 traktowane z zachowaniem \u015bcis\u0142ej poufno\u015bci zgodnie z prawem i nasz\u0105 polityk\u0105 prywatno\u015bci. <a href=\"https:\/\/www.storevan.com\/pl\/privacy-policy\/\">Polityk\u0105 prywatno\u015bci<\/a><\/small>\n\t<\/p>\n\t<p><span class=\"wpcf7-form-control-wrap\" data-name=\"AccettazionePrivacy\"><span class=\"wpcf7-form-control wpcf7-acceptance\"><span class=\"wpcf7-list-item\"><input type=\"checkbox\" name=\"AccettazionePrivacy\" value=\"1\" aria-invalid=\"false\" \/><\/span><\/span><\/span> O\u015bwiadczam, \u017ce zapozna\u0142am si\u0119 z <a href=\"https:\/\/www.storevan.com\/pl\/privacy-policy\/\">polityk\u0105 prywatno\u015bci<\/a> i zgadzam si\u0119 na wykorzystanie moich danych osobowych w opisanych tam przypadkach.(*)(*)<br \/>\n\t<span class=\"wpcf7-form-control-wrap recaptcha\" data-name=\"recaptcha\"><span data-sitekey=\"6LdfM4AUAAAAAJjsAucux5WVNA3hsk5KP0a03T_n\" class=\"wpcf7-form-control g-recaptcha wpcf7-recaptcha\"><\/span>\r\n<noscript>\r\n\t<div class=\"grecaptcha-noscript\">\r\n\t\t<iframe src=\"https:\/\/www.google.com\/recaptcha\/api\/fallback?k=6LdfM4AUAAAAAJjsAucux5WVNA3hsk5KP0a03T_n\" frameborder=\"0\" scrolling=\"no\" width=\"310\" height=\"430\">\r\n\t\t<\/iframe>\r\n\t\t<textarea name=\"g-recaptcha-response\" rows=\"3\" cols=\"40\" placeholder=\"reCaptcha Response Here\">\r\n\t\t<\/textarea>\r\n\t<\/div>\r\n<\/noscript>\r\n<\/span>\n\t<\/p>\n<\/div>\n<hr class=\"noColor\" \/>\n<p><input class=\"wpcf7-form-control has-spinner wpcf7-submit\" type=\"submit\" value=\"Wy\u015blij\" \/>\n<\/p><div class=\"wpcf7-response-output\" aria-hidden=\"true\"><\/div>\n<\/form>\n<\/div>\n\n","protected":false},"excerpt":{"rendered":"<p>Floty firmowe Firmowe floty samochodowe i parki pojazd\u00f3w Rozwi\u0105zania na wymiar dla ma\u0142ych i du\u017cych flot Profesjonalna zabudowa firmowych samochod\u00f3w dostawczych Chcesz zabudowa\u0107 flot\u0119 firmow\u0105? Firma Store Van realizuje zabudow\u0119.<\/p>\n","protected":false},"author":470,"featured_media":103889,"parent":0,"menu_order":0,"comment_status":"closed","ping_status":"closed","template":"","meta":[],"acf":[],"yoast_head":"<!-- This site is optimized with the Yoast SEO plugin v20.11 - https:\/\/yoast.com\/wordpress\/plugins\/seo\/ -->\n<title>Floty firmowe<\/title>\n<meta name=\"description\" content=\"Firma Store Van realizuje zabudow\u0119 dla firmowych flot samochodowych ma\u0142ych, \u015brednich i du\u017cych rozmiar\u00f3w.\" \/>\n<meta name=\"robots\" content=\"index, follow, max-snippet:-1, max-image-preview:large, max-video-preview:-1\" \/>\n<link rel=\"canonical\" href=\"https:\/\/www.storevan.com\/pl\/floty-firmowe\/\" \/>\n<meta property=\"og:locale\" content=\"pl_PL\" \/>\n<meta property=\"og:type\" content=\"article\" \/>\n<meta property=\"og:title\" content=\"Floty firmowe\" \/>\n<meta property=\"og:description\" content=\"Firma Store Van realizuje zabudow\u0119 dla firmowych flot samochodowych ma\u0142ych, \u015brednich i du\u017cych rozmiar\u00f3w.\" \/>\n<meta property=\"og:url\" content=\"https:\/\/www.storevan.com\/pl\/floty-firmowe\/\" \/>\n<meta property=\"og:site_name\" content=\"Store Van\" \/>\n<meta property=\"article:modified_time\" content=\"2019-04-12T08:58:15+00:00\" \/>\n<meta property=\"og:image\" content=\"https:\/\/www.storevan.com\/wp-content\/uploads\/2019\/06\/flotte.jpg\" \/>\n\t<meta property=\"og:image:width\" content=\"1140\" \/>\n\t<meta property=\"og:image:height\" content=\"410\" \/>\n\t<meta property=\"og:image:type\" content=\"image\/jpeg\" \/>\n<meta name=\"twitter:label1\" content=\"Szacowany czas czytania\" \/>\n\t<meta name=\"twitter:data1\" content=\"1 minuta\" \/>\n<script type=\"application\/ld+json\" class=\"yoast-schema-graph\">{\"@context\":\"https:\/\/schema.org\",\"@graph\":[{\"@type\":\"WebPage\",\"@id\":\"https:\/\/www.storevan.com\/pl\/floty-firmowe\/\",\"url\":\"https:\/\/www.storevan.com\/pl\/floty-firmowe\/\",\"name\":\"Floty firmowe\",\"isPartOf\":{\"@id\":\"https:\/\/www.storevan.com\/pl\/#website\"},\"datePublished\":\"2019-04-11T11:58:28+00:00\",\"dateModified\":\"2019-04-12T08:58:15+00:00\",\"description\":\"Firma Store Van realizuje zabudow\u0119 dla firmowych flot samochodowych ma\u0142ych, \u015brednich i du\u017cych rozmiar\u00f3w.\",\"breadcrumb\":{\"@id\":\"https:\/\/www.storevan.com\/pl\/floty-firmowe\/#breadcrumb\"},\"inLanguage\":\"pl-PL\",\"potentialAction\":[{\"@type\":\"ReadAction\",\"target\":[\"https:\/\/www.storevan.com\/pl\/floty-firmowe\/\"]}]},{\"@type\":\"BreadcrumbList\",\"@id\":\"https:\/\/www.storevan.com\/pl\/floty-firmowe\/#breadcrumb\",\"itemListElement\":[{\"@type\":\"ListItem\",\"position\":1,\"name\":\"Home\",\"item\":\"https:\/\/www.storevan.com\/pl\/\"},{\"@type\":\"ListItem\",\"position\":2,\"name\":\"Floty firmowe\"}]},{\"@type\":\"WebSite\",\"@id\":\"https:\/\/www.storevan.com\/pl\/#website\",\"url\":\"https:\/\/www.storevan.com\/pl\/\",\"name\":\"Store Van\",\"description\":\"Zabudowy\",\"potentialAction\":[{\"@type\":\"SearchAction\",\"target\":{\"@type\":\"EntryPoint\",\"urlTemplate\":\"https:\/\/www.storevan.com\/pl\/?s={search_term_string}\"},\"query-input\":\"required name=search_term_string\"}],\"inLanguage\":\"pl-PL\"}]}<\/script>\n<!-- \/ Yoast SEO plugin. -->","yoast_head_json":{"title":"Floty firmowe","description":"Firma Store Van realizuje zabudow\u0119 dla firmowych flot samochodowych ma\u0142ych, \u015brednich i du\u017cych rozmiar\u00f3w.","robots":{"index":"index","follow":"follow","max-snippet":"max-snippet:-1","max-image-preview":"max-image-preview:large","max-video-preview":"max-video-preview:-1"},"canonical":"https:\/\/www.storevan.com\/pl\/floty-firmowe\/","og_locale":"pl_PL","og_type":"article","og_title":"Floty firmowe","og_description":"Firma Store Van realizuje zabudow\u0119 dla firmowych flot samochodowych ma\u0142ych, \u015brednich i du\u017cych rozmiar\u00f3w.","og_url":"https:\/\/www.storevan.com\/pl\/floty-firmowe\/","og_site_name":"Store Van","article_modified_time":"2019-04-12T08:58:15+00:00","og_image":[{"width":1140,"height":410,"url":"https:\/\/www.storevan.com\/wp-content\/uploads\/2019\/06\/flotte.jpg","type":"image\/jpeg"}],"twitter_misc":{"Szacowany czas czytania":"1 minuta"},"schema":{"@context":"https:\/\/schema.org","@graph":[{"@type":"WebPage","@id":"https:\/\/www.storevan.com\/pl\/floty-firmowe\/","url":"https:\/\/www.storevan.com\/pl\/floty-firmowe\/","name":"Floty firmowe","isPartOf":{"@id":"https:\/\/www.storevan.com\/pl\/#website"},"datePublished":"2019-04-11T11:58:28+00:00","dateModified":"2019-04-12T08:58:15+00:00","description":"Firma Store Van realizuje zabudow\u0119 dla firmowych flot samochodowych ma\u0142ych, \u015brednich i du\u017cych rozmiar\u00f3w.","breadcrumb":{"@id":"https:\/\/www.storevan.com\/pl\/floty-firmowe\/#breadcrumb"},"inLanguage":"pl-PL","potentialAction":[{"@type":"ReadAction","target":["https:\/\/www.storevan.com\/pl\/floty-firmowe\/"]}]},{"@type":"BreadcrumbList","@id":"https:\/\/www.storevan.com\/pl\/floty-firmowe\/#breadcrumb","itemListElement":[{"@type":"ListItem","position":1,"name":"Home","item":"https:\/\/www.storevan.com\/pl\/"},{"@type":"ListItem","position":2,"name":"Floty firmowe"}]},{"@type":"WebSite","@id":"https:\/\/www.storevan.com\/pl\/#website","url":"https:\/\/www.storevan.com\/pl\/","name":"Store Van","description":"Zabudowy","potentialAction":[{"@type":"SearchAction","target":{"@type":"EntryPoint","urlTemplate":"https:\/\/www.storevan.com\/pl\/?s={search_term_string}"},"query-input":"required name=search_term_string"}],"inLanguage":"pl-PL"}]}},"_links":{"self":[{"href":"https:\/\/www.storevan.com\/pl\/wp-json\/wp\/v2\/pages\/100471"}],"collection":[{"href":"https:\/\/www.storevan.com\/pl\/wp-json\/wp\/v2\/pages"}],"about":[{"href":"https:\/\/www.storevan.com\/pl\/wp-json\/wp\/v2\/types\/page"}],"author":[{"embeddable":true,"href":"https:\/\/www.storevan.com\/pl\/wp-json\/wp\/v2\/users\/470"}],"replies":[{"embeddable":true,"href":"https:\/\/www.storevan.com\/pl\/wp-json\/wp\/v2\/comments?post=100471"}],"version-history":[{"count":2,"href":"https:\/\/www.storevan.com\/pl\/wp-json\/wp\/v2\/pages\/100471\/revisions"}],"predecessor-version":[{"id":100486,"href":"https:\/\/www.storevan.com\/pl\/wp-json\/wp\/v2\/pages\/100471\/revisions\/100486"}],"wp:featuredmedia":[{"embeddable":true,"href":"https:\/\/www.storevan.com\/pl\/wp-json\/wp\/v2\/media\/103889"}],"wp:attachment":[{"href":"https:\/\/www.storevan.com\/pl\/wp-json\/wp\/v2\/media?parent=100471"}],"curies":[{"name":"wp","href":"https:\/\/api.w.org\/{rel}","templated":true}]}}