{"id":73996,"date":"2018-06-01T09:20:17","date_gmt":"2018-06-01T09:20:17","guid":{"rendered":"https:\/\/www.storevan.com\/?page_id=73996"},"modified":"2018-10-01T12:53:13","modified_gmt":"2018-10-01T12:53:13","slug":"man","status":"publish","type":"page","link":"https:\/\/www.storevan.com\/fr\/amenagement-vehicules-utilitaires\/man\/","title":{"rendered":"Man"},"content":{"rendered":"<h1 class=\"customblackTitleSmall\">Am\u00e9nagement de fourgons MAN<\/h1>\n<h2>Les solutions d\u2019am\u00e9nagement pour fourgons MAN propos\u00e9es par Store Van permettent de cr\u00e9er dans des d\u00e9lais courts et \u00e0 un co\u00fbt r\u00e9duit de v\u00e9ritables ateliers mobiles professionnels \u00e0 bord du v\u00e9hicule.<\/h2>\n<p><img decoding=\"async\" loading=\"lazy\" class=\"alignright wp-image-74411 size-full\" title=\"Am\u00e9nagement MAN\" src=\"https:\/\/www.storevan.com\/wp-content\/uploads\/2018\/06\/HOME14-Allestimenti-MAN.png\" alt=\"Am\u00e9nagement MAN\" width=\"116\" height=\"105\" \/><\/p>\n<p>Ceux qui ach\u00e8tent un fourgon MAN choisissent l\u2019exp\u00e9rience d\u2019une entreprise qui, depuis des ann\u00e9es, produit des v\u00e9hicules industriels\u00a0: s\u00e9curit\u00e9 et fonctionnalit\u00e9 pour des partenaires de travail r\u00e9ellement fiables.<\/p>\n<p>Store Van produit et r\u00e9alise des am\u00e9nagements pour MAN avec des planchers en bois marin sur mesure, des habillages en polypropyl\u00e8ne pour les parois lat\u00e9rales et des rayonnages modulaires \u00e0 compl\u00e9ter avec de nombreux produits qui ajoutent du potentiel au fourgon professionnel, tels que les \u00e9tablis avec \u00e9taux, les rampes de chargement, les galeries porte-tout et porte-\u00e9chelles et plus encore.<\/p>\n<p>Un am\u00e9nagement MAN r\u00e9alis\u00e9 par Store Van non seulement optimisera la place existante tout en prot\u00e9geant l\u2019espace de chargement mais vous garantira aussi une s\u00e9curit\u00e9 vraiment unique, avec des <a href=\"https:\/\/www.storevan.com\/fr\/produits\/planchers-habillages-fourgons\/\">planchers dot\u00e9s d\u2019un certificat de friction T\u00dcV<\/a>, des points d\u2019ancrage et des rails Airline pour un arrimage parfait des charges.<\/p>\n<h3 class=\"customblackTitleExtraSmall\">S\u00c9LECTIONNEZ LE MOD\u00c8LE DE VOTRE FOURGON:<\/h3>\n<div class=\"one_third\"> <\/div>\n<div class=\"one_third last\">\n<p class=\"text-center\"><strong>TGE<\/strong><\/p>\n<hr class=\"hidden-xs hidden-sm\"\/>\n<p><a title=\"Am\u00e9nagement TGE\" href=\"https:\/\/www.storevan.com\/fr\/amenagement-vehicules-utilitaires\/man\/tge\/\" class=\"txtOrange\" ><img decoding=\"async\" loading=\"lazy\" class=\"aligncenter size-full wp-image-72186\" src=\"https:\/\/www.storevan.com\/wp-content\/uploads\/2018\/05\/allestimento-per-MAN-TGE-350.jpg\" alt=\"Am\u00e9nagement de fourgons MAN\" width=\"350\" height=\"220\" srcset=\"https:\/\/www.storevan.com\/wp-content\/uploads\/2018\/05\/allestimento-per-MAN-TGE-350.jpg 350w, https:\/\/www.storevan.com\/wp-content\/uploads\/2018\/05\/allestimento-per-MAN-TGE-350-300x189.jpg 300w\" sizes=\"(max-width: 350px) 100vw, 350px\" \/><br \/>\nAm\u00e9nagement pour MAN TGE<i class=\"fa fa-angle-double-right\"><\/i><\/a><br \/>\n<a href=\"https:\/\/www.storevan.com\/fr\/amenagement-vehicules-utilitaires\/man\/tge\/planchers-habillages\/\" class=\"txtOrange\" title=\"Plancher et rev\u00eatements int\u00e9rieurs MAN TGE\">Plancher et rev\u00eatements int\u00e9rieurs  <i class=\"fa fa-angle-double-right\"><\/i><\/a><br \/>\n<a href=\"https:\/\/www.storevan.com\/fr\/amenagement-vehicules-utilitaires\/man\/tge\/porte-tout-porte-echelles\/\" class=\"txtOrange\" title=\"Porte-\u00e9chelles et porte-tubes pour MAN TGE\">Porte-\u00e9chelles et porte-tubes <i class=\"fa fa-angle-double-right\"><\/i><\/a> <\/p>\n<hr noshade=\"noshade\" size=\"1\" class=\"visible-xs\" \/>\n<\/div><div class=\"clearboth\"><\/div>\n<h3 class=\"customblackTitleExtraSmall\">Am\u00e9nagement en atelier mobile: la solution parfaite pour votre fourgon MAN<\/h3>\n<p>Ceux qui choisissent un MAN sont forc\u00e9ment \u00e0 la recherche de la perfection: rev\u00eatements int\u00e9rieurs impeccables, s\u00e9curit\u00e9 au premier plan, rayonnages modulables en de multiples solutions et modules int\u00e9grables pour des performances in\u00e9gal\u00e9es.<\/p>\n<p>Gr\u00e2ce \u00e0 la comp\u00e9tence, \u00e0 l\u2019exp\u00e9rience et au professionnalisme de l\u2019\u00e9quipe de travail Store Van, les am\u00e9nagements sont sp\u00e9cifiquement con\u00e7us pour chaque v\u00e9hicule, et les solutions propos\u00e9es sont personnalis\u00e9es en fonction des diff\u00e9rents secteurs et usages pr\u00e9vus.<\/p>\n<p>Avec les rayonnages pour fourgons de Store Van, sp\u00e9cifiquement \u00e9tudi\u00e9s pour les fourgons MAN, optimiser les espaces et ordonner la marchandise ne sera plus un probl\u00e8me: gr\u00e2ce aux diviseurs, aux tiroirs \u00e0 extension totale, aux compartiments dot\u00e9s de porte, aux tablettes et aux plateaux porte-mallettes pour petites pi\u00e8ces, entre autres, chaque chose sera \u00e0 sa place.<\/p>\n<p>Un am\u00e9nagement pour fourgon MAN vous facilite le travail et vous simplifie la vie!<\/p>\n","protected":false},"excerpt":{"rendered":"<p>Am\u00e9nagement de fourgons MAN Les solutions d\u2019am\u00e9nagement pour fourgons MAN propos\u00e9es par Store Van permettent de cr\u00e9er dans des d\u00e9lais courts et \u00e0 un co\u00fbt r\u00e9duit de v\u00e9ritables ateliers mobiles.<\/p>\n","protected":false},"author":470,"featured_media":0,"parent":26069,"menu_order":0,"comment_status":"closed","ping_status":"closed","template":"","meta":[],"acf":[],"yoast_head":"<!-- This site is optimized with the Yoast SEO plugin v20.11 - https:\/\/yoast.com\/wordpress\/plugins\/seo\/ -->\n<title>Solutions d\u2019am\u00e9nagement pour fourgons MAN, planchers,rayonnages<\/title>\n<meta name=\"description\" content=\"Solutions d\u2019am\u00e9nagement pour fourgons MAN avec planchers, rev\u00eatements int\u00e9rieurs, rayonnages et galerie porte-tout pour un arrimage parfait des charges.\" \/>\n<meta name=\"robots\" content=\"index, follow, max-snippet:-1, max-image-preview:large, max-video-preview:-1\" \/>\n<link rel=\"canonical\" href=\"https:\/\/www.storevan.com\/fr\/amenagement-vehicules-utilitaires\/man\/\" \/>\n<meta property=\"og:locale\" content=\"fr_FR\" \/>\n<meta property=\"og:type\" content=\"article\" \/>\n<meta property=\"og:title\" content=\"Solutions d\u2019am\u00e9nagement pour fourgons MAN, planchers,rayonnages\" \/>\n<meta property=\"og:description\" content=\"Solutions d\u2019am\u00e9nagement pour fourgons MAN avec planchers, rev\u00eatements int\u00e9rieurs, rayonnages et galerie porte-tout pour un arrimage parfait des charges.\" \/>\n<meta property=\"og:url\" content=\"https:\/\/www.storevan.com\/fr\/amenagement-vehicules-utilitaires\/man\/\" \/>\n<meta property=\"og:site_name\" content=\"Store Van\" \/>\n<meta property=\"article:modified_time\" content=\"2018-10-01T12:53:13+00:00\" \/>\n<meta property=\"og:image\" content=\"https:\/\/www.storevan.com\/wp-content\/uploads\/2018\/06\/HOME14-Allestimenti-MAN.png\" \/>\n<meta name=\"twitter:label1\" content=\"Dur\u00e9e de lecture estim\u00e9e\" \/>\n\t<meta name=\"twitter:data1\" content=\"2 minutes\" \/>\n<script type=\"application\/ld+json\" class=\"yoast-schema-graph\">{\"@context\":\"https:\/\/schema.org\",\"@graph\":[{\"@type\":\"WebPage\",\"@id\":\"https:\/\/www.storevan.com\/fr\/amenagement-vehicules-utilitaires\/man\/\",\"url\":\"https:\/\/www.storevan.com\/fr\/amenagement-vehicules-utilitaires\/man\/\",\"name\":\"Solutions d\u2019am\u00e9nagement pour fourgons MAN, planchers,rayonnages\",\"isPartOf\":{\"@id\":\"https:\/\/www.storevan.com\/pl\/#website\"},\"datePublished\":\"2018-06-01T09:20:17+00:00\",\"dateModified\":\"2018-10-01T12:53:13+00:00\",\"description\":\"Solutions d\u2019am\u00e9nagement pour fourgons MAN avec planchers, rev\u00eatements int\u00e9rieurs, rayonnages et galerie porte-tout pour un arrimage parfait des charges.\",\"breadcrumb\":{\"@id\":\"https:\/\/www.storevan.com\/fr\/amenagement-vehicules-utilitaires\/man\/#breadcrumb\"},\"inLanguage\":\"fr-FR\",\"potentialAction\":[{\"@type\":\"ReadAction\",\"target\":[\"https:\/\/www.storevan.com\/fr\/amenagement-vehicules-utilitaires\/man\/\"]}]},{\"@type\":\"BreadcrumbList\",\"@id\":\"https:\/\/www.storevan.com\/fr\/amenagement-vehicules-utilitaires\/man\/#breadcrumb\",\"itemListElement\":[{\"@type\":\"ListItem\",\"position\":1,\"name\":\"Home\",\"item\":\"https:\/\/www.storevan.com\/fr\/\"},{\"@type\":\"ListItem\",\"position\":2,\"name\":\"Am\u00e9nagement de v\u00e9hicule utilitaire\",\"item\":\"https:\/\/www.storevan.com\/fr\/amenagement-vehicules-utilitaires\/\"},{\"@type\":\"ListItem\",\"position\":3,\"name\":\"Man\"}]},{\"@type\":\"WebSite\",\"@id\":\"https:\/\/www.storevan.com\/pl\/#website\",\"url\":\"https:\/\/www.storevan.com\/pl\/\",\"name\":\"Store Van\",\"description\":\"Am\u00e9nagements fourgons\",\"potentialAction\":[{\"@type\":\"SearchAction\",\"target\":{\"@type\":\"EntryPoint\",\"urlTemplate\":\"https:\/\/www.storevan.com\/pl\/?s={search_term_string}\"},\"query-input\":\"required name=search_term_string\"}],\"inLanguage\":\"fr-FR\"}]}<\/script>\n<!-- \/ Yoast SEO plugin. -->","yoast_head_json":{"title":"Solutions d\u2019am\u00e9nagement pour fourgons MAN, planchers,rayonnages","description":"Solutions d\u2019am\u00e9nagement pour fourgons MAN avec planchers, rev\u00eatements int\u00e9rieurs, rayonnages et galerie porte-tout pour un arrimage parfait des charges.","robots":{"index":"index","follow":"follow","max-snippet":"max-snippet:-1","max-image-preview":"max-image-preview:large","max-video-preview":"max-video-preview:-1"},"canonical":"https:\/\/www.storevan.com\/fr\/amenagement-vehicules-utilitaires\/man\/","og_locale":"fr_FR","og_type":"article","og_title":"Solutions d\u2019am\u00e9nagement pour fourgons MAN, planchers,rayonnages","og_description":"Solutions d\u2019am\u00e9nagement pour fourgons MAN avec planchers, rev\u00eatements int\u00e9rieurs, rayonnages et galerie porte-tout pour un arrimage parfait des charges.","og_url":"https:\/\/www.storevan.com\/fr\/amenagement-vehicules-utilitaires\/man\/","og_site_name":"Store Van","article_modified_time":"2018-10-01T12:53:13+00:00","og_image":[{"url":"https:\/\/www.storevan.com\/wp-content\/uploads\/2018\/06\/HOME14-Allestimenti-MAN.png"}],"twitter_misc":{"Dur\u00e9e de lecture estim\u00e9e":"2 minutes"},"schema":{"@context":"https:\/\/schema.org","@graph":[{"@type":"WebPage","@id":"https:\/\/www.storevan.com\/fr\/amenagement-vehicules-utilitaires\/man\/","url":"https:\/\/www.storevan.com\/fr\/amenagement-vehicules-utilitaires\/man\/","name":"Solutions d\u2019am\u00e9nagement pour fourgons MAN, planchers,rayonnages","isPartOf":{"@id":"https:\/\/www.storevan.com\/pl\/#website"},"datePublished":"2018-06-01T09:20:17+00:00","dateModified":"2018-10-01T12:53:13+00:00","description":"Solutions d\u2019am\u00e9nagement pour fourgons MAN avec planchers, rev\u00eatements int\u00e9rieurs, rayonnages et galerie porte-tout pour un arrimage parfait des charges.","breadcrumb":{"@id":"https:\/\/www.storevan.com\/fr\/amenagement-vehicules-utilitaires\/man\/#breadcrumb"},"inLanguage":"fr-FR","potentialAction":[{"@type":"ReadAction","target":["https:\/\/www.storevan.com\/fr\/amenagement-vehicules-utilitaires\/man\/"]}]},{"@type":"BreadcrumbList","@id":"https:\/\/www.storevan.com\/fr\/amenagement-vehicules-utilitaires\/man\/#breadcrumb","itemListElement":[{"@type":"ListItem","position":1,"name":"Home","item":"https:\/\/www.storevan.com\/fr\/"},{"@type":"ListItem","position":2,"name":"Am\u00e9nagement de v\u00e9hicule utilitaire","item":"https:\/\/www.storevan.com\/fr\/amenagement-vehicules-utilitaires\/"},{"@type":"ListItem","position":3,"name":"Man"}]},{"@type":"WebSite","@id":"https:\/\/www.storevan.com\/pl\/#website","url":"https:\/\/www.storevan.com\/pl\/","name":"Store Van","description":"Am\u00e9nagements fourgons","potentialAction":[{"@type":"SearchAction","target":{"@type":"EntryPoint","urlTemplate":"https:\/\/www.storevan.com\/pl\/?s={search_term_string}"},"query-input":"required name=search_term_string"}],"inLanguage":"fr-FR"}]}},"_links":{"self":[{"href":"https:\/\/www.storevan.com\/fr\/wp-json\/wp\/v2\/pages\/73996"}],"collection":[{"href":"https:\/\/www.storevan.com\/fr\/wp-json\/wp\/v2\/pages"}],"about":[{"href":"https:\/\/www.storevan.com\/fr\/wp-json\/wp\/v2\/types\/page"}],"author":[{"embeddable":true,"href":"https:\/\/www.storevan.com\/fr\/wp-json\/wp\/v2\/users\/470"}],"replies":[{"embeddable":true,"href":"https:\/\/www.storevan.com\/fr\/wp-json\/wp\/v2\/comments?post=73996"}],"version-history":[{"count":5,"href":"https:\/\/www.storevan.com\/fr\/wp-json\/wp\/v2\/pages\/73996\/revisions"}],"predecessor-version":[{"id":91455,"href":"https:\/\/www.storevan.com\/fr\/wp-json\/wp\/v2\/pages\/73996\/revisions\/91455"}],"up":[{"embeddable":true,"href":"https:\/\/www.storevan.com\/fr\/wp-json\/wp\/v2\/pages\/26069"}],"wp:attachment":[{"href":"https:\/\/www.storevan.com\/fr\/wp-json\/wp\/v2\/media?parent=73996"}],"curies":[{"name":"wp","href":"https:\/\/api.w.org\/{rel}","templated":true}]}}