{"id":56863,"date":"2017-05-12T07:20:17","date_gmt":"2017-05-12T07:20:17","guid":{"rendered":"https:\/\/www.storevan.com\/porta-barre-filettate-furgoni\/"},"modified":"2017-10-10T14:54:40","modified_gmt":"2017-10-10T14:54:40","slug":"support-barres-filetees-fourgons","status":"publish","type":"page","link":"https:\/\/www.storevan.com\/fr\/support-barres-filetees-fourgons\/","title":{"rendered":"Support pour barres filet\u00e9es pour fourgons"},"content":{"rendered":"<h1 class=\"customblackTitleSmall\">Support pour barres filet\u00e9es pour fourgons<\/h1>\n<p style=\"text-align: justify;\">Store Van lance le nouveau <em>support pour barres filet\u00e9es<\/em>, la nouveaut\u00e9, en mati\u00e8re de syst\u00e8mes de fixation des marchandises transport\u00e9es dans l\u2019espace de chargement du fourgon, qui \u00e9largit la gamme d\u2019accessoires pour l\u2019am\u00e9nagement des v\u00e9hicules utilitaires.<\/p>\n<p style=\"text-align: justify;\">Souvent utilis\u00e9es par un grand nombre de professionnels, les barres filet\u00e9es sont pr\u00e9sentes dans presque tous les ateliers mobiles\u00a0; il est donc apparu indispensable de cr\u00e9er ce <em>support<\/em> <em>en acier pour<\/em> <em>barres filet\u00e9es <\/em>qui permet de les ranger et de toujours les avoir \u00e0 port\u00e9e de main, sans risque de dommages.<\/p>\n<div class=\"ts-gallery\">\n<div class=\"one_half\">\n<p><a href=\"https:\/\/www.storevan.com\/wp-content\/uploads\/2017\/05\/porta-barre-filettate-1.jpg\"><img decoding=\"async\" loading=\"lazy\" class=\"aligncenter wp-image-55738 size-full\" title=\"Porta barre filettate per furgoni con fori Airline\" src=\"https:\/\/www.storevan.com\/wp-content\/uploads\/2017\/05\/porta-barre-filettate-1.jpg\" alt=\"Support pour barres filet\u00e9es pour fourgons\" width=\"800\" height=\"1058\" srcset=\"https:\/\/www.storevan.com\/wp-content\/uploads\/2017\/05\/porta-barre-filettate-1.jpg 800w, https:\/\/www.storevan.com\/wp-content\/uploads\/2017\/05\/porta-barre-filettate-1-227x300.jpg 227w, https:\/\/www.storevan.com\/wp-content\/uploads\/2017\/05\/porta-barre-filettate-1-768x1016.jpg 768w, https:\/\/www.storevan.com\/wp-content\/uploads\/2017\/05\/porta-barre-filettate-1-774x1024.jpg 774w, https:\/\/www.storevan.com\/wp-content\/uploads\/2017\/05\/porta-barre-filettate-1-600x794.jpg 600w\" sizes=\"(max-width: 800px) 100vw, 800px\" \/><\/a><\/p>\n<\/div><div class=\"one_half last\">\n<p><a href=\"https:\/\/www.storevan.com\/wp-content\/uploads\/2017\/05\/porta-barre-filettate-2.jpg\"><img decoding=\"async\" loading=\"lazy\" class=\"aligncenter wp-image-55744 size-full\" src=\"https:\/\/www.storevan.com\/wp-content\/uploads\/2017\/05\/porta-barre-filettate-2.jpg\" alt=\"Support pour barres filet\u00e9es pour fourgons et v\u00e9hicule utilitaire\" width=\"800\" height=\"1058\" srcset=\"https:\/\/www.storevan.com\/wp-content\/uploads\/2017\/05\/porta-barre-filettate-2.jpg 800w, https:\/\/www.storevan.com\/wp-content\/uploads\/2017\/05\/porta-barre-filettate-2-227x300.jpg 227w, https:\/\/www.storevan.com\/wp-content\/uploads\/2017\/05\/porta-barre-filettate-2-768x1016.jpg 768w, https:\/\/www.storevan.com\/wp-content\/uploads\/2017\/05\/porta-barre-filettate-2-774x1024.jpg 774w, https:\/\/www.storevan.com\/wp-content\/uploads\/2017\/05\/porta-barre-filettate-2-600x794.jpg 600w\" sizes=\"(max-width: 800px) 100vw, 800px\" \/><\/a><\/p>\n<\/div><div class=\"clearboth\"><\/div>\n<\/div>\n<p style=\"text-align: justify;\">La structure du <em>support pour barres filet\u00e9es <\/em>est en acier galvanis\u00e9 laqu\u00e9 par <a href=\"https:\/\/www.storevan.com\/fr\/societe\/technologie\/\">cataphor\u00e8se<\/a> avec 10 tubes en plastique, dispos\u00e9s sur deux rang\u00e9es\u00a0et des trous AIRLINE, auxquels il est possible d\u2019ajouter des crochets porte-outils.<\/p>\n<p style=\"text-align: justify;\">Le support pour barres filet\u00e9es se monte facilement sur n\u2019importe quel point du rayonnage, en le fixant aux trous pr\u00e9sents sur les modules, et est fourni de s\u00e9rie avec une courroie \u00e9lastique m\u00e9trique de couleur noire, pratique pour arrimer des objets longs et l\u00e9gers, comme un piquet.<\/p>\n<table border=\"0\" width=\"100%\" cellspacing=\"0\" cellpadding=\"0\">\n<tbody>\n<tr>\n<td>\n<ul style=\"padding: 0px; margin: 0px; list-style: none; text-align: center; border-radius: 2px; background-image: initial; background-attachment: initial; background-size: initial; background-origin: initial; background-clip: initial; background-position: initial; background-repeat: initial;\">\n<li class=\"title-row\" style=\"border-top-left-radius: 4px; border-top-right-radius: 4px; padding: 10px 0px; text-transform: uppercase; font-size: 18px; font-weight: 900; margin: 0px !important; background: rgba(0, 0, 0, 0.0980392);\"><a href=\"https:\/\/www.storevan.com\/fr\/produits\/accessoires\/\" rel=\"prev\">Accessoires pour fourgons<\/a><\/li>\n<\/ul>\n<\/td>\n<\/tr>\n<\/tbody>\n<\/table>\n","protected":false},"excerpt":{"rendered":"<p>Support pour barres filet\u00e9es pour fourgons Store Van lance le nouveau support pour barres filet\u00e9es, la nouveaut\u00e9, en mati\u00e8re de syst\u00e8mes de fixation des marchandises transport\u00e9es dans l\u2019espace de chargement.<\/p>\n","protected":false},"author":470,"featured_media":0,"parent":0,"menu_order":0,"comment_status":"closed","ping_status":"closed","template":"","meta":[],"acf":[],"yoast_head":"<!-- This site is optimized with the Yoast SEO plugin v20.11 - https:\/\/yoast.com\/wordpress\/plugins\/seo\/ -->\n<title>Support pour barres filet\u00e9es pour fourgons<\/title>\n<meta name=\"description\" content=\"Support pour barres filet\u00e9es, la nouveaut\u00e9, en mati\u00e8re de syst\u00e8mes de fixation des marchandises transport\u00e9es dans l\u2019espace de chargement du fourgon.\" \/>\n<meta name=\"robots\" content=\"index, follow, max-snippet:-1, max-image-preview:large, max-video-preview:-1\" \/>\n<link rel=\"canonical\" href=\"https:\/\/www.storevan.com\/fr\/support-barres-filetees-fourgons\/\" \/>\n<meta property=\"og:locale\" content=\"fr_FR\" \/>\n<meta property=\"og:type\" content=\"article\" \/>\n<meta property=\"og:title\" content=\"Support pour barres filet\u00e9es pour fourgons\" \/>\n<meta property=\"og:description\" content=\"Support pour barres filet\u00e9es, la nouveaut\u00e9, en mati\u00e8re de syst\u00e8mes de fixation des marchandises transport\u00e9es dans l\u2019espace de chargement du fourgon.\" \/>\n<meta property=\"og:url\" content=\"https:\/\/www.storevan.com\/fr\/support-barres-filetees-fourgons\/\" \/>\n<meta property=\"og:site_name\" content=\"Store Van\" \/>\n<meta property=\"article:modified_time\" content=\"2017-10-10T14:54:40+00:00\" \/>\n<meta property=\"og:image\" content=\"https:\/\/www.storevan.com\/wp-content\/uploads\/2017\/05\/porta-barre-filettate-1.jpg\" \/>\n<meta name=\"twitter:label1\" content=\"Dur\u00e9e de lecture estim\u00e9e\" \/>\n\t<meta name=\"twitter:data1\" content=\"1 minute\" \/>\n<script type=\"application\/ld+json\" class=\"yoast-schema-graph\">{\"@context\":\"https:\/\/schema.org\",\"@graph\":[{\"@type\":\"WebPage\",\"@id\":\"https:\/\/www.storevan.com\/fr\/support-barres-filetees-fourgons\/\",\"url\":\"https:\/\/www.storevan.com\/fr\/support-barres-filetees-fourgons\/\",\"name\":\"Support pour barres filet\u00e9es pour fourgons\",\"isPartOf\":{\"@id\":\"https:\/\/www.storevan.com\/pl\/#website\"},\"datePublished\":\"2017-05-12T07:20:17+00:00\",\"dateModified\":\"2017-10-10T14:54:40+00:00\",\"description\":\"Support pour barres filet\u00e9es, la nouveaut\u00e9, en mati\u00e8re de syst\u00e8mes de fixation des marchandises transport\u00e9es dans l\u2019espace de chargement du fourgon.\",\"breadcrumb\":{\"@id\":\"https:\/\/www.storevan.com\/fr\/support-barres-filetees-fourgons\/#breadcrumb\"},\"inLanguage\":\"fr-FR\",\"potentialAction\":[{\"@type\":\"ReadAction\",\"target\":[\"https:\/\/www.storevan.com\/fr\/support-barres-filetees-fourgons\/\"]}]},{\"@type\":\"BreadcrumbList\",\"@id\":\"https:\/\/www.storevan.com\/fr\/support-barres-filetees-fourgons\/#breadcrumb\",\"itemListElement\":[{\"@type\":\"ListItem\",\"position\":1,\"name\":\"Home\",\"item\":\"https:\/\/www.storevan.com\/fr\/\"},{\"@type\":\"ListItem\",\"position\":2,\"name\":\"Support pour barres filet\u00e9es pour fourgons\"}]},{\"@type\":\"WebSite\",\"@id\":\"https:\/\/www.storevan.com\/pl\/#website\",\"url\":\"https:\/\/www.storevan.com\/pl\/\",\"name\":\"Store Van\",\"description\":\"Am\u00e9nagements fourgons\",\"potentialAction\":[{\"@type\":\"SearchAction\",\"target\":{\"@type\":\"EntryPoint\",\"urlTemplate\":\"https:\/\/www.storevan.com\/pl\/?s={search_term_string}\"},\"query-input\":\"required name=search_term_string\"}],\"inLanguage\":\"fr-FR\"}]}<\/script>\n<!-- \/ Yoast SEO plugin. -->","yoast_head_json":{"title":"Support pour barres filet\u00e9es pour fourgons","description":"Support pour barres filet\u00e9es, la nouveaut\u00e9, en mati\u00e8re de syst\u00e8mes de fixation des marchandises transport\u00e9es dans l\u2019espace de chargement du fourgon.","robots":{"index":"index","follow":"follow","max-snippet":"max-snippet:-1","max-image-preview":"max-image-preview:large","max-video-preview":"max-video-preview:-1"},"canonical":"https:\/\/www.storevan.com\/fr\/support-barres-filetees-fourgons\/","og_locale":"fr_FR","og_type":"article","og_title":"Support pour barres filet\u00e9es pour fourgons","og_description":"Support pour barres filet\u00e9es, la nouveaut\u00e9, en mati\u00e8re de syst\u00e8mes de fixation des marchandises transport\u00e9es dans l\u2019espace de chargement du fourgon.","og_url":"https:\/\/www.storevan.com\/fr\/support-barres-filetees-fourgons\/","og_site_name":"Store Van","article_modified_time":"2017-10-10T14:54:40+00:00","og_image":[{"url":"https:\/\/www.storevan.com\/wp-content\/uploads\/2017\/05\/porta-barre-filettate-1.jpg"}],"twitter_misc":{"Dur\u00e9e de lecture estim\u00e9e":"1 minute"},"schema":{"@context":"https:\/\/schema.org","@graph":[{"@type":"WebPage","@id":"https:\/\/www.storevan.com\/fr\/support-barres-filetees-fourgons\/","url":"https:\/\/www.storevan.com\/fr\/support-barres-filetees-fourgons\/","name":"Support pour barres filet\u00e9es pour fourgons","isPartOf":{"@id":"https:\/\/www.storevan.com\/pl\/#website"},"datePublished":"2017-05-12T07:20:17+00:00","dateModified":"2017-10-10T14:54:40+00:00","description":"Support pour barres filet\u00e9es, la nouveaut\u00e9, en mati\u00e8re de syst\u00e8mes de fixation des marchandises transport\u00e9es dans l\u2019espace de chargement du fourgon.","breadcrumb":{"@id":"https:\/\/www.storevan.com\/fr\/support-barres-filetees-fourgons\/#breadcrumb"},"inLanguage":"fr-FR","potentialAction":[{"@type":"ReadAction","target":["https:\/\/www.storevan.com\/fr\/support-barres-filetees-fourgons\/"]}]},{"@type":"BreadcrumbList","@id":"https:\/\/www.storevan.com\/fr\/support-barres-filetees-fourgons\/#breadcrumb","itemListElement":[{"@type":"ListItem","position":1,"name":"Home","item":"https:\/\/www.storevan.com\/fr\/"},{"@type":"ListItem","position":2,"name":"Support pour barres filet\u00e9es pour fourgons"}]},{"@type":"WebSite","@id":"https:\/\/www.storevan.com\/pl\/#website","url":"https:\/\/www.storevan.com\/pl\/","name":"Store Van","description":"Am\u00e9nagements fourgons","potentialAction":[{"@type":"SearchAction","target":{"@type":"EntryPoint","urlTemplate":"https:\/\/www.storevan.com\/pl\/?s={search_term_string}"},"query-input":"required name=search_term_string"}],"inLanguage":"fr-FR"}]}},"_links":{"self":[{"href":"https:\/\/www.storevan.com\/fr\/wp-json\/wp\/v2\/pages\/56863"}],"collection":[{"href":"https:\/\/www.storevan.com\/fr\/wp-json\/wp\/v2\/pages"}],"about":[{"href":"https:\/\/www.storevan.com\/fr\/wp-json\/wp\/v2\/types\/page"}],"author":[{"embeddable":true,"href":"https:\/\/www.storevan.com\/fr\/wp-json\/wp\/v2\/users\/470"}],"replies":[{"embeddable":true,"href":"https:\/\/www.storevan.com\/fr\/wp-json\/wp\/v2\/comments?post=56863"}],"version-history":[{"count":0,"href":"https:\/\/www.storevan.com\/fr\/wp-json\/wp\/v2\/pages\/56863\/revisions"}],"wp:attachment":[{"href":"https:\/\/www.storevan.com\/fr\/wp-json\/wp\/v2\/media?parent=56863"}],"curies":[{"name":"wp","href":"https:\/\/api.w.org\/{rel}","templated":true}]}}